{"id":24681,"date":"2025-05-20T18:41:43","date_gmt":"2025-05-20T18:41:43","guid":{"rendered":"https:\/\/electricstore.eu\/p\/uncategorized\/homcom-electric-motorcycle-children-3-years-12v-2-balance-wheels-plus-8-km-h\/"},"modified":"2025-05-20T18:42:46","modified_gmt":"2025-05-20T18:42:46","slug":"homcom-electric-motorcycle-children-3-years-12v-2-balance-wheels-plus-8-km-h","status":"publish","type":"product","link":"https:\/\/electricstore.eu\/fr\/p\/motorbikes\/electric-children-motorbikes\/homcom-electric-motorcycle-children-3-years-12v-2-balance-wheels-plus-8-km-h\/","title":{"rendered":"Moto \u00e9lectrique HOMCOM enfant + 3 ans 12V 2 roues d&#039;\u00e9quilibrage plus 8 km\/h"},"content":{"rendered":"<div class=\"product-specs-list-container\">\n<ul class=\"product-specs-list util-clearfix\">\n<li class=\"product-prop line-limit-length\"><span\n                                        class=\"property-title\">Nom de marque :&nbsp;<\/span><span\n                                        class=\"property-desc line-limit-length\">HOMCOM<\/span>\n                            <\/li>\n<li class=\"product-prop line-limit-length\"><span\n                                        class=\"property-title\">Origine:&nbsp;<\/span><span\n                                        class=\"property-desc line-limit-length\">Chine continentale<\/span>\n                            <\/li>\n<li class=\"product-prop line-limit-length\"><span\n                                        class=\"property-title\">Caract\u00e9ristiques:&nbsp;<\/span><span\n                                        class=\"property-desc line-limit-length\">Roulez<\/span>\n                            <\/li>\n<\/ul><\/div>\n<div class=\"detailmodule_html\">\n<div class=\"detail-desc-decorate-richtext\">\n<p><\/p>\n<div>\n<div>\n<div>Que l&#039;aventure commence ! Cette moto \u00e9lectrique HOMCOM sera le compagnon id\u00e9al de toutes les aventures de vos enfants. Avec une autonomie allant jusqu&#039;\u00e0 45 minutes apr\u00e8s une charge compl\u00e8te, vous pourrez explorer vos endroits pr\u00e9f\u00e9r\u00e9s comme un vrai pilote. Elle est \u00e9quip\u00e9e d&#039;une selle confortable et de deux roues auxiliaires pour plus de stabilit\u00e9 et de s\u00e9curit\u00e9. Son utilisation est similaire \u00e0 celle d&#039;une vraie moto : il suffit d&#039;appuyer sur le bouton situ\u00e9 sur l&#039;une des poign\u00e9es, et de le rel\u00e2cher pour l&#039;arr\u00eater.<\/p>\n<\/div>\n<div>\n<div>\n<div>\n<div><strong>Caract\u00e9ristiques:<\/strong><br \/>\u25cf Moto jouet aux finitions tr\u00e8s r\u00e9alistes pour offrir aux plus petits une exp\u00e9rience de conduite authentique\u00a0;<\/div>\n<div>\u25cf Batterie rechargeable 12 V avec une autonomie d&#039;environ 45 minutes apr\u00e8s une charge compl\u00e8te\u00a0;<\/div>\n<div>\u25cf Syst\u00e8me d&#039;amortissement double pour une conduite s\u00fbre et confortable ;<\/div>\n<div>\u25cf Cette moto \u00e9lectrique comprend deux roues auxiliaires amovibles ;<\/div>\n<div>\u25cf Il s&#039;allume en appuyant sur le bouton situ\u00e9 sur l&#039;une des poign\u00e9es et s&#039;arr\u00eate lorsqu&#039;on le rel\u00e2che ;<\/div>\n<div>\u25cf Le montage est requis ;<\/p>\n<\/div>\n<\/div>\n<\/div>\n<\/div>\n<div>\n<div>\n<div>\n<div><strong>Caract\u00e9ristiques:<\/strong><br \/>\u25cf Mat\u00e9riau : PP et m\u00e9tal ;<\/div>\n<div>\u25cf Dimensions totales : 106,5\u00d751,5\u00d768 cm (LxANxAL) ;<\/div>\n<div>\u25cf Dimensions du si\u00e8ge : 35 x 15 x 49 cm (L x AN x AL) ;<\/div>\n<div>\u25cf Diam\u00e8tre des roues : \u00d8 34 cm ;<\/div>\n<div>\u25cf Plage de vitesse : 3-8 km\/h ;<\/div>\n<div>\u25cf Temps de charge : 8 \u00e0 12 h ;<\/div>\n<div>\u25cf Autonomie (enti\u00e8rement charg\u00e9e) : 45 minutes ;<\/div>\n<div>\u25cf Batterie : 12 V, 4,5 A ;<\/div>\n<div>\u25cf \u00c2ge recommand\u00e9 : \u00e0 partir de 3 ans ;<\/div>\n<div>\u25cf Poids maximal support\u00e9 : 30 kg ;<\/p>\n<\/div>\n<\/div>\n<\/div>\n<\/div>\n<div><img decoding=\"async\" width=\"1000    \" height=\"35\" src=\"https:\/\/ae01.alicdn.com\/kf\/HTB1KhgjkfiSBuNkSnhJq6zDcpXaR.jpg\" slate-data-type=\"image\"\/><\/div>\n<div>\n<div><img decoding=\"async\" width=\"1000\" src=\"https:\/\/ae01.alicdn.com\/kf\/Ha4cf50237c924b5fb3feafe5a8c98fbdf.jpg\" slate-data-type=\"image\"\/><\/div>\n<div><img decoding=\"async\" width=\"1000\" src=\"https:\/\/ae01.alicdn.com\/kf\/H5f32a616bd98452d83e0584f095f9ca8P.jpg\" slate-data-type=\"image\"\/><\/div>\n<div><img decoding=\"async\" width=\"1000\" src=\"https:\/\/ae01.alicdn.com\/kf\/H94a735ea79ad493f936fe95099dea084O.jpg\" slate-data-type=\"image\"\/><\/div>\n<div><img decoding=\"async\" width=\"1000\" src=\"https:\/\/ae01.alicdn.com\/kf\/H80b5463f227146c980a676339489f97f3.jpg\" slate-data-type=\"image\"\/><\/div>\n<div><img decoding=\"async\" width=\"1000\" src=\"https:\/\/ae01.alicdn.com\/kf\/Hc1cfe080fd1648e09c55f47aa1f33731F.jpg\" slate-data-type=\"image\"\/><\/div>\n<div><img decoding=\"async\" width=\"1000\" src=\"https:\/\/ae01.alicdn.com\/kf\/Hd9b5ca2473164f0dbfa582482c90603cb.jpg\" slate-data-type=\"image\"\/><\/div>\n<div><img decoding=\"async\" width=\"1000\" src=\"https:\/\/ae01.alicdn.com\/kf\/Hb3577dba132e4438a59d3bd6c27c70659.jpg\" slate-data-type=\"image\"\/><\/div>\n<div><img decoding=\"async\" width=\"1000\" src=\"https:\/\/ae01.alicdn.com\/kf\/H1032ee7a8aba49fe81dc9315aba7f6fdk.jpg\" slate-data-type=\"image\"\/><\/div>\n<\/div>\n<div><img fetchpriority=\"high\" decoding=\"async\" width=\"1000\" height=\"1881\" src=\"https:\/\/ae01.alicdn.com\/kf\/HTB1i.OtVMHqK1RjSZFkq6x.WFXaT.jpg\" slate-data-type=\"image\"\/><\/div>\n<\/div>\n<\/div>\n<p><\/p>\n<\/div>\n<\/div>","protected":false},"excerpt":{"rendered":"<p>Brand Name:&nbsp;HOMCOM Origin:&nbsp;Mainland China Features:&nbsp;Ride On Let the adventure begin! This HOMCOM children&#8217;s electric motorcycle will be the perfect adventure companion for any child. With a range of up to<\/p>","protected":false},"featured_media":24683,"comment_status":"open","ping_status":"closed","template":"","meta":{"_acf_changed":false},"product_brand":[],"product_cat":[313],"product_tag":[],"class_list":{"0":"post-24681","1":"product","2":"type-product","3":"status-publish","4":"has-post-thumbnail","6":"product_cat-electric-children-motorbikes","8":"first","9":"instock","10":"shipping-taxable","11":"purchasable","12":"product-type-variable"},"acf":[],"_links":{"self":[{"href":"https:\/\/electricstore.eu\/fr\/wp-json\/wp\/v2\/product\/24681","targetHints":{"allow":["GET"]}}],"collection":[{"href":"https:\/\/electricstore.eu\/fr\/wp-json\/wp\/v2\/product"}],"about":[{"href":"https:\/\/electricstore.eu\/fr\/wp-json\/wp\/v2\/types\/product"}],"replies":[{"embeddable":true,"href":"https:\/\/electricstore.eu\/fr\/wp-json\/wp\/v2\/comments?post=24681"}],"wp:featuredmedia":[{"embeddable":true,"href":"https:\/\/electricstore.eu\/fr\/wp-json\/wp\/v2\/media\/24683"}],"wp:attachment":[{"href":"https:\/\/electricstore.eu\/fr\/wp-json\/wp\/v2\/media?parent=24681"}],"wp:term":[{"taxonomy":"product_brand","embeddable":true,"href":"https:\/\/electricstore.eu\/fr\/wp-json\/wp\/v2\/product_brand?post=24681"},{"taxonomy":"product_cat","embeddable":true,"href":"https:\/\/electricstore.eu\/fr\/wp-json\/wp\/v2\/product_cat?post=24681"},{"taxonomy":"product_tag","embeddable":true,"href":"https:\/\/electricstore.eu\/fr\/wp-json\/wp\/v2\/product_tag?post=24681"}],"curies":[{"name":"wp","href":"https:\/\/api.w.org\/{rel}","templated":true}]}}