{"id":24676,"date":"2025-05-20T18:41:38","date_gmt":"2025-05-20T18:41:38","guid":{"rendered":"https:\/\/electricstore.eu\/p\/uncategorized\/homcom-3-6-year-old-kids-electric-car-with-2-motors-and-remote-control-12v-110x68x52-cm-black\/"},"modified":"2025-05-20T18:42:20","modified_gmt":"2025-05-20T18:42:20","slug":"homcom-3-6-year-old-kids-electric-car-with-2-motors-and-remote-control-12v-110x68x52-cm-black","status":"publish","type":"product","link":"https:\/\/electricstore.eu\/fr\/p\/o\/homcom-3-6-year-old-kids-electric-car-with-2-motors-and-remote-control-12v-110x68x52-cm-black\/","title":{"rendered":"Voiture \u00e9lectrique pour enfants HOMCOM 3-6 ans avec 2 moteurs et t\u00e9l\u00e9commande 12V 110x68x52 cm noir"},"content":{"rendered":"<div class=\"product-specs-list-container\">\n<ul class=\"product-specs-list util-clearfix\">\n<li class=\"product-prop line-limit-length\"><span\n                                        class=\"property-title\">Nom de marque :&nbsp;<\/span><span\n                                        class=\"property-desc line-limit-length\">HOMCOM<\/span>\n                            <\/li>\n<li class=\"product-prop line-limit-length\"><span\n                                        class=\"property-title\">Caract\u00e9ristiques:&nbsp;<\/span><span\n                                        class=\"property-desc line-limit-length\">Roulez<\/span>\n                            <\/li>\n<\/ul><\/div>\n<div class=\"detailmodule_html\">\n<div class=\"detail-desc-decorate-richtext\">\n<p><\/p>\n<div style=\"overflow:visible;height:auto\" class=\"lc-1\">\n<div class=\"f-line\">\n<div class=\"fts\">\n<div>\nSi vous cherchez une voiture \u00e9lectrique pour vos enfants, d\u00e9couvrez la voiture HOMCOM. Elle est \u00e9quip\u00e9e d&#039;un port USB, d&#039;un lecteur de carte TF et d&#039;une entr\u00e9e auxiliaire pour connecter un lecteur MP3, de phares avec \u00e9clairage, d&#039;une ceinture de s\u00e9curit\u00e9, d&#039;un syst\u00e8me audio pr\u00e9install\u00e9 et de pneus extra-larges. Les enfants peuvent la conduire gr\u00e2ce au volant int\u00e9gr\u00e9, tandis qu&#039;un adulte peut la piloter avec la t\u00e9l\u00e9commande fournie.\n<\/div><\/div><\/div>\n<\/div>\n<div class=\"lc-1\">\n<div class=\"f-line\">\n<div class=\"fts\">\n<div>\n    <strong>Caract\u00e9ristiques:<\/strong>\n   <\/div>\n<div>\n\u25cf Les deux moteurs offrent une meilleure traction et une meilleure conduite sur l&#039;herbe ou les sols irr\u00e9guliers.<br \/>\n<br \/>\u25cf D\u00e9placement facile gr\u00e2ce \u00e0 la barre de pouss\u00e9e et aux roues assist\u00e9es<br \/>\n<br \/>\u25cf Indicateur de charge pour surveiller le niveau de batterie restant<br \/>\n<br \/>\u25cf Feux avant et arri\u00e8re \u00e0 DEL et avertisseur sonore<br \/>\n<br \/>\u25cf Le m\u00e9canisme de d\u00e9marrage progressif offre \u00e0 votre enfant une protection maximale<br \/>\n<br \/>\u25cf R\u00e9glage \u00e0 deux vitesses (manuel) ou \u00e0 trois vitesses (t\u00e9l\u00e9commande) avec une vitesse maximale de 5 km\/h<br \/>\n<br \/>\u25cf Deux modes de conduite : manuel avec volant ou t\u00e9l\u00e9commande 2,4 GHz<br \/>\n<br \/>\u25cf Fonction musicale, centre multim\u00e9dia et entr\u00e9e USB, interface AUX (avec c\u00e2ble)<br \/>\n<br \/>\u25cf Le montage est n\u00e9cessaire<br \/>\n\n   <\/div><\/div><\/div>\n<\/div>\n<div class=\"lc-1\">\n<div class=\"f-line\">\n<div class=\"fts\">\n<div>\n    <strong>Caract\u00e9ristiques:<\/strong>\n   <\/div>\n<div>\n-Couleur : Noir<br \/>\n<br \/>-Mat\u00e9riaux : PP, m\u00e9tal<br \/>\n<br \/>-Dimensions totales : 110 x 68 x 52 cm (L x AN x AL)<br \/>\n<br \/>-Dimensions de l&#039;assise : 39\u00d721,5\u00d714 cm (hauteur d&#039;assise au sol)<br \/>\n<br \/>-Dimensions de la roue : \u00d8 23,5 cm<br \/>\n<br \/>-Vitesse : 3-5 km\/h<br \/>\n<br \/>-Batterie : 12 V 4,5 Ah x 1<br \/>\n<br \/>- Moteur : 30 W x 2<br \/>\n<br \/>-Port\u00e9e de la commande : 25 m<br \/>\n<br \/>-Temps de charge\u00a0: 8 \u00e0 12 heures<br \/>\n<br \/>-Autonomie : 1 heure (\u00e0 pleine charge)<br \/>\n<br \/>\u00c2ge recommand\u00e9\u00a0: 37 \u00e0 72 mois<br \/>\n<br \/>Certifications\u00a0: 71-1-2-3, 62115, CEM, RoHS, ERP, FDS<br \/>\n<br \/>-Charge maximale : 30 kg<br \/>\n<br \/>-Piles : 2 x AA (non incluses)<br \/>\n<br \/>-R\u00e9f\u00e9rence : 370-217V90BK<br \/>\n<br \/>Remarque : \u00c0 utiliser sous la surveillance d&#039;un adulte.<br \/>\n\n   <\/div><\/div><\/div>\n<\/div>\n<div>\n <img decoding=\"async\" width=\"1000    \" height=\"35\" src=\"https:\/\/ae01.alicdn.com\/kf\/HTB1KhgjkfiSBuNkSnhJq6zDcpXaR.jpg\" slate-data-type=\"image\" \/>\n<\/div>\n<div class=\"content01\">\n<div class=\"content_img\">\n  <img decoding=\"async\" width=\"1000\" src=\"https:\/\/ae04.alicdn.com\/kf\/S6f3232904d2d430eb1080880defcc687L.jpg\" slate-data-type=\"image\" \/>\n <\/div>\n<div class=\"content_img\">\n  <img decoding=\"async\" width=\"1000\" src=\"https:\/\/ae04.alicdn.com\/kf\/S98e47e773a424676a86e44a825a1172ax.jpg\" slate-data-type=\"image\" \/>\n <\/div>\n<div class=\"content_img\">\n  <img decoding=\"async\" width=\"1000\" src=\"https:\/\/ae04.alicdn.com\/kf\/S78adacce884e4e2d8251152be20733aaS.jpg\" slate-data-type=\"image\" \/>\n <\/div>\n<div class=\"content_img\">\n  <img decoding=\"async\" width=\"1000\" src=\"https:\/\/ae04.alicdn.com\/kf\/Sd1e4a1047ce1470bb1f19770adab455cM.jpg\" slate-data-type=\"image\" \/>\n <\/div>\n<div class=\"content_img\">\n  <img decoding=\"async\" width=\"1000\" src=\"https:\/\/ae04.alicdn.com\/kf\/S8ab3209f2944438c9bfc6e4e87a79226e.jpg\" slate-data-type=\"image\" \/>\n <\/div>\n<div class=\"content_img\">\n  <img decoding=\"async\" width=\"1000\" src=\"https:\/\/ae04.alicdn.com\/kf\/S7b1ac00abd2942d2904710caea873118f.jpg\" slate-data-type=\"image\" \/>\n <\/div>\n<\/div>\n<div>\n <img fetchpriority=\"high\" decoding=\"async\" width=\"1000\" height=\"1881\" src=\"https:\/\/ae01.alicdn.com\/kf\/Ua8ece3e103ed470793ec3cb15da8a01fz.jpg\" slate-data-type=\"image\" \/>\n<\/div>\n<p><\/p>\n<\/div>\n<\/div>","protected":false},"excerpt":{"rendered":"<p>Brand Name:&nbsp;HOMCOM Features:&nbsp;Ride On If you are looking for a children&#8217;s electric vehicle for your children, check out This HOMCOM children&#8217;s car. It has USB slot, TF and an auxiliary<\/p>","protected":false},"featured_media":24677,"comment_status":"open","ping_status":"closed","template":"","meta":{"_acf_changed":false},"product_brand":[],"product_cat":[15],"product_tag":[],"class_list":{"0":"post-24676","1":"product","2":"type-product","3":"status-publish","4":"has-post-thumbnail","6":"product_cat-o","8":"first","9":"instock","10":"shipping-taxable","11":"purchasable","12":"product-type-variable"},"acf":[],"_links":{"self":[{"href":"https:\/\/electricstore.eu\/fr\/wp-json\/wp\/v2\/product\/24676","targetHints":{"allow":["GET"]}}],"collection":[{"href":"https:\/\/electricstore.eu\/fr\/wp-json\/wp\/v2\/product"}],"about":[{"href":"https:\/\/electricstore.eu\/fr\/wp-json\/wp\/v2\/types\/product"}],"replies":[{"embeddable":true,"href":"https:\/\/electricstore.eu\/fr\/wp-json\/wp\/v2\/comments?post=24676"}],"wp:featuredmedia":[{"embeddable":true,"href":"https:\/\/electricstore.eu\/fr\/wp-json\/wp\/v2\/media\/24677"}],"wp:attachment":[{"href":"https:\/\/electricstore.eu\/fr\/wp-json\/wp\/v2\/media?parent=24676"}],"wp:term":[{"taxonomy":"product_brand","embeddable":true,"href":"https:\/\/electricstore.eu\/fr\/wp-json\/wp\/v2\/product_brand?post=24676"},{"taxonomy":"product_cat","embeddable":true,"href":"https:\/\/electricstore.eu\/fr\/wp-json\/wp\/v2\/product_cat?post=24676"},{"taxonomy":"product_tag","embeddable":true,"href":"https:\/\/electricstore.eu\/fr\/wp-json\/wp\/v2\/product_tag?post=24676"}],"curies":[{"name":"wp","href":"https:\/\/api.w.org\/{rel}","templated":true}]}}