{"id":24654,"date":"2025-05-20T18:41:24","date_gmt":"2025-05-20T18:41:24","guid":{"rendered":"https:\/\/electricstore.eu\/p\/uncategorized\/homcom-electric-car-for-kids-audi-e-tron-speed-3-5-km-h-black\/"},"modified":"2025-05-20T18:41:45","modified_gmt":"2025-05-20T18:41:45","slug":"homcom-electric-car-for-kids-audi-e-tron-speed-3-5-km-h-black","status":"publish","type":"product","link":"https:\/\/electricstore.eu\/fr\/p\/o\/homcom-electric-car-for-kids-audi-e-tron-speed-3-5-km-h-black\/","title":{"rendered":"Voiture \u00e9lectrique HOMCOM pour enfants Audi e-tron Vitesse 3-5 km\/h Noire"},"content":{"rendered":"<div class=\"product-specs-list-container\">\n<ul class=\"product-specs-list util-clearfix\">\n<li class=\"product-prop line-limit-length\"><span\n                                        class=\"property-title\">\u00c9lectronique:&nbsp;<\/span><span\n                                        class=\"property-desc line-limit-length\">OUI<\/span>\n                            <\/li>\n<li class=\"product-prop line-limit-length\"><span\n                                        class=\"property-title\">Genre:&nbsp;<\/span><span\n                                        class=\"property-desc line-limit-length\">Unisexe<\/span>\n                            <\/li>\n<li class=\"product-prop line-limit-length\"><span\n                                        class=\"property-title\">Source d&#039;alimentation :&nbsp;<\/span><span\n                                        class=\"property-desc line-limit-length\">\u00c9lectrique<\/span>\n                            <\/li>\n<li class=\"product-prop line-limit-length\"><span\n                                        class=\"property-title\">Taille:&nbsp;<\/span><span\n                                        class=\"property-desc line-limit-length\">108 x 60 x 47 cm<\/span>\n                            <\/li>\n<li class=\"product-prop line-limit-length\"><span\n                                        class=\"property-title\">Caract\u00e9ristiques:&nbsp;<\/span><span\n                                        class=\"property-desc line-limit-length\">Roulez<\/span>\n                            <\/li>\n<li class=\"product-prop line-limit-length\"><span\n                                        class=\"property-title\">Mat\u00e9riel:&nbsp;<\/span><span\n                                        class=\"property-desc line-limit-length\">M\u00e9tal<\/span>\n                            <\/li>\n<li class=\"product-prop line-limit-length\"><span\n                                        class=\"property-title\">Style:&nbsp;<\/span><span\n                                        class=\"property-desc line-limit-length\">VOITURE<\/span>\n                            <\/li>\n<li class=\"product-prop line-limit-length\"><span\n                                        class=\"property-title\">Dimensions:&nbsp;<\/span><span\n                                        class=\"property-desc line-limit-length\">108 x 60 x 47 cm<\/span>\n                            <\/li>\n<li class=\"product-prop line-limit-length\"><span\n                                        class=\"property-title\">Num\u00e9ro de roue :&nbsp;<\/span><span\n                                        class=\"property-desc line-limit-length\">Quatre<\/span>\n                            <\/li>\n<li class=\"product-prop line-limit-length\"><span\n                                        class=\"property-title\">Nom de marque :&nbsp;<\/span><span\n                                        class=\"property-desc line-limit-length\">HOMCOM<\/span>\n                            <\/li>\n<li class=\"product-prop line-limit-length\"><span\n                                        class=\"property-title\">Origine:&nbsp;<\/span><span\n                                        class=\"property-desc line-limit-length\">Chine continentale<\/span>\n                            <\/li>\n<li class=\"product-prop line-limit-length\"><span\n                                        class=\"property-title\">\u00c2ge recommand\u00e9\u00a0:&nbsp;<\/span><span\n                                        class=\"property-desc line-limit-length\">3-6 ans<\/span>\n                            <\/li>\n<\/ul><\/div>\n<div class=\"detailmodule_html\">\n<div class=\"detail-desc-decorate-richtext\">\n<p><\/p>\n<div style=\"overflow:visible;height:auto\" class=\"lc-1\">\n<div class=\"f-line\">\n<div class=\"fts\">\n<div>\nSi vous recherchez une voiture \u00e9lectrique pour vos enfants, d\u00e9couvrez cette Audi de HOMCOM. Elle est dot\u00e9e d&#039;\u00e9l\u00e9ments qui la rendent \u00e0 la fois s\u00fbre et unique. Elle poss\u00e8de des ports USB, TF et MP3, des feux avant et arri\u00e8re, des portes ouvrantes, une ceinture de s\u00e9curit\u00e9 et des pneus extra-larges. Les enfants peuvent la conduire gr\u00e2ce au volant int\u00e9gr\u00e9 ou un adulte avec la t\u00e9l\u00e9commande fournie. Vos enfants s&#039;amuseront comme des fous avec cette voiture \u00e9lectrique sous licence Audi.\n<\/div><\/div><\/div>\n<\/div>\n<div class=\"lc-1\">\n<div class=\"f-line\">\n<div class=\"fts\">\n<div>\n    <strong>Caract\u00e9ristiques:<\/strong>\n   <\/div>\n<div>\n\u25cf Voiture \u00e9lectrique pour enfants \u00e0 l&#039;aspect tr\u00e8s r\u00e9aliste, avec klaxon, ceinture de s\u00e9curit\u00e9, musique, phares LED, t\u00e9l\u00e9commande et design profil\u00e9<br \/>\n<br \/>\u25cf Voiture pour enfants avec fonction de r\u00e9glage de la vitesse entre 3 et 5 km\/h<br \/>\n<br \/>\u25cf Double moteur 12 V pour une conduite efficace avec une autonomie allant jusqu&#039;\u00e0 45 minutes sur une seule charge<br \/>\n<br \/>\u25cf 2 modes de conduite : manuellement avec le volant ou par t\u00e9l\u00e9commande<br \/>\n<br \/>\u25cf La manette n\u00e9cessite 2 piles AAA (non fournies) pour fonctionner.<br \/>\n<br \/>\u25cf Convient aux enfants \u00e0 partir de 3 ans et pesant jusqu&#039;\u00e0 25 kg<br \/>\n<br \/>\u25cf Voiture \u00e9lectrique avec commande et indicateur de batterie restante<br \/>\n\n   <\/div><\/div><\/div>\n<\/div>\n<div class=\"lc-1\">\n<div class=\"f-line\">\n<div class=\"fts\">\n<div>\n    <strong>Caract\u00e9ristiques:<\/strong>\n   <\/div>\n<div>\n\u25cf Couleur : Noir<br \/>\n<br \/>\u25cf Mat\u00e9riaux : PP et m\u00e9tal<br \/>\n<br \/>\u25cf Dimensions totales : 108 x 60 x 47 cm (L x AN x HA)<br \/>\n<br \/>\u25cf Dimensions du si\u00e8ge : 32 x 19 x 25 cm (L x H x H)<br \/>\n<br \/>\u25cf Dimensions des roues : \u00d8 22\u00d78 cm (DxAL)<br \/>\n<br \/>\u25cf Autonomie : 45 minutes (selon le type d&#039;utilisation)<br \/>\n<br \/>\u25cf Temps de charge\u00a0: 8 \u00e0 12 heures<br \/>\n<br \/>\u25cf Batterie : 12 V 4,5 Ah x 1<br \/>\n<br \/>\u25cf Charge maximale : 25 kg<br \/>\n<br \/>\u25cf N\u00e9cessite des piles : Oui, 2 piles AAA (non incluses)<br \/>\n<br \/>\u25cf \u00c2ge recommand\u00e9 : 3-5 ans<br \/>\n<br \/>\u25cf R\u00e9f\u00e9rence : 370-172V90BK<br \/>\n\n   <\/div><\/div><\/div>\n<\/div>\n<div>\n <img decoding=\"async\" width=\"1000    \" height=\"35\" src=\"https:\/\/ae01.alicdn.com\/kf\/HTB1KhgjkfiSBuNkSnhJq6zDcpXaR.jpg\" slate-data-type=\"image\" \/>\n<\/div>\n<div class=\"content01\">\n<div class=\"content_img\">\n  <img decoding=\"async\" width=\"1000\" src=\"https:\/\/ae-pic-a1.aliexpress-media.com\/kf\/S112309e1f4124cfd8b71b50a811b2f30l.jpg\" slate-data-type=\"image\" \/>\n <\/div>\n<div class=\"content_img\">\n  <img decoding=\"async\" width=\"1000\" src=\"https:\/\/ae-pic-a1.aliexpress-media.com\/kf\/Sd2f1266e5438498da6319e17551b935fX.jpg\" slate-data-type=\"image\" \/>\n <\/div>\n<div class=\"content_img\">\n  <img decoding=\"async\" width=\"1000\" src=\"https:\/\/ae-pic-a1.aliexpress-media.com\/kf\/S4cc16f0703c24afaa0f22ebd5cdc9b57e.jpg\" slate-data-type=\"image\" \/>\n <\/div>\n<div class=\"content_img\">\n  <img decoding=\"async\" width=\"1000\" src=\"https:\/\/ae-pic-a1.aliexpress-media.com\/kf\/S6a97a44e7c26401ab6fb33b0632c0806m.jpg\" slate-data-type=\"image\" \/>\n <\/div>\n<div class=\"content_img\">\n  <img decoding=\"async\" width=\"1000\" src=\"https:\/\/ae-pic-a1.aliexpress-media.com\/kf\/Sf6d90a62eac94c5d909bd405518bc6a1F.jpg\" slate-data-type=\"image\" \/>\n <\/div>\n<div class=\"content_img\">\n  <img decoding=\"async\" width=\"1000\" src=\"https:\/\/ae-pic-a1.aliexpress-media.com\/kf\/Sb188c3da1c524b49802690c43902ecc0q.jpg\" slate-data-type=\"image\" \/>\n <\/div>\n<\/div>\n<div>\n <img fetchpriority=\"high\" decoding=\"async\" width=\"1000\" height=\"1881\" src=\"https:\/\/ae01.alicdn.com\/kf\/Ua8ece3e103ed470793ec3cb15da8a01fz.jpg\" slate-data-type=\"image\" \/>\n<\/div>\n<p><\/p>\n<\/div>\n<\/div>","protected":false},"excerpt":{"rendered":"<p>Electronic:&nbsp;YES Gender:&nbsp;Unisex Power Source:&nbsp;Electric Size:&nbsp;108x60x47 cm Features:&nbsp;Ride On Material:&nbsp;Metal Style:&nbsp;CAR Dimensions:&nbsp;108x60x47 cm Wheel Number:&nbsp;Four Brand Name:&nbsp;HOMCOM Origin:&nbsp;Mainland China Recommend Age:&nbsp;3-6Y If you are looking for a children&#8217;s electric vehicle for<\/p>","protected":false},"featured_media":24655,"comment_status":"open","ping_status":"closed","template":"","meta":{"_acf_changed":false},"product_brand":[],"product_cat":[15],"product_tag":[],"class_list":{"0":"post-24654","1":"product","2":"type-product","3":"status-publish","4":"has-post-thumbnail","6":"product_cat-o","8":"first","9":"instock","10":"shipping-taxable","11":"purchasable","12":"product-type-variable"},"acf":[],"_links":{"self":[{"href":"https:\/\/electricstore.eu\/fr\/wp-json\/wp\/v2\/product\/24654","targetHints":{"allow":["GET"]}}],"collection":[{"href":"https:\/\/electricstore.eu\/fr\/wp-json\/wp\/v2\/product"}],"about":[{"href":"https:\/\/electricstore.eu\/fr\/wp-json\/wp\/v2\/types\/product"}],"replies":[{"embeddable":true,"href":"https:\/\/electricstore.eu\/fr\/wp-json\/wp\/v2\/comments?post=24654"}],"wp:featuredmedia":[{"embeddable":true,"href":"https:\/\/electricstore.eu\/fr\/wp-json\/wp\/v2\/media\/24655"}],"wp:attachment":[{"href":"https:\/\/electricstore.eu\/fr\/wp-json\/wp\/v2\/media?parent=24654"}],"wp:term":[{"taxonomy":"product_brand","embeddable":true,"href":"https:\/\/electricstore.eu\/fr\/wp-json\/wp\/v2\/product_brand?post=24654"},{"taxonomy":"product_cat","embeddable":true,"href":"https:\/\/electricstore.eu\/fr\/wp-json\/wp\/v2\/product_cat?post=24654"},{"taxonomy":"product_tag","embeddable":true,"href":"https:\/\/electricstore.eu\/fr\/wp-json\/wp\/v2\/product_tag?post=24654"}],"curies":[{"name":"wp","href":"https:\/\/api.w.org\/{rel}","templated":true}]}}