{"id":24638,"date":"2025-05-20T18:41:15","date_gmt":"2025-05-20T18:41:15","guid":{"rendered":"https:\/\/electricstore.eu\/p\/uncategorized\/homcom-electric-car-for-child-3-years-outdoor-with-remote-control-music-lights-2-door-opening-30kg-115x70x55cm\/"},"modified":"2025-05-20T18:41:40","modified_gmt":"2025-05-20T18:41:40","slug":"homcom-electric-car-for-child-3-years-outdoor-with-remote-control-music-lights-2-door-opening-30kg-115x70x55cm","status":"publish","type":"product","link":"https:\/\/electricstore.eu\/fr\/p\/o\/homcom-electric-car-for-child-3-years-outdoor-with-remote-control-music-lights-2-door-opening-30kg-115x70x55cm\/","title":{"rendered":"Voiture \u00e9lectrique HOMCOM pour enfant + 3 ans ext\u00e9rieur avec t\u00e9l\u00e9commande lumi\u00e8res musicales 2 portes ouvrantes 30kg 115x70x55cm"},"content":{"rendered":"<div class=\"product-specs-list-container\">\n<ul class=\"product-specs-list util-clearfix\">\n<li class=\"product-prop line-limit-length\"><span\n                                        class=\"property-title\">Nom de marque :&nbsp;<\/span><span\n                                        class=\"property-desc line-limit-length\">HOMCOM<\/span>\n                            <\/li>\n<li class=\"product-prop line-limit-length\"><span\n                                        class=\"property-title\">Origine:&nbsp;<\/span><span\n                                        class=\"property-desc line-limit-length\">Chine continentale<\/span>\n                            <\/li>\n<li class=\"product-prop line-limit-length\"><span\n                                        class=\"property-title\">Caract\u00e9ristiques:&nbsp;<\/span><span\n                                        class=\"property-desc line-limit-length\">Roulez<\/span>\n                            <\/li>\n<\/ul><\/div>\n<div class=\"detailmodule_html\">\n<div class=\"detail-desc-decorate-richtext\">\n<p>Cette voiture \u00e9lectrique pour enfants, avec conduite avant et arri\u00e8re, peut \u00eatre contr\u00f4l\u00e9e manuellement par les enfants ou par les parents gr\u00e2ce \u00e0 la t\u00e9l\u00e9commande. Ainsi, d\u00e9placer le v\u00e9hicule ou le contr\u00f4ler par un adulte est un jeu d&#039;enfant. Les enfants s&#039;amuseront beaucoup avec ses lumi\u00e8res fonctionnelles, \u00e9couteront de la musique au format MP3 gr\u00e2ce \u00e0 son lecteur TF et son port USB, ou la conduiront confortablement gr\u00e2ce \u00e0 son volant pratique et en toute s\u00e9curit\u00e9 gr\u00e2ce \u00e0 leur ceinture de s\u00e9curit\u00e9.<\/p>\n<p><\/p>\n<div class=\"detailmodule_html\">\n<div class=\"detail-desc-decorate-richtext\">\n<div class=\"lc-1\">\n<div class=\"f-line\">\n<div class=\"fts\">\n<div><strong>Caract\u00e9ristiques:<\/strong><\/div>\n<\/div>\n<\/div>\n<\/div>\n<\/div>\n<\/div>\n<p>\u25cf Cette voiture \u00e0 batterie pour enfants fonctionne avec une p\u00e9dale d&#039;acc\u00e9l\u00e9rateur et un volant ;<\/p>\n<p>\u25cf Dispose d&#039;emplacements pour cartes TF et d&#039;un port USB, pour pouvoir lire de la musique au format MP3\u00a0;<\/p>\n<p>\u25cf Avec mode narration et apprentissage de l&#039;anglais ;<\/p>\n<p>\u25cf Il dispose de 2 moteurs 12V\/30W et compl\u00e8tement charg\u00e9, la batterie offre environ 1 heure d&#039;autonomie ;<\/p>\n<p>\u25cf Les feux avant et arri\u00e8re fonctionnent vraiment ;<\/p>\n<p>\u25cf Comprend un indicateur de batterie restante\u00a0;<\/p>\n<p>\u25cf T\u00e9l\u00e9commande pour le contr\u00f4le parental ;<\/p>\n<p>\u25cf N\u00e9cessite un montage<\/p>\n<p><\/p>\n<div class=\"detailmodule_html\">\n<div class=\"detail-desc-decorate-richtext\">\n<div class=\"lc-1\">\n<div class=\"f-line\">\n<div class=\"fts\">\n<div><strong>Caract\u00e9ristiques:<\/strong><\/div>\n<\/div>\n<\/div>\n<\/div>\n<\/div>\n<\/div>\n<p>\u25cf Couleur : Rouge ;<\/p>\n<p>\u25cf Mat\u00e9riau : PP, m\u00e9tal ;<\/p>\n<p>\u25cf Dimensions totales : 102x60x44 cm (LxANxAL) ;<\/p>\n<p>\u25cf Dimensions du si\u00e8ge : 35,5\u00d719,5\u00d721,5 cm (LxANxAL) ;<\/p>\n<p>\u25cf Dimensions des roues : \u00d8 21\u00d76,5 cm(DxAN) ;<\/p>\n<p>\u25cfTemps de charge : 8-12 h ;<\/p>\n<p>\u25cf Moteur : 30 W ;<\/p>\n<p>\u25cf Chargeur : 12V \/ 500MA ;<\/p>\n<p>\u25cf \u00c2ge recommand\u00e9 : 3-5 ans ;<\/p>\n<p>\u25cf Charge maximale : 25 kg ;<\/p>\n<p>\u25cf R\u00e9f\u00e9rence : 370-079V90D<\/p>\n<p><\/p>\n<p><img decoding=\"async\" src=\"https:\/\/ae01.alicdn.com\/kf\/HTB1KhgjkfiSBuNkSnhJq6zDcpXaR.jpg\" slate-data-type=\"image\"\/><\/p>\n<\/p>\n<p><img decoding=\"async\" src=\"https:\/\/ae01.alicdn.com\/kf\/S8f0b0bcc1bbb489ea861b651b5af8d5aJ.jpg\" slate-data-type=\"image\"\/><img decoding=\"async\" src=\"https:\/\/ae01.alicdn.com\/kf\/Se8c6f2a1a4214ead87fb5b19710ddec0z.jpg\" slate-data-type=\"image\"\/><img decoding=\"async\" src=\"https:\/\/ae01.alicdn.com\/kf\/Sb5e6a314294a4c6f8d8585f79dd715b20.jpg\" slate-data-type=\"image\"\/><img decoding=\"async\" src=\"https:\/\/ae01.alicdn.com\/kf\/S807d823845b448c8b7f8eb1ddc4b4e2ed.jpg\" slate-data-type=\"image\"\/><img decoding=\"async\" src=\"https:\/\/ae01.alicdn.com\/kf\/S70fa9c78f16e4272b24bedaffe02d853R.jpg\" slate-data-type=\"image\"\/><img decoding=\"async\" src=\"https:\/\/ae01.alicdn.com\/kf\/S35bf9aec658f488583003bec3fe69ae9z.jpg\" slate-data-type=\"image\"\/><img decoding=\"async\" src=\"https:\/\/ae01.alicdn.com\/kf\/HTB1i.OtVMHqK1RjSZFkq6x.WFXaT.jpg\" slate-data-type=\"image\"\/><\/p>\n<p><img decoding=\"async\" width=\"750\" height=\"auto\" src=\"https:\/\/ae01.alicdn.com\/kf\/S11b87778fb234582a169c08233ec9094s.png\" slate-data-type=\"image\"\/><\/p>\n<\/div>\n<\/div>","protected":false},"excerpt":{"rendered":"<p>Brand Name:&nbsp;HOMCOM Origin:&nbsp;Mainland China Features:&nbsp;Ride On This children&#8217;s battery car with forward and backward driving, can be controlled manually by children or by parents with remote control. Thus, moving the<\/p>","protected":false},"featured_media":24639,"comment_status":"open","ping_status":"closed","template":"","meta":{"_acf_changed":false},"product_brand":[],"product_cat":[15],"product_tag":[],"class_list":{"0":"post-24638","1":"product","2":"type-product","3":"status-publish","4":"has-post-thumbnail","6":"product_cat-o","8":"first","9":"instock","10":"shipping-taxable","11":"purchasable","12":"product-type-variable"},"acf":[],"_links":{"self":[{"href":"https:\/\/electricstore.eu\/fr\/wp-json\/wp\/v2\/product\/24638","targetHints":{"allow":["GET"]}}],"collection":[{"href":"https:\/\/electricstore.eu\/fr\/wp-json\/wp\/v2\/product"}],"about":[{"href":"https:\/\/electricstore.eu\/fr\/wp-json\/wp\/v2\/types\/product"}],"replies":[{"embeddable":true,"href":"https:\/\/electricstore.eu\/fr\/wp-json\/wp\/v2\/comments?post=24638"}],"wp:featuredmedia":[{"embeddable":true,"href":"https:\/\/electricstore.eu\/fr\/wp-json\/wp\/v2\/media\/24639"}],"wp:attachment":[{"href":"https:\/\/electricstore.eu\/fr\/wp-json\/wp\/v2\/media?parent=24638"}],"wp:term":[{"taxonomy":"product_brand","embeddable":true,"href":"https:\/\/electricstore.eu\/fr\/wp-json\/wp\/v2\/product_brand?post=24638"},{"taxonomy":"product_cat","embeddable":true,"href":"https:\/\/electricstore.eu\/fr\/wp-json\/wp\/v2\/product_cat?post=24638"},{"taxonomy":"product_tag","embeddable":true,"href":"https:\/\/electricstore.eu\/fr\/wp-json\/wp\/v2\/product_tag?post=24638"}],"curies":[{"name":"wp","href":"https:\/\/api.w.org\/{rel}","templated":true}]}}