{"id":23995,"date":"2025-05-20T18:34:52","date_gmt":"2025-05-20T18:34:52","guid":{"rendered":"https:\/\/electricstore.eu\/p\/uncategorized\/e-bike-battery-hailong-18650-cells-pack-52v-48v-36v-15ah-12-5ah-18ah-20ah-24ah-powerful-lithium-electric-bicycle-battery\/"},"modified":"2025-05-20T18:34:55","modified_gmt":"2025-05-20T18:34:55","slug":"e-bike-battery-hailong-18650-cells-pack-52v-48v-36v-15ah-12-5ah-18ah-20ah-24ah-powerful-lithium-electric-bicycle-battery","status":"publish","type":"product","link":"https:\/\/electricstore.eu\/fr\/p\/p\/ebike-batteries\/downtube-e-bike-batteries\/e-bike-battery-hailong-18650-cells-pack-52v-48v-36v-15ah-12-5ah-18ah-20ah-24ah-powerful-lithium-electric-bicycle-battery\/","title":{"rendered":"Batterie de v\u00e9lo \u00e9lectrique Hailong 18650 cellules Pack 52V 48V 36V 15Ah 12.5Ah 18Ah 20AH 24AH Batterie de v\u00e9lo \u00e9lectrique au lithium puissante"},"content":{"rendered":"<div class=\"product-specs-list-container\">\n<ul class=\"product-specs-list util-clearfix\">\n<li class=\"product-prop line-limit-length\"><span\n                                        class=\"property-title\">Capacit\u00e9:&nbsp;<\/span><span\n                                        class=\"property-desc line-limit-length\">21 \u2013 30 Ah<\/span>\n                            <\/li>\n<li class=\"product-prop line-limit-length\"><span\n                                        class=\"property-title\">tension:&nbsp;<\/span><span\n                                        class=\"property-desc line-limit-length\">48v<\/span>\n                            <\/li>\n<li class=\"product-prop line-limit-length\"><span\n                                        class=\"property-title\">Taper:&nbsp;<\/span><span\n                                        class=\"property-desc line-limit-length\">batterie au lithium<\/span>\n                            <\/li>\n<li class=\"product-prop line-limit-length\"><span\n                                        class=\"property-title\">Origine:&nbsp;<\/span><span\n                                        class=\"property-desc line-limit-length\">Chine continentale<\/span>\n                            <\/li>\n<li class=\"product-prop line-limit-length\"><span\n                                        class=\"property-title\">tension:&nbsp;<\/span><span\n                                        class=\"property-desc line-limit-length\">36V<\/span>\n                            <\/li>\n<\/ul><\/div>\n<div class=\"detailmodule_dynamic\"><kse:widget data-widget-type=\"customText\" id=\"1005000011616010\" type=\"custom\"><\/kse:widget><\/div>\n<div class=\"detailmodule_html\">\n<div class=\"detail-desc-decorate-richtext\">\n<div class=\"detailmodule_text\">\n<p style=\"font-family:OpenSans;font-size:20px;font-weight:900;line-height:28px;white-space:pre-wrap;color:rgb(0, 0, 0);margin-bottom:12px\" class=\"detail-desc-decorate-title\">Description du produit<\/p>\n<p style=\"font-family:OpenSans;font-size:14px;text-align:left;color:rgb(0, 0, 0);background-color:rgb(255, 255, 255);display:block;width:100%\" align=\"left\">Description du produit<br \/>1. Avec le port USB, vous pouvez charger un t\u00e9l\u00e9phone portable et un haut-parleur Bluetooth<br \/>2. Nouveau bo\u00eetier mince de style Hailong avec batterie et bouton d&#039;alimentation<br \/>3. Le port de charge pratique est livr\u00e9 avec une charge 2A plus rapide<br \/>4. Bo\u00eetier en plastique \u00e9tanche et solide<br \/>5. Indicateur d&#039;alimentation de la batterie \u00e0 LED allum\u00e9<br \/>6. Le verrou avec cl\u00e9s verrouille solidement le support sur le cadre du v\u00e9lo<\/p>\n<p>Liste de colisage de la batterie<br \/>1. Batterie de v\u00e9lo \u00e9lectrique avec BMS int\u00e9gr\u00e9 de haute qualit\u00e9.<br \/>2. Ebike battery with EU plugElectric Bike Battery Specifications:<\/p>\n<p>Batterie 36V 15AH<br \/>Connecteur pour contr\u00f4leur : XT60<br \/>Tension nominale : 36 V<br \/>Capacit\u00e9 nominale : 15 Ah<br \/>Type compos\u00e9 : 10Series 6Paralles 10S6P<br \/>Cellules : Cellules puissantes 18650 3,7 V 2500 mAh 10 A 5 C<br \/>BMS : 20 A en continu 50 \u00b1 10 A maximum<br \/>Puissance du moteur adapt\u00e9e : 36 V 250 W 350 W 500 W<br \/>Courant de charge : 2-5 A<br \/>Tension de coupure de charge : 42 V<br \/>Tension de coupure de d\u00e9charge : 30 V<br \/>Temp\u00e9rature de d\u00e9charge : -20 \u00e0 65 \u00b0C<br \/>Temp\u00e9rature de charge : 0 \u00e0 45\u00b0C<br \/>Dimensions: 90*113*365mm<br \/>Poids de la batterie : 3,8 kg<br \/>Dur\u00e9e de vie du cycle : capacit\u00e9 \u226580% apr\u00e8s 800 cycles.<br \/>&#8212;&#8212;&#8212;&#8212;&#8212;&#8212;&#8212;&#8212;&#8212;&#8212;&#8212;&#8212;&#8212;&#8212;&#8212;&#8212;&#8212;&#8212;&#8212;&#8212;&#8212;&#8212;<\/p>\n<p>Batterie 48V 18AH<br \/>Tension nominale : 48 V<br \/>Capacit\u00e9 nominale : 18 Ah<br \/>Type compos\u00e9 : 13S\u00e9rie 4Paralles 13S4P<br \/>Cellules : Cellules puissantes 21700 3,7 V 4\u00a0500 mAh<br \/>BMS : 40 A en continu 100 \u00b1 10 A maximum<br \/>Puissance du moteur : 48 V 250 W-1\u00a0500 W<br \/>Courant de charge : 2-5 A<br \/>Tension de coupure de charge\u00a0: 54,6\u00a0V<br \/>Tension de coupure de d\u00e9charge : 39 V<br \/>Temp\u00e9rature de d\u00e9charge : -20 \u00e0 65 \u00b0C<br \/>Temp\u00e9rature de charge : 0 \u00e0 45\u00b0C<br \/>Dimensions: 90*127*367mm<br \/>Poids de la batterie : 4,77 kg<br \/>Dur\u00e9e de vie du cycle : capacit\u00e9 \u226580% apr\u00e8s 800 cycles.<br \/>&#8212;&#8212;&#8212;&#8212;&#8212;&#8212;&#8212;&#8212;&#8212;&#8212;&#8212;&#8212;&#8212;&#8212;&#8212;&#8212;&#8212;&#8212;&#8212;&#8212;&#8212;&#8212;<br \/>Batterie 48V 24AH<br \/>Tension nominale : 48 V<br \/>Capacit\u00e9 nominale : 24 Ah<br \/>Type compos\u00e9 : 13S\u00e9rie 5Paralles 13S5P<br \/>Cellules : Cellules puissantes 21700 3,7 V 4\u00a0800 mAh<br \/>BMS : 40 A en continu 100 \u00b1 10 A maximum<br \/>Puissance du moteur : 48 V 250 W-1\u00a0500 W<br \/>Courant de charge : 2-5 A<br \/>Tension de coupure de charge\u00a0: 54,6\u00a0V<br \/>Tension de coupure de d\u00e9charge : 39 V<br \/>Temp\u00e9rature de d\u00e9charge : -20 \u00e0 65 \u00b0C<br \/>Temp\u00e9rature de charge : 0 \u00e0 45\u00b0C<br \/>Dimensions: 90*127*367mm<br \/>Poids de la batterie : 5,73 kg<br \/>Dur\u00e9e de vie du cycle : capacit\u00e9 \u226580% apr\u00e8s 800 cycles.<br \/>&#8212;&#8212;&#8212;&#8212;&#8212;&#8212;&#8212;&#8212;&#8212;&#8212;&#8212;&#8212;&#8212;&#8212;&#8212;&#8212;&#8212;&#8212;&#8212;&#8212;&#8212;&#8212;<br \/>Batterie 52V 13,5AH<br \/>Tension nominale : 52 V<br \/>Capacit\u00e9 nominale : 13,5 Ah<br \/>Type compos\u00e9 : 14S\u00e9rie 3Paralles 14S3P<br \/>Cellules : Cellules puissantes 21700 3,7 V 4\u00a0500 mAh<br \/>BMS : 30 A en continu 100 \u00b1 10 A maximum<br \/>Puissance du moteur : 52 V 250 W-750 W<br \/>Courant de charge : 2-5 A<br \/>Tension de coupure de charge : 60 V<br \/>Tension de coupure de d\u00e9charge : 39 V<br \/>Temp\u00e9rature de d\u00e9charge : -20 \u00e0 65 \u00b0C<br \/>Temp\u00e9rature de charge : 0 \u00e0 45\u00b0C<br \/>Dimensions: 90*113*365mm<br \/>Poids de la batterie : 4,15 kg<br \/>Dur\u00e9e de vie du cycle : capacit\u00e9 \u226580% apr\u00e8s 800 cycles.<br \/>&#8212;&#8212;&#8212;&#8212;&#8212;&#8212;&#8212;&#8212;&#8212;&#8212;&#8212;&#8212;&#8212;&#8212;&#8212;&#8212;&#8212;&#8212;&#8212;&#8212;&#8212;&#8212;<\/p>\n<\/div>\n<div class=\"detailmodule_image\"><img decoding=\"async\" style=\"margin-bottom:10px\" class=\"detail-desc-decorate-image\" src=\"https:\/\/ae01.alicdn.com\/kf\/S12042ef3bcb04b42a377ff31ffd8cabef.png\" slate-data-type=\"image\"\/><img decoding=\"async\" class=\"detail-desc-decorate-image\" src=\"https:\/\/sc02.alicdn.com\/kf\/HTB1oiqdaizxK1RjSspjq6AS.pXaC\/220335770\/HTB1oiqdaizxK1RjSspjq6AS.pXaC.jpg_.webp\" slate-data-type=\"image\"\/><img decoding=\"async\" class=\"detail-desc-decorate-image\" src=\"https:\/\/sc02.alicdn.com\/kf\/HTB1qa1bac_vK1Rjy0Foq6xIxVXa9\/220335770\/HTB1qa1bac_vK1Rjy0Foq6xIxVXa9.jpg_.webp\" slate-data-type=\"image\"\/><img decoding=\"async\" class=\"detail-desc-decorate-image\" src=\"https:\/\/sc01.alicdn.com\/kf\/HTB1DQ2Fu9zqK1RjSZFHq6z3CpXas\/220335770\/HTB1DQ2Fu9zqK1RjSZFHq6z3CpXas.jpg_.webp\" slate-data-type=\"image\"\/><img decoding=\"async\" class=\"detail-desc-decorate-image\" src=\"https:\/\/sc01.alicdn.com\/kf\/HTB1aKedaiLrK1Rjy1zdq6ynnpXaO\/220335770\/HTB1aKedaiLrK1Rjy1zdq6ynnpXaO.jpg_.webp\" slate-data-type=\"image\"\/><img decoding=\"async\" class=\"detail-desc-decorate-image\" src=\"https:\/\/ae01.alicdn.com\/kf\/HTB1UPG0LxjaK1RjSZFAq6zdLFXa0.jpg\" slate-data-type=\"image\"\/><img decoding=\"async\" class=\"detail-desc-decorate-image\" src=\"https:\/\/sc01.alicdn.com\/kf\/HTB1KFucaizxK1RkSnaVq6xn9VXa3\/220335770\/HTB1KFucaizxK1RkSnaVq6xn9VXa3.jpg_.webp\" slate-data-type=\"image\"\/><img decoding=\"async\" class=\"detail-desc-decorate-image\" src=\"https:\/\/sc01.alicdn.com\/kf\/HTB1mNfrX6LuK1Rjy0Fhq6xpdFXa0\/220335770\/HTB1mNfrX6LuK1Rjy0Fhq6xpdFXa0.jpg_.webp\" slate-data-type=\"image\"\/><img decoding=\"async\" class=\"detail-desc-decorate-image\" src=\"https:\/\/sc01.alicdn.com\/kf\/HTB19zylafjsK1Rjy1Xaq6zispXal\/220335770\/HTB19zylafjsK1Rjy1Xaq6zispXal.jpg_.webp\" slate-data-type=\"image\"\/><img decoding=\"async\" class=\"detail-desc-decorate-image\" src=\"https:\/\/sc01.alicdn.com\/kf\/HTB1kjJ8airxK1RkHFCcq6AQCVXac\/220335770\/HTB1kjJ8airxK1RkHFCcq6AQCVXac.jpg_.webp\" slate-data-type=\"image\"\/><\/div>\n<div class=\"detailmodule_image\"><img decoding=\"async\" class=\"detail-desc-decorate-image\" src=\"https:\/\/sc02.alicdn.com\/kf\/HTB1YhadajvuK1Rjy0Faq6x2aVXau\/220335770\/HTB1YhadajvuK1Rjy0Faq6x2aVXau.jpg_.webp\" slate-data-type=\"image\"\/><img decoding=\"async\" class=\"detail-desc-decorate-image\" src=\"https:\/\/sc01.alicdn.com\/kf\/HTB1BqudajzuK1RjSspeq6ziHVXab\/220335770\/HTB1BqudajzuK1RjSspeq6ziHVXab.jpg_.webp\" slate-data-type=\"image\"\/><img decoding=\"async\" class=\"detail-desc-decorate-image\" src=\"https:\/\/sc01.alicdn.com\/kf\/HTB1VvGfaffsK1RjSszgq6yXzpXaW\/220335770\/HTB1VvGfaffsK1RjSszgq6yXzpXaW.jpg_.webp\" slate-data-type=\"image\"\/><\/div>\n<div class=\"detailmodule_image\"><img decoding=\"async\" class=\"detail-desc-decorate-image\" src=\"https:\/\/sc01.alicdn.com\/kf\/HTB1fMOEacrrK1Rjy1zeq6xalFXaM\/220335770\/HTB1fMOEacrrK1Rjy1zeq6xalFXaM.jpg_.webp\" slate-data-type=\"image\"\/><\/div>\n<p><\/p>\n<\/div>\n<\/div>\n<p><\/p>","protected":false},"excerpt":{"rendered":"<p>Capacity:&nbsp;21 &#8211; 30Ah Voltage:&nbsp;48v Type:&nbsp;lithium battery Origin:&nbsp;Mainland China Voltage:&nbsp;36V Product Description Product Description1. With USB port can charge Cell Phone and Bluetooth Speaker2. New slim hailong style Case Battery with<\/p>","protected":false},"featured_media":22579,"comment_status":"open","ping_status":"closed","template":"","meta":{"_acf_changed":false},"product_brand":[],"product_cat":[533],"product_tag":[],"class_list":{"0":"post-23995","1":"product","2":"type-product","3":"status-publish","4":"has-post-thumbnail","6":"product_cat-downtube-e-bike-batteries","8":"first","9":"instock","10":"shipping-taxable","11":"purchasable","12":"product-type-variable"},"acf":[],"_links":{"self":[{"href":"https:\/\/electricstore.eu\/fr\/wp-json\/wp\/v2\/product\/23995","targetHints":{"allow":["GET"]}}],"collection":[{"href":"https:\/\/electricstore.eu\/fr\/wp-json\/wp\/v2\/product"}],"about":[{"href":"https:\/\/electricstore.eu\/fr\/wp-json\/wp\/v2\/types\/product"}],"replies":[{"embeddable":true,"href":"https:\/\/electricstore.eu\/fr\/wp-json\/wp\/v2\/comments?post=23995"}],"wp:featuredmedia":[{"embeddable":true,"href":"https:\/\/electricstore.eu\/fr\/wp-json\/wp\/v2\/media\/22579"}],"wp:attachment":[{"href":"https:\/\/electricstore.eu\/fr\/wp-json\/wp\/v2\/media?parent=23995"}],"wp:term":[{"taxonomy":"product_brand","embeddable":true,"href":"https:\/\/electricstore.eu\/fr\/wp-json\/wp\/v2\/product_brand?post=23995"},{"taxonomy":"product_cat","embeddable":true,"href":"https:\/\/electricstore.eu\/fr\/wp-json\/wp\/v2\/product_cat?post=23995"},{"taxonomy":"product_tag","embeddable":true,"href":"https:\/\/electricstore.eu\/fr\/wp-json\/wp\/v2\/product_tag?post=23995"}],"curies":[{"name":"wp","href":"https:\/\/api.w.org\/{rel}","templated":true}]}}