{"id":23229,"date":"2025-05-20T18:33:21","date_gmt":"2025-05-20T18:33:21","guid":{"rendered":"https:\/\/electricstore.eu\/p\/uncategorized\/csc-electric-bike-front-rear-wheel-hub-motor-brushless-gear-kit-36v-250w-350w-500w-electric-bicycle-conversion-kit-e-bike\/"},"modified":"2025-05-20T18:33:24","modified_gmt":"2025-05-20T18:33:24","slug":"csc-electric-bike-front-rear-wheel-hub-motor-brushless-gear-kit-36v-250w-350w-500w-electric-bicycle-conversion-kit-e-bike","status":"publish","type":"product","link":"https:\/\/electricstore.eu\/fr\/p\/p\/kits\/electric-hub-motor-kits\/csc-electric-bike-front-rear-wheel-hub-motor-brushless-gear-kit-36v-250w-350w-500w-electric-bicycle-conversion-kit-e-bike\/","title":{"rendered":"Kit de conversion de v\u00e9lo \u00e9lectrique CSC 36 V 250 W 350 W 500 W avec moteur de moyeu de roue avant et arri\u00e8re sans balais"},"content":{"rendered":"<div class=\"product-specs-list-container\">\n<ul class=\"product-specs-list util-clearfix\">\n<li class=\"product-prop line-limit-length\"><span\n                                        class=\"property-title\">Puissance :&nbsp;<\/span><span\n                                        class=\"property-desc line-limit-length\">&gt; 400w<\/span>\n                            <\/li>\n<li class=\"product-prop line-limit-length\"><span\n                                        class=\"property-title\">Conception:&nbsp;<\/span><span\n                                        class=\"property-desc line-limit-length\">Sans balais<\/span>\n                            <\/li>\n<li class=\"product-prop line-limit-length\"><span\n                                        class=\"property-title\">tension:&nbsp;<\/span><span\n                                        class=\"property-desc line-limit-length\">36V<\/span>\n                            <\/li>\n<li class=\"product-prop line-limit-length\"><span\n                                        class=\"property-title\">Origine:&nbsp;<\/span><span\n                                        class=\"property-desc line-limit-length\">Chine continentale<\/span>\n                            <\/li>\n<li class=\"product-prop line-limit-length\"><span\n                                        class=\"property-title\">Moteur:&nbsp;<\/span><span\n                                        class=\"property-desc line-limit-length\">Moteur \u00e0 moyeu \u00e0 engrenages sans balais<\/span>\n                            <\/li>\n<li class=\"product-prop line-limit-length\"><span\n                                        class=\"property-title\">Puissance :&nbsp;<\/span><span\n                                        class=\"property-desc line-limit-length\">250 W 350 W 500 W<\/span>\n                            <\/li>\n<li class=\"product-prop line-limit-length\"><span\n                                        class=\"property-title\">Type de frein :&nbsp;<\/span><span\n                                        class=\"property-desc line-limit-length\">frein V-brake, compatible avec les freins \u00e0 disque<\/span>\n                            <\/li>\n<li class=\"product-prop line-limit-length\"><span\n                                        class=\"property-title\">Type de suspension :&nbsp;<\/span><span\n                                        class=\"property-desc line-limit-length\">Avant ou arri\u00e8re<\/span>\n                            <\/li>\n<li class=\"product-prop line-limit-length\"><span\n                                        class=\"property-title\">Taille de pneu appropri\u00e9e :&nbsp;<\/span><span\n                                        class=\"property-desc line-limit-length\">26 po 27,5 po 28 po 29 po 700 \u00b0C<\/span>\n                            <\/li>\n<li class=\"product-prop line-limit-length\"><span\n                                        class=\"property-title\">Diam\u00e8tre de l&#039;arbre du moteur :&nbsp;<\/span><span\n                                        class=\"property-desc line-limit-length\">36 V M12 (12 mm x 10 mm), 48 V M14 (14 mm x 10 mm),<\/span>\n                            <\/li>\n<li class=\"product-prop line-limit-length\"><span\n                                        class=\"property-title\">Note:&nbsp;<\/span><span\n                                        class=\"property-desc line-limit-length\">V\u00e9rifiez les dimensions estampill\u00e9es sur le pneu avant de commander<\/span>\n                            <\/li>\n<li class=\"product-prop line-limit-length\"><span\n                                        class=\"property-title\">Largeur de l&#039;article :&nbsp;<\/span><span\n                                        class=\"property-desc line-limit-length\">Avant 100 mm, arri\u00e8re 135 mm<\/span>\n                            <\/li>\n<\/ul><\/div>\n<div class=\"detailmodule_dynamic\"><kse:widget data-widget-type=\"customText\" id=\"1005000001164523\" type=\"relation\"><\/kse:widget><\/div>\n<div class=\"detailmodule_html\">\n<div class=\"detail-desc-decorate-richtext\">\n<p><\/p>\n<div class=\"detailmodule_text-image\">\n<p style=\"font-family:OpenSans;font-size:20px;font-weight:900;line-height:28px;white-space:pre-wrap;color:rgb(0, 0, 0);margin-bottom:12px\" class=\"detail-desc-decorate-title\">Liste de colisage<\/p>\n<p style=\"font-family:OpenSans;font-size:14px;font-weight:300;line-height:20px;white-space:pre-wrap;color:rgb(0, 0, 0);margin-bottom:12px\" class=\"detail-desc-decorate-content\">Remarque\u00a0: le kit de conversion n&#039;inclut pas la batterie, le pneu, la roue libre, le frein \u00e0 disque. (Si vous avez besoin d&#039;une batterie, d&#039;un pneu, d&#039;une roue libre, d&#039;un frein \u00e0 disque, veuillez nous contacter pour des frais suppl\u00e9mentaires)<\/p>\n<p>1 * Roue motrice arri\u00e8re<br \/>1 * Contr\u00f4leur CC <br \/>1 * Sac de contr\u00f4leur<br \/>1 paire * Levier de frein \u00e0 coupure de courant<br \/>1 * \u00c9cran sw900<br \/>1 * 8 Capteur d&#039;assistance de p\u00e9dale magn\u00e9tique<br \/>1 jeu * Poign\u00e9e d&#039;acc\u00e9l\u00e9rateur rotative<\/p>\n<div><img decoding=\"async\" style=\"margin-bottom:10px\" class=\"detail-desc-decorate-image\" src=\"https:\/\/ae04.alicdn.com\/kf\/H7fef7aef407745faabf15817e0fca9fbj.jpg\" slate-data-type=\"image\"\/><\/div>\n<\/div>\n<div class=\"detailmodule_text-image\">\n<p style=\"font-family:OpenSans;font-size:20px;font-weight:900;line-height:28px;white-space:pre-wrap;color:rgb(0, 0, 0);margin-bottom:12px\" class=\"detail-desc-decorate-title\">Roue motrice<\/p>\n<p style=\"font-family:OpenSans;font-size:14px;font-weight:300;line-height:20px;white-space:pre-wrap;color:rgb(0, 0, 0);margin-bottom:12px\" class=\"detail-desc-decorate-content\">1. Pleine vitesse : 36 V 250\/350\/500 W environ 20 \u00e0 35 km\/heure,<br \/>48V 1000W environ 45-55km\/h, <br \/>48V 1500W environ 50-60km\/h, <br \/> (diff\u00e9rentes tailles de roues, conditions de route et de m\u00e9t\u00e9o et poids du cycliste auront une vitesse diff\u00e9rente)<br \/>2. Moteur de moyeu : moteur de moyeu \u00e0 engrenages sans balais pour 36 V <br \/>Moteur sans balais \u00e0 moyeu sans engrenage pour 48 V <br \/>3. Jante : Jante en alliage d&#039;aluminium \u00e0 double paroi<br \/>4. Bo\u00eetier de p\u00e9dalier de roue : arri\u00e8re 135 mm-142 mm<br \/>5. Couple : 25-35 Nm pour 36 V 250 W 350 W 500 W<br \/>30-40NM pour 500W 1000W<br \/>35-45NM pour 1500W<br \/>6. Vitesse de rotation : 320 tr\/min pour 36 V 250 W 350 W<br \/>350 pour 36V 500W<br \/>470 pour 48V 500W 1000W<br \/>540 pour 48V 1500W<br \/>7. Ce moteur est compatible avec une roue libre filet\u00e9e, mais pas avec une cassette. Si vous recherchez un moteur compatible avec une cassette, veuillez nous contacter.<\/p>\n<div><img decoding=\"async\" style=\"margin-bottom:10px\" class=\"detail-desc-decorate-image\" src=\"https:\/\/ae01.alicdn.com\/kf\/H7bc9f84c75704df78fd5fb271f27f1d3c.jpg\" slate-data-type=\"image\"\/><img decoding=\"async\" style=\"margin-bottom:10px\" class=\"detail-desc-decorate-image\" src=\"https:\/\/ae01.alicdn.com\/kf\/H406141f49450451f823fc314a1c6ea900.jpg\" slate-data-type=\"image\"\/><img decoding=\"async\" style=\"margin-bottom:10px\" class=\"detail-desc-decorate-image\" src=\"https:\/\/ae01.alicdn.com\/kf\/H719fb8172fba4e62b41ae2b8a38ff726U.jpg\" slate-data-type=\"image\"\/><\/div>\n<\/div>\n<div class=\"detailmodule_text-image\">\n<p style=\"font-family:OpenSans;font-size:20px;font-weight:900;line-height:28px;white-space:pre-wrap;color:rgb(0, 0, 0);margin-bottom:12px\" class=\"detail-desc-decorate-title\">36V<\/p>\n<div><img decoding=\"async\" class=\"detail-desc-decorate-image\" src=\"https:\/\/ae01.alicdn.com\/kf\/H7add78d689ad4c839b04ae6a669449e3p.jpg\" slate-data-type=\"image\"\/><\/div>\n<\/div>\n<div class=\"detailmodule_text-image\">\n<p style=\"font-family:OpenSans;font-size:20px;font-weight:900;line-height:28px;white-space:pre-wrap;color:rgb(0, 0, 0);margin-bottom:12px\" class=\"detail-desc-decorate-title\">48V<\/p>\n<div><img decoding=\"async\" class=\"detail-desc-decorate-image\" src=\"https:\/\/ae01.alicdn.com\/kf\/Hf784f9dcfd9349b0ac9a2935009c8311q.jpg\" slate-data-type=\"image\"\/><\/div>\n<\/div>\n<div class=\"detailmodule_text-image\">\n<p style=\"font-family:OpenSans;font-size:20px;font-weight:900;line-height:28px;white-space:pre-wrap;color:rgb(0, 0, 0);margin-bottom:12px\" class=\"detail-desc-decorate-title\">Afficher<\/p>\n<p style=\"font-family:OpenSans;font-size:14px;font-weight:300;line-height:20px;white-space:pre-wrap;color:rgb(0, 0, 0);margin-bottom:12px\" class=\"detail-desc-decorate-content\">\u00c9cran SW900 avec fonction r\u00e9gulateur de vitesse<\/p>\n<p><img decoding=\"async\" src=\"https:\/\/ae01.alicdn.com\/kf\/H39dfd403144a4e7bb9f7546d329d9685R.jpg\" slate-data-type=\"image\"\/><\/p>\n<\/div>\n<div class=\"detailmodule_text-image\">\n<p style=\"font-family:OpenSans;font-size:20px;font-weight:900;line-height:28px;white-space:pre-wrap;color:rgb(0, 0, 0);margin-bottom:12px\" class=\"detail-desc-decorate-title\">Contr\u00f4leur<\/p>\n<p style=\"font-family:OpenSans;font-size:14px;font-weight:300;letter-spacing:normal;line-height:20px;text-align:start;white-space:pre-wrap;color:rgb(0, 0, 0);background-color:rgb(255, 255, 255);margin:0px 0px 12px;margin-bottom:12px;margin-top:0px;margin-left:0px;margin-right:0px;padding:0px;padding-bottom:0px;padding-top:0px;padding-left:0px;padding-right:0px;box-sizing:border-box\" class=\"detail-desc-decorate-content\" align=\"start\">Contr\u00f4leur MOSFET CSC 6<br \/>Convient pour : roue motrice 36 V 250 W\/350 W\/500 W, \u00e9cran SW900<br \/>Courant nominal : 15 A, courant maximal : 30 \u00b1 1 A<br \/>Taille : 100*64*32mm<\/p>\n<p>Contr\u00f4leur CSC 12 MOSFET <br \/>Convient pour : roue motrice 48 V 1\u00a0000 W, \u00e9cran SW900<br \/>Courant nominal : 22 A, courant maximal : 44 \u00b1 1 A<br \/>Taille : 149*83,3*42mm<\/p>\n<p>Contr\u00f4leur MOSFET CSC 15 <br \/>Convient pour : roue motrice 48 V 1\u00a0500 W, \u00e9cran SW900<br \/>Courant nominal : 35 A, courant maximal : 70 \u00b1 1 A<br \/>Taille : 118,2*82,33*41mm<\/p>\n<div style=\"font-family:&quot;Open Sans&quot;, Roboto, Arial, Helvetica, sans-serif, SimSun;font-size:14px;font-weight:400;letter-spacing:normal;text-align:start;white-space:normal;color:rgb(0, 0, 0);background-color:rgb(255, 255, 255);margin:0px;margin-bottom:0px;margin-top:0px;margin-left:0px;margin-right:0px;padding:0px;padding-bottom:0px;padding-top:0px;padding-left:0px;padding-right:0px;box-sizing:content-box\" align=\"start\"><img decoding=\"async\" style=\"border:0px;margin:0px 0px 10px;margin-bottom:10px;margin-top:0px;margin-left:0px;margin-right:0px;padding:0px;padding-bottom:0px;padding-top:0px;padding-left:0px;padding-right:0px;max-width:100%;box-sizing:border-box\" class=\"detail-desc-decorate-image\" src=\"https:\/\/ae01.alicdn.com\/kf\/H91b578cda72b4fe3bcd7881269329105N.jpg\" slate-data-type=\"image\"\/><\/div>\n<\/div>\n<div class=\"detailmodule_text-image\"><\/div>\n<div class=\"detailmodule_text-image\">\n<p style=\"font-family:OpenSans;font-size:20px;font-weight:900;line-height:28px;white-space:pre-wrap;color:rgb(0, 0, 0);margin-bottom:12px\" class=\"detail-desc-decorate-title\">Sac pour contr\u00f4leur<\/p>\n<div><img decoding=\"async\" style=\"margin-bottom:10px\" class=\"detail-desc-decorate-image\" src=\"https:\/\/ae01.alicdn.com\/kf\/Hfb0c0e235e9d410f815ccbb3e9f9291as.jpg\" slate-data-type=\"image\"\/><\/div>\n<\/div>\n<div class=\"detailmodule_text-image\">\n<p style=\"font-family:OpenSans;font-size:20px;font-weight:900;line-height:28px;white-space:pre-wrap;color:rgb(0, 0, 0);margin-bottom:12px\" class=\"detail-desc-decorate-title\">PAS<\/p>\n<p style=\"font-family:OpenSans;font-size:14px;font-weight:300;line-height:20px;white-space:pre-wrap;color:rgb(0, 0, 0);margin-bottom:12px\" class=\"detail-desc-decorate-content\">Aimant KT BZ-4(8)<\/p>\n<div><a href=\"https:\/\/www.aliexpress.com\/store\/product\/Electric-Bicycle-Pedal-BZ-4-8-8-Magnet-or-KT-V12L-12-Magnets-E-bike-PAS\/502344_32947529138.html?spm=2114.12010612.8148356.5.19f8628fiwlFMT\" target=\"_self\" class=\"\"><img decoding=\"async\" style=\"margin-bottom:10px\" class=\"detail-desc-decorate-image\" src=\"https:\/\/ae01.alicdn.com\/kf\/H088209dd4faa4eca81369d582b8c1418x.jpg\" slate-data-type=\"image\"\/><\/a><\/div>\n<\/div>\n<div class=\"detailmodule_text-image\">\n<p style=\"font-family:OpenSans;font-size:20px;font-weight:900;line-height:28px;white-space:pre-wrap;color:rgb(0, 0, 0);margin-bottom:12px\" class=\"detail-desc-decorate-title\">\u00c9trangler<\/p>\n<p style=\"font-family:OpenSans;font-size:14px;font-weight:300;line-height:20px;white-space:pre-wrap;color:rgb(0, 0, 0);margin-bottom:12px\" class=\"detail-desc-decorate-content\">Tournez la manette des gaz<\/p>\n<div><img decoding=\"async\" src=\"https:\/\/ae01.alicdn.com\/kf\/H00dccd59c973440b9a8550dc62c3c82dG.jpg\" slate-data-type=\"image\"\/><\/div>\n<\/div>\n<div class=\"detailmodule_text-image\">\n<p style=\"font-family:OpenSans;font-size:20px;font-weight:900;line-height:28px;white-space:pre-wrap;color:rgb(0, 0, 0);margin-bottom:12px\" class=\"detail-desc-decorate-title\">Levier de frein \u00e0 coupure de courant<\/p>\n<div><img decoding=\"async\" src=\"https:\/\/ae01.alicdn.com\/kf\/Hdcb7d7c9239040f182c68d68ed21828ao.jpg\" slate-data-type=\"image\"\/><\/div>\n<\/div>\n<div class=\"detailmodule_image\"><img decoding=\"async\" class=\"detail-desc-decorate-image\" src=\"https:\/\/ae01.alicdn.com\/kf\/H2f40eb453ff042d19f4edd32f21b3176U.jpg\" slate-data-type=\"image\"\/><\/div>\n<div class=\"detailmodule_text-image\">\n<p style=\"font-family:OpenSans;font-size:20px;font-weight:900;line-height:28px;white-space:pre-wrap;color:rgb(0, 0, 0);margin-bottom:12px\" class=\"detail-desc-decorate-title\">Exp\u00e9dition et garantie<\/p>\n<p style=\"font-family:OpenSans;font-size:14px;font-weight:300;line-height:20px;white-space:pre-wrap;color:rgb(0, 0, 0);margin-bottom:12px\" class=\"detail-desc-decorate-content\">Le num\u00e9ro de suivi est \u00e9galement disponible pour la m\u00e9thode d&#039;exp\u00e9dition du vendeur.<\/p>\n<p>1. ) Le prix comprend toutes les taxes<\/p>\n<p>2.) Si vous avez des questions apr\u00e8s r\u00e9ception des articles, veuillez nous contacter. Votre satisfaction est notre priorit\u00e9 absolue et nous sommes convaincus que vous serez satisfait de nos services.<\/p>\n<div>\u00a0<\/div>\n<\/div>\n<div class=\"detailmodule_text-image\">\n<p style=\"font-family:OpenSans;font-size:20px;font-weight:900;line-height:28px;white-space:pre-wrap;color:rgb(0, 0, 0);margin-bottom:12px\" class=\"detail-desc-decorate-title\">Emballage Notre usine et notre entrep\u00f4t<\/p>\n<div><img decoding=\"async\" style=\"margin-bottom:10px\" class=\"detail-desc-decorate-image\" src=\"https:\/\/ae01.alicdn.com\/kf\/H8b810db2ab8b4d8eb427b8a220c721431.jpg\" slate-data-type=\"image\"\/><\/div>\n<\/div>\n<div class=\"detailmodule_text-image\">\n<p style=\"font-family:OpenSans;font-size:20px;font-weight:900;line-height:28px;white-space:pre-wrap;color:rgb(0, 0, 0);margin-bottom:12px\" class=\"detail-desc-decorate-title\">Certification et brevet<\/p>\n<div><img decoding=\"async\" style=\"margin-bottom:10px\" class=\"detail-desc-decorate-image\" src=\"https:\/\/ae01.alicdn.com\/kf\/Hf9f37f875a884c5f9a1fa1d70020da65l.jpg\" slate-data-type=\"image\"\/><\/div>\n<\/div>\n<p><\/p>\n<p><\/p>\n<p><\/p>\n<p><\/p>\n<p><\/p>\n<p><\/p>\n<\/div>\n<\/div>\n<p><\/p>","protected":false},"excerpt":{"rendered":"<p>Wattage:&nbsp;&gt; 400w Design:&nbsp;Brushless Voltage:&nbsp;36V Origin:&nbsp;Mainland China Motor:&nbsp;Brushless Gear Hub Motor Wattage:&nbsp;250W 350W 500W Brake Type:&nbsp;v-brake, disc brake compatible Suspension Type:&nbsp;Front or Rear Suitable tire size:&nbsp;26 in 27.5 in 28 in<\/p>","protected":false},"featured_media":23230,"comment_status":"open","ping_status":"closed","template":"","meta":{"_acf_changed":false},"product_brand":[],"product_cat":[528],"product_tag":[],"class_list":{"0":"post-23229","1":"product","2":"type-product","3":"status-publish","4":"has-post-thumbnail","6":"product_cat-electric-hub-motor-kits","8":"first","9":"instock","10":"shipping-taxable","11":"purchasable","12":"product-type-variable"},"acf":[],"_links":{"self":[{"href":"https:\/\/electricstore.eu\/fr\/wp-json\/wp\/v2\/product\/23229","targetHints":{"allow":["GET"]}}],"collection":[{"href":"https:\/\/electricstore.eu\/fr\/wp-json\/wp\/v2\/product"}],"about":[{"href":"https:\/\/electricstore.eu\/fr\/wp-json\/wp\/v2\/types\/product"}],"replies":[{"embeddable":true,"href":"https:\/\/electricstore.eu\/fr\/wp-json\/wp\/v2\/comments?post=23229"}],"wp:featuredmedia":[{"embeddable":true,"href":"https:\/\/electricstore.eu\/fr\/wp-json\/wp\/v2\/media\/23230"}],"wp:attachment":[{"href":"https:\/\/electricstore.eu\/fr\/wp-json\/wp\/v2\/media?parent=23229"}],"wp:term":[{"taxonomy":"product_brand","embeddable":true,"href":"https:\/\/electricstore.eu\/fr\/wp-json\/wp\/v2\/product_brand?post=23229"},{"taxonomy":"product_cat","embeddable":true,"href":"https:\/\/electricstore.eu\/fr\/wp-json\/wp\/v2\/product_cat?post=23229"},{"taxonomy":"product_tag","embeddable":true,"href":"https:\/\/electricstore.eu\/fr\/wp-json\/wp\/v2\/product_tag?post=23229"}],"curies":[{"name":"wp","href":"https:\/\/api.w.org\/{rel}","templated":true}]}}