{"id":21819,"date":"2025-05-20T18:27:18","date_gmt":"2025-05-20T18:27:18","guid":{"rendered":"https:\/\/electricstore.eu\/p\/uncategorized\/oscal-powermax2400-2400w-1872kwh-portable-power-station-dual-speaker-1-2h-fast-charging-app-control-led-light-16-outputs\/"},"modified":"2025-05-20T18:27:19","modified_gmt":"2025-05-20T18:27:19","slug":"oscal-powermax2400-2400w-1872kwh-portable-power-station-dual-speaker-1-2h-fast-charging-app-control-led-light-16-outputs","status":"publish","type":"product","link":"https:\/\/electricstore.eu\/fr\/p\/batteries\/portable-power-stations\/oscal-powermax2400-2400w-1872kwh-portable-power-station-dual-speaker-1-2h-fast-charging-app-control-led-light-16-outputs\/","title":{"rendered":"Station d&#039;alimentation portable Oscal PowerMax2400 2400 W 1872 kWh, double haut-parleur, charge rapide 1,2 h, contr\u00f4le par application, \u00e9clairage LED, 16 sorties"},"content":{"rendered":"<div class=\"product-specs-list-container\">\n<ul class=\"product-specs-list util-clearfix\">\n<li class=\"product-prop line-limit-length\"><span\n                                        class=\"property-title\">Application:&nbsp;<\/span><span\n                                        class=\"property-desc line-limit-length\">Stockage d&#039;\u00e9nergie solaire<\/span>\n                            <\/li>\n<li class=\"product-prop line-limit-length\"><span\n                                        class=\"property-title\">Capacit\u00e9 nominale :&nbsp;<\/span><span\n                                        class=\"property-desc line-limit-length\">1,872Wh<\/span>\n                            <\/li>\n<li class=\"product-prop line-limit-length\"><span\n                                        class=\"property-title\">Num\u00e9ro de mod\u00e8le :&nbsp;<\/span><span\n                                        class=\"property-desc line-limit-length\">PowerMax2400<\/span>\n                            <\/li>\n<li class=\"product-prop line-limit-length\"><span\n                                        class=\"property-title\">Taper:&nbsp;<\/span><span\n                                        class=\"property-desc line-limit-length\">LiFePO4<\/span>\n                            <\/li>\n<li class=\"product-prop line-limit-length\"><span\n                                        class=\"property-title\">Type d&#039;ensemble :&nbsp;<\/span><span\n                                        class=\"property-desc line-limit-length\">Ensembles de chargeurs<\/span>\n                            <\/li>\n<li class=\"product-prop line-limit-length\"><span\n                                        class=\"property-title\">Marque:&nbsp;<\/span><span\n                                        class=\"property-desc line-limit-length\">Oscal<\/span>\n                            <\/li>\n<li class=\"product-prop line-limit-length\"><span\n                                        class=\"property-title\">Mod\u00e8le:&nbsp;<\/span><span\n                                        class=\"property-desc line-limit-length\">PowerMax2400<\/span>\n                            <\/li>\n<li class=\"product-prop line-limit-length\"><span\n                                        class=\"property-title\">Capacit\u00e9:&nbsp;<\/span><span\n                                        class=\"property-desc line-limit-length\">1,872Wh<\/span>\n                            <\/li>\n<li class=\"product-prop line-limit-length\"><span\n                                        class=\"property-title\">Taper:&nbsp;<\/span><span\n                                        class=\"property-desc line-limit-length\">LiFePO4(Lithium Iron Phosphate)<\/span>\n                            <\/li>\n<li class=\"product-prop line-limit-length\"><span\n                                        class=\"property-title\">Life Cycles:&nbsp;<\/span><span\n                                        class=\"property-desc line-limit-length\">3,500+ Cycles to 80% Original Capacity<\/span>\n                            <\/li>\n<li class=\"product-prop line-limit-length\"><span\n                                        class=\"property-title\">Pouvoir:&nbsp;<\/span><span\n                                        class=\"property-desc line-limit-length\">2400W, Surge Power: 4800W<\/span>\n                            <\/li>\n<li class=\"product-prop line-limit-length\"><span\n                                        class=\"property-title\">Caract\u00e9ristiques 01 :&nbsp;<\/span><span\n                                        class=\"property-desc line-limit-length\">centrale \u00e9lectrique portable<\/span>\n                            <\/li>\n<li class=\"product-prop line-limit-length\"><span\n                                        class=\"property-title\">Caract\u00e9ristiques 02 :&nbsp;<\/span><span\n                                        class=\"property-desc line-limit-length\">centrale \u00e9lectrique<\/span>\n                            <\/li>\n<li class=\"product-prop line-limit-length\"><span\n                                        class=\"property-title\">Caract\u00e9ristiques 03 :&nbsp;<\/span><span\n                                        class=\"property-desc line-limit-length\">centrale solaire portable<\/span>\n                            <\/li>\n<li class=\"product-prop line-limit-length\"><span\n                                        class=\"property-title\">Caract\u00e9ristiques 04 :&nbsp;<\/span><span\n                                        class=\"property-desc line-limit-length\">bornes de recharge<\/span>\n                            <\/li>\n<li class=\"product-prop line-limit-length\"><span\n                                        class=\"property-title\">Caract\u00e9ristiques 05 :&nbsp;<\/span><span\n                                        class=\"property-desc line-limit-length\">g\u00e9n\u00e9rateur solaire<\/span>\n                            <\/li>\n<li class=\"product-prop line-limit-length\"><span\n                                        class=\"property-title\">Caract\u00e9ristiques 06 :&nbsp;<\/span><span\n                                        class=\"property-desc line-limit-length\">g\u00e9n\u00e9rateur \u00e9lectrique \u00e0 essence<\/span>\n                            <\/li>\n<li class=\"product-prop line-limit-length\"><span\n                                        class=\"property-title\">nverter Type:&nbsp;<\/span><span\n                                        class=\"property-desc line-limit-length\">Onde sinuso\u00efdale pure<\/span>\n                            <\/li>\n<li class=\"product-prop line-limit-length\"><span\n                                        class=\"property-title\">AC Outlets:&nbsp;<\/span><span\n                                        class=\"property-desc line-limit-length\">4x 2400W Max<\/span>\n                            <\/li>\n<\/ul><\/div>\n<p style=\"font-family:&quot;Microsoft YaHei&quot;;font-size:medium;font-weight:400;letter-spacing:normal;text-align:start;white-space:normal;color:rgb(0, 0, 0)\" align=\"start\"><span style=\"font-size:x-large\">Points forts<\/span><\/p>\n<p><\/p>\n<h3 style=\"font-family:&quot;Microsoft YaHei&quot;;letter-spacing:normal;text-align:start;white-space:normal;color:rgb(0, 0, 0)\" align=\"start\">1,872Wh to 20,592Wh Mega Capacity\u00a0<\/h3>\n<p style=\"font-family:&quot;Microsoft YaHei&quot;;font-size:medium;font-weight:400;letter-spacing:normal;text-align:start;white-space:normal;color:rgb(0, 0, 0)\" align=\"start\">The PowerMax 2400 features a powerful 1,872Wh battery that can expand up to 20,592Wh with 10 additional BP2400 batteries. Enjoy reliable, long-lasting energy for all your devices.<\/p>\n<h3 style=\"font-family:&quot;Microsoft YaHei&quot;;letter-spacing:normal;text-align:start;white-space:normal;color:rgb(0, 0, 0)\" align=\"start\">Powerful Dual Speakers\u00a0<\/h3>\n<p style=\"font-family:&quot;Microsoft YaHei&quot;;font-size:medium;font-weight:400;letter-spacing:normal;text-align:start;white-space:normal;color:rgb(0, 0, 0)\" align=\"start\">Its 25W subwoofer and 10W tweeter deliver deep bass and sharp highs, enhancing any occasion. Plus, it&#x27;s there for you in emergencies, providing essential sound when needed.<\/p>\n<h3 style=\"font-family:&quot;Microsoft YaHei&quot;;letter-spacing:normal;text-align:start;white-space:normal;color:rgb(0, 0, 0)\" align=\"start\">Powerful 2400W Output<\/h3>\n<p style=\"font-family:&quot;Microsoft YaHei&quot;;font-size:medium;font-weight:400;letter-spacing:normal;text-align:start;white-space:normal;color:rgb(0, 0, 0)\" align=\"start\">Stay powered and at ease with the PowerMax 2400. Its robust 2400W output can handle 99% of your home devices, making it ideal for camping, emergency blackouts, and outdoor projects. No matter where you are, it&#x27;s got you covered.<\/p>\n<h3 style=\"font-family:&quot;Microsoft YaHei&quot;;letter-spacing:normal;text-align:start;white-space:normal;color:rgb(0, 0, 0)\" align=\"start\">16 Thoughtfully Organized Outputs\u00a0<\/h3>\n<p style=\"font-family:&quot;Microsoft YaHei&quot;;font-size:medium;font-weight:400;letter-spacing:normal;text-align:start;white-space:normal;color:rgb(0, 0, 0)\" align=\"start\">Equipped with 16 thoughtfully organized outputs, including wireless charging, a car charger, DC outlets, AC sockets, USB-A, and USB-C, the PowerMax 2400 meets all your needs. From home blackouts to off-grid living and outdoor adventures, it ensures you stay comfortable and at ease.<\/p>\n<h3 style=\"font-family:&quot;Microsoft YaHei&quot;;letter-spacing:normal;text-align:start;white-space:normal;color:rgb(0, 0, 0)\" align=\"start\">Ultra-Fast Charging<\/h3>\n<p style=\"font-family:&quot;Microsoft YaHei&quot;;font-size:medium;font-weight:400;letter-spacing:normal;text-align:start;white-space:normal;color:rgb(0, 0, 0)\" align=\"start\">Never miss a moment with the PowerMax 2400&#x27;s lightning-fast 1500W charging. Charge up to 80% in just 1.2 hours and achieve a full charge in 1.5 hours, keeping you ready for any adventure.<\/p>\n<h3 style=\"font-family:&quot;Microsoft YaHei&quot;;letter-spacing:normal;text-align:start;white-space:normal;color:rgb(0, 0, 0)\" align=\"start\">Smart APP Control\u00a0<\/h3>\n<p style=\"font-family:&quot;Microsoft YaHei&quot;;font-size:medium;font-weight:400;letter-spacing:normal;text-align:start;white-space:normal;color:rgb(0, 0, 0)\" align=\"start\">Access the PowerMax 2400 smart app via wireless Bluetooth or WiFi. Effortlessly control power output and check charging times from your phone, making everything more convenient and hassle-free.<\/p>\n<h3 style=\"font-family:&quot;Microsoft YaHei&quot;;letter-spacing:normal;text-align:start;white-space:normal;color:rgb(0, 0, 0)\" align=\"start\">Smart Battery Management System\u00a0<\/h3>\n<p style=\"font-family:&quot;Microsoft YaHei&quot;;font-size:medium;font-weight:400;letter-spacing:normal;text-align:start;white-space:normal;color:rgb(0, 0, 0)\" align=\"start\">At the heart of safe battery usage, the PowerMax 2400&#x27;s Battery Management System provides real-time oversight of voltage, current, and temperature, ensuring unmatched power security.<\/p>\n<h3 style=\"font-family:&quot;Microsoft YaHei&quot;;letter-spacing:normal;text-align:start;white-space:normal;color:rgb(0, 0, 0)\" align=\"start\">Ultra-fast UPS Auto-switch &lt;0.01s\u00a0<\/h3>\n<p style=\"font-family:&quot;Microsoft YaHei&quot;;font-size:medium;font-weight:400;letter-spacing:normal;text-align:start;white-space:normal;color:rgb(0, 0, 0)\" align=\"start\">When connected to household power, the PowerMax 2400 operates in UPS mode. In the event of a power failure, it switches to battery power within an ultra-fast 0.01 seconds, providing seamless power to your devices for uninterrupted operation.<\/p>\n<h3 style=\"font-family:&quot;Microsoft YaHei&quot;;letter-spacing:normal;text-align:start;white-space:normal;color:rgb(0, 0, 0)\" align=\"start\">Ultra-bright LED Light\u00a0<\/h3>\n<p style=\"font-family:&quot;Microsoft YaHei&quot;;font-size:medium;font-weight:400;letter-spacing:normal;text-align:start;white-space:normal;color:rgb(0, 0, 0)\" align=\"start\">Whether you&#x27;re facing an emergency, exploring the outdoors, or camping, the PowerMax 2400&#x27;s 5W ultra-bright LED light with five lighting modes and customizable flash signals keeps you safe and connected.<\/p>\n<h3 style=\"font-family:&quot;Microsoft YaHei&quot;;letter-spacing:normal;text-align:start;white-space:normal;color:rgb(0, 0, 0)\" align=\"start\">Ultra-large Smart LCD Display\u00a0<\/h3>\n<p style=\"font-family:&quot;Microsoft YaHei&quot;;font-size:medium;font-weight:400;letter-spacing:normal;text-align:start;white-space:normal;color:rgb(0, 0, 0)\" align=\"start\">Enjoy clear power status even in bright sunlight with the PowerMax 2400&#x27;s 1000-nit screen. Its large smart LCD display provides all the power information you need for efficient real-time monitoring and management, whether at home, outside, or in a crisis.<\/p>\n<p><\/p>\n<h2 style=\"font-family:&quot;Microsoft YaHei&quot;;font-size:14px;letter-spacing:normal;text-align:start;white-space:normal;color:rgb(0, 0, 0);margin:10px 0px;margin-bottom:10px;margin-top:10px;margin-left:0px;margin-right:0px;padding:0px;padding-bottom:0px;padding-top:0px;padding-left:0px;padding-right:0px\" align=\"start\">Sp\u00e9cification<\/h2>\n<p><\/p>\n<table style=\"border-collapse:collapse;font-family:&quot;Microsoft YaHei&quot;;width:1000px\" class=\"jbEidtTable\" border=\"1\" cellpadding=\"5\" cellspacing=\"0\">\n<tbody>\n<tr>\n<td style=\"text-align:left\" align=\"left\">\n<p>G\u00e9n\u00e9ral<\/p>\n<\/td>\n<td style=\"text-align:left\" align=\"left\">\n<p>Brand: Oscal<br \/>Type: Portable Power Station<br \/>Model: PowerMax2400<br \/>Color: Gray<\/p>\n<\/td>\n<\/tr>\n<tr>\n<td style=\"text-align:left\" align=\"left\">\n<p>Sp\u00e9cification<\/p>\n<\/td>\n<td style=\"text-align:left\" align=\"left\">\n<p>Batterie<br \/>Capacity: 1,872Wh<br \/>Scalability: 1,872Wh-20,592Wh (PowerMax 2400 Up to 10*BP2400)<br \/>Type: LiFePO4(Lithium Iron Phosphate)<br \/>Life Cycles: 3,500+ Cycles to 80% Original Capacity<br \/>Shelf-life: Recharge to 80% Every 3-6 Months<br \/>Management System: BMS<\/p>\n<p>Output<br \/>Power: 2400W, Surge Power: 4800W<br \/>Inverter Type: Pure Sine Wave<br \/>AC Outlets: 4x 2400W Max<br \/>USB-A Ports: 4x18W<br \/>USB-C Ports: 2x 100W Max<br \/>DC5521 Ports: 2x60W<br \/>Car Cigarette Lighter Port: 1x 240W Max<br \/>Anderson Connector: 1x 240W Max<br \/>Wireless Charging Pads: 2x15W<\/p>\n<p>Input<br \/>AC Fast Charging:\u00a0<br \/>1.6 Hours(Full Charge)<br \/>1,400W(Max)<br \/>Pair with PM200 for 1,500W Max.<br \/>Solar Charging: 2.8 Hours(Full Charge)800W(Max)<br \/>12\/24V Car Outlet(120W\/240W)<br \/>24V: 9 Hours(Full Charge)<br \/>12V: 18 Hours(Full Charge)<\/p>\n<p>Pass-through Charging: Yes<br \/>UPS Switching Time: 0.01s<br \/>Operating Temperature: -4\u2109 to 113\u00b0\u2109 (-20\u2103-45\u2103)<br \/>Storage Temperature: -14 &#8211; 113\u2103 (-10\u2103-45\u2103)<\/p>\n<\/td>\n<\/tr>\n<tr>\n<td style=\"text-align:left\" align=\"left\">\n<p>Poids et taille<\/p>\n<\/td>\n<td style=\"text-align:left\" align=\"left\">\n<p>Product Weight: 25.5kg<br \/>Package Weight: 29.35kg<br \/>Product Size(L x W x H): 47*29*32.6cm<br \/>Package Size(L x W x H): 58*37*41cm<\/p>\n<\/td>\n<\/tr>\n<tr>\n<td style=\"text-align:left\" align=\"left\">\n<p>Contenu du colis<\/p>\n<\/td>\n<td style=\"text-align:left\" align=\"left\">\n<p>1 x Portable Power Station<br \/>1 x Power Cable<br \/>1 x Manuel d&#039;utilisation<\/p>\n<\/td>\n<\/tr>\n<\/tbody>\n<\/table>\n<p><img decoding=\"async\" src=\"https:\/\/ae01.alicdn.com\/kf\/Sa415ce3123674db6a55dad479f942361N.jpeg\" slate-data-type=\"image\"\/><img decoding=\"async\" src=\"https:\/\/ae01.alicdn.com\/kf\/S514738a1cded40be8f0b581def82a4bdo.jpeg\" slate-data-type=\"image\"\/><img decoding=\"async\" src=\"https:\/\/ae01.alicdn.com\/kf\/S78278ad08be948a48a1b2266d33b8abfw.jpeg\" slate-data-type=\"image\"\/><img decoding=\"async\" src=\"https:\/\/ae01.alicdn.com\/kf\/Sf1dc75bdc02043e1b333bf9d5e7c5470Q.jpeg\" slate-data-type=\"image\"\/><img decoding=\"async\" src=\"https:\/\/ae01.alicdn.com\/kf\/Se4f52309ceab4d429d12f435d01bd92aO.jpeg\" slate-data-type=\"image\"\/><img decoding=\"async\" src=\"https:\/\/ae01.alicdn.com\/kf\/Sd5a3f9101b054189aa64187450530466n.jpeg\" slate-data-type=\"image\"\/><img decoding=\"async\" src=\"https:\/\/ae01.alicdn.com\/kf\/Sfe821314728149aeb112fe8222704e42F.jpeg\" slate-data-type=\"image\"\/><img decoding=\"async\" src=\"https:\/\/ae01.alicdn.com\/kf\/Sc07465eb49344eaeb534b123bc5aeecdy.jpeg\" slate-data-type=\"image\"\/><img decoding=\"async\" src=\"https:\/\/ae01.alicdn.com\/kf\/Sefdfe710348d45cebd9c4c3fe94ffa6bj.jpeg\" slate-data-type=\"image\"\/><img decoding=\"async\" src=\"https:\/\/ae01.alicdn.com\/kf\/Sa38b9cdd1ea749e6971b755c27627381E.jpeg\" slate-data-type=\"image\"\/><img decoding=\"async\" src=\"https:\/\/ae01.alicdn.com\/kf\/S3b17e89551964825a20160a19c1ed72ek.jpeg\" slate-data-type=\"image\"\/><img decoding=\"async\" src=\"https:\/\/ae01.alicdn.com\/kf\/S04031a30e6c247999266851bfc2f7335A.jpeg\" slate-data-type=\"image\"\/><img decoding=\"async\" src=\"https:\/\/ae01.alicdn.com\/kf\/S8eb26019deb441b08d114b41f6811407M.jpeg\" slate-data-type=\"image\"\/><img decoding=\"async\" src=\"https:\/\/ae01.alicdn.com\/kf\/Sa71e3625d2da4ebdb3908f767d86b1ccP.jpeg\" slate-data-type=\"image\"\/><img decoding=\"async\" src=\"https:\/\/ae01.alicdn.com\/kf\/Sd9c611bf63c54476a12ed7ab05842e9d8.jpeg\" slate-data-type=\"image\"\/><img decoding=\"async\" src=\"https:\/\/ae01.alicdn.com\/kf\/Sfa08da2d00f34b33a5c47baebb93b8278.jpeg\" slate-data-type=\"image\"\/><img decoding=\"async\" src=\"https:\/\/ae01.alicdn.com\/kf\/S83c4968880074f86942a0909b933f010i.jpeg\" slate-data-type=\"image\"\/><img decoding=\"async\" src=\"https:\/\/ae01.alicdn.com\/kf\/S95135f365289428b903f5a99569a83f1h.jpeg\" slate-data-type=\"image\"\/><img decoding=\"async\" src=\"https:\/\/ae01.alicdn.com\/kf\/S1d2cf02e0883498f92dbbda6525f580ew.jpeg\" slate-data-type=\"image\"\/><\/p>","protected":false},"excerpt":{"rendered":"<p>Application:&nbsp;Solar Power Storage Nominal Capacity:&nbsp;1,872Wh Model Number:&nbsp;PowerMax2400 Type:&nbsp;LiFePO4 Set Type:&nbsp;Charger Sets Brand:&nbsp;Oscal Model:&nbsp;PowerMax2400 Capacity:&nbsp;1,872Wh Type:&nbsp;LiFePO4(Lithium Iron Phosphate) Life Cycles:&nbsp;3,500+ Cycles to 80% Original Capacity Power:&nbsp;2400W, Surge Power: 4800W Features 01:&nbsp;portable<\/p>","protected":false},"featured_media":21820,"comment_status":"open","ping_status":"closed","template":"","meta":{"_acf_changed":false},"product_brand":[],"product_cat":[515],"product_tag":[],"class_list":{"0":"post-21819","1":"product","2":"type-product","3":"status-publish","4":"has-post-thumbnail","6":"product_cat-portable-power-stations","8":"first","9":"instock","10":"shipping-taxable","11":"purchasable","12":"product-type-simple"},"acf":[],"_links":{"self":[{"href":"https:\/\/electricstore.eu\/fr\/wp-json\/wp\/v2\/product\/21819","targetHints":{"allow":["GET"]}}],"collection":[{"href":"https:\/\/electricstore.eu\/fr\/wp-json\/wp\/v2\/product"}],"about":[{"href":"https:\/\/electricstore.eu\/fr\/wp-json\/wp\/v2\/types\/product"}],"replies":[{"embeddable":true,"href":"https:\/\/electricstore.eu\/fr\/wp-json\/wp\/v2\/comments?post=21819"}],"wp:featuredmedia":[{"embeddable":true,"href":"https:\/\/electricstore.eu\/fr\/wp-json\/wp\/v2\/media\/21820"}],"wp:attachment":[{"href":"https:\/\/electricstore.eu\/fr\/wp-json\/wp\/v2\/media?parent=21819"}],"wp:term":[{"taxonomy":"product_brand","embeddable":true,"href":"https:\/\/electricstore.eu\/fr\/wp-json\/wp\/v2\/product_brand?post=21819"},{"taxonomy":"product_cat","embeddable":true,"href":"https:\/\/electricstore.eu\/fr\/wp-json\/wp\/v2\/product_cat?post=21819"},{"taxonomy":"product_tag","embeddable":true,"href":"https:\/\/electricstore.eu\/fr\/wp-json\/wp\/v2\/product_tag?post=21819"}],"curies":[{"name":"wp","href":"https:\/\/api.w.org\/{rel}","templated":true}]}}