{"id":21752,"date":"2025-05-20T18:26:44","date_gmt":"2025-05-20T18:26:44","guid":{"rendered":"https:\/\/electricstore.eu\/p\/uncategorized\/vtoman-v10-pro-car-jump-starter-4500a-with-led-lights-power-bank-car-power-supply-type-c-quick-charge-for-12v-vehicles\/"},"modified":"2025-05-20T18:26:44","modified_gmt":"2025-05-20T18:26:44","slug":"vtoman-v10-pro-car-jump-starter-4500a-with-led-lights-power-bank-car-power-supply-type-c-quick-charge-for-12v-vehicles","status":"publish","type":"product","link":"https:\/\/electricstore.eu\/fr\/p\/batteries\/jump-starter-compressor-power-banks\/vtoman-v10-pro-car-jump-starter-4500a-with-led-lights-power-bank-car-power-supply-type-c-quick-charge-for-12v-vehicles\/","title":{"rendered":"D\u00e9marreur de voiture VTOMAN V10 PRO 4500A avec voyants LED, batterie externe, chargeur rapide USB-C pour v\u00e9hicules 12V"},"content":{"rendered":"<div class=\"product-specs-list-container\">\n<ul class=\"product-specs-list util-clearfix\">\n<li class=\"product-prop line-limit-length\"><span\n                                        class=\"property-title\">Capacit\u00e9 de la batterie (mAh) :&nbsp;<\/span><span\n                                        class=\"property-desc line-limit-length\">3000-5000<\/span>\n                            <\/li>\n<li class=\"product-prop line-limit-length\"><span\n                                        class=\"property-title\">Marque:&nbsp;<\/span><span\n                                        class=\"property-desc line-limit-length\">VTOMNA<\/span>\n                            <\/li>\n<li class=\"product-prop line-limit-length\"><span\n                                        class=\"property-title\">Mod\u00e8le:&nbsp;<\/span><span\n                                        class=\"property-desc line-limit-length\">V10 PRO<\/span>\n                            <\/li>\n<li class=\"product-prop line-limit-length\"><span\n                                        class=\"property-title\">Courant nominal :&nbsp;<\/span><span\n                                        class=\"property-desc line-limit-length\">4500A<\/span>\n                            <\/li>\n<li class=\"product-prop line-limit-length\"><span\n                                        class=\"property-title\">Costumes:&nbsp;<\/span><span\n                                        class=\"property-desc line-limit-length\">pour v\u00e9hicules 12V (y compris tous les moteurs essence et les moteurs diesel jusqu&#039;\u00e0 10,0 litres)<\/span>\n                            <\/li>\n<li class=\"product-prop line-limit-length\"><span\n                                        class=\"property-title\">Caract\u00e9ristiques 02 :&nbsp;<\/span><span\n                                        class=\"property-desc line-limit-length\">Charge rapide USB-C<\/span>\n                            <\/li>\n<li class=\"product-prop line-limit-length\"><span\n                                        class=\"property-title\">Caract\u00e9ristiques 03 :&nbsp;<\/span><span\n                                        class=\"property-desc line-limit-length\">D\u00e9marrer des batteries d\u00e9charg\u00e9es<\/span>\n                            <\/li>\n<li class=\"product-prop line-limit-length\"><span\n                                        class=\"property-title\">Caract\u00e9ristiques 04 :&nbsp;<\/span><span\n                                        class=\"property-desc line-limit-length\">4500 A pour v\u00e9hicules 12 V<\/span>\n                            <\/li>\n<li class=\"product-prop line-limit-length\"><span\n                                        class=\"property-title\">Caract\u00e9ristiques 05 :&nbsp;<\/span><span\n                                        class=\"property-desc line-limit-length\">Les 10 technologies de s\u00e9curit\u00e9 les plus avanc\u00e9es<\/span>\n                            <\/li>\n<li class=\"product-prop line-limit-length\"><span\n                                        class=\"property-title\">Caract\u00e9ristiques 06 :&nbsp;<\/span><span\n                                        class=\"property-desc line-limit-length\">Portable et compact<\/span>\n                            <\/li>\n<li class=\"product-prop line-limit-length\"><span\n                                        class=\"property-title\">Caract\u00e9ristiques 01 :&nbsp;<\/span><span\n                                        class=\"property-desc line-limit-length\">Autonomie en veille de 24 mois<\/span>\n                            <\/li>\n<\/ul><\/div>\n<p><span style=\"font-size:26px\"><strong>Points forts:<\/strong><\/span><\/p>\n<ul style=\"font-family:&quot;Microsoft YaHei&quot;;font-size:medium;font-weight:400;letter-spacing:normal;text-align:start;white-space:normal;color:rgb(0, 0, 0);margin-bottom:10px;padding-left:0px\" class=\"clearfix\" align=\"start\">\n<li style=\"font-size:14px;margin-right:10px;padding-left:18px;list-style:none;position:relative;float:left\">\n<h3><strong>4500 A pour v\u00e9hicules 12 V<\/strong><\/h3>\n<p>Avec une puissance r\u00e9elle de 4\u00a0500 amp\u00e8res, le d\u00e9marreur V10 Pro permet de d\u00e9marrer en toute s\u00e9curit\u00e9 et efficacement tous les v\u00e9hicules 12\u00a0V (y compris les moteurs essence et les moteurs diesel jusqu\u2019\u00e0 10\u00a0litres) en seulement 30\u00a0secondes. Il est compatible avec les voitures, camions, motos, tracteurs, tondeuses \u00e0 gazon, SUV, motoneiges, bateaux, fourgonnettes, camping-cars et bien plus encore.<\/p>\n<h3><strong>D\u00e9marrer des batteries d\u00e9charg\u00e9es<\/strong><\/h3>\n<p>Avec le d\u00e9marreur V10 Pro, m\u00eame si votre batterie est compl\u00e8tement d\u00e9charg\u00e9e ou que la tension est trop faible pour \u00eatre d\u00e9tect\u00e9e, appuyez simplement sur le bouton \u00ab\u00a0BOOST\u00a0\u00bb pour red\u00e9marrer votre voiture instantan\u00e9ment. Jusqu&#039;\u00e0 70 d\u00e9marrages sont possibles avec une seule charge, m\u00eame par temp\u00e9ratures extr\u00eames (de -20\u00a0\u00b0C \u00e0 60\u00a0\u00b0C). Fini les heures d&#039;attente angoissante pour une assistance routi\u00e8re\u00a0!<\/p>\n<h3><strong>Charge rapide USB-C<\/strong><\/h3>\n<p>Dot\u00e9 d&#039;un port USB-C\/PD15W, de deux sorties USB-A\/Quick Charging et d&#039;une sortie CC de 15 V\/10 A, ce d\u00e9marreur de batterie portable fait \u00e9galement office de chargeur de batterie polyvalent pour recharger tablettes, t\u00e9l\u00e9phones, appareils portables, compresseurs d&#039;air, r\u00e9frig\u00e9rateurs de voiture, etc.<\/p>\n<h3><strong>Les 10 technologies de s\u00e9curit\u00e9 les plus avanc\u00e9es<\/strong><\/h3>\n<p>Le d\u00e9marreur de batterie VTOMAN privil\u00e9gie la s\u00e9curit\u00e9 et la simplicit\u00e9 d&#039;utilisation. Son indicateur de c\u00e2ble de d\u00e9marrage am\u00e9lior\u00e9 utilise un voyant rouge invers\u00e9 pour vous avertir en cas de mauvaise utilisation, \u00e9liminant ainsi tout risque de connexion incorrecte ou d&#039;\u00e9tincelles. Il offre une protection compl\u00e8te contre les \u00e9tincelles, l&#039;inversion de polarit\u00e9, la surcharge, les surintensit\u00e9s, les surcharges, les temp\u00e9ratures \u00e9lev\u00e9es et basses, les courts-circuits, les surtensions et les surcharges thermiques.<\/p>\n<h3><strong>Portable et compact<\/strong><\/h3>\n<p>Le d\u00e9marreur de batterie VTOMAN V10 Pro est fourni avec un \u00e9tui robuste, permettant de le ranger facilement dans le coffre de votre voiture en cas d&#039;urgence. Tr\u00e8s portable, il est id\u00e9al pour diverses activit\u00e9s de plein air et le camping, et dispose de 3 modes d&#039;\u00e9clairage LED de 400 lumens (normal, stroboscopique, SOS).<\/p>\n<h3><strong>Autonomie en veille de 24 mois<\/strong><\/h3>\n<p>Elle s&#039;\u00e9teint automatiquement apr\u00e8s 10 secondes d&#039;inactivit\u00e9, pr\u00e9servant ainsi l&#039;\u00e9nergie et garantissant une autonomie en veille de 24 mois. C&#039;est votre solution fiable et compl\u00e8te pour les d\u00e9pannages routiers.<\/p>\n<\/li>\n<li style=\"font-size:14px;font-weight:bold;margin-right:10px;padding-left:18px;list-style:none;float:left\">\n<p><span style=\"font-size:26px\"><strong>Sp\u00e9cification:<\/strong><\/span><\/p>\n<\/li>\n<li style=\"font-size:14px;margin-right:10px;padding-left:18px;list-style:none;position:relative;float:left\">\n<table style=\"border-collapse:collapse;width:1000px\" class=\"jbEidtTable\" border=\"1\" cellpadding=\"5\" cellspacing=\"0\">\n<tbody>\n<tr>\n<td style=\"font-size:14px;text-align:left\" align=\"left\">\n<p><strong>G\u00e9n\u00e9ral<\/strong><\/p>\n<\/td>\n<td style=\"font-size:14px;text-align:left\" align=\"left\">\n<p>Marque : VTOMNA<br \/>Type : D\u00e9marreur de voiture<br \/>Mod\u00e8le : V10 PRO<br \/>Couleur : Jaune<\/p>\n<\/td>\n<\/tr>\n<tr>\n<td style=\"font-size:14px;text-align:left\" align=\"left\">\n<p><strong>Sp\u00e9cification<\/strong><\/p>\n<\/td>\n<td style=\"font-size:14px;text-align:left\" align=\"left\">\n<p>Courant nominal : 4500 A<br \/>Convient aux v\u00e9hicules 12V (y compris tous les moteurs essence et les moteurs diesel jusqu&#039;\u00e0 10 litres).<\/p>\n<\/td>\n<\/tr>\n<tr>\n<td style=\"font-size:14px;text-align:left\" align=\"left\">\n<p><strong>Poids et taille<\/strong><\/p>\n<\/td>\n<td style=\"font-size:14px;text-align:left\" align=\"left\">\n<p>Poids du colis : 640 g<br \/>Dimensions de l&#039;emballage (L x l x H) : 230 x 94 x 35 mm<\/p>\n<\/td>\n<\/tr>\n<tr>\n<td style=\"font-size:14px;text-align:left\" align=\"left\">\n<p><strong>Contenu du colis<\/strong><\/p>\n<\/td>\n<td style=\"font-size:14px;text-align:left\" align=\"left\">\n<p>1 x D\u00e9marreur de voiture<br \/>1 c\u00e2ble de d\u00e9marrage<br \/>1 c\u00e2ble USB-A vers Type-C<br \/>1 c\u00e2ble USB-C vers USB-C<br \/>1 x \u00e9tui de rangement<br \/>1 x Manuel d&#039;utilisation<\/p>\n<\/td>\n<\/tr>\n<\/tbody>\n<\/table>\n<\/li>\n<\/ul>\n<p><img decoding=\"async\" src=\"https:\/\/ae01.alicdn.com\/kf\/Sc600202e0dc64b898a894dea26f916461.jpg\" slate-data-type=\"image\"\/><img decoding=\"async\" src=\"https:\/\/ae01.alicdn.com\/kf\/Sebb0626c4d7d499c852a7f1da2fce90cK.jpg\" slate-data-type=\"image\"\/><img decoding=\"async\" src=\"https:\/\/ae01.alicdn.com\/kf\/S356867fe7509432d9c10f8cbdf554f3d2.jpg\" slate-data-type=\"image\"\/><img decoding=\"async\" src=\"https:\/\/ae01.alicdn.com\/kf\/S4898ce700f864c83ab95ea2b81172d73U.jpg\" slate-data-type=\"image\"\/><img decoding=\"async\" src=\"https:\/\/ae01.alicdn.com\/kf\/S1678e755b3844ab59c22e4b2cae55c87K.jpg\" slate-data-type=\"image\"\/><img decoding=\"async\" src=\"https:\/\/ae01.alicdn.com\/kf\/S967ac49f559a42c19bbd0e97da7410e4A.jpg\" slate-data-type=\"image\"\/><img decoding=\"async\" src=\"https:\/\/ae01.alicdn.com\/kf\/Sbb5c5babf8844ffcb1030170ec8db036a.jpg\" slate-data-type=\"image\"\/><img decoding=\"async\" src=\"https:\/\/ae01.alicdn.com\/kf\/S3e28dfa1575e4c5fad3e7ad71e63243a0.jpg\" slate-data-type=\"image\"\/><img decoding=\"async\" src=\"https:\/\/ae01.alicdn.com\/kf\/S92fcf4cefc14436fab1d15759c729e63c.jpg\" slate-data-type=\"image\"\/><img decoding=\"async\" src=\"https:\/\/ae01.alicdn.com\/kf\/Sa23e005522994f1b98ba035e79ddfb27p.jpg\" slate-data-type=\"image\"\/><img decoding=\"async\" src=\"https:\/\/ae01.alicdn.com\/kf\/S5ffb78eeb8664be78833e7921638ae6fP.jpg\" slate-data-type=\"image\"\/><img decoding=\"async\" src=\"https:\/\/ae01.alicdn.com\/kf\/S2d81bd5174e645ef9f6645b1644d2f3bK.jpg\" slate-data-type=\"image\"\/><img decoding=\"async\" src=\"https:\/\/ae01.alicdn.com\/kf\/S1f6683fa371c4a65921e9aae8f9424a0B.jpg\" slate-data-type=\"image\"\/><img decoding=\"async\" src=\"https:\/\/ae01.alicdn.com\/kf\/Sd98411c6a5f547578da7e786510deeccB.jpg\" slate-data-type=\"image\"\/><img decoding=\"async\" src=\"https:\/\/ae01.alicdn.com\/kf\/S02f3de51e4754ccc8b5b2a6e4eed52a2A.jpg\" slate-data-type=\"image\"\/><\/p>","protected":false},"excerpt":{"rendered":"<p>Battery Capacity(mAh):&nbsp;3000-5000 Brand:&nbsp;VTOMNA Model:&nbsp;V10 PRO Rated Current:&nbsp;4500A Suits:&nbsp;for 12V Vehicles(including all gasoline and up to 10.0 liters diesel engines) Features 02:&nbsp;Type-C Quick Charge Features 03:&nbsp;Start Dead Batteries Features 04:&nbsp;4500A for<\/p>","protected":false},"featured_media":21753,"comment_status":"open","ping_status":"closed","template":"","meta":{"_acf_changed":false},"product_brand":[],"product_cat":[527],"product_tag":[],"class_list":{"0":"post-21752","1":"product","2":"type-product","3":"status-publish","4":"has-post-thumbnail","6":"product_cat-jump-starter-compressor-power-banks","8":"first","9":"instock","10":"shipping-taxable","11":"purchasable","12":"product-type-simple"},"acf":[],"_links":{"self":[{"href":"https:\/\/electricstore.eu\/fr\/wp-json\/wp\/v2\/product\/21752","targetHints":{"allow":["GET"]}}],"collection":[{"href":"https:\/\/electricstore.eu\/fr\/wp-json\/wp\/v2\/product"}],"about":[{"href":"https:\/\/electricstore.eu\/fr\/wp-json\/wp\/v2\/types\/product"}],"replies":[{"embeddable":true,"href":"https:\/\/electricstore.eu\/fr\/wp-json\/wp\/v2\/comments?post=21752"}],"wp:featuredmedia":[{"embeddable":true,"href":"https:\/\/electricstore.eu\/fr\/wp-json\/wp\/v2\/media\/21753"}],"wp:attachment":[{"href":"https:\/\/electricstore.eu\/fr\/wp-json\/wp\/v2\/media?parent=21752"}],"wp:term":[{"taxonomy":"product_brand","embeddable":true,"href":"https:\/\/electricstore.eu\/fr\/wp-json\/wp\/v2\/product_brand?post=21752"},{"taxonomy":"product_cat","embeddable":true,"href":"https:\/\/electricstore.eu\/fr\/wp-json\/wp\/v2\/product_cat?post=21752"},{"taxonomy":"product_tag","embeddable":true,"href":"https:\/\/electricstore.eu\/fr\/wp-json\/wp\/v2\/product_tag?post=21752"}],"curies":[{"name":"wp","href":"https:\/\/api.w.org\/{rel}","templated":true}]}}