{"id":21749,"date":"2025-05-20T18:26:40","date_gmt":"2025-05-20T18:26:40","guid":{"rendered":"https:\/\/electricstore.eu\/p\/uncategorized\/fossibot-sp420-420w-portable-fordable-solar-panel-23-4-conversion-efficiency-ip67-waterproof-for-portable-power-station\/"},"modified":"2025-05-20T18:26:46","modified_gmt":"2025-05-20T18:26:46","slug":"fossibot-sp420-420w-portable-fordable-solar-panel-23-4-conversion-efficiency-ip67-waterproof-for-portable-power-station","status":"publish","type":"product","link":"https:\/\/electricstore.eu\/fr\/p\/batteries\/foldable-solar-panels\/fossibot-sp420-420w-portable-fordable-solar-panel-23-4-conversion-efficiency-ip67-waterproof-for-portable-power-station\/","title":{"rendered":"Panneau solaire pliable portable FOSSiBOT SP420 420 W, efficacit\u00e9 de conversion 23,41 TP7T, IP67, \u00e9tanche, pour centrale \u00e9lectrique portable"},"content":{"rendered":"<div class=\"product-specs-list-container\">\n<ul class=\"product-specs-list util-clearfix\">\n<li class=\"product-prop line-limit-length\"><span\n                                        class=\"property-title\">Marque:&nbsp;<\/span><span\n                                        class=\"property-desc line-limit-length\">FOSSiBOT<\/span>\n                            <\/li>\n<li class=\"product-prop line-limit-length\"><span\n                                        class=\"property-title\">Taper:&nbsp;<\/span><span\n                                        class=\"property-desc line-limit-length\">Panneau solaire<\/span>\n                            <\/li>\n<li class=\"product-prop line-limit-length\"><span\n                                        class=\"property-title\">Mod\u00e8le:&nbsp;<\/span><span\n                                        class=\"property-desc line-limit-length\">SP420<\/span>\n                            <\/li>\n<li class=\"product-prop line-limit-length\"><span\n                                        class=\"property-title\">Puissance de cr\u00eate :&nbsp;<\/span><span\n                                        class=\"property-desc line-limit-length\">420 W (105 W x 4)<\/span>\n                            <\/li>\n<li class=\"product-prop line-limit-length\"><span\n                                        class=\"property-title\">Type de cellule :&nbsp;<\/span><span\n                                        class=\"property-desc line-limit-length\">Monocellule (182*182mm)<\/span>\n                            <\/li>\n<li class=\"product-prop line-limit-length\"><span\n                                        class=\"property-title\">Efficacit\u00e9 de conversion :&nbsp;<\/span><span\n                                        class=\"property-desc line-limit-length\">23.4%<\/span>\n                            <\/li>\n<li class=\"product-prop line-limit-length\"><span\n                                        class=\"property-title\">Lutin:&nbsp;<\/span><span\n                                        class=\"property-desc line-limit-length\">13.1A<\/span>\n                            <\/li>\n<\/ul><\/div>\n<p><strong><span style=\"font-size:24px\"><span style=\"font-family:&quot;times new roman&quot;, times, serif\">&gt;&gt;Points forts<\/span><\/span><\/strong><img decoding=\"async\" style=\"border:0px;margin:0px;margin-bottom:0px;margin-top:0px;margin-left:0px;margin-right:0px;padding:0px;padding-bottom:0px;padding-top:0px;padding-left:0px;padding-right:0px;max-width:100%;box-sizing:border-box\" src=\"https:\/\/ae01.alicdn.com\/kf\/Hfe87bce67f2e4de3a1d571ce40c2f920X.jpg\" slate-data-type=\"image\"\/><br \/><span style=\"font-size:18px;font-family:&quot;times new roman&quot;, times, serif\"><strong>23.4% Haute efficacit\u00e9 de conversion solaire<\/strong><\/span><span style=\"font-size:18px;font-family:&quot;times new roman&quot;, times, serif\"><br \/>Avec<br \/> jusqu&#039;\u00e0 23,4% cellules solaires monocristallines \u00e0 haut rendement, SP420 fonctionne<br \/> meilleur que les panneaux solaires polycristallins de puissance similaire en cas de faible luminosit\u00e9 <br \/>conditions. Il vous permet de profiter pleinement de vos aventures en plein air <br \/>l&#039;\u00e9nergie solaire pendant la randonn\u00e9e, le camping, les v\u00e9hicules r\u00e9cr\u00e9atifs, les remorques, les bateaux, les hangars et <br \/>cabines.<\/span><\/p>\n<p><span style=\"font-size:18px;font-family:&quot;times new roman&quot;, times, serif\"><strong>Durable, imperm\u00e9able et r\u00e9sistant aux rayures<\/strong><\/span><span style=\"font-size:18px;font-family:&quot;times new roman&quot;, times, serif\"><br \/>Adopter<br \/> rev\u00eatement EFTE durable sur la surface, il est plus durable et <br \/>r\u00e9sistant aux rayures. Le panneau est \u00e9galement fabriqu\u00e9 conform\u00e9ment aux<br \/> Norme d&#039;\u00e9tanch\u00e9it\u00e9 IP67, ce qui le rend id\u00e9al pour les activit\u00e9s de plein air, telles que <br \/>comme le camping, l&#039;escalade, la randonn\u00e9e et m\u00eame dans de mauvaises conditions m\u00e9t\u00e9orologiques.<\/span><\/p>\n<p><span style=\"font-size:18px;font-family:&quot;times new roman&quot;, times, serif\"><strong>Large compatibilit\u00e9<\/strong><\/span><span style=\"font-size:18px;font-family:&quot;times new roman&quot;, times, serif\"><br \/>SP420<br \/> est parfaitement compatible avec le FOSSiBOT F3600. Dot\u00e9 de 4 panneaux solaires SP420, le F3600<br \/> se recharge compl\u00e8tement en environ 2 heures et 16 minutes. Avec un 3-en-1 <br \/>c\u00e2ble de charge solaire, ce panneau solaire de 420 W est con\u00e7u pour \u00eatre utilis\u00e9 avec <br \/>la plupart des g\u00e9n\u00e9rateurs solaires sur le march\u00e9.<\/span><\/p>\n<p><span style=\"font-size:18px;font-family:&quot;times new roman&quot;, times, serif\"><strong>Pliable et portable<\/strong><\/span><span style=\"font-size:18px;font-family:&quot;times new roman&quot;, times, serif\"><br \/>Avec<br \/> d&#039;une taille pli\u00e9e de 55 x 103,6 cm et pesant seulement 13,97 kg, le <br \/>Le FOSSiBOT SP420 est facile \u00e0 transporter et \u00e0 installer. Il est \u00e9galement dot\u00e9 <br \/>b\u00e9quilles r\u00e9glables qui vous permettent d&#039;ajuster le panneau solaire <br \/>selon le soleil.<\/span><\/p>\n<p><\/p>\n<p><strong><span style=\"font-size:24px\"><span style=\"font-family:&quot;times new roman&quot;, times, serif\">&gt;&gt;Sp\u00e9cifications<\/span><\/span><\/strong><img decoding=\"async\" style=\"border:0px;margin:0px;margin-bottom:0px;margin-top:0px;margin-left:0px;margin-right:0px;padding:0px;padding-bottom:0px;padding-top:0px;padding-left:0px;padding-right:0px;max-width:100%;box-sizing:border-box\" src=\"https:\/\/ae01.alicdn.com\/kf\/Hfe87bce67f2e4de3a1d571ce40c2f920X.jpg\" slate-data-type=\"image\"\/><\/p>\n<table style=\"border-collapse:collapse;font-family:&quot;Microsoft YaHei&quot;;width:1000px\" class=\"jbEidtTable\" border=\"1\" cellpadding=\"5\" cellspacing=\"0\">\n<tbody>\n<tr>\n<td style=\"font-size:14px;text-align:left\" align=\"left\">\n<p><span style=\"font-size:18px;font-family:&quot;times new roman&quot;, times, serif\"><strong>G\u00e9n\u00e9ral<\/strong><\/span><\/p>\n<\/td>\n<td style=\"font-size:14px;text-align:left\" align=\"left\">\n<p><span style=\"font-size:18px;font-family:&quot;times new roman&quot;, times, serif\">Marque : FOSSiBOT<br \/>Type : Panneau solaire<br \/>Mod\u00e8le : SP420<br \/>Couleur : Noir<\/span><\/p>\n<\/td>\n<\/tr>\n<tr>\n<td style=\"font-size:14px;text-align:left\" align=\"left\">\n<p><span style=\"font-size:18px;font-family:&quot;times new roman&quot;, times, serif\"><strong>Sp\u00e9cification<\/strong><\/span><\/p>\n<\/td>\n<td style=\"font-size:14px;text-align:left\" align=\"left\">\n<p><span style=\"font-size:18px;font-family:&quot;times new roman&quot;, times, serif\">Puissance de cr\u00eate : 420 W (105 W x 4)<br \/>Type de cellule : MonoCell (182*182mm)<br \/>Efficacit\u00e9 de conversion : 23,4%<br \/>Vmp : 32 V<br \/>Imp: 13,1A<br \/>Voc : 38,4 V<br \/>Isc : 15,7 A<br \/>Port de sortie : MC4<br \/>Temp\u00e9rature de fonctionnement : -10 \u2013 65 degr\u00e9s Celsius<br \/>Temp\u00e9rature ambiante de stockage : -10 \u2013 65 degr\u00e9s Celsius<br \/>Transmission totale : 97%<br \/>Perm\u00e9abilit\u00e9 \u00e0 l&#039;humidit\u00e9\u00a0: 40\u00a0\u00b0C \/ 901\u00a0TP7TRH g\/m\u00b2. Jour<br \/>Taux d&#039;absorption d&#039;eau : 2,5% (24H)<br \/>Conditions standard de test\u00a0: Am1,5 25\u00a0Celsius 1\u00a0000\u00a0W\/\u33a1<br \/>C\u00e2blage de transfert un \u00e0 trois : applicable \u00e0 tous les produits d&#039;alimentation FOSSiBOT, mais \u00e9galement \u00e0 d&#039;autres marques d&#039;\u00e9nergie<br \/>alimentation de stockage<\/span><\/p>\n<\/td>\n<\/tr>\n<tr>\n<td style=\"font-size:14px;text-align:left\" align=\"left\">\n<p><span style=\"font-size:18px;font-family:&quot;times new roman&quot;, times, serif\"><strong>Poids et taille<\/strong><\/span><\/p>\n<\/td>\n<td style=\"font-size:14px;text-align:left\" align=\"left\">\n<p><span style=\"font-size:18px;font-family:&quot;times new roman&quot;, times, serif\">Poids du produit : 13,97 kg<br \/>Poids du colis : 15 kg<br \/>Taille pli\u00e9e : 550*1036mm<br \/>Taille d\u00e9pli\u00e9e : 2231*1036mm<br \/>Dimensions du colis (L x l x H) : 1070 x 135 x 800 mm<\/span><\/p>\n<\/td>\n<\/tr>\n<tr>\n<td style=\"font-size:14px;text-align:left\" align=\"left\">\n<p><span style=\"font-size:18px;font-family:&quot;times new roman&quot;, times, serif\"><strong>Contenu du colis<\/strong><\/span><\/p>\n<\/td>\n<td style=\"font-size:14px;text-align:left\" align=\"left\">\n<p><span style=\"font-size:18px;font-family:&quot;times new roman&quot;, times, serif\">1 x panneau solaire<br \/>1 x Manuel d&#039;utilisation<\/span><\/p>\n<\/td>\n<\/tr>\n<\/tbody>\n<\/table>\n<p><\/p>\n<p><strong><span style=\"font-size:24px\"><span style=\"font-family:&quot;times new roman&quot;, times, serif\">&gt;&gt;Photos et descriptions des produits<\/span><\/span><\/strong><img decoding=\"async\" style=\"border:0px;margin:0px;margin-bottom:0px;margin-top:0px;margin-left:0px;margin-right:0px;padding:0px;padding-bottom:0px;padding-top:0px;padding-left:0px;padding-right:0px;max-width:100%;box-sizing:border-box\" src=\"https:\/\/ae01.alicdn.com\/kf\/H6fdde27b326346899cab45b03bea157bQ.jpg\" slate-data-type=\"image\"\/><span style=\"background-color:rgb(204, 204, 204);color:rgb(0, 0, 0);font-size:20px;font-family:&quot;lucida sans unicode&quot;, &quot;lucida grande&quot;, sans-serif\"><br \/><\/span><\/p>\n<p><img decoding=\"async\" src=\"https:\/\/ae01.alicdn.com\/kf\/Sd649baf48ab14635aad771be18e7484ek.jpg\" slate-data-type=\"image\"\/><img decoding=\"async\" src=\"https:\/\/ae01.alicdn.com\/kf\/S7b7ea5ce13f44ede939798e5528e24f1M.jpg\" slate-data-type=\"image\"\/><img decoding=\"async\" src=\"https:\/\/ae01.alicdn.com\/kf\/S73cb22d28fea4a10a1a2191d494e9214H.jpg\" slate-data-type=\"image\"\/><img decoding=\"async\" src=\"https:\/\/ae01.alicdn.com\/kf\/Se5235b927c7d4dfaa6cde3481fbfa267L.jpg\" slate-data-type=\"image\"\/><img decoding=\"async\" src=\"https:\/\/ae01.alicdn.com\/kf\/Sbb573d0f62bf4aa0b94d65252d4936a7I.jpg\" slate-data-type=\"image\"\/><img decoding=\"async\" src=\"https:\/\/ae01.alicdn.com\/kf\/Sa3c4283275364fbb9f56c624ea651c21L.jpg\" slate-data-type=\"image\"\/><img decoding=\"async\" src=\"https:\/\/ae01.alicdn.com\/kf\/Se6aa656251e84d04ab98a4860e0065855.jpg\" slate-data-type=\"image\"\/><img decoding=\"async\" src=\"https:\/\/ae01.alicdn.com\/kf\/S4ecbe3aa6d57459d827647dbdcf6b0645.jpg\" slate-data-type=\"image\"\/><\/p>","protected":false},"excerpt":{"rendered":"<p>Brand:&nbsp;FOSSiBOT Type:&nbsp;Solar Panel Model:&nbsp;SP420 Peak Power:&nbsp;420W (105W*4) Cell Type:&nbsp;MonoCell (182*182mm) Conversion Efficiency:&nbsp;23.4% Imp:&nbsp;13.1A &gt;&gt;Highlights23.4% High Solar Conversion EfficiencyWith up to 23.4% high-efficiency monocrystalline solar cells, SP420 performs better than similarly<\/p>","protected":false},"featured_media":21750,"comment_status":"open","ping_status":"closed","template":"","meta":{"_acf_changed":false},"product_brand":[],"product_cat":[531],"product_tag":[],"class_list":{"0":"post-21749","1":"product","2":"type-product","3":"status-publish","4":"has-post-thumbnail","6":"product_cat-foldable-solar-panels","8":"first","9":"instock","10":"shipping-taxable","11":"purchasable","12":"product-type-simple"},"acf":[],"_links":{"self":[{"href":"https:\/\/electricstore.eu\/fr\/wp-json\/wp\/v2\/product\/21749","targetHints":{"allow":["GET"]}}],"collection":[{"href":"https:\/\/electricstore.eu\/fr\/wp-json\/wp\/v2\/product"}],"about":[{"href":"https:\/\/electricstore.eu\/fr\/wp-json\/wp\/v2\/types\/product"}],"replies":[{"embeddable":true,"href":"https:\/\/electricstore.eu\/fr\/wp-json\/wp\/v2\/comments?post=21749"}],"wp:featuredmedia":[{"embeddable":true,"href":"https:\/\/electricstore.eu\/fr\/wp-json\/wp\/v2\/media\/21750"}],"wp:attachment":[{"href":"https:\/\/electricstore.eu\/fr\/wp-json\/wp\/v2\/media?parent=21749"}],"wp:term":[{"taxonomy":"product_brand","embeddable":true,"href":"https:\/\/electricstore.eu\/fr\/wp-json\/wp\/v2\/product_brand?post=21749"},{"taxonomy":"product_cat","embeddable":true,"href":"https:\/\/electricstore.eu\/fr\/wp-json\/wp\/v2\/product_cat?post=21749"},{"taxonomy":"product_tag","embeddable":true,"href":"https:\/\/electricstore.eu\/fr\/wp-json\/wp\/v2\/product_tag?post=21749"}],"curies":[{"name":"wp","href":"https:\/\/api.w.org\/{rel}","templated":true}]}}