{"id":21729,"date":"2025-05-20T18:21:38","date_gmt":"2025-05-20T18:21:38","guid":{"rendered":"https:\/\/electricstore.eu\/p\/uncategorized\/gooloo-gp4000-pro-car-jump-starter-4000a-peak-26800mah-power-bank-car-power-supply-15v-10a-dc-output-1w-white-led-10l-diesel\/"},"modified":"2025-08-10T14:25:39","modified_gmt":"2025-08-10T14:25:39","slug":"gooloo-gp4000-pro-car-jump-starter-4000a-peak-26800mah-power-bank-car-power-supply-15v-10a-dc-output-1w-white-led-10l-diesel","status":"publish","type":"product","link":"https:\/\/electricstore.eu\/fr\/p\/batteries\/jump-starter-compressor-power-banks\/gooloo-gp4000-pro-car-jump-starter-4000a-peak-26800mah-power-bank-car-power-supply-15v-10a-dc-output-1w-white-led-10l-diesel\/","title":{"rendered":"D\u00e9marreur de voiture GOOLOO GP4000 PRO, batterie externe 4\u00a0000 A, capacit\u00e9 maximale 26\u00a0800 mAh, alimentation 15 V, 10 A, sortie CC, 1 W, LED blanche, 10 l, diesel"},"content":{"rendered":"<div class=\"product-specs-list-container\">\n<ul class=\"product-specs-list util-clearfix\">\n<li class=\"product-prop line-limit-length\"><span\n                                        class=\"property-title\">Capacit\u00e9 de la batterie (mAh) :&nbsp;<\/span><span\n                                        class=\"property-desc line-limit-length\">20000-30000<\/span>\n                            <\/li>\n<li class=\"product-prop line-limit-length\"><span\n                                        class=\"property-title\">Marque:&nbsp;<\/span><span\n                                        class=\"property-desc line-limit-length\">GOOLOO<\/span>\n                            <\/li>\n<li class=\"product-prop line-limit-length\"><span\n                                        class=\"property-title\">Taper:&nbsp;<\/span><span\n                                        class=\"property-desc line-limit-length\">D\u00e9marreur de secours<\/span>\n                            <\/li>\n<li class=\"product-prop line-limit-length\"><span\n                                        class=\"property-title\">Mod\u00e8le:&nbsp;<\/span><span\n                                        class=\"property-desc line-limit-length\">GP4000 PRO<\/span>\n                            <\/li>\n<li class=\"product-prop line-limit-length\"><span\n                                        class=\"property-title\">Capacit\u00e9 de la batterie :&nbsp;<\/span><span\n                                        class=\"property-desc line-limit-length\">26800 mAh<\/span>\n                            <\/li>\n<li class=\"product-prop line-limit-length\"><span\n                                        class=\"property-title\">Courant de cr\u00eate :&nbsp;<\/span><span\n                                        class=\"property-desc line-limit-length\">4000A<\/span>\n                            <\/li>\n<li class=\"product-prop line-limit-length\"><span\n                                        class=\"property-title\">Sortie de d\u00e9marrage d&#039;urgence pour voiture\u00a0:&nbsp;<\/span><span\n                                        class=\"property-desc line-limit-length\">15V<\/span>\n                            <\/li>\n<li class=\"product-prop line-limit-length\"><span\n                                        class=\"property-title\">Entr\u00e9e de type C\u00a0:&nbsp;<\/span><span\n                                        class=\"property-desc line-limit-length\">15W (5V\/3A)<\/span>\n                            <\/li>\n<li class=\"product-prop line-limit-length\"><span\n                                        class=\"property-title\">Puissance de la lampe LED :&nbsp;<\/span><span\n                                        class=\"property-desc line-limit-length\">Blanc : 1W<\/span>\n                            <\/li>\n<li class=\"product-prop line-limit-length\"><span\n                                        class=\"property-title\">Caract\u00e9ristiques 01 :&nbsp;<\/span><span\n                                        class=\"property-desc line-limit-length\">D\u00e9marreur de voiture puissant de 4000 A<\/span>\n                            <\/li>\n<li class=\"product-prop line-limit-length\"><span\n                                        class=\"property-title\">Caract\u00e9ristiques 02 :&nbsp;<\/span><span\n                                        class=\"property-desc line-limit-length\">Chargeur portable haute capacit\u00e9<\/span>\n                            <\/li>\n<li class=\"product-prop line-limit-length\"><span\n                                        class=\"property-title\">Caract\u00e9ristiques 03 :&nbsp;<\/span><span\n                                        class=\"property-desc line-limit-length\">Sauveteur d&#039;urgence<\/span>\n                            <\/li>\n<li class=\"product-prop line-limit-length\"><span\n                                        class=\"property-title\">Caract\u00e9ristiques 04 :&nbsp;<\/span><span\n                                        class=\"property-desc line-limit-length\">Pinces m\u00e9talliques de s\u00e9curit\u00e9 et de qualit\u00e9<\/span>\n                            <\/li>\n<li class=\"product-prop line-limit-length\"><span\n                                        class=\"property-title\">Caract\u00e9ristiques 05 :&nbsp;<\/span><span\n                                        class=\"property-desc line-limit-length\">D\u00e9marreur de voiture robuste 12V<\/span>\n                            <\/li>\n<li class=\"product-prop line-limit-length\"><span\n                                        class=\"property-title\">Caract\u00e9ristiques 06 :&nbsp;<\/span><span\n                                        class=\"property-desc line-limit-length\">Fiable m\u00eame par grand froid.<\/span>\n                            <\/li>\n<\/ul><\/div>\n<p style=\"font-family:&quot;Open Sans&quot;, Roboto, Arial, Helvetica, sans-serif, SimSun;font-size:14px;font-weight:400;letter-spacing:normal;line-height:inherit;text-align:start;white-space:normal;color:rgb(34, 34, 34);margin:0px;margin-bottom:0px;margin-top:0px;margin-left:0px;margin-right:0px;padding:0px;padding-bottom:0px;padding-top:0px;padding-left:0px;padding-right:0px;box-sizing:border-box\" align=\"start\"><span style=\"color:rgb(0, 0, 0);font-size:medium;font-family:&quot;Microsoft YaHei&quot;\"><strong><span style=\"font-size:24px\"><span style=\"font-family:&quot;times new roman&quot;, times, serif\">&gt;&gt;Points forts<\/span><\/span><\/strong><\/span><\/p>\n<p style=\"font-family:&quot;Open Sans&quot;, Roboto, Arial, Helvetica, sans-serif, SimSun;font-size:14px;font-weight:400;letter-spacing:normal;line-height:inherit;text-align:start;white-space:normal;color:rgb(34, 34, 34);margin:0px;margin-bottom:0px;margin-top:0px;margin-left:0px;margin-right:0px;padding:0px;padding-bottom:0px;padding-top:0px;padding-left:0px;padding-right:0px;box-sizing:border-box\" align=\"start\"><\/p>\n<h3 style=\"font-family:&quot;Open Sans&quot;, Roboto, Arial, Helvetica, sans-serif, SimSun;letter-spacing:normal;text-align:start;white-space:normal;color:rgb(34, 34, 34);box-sizing:border-box\" align=\"start\"><strong><span style=\"font-size:18px;font-family:&quot;times new roman&quot;, times, serif\">D\u00e9marreur de voiture puissant de 4000 A<\/span><\/strong><\/h3>\n<p style=\"font-family:&quot;Open Sans&quot;, Roboto, Arial, Helvetica, sans-serif, SimSun;font-size:14px;font-weight:400;letter-spacing:normal;line-height:inherit;text-align:start;white-space:normal;color:rgb(34, 34, 34);margin:0px;margin-bottom:0px;margin-top:0px;margin-left:0px;margin-right:0px;padding:0px;padding-bottom:0px;padding-top:0px;padding-left:0px;padding-right:0px;box-sizing:border-box\" align=\"start\"><span style=\"font-size:18px;font-family:&quot;times new roman&quot;, times, serif\">Le d\u00e9marreur de batterie de 4\u00a0000 amp\u00e8res permet de red\u00e9marrer rapidement une voiture dont la batterie est \u00e0 plat. M\u00eame si la tension de la batterie est tr\u00e8s faible, une simple pression sur le bouton \u00ab\u00a0BOOST\u00a0\u00bb forcera le red\u00e9marrage du v\u00e9hicule. Le d\u00e9marreur de batterie GOOLOO peut d\u00e9marrer tous les moteurs essence et diesel jusqu&#039;\u00e0 10\u00a0litres en quelques secondes seulement. Il est compatible avec les v\u00e9hicules 12\u00a0V, les motos, les pick-ups, les camping-cars, les tracteurs, les camions, les fourgonnettes, les quads, les motoneiges, les yachts et bien d&#039;autres.<\/span><\/p>\n<h3 style=\"font-family:&quot;Open Sans&quot;, Roboto, Arial, Helvetica, sans-serif, SimSun;letter-spacing:normal;text-align:start;white-space:normal;color:rgb(34, 34, 34);box-sizing:border-box\" align=\"start\"><strong><span style=\"font-size:18px;font-family:&quot;times new roman&quot;, times, serif\">Chargeur portable haute capacit\u00e9<\/span><\/strong><\/h3>\n<p style=\"font-family:&quot;Open Sans&quot;, Roboto, Arial, Helvetica, sans-serif, SimSun;font-size:14px;font-weight:400;letter-spacing:normal;line-height:inherit;text-align:start;white-space:normal;color:rgb(34, 34, 34);margin:0px;margin-bottom:0px;margin-top:0px;margin-left:0px;margin-right:0px;padding:0px;padding-bottom:0px;padding-top:0px;padding-left:0px;padding-right:0px;box-sizing:border-box\" align=\"start\"><span style=\"font-size:18px;font-family:&quot;times new roman&quot;, times, serif\">Le d\u00e9marreur de batterie portable GP4000 PRO est \u00e9quip\u00e9 de deux ports de sortie de charge USB (dont un compatible avec la charge rapide) et d&#039;un port de charge USB Type-C (5 V\/3 A). Vous pouvez l&#039;utiliser pour charger d&#039;autres appareils ou recharger le d\u00e9marreur lui-m\u00eame. Portable et facile \u00e0 transporter, il permet de recharger rapidement de nombreux appareils portables, tels que smartphones, tablettes, appareils photo, GPS, etc.<\/span><\/p>\n<h3 style=\"font-family:&quot;Open Sans&quot;, Roboto, Arial, Helvetica, sans-serif, SimSun;letter-spacing:normal;text-align:start;white-space:normal;color:rgb(34, 34, 34);box-sizing:border-box\" align=\"start\"><strong><span style=\"font-size:18px;font-family:&quot;times new roman&quot;, times, serif\">Sauveteur d&#039;urgence\u00a0<\/span><\/strong><\/h3>\n<p style=\"font-family:&quot;Open Sans&quot;, Roboto, Arial, Helvetica, sans-serif, SimSun;font-size:14px;font-weight:400;letter-spacing:normal;line-height:inherit;text-align:start;white-space:normal;color:rgb(34, 34, 34);margin:0px;margin-bottom:0px;margin-top:0px;margin-left:0px;margin-right:0px;padding:0px;padding-bottom:0px;padding-top:0px;padding-left:0px;padding-right:0px;box-sizing:border-box\" align=\"start\"><span style=\"font-size:18px;font-family:&quot;times new roman&quot;, times, serif\">Le d\u00e9marreur de batterie portable GOOLOO GP4000 PRO permet de d\u00e9marrer votre v\u00e9hicule en quelques secondes, vous \u00e9vitant ainsi de rester immobilis\u00e9 et en danger plus longtemps que n\u00e9cessaire. Une charge compl\u00e8te permet de d\u00e9marrer la plupart des v\u00e9hicules plus de 60 fois\u00a0!<\/span><\/p>\n<h3 style=\"font-family:&quot;Open Sans&quot;, Roboto, Arial, Helvetica, sans-serif, SimSun;letter-spacing:normal;text-align:start;white-space:normal;color:rgb(34, 34, 34);box-sizing:border-box\" align=\"start\"><span style=\"font-size:18px;font-family:&quot;times new roman&quot;, times, serif\">Pinces m\u00e9talliques de s\u00e9curit\u00e9 et de qualit\u00e9<\/span><\/h3>\n<p style=\"font-family:&quot;Open Sans&quot;, Roboto, Arial, Helvetica, sans-serif, SimSun;font-size:14px;font-weight:400;letter-spacing:normal;line-height:inherit;text-align:start;white-space:normal;color:rgb(34, 34, 34);margin:0px;margin-bottom:0px;margin-top:0px;margin-left:0px;margin-right:0px;padding:0px;padding-bottom:0px;padding-top:0px;padding-left:0px;padding-right:0px;box-sizing:border-box\" align=\"start\"><span style=\"font-size:18px;font-family:&quot;times new roman&quot;, times, serif\">Le d\u00e9marreur de batterie GOOLOO int\u00e8gre 10 protections, vous lib\u00e9rant ainsi de tout souci de mauvaise utilisation et d&#039;\u00e9tincelles. Nous avons veill\u00e9 \u00e0 ce que nos utilisateurs se sentent en s\u00e9curit\u00e9 lorsqu&#039;ils utilisent notre produit. Les c\u00e2bles de d\u00e9marrage intelligents sont fabriqu\u00e9s avec des pinces enti\u00e8rement m\u00e9talliques afin de pr\u00e9venir les dommages li\u00e9s \u00e0 une utilisation prolong\u00e9e.<\/span><\/p>\n<h3 style=\"font-family:&quot;Open Sans&quot;, Roboto, Arial, Helvetica, sans-serif, SimSun;letter-spacing:normal;text-align:start;white-space:normal;color:rgb(34, 34, 34);box-sizing:border-box\" align=\"start\"><strong><span style=\"font-size:18px;font-family:&quot;times new roman&quot;, times, serif\">D\u00e9marreur de voiture robuste 12V<\/span><\/strong><\/h3>\n<p style=\"font-family:&quot;Open Sans&quot;, Roboto, Arial, Helvetica, sans-serif, SimSun;font-size:14px;font-weight:400;letter-spacing:normal;line-height:inherit;text-align:start;white-space:normal;color:rgb(34, 34, 34);margin:0px;margin-bottom:0px;margin-top:0px;margin-left:0px;margin-right:0px;padding:0px;padding-bottom:0px;padding-top:0px;padding-left:0px;padding-right:0px;box-sizing:border-box\" align=\"start\"><span style=\"font-size:18px;font-family:&quot;times new roman&quot;, times, serif\">Le plastique renforc\u00e9 et les coins en caoutchouc assurent une excellente r\u00e9sistance aux chutes. Une lampe torche int\u00e9gr\u00e9e peut vous d\u00e9panner en cas d&#039;urgence la nuit.<\/span><\/p>\n<h3 style=\"font-family:&quot;Open Sans&quot;, Roboto, Arial, Helvetica, sans-serif, SimSun;letter-spacing:normal;text-align:start;white-space:normal;color:rgb(34, 34, 34);box-sizing:border-box\" align=\"start\"><strong><span style=\"font-size:18px;font-family:&quot;times new roman&quot;, times, serif\">Fiable m\u00eame par grand froid.<\/span><\/strong><\/h3>\n<p style=\"font-family:&quot;Open Sans&quot;, Roboto, Arial, Helvetica, sans-serif, SimSun;font-size:14px;font-weight:400;letter-spacing:normal;line-height:inherit;text-align:start;white-space:normal;color:rgb(34, 34, 34);margin:0px;margin-bottom:0px;margin-top:0px;margin-left:0px;margin-right:0px;padding:0px;padding-bottom:0px;padding-top:0px;padding-left:0px;padding-right:0px;box-sizing:border-box\" align=\"start\"><span style=\"font-size:18px;font-family:&quot;times new roman&quot;, times, serif\">La puce intelligente am\u00e9lior\u00e9e du d\u00e9marreur de batterie GP4000 PRO assure un allumage rapide et fiable de la voiture dans des temp\u00e9ratures extr\u00eames allant de -4\u00b0F \u00e0 140\u00b0F.<\/span><\/p>\n<p style=\"font-family:&quot;Open Sans&quot;, Roboto, Arial, Helvetica, sans-serif, SimSun;font-size:14px;font-weight:400;letter-spacing:normal;line-height:inherit;text-align:start;white-space:normal;color:rgb(34, 34, 34);margin:0px;margin-bottom:0px;margin-top:0px;margin-left:0px;margin-right:0px;padding:0px;padding-bottom:0px;padding-top:0px;padding-left:0px;padding-right:0px;box-sizing:border-box\" align=\"start\"><\/p>\n<p style=\"font-family:&quot;Open Sans&quot;, Roboto, Arial, Helvetica, sans-serif, SimSun;font-size:14px;font-weight:400;letter-spacing:normal;line-height:inherit;text-align:start;white-space:normal;color:rgb(34, 34, 34);margin:0px;margin-bottom:0px;margin-top:0px;margin-left:0px;margin-right:0px;padding:0px;padding-bottom:0px;padding-top:0px;padding-left:0px;padding-right:0px;box-sizing:border-box\" align=\"start\"><span style=\"color:rgb(34, 34, 34);font-size:14px;font-family:&quot;Open Sans&quot;, Roboto, Arial, Helvetica, sans-serif, SimSun\"><strong><span style=\"font-size:24px\"><span style=\"font-family:&quot;times new roman&quot;, times, serif\">&gt;&gt;Sp\u00e9cifications<\/span><\/span><\/strong><\/span><\/p>\n<p style=\"font-family:&quot;Open Sans&quot;, Roboto, Arial, Helvetica, sans-serif, SimSun;font-size:14px;font-weight:400;letter-spacing:normal;line-height:inherit;text-align:start;white-space:normal;color:rgb(34, 34, 34);margin:0px;margin-bottom:0px;margin-top:0px;margin-left:0px;margin-right:0px;padding:0px;padding-bottom:0px;padding-top:0px;padding-left:0px;padding-right:0px;box-sizing:border-box\" align=\"start\">\n<table style=\"border-collapse:collapse;font-family:&quot;Microsoft YaHei&quot;;font-size:14px;text-align:start;color:rgb(34, 34, 34);width:1000px\" class=\"jbEidtTable\" border=\"1\" cellpadding=\"5\" cellspacing=\"0\" align=\"start\">\n<tbody>\n<tr>\n<td style=\"font-size:14px;text-align:left\" align=\"left\">\n<p style=\"line-height:inherit;margin:0px;margin-bottom:0px;margin-top:0px;margin-left:0px;margin-right:0px;padding:0px;padding-bottom:0px;padding-top:0px;padding-left:0px;padding-right:0px;box-sizing:border-box\"><span style=\"font-size:18px;font-family:&quot;times new roman&quot;, times, serif\"><strong>G\u00e9n\u00e9ral<\/strong><\/span><\/p>\n<\/td>\n<td style=\"font-size:14px;text-align:left\" align=\"left\">\n<p style=\"line-height:inherit;margin:0px;margin-bottom:0px;margin-top:0px;margin-left:0px;margin-right:0px;padding:0px;padding-bottom:0px;padding-top:0px;padding-left:0px;padding-right:0px;box-sizing:border-box\"><span style=\"font-size:18px;font-family:&quot;times new roman&quot;, times, serif\">Marque : GOOLOO<br \/>Type : D\u00e9marreur de secours<br \/>Mod\u00e8le : GP4000 PRO<br \/>Couleur : Jaune<\/span><\/p>\n<\/td>\n<\/tr>\n<tr>\n<td style=\"font-size:14px;text-align:left\" align=\"left\">\n<p style=\"line-height:inherit;margin:0px;margin-bottom:0px;margin-top:0px;margin-left:0px;margin-right:0px;padding:0px;padding-bottom:0px;padding-top:0px;padding-left:0px;padding-right:0px;box-sizing:border-box\"><span style=\"font-size:18px;font-family:&quot;times new roman&quot;, times, serif\"><strong>Sp\u00e9cification<\/strong><\/span><\/p>\n<\/td>\n<td style=\"font-size:14px;text-align:left\" align=\"left\">\n<p style=\"line-height:inherit;margin:0px;margin-bottom:0px;margin-top:0px;margin-left:0px;margin-right:0px;padding:0px;padding-bottom:0px;padding-top:0px;padding-left:0px;padding-right:0px;box-sizing:border-box\"><span style=\"font-size:18px;font-family:&quot;times new roman&quot;, times, serif\">Capacit\u00e9 de la batterie : 26\u00a0800 mAh\u00a0<br \/>Courant de cr\u00eate : 4000 A\u00a0<br \/>Sortie de d\u00e9marrage d&#039;urgence pour voiture\u00a0: 15\u00a0V\u00a0<br \/>Entr\u00e9e Type-C\u00a0: 15\u00a0W (5\u00a0V\/3\u00a0A)\u00a0<br \/>Sortie USB 2.0\u00a0: 5\u00a0V\/2,1\u00a0A, 15\u00a0V\/10\u00a0A\u00a0<br \/>Puissance du moteur diesel\u00a0: jusqu\u2019\u00e0 10\u00a0litres\u00a0<br \/>Puissance de la lumi\u00e8re LED\u00a0: Blanche\u00a0: 1\u00a0W<\/span><\/p>\n<\/td>\n<\/tr>\n<tr>\n<td style=\"font-size:14px;text-align:left\" align=\"left\">\n<p style=\"line-height:inherit;margin:0px;margin-bottom:0px;margin-top:0px;margin-left:0px;margin-right:0px;padding:0px;padding-bottom:0px;padding-top:0px;padding-left:0px;padding-right:0px;box-sizing:border-box\"><span style=\"font-size:18px;font-family:&quot;times new roman&quot;, times, serif\"><strong>Poids et taille<\/strong><\/span><\/p>\n<\/td>\n<td style=\"font-size:14px;text-align:left\" align=\"left\">\n<p style=\"line-height:inherit;margin:0px;margin-bottom:0px;margin-top:0px;margin-left:0px;margin-right:0px;padding:0px;padding-bottom:0px;padding-top:0px;padding-left:0px;padding-right:0px;box-sizing:border-box\"><span style=\"font-size:18px;font-family:&quot;times new roman&quot;, times, serif\">Poids du produit : 0,82 kg<br \/>Poids du colis : 1,77 kg<br \/>Dimensions de l&#039;emballage (L x l x H) : 23 x 10 x 3,8 cm<\/span><\/p>\n<\/td>\n<\/tr>\n<\/tbody>\n<\/table>\n<p style=\"font-family:&quot;Open Sans&quot;, Roboto, Arial, Helvetica, sans-serif, SimSun;font-size:14px;font-weight:400;letter-spacing:normal;line-height:inherit;text-align:start;white-space:normal;color:rgb(34, 34, 34);margin:0px;margin-bottom:0px;margin-top:0px;margin-left:0px;margin-right:0px;padding:0px;padding-bottom:0px;padding-top:0px;padding-left:0px;padding-right:0px;box-sizing:border-box\" align=\"start\"><\/p>\n<p style=\"font-family:&quot;Open Sans&quot;, Roboto, Arial, Helvetica, sans-serif, SimSun;font-size:14px;font-weight:400;letter-spacing:normal;line-height:inherit;text-align:start;white-space:normal;color:rgb(34, 34, 34);margin:0px;margin-bottom:0px;margin-top:0px;margin-left:0px;margin-right:0px;padding:0px;padding-bottom:0px;padding-top:0px;padding-left:0px;padding-right:0px;box-sizing:border-box\" align=\"start\"><span style=\"color:rgb(34, 34, 34);font-size:14px;font-family:&quot;Open Sans&quot;, Roboto, Arial, Helvetica, sans-serif, SimSun\"><strong><span style=\"font-size:24px\"><span style=\"font-family:&quot;times new roman&quot;, times, serif\">&gt;&gt;Photos et descriptions des produits<\/span><\/span><\/strong><\/span><\/p>\n<p style=\"font-family:&quot;Open Sans&quot;, Roboto, Arial, Helvetica, sans-serif, SimSun;font-size:14px;font-weight:400;letter-spacing:normal;line-height:inherit;text-align:start;white-space:normal;color:rgb(34, 34, 34);margin:0px;margin-bottom:0px;margin-top:0px;margin-left:0px;margin-right:0px;padding:0px;padding-bottom:0px;padding-top:0px;padding-left:0px;padding-right:0px;box-sizing:border-box\" align=\"start\"><img decoding=\"async\" src=\"https:\/\/ae01.alicdn.com\/kf\/Sfb99134e9ee649d2b0e7c558f4350c541.jpg\" slate-data-type=\"image\"\/><img decoding=\"async\" src=\"https:\/\/ae01.alicdn.com\/kf\/Sa828ce264ee240258a8a7cec52c8ac27G.jpg\" slate-data-type=\"image\"\/><img decoding=\"async\" src=\"https:\/\/ae01.alicdn.com\/kf\/Sb2e55234127243f6aaa1298af270da5db.jpg\" slate-data-type=\"image\"\/><img decoding=\"async\" src=\"https:\/\/ae01.alicdn.com\/kf\/S765f40fc77f34b589624f0fe27bdc040K.jpg\" slate-data-type=\"image\"\/><img decoding=\"async\" src=\"https:\/\/ae01.alicdn.com\/kf\/S38ea6669a03a44f08778e7a916cf7bb27.jpg\" slate-data-type=\"image\"\/><img decoding=\"async\" src=\"https:\/\/ae01.alicdn.com\/kf\/Sc42b45c62ff84c9d8b378d6ed316c84du.jpg\" slate-data-type=\"image\"\/><img decoding=\"async\" src=\"https:\/\/ae01.alicdn.com\/kf\/Sa7399f155e6b43c7bf1f12957fe604a0W.jpg\" slate-data-type=\"image\"\/><img decoding=\"async\" src=\"https:\/\/ae01.alicdn.com\/kf\/S846e59da2fe54b699d23b2ae9371233bK.jpg\" slate-data-type=\"image\"\/><img decoding=\"async\" src=\"https:\/\/ae01.alicdn.com\/kf\/S8502ff02fc91400ba1349bf54f3de588n.jpg\" slate-data-type=\"image\"\/><img decoding=\"async\" src=\"https:\/\/ae01.alicdn.com\/kf\/Sd5c19b049aaa4292b5033820971674caZ.jpg\" slate-data-type=\"image\"\/><img decoding=\"async\" src=\"https:\/\/ae01.alicdn.com\/kf\/S95dac948900a42f39205def49d941e0dK.jpg\" slate-data-type=\"image\"\/><img decoding=\"async\" src=\"https:\/\/ae01.alicdn.com\/kf\/S2264e22029564c298da97ed2a5463ef3e.jpg\" slate-data-type=\"image\"\/><img decoding=\"async\" src=\"https:\/\/ae01.alicdn.com\/kf\/Seb0216eff383408892d7a33e38ca6744P.jpg\" slate-data-type=\"image\"\/><\/p>","protected":false},"excerpt":{"rendered":"<p>Battery Capacity(mAh):&nbsp;20000-30000 Brand:&nbsp;GOOLOO Type:&nbsp;Jump Starter Model:&nbsp;GP4000 PRO Battery Capacity:&nbsp;26800mAh Peak Current:&nbsp;4000A Car Jump Start Output:&nbsp;15V Type-C Input:&nbsp;15W(5V\/3A) LED Light Power:&nbsp;White: 1W Features 01:&nbsp;4000A Powerful Car Jump Starter Features 02:&nbsp;High Capacity<\/p>","protected":false},"featured_media":21730,"comment_status":"open","ping_status":"closed","template":"","meta":{"_acf_changed":false},"product_brand":[],"product_cat":[527],"product_tag":[],"class_list":{"0":"post-21729","1":"product","2":"type-product","3":"status-publish","4":"has-post-thumbnail","6":"product_cat-jump-starter-compressor-power-banks","8":"first","9":"instock","10":"shipping-taxable","11":"purchasable","12":"product-type-simple"},"acf":[],"_links":{"self":[{"href":"https:\/\/electricstore.eu\/fr\/wp-json\/wp\/v2\/product\/21729","targetHints":{"allow":["GET"]}}],"collection":[{"href":"https:\/\/electricstore.eu\/fr\/wp-json\/wp\/v2\/product"}],"about":[{"href":"https:\/\/electricstore.eu\/fr\/wp-json\/wp\/v2\/types\/product"}],"replies":[{"embeddable":true,"href":"https:\/\/electricstore.eu\/fr\/wp-json\/wp\/v2\/comments?post=21729"}],"wp:featuredmedia":[{"embeddable":true,"href":"https:\/\/electricstore.eu\/fr\/wp-json\/wp\/v2\/media\/21730"}],"wp:attachment":[{"href":"https:\/\/electricstore.eu\/fr\/wp-json\/wp\/v2\/media?parent=21729"}],"wp:term":[{"taxonomy":"product_brand","embeddable":true,"href":"https:\/\/electricstore.eu\/fr\/wp-json\/wp\/v2\/product_brand?post=21729"},{"taxonomy":"product_cat","embeddable":true,"href":"https:\/\/electricstore.eu\/fr\/wp-json\/wp\/v2\/product_cat?post=21729"},{"taxonomy":"product_tag","embeddable":true,"href":"https:\/\/electricstore.eu\/fr\/wp-json\/wp\/v2\/product_tag?post=21729"}],"curies":[{"name":"wp","href":"https:\/\/api.w.org\/{rel}","templated":true}]}}