{"id":21725,"date":"2025-05-20T18:21:34","date_gmt":"2025-05-20T18:21:34","guid":{"rendered":"https:\/\/electricstore.eu\/p\/uncategorized\/oukitel-pv200-foldable-solar-panel-21-7-solar-conversion-efficiency-ip65-waterproof\/"},"modified":"2025-05-20T18:21:35","modified_gmt":"2025-05-20T18:21:35","slug":"oukitel-pv200-foldable-solar-panel-21-7-solar-conversion-efficiency-ip65-waterproof","status":"publish","type":"product","link":"https:\/\/electricstore.eu\/fr\/p\/batteries\/foldable-solar-panels\/oukitel-pv200-foldable-solar-panel-21-7-solar-conversion-efficiency-ip65-waterproof\/","title":{"rendered":"Panneau solaire pliable OUKITEL PV200, efficacit\u00e9 de conversion solaire 21,71 TP7T, \u00e9tanch\u00e9it\u00e9 IP65"},"content":{"rendered":"<div class=\"product-specs-list-container\">\n<ul class=\"product-specs-list util-clearfix\">\n<li class=\"product-prop line-limit-length\"><span\n                                        class=\"property-title\">Marque:&nbsp;<\/span><span\n                                        class=\"property-desc line-limit-length\">OUKITEL<\/span>\n                            <\/li>\n<li class=\"product-prop line-limit-length\"><span\n                                        class=\"property-title\">Mod\u00e8le:&nbsp;<\/span><span\n                                        class=\"property-desc line-limit-length\">PV200<\/span>\n                            <\/li>\n<li class=\"product-prop line-limit-length\"><span\n                                        class=\"property-title\">Rated Power:&nbsp;<\/span><span\n                                        class=\"property-desc line-limit-length\">200 W<\/span>\n                            <\/li>\n<li class=\"product-prop line-limit-length\"><span\n                                        class=\"property-title\">Efficacit\u00e9:&nbsp;<\/span><span\n                                        class=\"property-desc line-limit-length\">21.7%<\/span>\n                            <\/li>\n<li class=\"product-prop line-limit-length\"><span\n                                        class=\"property-title\">Open Circuit Voltage:&nbsp;<\/span><span\n                                        class=\"property-desc line-limit-length\">25.2V<\/span>\n                            <\/li>\n<\/ul><\/div>\n<p style=\"font-family:&quot;Microsoft YaHei&quot;;font-size:medium;font-weight:400;letter-spacing:normal;text-align:start;white-space:normal;color:rgb(0, 0, 0)\" align=\"start\"><span style=\"font-size:x-large\">Points forts<\/span><\/p>\n<p><\/p>\n<p style=\"font-family:&quot;Microsoft YaHei&quot;;font-size:medium;font-weight:400;letter-spacing:normal;text-align:start;white-space:normal;color:rgb(0, 0, 0)\" align=\"start\"><strong>Efficacit\u00e9 de conversion \u00e9lev\u00e9e<\/strong><br \/>Construit \u00e0 partir de cellules solaires monocristallines \u00e0 haut rendement, avec une efficacit\u00e9 allant jusqu&#039;\u00e0 21,7%, OUKITEL PV200 peut convertir plus d&#039;\u00e9nergie solaire en \u00e9nergie utilisable, ce qui permet une production d&#039;\u00e9nergie plus \u00e9lev\u00e9e m\u00eame si la taille du panneau n&#039;est pas plus grande que celle des panneaux solaires ordinaires.<\/p>\n<p><\/p>\n<p style=\"font-family:&quot;Microsoft YaHei&quot;;font-size:medium;font-weight:400;letter-spacing:normal;text-align:start;white-space:normal;color:rgb(0, 0, 0)\" align=\"start\"><strong>Durable et r\u00e9sistant aux \u00e9claboussures<\/strong><br \/>Le bo\u00eetier lamin\u00e9 en ETFE est suffisamment r\u00e9sistant pour prolonger la dur\u00e9e de vie du panneau solaire. Sa conception \u00e9tanche IP65 le prot\u00e8ge des \u00e9claboussures (ne le placez pas sous la pluie).<\/p>\n<p><\/p>\n<p style=\"font-family:&quot;Microsoft YaHei&quot;;font-size:medium;font-weight:400;letter-spacing:normal;text-align:start;white-space:normal;color:rgb(0, 0, 0)\" align=\"start\"><strong>Facile \u00e0 transporter et b\u00e9quille incluse<\/strong><br \/>Le panneau solaire OUKITEL PV200 est pliable, vous pouvez donc l&#039;emporter partout. Sa b\u00e9quille inclin\u00e9e permet au panneau solaire d&#039;absorber facilement l&#039;\u00e9nergie solaire.<\/p>\n<p><\/p>\n<p style=\"font-family:&quot;Microsoft YaHei&quot;;font-size:medium;font-weight:400;letter-spacing:normal;text-align:start;white-space:normal;color:rgb(0, 0, 0)\" align=\"start\"><strong>Large compatibilit\u00e9<\/strong><br \/>Ce panneau solaire est compatible avec la centrale \u00e9lectrique OUKITEL P2001\/P501\/CN505\/P301 et d&#039;autres g\u00e9n\u00e9rateurs du march\u00e9, id\u00e9al pour le camping hors r\u00e9seau et les pannes de courant inattendues.<\/p>\n<p><\/p>\n<h2 style=\"font-family:&quot;Microsoft YaHei&quot;;font-size:14px;letter-spacing:normal;text-align:start;white-space:normal;color:rgb(0, 0, 0);margin:10px 0px;margin-bottom:10px;margin-top:10px;margin-left:0px;margin-right:0px;padding:0px;padding-bottom:0px;padding-top:0px;padding-left:0px;padding-right:0px\" align=\"start\"><span style=\"font-size:26px\"><strong>Sp\u00e9cification<\/strong><\/span><\/h2>\n<p><\/p>\n<table style=\"border-collapse:collapse;font-family:&quot;Microsoft YaHei&quot;;width:1000px\" class=\"jbEidtTable\" border=\"1\" cellpadding=\"5\" cellspacing=\"0\">\n<tbody>\n<tr>\n<td style=\"text-align:left\" align=\"left\">\n<p><strong>G\u00e9n\u00e9ral<\/strong><\/p>\n<\/td>\n<td style=\"text-align:left\" align=\"left\">\n<p>Marque : OUKITEL<br \/>Type : Panneau solaire<br \/>Mod\u00e8le : PV200<br \/>Couleur : Noir<\/p>\n<\/td>\n<\/tr>\n<tr>\n<td style=\"text-align:left\" align=\"left\">\n<p><strong>Sp\u00e9cification<\/strong><\/p>\n<\/td>\n<td style=\"text-align:left\" align=\"left\">\n<p>Puissance nominale : 200 W<br \/>Tension en circuit ouvert : 25,2 V<br \/>Courant de court-circuit : 11,42 A<br \/>Efficacit\u00e9 : 21,7%<br \/>Type de cellule : silicium monocristallin<\/p>\n<\/td>\n<\/tr>\n<tr>\n<td style=\"text-align:left\" align=\"left\">\n<p><strong>Poids et taille<\/strong><\/p>\n<\/td>\n<td style=\"text-align:left\" align=\"left\">\n<p>Poids du produit : 7,85 kg<br \/>Poids du colis : 8,8 kg<br \/>Taille d\u00e9pli\u00e9e : 53,6 \u00d7 234,9 \u00d7 2,5 cm<br \/>Dimensions du colis (L x l x H) : 60,5 \u00d7 10,5 \u00d7 71 cm<\/p>\n<\/td>\n<\/tr>\n<tr>\n<td style=\"text-align:left\" align=\"left\">\n<p><strong>Contenu du colis<\/strong><\/p>\n<\/td>\n<td style=\"text-align:left\" align=\"left\">\n<p>1 panneau solaire OUKITEL 200W<br \/>1 c\u00e2ble MC4<br \/>1 x Manuel d&#039;utilisation<\/p>\n<\/td>\n<\/tr>\n<\/tbody>\n<\/table>\n<p style=\"font-family:&quot;Microsoft YaHei&quot;;font-size:medium;font-weight:400;letter-spacing:normal;text-align:start;white-space:normal;color:rgb(0, 0, 0)\" align=\"start\"><img decoding=\"async\" src=\"https:\/\/ae01.alicdn.com\/kf\/S7817362f58a644d8a7cc52f2946bc9a3D.jpg\" slate-data-type=\"image\"\/><img decoding=\"async\" src=\"https:\/\/ae01.alicdn.com\/kf\/Sd676fea295974799af5ec16c033960f9d.jpg\" slate-data-type=\"image\"\/><img decoding=\"async\" src=\"https:\/\/ae01.alicdn.com\/kf\/S45f04756718446159144f5d91996eeab0.jpg\" slate-data-type=\"image\"\/><img decoding=\"async\" src=\"https:\/\/ae01.alicdn.com\/kf\/Sd625b966d7d54b30a3a98e67d55e7e6bB.jpg\" slate-data-type=\"image\"\/><\/p>","protected":false},"excerpt":{"rendered":"<p>Brand:&nbsp;OUKITEL Model:&nbsp;PV200 Rated Power:&nbsp;200W Efficiency:&nbsp;21.7% Open Circuit Voltage:&nbsp;25.2V Highlights High Conversion EfficiencyConstructed from high-efficiency monocrystalline solar cells, with an efficiency of up to 21.7%, OUKITEL PV200 can convert more solar<\/p>","protected":false},"featured_media":21726,"comment_status":"open","ping_status":"closed","template":"","meta":{"_acf_changed":false},"product_brand":[],"product_cat":[531],"product_tag":[],"class_list":{"0":"post-21725","1":"product","2":"type-product","3":"status-publish","4":"has-post-thumbnail","6":"product_cat-foldable-solar-panels","8":"first","9":"instock","10":"shipping-taxable","11":"purchasable","12":"product-type-simple"},"acf":[],"_links":{"self":[{"href":"https:\/\/electricstore.eu\/fr\/wp-json\/wp\/v2\/product\/21725","targetHints":{"allow":["GET"]}}],"collection":[{"href":"https:\/\/electricstore.eu\/fr\/wp-json\/wp\/v2\/product"}],"about":[{"href":"https:\/\/electricstore.eu\/fr\/wp-json\/wp\/v2\/types\/product"}],"replies":[{"embeddable":true,"href":"https:\/\/electricstore.eu\/fr\/wp-json\/wp\/v2\/comments?post=21725"}],"wp:featuredmedia":[{"embeddable":true,"href":"https:\/\/electricstore.eu\/fr\/wp-json\/wp\/v2\/media\/21726"}],"wp:attachment":[{"href":"https:\/\/electricstore.eu\/fr\/wp-json\/wp\/v2\/media?parent=21725"}],"wp:term":[{"taxonomy":"product_brand","embeddable":true,"href":"https:\/\/electricstore.eu\/fr\/wp-json\/wp\/v2\/product_brand?post=21725"},{"taxonomy":"product_cat","embeddable":true,"href":"https:\/\/electricstore.eu\/fr\/wp-json\/wp\/v2\/product_cat?post=21725"},{"taxonomy":"product_tag","embeddable":true,"href":"https:\/\/electricstore.eu\/fr\/wp-json\/wp\/v2\/product_tag?post=21725"}],"curies":[{"name":"wp","href":"https:\/\/api.w.org\/{rel}","templated":true}]}}