{"id":21713,"date":"2025-05-20T18:21:26","date_gmt":"2025-05-20T18:21:26","guid":{"rendered":"https:\/\/electricstore.eu\/p\/uncategorized\/cloudenergy-solar-storage-48v-60ah-portable-power-station-66ah-capacity-lifepo4-built-in-200a-bms-with-mobile-app-6000-cycles\/"},"modified":"2025-05-20T18:21:27","modified_gmt":"2025-05-20T18:21:27","slug":"cloudenergy-solar-storage-48v-60ah-portable-power-station-66ah-capacity-lifepo4-built-in-200a-bms-with-mobile-app-6000-cycles","status":"publish","type":"product","link":"https:\/\/www.electricstore.eu\/fr\/p\/batteries\/lifepo4-batteries\/100ah\/cloudenergy-solar-storage-48v-60ah-portable-power-station-66ah-capacity-lifepo4-built-in-200a-bms-with-mobile-app-6000-cycles\/","title":{"rendered":"Centrale \u00e9lectrique portable Cloudenergy Solar Storage 48 V 60 Ah, capacit\u00e9 66 Ah, LiFePO4, BMS 200 A int\u00e9gr\u00e9, application mobile, plus de 6\u00a0000 cycles"},"content":{"rendered":"<div class=\"product-specs-list-container\">\n<ul class=\"product-specs-list util-clearfix\">\n<li class=\"product-prop line-limit-length\"><span\n                                        class=\"property-title\">Capacit\u00e9 nominale :&nbsp;<\/span><span\n                                        class=\"property-desc line-limit-length\">3072Wh<\/span>\n                            <\/li>\n<li class=\"product-prop line-limit-length\"><span\n                                        class=\"property-title\">Num\u00e9ro de mod\u00e8le :&nbsp;<\/span><span\n                                        class=\"property-desc line-limit-length\">CL48-60G<\/span>\n                            <\/li>\n<li class=\"product-prop line-limit-length\"><span\n                                        class=\"property-title\">Taper:&nbsp;<\/span><span\n                                        class=\"property-desc line-limit-length\">LiFePO4<\/span>\n                            <\/li>\n<li class=\"product-prop line-limit-length\"><span\n                                        class=\"property-title\">Type d&#039;ensemble :&nbsp;<\/span><span\n                                        class=\"property-desc line-limit-length\">Ensembles de chargeurs<\/span>\n                            <\/li>\n<li class=\"product-prop line-limit-length\"><span\n                                        class=\"property-title\">Marque:&nbsp;<\/span><span\n                                        class=\"property-desc line-limit-length\">Cloudenergy<\/span>\n                            <\/li>\n<li class=\"product-prop line-limit-length\"><span\n                                        class=\"property-title\">Mod\u00e8le:&nbsp;<\/span><span\n                                        class=\"property-desc line-limit-length\">CL48-60G<\/span>\n                            <\/li>\n<li class=\"product-prop line-limit-length\"><span\n                                        class=\"property-title\">Nominal Voltage:&nbsp;<\/span><span\n                                        class=\"property-desc line-limit-length\">51.2V<\/span>\n                            <\/li>\n<li class=\"product-prop line-limit-length\"><span\n                                        class=\"property-title\">\u00c9nergie:&nbsp;<\/span><span\n                                        class=\"property-desc line-limit-length\">3072Wh<\/span>\n                            <\/li>\n<li class=\"product-prop line-limit-length\"><span\n                                        class=\"property-title\">Peak Discharge:&nbsp;<\/span><span\n                                        class=\"property-desc line-limit-length\">600A<\/span>\n                            <\/li>\n<li class=\"product-prop line-limit-length\"><span\n                                        class=\"property-title\">Charge Current:&nbsp;<\/span><span\n                                        class=\"property-desc line-limit-length\">30A,30A<\/span>\n                            <\/li>\n<li class=\"product-prop line-limit-length\"><span\n                                        class=\"property-title\">Caract\u00e9ristiques 01 :&nbsp;<\/span><span\n                                        class=\"property-desc line-limit-length\">Portable battery<\/span>\n                            <\/li>\n<li class=\"product-prop line-limit-length\"><span\n                                        class=\"property-title\">Caract\u00e9ristiques 02 :&nbsp;<\/span><span\n                                        class=\"property-desc line-limit-length\">Portable reportable power<\/span>\n                            <\/li>\n<li class=\"product-prop line-limit-length\"><span\n                                        class=\"property-title\">Caract\u00e9ristiques 03 :&nbsp;<\/span><span\n                                        class=\"property-desc line-limit-length\">Bluetti power station<\/span>\n                            <\/li>\n<li class=\"product-prop line-limit-length\"><span\n                                        class=\"property-title\">Caract\u00e9ristiques 04 :&nbsp;<\/span><span\n                                        class=\"property-desc line-limit-length\">Portable camping battery<\/span>\n                            <\/li>\n<\/ul><\/div>\n<div class=\"detailmodule_html\">\n<div class=\"detail-desc-decorate-richtext\">\n<ul style=\"font-family:&quot;Microsoft YaHei&quot;;font-size:medium;font-weight:400;letter-spacing:normal;text-align:start;white-space:normal;color:rgb(0, 0, 0);margin-bottom:10px;padding-left:0px\" class=\"clearfix\" align=\"start\">\n<li style=\"font-size:14px;font-weight:bold;margin-right:10px;padding-left:18px;list-style:none;float:left\">\n<p><span style=\"font-size:26px\"><strong>Highlights:<\/strong><\/span><\/p>\n<ul style=\"font-family:&quot;Microsoft YaHei&quot;;font-size:medium;font-weight:400;letter-spacing:normal;text-align:start;white-space:normal;color:rgb(0, 0, 0);margin-bottom:10px;padding-left:0px\" class=\"clearfix\" align=\"start\">\n<li style=\"font-size:14px;margin-right:10px;padding-left:18px;list-style:none;position:relative;float:left\">\n<p><\/p>\n<\/li>\n<li style=\"font-size:14px;margin-right:10px;padding-left:18px;list-style:none;position:relative;float:left\">\n<h3><strong>2-in-1 Package<\/strong><\/h3>\n<p>The Cloudenergy 48V (51.2V) 60Ah LiFePO4 Golf Cart Battery kit includes everything you need. It has a 2.8-inch LCD touchscreen for real-time battery information and a 78.74-inch battery mounting strap for easy and secure installation.<\/p>\n<h3><strong>Built-in Bluetooth 200A BMS<\/strong><\/h3>\n<p>Cloudenergy 48V (51.2V) 60Ah golf cart LiFePO4 battery built-in Bluetooth BMS, easy to monitor the battery information, and both high-performance charging and discharging protection, with a great 6.14kw power, constant discharge 120A. BMS entrusted with low-temperature cut-off technology can effectively prevent over-charging, over-discharging, over-current, short-circuit, and over-temperature.<\/p>\n<h3><strong>6000 + Deep Cycles &amp; 80% DOD<\/strong><\/h3>\n<p>Cloudenergy 48V (51.2V) 60Ah LiFePO4 battery provides more than 6000 deep cycles compared to traditional lead-acid batteries only about 300-600 cycles, which extends the battery lifespan more than 10 times. 6000 deep cycles using life and 80% depth of discharge are also better than many LiFePO4 batteries of other bands.<\/p>\n<h3><strong>Safe and Reliable Power Source<\/strong><\/h3>\n<p>Cloudenergy 48V (51.2V) 60Ah LiFePO4 batteries are designed for 48V golf carts, using high-density A-grade cells for high energy(Support 2C Discharge) and performance, the battery case is made of high-strength cold-rolled metal plate, which is fireproof shockproof and IP66, Compatible with all major brands of golf cart controllers on the market, They are ideal for golf carts, electric vehicles, Motor Trolling, marine engines and other applications.<\/p>\n<\/li>\n<\/ul>\n<p><span style=\"font-size:24px\"><strong>Sp\u00e9cification:<\/strong><\/span><\/p>\n<\/li>\n<li style=\"font-size:14px;margin-right:10px;padding-left:18px;list-style:none;position:relative;float:left\">\n<table style=\"border-collapse:collapse;width:330.188px\" border=\"1\" cellpadding=\"5\" cellspacing=\"0\">\n<tbody>\n<tr>\n<td style=\"font-size:14px;text-align:center;width:89.15px\" align=\"center\">\n<p>G\u00e9n\u00e9ral<\/p>\n<\/td>\n<td style=\"font-size:14px;text-align:center;width:216.238px\" align=\"center\">\n<p>Brand: Cloudenergy<br \/>Type : Batterie LiFePO4<br \/>Model: CL48-60G<br \/>Color: Orange + Black<\/p>\n<\/td>\n<\/tr>\n<tr>\n<td style=\"font-size:14px;text-align:center;width:89.15px\" align=\"center\">\n<p>Sp\u00e9cification<\/p>\n<\/td>\n<td style=\"font-size:14px;text-align:center;width:216.238px\" align=\"center\">\n<p>Nominal Voltage: 51.2V<br \/>Nominal Capacity: 60Ah<br \/>Energy: 3072Wh<br \/>Internal Resistance: &le; 150m&Omega;<br \/>Cycle de vie : \u2265 4\u00a0000 cycles \u00e0 0,2\u00a0c 100% DOD<br \/>Mois d&#039;autod\u00e9charge : &lt;3%<br \/>Efficacit\u00e9 de charge : 100% \u00e0 0,2 \u00b0C<br \/>Efficacit\u00e9 de d\u00e9charge : 96-99% \u00e0 0,5 \u00b0C<\/p>\n<p>Standard Charge<br \/>Charge Cut-off Voltage: 58.4 \u00b1 0.2V<br \/>Charge Mode: 0.2C to 58.4V<br \/>Charge Current: 30A<\/p>\n<p>Standard Discharge<br \/>Continuous Current: 120A<br \/>Instantaneous Current: 200A<\/p>\n<p>Peak Discharge: 600A<br \/>Discharge Cut-off Voltage: 40V<br \/>Storage Temperature: -10 to 50 &deg;C<br \/>Charge Temperature: 0 to 50 &deg;C<br \/>Discharge Temperature: -20 to 60 &deg;C<br \/>Cell &amp; Method: 3.2V 60AH-16S1P<br \/>Case: SPCC<br \/>Terminal : M8<\/p>\n<\/td>\n<\/tr>\n<tr>\n<td style=\"font-size:14px;text-align:center;width:89.15px\" align=\"center\">\n<p>Poids et taille<\/p>\n<\/td>\n<td style=\"font-size:14px;text-align:center;width:216.238px\" align=\"center\">\n<p>Product Weight: 28kg<br \/>Package Weight: 30kg<br \/>Product Size(L x W x H): 44.7&#215;28.3&#215;17.5cm<br \/>Package Size(L x W x H): 56.2&#215;43.9&#215;23.9cm<\/p>\n<\/td>\n<\/tr>\n<tr>\n<td style=\"font-size:14px;text-align:center;width:89.15px\" align=\"center\">\n<p>Paquet de conteneurs<\/p>\n<\/td>\n<td style=\"font-size:14px;text-align:center;width:216.238px\" align=\"center\">\n<p>1x48V 60Ah LiFePO4 Battery<br \/>1 x Touch Monitor<br \/>1 x Retention Strap<br \/>1 x Manuel d&#039;utilisation<\/p>\n<\/td>\n<\/tr>\n<\/tbody>\n<\/table>\n<\/li>\n<li style=\"font-size:14px;font-weight:bold;margin-right:10px;padding-left:18px;list-style:none;float:left\">\n<p><\/p>\n<\/li>\n<\/ul>\n<p><img decoding=\"async\" src=\"https:\/\/ae01.alicdn.com\/kf\/Saf9fb0dc378a499bbe4bfc5d7333fab7l.jpg\" slate-data-type=\"image\"\/><img decoding=\"async\" src=\"https:\/\/ae01.alicdn.com\/kf\/Sae8bd696e9744d668b61068453f2f3138.jpg\" slate-data-type=\"image\"\/><img decoding=\"async\" src=\"https:\/\/ae01.alicdn.com\/kf\/S8a206a0383eb451b869c2b0a6d4c83e9z.jpg\" slate-data-type=\"image\"\/><img decoding=\"async\" src=\"https:\/\/ae01.alicdn.com\/kf\/S73691285f2124a6cbfee63183dde9d3aw.jpg\" slate-data-type=\"image\"\/><img decoding=\"async\" src=\"https:\/\/ae01.alicdn.com\/kf\/S07da38e8dd834ad491be7e46875b27a8s.jpg\" slate-data-type=\"image\"\/><img decoding=\"async\" src=\"https:\/\/ae01.alicdn.com\/kf\/S2f7b112ec7b546e8a195a6a337143d73K.jpg\" slate-data-type=\"image\"\/><img decoding=\"async\" src=\"https:\/\/ae01.alicdn.com\/kf\/S4c2907ef022646cab0bbb0481349efefR.jpg\" slate-data-type=\"image\"\/><img decoding=\"async\" src=\"https:\/\/ae01.alicdn.com\/kf\/S282ca13447ab4c6a8772703b6cfb02b89.jpg\" slate-data-type=\"image\"\/><img decoding=\"async\" src=\"https:\/\/ae01.alicdn.com\/kf\/S0f34154a8e46476fb0da4596621aa5c96.jpg\" slate-data-type=\"image\"\/><img decoding=\"async\" src=\"https:\/\/ae01.alicdn.com\/kf\/Scd66a338d61c4992b1467ccf3d2c938bz.jpg\" slate-data-type=\"image\"\/><img decoding=\"async\" src=\"https:\/\/ae01.alicdn.com\/kf\/S224b61bca9ee467aa501d5723b140148x.jpg\" slate-data-type=\"image\"\/><img decoding=\"async\" src=\"https:\/\/ae01.alicdn.com\/kf\/Sa031bffa1c974f119361671f9461f0b3V.jpg\" slate-data-type=\"image\"\/><\/p>\n<\/div>\n<\/div>","protected":false},"excerpt":{"rendered":"<p>Nominal Capacity:&nbsp;3072Wh Model Number:&nbsp;CL48-60G Type:&nbsp;LiFePO4 Set Type:&nbsp;Charger Sets Brand:&nbsp;Cloudenergy Model:&nbsp;CL48-60G Nominal Voltage:&nbsp;51.2V Energy:&nbsp;3072Wh Peak Discharge:&nbsp;600A Charge Current:&nbsp;30A,30A Features 01:&nbsp;Portable battery Features 02:&nbsp;Portable reportable power Features 03:&nbsp;Bluetti power station Features 04:&nbsp;Portable<\/p>","protected":false},"featured_media":21715,"comment_status":"open","ping_status":"closed","template":"","meta":{"_acf_changed":false},"product_brand":[],"product_cat":[236],"product_tag":[],"class_list":{"0":"post-21713","1":"product","2":"type-product","3":"status-publish","4":"has-post-thumbnail","6":"product_cat-100ah","8":"first","9":"instock","10":"shipping-taxable","11":"purchasable","12":"product-type-simple"},"acf":[],"_links":{"self":[{"href":"https:\/\/www.electricstore.eu\/fr\/wp-json\/wp\/v2\/product\/21713","targetHints":{"allow":["GET"]}}],"collection":[{"href":"https:\/\/www.electricstore.eu\/fr\/wp-json\/wp\/v2\/product"}],"about":[{"href":"https:\/\/www.electricstore.eu\/fr\/wp-json\/wp\/v2\/types\/product"}],"replies":[{"embeddable":true,"href":"https:\/\/www.electricstore.eu\/fr\/wp-json\/wp\/v2\/comments?post=21713"}],"wp:featuredmedia":[{"embeddable":true,"href":"https:\/\/www.electricstore.eu\/fr\/wp-json\/wp\/v2\/media\/21715"}],"wp:attachment":[{"href":"https:\/\/www.electricstore.eu\/fr\/wp-json\/wp\/v2\/media?parent=21713"}],"wp:term":[{"taxonomy":"product_brand","embeddable":true,"href":"https:\/\/www.electricstore.eu\/fr\/wp-json\/wp\/v2\/product_brand?post=21713"},{"taxonomy":"product_cat","embeddable":true,"href":"https:\/\/www.electricstore.eu\/fr\/wp-json\/wp\/v2\/product_cat?post=21713"},{"taxonomy":"product_tag","embeddable":true,"href":"https:\/\/www.electricstore.eu\/fr\/wp-json\/wp\/v2\/product_tag?post=21713"}],"curies":[{"name":"wp","href":"https:\/\/api.w.org\/{rel}","templated":true}]}}