{"id":21649,"date":"2025-05-20T18:20:42","date_gmt":"2025-05-20T18:20:42","guid":{"rendered":"https:\/\/electricstore.eu\/p\/uncategorized\/blackview-oscal-pm100-foldable-solar-panel-ip65-waterproof-with-type-c-qc3-0-usb-output-and-5-in-1-cable\/"},"modified":"2025-05-20T18:20:49","modified_gmt":"2025-05-20T18:20:49","slug":"blackview-oscal-pm100-foldable-solar-panel-ip65-waterproof-with-type-c-qc3-0-usb-output-and-5-in-1-cable","status":"publish","type":"product","link":"https:\/\/electricstore.eu\/fr\/p\/batteries\/foldable-solar-panels\/blackview-oscal-pm100-foldable-solar-panel-ip65-waterproof-with-type-c-qc3-0-usb-output-and-5-in-1-cable\/","title":{"rendered":"Panneau solaire pliable Blackview Oscal PM100, \u00e9tanche IP65, avec port Type-C QC3.0, sortie USB et c\u00e2ble 5 en 1"},"content":{"rendered":"<div class=\"product-specs-list-container\">\n<ul class=\"product-specs-list util-clearfix\">\n<li class=\"product-prop line-limit-length\"><span\n                                        class=\"property-title\">Capacit\u00e9 nominale :&nbsp;<\/span><span\n                                        class=\"property-desc line-limit-length\">100 W<\/span>\n                            <\/li>\n<li class=\"product-prop line-limit-length\"><span\n                                        class=\"property-title\">Num\u00e9ro de mod\u00e8le :&nbsp;<\/span><span\n                                        class=\"property-desc line-limit-length\">PM100<\/span>\n                            <\/li>\n<li class=\"product-prop line-limit-length\"><span\n                                        class=\"property-title\">Taper:&nbsp;<\/span><span\n                                        class=\"property-desc line-limit-length\">Li-Ion<\/span>\n                            <\/li>\n<li class=\"product-prop line-limit-length\"><span\n                                        class=\"property-title\">Type d&#039;ensemble :&nbsp;<\/span><span\n                                        class=\"property-desc line-limit-length\">Ensembles de chargeurs<\/span>\n                            <\/li>\n<li class=\"product-prop line-limit-length\"><span\n                                        class=\"property-title\">Marque:&nbsp;<\/span><span\n                                        class=\"property-desc line-limit-length\">Blackview Oscal<\/span>\n                            <\/li>\n<li class=\"product-prop line-limit-length\"><span\n                                        class=\"property-title\">Mod\u00e8le:&nbsp;<\/span><span\n                                        class=\"property-desc line-limit-length\">PM100<\/span>\n                            <\/li>\n<li class=\"product-prop line-limit-length\"><span\n                                        class=\"property-title\">Taper:&nbsp;<\/span><span\n                                        class=\"property-desc line-limit-length\">Panneau solaire pliable<\/span>\n                            <\/li>\n<li class=\"product-prop line-limit-length\"><span\n                                        class=\"property-title\">Puissance nominale :&nbsp;<\/span><span\n                                        class=\"property-desc line-limit-length\">100 W<\/span>\n                            <\/li>\n<li class=\"product-prop line-limit-length\"><span\n                                        class=\"property-title\">Efficacit\u00e9 cellulaire :&nbsp;<\/span><span\n                                        class=\"property-desc line-limit-length\">\u226523%<\/span>\n                            <\/li>\n<li class=\"product-prop line-limit-length\"><span\n                                        class=\"property-title\">Lamination cellulaire :&nbsp;<\/span><span\n                                        class=\"property-desc line-limit-length\">ETFE<\/span>\n                            <\/li>\n<li class=\"product-prop line-limit-length\"><span\n                                        class=\"property-title\">Type de cellule :&nbsp;<\/span><span\n                                        class=\"property-desc line-limit-length\">Silicium monocristallin<\/span>\n                            <\/li>\n<li class=\"product-prop line-limit-length\"><span\n                                        class=\"property-title\">Caract\u00e9ristiques 01 :&nbsp;<\/span><span\n                                        class=\"property-desc line-limit-length\">centrale \u00e9lectrique portable<\/span>\n                            <\/li>\n<li class=\"product-prop line-limit-length\"><span\n                                        class=\"property-title\">Caract\u00e9ristiques 02 :&nbsp;<\/span><span\n                                        class=\"property-desc line-limit-length\">centrale \u00e9lectrique<\/span>\n                            <\/li>\n<li class=\"product-prop line-limit-length\"><span\n                                        class=\"property-title\">Caract\u00e9ristiques 03 :&nbsp;<\/span><span\n                                        class=\"property-desc line-limit-length\">centrale solaire portable<\/span>\n                            <\/li>\n<li class=\"product-prop line-limit-length\"><span\n                                        class=\"property-title\">Caract\u00e9ristiques 04 :&nbsp;<\/span><span\n                                        class=\"property-desc line-limit-length\">bornes de recharge<\/span>\n                            <\/li>\n<li class=\"product-prop line-limit-length\"><span\n                                        class=\"property-title\">Caract\u00e9ristiques 05 :&nbsp;<\/span><span\n                                        class=\"property-desc line-limit-length\">g\u00e9n\u00e9rateur solaire<\/span>\n                            <\/li>\n<li class=\"product-prop line-limit-length\"><span\n                                        class=\"property-title\">Caract\u00e9ristiques 06 :&nbsp;<\/span><span\n                                        class=\"property-desc line-limit-length\">g\u00e9n\u00e9rateur \u00e9lectrique \u00e0 essence<\/span>\n                            <\/li>\n<\/ul><\/div>\n<p><\/p>\n<p style=\"font-family:&quot;Microsoft YaHei&quot;;font-size:medium;font-weight:400;letter-spacing:normal;text-align:start;white-space:normal;color:rgb(0, 0, 0)\" align=\"start\"><strong><span style=\"font-size:x-large\">Points forts<\/span><\/strong><\/p>\n<p><\/p>\n<h3 style=\"font-family:&quot;Microsoft YaHei&quot;;letter-spacing:normal;text-align:start;white-space:normal;color:rgb(0, 0, 0)\" align=\"start\"><strong>\u00c9nergie solaire \u00e0 haut rendement<\/strong><\/h3>\n<p style=\"font-family:&quot;Microsoft YaHei&quot;;font-size:medium;font-weight:400;letter-spacing:normal;text-align:start;white-space:normal;color:rgb(0, 0, 0)\" align=\"start\">Les panneaux solaires portables PM100 atteignent un taux de conversion 23% impressionnant gr\u00e2ce \u00e0 des cellules monocristallines de pointe. Fabriqu\u00e9s en ETFE durable, ils offrent une transmission lumineuse et un rendement de conversion sup\u00e9rieurs, garantissant une alimentation fiable et \u00e9cologique pour vos besoins \u00e9nerg\u00e9tiques.<\/p>\n<h3 style=\"font-family:&quot;Microsoft YaHei&quot;;letter-spacing:normal;text-align:start;white-space:normal;color:rgb(0, 0, 0)\" align=\"start\"><strong>Compatible et polyvalent<\/strong><\/h3>\n<p style=\"font-family:&quot;Microsoft YaHei&quot;;font-size:medium;font-weight:400;letter-spacing:normal;text-align:start;white-space:normal;color:rgb(0, 0, 0)\" align=\"start\">Notre panneau solaire portable dispose d&#039;un port de sortie Type-C QC3.0 et USB, chargez vos t\u00e9l\u00e9phones portables, tablettes et plus directement \u00e0 partir du soleil et profitez d&#039;une puissante sortie CC 20 V. fournissant une \u00e9nergie pratique et efficace o\u00f9 que vous alliez.<\/p>\n<h3 style=\"font-family:&quot;Microsoft YaHei&quot;;letter-spacing:normal;text-align:start;white-space:normal;color:rgb(0, 0, 0)\" align=\"start\"><strong>Pliable et portable<\/strong><\/h3>\n<p style=\"font-family:&quot;Microsoft YaHei&quot;;font-size:medium;font-weight:400;letter-spacing:normal;text-align:start;white-space:normal;color:rgb(0, 0, 0)\" align=\"start\">D\u00e9couvrez la puissance de l&#039;\u00e9nergie solaire portable ! Nos panneaux solaires compacts (53 x 60 x 3,8 cm) ne p\u00e8sent que 3,8 kg. Accrochez-les \u00e0 votre camping-car ou \u00e0 votre tente comme une mallette pour une \u00e9nergie pratique et l\u00e9g\u00e8re o\u00f9 que vous soyez.<\/p>\n<h3 style=\"font-family:&quot;Microsoft YaHei&quot;;letter-spacing:normal;text-align:start;white-space:normal;color:rgb(0, 0, 0)\" align=\"start\"><strong>Prot\u00e9gez vos panneaux solaires<\/strong><\/h3>\n<p style=\"font-family:&quot;Microsoft YaHei&quot;;font-size:medium;font-weight:400;letter-spacing:normal;text-align:start;white-space:normal;color:rgb(0, 0, 0)\" align=\"start\">La b\u00e2che imperm\u00e9able crypt\u00e9e prot\u00e8ge des \u00e9claboussures (ne pas placer sous la pluie ni dans l&#039;eau). L&#039;indice de protection IP65 et les poches zipp\u00e9es prot\u00e8gent les cordons d&#039;alimentation et les ports de sortie. Optimisez vos aventures en plein air gr\u00e2ce \u00e0 une \u00e9nergie solaire fiable.<\/p>\n<h3 style=\"font-family:&quot;Microsoft YaHei&quot;;letter-spacing:normal;text-align:start;white-space:normal;color:rgb(0, 0, 0)\" align=\"start\"><strong>C\u00e2ble de charge cinq en un<\/strong><\/h3>\n<p style=\"font-family:&quot;Microsoft YaHei&quot;;font-size:medium;font-weight:400;letter-spacing:normal;text-align:start;white-space:normal;color:rgb(0, 0, 0)\" align=\"start\">Le panneau solaire portable comprend un c\u00e2ble de charge MC4 vers Anderson et un c\u00e2ble cinq-en-un avec interfaces Anderson, 7909, 6530, XT60 et 5521. Compatible avec les centrales \u00e9lectriques OSCAL pour des solutions d&#039;alimentation sans interruption.<\/p>\n<p><\/p>\n<h2 style=\"font-family:&quot;Microsoft YaHei&quot;;font-size:14px;letter-spacing:normal;text-align:start;white-space:normal;color:rgb(0, 0, 0);margin:10px 0px;margin-bottom:10px;margin-top:10px;margin-left:0px;margin-right:0px;padding:0px;padding-bottom:0px;padding-top:0px;padding-left:0px;padding-right:0px\" align=\"start\"><span style=\"font-size:26px\"><strong>Sp\u00e9cification<\/strong><\/span><\/h2>\n<p><\/p>\n<table style=\"border-collapse:collapse;font-family:&quot;Microsoft YaHei&quot;;width:1000px\" class=\"jbEidtTable\" border=\"1\" cellpadding=\"5\" cellspacing=\"0\">\n<tbody>\n<tr>\n<td style=\"text-align:left\" align=\"left\">\n<p><strong>G\u00e9n\u00e9ral<\/strong><\/p>\n<\/td>\n<td style=\"text-align:left\" align=\"left\">\n<p>Marque : Blackview Oscal<br \/>Type : Panneau solaire pliable<br \/>Mod\u00e8le : PM100<br \/>Couleur : Noir<\/p>\n<\/td>\n<\/tr>\n<tr>\n<td style=\"text-align:left\" align=\"left\">\n<p><strong>Sp\u00e9cification<\/strong><\/p>\n<\/td>\n<td style=\"text-align:left\" align=\"left\">\n<p>Puissance nominale : 100 W<br \/>Tension en circuit ouvert : 24,7 V \u00b1 51 TP7T<br \/>Courant de court-circuit : 5,6 A \u00b1 51 TP7T<br \/>Efficacit\u00e9 cellulaire : \u226523%<br \/>Stratification cellulaire : ETFE<br \/>Type de cellule : silicium monocristallin<br \/>Temp\u00e9rature de fonctionnement : -10+65\u00b0C<\/p>\n<\/td>\n<\/tr>\n<tr>\n<td style=\"text-align:left\" align=\"left\">\n<p><strong>Poids et taille<\/strong><\/p>\n<\/td>\n<td style=\"text-align:left\" align=\"left\">\n<p>Poids du produit : 3,75 kg<br \/>Poids du colis : 4 kg<br \/>Dimensions du produit (L x l x H) : D\u00e9pli\u00e9 : 122,8 x 53,6 x 2,5 cm, pli\u00e9 : 53,6 x 60,8 x 3,8 cm<br \/>Dimensions du colis (L x l x H) : 62 x 70 x 15,5 cm<\/p>\n<\/td>\n<\/tr>\n<tr>\n<td style=\"text-align:left\" align=\"left\">\n<p><strong>Contenu du colis<\/strong><\/p>\n<\/td>\n<td style=\"text-align:left\" align=\"left\">\n<p>1 panneau solaire portable PM100<br \/>1 c\u00e2ble MC4 vers Anderson<br \/>1 c\u00e2ble MC4 vers Anderson, 7909, 6530, XT60, 5521<br \/>1 x Manuel d&#039;utilisation<\/p>\n<\/td>\n<\/tr>\n<\/tbody>\n<\/table>\n<h1 style=\"font-family:&quot;Microsoft YaHei&quot;;font-size:medium;font-weight:400;letter-spacing:normal;text-align:start;white-space:normal;color:rgb(0, 0, 0)\" align=\"start\"><\/h1>\n<p style=\"font-family:&quot;Microsoft YaHei&quot;;font-size:medium;font-weight:400;letter-spacing:normal;text-align:start;white-space:normal;color:rgb(0, 0, 0)\" align=\"start\"><img decoding=\"async\" src=\"https:\/\/ae01.alicdn.com\/kf\/Sdf1da53a0963488bb126a8bd1865c626n.jpg\" slate-data-type=\"image\"\/><img decoding=\"async\" src=\"https:\/\/ae01.alicdn.com\/kf\/S826b649cdbb94118b5d6bd250a2fbc99h.jpg\" slate-data-type=\"image\"\/><img decoding=\"async\" src=\"https:\/\/ae01.alicdn.com\/kf\/S0d9e1134cf564d0fa0526e27a1adfb506.jpg\" slate-data-type=\"image\"\/><img decoding=\"async\" src=\"https:\/\/ae01.alicdn.com\/kf\/S4b1956d8981d42c099421e4d24bce32e1.jpg\" slate-data-type=\"image\"\/><img decoding=\"async\" src=\"https:\/\/ae01.alicdn.com\/kf\/Sf5d6000aa58a4fdc8fa853da267b697eS.jpg\" slate-data-type=\"image\"\/><img decoding=\"async\" src=\"https:\/\/ae01.alicdn.com\/kf\/S065f68d679444ccbb47cd952e6b27e7dW.jpg\" slate-data-type=\"image\"\/><img decoding=\"async\" src=\"https:\/\/ae01.alicdn.com\/kf\/S147ce5e334bc442d90e619dd03fd6887K.jpg\" slate-data-type=\"image\"\/><img decoding=\"async\" src=\"https:\/\/ae01.alicdn.com\/kf\/S24a5af61952b46518458afcde4f4588aL.jpg\" slate-data-type=\"image\"\/><img decoding=\"async\" src=\"https:\/\/ae01.alicdn.com\/kf\/Sf0bdd2ab7751420bb179d37ad350b934E.jpg\" slate-data-type=\"image\"\/><img decoding=\"async\" src=\"https:\/\/ae01.alicdn.com\/kf\/S5fabaf3275174858b4af674258739217A.jpg\" slate-data-type=\"image\"\/><\/p>","protected":false},"excerpt":{"rendered":"<p>Nominal Capacity:&nbsp;100W Model Number:&nbsp;PM100 Type:&nbsp;Li-Ion Set Type:&nbsp;Charger Sets Brand:&nbsp;Blackview Oscal Model:&nbsp;PM100 Type:&nbsp;Foldable Solar Panel Rate Power:&nbsp;100W Cell Efficiency:&nbsp;\u226523% Cell Lamination:&nbsp;ETFE Cell Type:&nbsp;Monocrystalline Silicon Features 01:&nbsp;portable power station Features 02:&nbsp;power station<\/p>","protected":false},"featured_media":21650,"comment_status":"open","ping_status":"closed","template":"","meta":{"_acf_changed":false},"product_brand":[],"product_cat":[531],"product_tag":[],"class_list":{"0":"post-21649","1":"product","2":"type-product","3":"status-publish","4":"has-post-thumbnail","6":"product_cat-foldable-solar-panels","8":"first","9":"instock","10":"shipping-taxable","11":"purchasable","12":"product-type-simple"},"acf":[],"_links":{"self":[{"href":"https:\/\/electricstore.eu\/fr\/wp-json\/wp\/v2\/product\/21649","targetHints":{"allow":["GET"]}}],"collection":[{"href":"https:\/\/electricstore.eu\/fr\/wp-json\/wp\/v2\/product"}],"about":[{"href":"https:\/\/electricstore.eu\/fr\/wp-json\/wp\/v2\/types\/product"}],"replies":[{"embeddable":true,"href":"https:\/\/electricstore.eu\/fr\/wp-json\/wp\/v2\/comments?post=21649"}],"wp:featuredmedia":[{"embeddable":true,"href":"https:\/\/electricstore.eu\/fr\/wp-json\/wp\/v2\/media\/21650"}],"wp:attachment":[{"href":"https:\/\/electricstore.eu\/fr\/wp-json\/wp\/v2\/media?parent=21649"}],"wp:term":[{"taxonomy":"product_brand","embeddable":true,"href":"https:\/\/electricstore.eu\/fr\/wp-json\/wp\/v2\/product_brand?post=21649"},{"taxonomy":"product_cat","embeddable":true,"href":"https:\/\/electricstore.eu\/fr\/wp-json\/wp\/v2\/product_cat?post=21649"},{"taxonomy":"product_tag","embeddable":true,"href":"https:\/\/electricstore.eu\/fr\/wp-json\/wp\/v2\/product_tag?post=21649"}],"curies":[{"name":"wp","href":"https:\/\/api.w.org\/{rel}","templated":true}]}}