{"id":21590,"date":"2025-05-20T18:20:09","date_gmt":"2025-05-20T18:20:09","guid":{"rendered":"https:\/\/electricstore.eu\/p\/uncategorized\/eleglide-c1-27-5-adult-electric-bike-150km-range-250w-mid-drive-motor-16v-14-5ah-battery-electric-road-bikes-electric-bicycle\/"},"modified":"2025-05-20T18:20:14","modified_gmt":"2025-05-20T18:20:14","slug":"eleglide-c1-27-5-adult-electric-bike-150km-range-250w-mid-drive-motor-16v-14-5ah-battery-electric-road-bikes-electric-bicycle","status":"publish","type":"product","link":"https:\/\/electricstore.eu\/fr\/p\/bikes\/eleglide-c1-27-5-adult-electric-bike-150km-range-250w-mid-drive-motor-16v-14-5ah-battery-electric-road-bikes-electric-bicycle\/","title":{"rendered":"V\u00e9lo \u00e9lectrique pour adulte Eleglide C1 27,5 pouces, autonomie de 150 km, moteur central 250 W, batterie 16 V 14,5 Ah, v\u00e9los de route \u00e9lectriques"},"content":{"rendered":"<div class=\"product-specs-list-container\">\n<ul class=\"product-specs-list util-clearfix\">\n<li class=\"product-prop line-limit-length\"><span\n                                        class=\"property-title\">Types de suspension de v\u00e9lo\u00a0:&nbsp;<\/span><span\n                                        class=\"property-desc line-limit-length\">Robuste<\/span>\n                            <\/li>\n<li class=\"product-prop line-limit-length\"><span\n                                        class=\"property-title\">Syst\u00e8me de freinage :&nbsp;<\/span><span\n                                        class=\"property-desc line-limit-length\">Frein \u00e0 disque m\u00e9canique avant et arri\u00e8re<\/span>\n                            <\/li>\n<li class=\"product-prop line-limit-length\"><span\n                                        class=\"property-title\">Taille de la roue :&nbsp;<\/span><span\n                                        class=\"property-desc line-limit-length\">27.5&#039;&#039;<\/span>\n                            <\/li>\n<li class=\"product-prop line-limit-length\"><span\n                                        class=\"property-title\">Marque:&nbsp;<\/span><span\n                                        class=\"property-desc line-limit-length\">Eleglide<\/span>\n                            <\/li>\n<li class=\"product-prop line-limit-length\"><span\n                                        class=\"property-title\">Poids net:&nbsp;<\/span><span\n                                        class=\"property-desc line-limit-length\">5,5 kg<\/span>\n                            <\/li>\n<li class=\"product-prop line-limit-length\"><span\n                                        class=\"property-title\">Taille du cadre :&nbsp;<\/span><span\n                                        class=\"property-desc line-limit-length\">27,5 po x 19 po<\/span>\n                            <\/li>\n<li class=\"product-prop line-limit-length\"><span\n                                        class=\"property-title\">Charge maximale du v\u00e9lo :&nbsp;<\/span><span\n                                        class=\"property-desc line-limit-length\">120 kg<\/span>\n                            <\/li>\n<li class=\"product-prop line-limit-length\"><span\n                                        class=\"property-title\">Vitesse de coupure :&nbsp;<\/span><span\n                                        class=\"property-desc line-limit-length\">25 km\/h<\/span>\n                            <\/li>\n<li class=\"product-prop line-limit-length\"><span\n                                        class=\"property-title\">Port\u00e9e maximale :&nbsp;<\/span><span\n                                        class=\"property-desc line-limit-length\">150 km (mode d&#039;assistance)<\/span>\n                            <\/li>\n<li class=\"product-prop line-limit-length\"><span\n                                        class=\"property-title\">Mode marche :&nbsp;<\/span><span\n                                        class=\"property-desc line-limit-length\">6 km\/h<\/span>\n                            <\/li>\n<li class=\"product-prop line-limit-length\"><span\n                                        class=\"property-title\">Tension nominale :&nbsp;<\/span><span\n                                        class=\"property-desc line-limit-length\">36V<\/span>\n                            <\/li>\n<li class=\"product-prop line-limit-length\"><span\n                                        class=\"property-title\">Caract\u00e9ristiques 01 :&nbsp;<\/span><span\n                                        class=\"property-desc line-limit-length\">V\u00e9lo \u00e9lectrique<\/span>\n                            <\/li>\n<li class=\"product-prop line-limit-length\"><span\n                                        class=\"property-title\">Caract\u00e9ristiques 02 :&nbsp;<\/span><span\n                                        class=\"property-desc line-limit-length\">V\u00e9los \u00e9lectriques<\/span>\n                            <\/li>\n<li class=\"product-prop line-limit-length\"><span\n                                        class=\"property-title\">Caract\u00e9ristiques 03 :&nbsp;<\/span><span\n                                        class=\"property-desc line-limit-length\">Offre V\u00e9lo \u00c9lectrique<\/span>\n                            <\/li>\n<li class=\"product-prop line-limit-length\"><span\n                                        class=\"property-title\">Caract\u00e9ristiques 04 :&nbsp;<\/span><span\n                                        class=\"property-desc line-limit-length\">V\u00e9los \u00e9lectriques pour adultes<\/span>\n                            <\/li>\n<li class=\"product-prop line-limit-length\"><span\n                                        class=\"property-title\">Caract\u00e9ristiques 05 :&nbsp;<\/span><span\n                                        class=\"property-desc line-limit-length\">v\u00e9lo pliant<\/span>\n                            <\/li>\n<li class=\"product-prop line-limit-length\"><span\n                                        class=\"property-title\">Caract\u00e9ristiques 06 :&nbsp;<\/span><span\n                                        class=\"property-desc line-limit-length\">V\u00e9los \u00e9lectriques pour adultes<\/span>\n                            <\/li>\n<li class=\"product-prop line-limit-length\"><span\n                                        class=\"property-title\">Caract\u00e9ristiques 07:&nbsp;<\/span><span\n                                        class=\"property-desc line-limit-length\">V\u00e9lo \u00e9lectrique<\/span>\n                            <\/li>\n<li class=\"product-prop line-limit-length\"><span\n                                        class=\"property-title\">Caract\u00e9ristiques 09 :&nbsp;<\/span><span\n                                        class=\"property-desc line-limit-length\">V\u00e9los bon march\u00e9<\/span>\n                            <\/li>\n<\/ul><\/div>\n<p><\/p>\n<p style=\"font-family:&quot;Microsoft YaHei&quot;;font-size:medium;font-weight:400;letter-spacing:normal;text-align:start;white-space:normal;color:rgb(0, 0, 0)\" align=\"start\"><span style=\"font-size:x-large\">Points forts<\/span><\/p>\n<p><\/p>\n<p style=\"font-family:&quot;Microsoft YaHei&quot;;font-size:medium;font-weight:400;letter-spacing:normal;text-align:start;white-space:normal;color:rgb(0, 0, 0)\" align=\"start\"><strong>Moteur \u00e0 entra\u00eenement central efficace<br \/><\/strong>Le v\u00e9lo \u00e9lectrique C1 est \u00e9quip\u00e9 d&#039;un puissant moteur central sans balais qui d\u00e9livre un couple de 70 Nm, une puissance instantan\u00e9e maximale de 432 W et une vitesse de pointe de 25 km\/h. Ce moteur central robuste offre une faible r\u00e9sistance au roulement et une distribution de puissance plus efficace, permettant une plus grande autonomie et un couple am\u00e9lior\u00e9 pour gravir les c\u00f4tes et affronter tous types de terrains.\u00a0<strong><\/p>\n<p>Grand<\/strong><strong><span>\u00a0<\/span><\/strong><strong>Batterie amovible<br \/><\/strong>Gr\u00e2ce \u00e0 sa batterie lithium-ion rempla\u00e7able de 522 Wh, le v\u00e9lo \u00e9lectrique C1 offre une autonomie de 150 km en mode assistance, largement suffisante pour vos trajets quotidiens ou vos longues randonn\u00e9es \u00e0 v\u00e9lo. Avec le C1, roulez l&#039;esprit tranquille.<strong><br \/><\/strong><br \/><strong>Pneus larges de 27,5&quot; x 2,25&quot; et transmission Shimano \u00e0 7 vitesses<br \/><\/strong>Avec ses roues de 27,5 pouces, le v\u00e9lo \u00e9lectrique C1 franchit les obstacles avec aisance et stabilit\u00e9. Ses pneus pneumatiques de 2,25 pouces de large offrent une meilleure absorption des chocs et une adh\u00e9rence accrue pour une conduite fluide sur tous types de terrains. \u00c9quip\u00e9 d&#039;un d\u00e9railleur Shimano professionnel \u00e0 7 vitesses, il vous permet de profiter pleinement des variations de vitesse et de vous d\u00e9placer ais\u00e9ment sur les routes. Vivez une exp\u00e9rience de conduite rapide, sans effort et agr\u00e9able avec le C1.<strong><br \/><\/strong><br \/><strong>Suspension hydraulique<\/strong><strong><span>\u00a0<\/span><\/strong><strong>&amp;<\/strong><strong><span>\u00a0<\/span><\/strong><strong>Freins \u00e0 disque hydrauliques<br \/><\/strong>La suspension hydraulique offre une r\u00e9activit\u00e9 sup\u00e9rieure aux autres syst\u00e8mes, pour une conduite plus souple et plus ferme. Gr\u00e2ce \u00e0 son syst\u00e8me de blocage, vous pouvez la verrouiller pour une conduite dynamique sur route plate et la d\u00e9verrouiller pour un confort optimal sur les chemins accident\u00e9s. Les freins \u00e0 disque hydrauliques garantissent un meilleur contr\u00f4le et une puissance de freinage accrue. Ils dissipent la chaleur de mani\u00e8re plus homog\u00e8ne et ont une dur\u00e9e de vie sup\u00e9rieure aux freins m\u00e9caniques traditionnels, pour une conduite plus s\u00fbre et plus endurante.<strong><br \/><\/strong><br \/><strong>Contr\u00f4le LCD intelligent et<\/strong><strong><span>\u00a0<\/span><\/strong><strong>5<\/strong><strong><span>\u00a0<\/span><\/strong><strong>Niveaux d&#039;assistance<br \/><\/strong>Le C1 est \u00e9quip\u00e9 d&#039;un \u00e9cran LCD intelligent qui vous tient inform\u00e9 des donn\u00e9es importantes, telles que la vitesse en temps r\u00e9el, la distance parcourue et le niveau de la batterie, et vous permet de basculer facilement entre 5 niveaux d&#039;assistance au p\u00e9dalage, dont 12, 15, 18, 21 et 25 km\/h, ainsi que d&#039;activer le mode marche \u00e0 6 km\/h et plus encore.<strong><br \/><\/strong><br \/><strong>Potence r\u00e9glable et \u00e9clairage certifi\u00e9 StVZO<br \/><\/strong>Gr\u00e2ce \u00e0 sa potence r\u00e9glable, vous pouvez ajuster l&#039;angle et la hauteur de votre guidon pour une position de conduite optimale. Notre \u00e9clairage v\u00e9lo, homologu\u00e9 StVZO, est con\u00e7u pour r\u00e9pondre aux exigences strictes du code de la route allemand. Son faisceau lumineux am\u00e9liore la visibilit\u00e9 et \u00e9vite d&#039;\u00e9blouir les autres usagers, contribuant ainsi \u00e0 la s\u00e9curit\u00e9 de tous. De plus, cet \u00e9clairage r\u00e9duit la pollution lumineuse, offrant aux cyclistes une solution d&#039;\u00e9clairage plus fiable et respectueuse de l&#039;environnement.<\/p>\n<p><\/p>\n<h2 style=\"font-family:&quot;Microsoft YaHei&quot;;font-size:14px;letter-spacing:normal;text-align:start;white-space:normal;color:rgb(0, 0, 0);margin:10px 0px;margin-bottom:10px;margin-top:10px;margin-left:0px;margin-right:0px;padding:0px;padding-bottom:0px;padding-top:0px;padding-left:0px;padding-right:0px\" align=\"start\">Sp\u00e9cification<\/h2>\n<p><\/p>\n<table style=\"border-collapse:collapse;font-family:&quot;Microsoft YaHei&quot;\" border=\"1\" cellpadding=\"8\">\n<tbody>\n<tr>\n<td style=\"width:98px\" width=\"98\">\n<p>G\u00e9n\u00e9ral<\/p>\n<\/td>\n<td style=\"width:458px\" width=\"458\">\n<p>Marque : Eleglide<br \/>Mod\u00e8le : C1, C1 ST<br \/>Couleur : Bleu<\/p>\n<\/td>\n<\/tr>\n<tr>\n<td style=\"width:98px\" width=\"98\">\n<p>Sp\u00e9cifications de base<\/p>\n<\/td>\n<td style=\"width:458px\" width=\"458\">\n<p>Poids net : 25,5 kg<br \/>Dimensions d\u00e9pli\u00e9es : 1840 x 660 x 1170 mm<br \/>Dimensions du cadre : 27,5 po x 19 po<br \/>Longueur du guidon : 660 mm (26 pouces, sans poign\u00e9es), 680 mm (26,8 pouces, avec poign\u00e9es)<br \/>Hauteur de la selle (\u00e0 partir du sol) : 34,2&quot;-40,6&quot;<br \/>Taille recommand\u00e9e pour le cycliste\u00a0: 170-200\u00a0cm (environ 1,70\u00a0m \u00e0 2\u00a0m)<br \/>Charge maximale du v\u00e9lo\u00a0: 120\u00a0kg<br \/>Vitesse limite : 25 km\/h<br \/>Autonomie maximale : 150 km (mode d&#039;assistance)<br \/>Niveaux d&#039;assistance au p\u00e9dalage\u00a0: 12\/15\/18\/21\/25 km\/h<br \/>Mode marche : 6 km\/h<br \/>Niveau d&#039;\u00e9tanch\u00e9it\u00e9 : IPX5<br \/>Mat\u00e9riau : Alliage d&#039;aluminium (AL6061)<br \/>Syst\u00e8me de freinage\u00a0: freins \u00e0 disque hydrauliques et syst\u00e8me de coupure d\u2019alimentation.<br \/>Suspension : Suspension hydraulique avec blocage<\/p>\n<\/td>\n<\/tr>\n<tr>\n<td style=\"width:98px\" width=\"98\">\n<p>Moteur<\/p>\n<\/td>\n<td style=\"width:458px\" width=\"458\">\n<p>Type : Moteur \u00e0 entra\u00eenement central<br \/>Tension nominale : 36 V<br \/>Puissance instantan\u00e9e maximale : 432 W<br \/>R\u00e9gime moteur maximal : 114<br \/>Couple de sortie maximal : 70 N.m<\/p>\n<\/td>\n<\/tr>\n<tr>\n<td style=\"width:98px\" width=\"98\">\n<p>D\u00e9railleur<\/p>\n<\/td>\n<td style=\"width:458px\" width=\"458\">\n<p>Marque : Shimano<br \/>Nombre de vitesses : 7 (arri\u00e8re)<\/p>\n<\/td>\n<\/tr>\n<tr>\n<td style=\"width:98px\" width=\"98\">\n<p>Batterie<\/p>\n<\/td>\n<td style=\"width:458px\" width=\"458\">\n<p>Capacit\u00e9 : 14,5 Ah<br \/>Tension : 36 V<br \/>Temps de charge : 7,5 h<br \/>Capacit\u00e9 \u00e9nerg\u00e9tique : 522 Wh<br \/>Syst\u00e8me de protection : Oui<\/p>\n<\/td>\n<\/tr>\n<tr>\n<td style=\"width:98px\" width=\"98\">\n<p>Chargeur<\/p>\n<\/td>\n<td style=\"width:458px\" width=\"458\">\n<p>Entr\u00e9e\u00a0: 100-240\u00a0V, \u2264\u00a01,8\u00a0A<br \/>Sortie : 42 V, 2 A<\/p>\n<\/td>\n<\/tr>\n<tr>\n<td style=\"width:98px\" width=\"98\">\n<p>Pneus<\/p>\n<\/td>\n<td style=\"width:458px\" width=\"458\">\n<p>Marque : CST<br \/>Dimensions : 27,5 po x 2,25 po<br \/>Type : Pneus en caoutchouc pneumatiques<br \/>Pression des pneus : 40-70 PSI\u00a0<br \/>Pression optimale des pneus\u00a0: 55-60\u00a0PSI<\/p>\n<\/td>\n<\/tr>\n<tr>\n<td style=\"width:98px\" width=\"98\">\n<p>Afficher<\/p>\n<\/td>\n<td style=\"width:458px\" width=\"458\">\n<p>Taille : 1,8&quot;<br \/>Type : LCD<br \/>Informations : Vitesse, niveau de batterie, distance parcourue\/odom\u00e8tre, niveau d&#039;assistance, mode marche, t\u00e9moin lumineux, t\u00e9moin de freinage<br \/>Fonctions : Marche\/arr\u00eat, allumage\/extinction de la lumi\u00e8re, changement des niveaux d&#039;assistance, activation du mode marche, suppression des donn\u00e9es de trajet, r\u00e9glage du d\u00e9lai d&#039;extinction de l&#039;\u00e9cran, etc.<\/p>\n<\/td>\n<\/tr>\n<tr>\n<td style=\"width:98px\" width=\"98\">\n<p>Emballer<\/p>\n<\/td>\n<td style=\"width:458px\" width=\"458\">\n<p>Dimensions : 1590 x 250 x 800 mm<br \/>Poids brut : 30 kg<\/p>\n<\/td>\n<\/tr>\n<tr>\n<td style=\"width:98px\" width=\"98\">\n<p>Liste des packages<\/p>\n<\/td>\n<td style=\"width:458px\" width=\"458\">\n<p>1 v\u00e9lo \u00e9lectrique, 1 manuel d&#039;utilisation<br \/>1 x Chargeur 2 x P\u00e9dales (gauche et droite)<br \/>1 feu arri\u00e8re, 4 r\u00e9flecteurs de rayons<br \/>1 phare avant, 1 selle<br \/>1 \u00e9cran LCD, 2 touches<br \/>1 x trousse \u00e0 outils<\/p>\n<\/td>\n<\/tr>\n<tr>\n<td style=\"width:556px\" width=\"556\" colspan=\"2\">\n<p>Remarque : l&#039;autonomie maximale est atteinte dans les conditions suivantes : charge de 75 kg, temp\u00e9rature de 26 \u00b0C, vitesse constante de 15 km\/h, sur des routes plates sans vent fort.<\/p>\n<\/td>\n<\/tr>\n<\/tbody>\n<\/table>\n<p><img decoding=\"async\" src=\"https:\/\/ae01.alicdn.com\/kf\/Sa72b7df8047a4e3092fb426e8cd7b35bf.jpeg\" slate-data-type=\"image\"\/><img decoding=\"async\" src=\"https:\/\/ae01.alicdn.com\/kf\/Sfc8e54d455e64a12a078ce2bf264128f9.jpeg\" slate-data-type=\"image\"\/><img decoding=\"async\" src=\"https:\/\/ae01.alicdn.com\/kf\/Sccb04e8e7b27411db63c158cc6b6118bQ.jpeg\" slate-data-type=\"image\"\/><img decoding=\"async\" src=\"https:\/\/ae01.alicdn.com\/kf\/S69cfafd31ee140468ae93a0915796541Q.jpeg\" slate-data-type=\"image\"\/><img decoding=\"async\" src=\"https:\/\/ae01.alicdn.com\/kf\/Sefd98842256e4fe0915a9c77a5f8b497G.jpeg\" slate-data-type=\"image\"\/><img decoding=\"async\" src=\"https:\/\/ae01.alicdn.com\/kf\/S2ac5afee914a441eb50da2f224d55354Y.jpeg\" slate-data-type=\"image\"\/><img decoding=\"async\" src=\"https:\/\/ae01.alicdn.com\/kf\/S0f6c2b943b3c4dd283fc0172108dea97k.jpeg\" slate-data-type=\"image\"\/><img decoding=\"async\" src=\"https:\/\/ae01.alicdn.com\/kf\/S9c3e7819ba3f4a528b1a705f08f3b570p.jpeg\" slate-data-type=\"image\"\/><img decoding=\"async\" src=\"https:\/\/ae01.alicdn.com\/kf\/S1ab11ecd6e15417a998be932eb16c65cD.jpeg\" slate-data-type=\"image\"\/><img decoding=\"async\" src=\"https:\/\/ae01.alicdn.com\/kf\/S4fded29516e1435f828a510e1d6ec3e8w.jpeg\" slate-data-type=\"image\"\/><img decoding=\"async\" src=\"https:\/\/ae01.alicdn.com\/kf\/S9087bdc3dc3f4bdea4e8bdec4b011129J.jpeg\" slate-data-type=\"image\"\/><img decoding=\"async\" src=\"https:\/\/ae01.alicdn.com\/kf\/S616c60114d0f4b36bdd5e91bbdc82afex.jpeg\" slate-data-type=\"image\"\/><img decoding=\"async\" src=\"https:\/\/ae01.alicdn.com\/kf\/Sa8d8508ca02446a6bf11510fd5ec417ef.jpeg\" slate-data-type=\"image\"\/><img decoding=\"async\" src=\"https:\/\/ae01.alicdn.com\/kf\/Seb20199599334db68e8816da9a67d402c.jpeg\" slate-data-type=\"image\"\/><img decoding=\"async\" src=\"https:\/\/ae01.alicdn.com\/kf\/Sf21826452b5e4a19bdd8cd5171caa139i.jpeg\" slate-data-type=\"image\"\/><img decoding=\"async\" src=\"https:\/\/ae01.alicdn.com\/kf\/S91b676420049452d855855b3d8a7b3327.jpeg\" slate-data-type=\"image\"\/><\/p>","protected":false},"excerpt":{"rendered":"<p>Bike Suspension Types:&nbsp;Sturdy Braking System:&nbsp;Front and Rear Mechanical Disc Brake Wheel Size:&nbsp;27.5&#039;&#039; Brand:&nbsp;Eleglide Net Weight:&nbsp;5.5kg Size of Frame:&nbsp;27.5&quot; x 19&quot; Max Load of Bike:&nbsp;120kg Cut-off Speed:&nbsp;25km\/h Max Range:&nbsp;150km (Assist Mode)<\/p>","protected":false},"featured_media":21591,"comment_status":"open","ping_status":"closed","template":"","meta":{"_acf_changed":false},"product_brand":[],"product_cat":[230],"product_tag":[],"class_list":{"0":"post-21590","1":"product","2":"type-product","3":"status-publish","4":"has-post-thumbnail","6":"product_cat-bikes","8":"first","9":"instock","10":"shipping-taxable","11":"purchasable","12":"product-type-variable"},"acf":[],"_links":{"self":[{"href":"https:\/\/electricstore.eu\/fr\/wp-json\/wp\/v2\/product\/21590","targetHints":{"allow":["GET"]}}],"collection":[{"href":"https:\/\/electricstore.eu\/fr\/wp-json\/wp\/v2\/product"}],"about":[{"href":"https:\/\/electricstore.eu\/fr\/wp-json\/wp\/v2\/types\/product"}],"replies":[{"embeddable":true,"href":"https:\/\/electricstore.eu\/fr\/wp-json\/wp\/v2\/comments?post=21590"}],"wp:featuredmedia":[{"embeddable":true,"href":"https:\/\/electricstore.eu\/fr\/wp-json\/wp\/v2\/media\/21591"}],"wp:attachment":[{"href":"https:\/\/electricstore.eu\/fr\/wp-json\/wp\/v2\/media?parent=21590"}],"wp:term":[{"taxonomy":"product_brand","embeddable":true,"href":"https:\/\/electricstore.eu\/fr\/wp-json\/wp\/v2\/product_brand?post=21590"},{"taxonomy":"product_cat","embeddable":true,"href":"https:\/\/electricstore.eu\/fr\/wp-json\/wp\/v2\/product_cat?post=21590"},{"taxonomy":"product_tag","embeddable":true,"href":"https:\/\/electricstore.eu\/fr\/wp-json\/wp\/v2\/product_tag?post=21590"}],"curies":[{"name":"wp","href":"https:\/\/api.w.org\/{rel}","templated":true}]}}