{"id":21563,"date":"2025-05-20T18:19:56","date_gmt":"2025-05-20T18:19:56","guid":{"rendered":"https:\/\/electricstore.eu\/p\/uncategorized\/touroll-s2-adult-bikes-20-250w-motor-electric-bikes-25km-h-720wh-battery-120km-range-48v-15ah-electric-bicycles\/"},"modified":"2025-05-20T18:20:04","modified_gmt":"2025-05-20T18:20:04","slug":"touroll-s2-adult-bikes-20-250w-motor-electric-bikes-25km-h-720wh-battery-120km-range-48v-15ah-electric-bicycles","status":"publish","type":"product","link":"https:\/\/electricstore.eu\/fr\/p\/bikes\/touroll-s2-adult-bikes-20-250w-motor-electric-bikes-25km-h-720wh-battery-120km-range-48v-15ah-electric-bicycles\/","title":{"rendered":"V\u00e9los \u00e9lectriques Touroll S2 pour adultes, 20 pouces, moteur 250 W, 25 km\/h, batterie 720 Wh, autonomie 120 km, 48 V, 15 Ah"},"content":{"rendered":"<div class=\"product-specs-list-container\">\n<ul class=\"product-specs-list util-clearfix\">\n<li class=\"product-prop line-limit-length\"><span\n                                        class=\"property-title\">Types de suspension de v\u00e9lo\u00a0:&nbsp;<\/span><span\n                                        class=\"property-desc line-limit-length\">Robuste<\/span>\n                            <\/li>\n<li class=\"product-prop line-limit-length\"><span\n                                        class=\"property-title\">Syst\u00e8me de freinage :&nbsp;<\/span><span\n                                        class=\"property-desc line-limit-length\">Frein \u00e0 disque m\u00e9canique avant et arri\u00e8re<\/span>\n                            <\/li>\n<li class=\"product-prop line-limit-length\"><span\n                                        class=\"property-title\">Taille de la roue :&nbsp;<\/span><span\n                                        class=\"property-desc line-limit-length\">20 pouces 500 mm<\/span>\n                            <\/li>\n<li class=\"product-prop line-limit-length\"><span\n                                        class=\"property-title\">Marque:&nbsp;<\/span><span\n                                        class=\"property-desc line-limit-length\">Touroll<\/span>\n                            <\/li>\n<li class=\"product-prop line-limit-length\"><span\n                                        class=\"property-title\">Mod\u00e8le:&nbsp;<\/span><span\n                                        class=\"property-desc line-limit-length\">S2<\/span>\n                            <\/li>\n<li class=\"product-prop line-limit-length\"><span\n                                        class=\"property-title\">NO:&nbsp;<\/span><span\n                                        class=\"property-desc line-limit-length\">31,2 kg<\/span>\n                            <\/li>\n<li class=\"product-prop line-limit-length\"><span\n                                        class=\"property-title\">Vitesse de coupure :&nbsp;<\/span><span\n                                        class=\"property-desc line-limit-length\">25 km\/h<\/span>\n                            <\/li>\n<li class=\"product-prop line-limit-length\"><span\n                                        class=\"property-title\">Charge maximale du v\u00e9lo :&nbsp;<\/span><span\n                                        class=\"property-desc line-limit-length\">120 kg<\/span>\n                            <\/li>\n<li class=\"product-prop line-limit-length\"><span\n                                        class=\"property-title\">Port\u00e9e max. :&nbsp;<\/span><span\n                                        class=\"property-desc line-limit-length\">150 km (mode d&#039;assistance)<\/span>\n                            <\/li>\n<li class=\"product-prop line-limit-length\"><span\n                                        class=\"property-title\">Capacit\u00e9\/Tension :&nbsp;<\/span><span\n                                        class=\"property-desc line-limit-length\">15 Ah \/ 48 V<\/span>\n                            <\/li>\n<li class=\"product-prop line-limit-length\"><span\n                                        class=\"property-title\">Temps de charge :&nbsp;<\/span><span\n                                        class=\"property-desc line-limit-length\">6-8h<\/span>\n                            <\/li>\n<li class=\"product-prop line-limit-length\"><span\n                                        class=\"property-title\">Taille du cadre :&nbsp;<\/span><span\n                                        class=\"property-desc line-limit-length\">20&quot;x17&quot;<\/span>\n                            <\/li>\n<\/ul><\/div>\n<p style=\"font-family:&quot;Noto Sans SC&quot;;font-size:medium;font-weight:400;letter-spacing:normal;text-align:start;white-space:normal;color:rgb(0, 0, 0)\" align=\"start\"><span style=\"font-size:x-large\">Points forts<\/span><\/p>\n<p><\/p>\n<p style=\"font-family:&quot;Noto Sans SC&quot;;font-size:medium;font-weight:400;letter-spacing:normal;text-align:start;white-space:normal;color:rgb(0, 0, 0)\" align=\"start\"><strong>Sans \u00e9gal<\/strong><strong><span>\u00a0<\/span><\/strong><strong>S\u00e9curit\u00e9 et<\/strong><strong><span>\u00a0<\/span><\/strong><strong>Stabilit\u00e9<\/strong><br \/>\u00c9quip\u00e9 de pneus tout-terrain 20*4.0 fat, le v\u00e9lo \u00e9lectrique Touroll S2 est con\u00e7u pour affronter les chemins non goudronn\u00e9s comme les sentiers forestiers, les sentiers de montagne et les plages de sable. Les pneus larges offrent une plus grande surface de contact au sol, garantissant une adh\u00e9rence et une stabilit\u00e9 sup\u00e9rieures, m\u00eame sur surfaces glissantes. Le v\u00e9lo est \u00e9quip\u00e9 d&#039;une suspension amortissante de 80 mm de d\u00e9battement qui minimise les vibrations, offrant une conduite plus souple et plus confortable. De plus, le v\u00e9lo \u00e9lectrique est \u00e9quip\u00e9 d&#039;un frein \u00e0 disque et d&#039;un frein \u00e0 assistance \u00e9lectrique qui arr\u00eatent imm\u00e9diatement le moteur au freinage, garantissant une conduite plus s\u00fbre et plus contr\u00f4l\u00e9e.<\/p>\n<p><strong>Performances puissantes<\/strong><br \/>Le v\u00e9lo \u00e9lectrique Touroll S2 d\u00e9livre une puissance maximale de 650 W et supporte une charge maximale de 120 kg, ce qui le rend id\u00e9al pour transporter du mat\u00e9riel suppl\u00e9mentaire ou des provisions. Son moteur sp\u00e9cialement con\u00e7u pour les v\u00e9los \u00e0 pneus fat offre un couple maximal de 55 Nm, pour des trajets sans effort et d&#039;excellentes performances en mont\u00e9e. Dot\u00e9 d&#039;une batterie haute capacit\u00e9 de 720 Wh, le Touroll S2 offre une autonomie allant jusqu&#039;\u00e0 150 km en mode assistance, ce qui en fait le compagnon id\u00e9al de vos d\u00e9placements.<\/p>\n<p><strong>Conduite douce et sans effort<\/strong><br \/>Un capteur de tapis de course pr\u00e9cis assure une assistance moteur pr\u00e9cise et r\u00e9active, permettant aux p\u00e9dales de transmettre des signaux de puissance 12 fois par rotation. Avec 5 niveaux PAS (12\/15\/18\/21\/25 km\/h), vous pouvez facilement ajuster votre vitesse \u00e0 vos besoins. Le syst\u00e8me Shimano \u00e0 7 vitesses assure des changements de vitesse fluides et efficaces, am\u00e9liorant ainsi votre exp\u00e9rience de conduite.<\/p>\n<p><strong>Ergonomique<\/strong><strong><span>\u00a0<\/span><\/strong><strong>Conception<\/strong><br \/>Dot\u00e9 d&#039;un cadre ouvert, le Touroll S2 permet aux cyclistes de tous \u00e2ges et de tous niveaux de monter et descendre facilement du v\u00e9lo. Le guidon et la selle r\u00e9glables vous permettent de personnaliser votre v\u00e9lo pour une position de conduite optimale. Que vous soyez un jeune aventurier ou un cycliste exp\u00e9riment\u00e9, le Touroll S2 offre une exp\u00e9rience confortable \u00e0 tous.<\/p>\n<p><strong>Stockage et chargement pratiques<\/strong><br \/>Le cadre et la potence pliables du v\u00e9lo \u00e9lectrique permettent de le ranger facilement dans les espaces restreints ou de le ranger dans un SUV ou un break. Sa batterie amovible simplifie la recharge et vous permet de reprendre la route rapidement. Vous pouvez \u00e9galement acheter une batterie suppl\u00e9mentaire pour augmenter votre autonomie.<\/p>\n<p><strong>Conduite nocturne s\u00e9curis\u00e9e am\u00e9lior\u00e9e et affichage ultra-clair<\/strong><br \/>\u00c9quip\u00e9 de phares avant et de feux arri\u00e8re certifi\u00e9s StVZO (norme europ\u00e9enne), ce v\u00e9lo \u00e9lectrique assure une excellente visibilit\u00e9 et une s\u00e9curit\u00e9 optimale en cas de faible luminosit\u00e9. L&#039;\u00e9cran LCD affiche des informations claires et lisibles, vous permettant de suivre votre trajet \u00e0 tout moment.<\/p>\n<p><\/p>\n<h2 style=\"font-family:&quot;Noto Sans SC&quot;;font-size:14px;letter-spacing:normal;text-align:start;white-space:normal;color:rgb(0, 0, 0);margin:10px 0px;margin-bottom:10px;margin-top:10px;margin-left:0px;margin-right:0px;padding:0px;padding-bottom:0px;padding-top:0px;padding-left:0px;padding-right:0px\" align=\"start\">Sp\u00e9cification<\/h2>\n<p><\/p>\n<table style=\"border-collapse:collapse;font-family:&quot;Noto Sans SC&quot;\" border=\"1\" cellpadding=\"8\">\n<tbody>\n<tr>\n<td style=\"width:137px\" width=\"137\">\n<p>G\u00e9n\u00e9ral<\/p>\n<\/td>\n<td style=\"width:427px\" width=\"427\">\n<p>Marque : Touroll<br \/>Mod\u00e8le : S2<br \/>Couleur : Bleu<\/p>\n<\/td>\n<\/tr>\n<tr>\n<td style=\"width:137px\" width=\"137\">\n<p>Sp\u00e9cifications de base<\/p>\n<\/td>\n<td style=\"width:427px\" width=\"427\">\n<p>Poids net : 31,2 kg<br \/>Taille d\u00e9pli\u00e9e : 1720x640x1300mm<br \/>Taille pli\u00e9e : 970x450x740mm<br \/>Taille du cadre : 20&quot;x17&quot;<br \/>Largeur du guidon : 620 mm (24,4 po)<br \/>Tailles de cavalier recommand\u00e9es\u00a0: 160-195\u00a0cm (5&#039;3\u201d-6&#039;5\u201d)<br \/>Charge maximale du v\u00e9lo\u00a0: 120\u00a0kg<br \/>Vitesse limite : 25 km\/h<br \/>Autonomie maximale\u00a0: 150\u00a0km (mode d&#039;assistance)<br \/>Niveaux PAS\u00a0: 12\/15\/18\/21\/25 km\/h (niveau 1 \u00e0 5)<br \/>Mode marche : 6 km\/h<br \/>Niveau d&#039;\u00e9tanch\u00e9it\u00e9 : IPX4<br \/>Mat\u00e9riau du cadre : STL<br \/>Type de cadre : \u00e0 marches<br \/>Syst\u00e8me de freinage : frein \u00e0 disque m\u00e9canique et frein \u00e9lectrique<br \/>Suspension : Amortisseur m\u00e9canique<br \/>D\u00e9battement de suspension : 80 mm<\/p>\n<\/td>\n<\/tr>\n<tr>\n<td style=\"width:137px\" width=\"137\">\n<p>Moteur<\/p>\n<\/td>\n<td style=\"width:427px\" width=\"427\">\n<p>Tension nominale : 48 V<br \/>Couple de sortie max. : 55 N.M<\/p>\n<\/td>\n<\/tr>\n<tr>\n<td style=\"width:137px\" width=\"137\">\n<p>D\u00e9railleur<\/p>\n<\/td>\n<td style=\"width:427px\" width=\"427\">\n<p>Quantit\u00e9 de leviers de vitesses\u00a0: 7 (arri\u00e8re)<br \/>Marque : Shimano<\/p>\n<\/td>\n<\/tr>\n<tr>\n<td style=\"width:137px\" width=\"137\">\n<p>Batterie<\/p>\n<\/td>\n<td style=\"width:427px\" width=\"427\">\n<p>Capacit\u00e9\/Tension : 15 Ah \/ 48 V<br \/>Capacit\u00e9 \u00e9lectrique : 720 Wh<br \/>Temps de charge : 6-8h<br \/>Syst\u00e8me de protection : Oui<\/p>\n<\/td>\n<\/tr>\n<tr>\n<td style=\"width:137px\" width=\"137\">\n<p>Pneus<\/p>\n<\/td>\n<td style=\"width:427px\" width=\"427\">\n<p>Taille : 20&quot;x4&quot;<br \/>Type, mat\u00e9riau : pneus en caoutchouc pneumatiques CST<br \/>Pression des pneus : 5-20 PSI<br \/>Pression des pneus optimale\u00a0: 15-20\u00a0PSI<\/p>\n<\/td>\n<\/tr>\n<tr>\n<td style=\"width:137px\" width=\"137\">\n<p>Afficher<\/p>\n<\/td>\n<td style=\"width:427px\" width=\"427\">\n<p>Taille, type\u00a0: \u00e9cran LCD 2,6&quot;<br \/>Informations\u00a0: vitesse en temps r\u00e9el, niveau d&#039;assistance, niveau de batterie, mode marche, distance parcourue<br \/>Fonctions : marche\/arr\u00eat, allumage\/extinction de la lumi\u00e8re, niveaux d&#039;assistance au changement de vitesse, activation du mode marche, etc.<\/p>\n<\/td>\n<\/tr>\n<tr>\n<td style=\"width:137px\" width=\"137\">\n<p>Emballer<\/p>\n<\/td>\n<td style=\"width:427px\" width=\"427\">\n<p>Taille: 148x32x77,5cm<br \/>Poids brut : 38,2 kg<\/p>\n<\/td>\n<\/tr>\n<tr>\n<td style=\"width:137px\" width=\"137\">\n<p>Liste des packages<\/p>\n<\/td>\n<td style=\"width:427px\" width=\"427\">\n<p>1 x Touroll Pedelec<br \/>2 x P\u00e9dale (gauche et droite)<br \/>1 x garde-boue avant<br \/>1 x Manuel d&#039;utilisation<br \/>1 x trousse \u00e0 outils<br \/>1 x chargeur<br \/>1 x phare<br \/>2 x Cl\u00e9<\/p>\n<\/td>\n<\/tr>\n<tr>\n<td style=\"width:565px\" width=\"565\" colspan=\"2\">\n<p><strong>Note:<\/strong>\u00a0l&#039;autonomie maximale est atteinte dans les conditions suivantes : charge de 75 kg, temp\u00e9rature de 26 \u00b0C, vitesse constante de 12 km\/h, sur routes plates sans vent fort.<\/p>\n<\/td>\n<\/tr>\n<\/tbody>\n<\/table>\n<p><img decoding=\"async\" src=\"https:\/\/ae01.alicdn.com\/kf\/S9cc4aa863c7e42468272a42412fa5725U.jpeg\" slate-data-type=\"image\"\/><img decoding=\"async\" src=\"https:\/\/ae01.alicdn.com\/kf\/Sabd76241c5d9404ba09393afd3ac68a2Q.jpeg\" slate-data-type=\"image\"\/><img decoding=\"async\" src=\"https:\/\/ae01.alicdn.com\/kf\/S16aa2f3a4d0143e3bbae8ee8e6d9cea8F.jpeg\" slate-data-type=\"image\"\/><img decoding=\"async\" src=\"https:\/\/ae01.alicdn.com\/kf\/S56aaf09a61a24e57a35309dcb4ef5ffcq.jpeg\" slate-data-type=\"image\"\/><img decoding=\"async\" src=\"https:\/\/ae01.alicdn.com\/kf\/S7979775108094b959549ba7701b77146C.jpeg\" slate-data-type=\"image\"\/><img decoding=\"async\" src=\"https:\/\/ae01.alicdn.com\/kf\/S020490a5aaa04a2687eed647a1f16ca84.jpeg\" slate-data-type=\"image\"\/><img decoding=\"async\" src=\"https:\/\/ae01.alicdn.com\/kf\/S0e16b4c9fa144f2ab8b61c2cd3d46f79Y.jpeg\" slate-data-type=\"image\"\/><img decoding=\"async\" src=\"https:\/\/ae01.alicdn.com\/kf\/Saa87f625732849b5845d9a905eb6fb18f.jpeg\" slate-data-type=\"image\"\/><img decoding=\"async\" src=\"https:\/\/ae01.alicdn.com\/kf\/S8b71635f37f344d58dc7749e22b61c0aQ.jpeg\" slate-data-type=\"image\"\/><\/p>","protected":false},"excerpt":{"rendered":"<p>Bike Suspension Types:&nbsp;Sturdy Braking System:&nbsp;Front and Rear Mechanical Disc Brake Wheel Size:&nbsp;20Inches 500mm Brand:&nbsp;Touroll Model:&nbsp;S2 N.W.:&nbsp;31.2kg Cut-off Speed:&nbsp;25km\/h Max Load of Bike:&nbsp;120kg Max. Range:&nbsp;150km(Assist Mode) Capacity\/Voltage:&nbsp;15Ah \/ 48V Charging Time:&nbsp;6-8h<\/p>","protected":false},"featured_media":21564,"comment_status":"open","ping_status":"closed","template":"","meta":{"_acf_changed":false},"product_brand":[],"product_cat":[230],"product_tag":[],"class_list":{"0":"post-21563","1":"product","2":"type-product","3":"status-publish","4":"has-post-thumbnail","6":"product_cat-bikes","8":"first","9":"instock","10":"shipping-taxable","11":"purchasable","12":"product-type-simple"},"acf":[],"_links":{"self":[{"href":"https:\/\/electricstore.eu\/fr\/wp-json\/wp\/v2\/product\/21563","targetHints":{"allow":["GET"]}}],"collection":[{"href":"https:\/\/electricstore.eu\/fr\/wp-json\/wp\/v2\/product"}],"about":[{"href":"https:\/\/electricstore.eu\/fr\/wp-json\/wp\/v2\/types\/product"}],"replies":[{"embeddable":true,"href":"https:\/\/electricstore.eu\/fr\/wp-json\/wp\/v2\/comments?post=21563"}],"wp:featuredmedia":[{"embeddable":true,"href":"https:\/\/electricstore.eu\/fr\/wp-json\/wp\/v2\/media\/21564"}],"wp:attachment":[{"href":"https:\/\/electricstore.eu\/fr\/wp-json\/wp\/v2\/media?parent=21563"}],"wp:term":[{"taxonomy":"product_brand","embeddable":true,"href":"https:\/\/electricstore.eu\/fr\/wp-json\/wp\/v2\/product_brand?post=21563"},{"taxonomy":"product_cat","embeddable":true,"href":"https:\/\/electricstore.eu\/fr\/wp-json\/wp\/v2\/product_cat?post=21563"},{"taxonomy":"product_tag","embeddable":true,"href":"https:\/\/electricstore.eu\/fr\/wp-json\/wp\/v2\/product_tag?post=21563"}],"curies":[{"name":"wp","href":"https:\/\/api.w.org\/{rel}","templated":true}]}}