{"id":21560,"date":"2025-05-20T18:19:54","date_gmt":"2025-05-20T18:19:54","guid":{"rendered":"https:\/\/electricstore.eu\/p\/uncategorized\/touroll-b2-26-electric-bike-25km-h-250w-50nm-torque-36v-15-6ah-100km-range-7-speed-shimano-gear-electric-bicycles\/"},"modified":"2025-05-20T18:19:55","modified_gmt":"2025-05-20T18:19:55","slug":"touroll-b2-26-electric-bike-25km-h-250w-50nm-torque-36v-15-6ah-100km-range-7-speed-shimano-gear-electric-bicycles","status":"publish","type":"product","link":"https:\/\/electricstore.eu\/fr\/p\/bikes\/touroll-b2-26-electric-bike-25km-h-250w-50nm-torque-36v-15-6ah-100km-range-7-speed-shimano-gear-electric-bicycles\/","title":{"rendered":"V\u00e9lo \u00e9lectrique Touroll B2 26 pouces, 25 km\/h, 250 W, couple 50 Nm, 36 V, 15,6 Ah, autonomie 100 km, transmission Shimano 7 vitesses."},"content":{"rendered":"<div class=\"product-specs-list-container\">\n<ul class=\"product-specs-list util-clearfix\">\n<li class=\"product-prop line-limit-length\"><span\n                                        class=\"property-title\">Types de suspension de v\u00e9lo\u00a0:&nbsp;<\/span><span\n                                        class=\"property-desc line-limit-length\">Robuste<\/span>\n                            <\/li>\n<li class=\"product-prop line-limit-length\"><span\n                                        class=\"property-title\">Syst\u00e8me de freinage :&nbsp;<\/span><span\n                                        class=\"property-desc line-limit-length\">Frein \u00e0 disque m\u00e9canique avant et arri\u00e8re<\/span>\n                            <\/li>\n<li class=\"product-prop line-limit-length\"><span\n                                        class=\"property-title\">Taille de la roue :&nbsp;<\/span><span\n                                        class=\"property-desc line-limit-length\">26&quot;<\/span>\n                            <\/li>\n<li class=\"product-prop line-limit-length\"><span\n                                        class=\"property-title\">Marque:&nbsp;<\/span><span\n                                        class=\"property-desc line-limit-length\">Touroll<\/span>\n                            <\/li>\n<li class=\"product-prop line-limit-length\"><span\n                                        class=\"property-title\">Mod\u00e8le:&nbsp;<\/span><span\n                                        class=\"property-desc line-limit-length\">B2<\/span>\n                            <\/li>\n<li class=\"product-prop line-limit-length\"><span\n                                        class=\"property-title\">Taille du cadre :&nbsp;<\/span><span\n                                        class=\"property-desc line-limit-length\">26&quot;x16&quot;<\/span>\n                            <\/li>\n<li class=\"product-prop line-limit-length\"><span\n                                        class=\"property-title\">NO:&nbsp;<\/span><span\n                                        class=\"property-desc line-limit-length\">26,7 kg<\/span>\n                            <\/li>\n<li class=\"product-prop line-limit-length\"><span\n                                        class=\"property-title\">Vitesse de coupure :&nbsp;<\/span><span\n                                        class=\"property-desc line-limit-length\">25 km\/h<\/span>\n                            <\/li>\n<li class=\"product-prop line-limit-length\"><span\n                                        class=\"property-title\">Port\u00e9e maximale :&nbsp;<\/span><span\n                                        class=\"property-desc line-limit-length\">100 km (mode assist\u00e9)<\/span>\n                            <\/li>\n<li class=\"product-prop line-limit-length\"><span\n                                        class=\"property-title\">Puissance\/tension nominale :&nbsp;<\/span><span\n                                        class=\"property-desc line-limit-length\">250 W \/ 36 V<\/span>\n                            <\/li>\n<li class=\"product-prop line-limit-length\"><span\n                                        class=\"property-title\">Temps de charge :&nbsp;<\/span><span\n                                        class=\"property-desc line-limit-length\">7-8h<\/span>\n                            <\/li>\n<\/ul><\/div>\n<p><span style=\"font-size:x-large\">Points forts<\/span><\/p>\n<p><\/p>\n<p style=\"font-family:&quot;Noto Sans SC&quot;;font-size:medium;font-weight:400;letter-spacing:normal;text-align:start;white-space:normal;color:rgb(0, 0, 0)\" align=\"start\">\u00c9l\u00e9gance intemporelle avec confort ergonomique<br \/>Le v\u00e9lo \u00e9lectrique Touroll B2 est dot\u00e9 d&#039;un cadre bas de gamme de style r\u00e9tro, con\u00e7u pour s&#039;adapter \u00e0 la posture \u00e9l\u00e9gante et confortable des femmes. Sa silhouette gracieuse, d\u00e9clin\u00e9e dans des coloris sophistiqu\u00e9s, allie esth\u00e9tique classique et ergonomie, pour une conduite souple et d\u00e9tendue. Le guidon et la hauteur de selle r\u00e9glables permettent de personnaliser le v\u00e9lo, tandis que le cadre bas facilite la mont\u00e9e et la descente, id\u00e9al pour les trajets quotidiens et les balades de loisirs.<\/p>\n<p>Syst\u00e8me de freinage ax\u00e9 sur la s\u00e9curit\u00e9<br \/>\u00c9quip\u00e9 de freins \u00e0 disque m\u00e9caniques \u00e0 coupure moteur, le Touroll B2 arr\u00eate instantan\u00e9ment le moteur au freinage, assurant des arr\u00eats rapides et contr\u00f4l\u00e9s, m\u00eame en pente. Ce syst\u00e8me de freinage, ax\u00e9 sur la s\u00e9curit\u00e9, renforce la confiance du pilote, notamment en ville, assurant une stabilit\u00e9 et un contr\u00f4le accrus.<\/p>\n<p>Batterie amovible longue port\u00e9e<br \/>Aliment\u00e9 par une batterie 36 V 15,6 Ah (561,6 Wh), le v\u00e9lo \u00e9lectrique B2 offre une autonomie impressionnante de plus de 100 km sur une seule charge, ce qui le rend id\u00e9al pour les trajets quotidiens, le v\u00e9lo en ville et les escapades du week-end. La batterie amovible permet une recharge facile \u00e0 la maison ou au bureau, pour un confort optimal.<\/p>\n<p>Puissance adaptative et contr\u00f4le fluide<br \/>Un moteur moyeu arri\u00e8re de 250 W avec un couple de 50 Nm, associ\u00e9 \u00e0 un capteur de cadence \u00e0 12 aimants, offre une assistance au p\u00e9dalage fluide et r\u00e9active \u00e0 chaque coup de p\u00e9dale. Franchissez les pentes sans effort et parcourez les rues de la ville \u00e0 une vitesse allant jusqu&#039;\u00e0 25 km\/h, pour une exp\u00e9rience de conduite puissante et naturelle.<\/p>\n<p>Syst\u00e8me de transmission Shimano \u00e0 7 vitesses<br \/>Abordez les terrains vari\u00e9s avec pr\u00e9cision gr\u00e2ce \u00e0 la transmission Shimano 7 vitesses. Que ce soit en mont\u00e9e ou en acc\u00e9l\u00e9ration sur route plate, ce syst\u00e8me de vitesses fiable assure des changements de vitesse fluides et \u00e9conomes en \u00e9nergie, s&#039;adaptant facilement \u00e0 votre rythme de conduite.<\/p>\n<p>Fonctionnalit\u00e9s conviviales<br \/>Pour une visibilit\u00e9 accrue, les feux avant et arri\u00e8re sont conformes \u00e0 la norme europ\u00e9enne StVZO, rendant les trajets nocturnes plus s\u00fbrs. L&#039;\u00e9cran LED intuitif permet de contr\u00f4ler facilement les trois niveaux d&#039;assistance au p\u00e9dalage, ce qui le rend accessible aux d\u00e9butants tout en offrant une grande polyvalence aux cyclistes exp\u00e9riment\u00e9s. Un porte-bagages arri\u00e8re robuste offre une grande praticit\u00e9, id\u00e9al pour transporter courses, sacs ou effets personnels\u00a0; id\u00e9al pour les trajets domicile-travail, les courses et les loisirs.<\/p>\n<p><\/p>\n<h2 style=\"font-family:&quot;Noto Sans SC&quot;;font-size:14px;letter-spacing:normal;text-align:start;white-space:normal;color:rgb(0, 0, 0);margin:10px 0px;margin-bottom:10px;margin-top:10px;margin-left:0px;margin-right:0px;padding:0px;padding-bottom:0px;padding-top:0px;padding-left:0px;padding-right:0px\" align=\"start\">Sp\u00e9cification<\/h2>\n<p><\/p>\n<table style=\"border-collapse:collapse;font-family:&quot;Noto Sans SC&quot;\" border=\"1\" cellpadding=\"8\">\n<tbody>\n<tr>\n<td style=\"width:28.2%\" width=\"28.2000%\">\n<p>G\u00e9n\u00e9ral<\/p>\n<\/td>\n<td style=\"width:71.78%\" width=\"71.7800%\">\n<p>Marque : Touroll<br \/>Mod\u00e8le : B2<br \/>Couleur: Vert<\/p>\n<\/td>\n<\/tr>\n<tr>\n<td style=\"width:28.2%\" width=\"28.2000%\">\n<p>Sp\u00e9cifications de base<\/p>\n<\/td>\n<td style=\"width:71.78%\" width=\"71.7800%\">\n<p>Taille du cadre : 26&quot;x16&quot;<br \/>Taille d\u00e9pli\u00e9e : 1910x670x1130mm<br \/>Largeur du guidon : 670 mm (26,4&quot;)<br \/>Poids net : 26,7 kg<br \/>Niveau d&#039;\u00e9tanch\u00e9it\u00e9 : IPX4<br \/>Vitesse limite : 25 km\/h<br \/>Port\u00e9e maximale\u00a0: 100\u00a0km (mode d&#039;assistance)<br \/>Niveaux de vitesse du mode d&#039;assistance\u00a0: 15\/20\/25\u00a0km\/h (niveau\u00a01 \u00e0\u00a03)<br \/>Mat\u00e9riau du cadre : STL<br \/>Tailles de cavalier recommand\u00e9es\u00a0: 160-195\u00a0cm (5&#039;3&quot; \u2013 6&#039;5&quot;)<\/p>\n<\/td>\n<\/tr>\n<tr>\n<td style=\"width:28.2%\" width=\"28.2000%\">\n<p>Moteur<\/p>\n<\/td>\n<td style=\"width:71.78%\" width=\"71.7800%\">\n<p>Puissance\/tension nominale\u00a0: 250\u00a0W \/ 36\u00a0V<br \/>Couple de sortie max. : 50 N.M<\/p>\n<\/td>\n<\/tr>\n<tr>\n<td style=\"width:28.2%\" width=\"28.2000%\">\n<p>D\u00e9railleur<\/p>\n<\/td>\n<td style=\"width:71.78%\" width=\"71.7800%\">\n<p>Marque : Shimano<br \/>Quantit\u00e9 de leviers de vitesses\u00a0: 7 (arri\u00e8re)<\/p>\n<\/td>\n<\/tr>\n<tr>\n<td style=\"width:28.2%\" width=\"28.2000%\">\n<p>Batterie<\/p>\n<\/td>\n<td style=\"width:71.78%\" width=\"71.7800%\">\n<p>Capacit\u00e9\/Tension : 15,6 Ah\/36 V<br \/>Capacit\u00e9 \u00e9lectrique : 561,6 Wh<br \/>Temps de charge : 7-8h<br \/>Syst\u00e8me de protection : Oui<\/p>\n<\/td>\n<\/tr>\n<tr>\n<td style=\"width:28.2%\" width=\"28.2000%\">\n<p>Chargeur<\/p>\n<\/td>\n<td style=\"width:71.78%\" width=\"71.7800%\">\n<p>Tension d&#039;entr\u00e9e : 100-240 V<br \/>Courant d&#039;entr\u00e9e : 2,0 A (max.)<br \/>Tension de sortie : 42 V<br \/>Courant de sortie : 2,0 A, 84 W<\/p>\n<\/td>\n<\/tr>\n<tr>\n<td style=\"width:28.2%\" width=\"28.2000%\">\n<p>Frein<\/p>\n<\/td>\n<td style=\"width:71.78%\" width=\"71.7800%\">\n<p>Type : Frein \u00e0 disque m\u00e9canique et frein \u00e9lectrique<\/p>\n<\/td>\n<\/tr>\n<tr>\n<td style=\"width:28.2%\" width=\"28.2000%\">\n<p>Disque de frein<\/p>\n<\/td>\n<td style=\"width:71.78%\" width=\"71.7800%\">\n<p>Diam\u00e8tre ext\u00e9rieur : 160 mm (6,3&quot;)<br \/>\u00c9paisseur : 1,8 mm<br \/>Contr\u00f4le : Freiner la roue avant par la main gauche et la roue arri\u00e8re par la main droite dans l&#039;UE ;<br \/>Au Royaume-Uni, freinez la roue avant avec la main droite et la roue arri\u00e8re avec la main gauche\u00a0;<\/p>\n<\/td>\n<\/tr>\n<tr>\n<td style=\"width:28.2%\" width=\"28.2000%\">\n<p>Pneus<\/p>\n<\/td>\n<td style=\"width:71.78%\" width=\"71.7800%\">\n<p>Taille : 26&quot;x2,25&quot;<br \/>Type\/Mat\u00e9riau : Pneus en caoutchouc pneumatiques<br \/>Pression des pneus : 30 \u00e0 45 psi<br \/>Pression des pneus optimale\u00a0: 35 \u00e0 40\u00a0PSI<\/p>\n<\/td>\n<\/tr>\n<tr>\n<td style=\"width:28.2%\" width=\"28.2000%\">\n<p>Instrument<\/p>\n<\/td>\n<td style=\"width:71.78%\" width=\"71.7800%\">\n<p>Type : LED<\/p>\n<\/td>\n<\/tr>\n<tr>\n<td style=\"width:28.2%\" width=\"28.2000%\">\n<p>Emballer<\/p>\n<\/td>\n<td style=\"width:71.78%\" width=\"71.7800%\">\n<p>Taille: 162x25x83cm<br \/>Poids brut : 33,7 kg<\/p>\n<\/td>\n<\/tr>\n<tr>\n<td style=\"width:28.2%\" width=\"28.2000%\">\n<p>Liste des packages<\/p>\n<\/td>\n<td style=\"width:71.78%\" width=\"71.7800%\">\n<p>1 x Touroll Pedelec<br \/>2 x P\u00e9dale (gauche et droite)<br \/>2 x r\u00e9flecteurs de rayons<br \/>1 x Manuel d&#039;utilisation<br \/>1 x trousse \u00e0 outils<br \/>1 x chargeur<br \/>2 x Cl\u00e9<br \/>1 x phare<br \/>1 x porte-bagages arri\u00e8re avec feu arri\u00e8re<br \/>2 x garde-boue (avant et arri\u00e8re)<br \/>1 x Instrument<\/p>\n<\/td>\n<\/tr>\n<tr>\n<td style=\"width:100%\" width=\"100.0000%\" colspan=\"2\">\n<p>Remarque : l&#039;autonomie maximale est atteinte dans les conditions suivantes : charge de 75 kg, temp\u00e9rature de 26 \u00b0C, vitesse constante de 15 km\/h, sur des routes plates sans vent fort.<\/p>\n<\/td>\n<\/tr>\n<\/tbody>\n<\/table>\n<h2 style=\"font-family:&quot;Noto Sans SC&quot;;font-size:14px;letter-spacing:normal;text-align:start;white-space:normal;color:rgb(0, 0, 0);margin:10px 0px;margin-bottom:10px;margin-top:10px;margin-left:0px;margin-right:0px;padding:0px;padding-bottom:0px;padding-top:0px;padding-left:0px;padding-right:0px\" align=\"start\"><img decoding=\"async\" src=\"https:\/\/ae01.alicdn.com\/kf\/S3ee568f643054a6bbe40a3f4348fe325p.jpeg\" slate-data-type=\"image\"\/><img decoding=\"async\" src=\"https:\/\/ae01.alicdn.com\/kf\/S433b62c588f94390bef74ac339c31235G.jpeg\" slate-data-type=\"image\"\/><img decoding=\"async\" src=\"https:\/\/ae01.alicdn.com\/kf\/Sc0899f5c9e8f4c32ae381251f377372cE.jpeg\" slate-data-type=\"image\"\/><img decoding=\"async\" src=\"https:\/\/ae01.alicdn.com\/kf\/Sf9e796c6828e4e0cb08ee5ac5af4b72a2.jpeg\" slate-data-type=\"image\"\/><img decoding=\"async\" src=\"https:\/\/ae01.alicdn.com\/kf\/S0aac1681357145648a5b9f41adb134446.jpeg\" slate-data-type=\"image\"\/><img decoding=\"async\" src=\"https:\/\/ae01.alicdn.com\/kf\/S3cf0047595e34953ae36d6b1d788a232F.jpeg\" slate-data-type=\"image\"\/><img decoding=\"async\" src=\"https:\/\/ae01.alicdn.com\/kf\/Sd5de5118332f4281a4a5c8c2443b76784.jpeg\" slate-data-type=\"image\"\/><img decoding=\"async\" src=\"https:\/\/ae01.alicdn.com\/kf\/S3b0371a61293443baa2db52d61e707bdg.jpeg\" slate-data-type=\"image\"\/><img decoding=\"async\" src=\"https:\/\/ae01.alicdn.com\/kf\/S5ea4a5f7a8184a44bb9937ffdd97d1beP.jpeg\" slate-data-type=\"image\"\/><img decoding=\"async\" src=\"https:\/\/ae01.alicdn.com\/kf\/S26d05ae144114d139bc1c13f929a4841L.jpeg\" slate-data-type=\"image\"\/><img decoding=\"async\" src=\"https:\/\/ae01.alicdn.com\/kf\/Sef807152e473437c857ca8051ea0d1a2V.jpeg\" slate-data-type=\"image\"\/><img decoding=\"async\" src=\"https:\/\/ae01.alicdn.com\/kf\/Sf7857045bf244e9f8d275a08a4233331l.jpeg\" slate-data-type=\"image\"\/><img decoding=\"async\" src=\"https:\/\/ae01.alicdn.com\/kf\/S180970779a404a65b342f1f22fa68763n.jpeg\" slate-data-type=\"image\"\/><img decoding=\"async\" src=\"https:\/\/ae01.alicdn.com\/kf\/S179960f8e3014750ac0a7f6f3ddaff5bg.jpeg\" slate-data-type=\"image\"\/><img decoding=\"async\" src=\"https:\/\/ae01.alicdn.com\/kf\/S736bb79c042d4d0aa34cb31f01c2d7f8Z.jpeg\" slate-data-type=\"image\"\/><img decoding=\"async\" src=\"https:\/\/ae01.alicdn.com\/kf\/S7ec4d9d924eb4479b1a51d2d624c35cfi.jpeg\" slate-data-type=\"image\"\/><br \/><\/h2>\n<p><\/p>","protected":false},"excerpt":{"rendered":"<p>Bike Suspension Types:&nbsp;Sturdy Braking System:&nbsp;Front and Rear Mechanical Disc Brake Wheel Size:&nbsp;26&quot; Brand:&nbsp;Touroll Model:&nbsp;B2 Size of Frame:&nbsp;26&quot;x16&quot; N.W.:&nbsp;26.7kg Cut-off Speed:&nbsp;25km\/h Max Range:&nbsp;100km (Assist Mode) Rated Power\/Voltage:&nbsp;250W \/ 36V Charging Time:&nbsp;7-8h<\/p>","protected":false},"featured_media":21561,"comment_status":"open","ping_status":"closed","template":"","meta":{"_acf_changed":false},"product_brand":[],"product_cat":[230],"product_tag":[],"class_list":{"0":"post-21560","1":"product","2":"type-product","3":"status-publish","4":"has-post-thumbnail","6":"product_cat-bikes","8":"first","9":"instock","10":"shipping-taxable","11":"purchasable","12":"product-type-simple"},"acf":[],"_links":{"self":[{"href":"https:\/\/electricstore.eu\/fr\/wp-json\/wp\/v2\/product\/21560","targetHints":{"allow":["GET"]}}],"collection":[{"href":"https:\/\/electricstore.eu\/fr\/wp-json\/wp\/v2\/product"}],"about":[{"href":"https:\/\/electricstore.eu\/fr\/wp-json\/wp\/v2\/types\/product"}],"replies":[{"embeddable":true,"href":"https:\/\/electricstore.eu\/fr\/wp-json\/wp\/v2\/comments?post=21560"}],"wp:featuredmedia":[{"embeddable":true,"href":"https:\/\/electricstore.eu\/fr\/wp-json\/wp\/v2\/media\/21561"}],"wp:attachment":[{"href":"https:\/\/electricstore.eu\/fr\/wp-json\/wp\/v2\/media?parent=21560"}],"wp:term":[{"taxonomy":"product_brand","embeddable":true,"href":"https:\/\/electricstore.eu\/fr\/wp-json\/wp\/v2\/product_brand?post=21560"},{"taxonomy":"product_cat","embeddable":true,"href":"https:\/\/electricstore.eu\/fr\/wp-json\/wp\/v2\/product_cat?post=21560"},{"taxonomy":"product_tag","embeddable":true,"href":"https:\/\/electricstore.eu\/fr\/wp-json\/wp\/v2\/product_tag?post=21560"}],"curies":[{"name":"wp","href":"https:\/\/api.w.org\/{rel}","templated":true}]}}