{"id":9244,"date":"2025-05-20T17:46:11","date_gmt":"2025-05-20T17:46:11","guid":{"rendered":"https:\/\/electricstore.eu\/p\/uncategorized\/oscal-powermax6000-6000w-rugged-power-station-3600wh-to-57600wh-lifepo4-battery-240v-dual-voltage-output-morse-code-signal\/"},"modified":"2025-05-20T17:46:48","modified_gmt":"2025-05-20T17:46:48","slug":"oscal-powermax6000-6000w-rugged-power-station-3600wh-to-57600wh-lifepo4-battery-240v-dual-voltage-output-morse-code-signal","status":"publish","type":"product","link":"https:\/\/electricstore.eu\/fi\/p\/batteries\/portable-power-stations\/oscal-powermax6000-6000w-rugged-power-station-3600wh-to-57600wh-lifepo4-battery-240v-dual-voltage-output-morse-code-signal\/","title":{"rendered":"Oscal PowerMax6000 6000 W:n kest\u00e4v\u00e4 voimalaitos, 3600 Wh - 57600 Wh LiFePO4-akku, 240 V:n kaksoisj\u00e4nnitel\u00e4ht\u00f6, morseaakkosignaali"},"content":{"rendered":"<div class=\"product-specs-list-container\">\n<ul class=\"product-specs-list util-clearfix\">\n<li class=\"product-prop line-limit-length\"><span\n                                        class=\"property-title\">N\u00e4ytt\u00f6:&nbsp;<\/span><span\n                                        class=\"property-desc line-limit-length\">Kyll\u00e4<\/span>\n                            <\/li>\n<li class=\"product-prop line-limit-length\"><span\n                                        class=\"property-title\">Nimelliskapasiteetti:&nbsp;<\/span><span\n                                        class=\"property-desc line-limit-length\">&gt;3500 mAh<\/span>\n                            <\/li>\n<li class=\"product-prop line-limit-length\"><span\n                                        class=\"property-title\">Mallinumero:&nbsp;<\/span><span\n                                        class=\"property-desc line-limit-length\">PowerMax 6000<\/span>\n                            <\/li>\n<li class=\"product-prop line-limit-length\"><span\n                                        class=\"property-title\">Tyyppi:&nbsp;<\/span><span\n                                        class=\"property-desc line-limit-length\">LiFePO4<\/span>\n                            <\/li>\n<li class=\"product-prop line-limit-length\"><span\n                                        class=\"property-title\">Setin tyyppi:&nbsp;<\/span><span\n                                        class=\"property-desc line-limit-length\">Laturisarjat<\/span>\n                            <\/li>\n<\/ul><\/div>\n<div class=\"detailmodule_dynamic\"><kse:widget data-widget-type=\"customText\" id=\"1005000009406803\" type=\"relation\"><\/kse:widget><\/div>\n<div class=\"detailmodule_html\">\n<div class=\"detail-desc-decorate-richtext\">\n<p><\/p>\n<div style=\"background-color:rgb(240, 234, 255);margin:20px 0px 10px;margin-bottom:10px;margin-top:20px;margin-left:0px;margin-right:0px;width:100%;height:34px\"><span style=\"background-color:rgb(55, 139, 238);color:rgb(255, 255, 255);font-size:24px;font-family:Verdana, Arial\">Kohokohdat<\/span><\/div>\n<div class=\"detailmodule_text\">\n<div><\/div>\n<div class=\"detailmodule_html\">\n<div class=\"detail-desc-decorate-richtext\">\n<div class=\"detailmodule_text-image\">\n<div class=\"detailmodule_text-image\">\n<div class=\"detailmodule_text-image\">\n<div class=\"detailmodule_text-image\">\n<div class=\"detailmodule_html\">\n<div class=\"detail-desc-decorate-richtext\">\n<div class=\"detailmodule_text-image\">\n<div class=\"detailmodule_text-image\">\n<p style=\"font-family:&quot;Microsoft YaHei&quot;;letter-spacing:normal;text-align:start;white-space:normal;color:rgb(0, 0, 0)\" align=\"start\"><span style=\"font-size:16px;font-family:arial, helvetica, sans-serif\">1, LiFePO4 Battery with Enhanced Output;<\/span><\/p>\n<p style=\"font-family:&quot;Microsoft YaHei&quot;;letter-spacing:normal;text-align:start;white-space:normal;color:rgb(0, 0, 0)\" align=\"start\"><span style=\"font-size:16px;font-family:arial, helvetica, sans-serif\">2, Enhanced Charging Capabilities;<\/span><\/p>\n<p style=\"font-family:&quot;Microsoft YaHei&quot;;letter-spacing:normal;text-align:start;white-space:normal;color:rgb(0, 0, 0)\" align=\"start\"><span style=\"font-size:16px;font-family:arial, helvetica, sans-serif\">3, Versatile Output Ports;<\/span><\/p>\n<p style=\"font-family:&quot;Microsoft YaHei&quot;;letter-spacing:normal;text-align:start;white-space:normal;color:rgb(0, 0, 0)\" align=\"start\"><span style=\"font-size:16px;font-family:arial, helvetica, sans-serif\">4, Improved Mobility and Management System;<\/span><\/p>\n<p style=\"font-family:&quot;Microsoft YaHei&quot;;letter-spacing:normal;text-align:start;white-space:normal;color:rgb(0, 0, 0)\" align=\"start\"><span style=\"font-size:16px;font-family:arial, helvetica, sans-serif\">5, Compact and Robust Design.<\/span><\/p>\n<\/div>\n<\/div>\n<\/div>\n<\/div>\n<\/div>\n<\/div>\n<\/div>\n<\/div>\n<\/div>\n<\/div>\n<\/div>\n<div style=\"background-color:rgb(240, 234, 255);margin:20px 0px 10px;margin-bottom:10px;margin-top:20px;margin-left:0px;margin-right:0px;width:100%;height:34px\"><span style=\"background-color:rgb(55, 139, 238);color:rgb(255, 255, 255);font-size:24px;font-family:Verdana, Arial\">Tuotetiedot<\/span><\/div>\n<p><img decoding=\"async\" src=\"https:\/\/ae01.alicdn.com\/kf\/Sa21e7868d0054241af2c4551670e6926v.jpg\" slate-data-type=\"image\"\/><img decoding=\"async\" src=\"https:\/\/ae01.alicdn.com\/kf\/Sb29e73717a2d45e1b30643dd1cdd434be.jpg\" slate-data-type=\"image\"\/><img decoding=\"async\" src=\"https:\/\/ae01.alicdn.com\/kf\/Sc3104bf331ae45e8a432a04c71033001l.jpg\" slate-data-type=\"image\"\/><img decoding=\"async\" src=\"https:\/\/ae01.alicdn.com\/kf\/Sc49937ad16be4e18a24f0cc3795c6ff1H.jpg\" slate-data-type=\"image\"\/><img decoding=\"async\" src=\"https:\/\/ae01.alicdn.com\/kf\/Se5d65bddba07433895d74e351dd10a5aU.jpg\" slate-data-type=\"image\"\/><img decoding=\"async\" src=\"https:\/\/ae01.alicdn.com\/kf\/S0a5cb885aff24a7a8fda3538c03121b30.jpg\" slate-data-type=\"image\"\/><img decoding=\"async\" src=\"https:\/\/ae01.alicdn.com\/kf\/Sd885a493d6c04a919e83a9cfbc366a82q.jpg\" slate-data-type=\"image\"\/><img decoding=\"async\" src=\"https:\/\/ae01.alicdn.com\/kf\/S0643f16f63284a8b8d6eae835fed7d12X.jpg\" slate-data-type=\"image\"\/><img decoding=\"async\" src=\"https:\/\/ae01.alicdn.com\/kf\/Scf6c4f9987624ce183ecb7f7ac5988a7W.jpg\" slate-data-type=\"image\"\/><img decoding=\"async\" src=\"https:\/\/ae01.alicdn.com\/kf\/S0e69d34e619c49c48febd5c7a5e3a956x.jpg\" slate-data-type=\"image\"\/><img decoding=\"async\" src=\"https:\/\/ae01.alicdn.com\/kf\/S4fbcba706d3d4f249f25982c4875c484Y.jpg\" slate-data-type=\"image\"\/><img decoding=\"async\" src=\"https:\/\/ae01.alicdn.com\/kf\/Sa622c90b6c9440fea4ed78818c66aaa9j.jpg\" slate-data-type=\"image\"\/><img decoding=\"async\" src=\"https:\/\/ae01.alicdn.com\/kf\/S8ad5db55093640aebec2f3bea379cab0k.jpg\" slate-data-type=\"image\"\/><img decoding=\"async\" src=\"https:\/\/ae01.alicdn.com\/kf\/Sa9ea9f0de66e4416a1c0ba96aa5804aeX.jpg\" slate-data-type=\"image\"\/><img decoding=\"async\" src=\"https:\/\/ae01.alicdn.com\/kf\/Sd14c7b17b6fb45809d825a39c3266758H.jpg\" slate-data-type=\"image\"\/><img decoding=\"async\" src=\"https:\/\/ae01.alicdn.com\/kf\/Sa2e4afa50d22450cb5646d95b8e09407w.jpg\" slate-data-type=\"image\"\/><img decoding=\"async\" src=\"https:\/\/ae01.alicdn.com\/kf\/S30de4c4af13c42cc95a617fbade6ef7ef.jpg\" slate-data-type=\"image\"\/><img decoding=\"async\" src=\"https:\/\/ae01.alicdn.com\/kf\/S4462c110792742ada694a4c12adac695q.jpg\" slate-data-type=\"image\"\/><img decoding=\"async\" src=\"https:\/\/ae01.alicdn.com\/kf\/S48d1664ec869427093c6af3a4f2ebaabg.jpg\" slate-data-type=\"image\"\/><img decoding=\"async\" src=\"https:\/\/ae01.alicdn.com\/kf\/Sd08d7370d893478abaeaace4679d43baT.jpg\" slate-data-type=\"image\"\/><img decoding=\"async\" src=\"https:\/\/ae01.alicdn.com\/kf\/Sab8876e69f1648a882d07291ec88795cs.jpg\" slate-data-type=\"image\"\/><img decoding=\"async\" src=\"https:\/\/ae01.alicdn.com\/kf\/Sd16db0d8b53c453a9e7bc19e9f88240dH.jpg\" slate-data-type=\"image\"\/><img decoding=\"async\" src=\"https:\/\/ae01.alicdn.com\/kf\/S5b5071e0e9c442d79e757a2a473d34eaq.jpg\" slate-data-type=\"image\"\/><img decoding=\"async\" src=\"https:\/\/ae01.alicdn.com\/kf\/S967f0731ab734bc4b6baf16a360bd1f32.jpg\" slate-data-type=\"image\"\/><img decoding=\"async\" src=\"https:\/\/ae01.alicdn.com\/kf\/S65e48f69421541e4863bacc61e61f61cO.jpg\" slate-data-type=\"image\"\/><img decoding=\"async\" src=\"https:\/\/ae01.alicdn.com\/kf\/S0b751148b6d24158b6b30f36f246f8e3U.jpg\" slate-data-type=\"image\"\/><img decoding=\"async\" src=\"https:\/\/ae01.alicdn.com\/kf\/S69c89b8a4e2740249d91ac260e0b62615.jpg\" slate-data-type=\"image\"\/><img decoding=\"async\" src=\"https:\/\/ae01.alicdn.com\/kf\/S2e79640e47834ce8968dba851e23c8ebQ.jpg\" slate-data-type=\"image\"\/><img decoding=\"async\" src=\"https:\/\/ae01.alicdn.com\/kf\/S0513393cdbcd438fa19b9e39ece604b5e.jpg\" slate-data-type=\"image\"\/><img decoding=\"async\" src=\"https:\/\/ae01.alicdn.com\/kf\/S1a1aa993db3b4892bf7e6e962b46153ca.jpg\" slate-data-type=\"image\"\/><img decoding=\"async\" src=\"https:\/\/ae01.alicdn.com\/kf\/Sa19e58b732fe493c90d64d2d210b0b74z.jpg\" slate-data-type=\"image\"\/><img decoding=\"async\" src=\"https:\/\/ae01.alicdn.com\/kf\/Saa3626422d3f4dc1aa100b07f154a3dcA.jpg\" slate-data-type=\"image\"\/><img decoding=\"async\" src=\"https:\/\/ae01.alicdn.com\/kf\/S5853ff1b00894bcd998e3c5a381b2ebbi.jpg\" slate-data-type=\"image\"\/><img decoding=\"async\" src=\"https:\/\/ae01.alicdn.com\/kf\/Sfa6842af4751463e8a39d35e3a1c2c93r.jpg\" slate-data-type=\"image\"\/><img decoding=\"async\" src=\"https:\/\/ae01.alicdn.com\/kf\/S01290e8d14f1422d9e3585648a64a467o.jpg\" slate-data-type=\"image\"\/><img decoding=\"async\" src=\"https:\/\/ae01.alicdn.com\/kf\/Sabb6883cd1b94872837184ee772ea5154.jpg\" slate-data-type=\"image\"\/><img decoding=\"async\" src=\"https:\/\/ae01.alicdn.com\/kf\/Sa1574079f4fd449bb4b73ee6d88c9ee7n.jpg\" slate-data-type=\"image\"\/><img decoding=\"async\" src=\"https:\/\/ae01.alicdn.com\/kf\/S62dc9e33eb75420f93c8b9d52870e618D.jpg\" slate-data-type=\"image\"\/><\/p>\n<div style=\"background-color:rgb(240, 234, 255);margin:20px 0px 10px;margin-bottom:10px;margin-top:20px;margin-left:0px;margin-right:0px;width:100%;height:34px\"><span style=\"background-color:rgb(55, 139, 238);color:rgb(255, 255, 255);font-size:24px;font-family:Verdana, Arial\">Tekniset tiedot<\/span><\/div>\n<p><span style=\"font-size:16px;font-family:arial, helvetica, sans-serif\">Temperature<br \/>Storage: -10\u2103 to 45\u2103 or (14\u00b0F to 113\u00b0F)<br \/>Charging: 0\u2103 to 50\u2103 or (32\u00b0F to 122\u00b0F)<br \/>Discharging: -20\u2103 to 55\u2103 or (-4\u00b0F to 131\u00b0F)<\/span><\/p>\n<p style=\"font-family:&quot;Microsoft YaHei&quot;;font-size:medium;font-weight:400;letter-spacing:normal;text-align:left;white-space:normal;color:rgb(0, 0, 0)\" align=\"left\"><span style=\"font-size:16px;font-family:arial, helvetica, sans-serif\">Battery Details<br \/>Battery Type: LiFePO4 (Lithium Iron Phosphate)<br \/>Battery Capacity: 3,600Wh<br \/>Lifecycle: 3500+ Cycles to 80% of Original Capacity<br \/>Shelf-Life: Recharge to above 50% Every 3 Months<br \/>Management System:\u00a0<br \/>T1 Chip integrated with BMS<br \/>Load \/ Voltage Monitoring<br \/>Charging Monitoring<br \/>Temperature monitoring<\/span><\/p>\n<p style=\"font-family:&quot;Microsoft YaHei&quot;;font-size:medium;font-weight:400;letter-spacing:normal;text-align:left;white-space:normal;color:rgb(0, 0, 0)\" align=\"left\"><span style=\"font-size:16px;font-family:arial, helvetica, sans-serif\">Charging Info.<br \/>Charging Type (Input Option):<br \/>AC Input: up 2200W<br \/>Solar Input: up 2400W Max.<br \/>Car Input: up 240W from Cigarette Lighter Port<br \/>AC Charging Time: 1.96 hours<br \/>Solar Charging Time: 1.5 hours (Prime sunshine)<br \/>AC + Solar Charging Time: Max 3000W Supported; 1.44 hours<br \/>Car Charging Time: 15 hours<\/span><\/p>\n<p style=\"font-family:&quot;Microsoft YaHei&quot;;font-size:medium;font-weight:400;letter-spacing:normal;text-align:left;white-space:normal;color:rgb(0, 0, 0)\" align=\"left\"><span style=\"font-size:16px;font-family:arial, helvetica, sans-serif\">Output Options<br \/>Total Output Power: 6,000W<br \/>Invertterityyppi: Puhdas siniaalto<br \/>Surge Power: 9,000W<br \/>AC Outlets: 4 X AC Outlets (Total 6000W)<br \/>USB Ports:<br \/>2x PD 100W &#8211; USB Type-C<br \/>3x PD 18W &#8211; USB Type-A<br \/>1x PD 12W &#8211; USB Type-A<br \/>Cigarette Lighter Sockets: 1 x Cigarette Lighter &#8211; 120W (Car Outlet)<br \/>LED light: Yes; 5 level LED lamp<br \/>DC Outlets:\u00a0<br \/>1 x 12V\/25A (Anderson 378W Outlet)<br \/>2 x 12V\/3A DC5521 (5.5mm Outlet)<\/span><\/p>\n<\/div>\n<\/div>","protected":false},"excerpt":{"rendered":"<p>Display screen:&nbsp;Yes Nominal Capacity:&nbsp;&gt;3500mAh Model Number:&nbsp;PowerMax 6000 Type:&nbsp;LiFePO4 Set Type:&nbsp;Charger Sets Highlights 1, LiFePO4 Battery with Enhanced Output; 2, Enhanced Charging Capabilities; 3, Versatile Output Ports; 4, Improved Mobility and<\/p>","protected":false},"featured_media":9246,"comment_status":"open","ping_status":"closed","template":"","meta":{"_acf_changed":false},"product_brand":[],"product_cat":[515],"product_tag":[],"class_list":{"0":"post-9244","1":"product","2":"type-product","3":"status-publish","4":"has-post-thumbnail","6":"product_cat-portable-power-stations","8":"first","9":"instock","10":"shipping-taxable","11":"purchasable","12":"product-type-simple"},"acf":[],"_links":{"self":[{"href":"https:\/\/electricstore.eu\/fi\/wp-json\/wp\/v2\/product\/9244","targetHints":{"allow":["GET"]}}],"collection":[{"href":"https:\/\/electricstore.eu\/fi\/wp-json\/wp\/v2\/product"}],"about":[{"href":"https:\/\/electricstore.eu\/fi\/wp-json\/wp\/v2\/types\/product"}],"replies":[{"embeddable":true,"href":"https:\/\/electricstore.eu\/fi\/wp-json\/wp\/v2\/comments?post=9244"}],"wp:featuredmedia":[{"embeddable":true,"href":"https:\/\/electricstore.eu\/fi\/wp-json\/wp\/v2\/media\/9246"}],"wp:attachment":[{"href":"https:\/\/electricstore.eu\/fi\/wp-json\/wp\/v2\/media?parent=9244"}],"wp:term":[{"taxonomy":"product_brand","embeddable":true,"href":"https:\/\/electricstore.eu\/fi\/wp-json\/wp\/v2\/product_brand?post=9244"},{"taxonomy":"product_cat","embeddable":true,"href":"https:\/\/electricstore.eu\/fi\/wp-json\/wp\/v2\/product_cat?post=9244"},{"taxonomy":"product_tag","embeddable":true,"href":"https:\/\/electricstore.eu\/fi\/wp-json\/wp\/v2\/product_tag?post=9244"}],"curies":[{"name":"wp","href":"https:\/\/api.w.org\/{rel}","templated":true}]}}