{"id":9133,"date":"2025-05-20T17:45:12","date_gmt":"2025-05-20T17:45:12","guid":{"rendered":"https:\/\/electricstore.eu\/p\/uncategorized\/daranener-neo1500pro-portable-power-station-1382wh-lifepo4-solar-generator-1800w-ac-output-charge-to-80-in-1-hour-14-ports\/"},"modified":"2025-05-20T17:45:26","modified_gmt":"2025-05-20T17:45:26","slug":"daranener-neo1500pro-portable-power-station-1382wh-lifepo4-solar-generator-1800w-ac-output-charge-to-80-in-1-hour-14-ports","status":"publish","type":"product","link":"https:\/\/electricstore.eu\/fi\/p\/batteries\/portable-power-stations\/daranener-neo1500pro-portable-power-station-1382wh-lifepo4-solar-generator-1800w-ac-output-charge-to-80-in-1-hour-14-ports\/","title":{"rendered":"DaranEner NEO1500Pro kannettava voimalaitos, 1382 Wh LiFePO4-aurinkogeneraattori, 1800 W:n AC-l\u00e4ht\u00f6, lataus 80%-laitteeseen tunnissa, 14 porttia"},"content":{"rendered":"<div class=\"product-specs-list-container\">\n<ul class=\"product-specs-list util-clearfix\">\n<li class=\"product-prop line-limit-length\"><span\n                                        class=\"property-title\">N\u00e4ytt\u00f6:&nbsp;<\/span><span\n                                        class=\"property-desc line-limit-length\">Kyll\u00e4<\/span>\n                            <\/li>\n<li class=\"product-prop line-limit-length\"><span\n                                        class=\"property-title\">Nimelliskapasiteetti:&nbsp;<\/span><span\n                                        class=\"property-desc line-limit-length\">&gt;3500 mAh<\/span>\n                            <\/li>\n<li class=\"product-prop line-limit-length\"><span\n                                        class=\"property-title\">Mallinumero:&nbsp;<\/span><span\n                                        class=\"property-desc line-limit-length\">NEO1500Pro<\/span>\n                            <\/li>\n<li class=\"product-prop line-limit-length\"><span\n                                        class=\"property-title\">Tyyppi:&nbsp;<\/span><span\n                                        class=\"property-desc line-limit-length\">LiFePO4<\/span>\n                            <\/li>\n<li class=\"product-prop line-limit-length\"><span\n                                        class=\"property-title\">Setin tyyppi:&nbsp;<\/span><span\n                                        class=\"property-desc line-limit-length\">Laturisarjat<\/span>\n                            <\/li>\n<li class=\"product-prop line-limit-length\"><span\n                                        class=\"property-title\">Kapasiteetti:&nbsp;<\/span><span\n                                        class=\"property-desc line-limit-length\">1382Wh<\/span>\n                            <\/li>\n<li class=\"product-prop line-limit-length\"><span\n                                        class=\"property-title\">Cell Type:&nbsp;<\/span><span\n                                        class=\"property-desc line-limit-length\">LiFePo4<\/span>\n                            <\/li>\n<li class=\"product-prop line-limit-length\"><span\n                                        class=\"property-title\">Cycle Times:&nbsp;<\/span><span\n                                        class=\"property-desc line-limit-length\">3500+ cycles to 80% of original capacity<\/span>\n                            <\/li>\n<li class=\"product-prop line-limit-length\"><span\n                                        class=\"property-title\">System:&nbsp;<\/span><span\n                                        class=\"property-desc line-limit-length\">MPPT controller, BMS, etc.<\/span>\n                            <\/li>\n<li class=\"product-prop line-limit-length\"><span\n                                        class=\"property-title\">USB-A*4:&nbsp;<\/span><span\n                                        class=\"property-desc line-limit-length\">MAX. 24W<\/span>\n                            <\/li>\n<li class=\"product-prop line-limit-length\"><span\n                                        class=\"property-title\">USB-C*2:&nbsp;<\/span><span\n                                        class=\"property-desc line-limit-length\">Max.100W<\/span>\n                            <\/li>\n<li class=\"product-prop line-limit-length\"><span\n                                        class=\"property-title\">Auton pistorasian l\u00e4ht\u00f6:&nbsp;<\/span><span\n                                        class=\"property-desc line-limit-length\">Maks. 120 W (12 V \u00d7 8 A)<\/span>\n                            <\/li>\n<li class=\"product-prop line-limit-length\"><span\n                                        class=\"property-title\">AC-l\u00e4ht\u00f6:&nbsp;<\/span><span\n                                        class=\"property-desc line-limit-length\">1800 W (enint\u00e4\u00e4n 3000 W) 230 V 50 Hz\/60 Hz<\/span>\n                            <\/li>\n<li class=\"product-prop line-limit-length\"><span\n                                        class=\"property-title\">LED-valaistus:&nbsp;<\/span><span\n                                        class=\"property-desc line-limit-length\">3W<\/span>\n                            <\/li>\n<li class=\"product-prop line-limit-length\"><span\n                                        class=\"property-title\">AC-tulo:&nbsp;<\/span><span\n                                        class=\"property-desc line-limit-length\">Maks. 1300 W (230 V \/ 5,7 A)<\/span>\n                            <\/li>\n<li class=\"product-prop line-limit-length\"><span\n                                        class=\"property-title\">Solar charging:&nbsp;<\/span><span\n                                        class=\"property-desc line-limit-length\">Max. 600W (XT60 port 33-60V\/20A)<\/span>\n                            <\/li>\n<li class=\"product-prop line-limit-length\"><span\n                                        class=\"property-title\">K\u00e4ytt\u00f6l\u00e4mp\u00f6tila:&nbsp;<\/span><span\n                                        class=\"property-desc line-limit-length\">-10-45\u00b0C<\/span>\n                            <\/li>\n<\/ul><\/div>\n<div class=\"detailmodule_dynamic\"><kse:widget data-widget-type=\"customText\" id=\"1005000009406803\" type=\"relation\"><\/kse:widget><\/div>\n<div class=\"detailmodule_html\">\n<div class=\"detail-desc-decorate-richtext\">\n<p><\/p>\n<div style=\"background-color:rgb(240, 234, 255);margin:20px 0px 10px;margin-bottom:10px;margin-top:20px;margin-left:0px;margin-right:0px;width:100%;height:34px\"><span style=\"background-color:rgb(55, 139, 238);color:rgb(255, 255, 255);font-size:24px;font-family:Verdana, Arial\">Kohokohdat<\/span><\/div>\n<div class=\"detailmodule_text\">\n<p style=\"font-family:&quot;Microsoft YaHei&quot;;letter-spacing:normal;text-align:start;white-space:normal;color:rgb(0, 0, 0)\" align=\"start\"><strong><span style=\"font-size:16px;font-family:arial, helvetica, sans-serif\">Nopea latausnopeus<\/span><\/strong><\/p>\n<p style=\"font-family:&quot;Microsoft YaHei&quot;;font-size:medium;font-weight:400;letter-spacing:normal;text-align:start;white-space:normal;color:rgb(0, 0, 0)\" align=\"start\"><span style=\"font-size:16px;font-family:arial, helvetica, sans-serif\">Kannettava latausasema malleista 0% malleihin 80%, verkkovirtalataus vain tunnissa ja t\u00e4yteen lataus vain 1,3 tunnissa. Lis\u00e4ksi se tukee jopa 600 W:n aurinkoenergian k\u00e4ytt\u00f6\u00e4 33\u201360 V XT60-liit\u00e4nn\u00e4n avulla. Se lataa jopa 80%:n nopeasti aurinkoenergialla vain kahdessa tunnissa s\u00e4hk\u00f6verkosta irti ollessaan. Varmistaa nopean ja helposti saatavilla olevan virransy\u00f6t\u00f6n minne ikin\u00e4 menetkin.<\/span><\/p>\n<div><\/div>\n<p style=\"font-family:&quot;Microsoft YaHei&quot;;letter-spacing:normal;text-align:start;white-space:normal;color:rgb(0, 0, 0)\" align=\"start\"><strong><span style=\"font-size:16px;font-family:arial, helvetica, sans-serif\">Suurikapasiteettinen LiFePO4-akku<\/span><\/strong><\/p>\n<p style=\"font-family:&quot;Microsoft YaHei&quot;;font-size:medium;font-weight:400;letter-spacing:normal;text-align:start;white-space:normal;color:rgb(0, 0, 0)\" align=\"start\"><span style=\"font-size:16px;font-family:arial, helvetica, sans-serif\">T\u00e4ss\u00e4 aurinkogeneraattorissa on 1382,4 Wh:n LiFePO4-akku, joka on tunnettu erinomaisesta l\u00e4mp\u00f6- ja kemiallisesta kest\u00e4vyydest\u00e4\u00e4n. Se kest\u00e4\u00e4 yli 3 500 latauskertaa, mik\u00e4 takaa akun k\u00e4ytt\u00f6i\u00e4n yli 10 vuotta, jos sit\u00e4 k\u00e4ytet\u00e4\u00e4n p\u00e4ivitt\u00e4in. Edistykselliset BMS- ja V0-luokan palonkest\u00e4v\u00e4t materiaalit takaavat kest\u00e4vyyden ja turvallisuuden.<\/span><\/p>\n<div><\/div>\n<p style=\"font-family:&quot;Microsoft YaHei&quot;;letter-spacing:normal;text-align:start;white-space:normal;color:rgb(0, 0, 0)\" align=\"start\"><strong><span style=\"font-size:16px;font-family:arial, helvetica, sans-serif\">Virtaa 14 laitteeseen<\/span><\/strong><\/p>\n<p style=\"font-family:&quot;Microsoft YaHei&quot;;font-size:medium;font-weight:400;letter-spacing:normal;text-align:start;white-space:normal;color:rgb(0, 0, 0)\" align=\"start\"><span style=\"font-size:16px;font-family:arial, helvetica, sans-serif\">1800 W:n jatkuvalla tehollaan ja 2600 W:n piikkitehollaan t\u00e4m\u00e4 virtal\u00e4hde pystyy k\u00e4sittelem\u00e4\u00e4n 95%:t\u00e4 p\u00e4ivitt\u00e4isi\u00e4 kodinkoneita. Varustettuna 3 pistorasialla, 1 auton tupakansytytinpistorasialla, 2 PD100W USB-C-portilla, 4 USB-A-portilla ja 4 12 V DC5521 -portilla, NEO1500 Pro voi k\u00e4ytt\u00e4\u00e4 monenlaisia laitteita puhelimista, kameroista ja kannettavista tietokoneista s\u00e4hk\u00f6l\u00e4mmittimiin, j\u00e4\u00e4kaappeihin ja jopa ilmastointilaitteisiin.<\/span><\/p>\n<div><\/div>\n<p style=\"font-family:&quot;Microsoft YaHei&quot;;letter-spacing:normal;text-align:start;white-space:normal;color:rgb(0, 0, 0)\" align=\"start\"><strong><span style=\"font-size:16px;font-family:arial, helvetica, sans-serif\">\u00c4\u00e4rimm\u00e4inen h\u00e4t\u00e4kumppani<\/span><\/strong><\/p>\n<p style=\"font-family:&quot;Microsoft YaHei&quot;;font-size:medium;font-weight:400;letter-spacing:normal;text-align:start;white-space:normal;color:rgb(0, 0, 0)\" align=\"start\"><span style=\"font-size:16px;font-family:arial, helvetica, sans-serif\">The power station includes a UPS function with a \u226415ms switch time, serving as a reliable home backup power supply. It can safeguard your critical data, aquarium systems, and other essential equipment during power outages. The deep sleep mode of NEO1500 Pro minimizes internal battery self-discharge, ensuring a high level of stored power for extended periods, making it an ideal backup power source anytime, anywhere.<\/span><\/p>\n<\/div>\n<div style=\"background-color:rgb(240, 234, 255);margin:20px 0px 10px;margin-bottom:10px;margin-top:20px;margin-left:0px;margin-right:0px;width:100%;height:34px\"><span style=\"background-color:rgb(55, 139, 238);color:rgb(255, 255, 255);font-size:24px;font-family:Verdana, Arial\">Tuotetiedot<\/span><\/div>\n<p><img decoding=\"async\" src=\"https:\/\/ae01.alicdn.com\/kf\/S6d4381a8839f4b92a796edbb468e6f904.jpg\" slate-data-type=\"image\"\/><img decoding=\"async\" src=\"https:\/\/ae01.alicdn.com\/kf\/S212a4fd57b3c494996a8c5b7656608a0h.jpg\" slate-data-type=\"image\"\/><img decoding=\"async\" src=\"https:\/\/ae01.alicdn.com\/kf\/S08b408f6779747f8ac198199acd591d3X.jpg\" slate-data-type=\"image\"\/><img decoding=\"async\" src=\"https:\/\/ae01.alicdn.com\/kf\/Sbc3f636544164409a080372f6cda2dd9L.jpg\" slate-data-type=\"image\"\/><img decoding=\"async\" src=\"https:\/\/ae01.alicdn.com\/kf\/S6c99e79f2b764bfdbf1cd8aeb6b1905dt.jpg\" slate-data-type=\"image\"\/><img decoding=\"async\" src=\"https:\/\/ae01.alicdn.com\/kf\/S2712e0230a0a43e1a728b136cc570e5dc.jpg\" slate-data-type=\"image\"\/><img decoding=\"async\" src=\"https:\/\/ae01.alicdn.com\/kf\/S97efa334eeb64f44a0260228f2bdd6bc7.jpg\" slate-data-type=\"image\"\/><img decoding=\"async\" src=\"https:\/\/ae01.alicdn.com\/kf\/S9d7363d509d345b7a2f50ffaa34ea27ff.jpg\" slate-data-type=\"image\"\/><img decoding=\"async\" src=\"https:\/\/ae01.alicdn.com\/kf\/Sdda8344a40874aa89e0da9482beacdf7t.jpg\" slate-data-type=\"image\"\/><img decoding=\"async\" src=\"https:\/\/ae01.alicdn.com\/kf\/S0fda479049bd452fb9524ce594519dfeq.jpg\" slate-data-type=\"image\"\/><img decoding=\"async\" src=\"https:\/\/ae01.alicdn.com\/kf\/S4326839354cb4441809004c97d4d7359G.jpg\" slate-data-type=\"image\"\/><img decoding=\"async\" src=\"https:\/\/ae01.alicdn.com\/kf\/S84d80288d6584f20823887efe5330c0az.jpg\" slate-data-type=\"image\"\/><img decoding=\"async\" src=\"https:\/\/ae01.alicdn.com\/kf\/S9b9caa440e5747059606da659787656ar.jpg\" slate-data-type=\"image\"\/><img decoding=\"async\" src=\"https:\/\/ae01.alicdn.com\/kf\/Sc26a815f968543799496de3a95130bf6V.jpg\" slate-data-type=\"image\"\/><\/p>\n<div style=\"background-color:rgb(240, 234, 255);margin:20px 0px 10px;margin-bottom:10px;margin-top:20px;margin-left:0px;margin-right:0px;width:100%;height:34px\"><span style=\"background-color:rgb(55, 139, 238);color:rgb(255, 255, 255);font-size:24px;font-family:Verdana, Arial\">Tekniset tiedot<\/span><\/div>\n<div><\/div>\n<table style=\"border-collapse:collapse;font-family:&quot;Microsoft YaHei&quot;;width:1000px\" class=\"jbEidtTable\" border=\"1\" cellpadding=\"5\" cellspacing=\"0\">\n<tbody>\n<tr>\n<td style=\"text-align:left\" align=\"left\">\n<p><span style=\"font-size:16px;font-family:arial, helvetica, sans-serif\">Yleist\u00e4<\/span><\/p>\n<\/td>\n<td style=\"text-align:left\" align=\"left\">\n<p><span style=\"font-size:16px;font-family:arial, helvetica, sans-serif\">Merkki: DaranEner<br \/>Tyyppi: Kannettava voimalaitos<br \/>Malli: NEO1500Pro\u00a0<br \/>V\u00e4ri: Musta<\/span><\/p>\n<\/td>\n<\/tr>\n<tr>\n<td style=\"text-align:left\" align=\"left\">\n<p><span style=\"font-size:16px;font-family:arial, helvetica, sans-serif\">Tekniset tiedot<\/span><\/p>\n<\/td>\n<td style=\"text-align:left\" align=\"left\">\n<div><span style=\"font-size:16px;font-family:arial, helvetica, sans-serif\">Kapasiteetti: 1382 Wh<br \/>Tyyppi: LiFePO4<br \/>Elinkaaret: Yli 3500 sykli\u00e4 alkuper\u00e4iseen 80%-kapasiteettiin asti<br \/>Kest\u00e4vyys: Lataa 80%-akkua vastaavaan tilaan 3\u20136 kuukauden v\u00e4lein<br \/>J\u00e4rjestelm\u00e4: MPPT-ohjain, BMS jne.<\/span><\/div>\n<p><span style=\"font-size:16px;font-family:arial, helvetica, sans-serif\">L\u00e4ht\u00f6<br \/>USB-A*4: ENINT\u00c4\u00c4N 24 W<br \/>USB-C*2: Maks. 100 W<br \/>Autopistorasian l\u00e4ht\u00f6teho: Maks. 120 W (12 V \u00d7 8 A)<br \/>AC-l\u00e4ht\u00f6teho: 1800 W (enint\u00e4\u00e4n 3000 W) 230 V 50 Hz\/60 Hz<br \/>LED-valaistus: 3W<\/span><\/p>\n<p><span style=\"font-size:16px;font-family:arial, helvetica, sans-serif\">Sy\u00f6te:<br \/>Verkkovirtatulo: Maks. 1300 W (230 V \/ 5,7 A)<br \/>Aurinkolataus: Maks. 600 W (XT60-portti 33\u201360 V\/20 A)<\/span><\/p>\n<p><span style=\"font-size:16px;font-family:arial, helvetica, sans-serif\">K\u00e4ytt\u00f6l\u00e4mp\u00f6tila: -10\u201345 \u00b0C<\/span><\/p>\n<\/td>\n<\/tr>\n<tr>\n<td style=\"text-align:left\" align=\"left\">\n<p><span style=\"font-size:16px;font-family:arial, helvetica, sans-serif\">Paino ja koko<\/span><\/p>\n<\/td>\n<td style=\"text-align:left\" align=\"left\">\n<p><span style=\"font-size:16px;font-family:arial, helvetica, sans-serif\">Tuotteen paino: 18,66 kg<br \/>Pakkauksen paino: 20,92 kg<br \/>Tuotteen koko (P x L x K): 44,0 * 23,5 * 29,5 cm<br \/>Pakkauksen koko (P x L x K): 53,6 * 32,2 * 42,7 cm<\/span><\/p>\n<\/td>\n<\/tr>\n<tr>\n<td style=\"text-align:left\" align=\"left\">\n<p><span style=\"font-size:16px;font-family:arial, helvetica, sans-serif\">Pakkauksen sis\u00e4lt\u00f6<\/span><\/p>\n<\/td>\n<td style=\"text-align:left\" align=\"left\">\n<p><span style=\"font-size:16px;font-family:arial, helvetica, sans-serif\">1 x Portable Power Station<br \/>1 x MC4 to XT60 Solar Charging Cable<br \/>1 x AC-latauskaapeli<br \/>1 x USB-C Cable<br \/>1 k\u00e4ytt\u00f6ohje<\/span><\/p>\n<\/td>\n<\/tr>\n<\/tbody>\n<\/table>\n<div><\/div>\n<\/div>\n<\/div>\n<p><\/p>","protected":false},"excerpt":{"rendered":"<p>Display screen:&nbsp;Yes Nominal Capacity:&nbsp;&gt;3500mAh Model Number:&nbsp;NEO1500Pro Type:&nbsp;LiFePO4 Set Type:&nbsp;Charger Sets Capacity:&nbsp;1382Wh Cell Type:&nbsp;LiFePo4 Cycle Times:&nbsp;3500+ cycles to 80% of original capacity System:&nbsp;MPPT controller, BMS, etc. USB-A*4:&nbsp;MAX. 24W USB-C*2:&nbsp;Max.100W Car socket<\/p>","protected":false},"featured_media":9134,"comment_status":"open","ping_status":"closed","template":"","meta":{"_acf_changed":false},"product_brand":[],"product_cat":[515],"product_tag":[],"class_list":{"0":"post-9133","1":"product","2":"type-product","3":"status-publish","4":"has-post-thumbnail","6":"product_cat-portable-power-stations","8":"first","9":"instock","10":"shipping-taxable","11":"purchasable","12":"product-type-simple"},"acf":[],"_links":{"self":[{"href":"https:\/\/electricstore.eu\/fi\/wp-json\/wp\/v2\/product\/9133","targetHints":{"allow":["GET"]}}],"collection":[{"href":"https:\/\/electricstore.eu\/fi\/wp-json\/wp\/v2\/product"}],"about":[{"href":"https:\/\/electricstore.eu\/fi\/wp-json\/wp\/v2\/types\/product"}],"replies":[{"embeddable":true,"href":"https:\/\/electricstore.eu\/fi\/wp-json\/wp\/v2\/comments?post=9133"}],"wp:featuredmedia":[{"embeddable":true,"href":"https:\/\/electricstore.eu\/fi\/wp-json\/wp\/v2\/media\/9134"}],"wp:attachment":[{"href":"https:\/\/electricstore.eu\/fi\/wp-json\/wp\/v2\/media?parent=9133"}],"wp:term":[{"taxonomy":"product_brand","embeddable":true,"href":"https:\/\/electricstore.eu\/fi\/wp-json\/wp\/v2\/product_brand?post=9133"},{"taxonomy":"product_cat","embeddable":true,"href":"https:\/\/electricstore.eu\/fi\/wp-json\/wp\/v2\/product_cat?post=9133"},{"taxonomy":"product_tag","embeddable":true,"href":"https:\/\/electricstore.eu\/fi\/wp-json\/wp\/v2\/product_tag?post=9133"}],"curies":[{"name":"wp","href":"https:\/\/api.w.org\/{rel}","templated":true}]}}