{"id":9114,"date":"2025-05-20T17:45:02","date_gmt":"2025-05-20T17:45:02","guid":{"rendered":"https:\/\/electricstore.eu\/p\/uncategorized\/cloudenergy-12v-200ah-lifepo4-battery-pack-backup-power-2560wh-energy-6000-cycles-built-in-100a-bms-support-in-series-parallel\/"},"modified":"2025-05-20T17:45:02","modified_gmt":"2025-05-20T17:45:02","slug":"cloudenergy-12v-200ah-lifepo4-battery-pack-backup-power-2560wh-energy-6000-cycles-built-in-100a-bms-support-in-series-parallel","status":"publish","type":"product","link":"https:\/\/electricstore.eu\/fi\/p\/batteries\/lifepo4-batteries\/200ah-lifepo4-batteries\/cloudenergy-12v-200ah-lifepo4-battery-pack-backup-power-2560wh-energy-6000-cycles-built-in-100a-bms-support-in-series-parallel\/","title":{"rendered":"Cloudenergy 12 V 200 Ah LiFePO4 -akkupaketti Varavirta 2560 Wh Energia 6000+ sykli\u00e4 Sis\u00e4\u00e4nrakennettu 100 A BMS-tuki sarja-\/rinnakkaiskytkenn\u00e4ss\u00e4"},"content":{"rendered":"<div class=\"product-specs-list-container\">\n<ul class=\"product-specs-list util-clearfix\">\n<li class=\"product-prop line-limit-length\"><span\n                                        class=\"property-title\">N\u00e4ytt\u00f6:&nbsp;<\/span><span\n                                        class=\"property-desc line-limit-length\">Kyll\u00e4<\/span>\n                            <\/li>\n<li class=\"product-prop line-limit-length\"><span\n                                        class=\"property-title\">Nimelliskapasiteetti:&nbsp;<\/span><span\n                                        class=\"property-desc line-limit-length\">&gt;3500 mAh<\/span>\n                            <\/li>\n<li class=\"product-prop line-limit-length\"><span\n                                        class=\"property-title\">Mallinumero:&nbsp;<\/span><span\n                                        class=\"property-desc line-limit-length\">CL12-200<\/span>\n                            <\/li>\n<li class=\"product-prop line-limit-length\"><span\n                                        class=\"property-title\">Tyyppi:&nbsp;<\/span><span\n                                        class=\"property-desc line-limit-length\">LiFePO4<\/span>\n                            <\/li>\n<li class=\"product-prop line-limit-length\"><span\n                                        class=\"property-title\">Setin tyyppi:&nbsp;<\/span><span\n                                        class=\"property-desc line-limit-length\">Laturisarjat<\/span>\n                            <\/li>\n<\/ul><\/div>\n<div class=\"detailmodule_dynamic\"><kse:widget data-widget-type=\"customText\" id=\"1005000009406803\" type=\"relation\"><\/kse:widget><\/div>\n<div class=\"detailmodule_html\">\n<div class=\"detail-desc-decorate-richtext\">\n<p><\/p>\n<div style=\"background-color:rgb(240, 234, 255);margin:20px 0px 10px;margin-bottom:10px;margin-top:20px;margin-left:0px;margin-right:0px;width:100%;height:34px\"><span style=\"background-color:rgb(55, 139, 238);color:rgb(255, 255, 255);font-size:24px;font-family:Verdana, Arial\">Kohokohdat<\/span><\/div>\n<div class=\"detailmodule_text\">\n<p style=\"font-family:&quot;Microsoft YaHei&quot;;letter-spacing:normal;text-align:start;white-space:normal;color:rgb(0, 0, 0)\" align=\"start\"><strong><span style=\"font-size:16px;font-family:arial, helvetica, sans-serif\">Luotettava autoteollisuuden litium-akku<\/span><\/strong><\/p>\n<p style=\"font-family:&quot;Microsoft YaHei&quot;;font-size:medium;font-weight:400;letter-spacing:normal;text-align:start;white-space:normal;color:rgb(0, 0, 0)\" align=\"start\"><span style=\"font-size:16px;font-family:arial, helvetica, sans-serif\">Cloudenegy LiFePO4 -akut ovat poikkeuksellisen laadukkaita, koska ne on valmistettu autoteollisuuden LiFePO4-kennoista, joilla on korkeampi energiatiheys, vakaampi suorituskyky ja suurempi teho. Korkeimman tason turvallisuus perustuu akun sis\u00e4ll\u00e4 olevan kennon UL-testaussertifikaattiin ja sis\u00e4\u00e4nrakennettuun 100 A:n BMS-j\u00e4rjestelm\u00e4\u00e4n, joka suojaa sit\u00e4 ylilataukselta, ylipurkaukselta, ylivirralta ja oikosululta erinomaisen itsepurkautumisnopeuden ansiosta. 100% on turvallinen, myrkyt\u00f6n ja uusiutuvaa energiaa.<\/span><\/p>\n<p><\/p>\n<p style=\"font-family:&quot;Microsoft YaHei&quot;;letter-spacing:normal;text-align:start;white-space:normal;color:rgb(0, 0, 0)\" align=\"start\"><strong><span style=\"font-size:16px;font-family:arial, helvetica, sans-serif\">T\u00e4ydellinen Off Grid- ja ulkok\u00e4ytt\u00f6\u00f6n<\/span><\/strong><\/p>\n<p style=\"font-family:&quot;Microsoft YaHei&quot;;font-size:medium;font-weight:400;letter-spacing:normal;text-align:start;white-space:normal;color:rgb(0, 0, 0)\" align=\"start\"><span style=\"font-size:16px;font-family:arial, helvetica, sans-serif\">Cloudenegy LiFePO4 -akku voidaan kytke\u00e4 rinnan ja sarjaan suuremman kapasiteetin (maks. 1200 Ah) ja korkeamman j\u00e4nnitteen (24 V, 36 V, 48 V) saavuttamiseksi, mik\u00e4 tekee siit\u00e4 t\u00e4ydellisen ratkaisun s\u00e4hk\u00f6verkosta riippumattomiin aurinkos\u00e4hk\u00f6j\u00e4rjestelmiin ja ulkok\u00e4ytt\u00f6\u00f6n, kuten kodin varavirtal\u00e4hteeseen, matkailuautoihin, retkeilyyn, purjeveneisiin jne. Sinun ei tarvitse huolehtia akun lataamisen vaikeudesta pilvisin\u00e4 p\u00e4ivin\u00e4, sill\u00e4 akun pitk\u00e4 k\u00e4ytt\u00f6ik\u00e4 tuo sinulle luotettavaa virtaa tai pidempi\u00e4 ja nautinnollisempia matkoja.<\/span><\/p>\n<\/div>\n<p style=\"background-color:rgb(240, 234, 255);margin:20px 0px 10px;margin-bottom:10px;margin-top:20px;margin-left:0px;margin-right:0px;width:100%;height:34px\"><span style=\"background-color:rgb(55, 139, 238);color:rgb(255, 255, 255);font-size:24px;font-family:arial, helvetica, sans-serif\">Tuotetiedot<\/span><\/p>\n<p><img decoding=\"async\" src=\"https:\/\/ae01.alicdn.com\/kf\/S822ca4e687e94c8d919f098006b9f1dcQ.jpg\" slate-data-type=\"image\"\/><img decoding=\"async\" src=\"https:\/\/ae01.alicdn.com\/kf\/Sa01ef147b9d648e19ceab5cc2cd1eb99x.jpg\" slate-data-type=\"image\"\/><img decoding=\"async\" src=\"https:\/\/ae01.alicdn.com\/kf\/S60c16e941a244e4a8eee26ecf5c9efedp.jpg\" slate-data-type=\"image\"\/><img decoding=\"async\" src=\"https:\/\/ae01.alicdn.com\/kf\/S58d99ef8f4c24db5b42c435e4f3dbf18g.jpg\" slate-data-type=\"image\"\/><img decoding=\"async\" src=\"https:\/\/ae01.alicdn.com\/kf\/S484ac22225bc4b5391285e1a6e0ccbfcZ.jpg\" slate-data-type=\"image\"\/><img decoding=\"async\" src=\"https:\/\/ae01.alicdn.com\/kf\/S33aebde8eaba44fea230eb640473d6318.jpg\" slate-data-type=\"image\"\/><img decoding=\"async\" src=\"https:\/\/ae01.alicdn.com\/kf\/S2b2770b31d1b4d3981b94d65582a0533E.jpg\" slate-data-type=\"image\"\/><img decoding=\"async\" src=\"https:\/\/ae01.alicdn.com\/kf\/Sfbbc8adc32a04d33be55472718724c23e.jpg\" slate-data-type=\"image\"\/><img decoding=\"async\" src=\"https:\/\/ae01.alicdn.com\/kf\/Se0a2305d5e4e4aa693575eccfe0f2ec1A.jpg\" slate-data-type=\"image\"\/><img decoding=\"async\" src=\"https:\/\/ae01.alicdn.com\/kf\/S6feae6d3da7f4067bbfaebe5277d3b75d.jpg\" slate-data-type=\"image\"\/><\/p>\n<div style=\"background-color:rgb(240, 234, 255);margin:20px 0px 10px;margin-bottom:10px;margin-top:20px;margin-left:0px;margin-right:0px;width:100%;height:34px\"><span style=\"background-color:rgb(55, 139, 238);color:rgb(255, 255, 255);font-size:24px;font-family:Verdana, Arial\">Tekniset tiedot<\/span><\/div>\n<div>\u00a0<\/div>\n<table style=\"border-collapse:collapse;font-family:&quot;Microsoft YaHei&quot;;width:1000px\" class=\"jbEidtTable\" border=\"1\" cellpadding=\"5\" cellspacing=\"0\">\n<tbody>\n<tr>\n<td style=\"text-align:left\" align=\"left\">\n<p><strong>Yleist\u00e4<\/strong><\/p>\n<\/td>\n<td style=\"text-align:left\" align=\"left\">\n<p><span style=\"font-size:16px;font-family:arial, helvetica, sans-serif\">Merkki: Cloudenergy<br \/>Tyyppi: LiFePO4-akku<br \/>Malli: CL12-200<br \/>V\u00e4ri: Oranssi+Musta<\/span><\/p>\n<\/td>\n<\/tr>\n<tr>\n<td style=\"text-align:left\" align=\"left\">\n<p><strong>Tekniset tiedot<\/strong><\/p>\n<\/td>\n<td style=\"text-align:left\" align=\"left\">\n<p><span style=\"font-size:16px;font-family:arial, helvetica, sans-serif\">Nimellisj\u00e4nnite: 12,8 V<br \/>Nimelliskapasiteetti: 200 Ah<br \/>Latausj\u00e4nnite: 14,2\u201314,6 V<br \/>Energia: 2560Wh<br \/>Jatkuva latausvirta: 100A<br \/>Jatkuvan purkausvirran maksimi: 100A<br \/>Suositeltu latausvirta: 40A (0,2C)<br \/>Maksimikuormitus \/ invertteriteho: 1280 W<br \/>Latausl\u00e4mp\u00f6tila: 0\u201350 celsiusastetta (32\u2013122 celsiusastetta)<br \/>Purkausl\u00e4mp\u00f6tila: -20 - 60 celsiusastetta (-4 - 140 celsiusastetta)<br \/>S\u00e4ilytysl\u00e4mp\u00f6tila: -10\u201350 celsiusastetta (14\u2013122 celsiusastetta)<br \/>Vedenpit\u00e4v\u00e4: IP63<br \/>Liitin: M8<\/span><\/p>\n<\/td>\n<\/tr>\n<tr>\n<td style=\"text-align:left\" align=\"left\">\n<p><strong>Paino ja koko<\/strong><\/p>\n<\/td>\n<td style=\"text-align:left\" align=\"left\">\n<p><span style=\"font-size:16px;font-family:arial, helvetica, sans-serif\">Tuotteen paino: 19,5 kg<br \/>Pakkauksen paino: 21 kg<br \/>Tuotteen koko (P x L x K): 53,2 \u00d7 20,7 \u00d7 21,5 cm<br \/>Pakkauksen koko (P x L x K): 56,2 \u00d7 24,7 \u00d7 24,5 cm<\/span><\/p>\n<\/td>\n<\/tr>\n<tr>\n<td style=\"text-align:left\" align=\"left\">\n<p><strong>Pakkauksen sis\u00e4lt\u00f6<\/strong><\/p>\n<\/td>\n<td style=\"text-align:left\" align=\"left\">\n<p>1 x LiFePO4-akku<br \/>1 k\u00e4ytt\u00f6ohje<\/p>\n<\/td>\n<\/tr>\n<\/tbody>\n<\/table>\n<\/div>\n<\/div>\n<p><\/p>","protected":false},"excerpt":{"rendered":"<p>Display screen:&nbsp;Yes Nominal Capacity:&nbsp;&gt;3500mAh Model Number:&nbsp;CL12-200 Type:&nbsp;LiFePO4 Set Type:&nbsp;Charger Sets Highlights Reliable Automotive Grade Lithium Battery Cloudenegy LiFePO4 batteries have exceptional quality since they are manufactured by automotive-grade LiFePO4 Cells<\/p>","protected":false},"featured_media":9115,"comment_status":"open","ping_status":"closed","template":"","meta":{"_acf_changed":false},"product_brand":[],"product_cat":[238],"product_tag":[],"class_list":{"0":"post-9114","1":"product","2":"type-product","3":"status-publish","4":"has-post-thumbnail","6":"product_cat-200ah-lifepo4-batteries","8":"first","9":"instock","10":"shipping-taxable","11":"purchasable","12":"product-type-simple"},"acf":[],"_links":{"self":[{"href":"https:\/\/electricstore.eu\/fi\/wp-json\/wp\/v2\/product\/9114","targetHints":{"allow":["GET"]}}],"collection":[{"href":"https:\/\/electricstore.eu\/fi\/wp-json\/wp\/v2\/product"}],"about":[{"href":"https:\/\/electricstore.eu\/fi\/wp-json\/wp\/v2\/types\/product"}],"replies":[{"embeddable":true,"href":"https:\/\/electricstore.eu\/fi\/wp-json\/wp\/v2\/comments?post=9114"}],"wp:featuredmedia":[{"embeddable":true,"href":"https:\/\/electricstore.eu\/fi\/wp-json\/wp\/v2\/media\/9115"}],"wp:attachment":[{"href":"https:\/\/electricstore.eu\/fi\/wp-json\/wp\/v2\/media?parent=9114"}],"wp:term":[{"taxonomy":"product_brand","embeddable":true,"href":"https:\/\/electricstore.eu\/fi\/wp-json\/wp\/v2\/product_brand?post=9114"},{"taxonomy":"product_cat","embeddable":true,"href":"https:\/\/electricstore.eu\/fi\/wp-json\/wp\/v2\/product_cat?post=9114"},{"taxonomy":"product_tag","embeddable":true,"href":"https:\/\/electricstore.eu\/fi\/wp-json\/wp\/v2\/product_tag?post=9114"}],"curies":[{"name":"wp","href":"https:\/\/api.w.org\/{rel}","templated":true}]}}