{"id":8966,"date":"2025-05-19T21:20:31","date_gmt":"2025-05-19T21:20:31","guid":{"rendered":"https:\/\/electricstore.eu\/product\/uncategorized\/isinwheel-u3-25km-h-500w-36v-7-8ah-foldable-e-bike\/"},"modified":"2025-05-21T05:41:17","modified_gmt":"2025-05-21T05:41:17","slug":"isinwheel-u3-25km-h-500w-36v-7-8ah-foldable-e-bike","status":"publish","type":"product","link":"https:\/\/electricstore.eu\/fi\/p\/bikes\/folding-bikes\/isinwheel-u3-25km-h-500w-36v-7-8ah-foldable-e-bike\/","title":{"rendered":"isinwheel U3 500W 36V 7.8Ah 25km\/h 10-30km 16\u2033 kokoontaitettava s\u00e4hk\u00f6py\u00f6r\u00e4"},"content":{"rendered":"<div class=\"product-specs-list-container\">\n<ul class=\"product-specs-list util-clearfix\">\n<li class=\"product-prop line-limit-length\"><span\n                                        class=\"property-title\">Mallinumero:&nbsp;<\/span><span\n                                        class=\"property-desc line-limit-length\">isinwheel U3<\/span>\n                            <\/li>\n<li class=\"product-prop line-limit-length\"><span\n                                        class=\"property-title\">Nimellinen matkustajakapasiteetti:&nbsp;<\/span><span\n                                        class=\"property-desc line-limit-length\">Yksi istuin<\/span>\n                            <\/li>\n<li class=\"product-prop line-limit-length\"><span\n                                        class=\"property-title\">Tyyli:&nbsp;<\/span><span\n                                        class=\"property-desc line-limit-length\">Vakiotyyppi<\/span>\n                            <\/li>\n<li class=\"product-prop line-limit-length\"><span\n                                        class=\"property-title\">Suurin nopeus:&nbsp;<\/span><span\n                                        class=\"property-desc line-limit-length\">&gt;50 km\/h<\/span>\n                            <\/li>\n<li class=\"product-prop line-limit-length\"><span\n                                        class=\"property-title\">Tehoalue:&nbsp;<\/span><span\n                                        class=\"property-desc line-limit-length\">10\u201330 km<\/span>\n                            <\/li>\n<li class=\"product-prop line-limit-length\"><span\n                                        class=\"property-title\">Teho:&nbsp;<\/span><span\n                                        class=\"property-desc line-limit-length\">351\u2013500 W<\/span>\n                            <\/li>\n<li class=\"product-prop line-limit-length\"><span\n                                        class=\"property-title\">Virtal\u00e4hde:&nbsp;<\/span><span\n                                        class=\"property-desc line-limit-length\">litiumparisto<\/span>\n                            <\/li>\n<li class=\"product-prop line-limit-length\"><span\n                                        class=\"property-title\">J\u00e4nnite:&nbsp;<\/span><span\n                                        class=\"property-desc line-limit-length\">36V<\/span>\n                            <\/li>\n<li class=\"product-prop line-limit-length\"><span\n                                        class=\"property-title\">Virtal\u00e4hde:&nbsp;<\/span><span\n                                        class=\"property-desc line-limit-length\">litiumparisto<\/span>\n                            <\/li>\n<li class=\"product-prop line-limit-length\"><span\n                                        class=\"property-title\">Alkuper\u00e4:&nbsp;<\/span><span\n                                        class=\"property-desc line-limit-length\">Manner-Kiina<\/span>\n                            <\/li>\n<li class=\"product-prop line-limit-length\"><span\n                                        class=\"property-title\">Taitettu:&nbsp;<\/span><span\n                                        class=\"property-desc line-limit-length\">Kyll\u00e4<\/span>\n                            <\/li>\n<li class=\"product-prop line-limit-length\"><span\n                                        class=\"property-title\">Moottori:&nbsp;<\/span><span\n                                        class=\"property-desc line-limit-length\">Harjaton<\/span>\n                            <\/li>\n<li class=\"product-prop line-limit-length\"><span\n                                        class=\"property-title\">Renkaan koko:&nbsp;<\/span><span\n                                        class=\"property-desc line-limit-length\">16 tuumaa<\/span>\n                            <\/li>\n<li class=\"product-prop line-limit-length\"><span\n                                        class=\"property-title\">Rungon materiaali:&nbsp;<\/span><span\n                                        class=\"property-desc line-limit-length\">Alumiiniseos<\/span>\n                            <\/li>\n<\/ul><\/div>\n<p><span style=\"color:rgb(244, 78, 59)\"><u>Rakas yst\u00e4v\u00e4,<\/u><\/span><\/p>\n<h3 style=\"font-family:&quot;TT Norms Pro&quot;, &quot;Open Sans&quot;, Roboto, Arial, Helvetica, sans-serif, SimSun;letter-spacing:normal;text-align:start;white-space:normal;color:rgb(34, 34, 34);box-sizing:border-box\" align=\"start\"><span style=\"color:rgb(244, 78, 59)\"><u>Meill\u00e4 on ammattitaitoinen korjaustiimi ja huoltopalvelu Puolassa.<\/u><\/span><\/h3>\n<h3 style=\"font-family:&quot;TT Norms Pro&quot;, &quot;Open Sans&quot;, Roboto, Arial, Helvetica, sans-serif, SimSun;letter-spacing:normal;text-align:start;white-space:normal;color:rgb(34, 34, 34);box-sizing:border-box\" align=\"start\"><span style=\"color:rgb(244, 78, 59)\"><u>Ostettu s\u00e4hk\u00f6py\u00f6r\u00e4 l\u00e4hetet\u00e4\u00e4n Puolasta, josta voimme laatia laskun. Jos sinulla on kysytt\u00e4v\u00e4\u00e4, ota meihin yhteytt\u00e4.<\/u><\/span><\/h3>\n<h1 style=\"text-align:center\" align=\"center\"><strong>isinwheel U3 City Commuter s\u00e4hk\u00f6py\u00f6r\u00e4 aikuisille, s\u00e4hk\u00f6py\u00f6r\u00e4 25 km\/h huipputeholla, 500 W moottorilla, 36 V 7,8 Ah akulla, 16 tuuman renkaalla ja taitettavalla s\u00e4hk\u00f6py\u00f6r\u00e4ll\u00e4<\/strong><\/h1>\n<p style=\"text-align:center\" align=\"center\"><img decoding=\"async\" src=\"https:\/\/ae01.alicdn.com\/kf\/S4437a54ec1dd44e39427992a2bbebf63a.jpg\" slate-data-type=\"image\"\/><img decoding=\"async\" src=\"https:\/\/ae01.alicdn.com\/kf\/Sa3d81590fb2b427eaaaaf3a94bc5b6bbO.jpg\" slate-data-type=\"image\"\/><img decoding=\"async\" src=\"https:\/\/ae01.alicdn.com\/kf\/S99bfda6e591b4a9a8dc1d603a2a7edc4x.jpg\" slate-data-type=\"image\"\/><img decoding=\"async\" src=\"https:\/\/ae01.alicdn.com\/kf\/S8856d850a4c04445a04254b9b14fbf955.jpg\" slate-data-type=\"image\"\/><img decoding=\"async\" src=\"https:\/\/ae01.alicdn.com\/kf\/Sd37f1d305c9e4754b40c98d55476898ey.jpg\" slate-data-type=\"image\"\/><img decoding=\"async\" src=\"https:\/\/ae01.alicdn.com\/kf\/S8314b43619d849718d0a165fea8d9954p.jpg\" slate-data-type=\"image\"\/><img decoding=\"async\" src=\"https:\/\/ae01.alicdn.com\/kf\/Scf420690bb0f481a8aa5b4b8cc602f3cq.jpg\" slate-data-type=\"image\"\/><img decoding=\"async\" src=\"https:\/\/ae01.alicdn.com\/kf\/S7c705de88ff34999a57934d41e472d91o.jpg\" slate-data-type=\"image\"\/><img decoding=\"async\" src=\"https:\/\/ae01.alicdn.com\/kf\/S7d28466c78d842d59b31f6d02b00faa1X.jpg\" slate-data-type=\"image\"\/><img decoding=\"async\" src=\"https:\/\/ae01.alicdn.com\/kf\/S42459dfdfcb541a6bd768b285b9c474e8.jpg\" slate-data-type=\"image\"\/><img decoding=\"async\" src=\"https:\/\/ae01.alicdn.com\/kf\/Sea3e0b70fc7b4a758b11f5132e4779ca3.jpg\" slate-data-type=\"image\"\/><img decoding=\"async\" src=\"https:\/\/ae01.alicdn.com\/kf\/S8911d06095ad4da2bf7ff9ec59984348R.jpg\" slate-data-type=\"image\"\/><img decoding=\"async\" src=\"https:\/\/ae01.alicdn.com\/kf\/S7f89974a885f4e1fb12c195541e7dac00.jpg\" slate-data-type=\"image\"\/><img decoding=\"async\" src=\"https:\/\/ae01.alicdn.com\/kf\/S96ae5d2ec15c429db6fca4eb228c207dq.jpg\" slate-data-type=\"image\"\/><img decoding=\"async\" src=\"https:\/\/ae01.alicdn.com\/kf\/S15e1836b5cd846f08366ec68e15d9d033.jpg\" slate-data-type=\"image\"\/><img decoding=\"async\" src=\"https:\/\/ae01.alicdn.com\/kf\/S68a9aed956384243916f7693e6a1ac2bD.jpg\" slate-data-type=\"image\"\/><img decoding=\"async\" src=\"https:\/\/ae01.alicdn.com\/kf\/Sd1798106f7764a36a67c88a364759e1aq.jpg\" slate-data-type=\"image\"\/><img decoding=\"async\" src=\"https:\/\/ae01.alicdn.com\/kf\/S0d05fa75cd5a45259ea41ecde74738c9j.jpg\" slate-data-type=\"image\"\/><img decoding=\"async\" src=\"https:\/\/ae01.alicdn.com\/kf\/S4b2b6abda4a84fd98e4b79bbe3cae89cF.jpg\" slate-data-type=\"image\"\/><img decoding=\"async\" src=\"https:\/\/ae01.alicdn.com\/kf\/S0e3557907b7a4452ba03d9c8b9c3f0ebb.jpg\" slate-data-type=\"image\"\/><img decoding=\"async\" src=\"https:\/\/ae01.alicdn.com\/kf\/Sf8f94fa519b94156a41c93c6f4ecc120x.jpg\" slate-data-type=\"image\"\/><img decoding=\"async\" src=\"https:\/\/ae01.alicdn.com\/kf\/S8b178a8542e94812987e695580d6f8f4f.jpg\" slate-data-type=\"image\"\/><img decoding=\"async\" src=\"https:\/\/ae01.alicdn.com\/kf\/Saf67d739eb6d418785bdef1a44c89cdcU.jpg\" slate-data-type=\"image\"\/><img decoding=\"async\" src=\"https:\/\/ae01.alicdn.com\/kf\/S83006670c267420c838daf201c177adaN.jpg\" slate-data-type=\"image\"\/><img decoding=\"async\" src=\"https:\/\/ae01.alicdn.com\/kf\/S589115999c0f404ca75b3c10fa8ea89eM.jpg\" slate-data-type=\"image\"\/><img decoding=\"async\" src=\"https:\/\/ae01.alicdn.com\/kf\/S4f5223178f6a48a687756773cb93edbaG.jpg\" slate-data-type=\"image\"\/><img decoding=\"async\" src=\"https:\/\/ae01.alicdn.com\/kf\/S0cab4df995ca45b9a8dc3703004d5816I.jpg\" slate-data-type=\"image\"\/><img decoding=\"async\" src=\"https:\/\/ae01.alicdn.com\/kf\/S659fccdff92f40c386f035aee0ff465dP.jpg\" slate-data-type=\"image\"\/><\/p>","protected":false},"excerpt":{"rendered":"<p>Model Number:&nbsp;isinwheel U3 Rated Passenger Capacity:&nbsp;One Seat Style:&nbsp;Standard Type Max Speed:&nbsp;&gt;50km\/h Range per Power:&nbsp;10 &#8211; 30 km Wattage:&nbsp;351 &#8211; 500w Power Supply:&nbsp;lithium battery Voltage:&nbsp;36V Power Source:&nbsp;lithium battery Origin:&nbsp;Mainland China Folded:&nbsp;Yes<\/p>","protected":false},"featured_media":8967,"comment_status":"open","ping_status":"closed","template":"","meta":{"_acf_changed":false},"product_brand":[],"product_cat":[298,296],"product_tag":[],"class_list":{"0":"post-8966","1":"product","2":"type-product","3":"status-publish","4":"has-post-thumbnail","6":"product_cat-electric-city-bikes","7":"product_cat-folding-bikes","9":"first","10":"instock","11":"shipping-taxable","12":"purchasable","13":"product-type-variable"},"acf":[],"_links":{"self":[{"href":"https:\/\/electricstore.eu\/fi\/wp-json\/wp\/v2\/product\/8966","targetHints":{"allow":["GET"]}}],"collection":[{"href":"https:\/\/electricstore.eu\/fi\/wp-json\/wp\/v2\/product"}],"about":[{"href":"https:\/\/electricstore.eu\/fi\/wp-json\/wp\/v2\/types\/product"}],"replies":[{"embeddable":true,"href":"https:\/\/electricstore.eu\/fi\/wp-json\/wp\/v2\/comments?post=8966"}],"wp:featuredmedia":[{"embeddable":true,"href":"https:\/\/electricstore.eu\/fi\/wp-json\/wp\/v2\/media\/8967"}],"wp:attachment":[{"href":"https:\/\/electricstore.eu\/fi\/wp-json\/wp\/v2\/media?parent=8966"}],"wp:term":[{"taxonomy":"product_brand","embeddable":true,"href":"https:\/\/electricstore.eu\/fi\/wp-json\/wp\/v2\/product_brand?post=8966"},{"taxonomy":"product_cat","embeddable":true,"href":"https:\/\/electricstore.eu\/fi\/wp-json\/wp\/v2\/product_cat?post=8966"},{"taxonomy":"product_tag","embeddable":true,"href":"https:\/\/electricstore.eu\/fi\/wp-json\/wp\/v2\/product_tag?post=8966"}],"curies":[{"name":"wp","href":"https:\/\/api.w.org\/{rel}","templated":true}]}}