{"id":8902,"date":"2025-05-19T21:19:48","date_gmt":"2025-05-19T21:19:48","guid":{"rendered":"https:\/\/electricstore.eu\/product\/uncategorized\/engwe-m20-1000w-48v-26ah-dual-battery-electric-bicycle\/"},"modified":"2025-05-21T05:41:20","modified_gmt":"2025-05-21T05:41:20","slug":"engwe-m20-1000w-48v-26ah-dual-battery-electric-bicycle","status":"publish","type":"product","link":"https:\/\/electricstore.eu\/fi\/p\/bikes\/electric-pedal-motorcycle\/engwe-m20-1000w-48v-26ah-dual-battery-electric-bicycle\/","title":{"rendered":"ENGWE M20 1000W 48V 26Ah 45km\/h 75km 20\u2033 s\u00e4hk\u00f6py\u00f6r\u00e4"},"content":{"rendered":"<div class=\"product-specs-list-container\">\n<ul class=\"product-specs-list util-clearfix\">\n<li class=\"product-prop line-limit-length\"><span\n                                        class=\"property-title\">Mallinumero:&nbsp;<\/span><span\n                                        class=\"property-desc line-limit-length\">ENGWE M20<\/span>\n                            <\/li>\n<li class=\"product-prop line-limit-length\"><span\n                                        class=\"property-title\">Nimellinen matkustajakapasiteetti:&nbsp;<\/span><span\n                                        class=\"property-desc line-limit-length\">Kaksi istuinta<\/span>\n                            <\/li>\n<li class=\"product-prop line-limit-length\"><span\n                                        class=\"property-title\">Tyyli:&nbsp;<\/span><span\n                                        class=\"property-desc line-limit-length\">Luksustyyppi<\/span>\n                            <\/li>\n<li class=\"product-prop line-limit-length\"><span\n                                        class=\"property-title\">Suurin nopeus:&nbsp;<\/span><span\n                                        class=\"property-desc line-limit-length\">&lt;25 km\/h<\/span>\n                            <\/li>\n<li class=\"product-prop line-limit-length\"><span\n                                        class=\"property-title\">Tehoalue:&nbsp;<\/span><span\n                                        class=\"property-desc line-limit-length\">&gt; 60 kilometri\u00e4<\/span>\n                            <\/li>\n<li class=\"product-prop line-limit-length\"><span\n                                        class=\"property-title\">Teho:&nbsp;<\/span><span\n                                        class=\"property-desc line-limit-length\">&gt; 500w<\/span>\n                            <\/li>\n<li class=\"product-prop line-limit-length\"><span\n                                        class=\"property-title\">Virtal\u00e4hde:&nbsp;<\/span><span\n                                        class=\"property-desc line-limit-length\">litiumparisto<\/span>\n                            <\/li>\n<li class=\"product-prop line-limit-length\"><span\n                                        class=\"property-title\">J\u00e4nnite:&nbsp;<\/span><span\n                                        class=\"property-desc line-limit-length\">48V<\/span>\n                            <\/li>\n<li class=\"product-prop line-limit-length\"><span\n                                        class=\"property-title\">Virtal\u00e4hde:&nbsp;<\/span><span\n                                        class=\"property-desc line-limit-length\">litiumparisto<\/span>\n                            <\/li>\n<li class=\"product-prop line-limit-length\"><span\n                                        class=\"property-title\">Alkuper\u00e4:&nbsp;<\/span><span\n                                        class=\"property-desc line-limit-length\">Manner-Kiina<\/span>\n                            <\/li>\n<li class=\"product-prop line-limit-length\"><span\n                                        class=\"property-title\">Taitettu:&nbsp;<\/span><span\n                                        class=\"property-desc line-limit-length\">Ei<\/span>\n                            <\/li>\n<li class=\"product-prop line-limit-length\"><span\n                                        class=\"property-title\">Moottori:&nbsp;<\/span><span\n                                        class=\"property-desc line-limit-length\">Harjaton<\/span>\n                            <\/li>\n<li class=\"product-prop line-limit-length\"><span\n                                        class=\"property-title\">Renkaan koko:&nbsp;<\/span><span\n                                        class=\"property-desc line-limit-length\">20 tuumaa<\/span>\n                            <\/li>\n<li class=\"product-prop line-limit-length\"><span\n                                        class=\"property-title\">Rungon materiaali:&nbsp;<\/span><span\n                                        class=\"property-desc line-limit-length\">Alumiiniseos<\/span>\n                            <\/li>\n<\/ul><\/div>\n<h1 style=\"text-align:center\" align=\"center\"><strong>ENGWE M20 s\u00e4hk\u00f6py\u00f6r\u00e4 aikuisille, 1000 W tehokas moottori, 48 V, 26 Ah, kaksoisakkuinen s\u00e4hk\u00f6py\u00f6r\u00e4, 20 tuuman 1 TP4T -rengas, maasto- ja maastopy\u00f6r\u00e4<\/strong><\/h1>\n<p style=\"font-family:DeepSeek-CJK-patch, Inter, system-ui, -apple-system, BlinkMacSystemFont, &quot;Segoe UI&quot;, Roboto, &quot;Noto Sans&quot;, Ubuntu, Cantarell, &quot;Helvetica Neue&quot;, Oxygen, &quot;Open Sans&quot;, sans-serif;font-size:16.002px;font-weight:400;letter-spacing:normal;line-height:28.575px;text-align:left;white-space:normal;color:rgb(64, 64, 64);background-color:rgb(255, 255, 255);margin:13.716px 0px;margin-bottom:13.716px;margin-top:13.716px;margin-left:0px;margin-right:0px\" class=\"ds-markdown-paragraph\" align=\"left\">The<span>\u00a0<\/span><strong>ENGWE M20<\/strong><span>\u00a0<\/span>on<span>\u00a0<\/span><strong>tehokas 750 W (1000 W huippu)<\/strong><span>\u00a0<\/span>s\u00e4hk\u00f6py\u00f6r\u00e4, joka on suunniteltu<span>\u00a0<\/span><strong>nopeus, suorituskyky ja monipuolisuus<\/strong>, olitpa sitten ty\u00f6matkalla kaupungissa tai tutkimassa maastoreittej\u00e4.<span>\u00a0<\/span><strong>huippunopeus 45 km\/h (28 mph)<\/strong><span>\u00a0<\/span>ja<span>\u00a0<\/span><strong>pitk\u00e4n kantaman 48 V 13 Ah akku<\/strong>T\u00e4m\u00e4 s\u00e4hk\u00f6py\u00f6r\u00e4 tarjoaa j\u00e4nnitt\u00e4v\u00e4n kiihtyvyyden ja pitki\u00e4 ajomatkoja.<\/p>\n<hr style=\"font-family:DeepSeek-CJK-patch, Inter, system-ui, -apple-system, BlinkMacSystemFont, &quot;Segoe UI&quot;, Roboto, &quot;Noto Sans&quot;, Ubuntu, Cantarell, &quot;Helvetica Neue&quot;, Oxygen, &quot;Open Sans&quot;, sans-serif;font-size:16.002px;font-weight:400;letter-spacing:normal;text-align:left;white-space:normal;color:rgb(64, 64, 64);background-color:rgb(229, 229, 229);border:none;margin:32px 0px;margin-bottom:32px;margin-top:32px;margin-left:0px;margin-right:0px;display:block;height:1px\" align=\"left\"\/>\n<h3 style=\"font-family:DeepSeek-CJK-patch, Inter, system-ui, -apple-system, BlinkMacSystemFont, &quot;Segoe UI&quot;, Roboto, &quot;Noto Sans&quot;, Ubuntu, Cantarell, &quot;Helvetica Neue&quot;, Oxygen, &quot;Open Sans&quot;, sans-serif;font-size:18.288px;font-weight:600;letter-spacing:normal;line-height:1.5;text-align:start;white-space:normal;color:rgb(64, 64, 64);background-color:rgb(255, 255, 255);margin:18.288px 0px 13.716px;margin-bottom:13.716px;margin-top:18.288px;margin-left:0px;margin-right:0px\" align=\"start\"><strong>T\u00e4rkeimm\u00e4t ominaisuudet:<\/strong><\/h3>\n<p style=\"font-family:DeepSeek-CJK-patch, Inter, system-ui, -apple-system, BlinkMacSystemFont, &quot;Segoe UI&quot;, Roboto, &quot;Noto Sans&quot;, Ubuntu, Cantarell, &quot;Helvetica Neue&quot;, Oxygen, &quot;Open Sans&quot;, sans-serif;font-size:16.002px;font-weight:400;letter-spacing:normal;line-height:28.575px;text-align:start;white-space:normal;color:rgb(64, 64, 64);background-color:rgb(255, 255, 255);margin:13.716px 0px;margin-bottom:13.716px;margin-top:13.716px;margin-left:0px;margin-right:0px\" class=\"ds-markdown-paragraph\" align=\"start\">\u26a1<span>\u00a0<\/span><strong>Nopea suorituskyky<\/strong><span>\u00a0<\/span>\u2013<span>\u00a0<\/span><strong>750 W:n moottori (100 W huipputeho)<\/strong><span>\u00a0<\/span>kanssa<span>\u00a0<\/span><strong>55 Nm v\u00e4\u00e4nt\u00f6momentti<\/strong><span>\u00a0<\/span>vahvaan m\u00e4ennousuun ja nopeaan kiihtyvyyteen<br \/>\ud83d\udd0b<span>\u00a0<\/span><strong>Pitk\u00e4kestoinen akku<\/strong><span>\u00a0<\/span>\u2013<span>\u00a0<\/span><strong>48 V 13 Ah<\/strong><span>\u00a0<\/span>irrotettava akku tarjoaa<span>\u00a0<\/span><strong>75 km (45 mailia) avustustilassa<\/strong><span>\u00a0<\/span>tai<span>\u00a0<\/span><strong>35 km (22 mailia) pelk\u00e4ll\u00e4 kaasulla<\/strong><br \/>\ud83d\udeb4<span>\u00a0<\/span><strong>Kaksi ajotilaa<\/strong><span>\u00a0<\/span>\u2013<span>\u00a0<\/span><strong>Peukalokaasu + poljinavustus (0\u20135 tasoa)<\/strong><span>\u00a0<\/span>joustavaa hallintaa varten<br \/>\ud83d\udee0\ufe0f<span>\u00a0<\/span><strong>Shimano 7-vaihteiset vaihteet<\/strong><span>\u00a0<\/span>\u2013 Sujuva vaihtaminen vaihtelevassa maastossa<br \/>\ud83d\udd04<span>\u00a0<\/span><strong>Mekaaninen etujousitus<\/strong><span>\u00a0<\/span>\u2013 Vaimentaa t\u00f6yssyj\u00e4 mukavan ajon takaamiseksi<br \/>\ud83d\uded1<span>\u00a0<\/span><strong>Luotettava jarrutus<\/strong><span>\u00a0<\/span>\u2013<span>\u00a0<\/span><strong>160 mm mekaaniset levyjarrut<\/strong><span>\u00a0<\/span>luotettavan jarrutusvoiman saavuttamiseksi<br \/>\ud83c\udf27\ufe0f<span>\u00a0<\/span><strong>Maastorenkaat<\/strong><span>\u00a0<\/span>\u2013<span>\u00a0<\/span><strong>20\u00d74.0&quot; Chaoyang fat -renkaat<\/strong><span>\u00a0<\/span>vakautta varten kaupungin kaduilla tai hiekkateill\u00e4<br \/>\ud83d\udcca<span>\u00a0<\/span><strong>LCD-n\u00e4ytt\u00f6<\/strong><span>\u00a0<\/span>\u2013 N\u00e4ytt\u00e4\u00e4 nopeuden, akun varaustason ja avustustilan +<span>\u00a0<\/span><strong>USB-latausportti<\/strong><\/p>\n<hr style=\"font-family:DeepSeek-CJK-patch, Inter, system-ui, -apple-system, BlinkMacSystemFont, &quot;Segoe UI&quot;, Roboto, &quot;Noto Sans&quot;, Ubuntu, Cantarell, &quot;Helvetica Neue&quot;, Oxygen, &quot;Open Sans&quot;, sans-serif;font-size:16.002px;font-weight:400;letter-spacing:normal;text-align:start;white-space:normal;color:rgb(64, 64, 64);background-color:rgb(229, 229, 229);border:none;margin:32px 0px;margin-bottom:32px;margin-top:32px;margin-left:0px;margin-right:0px;display:block;height:1px\" align=\"start\"\/>\n<h3 style=\"font-family:DeepSeek-CJK-patch, Inter, system-ui, -apple-system, BlinkMacSystemFont, &quot;Segoe UI&quot;, Roboto, &quot;Noto Sans&quot;, Ubuntu, Cantarell, &quot;Helvetica Neue&quot;, Oxygen, &quot;Open Sans&quot;, sans-serif;font-size:18.288px;font-weight:600;letter-spacing:normal;line-height:1.5;text-align:start;white-space:normal;color:rgb(64, 64, 64);background-color:rgb(255, 255, 255);margin:18.288px 0px 13.716px;margin-bottom:13.716px;margin-top:18.288px;margin-left:0px;margin-right:0px\" align=\"start\"><strong>Tekniset tiedot:<\/strong><\/h3>\n<ul style=\"font-family:DeepSeek-CJK-patch, Inter, system-ui, -apple-system, BlinkMacSystemFont, &quot;Segoe UI&quot;, Roboto, &quot;Noto Sans&quot;, Ubuntu, Cantarell, &quot;Helvetica Neue&quot;, Oxygen, &quot;Open Sans&quot;, sans-serif;font-size:16.002px;font-weight:400;letter-spacing:normal;text-align:start;white-space:normal;color:rgb(64, 64, 64);background-color:rgb(255, 255, 255);margin:13.716px 0px;margin-bottom:13.716px;margin-top:13.716px;margin-left:0px;margin-right:0px;padding-left:27.432px\" align=\"start\">\n<li>\n<p style=\"font-size:16.002px;line-height:28.575px;margin-bottom:0px;margin-top:0px;margin-left:0px;margin-right:0px\" class=\"ds-markdown-paragraph\"><strong>Suurin nopeus:<\/strong><span>\u00a0<\/span><strong>45 km\/h (28 mph)<\/strong><span>\u00a0<\/span>(avattu)<\/p>\n<\/li>\n<li style=\"margin-top:4px\">\n<p style=\"font-size:16.002px;line-height:28.575px;margin-bottom:0px;margin-top:0px;margin-left:0px;margin-right:0px\" class=\"ds-markdown-paragraph\"><strong>Alue:<\/strong><span>\u00a0<\/span><strong>75 km (45 mailia) avustustilassa<\/strong><span>\u00a0<\/span>\/<span>\u00a0<\/span><strong>35 km pelk\u00e4ll\u00e4 kaasulla<\/strong><\/p>\n<\/li>\n<li style=\"margin-top:4px\">\n<p style=\"font-size:16.002px;line-height:28.575px;margin-bottom:0px;margin-top:0px;margin-left:0px;margin-right:0px\" class=\"ds-markdown-paragraph\"><strong>Moottori:<\/strong><span>\u00a0<\/span><strong>750 W (1000 W huipputeho) takanavan moottori<\/strong><span>\u00a0<\/span>(55 Nm v\u00e4\u00e4nt\u00f6momentti)<\/p>\n<\/li>\n<li style=\"margin-top:4px\">\n<p style=\"font-size:16.002px;line-height:28.575px;margin-bottom:0px;margin-top:0px;margin-left:0px;margin-right:0px\" class=\"ds-markdown-paragraph\"><strong>Akku:<\/strong><span>\u00a0<\/span><strong>48 V 13 Ah<\/strong><span>\u00a0<\/span>(5 tunnin latausaika)<\/p>\n<\/li>\n<li style=\"margin-top:4px\">\n<p style=\"font-size:16.002px;line-height:28.575px;margin-bottom:0px;margin-top:0px;margin-left:0px;margin-right:0px\" class=\"ds-markdown-paragraph\"><strong>Runko:<\/strong><span>\u00a0<\/span><strong>Alumiiniseos<\/strong><span>\u00a0<\/span>(kest\u00e4v\u00e4 ja kevyt)<\/p>\n<\/li>\n<li style=\"margin-top:4px\">\n<p style=\"font-size:16.002px;line-height:28.575px;margin-bottom:0px;margin-top:0px;margin-left:0px;margin-right:0px\" class=\"ds-markdown-paragraph\"><strong>Renkaat:<\/strong><span>\u00a0<\/span><strong>20\u00d74.0&quot; Chaoyang fat -renkaat<\/strong><span>\u00a0<\/span>(pito kaikissa maastoissa)<\/p>\n<\/li>\n<li style=\"margin-top:4px\">\n<p style=\"font-size:16.002px;line-height:28.575px;margin-bottom:0px;margin-top:0px;margin-left:0px;margin-right:0px\" class=\"ds-markdown-paragraph\"><strong>Jarrut:<\/strong><span>\u00a0<\/span><strong>Mekaaninen levyjarru (160 mm roottorit)<\/strong><\/p>\n<\/li>\n<li style=\"margin-top:4px\">\n<p style=\"font-size:16.002px;line-height:28.575px;margin-bottom:0px;margin-top:0px;margin-left:0px;margin-right:0px\" class=\"ds-markdown-paragraph\"><strong>Jousitus:<\/strong><span>\u00a0<\/span><strong>Mekaaninen iskunvaimennus edess\u00e4<\/strong><\/p>\n<\/li>\n<li style=\"margin-top:4px\">\n<p style=\"font-size:16.002px;line-height:28.575px;margin-bottom:0px;margin-top:0px;margin-left:0px;margin-right:0px\" class=\"ds-markdown-paragraph\"><strong>Paino:<\/strong><span>\u00a0<\/span><strong>34,8 kg (netto) \/ 42,7 kg (brutto)<\/strong><\/p>\n<\/li>\n<li style=\"margin-top:4px\">\n<p style=\"font-size:16.002px;line-height:28.575px;margin-bottom:0px;margin-top:0px;margin-left:0px;margin-right:0px\" class=\"ds-markdown-paragraph\"><strong>Maksimikuormitus:<\/strong><span>\u00a0<\/span><strong>120 kg (264 paunaa)<\/strong><\/p>\n<\/li>\n<li style=\"margin-top:4px\">\n<p style=\"font-size:16.002px;line-height:28.575px;margin-bottom:0px;margin-top:0px;margin-left:0px;margin-right:0px\" class=\"ds-markdown-paragraph\"><strong>Kuljettajan pituus:<\/strong><span>\u00a0<\/span><strong>155\u2013210 cm (5&#039;0&quot;\u20136&#039;8&quot;)<\/strong><\/p>\n<\/li>\n<\/ul>\n<hr style=\"font-family:DeepSeek-CJK-patch, Inter, system-ui, -apple-system, BlinkMacSystemFont, &quot;Segoe UI&quot;, Roboto, &quot;Noto Sans&quot;, Ubuntu, Cantarell, &quot;Helvetica Neue&quot;, Oxygen, &quot;Open Sans&quot;, sans-serif;font-size:16.002px;font-weight:400;letter-spacing:normal;text-align:start;white-space:normal;color:rgb(64, 64, 64);background-color:rgb(229, 229, 229);border:none;margin:32px 0px;margin-bottom:32px;margin-top:32px;margin-left:0px;margin-right:0px;display:block;height:1px\" align=\"start\"\/>\n<h3 style=\"font-family:DeepSeek-CJK-patch, Inter, system-ui, -apple-system, BlinkMacSystemFont, &quot;Segoe UI&quot;, Roboto, &quot;Noto Sans&quot;, Ubuntu, Cantarell, &quot;Helvetica Neue&quot;, Oxygen, &quot;Open Sans&quot;, sans-serif;font-size:18.288px;font-weight:600;letter-spacing:normal;line-height:1.5;text-align:start;white-space:normal;color:rgb(64, 64, 64);background-color:rgb(255, 255, 255);margin:18.288px 0px 13.716px;margin-bottom:13.716px;margin-top:18.288px;margin-left:0px;margin-right:0px\" align=\"start\"><strong>Miksi valita ENGWE M20?<\/strong><\/h3>\n<p style=\"font-family:DeepSeek-CJK-patch, Inter, system-ui, -apple-system, BlinkMacSystemFont, &quot;Segoe UI&quot;, Roboto, &quot;Noto Sans&quot;, Ubuntu, Cantarell, &quot;Helvetica Neue&quot;, Oxygen, &quot;Open Sans&quot;, sans-serif;font-size:16.002px;font-weight:400;letter-spacing:normal;line-height:28.575px;text-align:start;white-space:normal;color:rgb(64, 64, 64);background-color:rgb(255, 255, 255);margin:13.716px 0px;margin-bottom:13.716px;margin-top:13.716px;margin-left:0px;margin-right:0px\" class=\"ds-markdown-paragraph\" align=\"start\">\u2714<span>\u00a0<\/span><strong>Tehokas ja nopea<\/strong><span>\u00a0<\/span>\u2013 Yksi luokkansa nopeimmista s\u00e4hk\u00f6py\u00f6rist\u00e4 (45 km\/h)<br \/>\u2714<span>\u00a0<\/span><strong>Pitk\u00e4n matkan ratsastus<\/strong><span>\u00a0<\/span>\u2013 Jopa 75 km poljinavustuksen kanssa<br \/>\u2714<span>\u00a0<\/span><strong>Mukava kaikissa maastoissa<\/strong><span>\u00a0<\/span>\u2013 Fat-renkaat + etujousitus vaimentavat iskuja<br \/>\u2714<span>\u00a0<\/span><strong>USB-latausportti<\/strong><span>\u00a0<\/span>\u2013 Pid\u00e4 laitteesi virtal\u00e4hteen\u00e4 liikkeell\u00e4 ollessasi<br \/>\u2714<span>\u00a0<\/span><strong>Shimanon vaihdej\u00e4rjestelm\u00e4<\/strong><span>\u00a0<\/span>\u2013 Sujuvat vaihteiden vaihdot yl\u00e4- ja alam\u00e4keen ajoon<\/p>\n<hr style=\"font-family:DeepSeek-CJK-patch, Inter, system-ui, -apple-system, BlinkMacSystemFont, &quot;Segoe UI&quot;, Roboto, &quot;Noto Sans&quot;, Ubuntu, Cantarell, &quot;Helvetica Neue&quot;, Oxygen, &quot;Open Sans&quot;, sans-serif;font-size:16.002px;font-weight:400;letter-spacing:normal;text-align:start;white-space:normal;color:rgb(64, 64, 64);background-color:rgb(229, 229, 229);border:none;margin:32px 0px;margin-bottom:32px;margin-top:32px;margin-left:0px;margin-right:0px;display:block;height:1px\" align=\"start\"\/>\n<h3 style=\"font-family:DeepSeek-CJK-patch, Inter, system-ui, -apple-system, BlinkMacSystemFont, &quot;Segoe UI&quot;, Roboto, &quot;Noto Sans&quot;, Ubuntu, Cantarell, &quot;Helvetica Neue&quot;, Oxygen, &quot;Open Sans&quot;, sans-serif;font-size:18.288px;font-weight:600;letter-spacing:normal;line-height:1.5;text-align:start;white-space:normal;color:rgb(64, 64, 64);background-color:rgb(255, 255, 255);margin:18.288px 0px 13.716px;margin-bottom:13.716px;margin-top:18.288px;margin-left:0px;margin-right:0px\" align=\"start\"><strong>Mukana tulevat lis\u00e4varusteet:<\/strong><\/h3>\n<ul style=\"font-family:DeepSeek-CJK-patch, Inter, system-ui, -apple-system, BlinkMacSystemFont, &quot;Segoe UI&quot;, Roboto, &quot;Noto Sans&quot;, Ubuntu, Cantarell, &quot;Helvetica Neue&quot;, Oxygen, &quot;Open Sans&quot;, sans-serif;font-size:16.002px;font-weight:400;letter-spacing:normal;text-align:start;white-space:normal;color:rgb(64, 64, 64);background-color:rgb(255, 255, 255);margin:13.716px 0px;margin-bottom:13.716px;margin-top:13.716px;margin-left:0px;margin-right:0px;padding-left:27.432px\" align=\"start\">\n<li>\n<p style=\"font-size:16.002px;line-height:28.575px;margin-bottom:0px;margin-top:0px;margin-left:0px;margin-right:0px\" class=\"ds-markdown-paragraph\"><strong>48 V 13 Ah akku ja laturi<\/strong><\/p>\n<\/li>\n<li style=\"margin-top:4px\">\n<p style=\"font-size:16.002px;line-height:28.575px;margin-bottom:0px;margin-top:0px;margin-left:0px;margin-right:0px\" class=\"ds-markdown-paragraph\"><strong>Ty\u00f6kalupakki<\/strong><span>\u00a0<\/span>(kuusioavaimet, jakoavaimet, ruuvimeisselit)<\/p>\n<\/li>\n<li style=\"margin-top:4px\">\n<p style=\"font-size:16.002px;line-height:28.575px;margin-bottom:0px;margin-top:0px;margin-left:0px;margin-right:0px\" class=\"ds-markdown-paragraph\"><strong>Englanninkielinen k\u00e4ytt\u00f6ohje<\/strong><\/p>\n<\/li>\n<li style=\"margin-top:4px\">\n<p style=\"font-size:16.002px;line-height:28.575px;margin-bottom:0px;margin-top:0px;margin-left:0px;margin-right:0px\" class=\"ds-markdown-paragraph\"><strong>S\u00e4hk\u00f6py\u00f6r\u00e4<\/strong><\/p>\n<\/li>\n<\/ul>\n<p style=\"font-family:DeepSeek-CJK-patch, Inter, system-ui, -apple-system, BlinkMacSystemFont, &quot;Segoe UI&quot;, Roboto, &quot;Noto Sans&quot;, Ubuntu, Cantarell, &quot;Helvetica Neue&quot;, Oxygen, &quot;Open Sans&quot;, sans-serif;font-size:16.002px;font-weight:400;letter-spacing:normal;line-height:28.575px;text-align:start;white-space:normal;color:rgb(64, 64, 64);background-color:rgb(255, 255, 255);margin:13.716px 0px;margin-bottom:13.716px;margin-top:13.716px;margin-left:0px;margin-right:0px\" class=\"ds-markdown-paragraph\" align=\"start\"><strong>Huomautus:<\/strong><span>\u00a0<\/span>Nopeus ja toimintas\u00e4de voivat vaihdella ajajan painon, maaston ja avustustason mukaan. Tarkista aina paikalliset s\u00e4hk\u00f6py\u00f6rien m\u00e4\u00e4r\u00e4ykset ennen suurempien nopeuksien avaamista.<img decoding=\"async\" src=\"https:\/\/ae01.alicdn.com\/kf\/S1ac89e69297d466b90658826484cad2bv.png\" slate-data-type=\"image\"\/><img decoding=\"async\" src=\"https:\/\/ae01.alicdn.com\/kf\/S81b9f545ec6742d68157ba9e5cfd3a7ew.png\" slate-data-type=\"image\"\/><img decoding=\"async\" src=\"https:\/\/ae01.alicdn.com\/kf\/S149d77da88964b1ca94beed3e38a5355r.png\" slate-data-type=\"image\"\/><img decoding=\"async\" src=\"https:\/\/ae01.alicdn.com\/kf\/Sbfb0cddb9d0548c382e20d7ad70e1633W.png\" slate-data-type=\"image\"\/><img decoding=\"async\" src=\"https:\/\/ae01.alicdn.com\/kf\/S01b919c42851445ebbb6bd61d74d62a2a.png\" slate-data-type=\"image\"\/><img decoding=\"async\" src=\"https:\/\/ae01.alicdn.com\/kf\/S2d6de1ae188247629112484293c5b667r.png\" slate-data-type=\"image\"\/><img decoding=\"async\" src=\"https:\/\/ae01.alicdn.com\/kf\/S11219886b6d74a978621024ef0e358cda.png\" slate-data-type=\"image\"\/><img decoding=\"async\" src=\"https:\/\/ae01.alicdn.com\/kf\/Sec15e79357b04e279af148bb1d177dc8z.png\" slate-data-type=\"image\"\/><img decoding=\"async\" src=\"https:\/\/ae01.alicdn.com\/kf\/Sff573c5350594572b2ee864dd062178eI.png\" slate-data-type=\"image\"\/><\/p><\/p>","protected":false},"excerpt":{"rendered":"<p>Model Number:&nbsp;ENGWE M20 Rated Passenger Capacity:&nbsp;Two Seat Style:&nbsp;Luxury Type Max Speed:&nbsp;&lt;25km\/h Range per Power:&nbsp;&gt; 60 km Wattage:&nbsp;&gt; 500w Power Supply:&nbsp;lithium battery Voltage:&nbsp;48V Power Source:&nbsp;lithium battery Origin:&nbsp;Mainland China Folded:&nbsp;No Motor:&nbsp;Brushless Wheel<\/p>","protected":false},"featured_media":8903,"comment_status":"open","ping_status":"closed","template":"","meta":{"_acf_changed":false},"product_brand":[],"product_cat":[470],"product_tag":[],"class_list":{"0":"post-8902","1":"product","2":"type-product","3":"status-publish","4":"has-post-thumbnail","6":"product_cat-electric-pedal-motorcycle","8":"first","9":"instock","10":"shipping-taxable","11":"purchasable","12":"product-type-variable"},"acf":[],"_links":{"self":[{"href":"https:\/\/electricstore.eu\/fi\/wp-json\/wp\/v2\/product\/8902","targetHints":{"allow":["GET"]}}],"collection":[{"href":"https:\/\/electricstore.eu\/fi\/wp-json\/wp\/v2\/product"}],"about":[{"href":"https:\/\/electricstore.eu\/fi\/wp-json\/wp\/v2\/types\/product"}],"replies":[{"embeddable":true,"href":"https:\/\/electricstore.eu\/fi\/wp-json\/wp\/v2\/comments?post=8902"}],"wp:featuredmedia":[{"embeddable":true,"href":"https:\/\/electricstore.eu\/fi\/wp-json\/wp\/v2\/media\/8903"}],"wp:attachment":[{"href":"https:\/\/electricstore.eu\/fi\/wp-json\/wp\/v2\/media?parent=8902"}],"wp:term":[{"taxonomy":"product_brand","embeddable":true,"href":"https:\/\/electricstore.eu\/fi\/wp-json\/wp\/v2\/product_brand?post=8902"},{"taxonomy":"product_cat","embeddable":true,"href":"https:\/\/electricstore.eu\/fi\/wp-json\/wp\/v2\/product_cat?post=8902"},{"taxonomy":"product_tag","embeddable":true,"href":"https:\/\/electricstore.eu\/fi\/wp-json\/wp\/v2\/product_tag?post=8902"}],"curies":[{"name":"wp","href":"https:\/\/api.w.org\/{rel}","templated":true}]}}