{"id":8673,"date":"2025-05-19T21:17:41","date_gmt":"2025-05-19T21:17:41","guid":{"rendered":"https:\/\/electricstore.eu\/product\/uncategorized\/cmacewheel-m26-26-fat-tire-ebike-48v-17ah-torque-80n-m\/"},"modified":"2025-05-21T05:41:25","modified_gmt":"2025-05-21T05:41:25","slug":"cmacewheel-m26-26-fat-tire-ebike-48v-17ah-torque-80n-m","status":"publish","type":"product","link":"https:\/\/electricstore.eu\/fi\/p\/bikes\/electric-fat-bikes\/cmacewheel-m26-26-fat-tire-ebike-48v-17ah-torque-80n-m\/","title":{"rendered":"CMACEWHEEL M26 200-250W 48V 17Ah 25km\/h &gt;60km 26\u2033 Fat rengas s\u00e4hk\u00f6py\u00f6r\u00e4"},"content":{"rendered":"<div class=\"product-specs-list-container\">\n<ul class=\"product-specs-list util-clearfix\">\n<li class=\"product-prop line-limit-length\"><span\n                                        class=\"property-title\">Mallinumero:&nbsp;<\/span><span\n                                        class=\"property-desc line-limit-length\">M26<\/span>\n                            <\/li>\n<li class=\"product-prop line-limit-length\"><span\n                                        class=\"property-title\">Nimellinen matkustajakapasiteetti:&nbsp;<\/span><span\n                                        class=\"property-desc line-limit-length\">Yksi istuin<\/span>\n                            <\/li>\n<li class=\"product-prop line-limit-length\"><span\n                                        class=\"property-title\">Tyyli:&nbsp;<\/span><span\n                                        class=\"property-desc line-limit-length\">Vakiotyyppi<\/span>\n                            <\/li>\n<li class=\"product-prop line-limit-length\"><span\n                                        class=\"property-title\">Tehoalue:&nbsp;<\/span><span\n                                        class=\"property-desc line-limit-length\">&gt; 60 kilometri\u00e4<\/span>\n                            <\/li>\n<li class=\"product-prop line-limit-length\"><span\n                                        class=\"property-title\">Teho:&nbsp;<\/span><span\n                                        class=\"property-desc line-limit-length\">200\u2013250 W<\/span>\n                            <\/li>\n<li class=\"product-prop line-limit-length\"><span\n                                        class=\"property-title\">Virtal\u00e4hde:&nbsp;<\/span><span\n                                        class=\"property-desc line-limit-length\">litiumparisto<\/span>\n                            <\/li>\n<li class=\"product-prop line-limit-length\"><span\n                                        class=\"property-title\">J\u00e4nnite:&nbsp;<\/span><span\n                                        class=\"property-desc line-limit-length\">48V<\/span>\n                            <\/li>\n<li class=\"product-prop line-limit-length\"><span\n                                        class=\"property-title\">Alkuper\u00e4:&nbsp;<\/span><span\n                                        class=\"property-desc line-limit-length\">Manner-Kiina<\/span>\n                            <\/li>\n<li class=\"product-prop line-limit-length\"><span\n                                        class=\"property-title\">Taitettu:&nbsp;<\/span><span\n                                        class=\"property-desc line-limit-length\">Ei<\/span>\n                            <\/li>\n<li class=\"product-prop line-limit-length\"><span\n                                        class=\"property-title\">Moottori:&nbsp;<\/span><span\n                                        class=\"property-desc line-limit-length\">Harjaton<\/span>\n                            <\/li>\n<li class=\"product-prop line-limit-length\"><span\n                                        class=\"property-title\">Renkaan koko:&nbsp;<\/span><span\n                                        class=\"property-desc line-limit-length\">26 tuumaa<\/span>\n                            <\/li>\n<li class=\"product-prop line-limit-length\"><span\n                                        class=\"property-title\">Rungon materiaali:&nbsp;<\/span><span\n                                        class=\"property-desc line-limit-length\">Alumiiniseos<\/span>\n                            <\/li>\n<li class=\"product-prop line-limit-length\"><span\n                                        class=\"property-title\">Tuotemerkki:&nbsp;<\/span><span\n                                        class=\"property-desc line-limit-length\">CMACEWHEEL<\/span>\n                            <\/li>\n<li class=\"product-prop line-limit-length\"><span\n                                        class=\"property-title\">Takatelineen kuorma:&nbsp;<\/span><span\n                                        class=\"property-desc line-limit-length\">50 kg<\/span>\n                            <\/li>\n<li class=\"product-prop line-limit-length\"><span\n                                        class=\"property-title\">Valo:&nbsp;<\/span><span\n                                        class=\"property-desc line-limit-length\">LED-ajovalo<\/span>\n                            <\/li>\n<li class=\"product-prop line-limit-length\"><span\n                                        class=\"property-title\">Korkeus:&nbsp;<\/span><span\n                                        class=\"property-desc line-limit-length\">165\u2013200 cm<\/span>\n                            <\/li>\n<li class=\"product-prop line-limit-length\"><span\n                                        class=\"property-title\">Maksimikuorma:&nbsp;<\/span><span\n                                        class=\"property-desc line-limit-length\">180 kg<\/span>\n                            <\/li>\n<li class=\"product-prop line-limit-length\"><span\n                                        class=\"property-title\">Nettopaino:&nbsp;<\/span><span\n                                        class=\"property-desc line-limit-length\">30 kg<\/span>\n                            <\/li>\n<li class=\"product-prop line-limit-length\"><span\n                                        class=\"property-title\">Jousitus:&nbsp;<\/span><span\n                                        class=\"property-desc line-limit-length\">Etuhaarukan iskunvaimennus<\/span>\n                            <\/li>\n<li class=\"product-prop line-limit-length\"><span\n                                        class=\"property-title\">Tarttuminen:&nbsp;<\/span><span\n                                        class=\"property-desc line-limit-length\">7 nopeutta<\/span>\n                            <\/li>\n<li class=\"product-prop line-limit-length\"><span\n                                        class=\"property-title\">V\u00e4\u00e4nt\u00f6momentti:&nbsp;<\/span><span\n                                        class=\"property-desc line-limit-length\">80 Nm<\/span>\n                            <\/li>\n<li class=\"product-prop line-limit-length\"><span\n                                        class=\"property-title\">Jarruj\u00e4rjestelm\u00e4:&nbsp;<\/span><span\n                                        class=\"property-desc line-limit-length\">Mekaaninen kaksoislevyjarru<\/span>\n                            <\/li>\n<li class=\"product-prop line-limit-length\"><span\n                                        class=\"property-title\">Akun kapasitanssi:&nbsp;<\/span><span\n                                        class=\"property-desc line-limit-length\">17 Ah<\/span>\n                            <\/li>\n<li class=\"product-prop line-limit-length\"><span\n                                        class=\"property-title\">3 ajotilaa:&nbsp;<\/span><span\n                                        class=\"property-desc line-limit-length\">Normaali\/Poljinavusteinen\/S\u00e4hk\u00f6inen<\/span>\n                            <\/li>\n<li class=\"product-prop line-limit-length\"><span\n                                        class=\"property-title\">Takavalo:&nbsp;<\/span><span\n                                        class=\"property-desc line-limit-length\">Langattomalla takavalolla<\/span>\n                            <\/li>\n<\/ul><\/div>\n<div class=\"detailmodule_html\">\n<div class=\"detail-desc-decorate-richtext\">\n<div>\n<p style=\"font-size:24px;text-align:center;color:rgb(208, 2, 27);display:block;width:100%\" align=\"center\"><span style=\"font-family:arial, helvetica, sans-serif\">M26 Tietoja toimituksesta<\/span><\/p>\n<p style=\"font-family:OpenSans;font-size:14px;font-weight:300;line-height:20px;white-space:pre-wrap;color:rgb(0, 0, 0);margin-bottom:12px\" class=\"detail-desc-decorate-content\"><span style=\"font-family:arial, helvetica, sans-serif\">Hyv\u00e4t ostajat, kun teet tilauksen, j\u00e4rjest\u00e4mme toimituksen 12\u201372 tunnin kuluessa. Sinun ei tarvitse huolehtia tulleista ja arvonlis\u00e4verosta. Kauppahinta on lopullinen hinta, ja tavarat saapuvat 3\u201310 arkip\u00e4iv\u00e4n kuluessa. Voit olla varma, ett\u00e4 voit ostaa.<\/p>\n<p>Jos sinulla on kysytt\u00e4v\u00e4\u00e4, ota rohkeasti yhteytt\u00e4 myym\u00e4l\u00e4mme asiakaspalveluun, palvelemme sinua mielell\u00e4mme!<\/span><\/p>\n<\/div>\n<div>\n<p style=\"text-align:left;color:rgb(208, 2, 27);display:block;width:100%\" align=\"left\"><span style=\"font-size:20px;font-family:arial, helvetica, sans-serif\">Tekniset tiedot:<\/span><\/p>\n<p style=\"font-family:OpenSans;font-size:14px;font-weight:300;line-height:20px;white-space:pre-wrap;color:rgb(0, 0, 0);margin-bottom:12px\" class=\"detail-desc-decorate-content\"><span style=\"font-family:arial, helvetica, sans-serif\">Akku: 48 V 17 Ah irrotettava akku<br \/>Maksimikuormitus: 180 kg<br \/>Materiaali: 6061 alumiiniseos<br \/>Latausaika: noin 8 tuntia<br \/>Suurin nousukulma: 30\u00b0<br \/>Mittarin n\u00e4ytt\u00f6: LCD-mittari<br \/>Rengaskoko: 26 * 4,0 tuumaa<br \/>Jarru: Mekaaninen kaksoislevyjarru<br \/>Vaihteisto: 7-vaihteinen<br \/>Nopeus: 0\u201325 km\/h<br \/>Maksimi kantama: Kantama avustustilassa jopa 70 km t\u00e4ydell\u00e4 latauksella<br \/>Paino: 30 kg<br \/>Moottorin tyyppi: Takamoottori<\/span><\/p>\n<\/div>\n<div><img decoding=\"async\" class=\"detail-desc-decorate-image\" src=\"https:\/\/ae01.alicdn.com\/kf\/Saf981c2082e34c1e9544fabc39a2a984a.jpg?width=1000&amp;height=1200&amp;hash=2200\" slate-data-type=\"image\"\/> <img decoding=\"async\" class=\"detail-desc-decorate-image\" src=\"https:\/\/ae01.alicdn.com\/kf\/S4fb9e76da63f4953a846195f45edc4c7M.jpg?width=1000&amp;height=1200&amp;hash=2200\" slate-data-type=\"image\"\/> <img decoding=\"async\" class=\"detail-desc-decorate-image\" src=\"https:\/\/ae01.alicdn.com\/kf\/Seffb26c5f27c4a5f959250692f61f4b8C.jpg?width=1000&amp;height=1200&amp;hash=2200\" slate-data-type=\"image\"\/> <img decoding=\"async\" class=\"detail-desc-decorate-image\" src=\"https:\/\/ae01.alicdn.com\/kf\/S9de5909349224b60a6b8d2b5199b86e0H.jpg?width=1000&amp;height=1200&amp;hash=2200\" slate-data-type=\"image\"\/> <img decoding=\"async\" class=\"detail-desc-decorate-image\" src=\"https:\/\/ae01.alicdn.com\/kf\/Sd2d2a9d4d4344c9bbd8aea9cc3ed4866m.jpg?width=1000&amp;height=1200&amp;hash=2200\" slate-data-type=\"image\"\/> <img decoding=\"async\" class=\"detail-desc-decorate-image\" src=\"https:\/\/ae01.alicdn.com\/kf\/S87acd6997be2476aa104834d2d21f4bad.jpg?width=1000&amp;height=1200&amp;hash=2200\" slate-data-type=\"image\"\/> <img decoding=\"async\" class=\"detail-desc-decorate-image\" src=\"https:\/\/ae01.alicdn.com\/kf\/Se3ec10a9f7c044ac8b8f51094b10ff1cW.jpg?width=1000&amp;height=1200&amp;hash=2200\" slate-data-type=\"image\"\/> <img decoding=\"async\" class=\"detail-desc-decorate-image\" src=\"https:\/\/ae01.alicdn.com\/kf\/Sc38c5ad2a5f7464dbb5c2cab46d6bf13I.jpg?width=1000&amp;height=1200&amp;hash=2200\" slate-data-type=\"image\"\/> <img decoding=\"async\" class=\"detail-desc-decorate-image\" src=\"https:\/\/ae01.alicdn.com\/kf\/Se54b1b0e5650404d98cde184145fa79cp.jpg?width=1000&amp;height=1200&amp;hash=2200\" slate-data-type=\"image\"\/><\/div>\n<div><img decoding=\"async\" class=\"detail-desc-decorate-image\" src=\"https:\/\/ae01.alicdn.com\/kf\/S202ba64ee39b4f99913c6488e984fe67c.jpg?width=1000&amp;height=1159&amp;hash=2159\" slate-data-type=\"image\"\/> <img decoding=\"async\" class=\"detail-desc-decorate-image\" src=\"https:\/\/ae01.alicdn.com\/kf\/Sd1fb94eba6ac45ffb14c41313e39d6ef9.jpg?width=1000&amp;height=1193&amp;hash=2193\" slate-data-type=\"image\"\/> <img decoding=\"async\" class=\"detail-desc-decorate-image\" src=\"https:\/\/ae01.alicdn.com\/kf\/Sb0963c62c10d4e8d96e3965a33098d82j.jpg?width=1000&amp;height=1175&amp;hash=2175\" slate-data-type=\"image\"\/> <img decoding=\"async\" class=\"detail-desc-decorate-image\" src=\"https:\/\/ae01.alicdn.com\/kf\/S16247937fb0942d897e97929b6beea63m.jpg?width=1000&amp;height=1197&amp;hash=2197\" slate-data-type=\"image\"\/><\/div>\n<div><\/div>\n<\/div>\n<\/div>\n<p><\/p>","protected":false},"excerpt":{"rendered":"<p>Model Number:&nbsp;M26 Rated Passenger Capacity:&nbsp;One Seat Style:&nbsp;Standard Type Range per Power:&nbsp;&gt; 60 km Wattage:&nbsp;200 &#8211; 250w Power Supply:&nbsp;lithium battery Voltage:&nbsp;48V Origin:&nbsp;Mainland China Folded:&nbsp;No Motor:&nbsp;Brushless Wheel Size:&nbsp;26\u201c Frame Material:&nbsp;Aluminum alloy Brand<\/p>","protected":false},"featured_media":8674,"comment_status":"open","ping_status":"closed","template":"","meta":{"_acf_changed":false},"product_brand":[],"product_cat":[300],"product_tag":[],"class_list":{"0":"post-8673","1":"product","2":"type-product","3":"status-publish","4":"has-post-thumbnail","6":"product_cat-electric-fat-bikes","8":"first","9":"instock","10":"shipping-taxable","11":"purchasable","12":"product-type-variable"},"acf":[],"_links":{"self":[{"href":"https:\/\/electricstore.eu\/fi\/wp-json\/wp\/v2\/product\/8673","targetHints":{"allow":["GET"]}}],"collection":[{"href":"https:\/\/electricstore.eu\/fi\/wp-json\/wp\/v2\/product"}],"about":[{"href":"https:\/\/electricstore.eu\/fi\/wp-json\/wp\/v2\/types\/product"}],"replies":[{"embeddable":true,"href":"https:\/\/electricstore.eu\/fi\/wp-json\/wp\/v2\/comments?post=8673"}],"wp:featuredmedia":[{"embeddable":true,"href":"https:\/\/electricstore.eu\/fi\/wp-json\/wp\/v2\/media\/8674"}],"wp:attachment":[{"href":"https:\/\/electricstore.eu\/fi\/wp-json\/wp\/v2\/media?parent=8673"}],"wp:term":[{"taxonomy":"product_brand","embeddable":true,"href":"https:\/\/electricstore.eu\/fi\/wp-json\/wp\/v2\/product_brand?post=8673"},{"taxonomy":"product_cat","embeddable":true,"href":"https:\/\/electricstore.eu\/fi\/wp-json\/wp\/v2\/product_cat?post=8673"},{"taxonomy":"product_tag","embeddable":true,"href":"https:\/\/electricstore.eu\/fi\/wp-json\/wp\/v2\/product_tag?post=8673"}],"curies":[{"name":"wp","href":"https:\/\/api.w.org\/{rel}","templated":true}]}}