{"id":8512,"date":"2025-05-19T20:31:36","date_gmt":"2025-05-19T20:31:36","guid":{"rendered":"https:\/\/electricstore.eu\/product\/uncategorized\/e5b-electric-scooter-6000w60v40ah\/"},"modified":"2025-05-20T13:07:35","modified_gmt":"2025-05-20T13:07:35","slug":"e5b-electric-scooter-6000w60v40ah","status":"publish","type":"product","link":"https:\/\/electricstore.eu\/fi\/p\/scooters\/electric-off-road-scooter\/e5b-electric-scooter-6000w60v40ah\/","title":{"rendered":"Electric E5B 6000W 60V 40Ah 85km\/h 150km 11\u2033 s\u00e4hk\u00f6potkulauta"},"content":{"rendered":"<div class=\"product-specs-list-container\">\n<ul class=\"product-specs-list util-clearfix\">\n<li class=\"product-prop line-limit-length\"><span\n                                        class=\"property-title\">Mallinumero:&nbsp;<\/span><span\n                                        class=\"property-desc line-limit-length\">E5B<\/span>\n                            <\/li>\n<li class=\"product-prop line-limit-length\"><span\n                                        class=\"property-title\">Luokka:&nbsp;<\/span><span\n                                        class=\"property-desc line-limit-length\">Kaksipy\u00f6r\u00e4inen skootteri<\/span>\n                            <\/li>\n<li class=\"product-prop line-limit-length\"><span\n                                        class=\"property-title\">Sovellettavat henkil\u00f6t:&nbsp;<\/span><span\n                                        class=\"property-desc line-limit-length\">Unisex<\/span>\n                            <\/li>\n<li class=\"product-prop line-limit-length\"><span\n                                        class=\"property-title\">Kantama per lataus:&nbsp;<\/span><span\n                                        class=\"property-desc line-limit-length\">60\u201380 km<\/span>\n                            <\/li>\n<li class=\"product-prop line-limit-length\"><span\n                                        class=\"property-title\">Latausaika:&nbsp;<\/span><span\n                                        class=\"property-desc line-limit-length\">6\u20138 tuntia<\/span>\n                            <\/li>\n<li class=\"product-prop line-limit-length\"><span\n                                        class=\"property-title\">J\u00e4nnite:&nbsp;<\/span><span\n                                        class=\"property-desc line-limit-length\">60 V<\/span>\n                            <\/li>\n<li class=\"product-prop line-limit-length\"><span\n                                        class=\"property-title\">Taitettu:&nbsp;<\/span><span\n                                        class=\"property-desc line-limit-length\">KYLL\u00c4<\/span>\n                            <\/li>\n<li class=\"product-prop line-limit-length\"><span\n                                        class=\"property-title\">Alkuper\u00e4:&nbsp;<\/span><span\n                                        class=\"property-desc line-limit-length\">Manner-Kiina<\/span>\n                            <\/li>\n<li class=\"product-prop line-limit-length\"><span\n                                        class=\"property-title\">Teho (W):&nbsp;<\/span><span\n                                        class=\"property-desc line-limit-length\">6000W<\/span>\n                            <\/li>\n<li class=\"product-prop line-limit-length\"><span\n                                        class=\"property-title\">alkuper\u00e4maa:&nbsp;<\/span><span\n                                        class=\"property-desc line-limit-length\">Anhui, Kiina<\/span>\n                            <\/li>\n<li class=\"product-prop line-limit-length\"><span\n                                        class=\"property-title\">merkki:&nbsp;<\/span><span\n                                        class=\"property-desc line-limit-length\">WO YU<\/span>\n                            <\/li>\n<li class=\"product-prop line-limit-length\"><span\n                                        class=\"property-title\">Malli:&nbsp;<\/span><span\n                                        class=\"property-desc line-limit-length\">E5B<\/span>\n                            <\/li>\n<li class=\"product-prop line-limit-length\"><span\n                                        class=\"property-title\">latausaika:&nbsp;<\/span><span\n                                        class=\"property-desc line-limit-length\">8-10 hours<\/span>\n                            <\/li>\n<li class=\"product-prop line-limit-length\"><span\n                                        class=\"property-title\">Pit\u00e4\u00e4k\u00f6 taittaa:&nbsp;<\/span><span\n                                        class=\"property-desc line-limit-length\">Kyll\u00e4<\/span>\n                            <\/li>\n<li class=\"product-prop line-limit-length\"><span\n                                        class=\"property-title\">kilometrit\/kertalataus:&nbsp;<\/span><span\n                                        class=\"property-desc line-limit-length\">150km<\/span>\n                            <\/li>\n<li class=\"product-prop line-limit-length\"><span\n                                        class=\"property-title\">Suurin nopeus:&nbsp;<\/span><span\n                                        class=\"property-desc line-limit-length\">85km\/h<\/span>\n                            <\/li>\n<li class=\"product-prop line-limit-length\"><span\n                                        class=\"property-title\">luokitus:&nbsp;<\/span><span\n                                        class=\"property-desc line-limit-length\">kaksipy\u00f6r\u00e4inen skootteri<\/span>\n                            <\/li>\n<li class=\"product-prop line-limit-length\"><span\n                                        class=\"property-title\">sovellettava v\u00e4est\u00f6:&nbsp;<\/span><span\n                                        class=\"property-desc line-limit-length\">Unisex<\/span>\n                            <\/li>\n<li class=\"product-prop line-limit-length\"><span\n                                        class=\"property-title\">\u00c4lyk\u00e4s:&nbsp;<\/span><span\n                                        class=\"property-desc line-limit-length\">elektroninen<\/span>\n                            <\/li>\n<li class=\"product-prop line-limit-length\"><span\n                                        class=\"property-title\">Akun kapasiteetti:&nbsp;<\/span><span\n                                        class=\"property-desc line-limit-length\">40Ah<\/span>\n                            <\/li>\n<li class=\"product-prop line-limit-length\"><span\n                                        class=\"property-title\">patentoitu tuote:&nbsp;<\/span><span\n                                        class=\"property-desc line-limit-length\">Appearance patents, invention patents, utility model patents<\/span>\n                            <\/li>\n<li class=\"product-prop line-limit-length\"><span\n                                        class=\"property-title\">Tuotteen nimi:&nbsp;<\/span><span\n                                        class=\"property-desc line-limit-length\">2-Wheel electric scooter<\/span>\n                            <\/li>\n<li class=\"product-prop line-limit-length\"><span\n                                        class=\"property-title\">Akku:&nbsp;<\/span><span\n                                        class=\"property-desc line-limit-length\">60V 40Ah<\/span>\n                            <\/li>\n<li class=\"product-prop line-limit-length\"><span\n                                        class=\"property-title\">tire:&nbsp;<\/span><span\n                                        class=\"property-desc line-limit-length\">Eleven inches.<\/span>\n                            <\/li>\n<li class=\"product-prop line-limit-length\"><span\n                                        class=\"property-title\">color:&nbsp;<\/span><span\n                                        class=\"property-desc line-limit-length\">musta<\/span>\n                            <\/li>\n<li class=\"product-prop line-limit-length\"><span\n                                        class=\"property-title\">Jarru:&nbsp;<\/span><span\n                                        class=\"property-desc line-limit-length\">Rear disc brake<\/span>\n                            <\/li>\n<li class=\"product-prop line-limit-length\"><span\n                                        class=\"property-title\">keyword:&nbsp;<\/span><span\n                                        class=\"property-desc line-limit-length\">Taittuva s\u00e4hk\u00f6potkulauta<\/span>\n                            <\/li>\n<li class=\"product-prop line-limit-length\"><span\n                                        class=\"property-title\">Maksimikuormitus:&nbsp;<\/span><span\n                                        class=\"property-desc line-limit-length\">150 kg<\/span>\n                            <\/li>\n<li class=\"product-prop line-limit-length\"><span\n                                        class=\"property-title\">material:&nbsp;<\/span><span\n                                        class=\"property-desc line-limit-length\">Alluminum alloy<\/span>\n                            <\/li>\n<li class=\"product-prop line-limit-length\"><span\n                                        class=\"property-title\">moottori:&nbsp;<\/span><span\n                                        class=\"property-desc line-limit-length\">6000W<\/span>\n                            <\/li>\n<li class=\"product-prop line-limit-length\"><span\n                                        class=\"property-title\">scope:&nbsp;<\/span><span\n                                        class=\"property-desc line-limit-length\">170KM<\/span>\n                            <\/li>\n<li class=\"product-prop line-limit-length\"><span\n                                        class=\"property-title\">Todistus:&nbsp;<\/span><span\n                                        class=\"property-desc line-limit-length\"><\/span>\n                            <\/li>\n<\/ul><\/div>\n<div class=\"detailmodule_html\">\n<div class=\"detail-desc-decorate-richtext\">\n<div id=\"detail_decorate_root\">\n<div>\u00a0<\/div>\n<div class=\"J_module\">\n<div id=\"ali-anchor-AliMagic-nsq3f0\" class=\"magic-0\">Tekniset tiedot<\/div>\n<\/div>\n<div class=\"J_module\">\n<div class=\"ife-detail-decorate-table\">\n<table style=\"border-collapse:collapse\" class=\"all magic-1\">\n<tbody>\n<tr>\n<td rowspan=\"1\" colspan=\"1\">\n<div class=\"magic-2\">Akku<\/div>\n<\/td>\n<td rowspan=\"1\" colspan=\"1\">\n<div class=\"magic-3\">60V 40Ah<\/div>\n<\/td>\n<\/tr>\n<tr>\n<td rowspan=\"1\" colspan=\"1\">\n<div class=\"magic-2\">Maksimikuormitus<\/div>\n<\/td>\n<td rowspan=\"1\" colspan=\"1\">\n<div class=\"magic-3\">150 kg<\/div>\n<\/td>\n<\/tr>\n<tr>\n<td rowspan=\"1\" colspan=\"1\">\n<div class=\"magic-2\">Materiaali<\/div>\n<\/td>\n<td rowspan=\"1\" colspan=\"1\">\n<div class=\"magic-3\">Alluminum Alloy<\/div>\n<\/td>\n<\/tr>\n<tr>\n<td rowspan=\"1\" colspan=\"1\">\n<div class=\"magic-2\">Moottori<\/div>\n<\/td>\n<td rowspan=\"1\" colspan=\"1\">\n<div class=\"magic-3\">6000W<\/div>\n<\/td>\n<\/tr>\n<\/tbody>\n<\/table>\n<\/div>\n<\/div>\n<div class=\"J_module\">\n<div id=\"ali-anchor-AliMagic-of90id\" class=\"magic-0\">Tuotekuvaus<\/div>\n<\/div>\n<div class=\"J_module\">\n<div class=\"icbu-pc-detailManyImage magic-4\">\n<div class=\"magic-5\"><img decoding=\"async\" class=\"magic-6\" src=\"https:\/\/ae01.alicdn.com\/kf\/Se3fe350df162421abdc098171be301f55.jpg?width=515&amp;height=486&amp;hash=1001\" slate-data-type=\"image\"\/><\/div>\n<div class=\"magic-5\"><img decoding=\"async\" class=\"magic-6\" src=\"https:\/\/ae01.alicdn.com\/kf\/Sc012f1ff36ff435ab5ef77a0f2bc072fX.jpg?width=750&amp;height=500&amp;hash=1250\" slate-data-type=\"image\"\/><\/div>\n<div class=\"magic-5\"><img decoding=\"async\" class=\"magic-6\" src=\"https:\/\/ae01.alicdn.com\/kf\/S446f2067136c412c8752883f4a623d31W.jpg?width=1200&amp;height=1200&amp;hash=2400\" slate-data-type=\"image\"\/><\/div>\n<div class=\"magic-5\"><img decoding=\"async\" class=\"magic-6\" src=\"https:\/\/ae01.alicdn.com\/kf\/S850d3a35526949b3b9aa879d834de6ce1.jpg?width=1200&amp;height=1200&amp;hash=2400\" slate-data-type=\"image\"\/><\/div>\n<div class=\"magic-5\"><img decoding=\"async\" class=\"magic-6\" src=\"https:\/\/ae01.alicdn.com\/kf\/Sd4e21d2abea143d29bc858cc2113e79cW.jpg?width=1200&amp;height=1200&amp;hash=2400\" slate-data-type=\"image\"\/><\/div>\n<div class=\"magic-5\"><img decoding=\"async\" class=\"magic-6\" src=\"https:\/\/ae01.alicdn.com\/kf\/S1f4c193043d749c88cbca562e866a0d5B.jpg?width=750&amp;height=510&amp;hash=1260\" slate-data-type=\"image\"\/><\/div>\n<\/div>\n<\/div>\n<div class=\"J_module\">\n<div id=\"ali-anchor-AliMagic-6h2bwz\" class=\"magic-0\">Tuotepakkaus<\/div>\n<\/div>\n<div class=\"J_module\">\n<div class=\"icbu-pc-images magic-7\">\n<div>\n<div class=\"flex-layout-h\">\n<div class=\"flex-layout-v magic-8\">\n<div class=\"magic-9\"><img decoding=\"async\" class=\"magic-10\" src=\"https:\/\/ae01.alicdn.com\/kf\/S603c352f31ec4ee7928249922cde2535G.jpg?width=1280&amp;height=960&amp;hash=2240\" slate-data-type=\"image\"\/><\/div>\n<div class=\"magic-11\"><img decoding=\"async\" class=\"magic-12\" src=\"https:\/\/ae01.alicdn.com\/kf\/S95bfd1d7a07f4f3d9b400cf282483639t.jpg?width=800&amp;height=800&amp;hash=1600\" slate-data-type=\"image\"\/><\/div>\n<\/div>\n<div class=\"magic-13\"><img decoding=\"async\" class=\"magic-14\" src=\"https:\/\/ae01.alicdn.com\/kf\/Sf819f886e9ee42da834170d7fbd1b7ach.jpg?width=600&amp;height=800&amp;hash=1400\" slate-data-type=\"image\"\/><\/div>\n<\/div>\n<\/div>\n<\/div>\n<\/div>\n<div class=\"J_module\">\n<div class=\"icbu-pc-images magic-7\">\n<div>\n<div class=\"flex-layout-h\">\n<div class=\"flex-layout-v magic-15\">\n<div class=\"magic-16\"><img decoding=\"async\" class=\"magic-17\" src=\"https:\/\/ae01.alicdn.com\/kf\/S84939f2b10d24bd89ebbf28984b35e9cV.jpg?width=600&amp;height=800&amp;hash=1400\" slate-data-type=\"image\"\/><\/div>\n<\/div>\n<div class=\"text-wrapper magic-18\">\n<div class=\"text-wrapper-right text-theme-light text-align-left\">\n<div class=\"text-content\">\n<div>\u00a0<\/div>\n<div>\u00a0<\/div>\n<div>\u00a0<\/div>\n<div>\u00a0<\/div>\n<div><span><strong>Tavaroiden turvallisuuden parantamiseksi tarjoamme ammattimaisia, ymp\u00e4rist\u00f6yst\u00e4v\u00e4llisi\u00e4, k\u00e4tevi\u00e4 ja tehokkaita pakkauspalveluita.<br \/>will be provided<\/strong><\/span><\/div>\n<\/div>\n<\/div>\n<\/div>\n<\/div>\n<\/div>\n<\/div>\n<\/div>\n<div class=\"J_module\">\n<div class=\"icbu-pc-images magic-7\">\n<div>\n<div class=\"flex-layout-v\">\n<div class=\"magic-19\">N\u00e4yttely<\/div>\n<\/div>\n<\/div>\n<\/div>\n<\/div>\n<div class=\"J_module\">\n<div class=\"icbu-pc-images magic-7\">\n<div class=\"flex-layout-h\">\n<div class=\"text-wrapper magic-18\">\n<div class=\"text-wrapper-right text-theme-light text-align-left\">\n<div class=\"text-title\">\n<div class=\"magic-29\"><\/div>\n<\/div>\n<div class=\"text-content\">E-ONE on yritys, joka p\u00e4\u00e4asiassa harjoittaa uusien energiatuotteiden vienti\u00e4. Yritys sijaitsee Anhuin maakunnan p\u00e4\u00e4kaupungissa Hefeiss\u00e4. E-ONE <strong>on virallisesti valtuutettu <\/strong>tunnettujen alan tuotemerkkien kautta, kuten <strong>Segway-Ninebot, Intex, DYU, HIMO, Kugoo<\/strong> ja joitakin muita tunnettuja. P\u00e4\u00e4asiassa kattava valikoimamme kest\u00e4vi\u00e4, vihreit\u00e4 ja puhtaita tuotteita kattaa <strong>s\u00e4hk\u00f6potkulaudat, s\u00e4hk\u00f6k\u00e4ytt\u00f6iset tasapainottuvat skootterit, s\u00e4hk\u00f6k\u00e4ytt\u00f6iset yksipy\u00f6r\u00e4iset,<\/strong> <span><strong>s\u00e4hk\u00f6k\u00e4ytt\u00f6iset karting-autot<\/strong><\/span> <strong>, s\u00e4hk\u00f6py\u00f6r\u00e4t, s\u00e4hk\u00f6moottoripy\u00f6r\u00e4t<\/strong>Kaikki asiaankuuluvat sertifikaatit ovat saatavilla, mik\u00e4 ehdottomasti saa meid\u00e4t myym\u00e4\u00e4n laatukeskeisi\u00e4 tuotteitamme maailmanlaajuisesti.<\/div>\n<\/div>\n<\/div>\n<\/div>\n<\/div>\n<\/div>\n<div class=\"J_module\">\n<div id=\"ali-anchor-AliMagic-9cjdi5\" class=\"magic-0\">Usein kysytyt kysymykset<\/div>\n<\/div>\n<div class=\"J_module\">\n<div class=\"detail-decorate-json-renderer-container\">\n<div class=\"magic-30\">\n<h3 class=\"magic-31\"><\/h3>\n<div class=\"magic-32\">\n<div class=\"magic-33\">\n<div class=\"magic-34\"><strong>Q<\/strong>: Oletko valmistaja? <strong>A<\/strong>: Yes, we are manufacturers.We can provide OEM \/ ODM customized service according to our customers\u2019 various application and demands.All of our products are fully patented, design, hardware and software,mold,assembly are done by our own team. <strong>Q<\/strong>: Mik\u00e4 on v\u00e4himm\u00e4istilausm\u00e4\u00e4r\u00e4 (MOQ)? <strong>A<\/strong>Hyv\u00e4ksymme yhden yksik\u00f6n vakiotuotteille. Voimme jopa r\u00e4\u00e4t\u00e4l\u00f6id\u00e4 ne logollasi tarvittaessa. Jos tarvitset OEM-laatuj\u00e4rjestelm\u00e4\u00e4, n\u00e4et yksityiskohtaiset vaatimukset ja vahvistamme sinulle v\u00e4himm\u00e4istilausm\u00e4\u00e4r\u00e4n myyntiosastoltamme. <strong>Q<\/strong>: Voimmeko saada ilmaisen n\u00e4ytteen? <strong>A<\/strong>Valitettavasti emme yleens\u00e4 tarjoa ilmaista n\u00e4ytett\u00e4. Jos asiakas vahvistaa spesifikaation ja hinnan, h\u00e4n voi tilata n\u00e4ytteen ensin testausta ja arviointia varten. <strong>Q<\/strong>: Miten tilata ja maksaa? <strong>A<\/strong>Hyv\u00e4ksymme T\/T:n (pankkisiirron), Alibaba-verkkomaksun ja Western Union 1 Trade Assurancen. <strong>Q<\/strong>: Mik\u00e4 on tuotteidesi takuu? <strong>A<\/strong>Takuu: Tarjoamme 24 kuukauden takuun l\u00e4hetyksen j\u00e4lkeen. <strong>Q<\/strong>: Kuinka kauan toimitus kest\u00e4\u00e4? <strong>A<\/strong>Tuotannon l\u00e4pimenoaika on noin 3\u201310 p\u00e4iv\u00e4\u00e4 vaatimuksesta riippuen, ja DHL:n\/UPS:n\/FEDEX:n\/TNT:n toimitusaika on noin 3\u20137 arkip\u00e4iv\u00e4\u00e4. Joillekin syrj\u00e4isille alueille toimitusaika voi olla hieman pidempi. <strong>Q<\/strong> :Kuinka korjata laite, jos siin\u00e4 on ongelmia? <strong>A<\/strong>Tarjoamme teknist\u00e4 tukea verkossa ongelman ratkaisemiseksi; Jos kyseess\u00e4 on laitteisto-ongelma, voimme l\u00e4hett\u00e4\u00e4 osat tai komponentit ja opettaa asiakkaalle niiden asentamisen, jos heill\u00e4 on teknikko tai he voivat my\u00f6s l\u00e4hett\u00e4\u00e4 ne meille korjaamaan sen. <strong>Q<\/strong>Voitteko r\u00e4\u00e4t\u00e4l\u00f6id\u00e4 ja jaella tuotettamme? <strong>A<\/strong>: Olemme ammattimainen s\u00e4hk\u00f6py\u00f6rien valmistaja, jolla on 8 vuoden kokemus valmistuksesta. Tuemme tuotteiden r\u00e4\u00e4t\u00e4l\u00f6inti\u00e4, jakelua ja tukkumyynti\u00e4.<\/div>\n<\/div>\n<\/div>\n<\/div>\n<\/div>\n<\/div>\n<\/div>\n<\/div>\n<\/div>\n<p><\/p>","protected":false},"excerpt":{"rendered":"<p>Model Number:&nbsp;E5B Category:&nbsp;Two-wheel Scooter Applicable People:&nbsp;Unisex Range Per Charge:&nbsp;60-80km Charging Time:&nbsp;6-8h Voltage:&nbsp;60v Folded:&nbsp;YES Origin:&nbsp;Mainland China Power (W):&nbsp;6000W country of origin:&nbsp;Anhui, China brand:&nbsp;WO YU Model:&nbsp;E5B charging time:&nbsp;8-10 hours Whether to fold:&nbsp;Yes<\/p>","protected":false},"featured_media":8513,"comment_status":"open","ping_status":"closed","template":"","meta":{"_acf_changed":false},"product_brand":[],"product_cat":[468,297],"product_tag":[],"class_list":{"0":"post-8512","1":"product","2":"type-product","3":"status-publish","4":"has-post-thumbnail","6":"product_cat-electric-off-road-scooter","7":"product_cat-scooters","9":"first","10":"instock","11":"shipping-taxable","12":"purchasable","13":"product-type-simple"},"acf":[],"_links":{"self":[{"href":"https:\/\/electricstore.eu\/fi\/wp-json\/wp\/v2\/product\/8512","targetHints":{"allow":["GET"]}}],"collection":[{"href":"https:\/\/electricstore.eu\/fi\/wp-json\/wp\/v2\/product"}],"about":[{"href":"https:\/\/electricstore.eu\/fi\/wp-json\/wp\/v2\/types\/product"}],"replies":[{"embeddable":true,"href":"https:\/\/electricstore.eu\/fi\/wp-json\/wp\/v2\/comments?post=8512"}],"wp:featuredmedia":[{"embeddable":true,"href":"https:\/\/electricstore.eu\/fi\/wp-json\/wp\/v2\/media\/8513"}],"wp:attachment":[{"href":"https:\/\/electricstore.eu\/fi\/wp-json\/wp\/v2\/media?parent=8512"}],"wp:term":[{"taxonomy":"product_brand","embeddable":true,"href":"https:\/\/electricstore.eu\/fi\/wp-json\/wp\/v2\/product_brand?post=8512"},{"taxonomy":"product_cat","embeddable":true,"href":"https:\/\/electricstore.eu\/fi\/wp-json\/wp\/v2\/product_cat?post=8512"},{"taxonomy":"product_tag","embeddable":true,"href":"https:\/\/electricstore.eu\/fi\/wp-json\/wp\/v2\/product_tag?post=8512"}],"curies":[{"name":"wp","href":"https:\/\/api.w.org\/{rel}","templated":true}]}}