{"id":8437,"date":"2025-05-19T20:30:55","date_gmt":"2025-05-19T20:30:55","guid":{"rendered":"https:\/\/electricstore.eu\/product\/uncategorized\/hx-x6-250w36v5ah\/"},"modified":"2025-05-20T13:08:17","modified_gmt":"2025-05-20T13:08:17","slug":"hx-x6-250w36v5ah","status":"publish","type":"product","link":"https:\/\/electricstore.eu\/fi\/p\/scooters\/electric-city-scooters\/hx-x6-250w36v5ah\/","title":{"rendered":"WOYU X6 250W 36V 5Ah 25km\/h 40-60km Taittuva Kaksipy\u00f6r\u00e4inen Potkulauta"},"content":{"rendered":"<div class=\"product-specs-list-container\">\n<ul class=\"product-specs-list util-clearfix\">\n<li class=\"product-prop line-limit-length\"><span\n                                        class=\"property-title\">Mallinumero:&nbsp;<\/span><span\n                                        class=\"property-desc line-limit-length\">X6<\/span>\n                            <\/li>\n<li class=\"product-prop line-limit-length\"><span\n                                        class=\"property-title\">Luokka:&nbsp;<\/span><span\n                                        class=\"property-desc line-limit-length\">Kaksipy\u00f6r\u00e4inen skootteri<\/span>\n                            <\/li>\n<li class=\"product-prop line-limit-length\"><span\n                                        class=\"property-title\">Sovellettavat henkil\u00f6t:&nbsp;<\/span><span\n                                        class=\"property-desc line-limit-length\">Unisex<\/span>\n                            <\/li>\n<li class=\"product-prop line-limit-length\"><span\n                                        class=\"property-title\">Kantama per lataus:&nbsp;<\/span><span\n                                        class=\"property-desc line-limit-length\">40\u201360 km<\/span>\n                            <\/li>\n<li class=\"product-prop line-limit-length\"><span\n                                        class=\"property-title\">Latausaika:&nbsp;<\/span><span\n                                        class=\"property-desc line-limit-length\">1\u20132 tuntia<\/span>\n                            <\/li>\n<li class=\"product-prop line-limit-length\"><span\n                                        class=\"property-title\">J\u00e4nnite:&nbsp;<\/span><span\n                                        class=\"property-desc line-limit-length\">36v<\/span>\n                            <\/li>\n<li class=\"product-prop line-limit-length\"><span\n                                        class=\"property-title\">Taitettu:&nbsp;<\/span><span\n                                        class=\"property-desc line-limit-length\">KYLL\u00c4<\/span>\n                            <\/li>\n<li class=\"product-prop line-limit-length\"><span\n                                        class=\"property-title\">Alkuper\u00e4:&nbsp;<\/span><span\n                                        class=\"property-desc line-limit-length\">Manner-Kiina<\/span>\n                            <\/li>\n<li class=\"product-prop line-limit-length\"><span\n                                        class=\"property-title\">Teho (W):&nbsp;<\/span><span\n                                        class=\"property-desc line-limit-length\">201\u2013500 W<\/span>\n                            <\/li>\n<li class=\"product-prop line-limit-length\"><span\n                                        class=\"property-title\">Alkuper\u00e4paikka:&nbsp;<\/span><span\n                                        class=\"property-desc line-limit-length\">Anhui, Kiina<\/span>\n                            <\/li>\n<li class=\"product-prop line-limit-length\"><span\n                                        class=\"property-title\">Merkki:&nbsp;<\/span><span\n                                        class=\"property-desc line-limit-length\">WOYU<\/span>\n                            <\/li>\n<li class=\"product-prop line-limit-length\"><span\n                                        class=\"property-title\">Mallinumero:&nbsp;<\/span><span\n                                        class=\"property-desc line-limit-length\">X6<\/span>\n                            <\/li>\n<li class=\"product-prop line-limit-length\"><span\n                                        class=\"property-title\">Latausaika:&nbsp;<\/span><span\n                                        class=\"property-desc line-limit-length\">2\u20133 tuntia<\/span>\n                            <\/li>\n<li class=\"product-prop line-limit-length\"><span\n                                        class=\"property-title\">Taitettava:&nbsp;<\/span><span\n                                        class=\"property-desc line-limit-length\">Kyll\u00e4<\/span>\n                            <\/li>\n<li class=\"product-prop line-limit-length\"><span\n                                        class=\"property-title\">Kantama per lataus:&nbsp;<\/span><span\n                                        class=\"property-desc line-limit-length\">15\u201325 km<\/span>\n                            <\/li>\n<li class=\"product-prop line-limit-length\"><span\n                                        class=\"property-title\">Suurin nopeus:&nbsp;<\/span><span\n                                        class=\"property-desc line-limit-length\">25 km\/h<\/span>\n                            <\/li>\n<li class=\"product-prop line-limit-length\"><span\n                                        class=\"property-title\">Luokka:&nbsp;<\/span><span\n                                        class=\"property-desc line-limit-length\">Kaksipy\u00f6r\u00e4inen skootteri<\/span>\n                            <\/li>\n<li class=\"product-prop line-limit-length\"><span\n                                        class=\"property-title\">Soveltuu v\u00e4kijoukkoon:&nbsp;<\/span><span\n                                        class=\"property-desc line-limit-length\">Unisex<\/span>\n                            <\/li>\n<li class=\"product-prop line-limit-length\"><span\n                                        class=\"property-title\">\u00c4lyk\u00e4s tyyppi:&nbsp;<\/span><span\n                                        class=\"property-desc line-limit-length\">Elektroninen<\/span>\n                            <\/li>\n<li class=\"product-prop line-limit-length\"><span\n                                        class=\"property-title\">Akun kapasiteetti:&nbsp;<\/span><span\n                                        class=\"property-desc line-limit-length\">5 Ah<\/span>\n                            <\/li>\n<li class=\"product-prop line-limit-length\"><span\n                                        class=\"property-title\">Patentoitu tuote:&nbsp;<\/span><span\n                                        class=\"property-desc line-limit-length\">EI<\/span>\n                            <\/li>\n<li class=\"product-prop line-limit-length\"><span\n                                        class=\"property-title\">Todistus:&nbsp;<\/span><span\n                                        class=\"property-desc line-limit-length\"><\/span>\n                            <\/li>\n<\/ul><\/div>\n<div class=\"detailmodule_html\">\n<div class=\"detail-desc-decorate-richtext\">\n<div id=\"detail_decorate_root\">\n<div>\u00a0<\/div>\n<div>\n<div id=\"ali-anchor-AliMagic-r9fewk\">Tekniset tiedot<\/div>\n<\/div>\n<div>\n<div>\n<table style=\"border-collapse:collapse\" class=\"all magic-1\">\n<tbody>\n<tr>\n<td rowspan=\"1\" colspan=\"1\">\n<div>Tuotteen nimi<\/div>\n<\/td>\n<td rowspan=\"1\" colspan=\"1\">\n<div>X6 Taitettava s\u00e4hk\u00f6potkulauta<\/div>\n<\/td>\n<\/tr>\n<tr>\n<td rowspan=\"1\" colspan=\"1\">\n<div>Py\u00f6riv\u00e4 j\u00e4nnite<\/div>\n<\/td>\n<td rowspan=\"1\" colspan=\"1\">\n<div>25,2 V tasavirta<\/div>\n<\/td>\n<\/tr>\n<tr>\n<td rowspan=\"1\" colspan=\"1\">\n<div>Moottori<\/div>\n<\/td>\n<td rowspan=\"1\" colspan=\"1\">\n<div>250W<\/div>\n<\/td>\n<\/tr>\n<tr>\n<td rowspan=\"1\" colspan=\"1\">\n<div>Materiaali<\/div>\n<\/td>\n<td rowspan=\"1\" colspan=\"1\">\n<div>Alumiiniseos<\/div>\n<\/td>\n<\/tr>\n<tr>\n<td rowspan=\"1\" colspan=\"1\">\n<div>Jarruj\u00e4rjestelm\u00e4<\/div>\n<\/td>\n<td rowspan=\"1\" colspan=\"1\">\n<div>Jalkajarru\/s\u00e4hk\u00f6jarru<\/div>\n<\/td>\n<\/tr>\n<tr>\n<td rowspan=\"1\" colspan=\"1\">\n<div>Maksiminopeus<\/div>\n<\/td>\n<td rowspan=\"1\" colspan=\"1\">\n<div>25 km\/h<\/div>\n<\/td>\n<\/tr>\n<tr>\n<td rowspan=\"1\" colspan=\"1\">\n<div>Ajokilometrit<\/div>\n<\/td>\n<td rowspan=\"1\" colspan=\"1\">\n<div>10\u201320 km<\/div>\n<\/td>\n<\/tr>\n<tr>\n<td rowspan=\"1\" colspan=\"1\">\n<div>Maksimikuormitus<\/div>\n<\/td>\n<td rowspan=\"1\" colspan=\"1\">\n<div>100\u2013120 kg<\/div>\n<\/td>\n<\/tr>\n<\/tbody>\n<\/table>\n<\/div>\n<\/div>\n<div>\n<div id=\"ali-anchor-AliMagic-q46x71\">Tuotekuvaus<\/div>\n<\/div>\n<div>\n<div>\n<div><img decoding=\"async\" class=\"magic-6\" src=\"https:\/\/ae01.alicdn.com\/kf\/S36d3973e15ed4356948b6da5d2136ab6P.jpg?width=1000&amp;height=599&amp;hash=1599\" slate-data-type=\"image\"\/><\/div>\n<div><img decoding=\"async\" class=\"magic-6\" src=\"https:\/\/ae01.alicdn.com\/kf\/Sc0b2a428a141494b8753f1a74f366430D.jpg?width=1000&amp;height=600&amp;hash=1600\" slate-data-type=\"image\"\/><\/div>\n<div><img decoding=\"async\" class=\"magic-6\" src=\"https:\/\/ae01.alicdn.com\/kf\/Se88d0293175c4e6091f4b97c58a6d6289.jpg?width=1000&amp;height=600&amp;hash=1600\" slate-data-type=\"image\"\/><\/div>\n<div><img decoding=\"async\" class=\"magic-6\" src=\"https:\/\/ae01.alicdn.com\/kf\/S60c03cde4565400999b731dbf1bfc1a3f.jpg?width=1000&amp;height=600&amp;hash=1600\" slate-data-type=\"image\"\/><\/div>\n<div><img decoding=\"async\" class=\"magic-6\" src=\"https:\/\/ae01.alicdn.com\/kf\/S3ec6b44fcb5c4d288c1a6669cc7554b4H.jpg?width=589&amp;height=600&amp;hash=1189\" slate-data-type=\"image\"\/><\/div>\n<div><img decoding=\"async\" class=\"magic-6\" src=\"https:\/\/ae01.alicdn.com\/kf\/S8a9433f09f924c71a407b200602e8687m.jpg?width=1000&amp;height=601&amp;hash=1601\" slate-data-type=\"image\"\/><\/div>\n<div><img decoding=\"async\" class=\"magic-6\" src=\"https:\/\/ae01.alicdn.com\/kf\/Sfd2920eee88f4e5f8b8198bf1ccca7b6N.jpg?width=1000&amp;height=600&amp;hash=1600\" slate-data-type=\"image\"\/><\/div>\n<div><img decoding=\"async\" class=\"magic-6\" src=\"https:\/\/ae01.alicdn.com\/kf\/S606047fbcda74fa09dc7f473e3099c2bh.jpg?width=1000&amp;height=600&amp;hash=1600\" slate-data-type=\"image\"\/><\/div>\n<\/div>\n<\/div>\n<div>\n<div id=\"ali-anchor-AliMagic-gt2oye\">Tuotepakkaus<\/div>\n<\/div>\n<div>\n<div>\n<div>\n<div>\n<div>\n<div><img decoding=\"async\" class=\"magic-10\" src=\"https:\/\/ae01.alicdn.com\/kf\/S603c352f31ec4ee7928249922cde2535G.jpg?width=1280&amp;height=960&amp;hash=2240\" slate-data-type=\"image\"\/><\/div>\n<div><img decoding=\"async\" class=\"magic-12\" src=\"https:\/\/ae01.alicdn.com\/kf\/S95bfd1d7a07f4f3d9b400cf282483639t.jpg?width=800&amp;height=800&amp;hash=1600\" slate-data-type=\"image\"\/><\/div>\n<\/div>\n<div><img decoding=\"async\" class=\"magic-14\" src=\"https:\/\/ae01.alicdn.com\/kf\/Sf819f886e9ee42da834170d7fbd1b7ach.jpg?width=600&amp;height=800&amp;hash=1400\" slate-data-type=\"image\"\/><\/div>\n<\/div>\n<\/div>\n<\/div>\n<\/div>\n<div>\n<div>\n<div>\n<div>\n<div>\n<div><img decoding=\"async\" class=\"magic-17\" src=\"https:\/\/ae01.alicdn.com\/kf\/S84939f2b10d24bd89ebbf28984b35e9cV.jpg?width=600&amp;height=800&amp;hash=1400\" slate-data-type=\"image\"\/><\/div>\n<\/div>\n<div>\n<div>\n<div>\n<div>\u00a0<\/div>\n<div>\u00a0<\/div>\n<div>\u00a0<\/div>\n<div>\u00a0<\/div>\n<div><span><strong>Tavaroiden turvallisuuden parantamiseksi tarjoamme ammattimaisia, ymp\u00e4rist\u00f6yst\u00e4v\u00e4llisi\u00e4, k\u00e4tevi\u00e4 ja tehokkaita pakkauspalveluita.<br \/>tarjotaan.<\/strong><\/span><\/div>\n<\/div>\n<\/div>\n<\/div>\n<\/div>\n<\/div>\n<\/div>\n<\/div>\n<div>\n<div>\u00a0<\/div>\n<div>\n<div><img decoding=\"async\" class=\"magic-22\" src=\"https:\/\/ae01.alicdn.com\/kf\/Sd01d98a5d2e34d649f49394465343dbe4.jpg?width=693&amp;height=978&amp;hash=1671\" slate-data-type=\"image\"\/><\/div>\n<div><img decoding=\"async\" class=\"magic-24\" src=\"https:\/\/ae01.alicdn.com\/kf\/S3674a5ba838d4dd18bd1e5064ce9acd0Y.jpg?width=696&amp;height=980&amp;hash=1676\" slate-data-type=\"image\"\/><\/div>\n<\/div>\n<\/div>\n<div>\n<div id=\"ali-anchor-AliMagic-08we1r\">N\u00e4yttely<\/div>\n<\/div>\n<div>\n<div>\n<div>\n<div>\n<div>\n<div><img decoding=\"async\" class=\"magic-26\" src=\"https:\/\/ae01.alicdn.com\/kf\/Scc76444e41d347fbad43d728c374f28cx.jpg?width=940&amp;height=562&amp;hash=1502\" slate-data-type=\"image\"\/><\/div>\n<\/div>\n<\/div>\n<\/div>\n<\/div>\n<\/div>\n<div>\n<div id=\"ali-anchor-AliMagic-zzqent\">Yritysprofiili<\/div>\n<\/div>\n<div>\n<div>\u00a0<\/div>\n<div>\n<div>\n<div>\u00a0<\/div>\n<div>E-ONE on yritys, joka p\u00e4\u00e4asiassa harjoittaa uusien energiatuotteiden vienti\u00e4. Yritys sijaitsee Anhuin maakunnan p\u00e4\u00e4kaupungissa Hefeiss\u00e4. E-ONE <strong>on virallisesti valtuutettu <\/strong>tunnettujen alan tuotemerkkien kautta, kuten <strong>Segway-Ninebot, Intex, DYU, HIMO, Kugoo<\/strong> ja joitakin muita tunnettuja. P\u00e4\u00e4asiassa kattava valikoimamme kest\u00e4vi\u00e4, vihreit\u00e4 ja puhtaita tuotteita kattaa <strong>s\u00e4hk\u00f6potkulaudat, s\u00e4hk\u00f6k\u00e4ytt\u00f6iset tasapainottuvat skootterit, s\u00e4hk\u00f6k\u00e4ytt\u00f6iset yksipy\u00f6r\u00e4iset,<\/strong> <span><strong>s\u00e4hk\u00f6k\u00e4ytt\u00f6iset karting-autot<\/strong><\/span> <strong>, s\u00e4hk\u00f6py\u00f6r\u00e4t, s\u00e4hk\u00f6moottoripy\u00f6r\u00e4t<\/strong>Kaikki asiaankuuluvat sertifikaatit ovat saatavilla, mik\u00e4 ehdottomasti saa meid\u00e4t myym\u00e4\u00e4n laatukeskeisi\u00e4 tuotteitamme maailmanlaajuisesti.<\/div>\n<\/div>\n<\/div>\n<\/div>\n<div>\n<div id=\"ali-anchor-AliMagic-fpcuhm\">Usein kysytyt kysymykset<\/div>\n<\/div>\n<div>\n<div>\n<div>\n<h3 class=\"magic-31\"><\/h3>\n<div>\n<div>\n<div><strong>Q<\/strong>: Oletko valmistaja? <strong>A<\/strong>Kyll\u00e4, olemme valmistajia. Voimme tarjota OEM\/ODM-r\u00e4\u00e4t\u00e4l\u00f6ity\u00e4 palvelua asiakkaidemme erilaisten sovellusten ja vaatimusten mukaan. Kaikki tuotteemme ovat t\u00e4ysin patentoituja, suunnittelun, laitteiston ja ohjelmiston, muotin ja kokoonpanon tekee oma tiimimme. <strong>Q<\/strong>: Mik\u00e4 on v\u00e4himm\u00e4istilausm\u00e4\u00e4r\u00e4 (MOQ)? <strong>A<\/strong>Hyv\u00e4ksymme yhden yksik\u00f6n vakiotuotteille. Voimme jopa r\u00e4\u00e4t\u00e4l\u00f6id\u00e4 ne logollasi tarvittaessa. Jos tarvitset OEM-laatuj\u00e4rjestelm\u00e4\u00e4, n\u00e4et yksityiskohtaiset vaatimukset ja vahvistamme sinulle v\u00e4himm\u00e4istilausm\u00e4\u00e4r\u00e4n myyntiosastoltamme. <strong>Q<\/strong>: Voimmeko saada ilmaisen n\u00e4ytteen? <strong>A<\/strong>Valitettavasti emme yleens\u00e4 tarjoa ilmaista n\u00e4ytett\u00e4. Jos asiakas vahvistaa spesifikaation ja hinnan, h\u00e4n voi tilata n\u00e4ytteen ensin testausta ja arviointia varten. <strong>Q<\/strong>: Miten tilata ja maksaa? <strong>A<\/strong>Hyv\u00e4ksymme T\/T:n (pankkisiirron), Alibaba-verkkomaksun ja Western Union 1 Trade Assurancen. <strong>Q<\/strong>: Mik\u00e4 on tuotteidesi takuu? <strong>A<\/strong>Takuu: Tarjoamme 24 kuukauden takuun l\u00e4hetyksen j\u00e4lkeen. <strong>Q<\/strong>: Kuinka kauan toimitus kest\u00e4\u00e4? <strong>A<\/strong>Tuotannon l\u00e4pimenoaika on noin 3\u201310 p\u00e4iv\u00e4\u00e4 vaatimuksesta riippuen, ja DHL:n\/UPS:n\/FEDEX:n\/TNT:n toimitusaika on noin 3\u20137 arkip\u00e4iv\u00e4\u00e4. Joillekin syrj\u00e4isille alueille toimitusaika voi olla hieman pidempi. <strong>Q<\/strong> :Kuinka korjata laite, jos siin\u00e4 on ongelmia? <strong>A<\/strong>Tarjoamme teknist\u00e4 tukea verkossa ongelman ratkaisemiseksi; Jos kyseess\u00e4 on laitteisto-ongelma, voimme l\u00e4hett\u00e4\u00e4 osat tai komponentit ja opettaa asiakkaalle niiden asentamisen, jos heill\u00e4 on teknikko tai he voivat my\u00f6s l\u00e4hett\u00e4\u00e4 ne meille korjaamaan sen. <strong>Q<\/strong>Voitteko r\u00e4\u00e4t\u00e4l\u00f6id\u00e4 ja jaella tuotettamme? <strong>A<\/strong>: Olemme ammattimainen s\u00e4hk\u00f6py\u00f6rien valmistaja, jolla on 8 vuoden kokemus valmistuksesta. Tuemme tuotteiden r\u00e4\u00e4t\u00e4l\u00f6inti\u00e4, jakelua ja tukkumyynti\u00e4.<\/div>\n<\/div>\n<\/div>\n<\/div>\n<\/div>\n<\/div>\n<\/div>\n<div><\/div>\n<\/div>\n<\/div>\n<p><\/p>","protected":false},"excerpt":{"rendered":"<p>Model Number:&nbsp;X6 Category:&nbsp;Two-wheel Scooter Applicable People:&nbsp;Unisex Range Per Charge:&nbsp;40-60km Charging Time:&nbsp;1-2h Voltage:&nbsp;36v Folded:&nbsp;YES Origin:&nbsp;Mainland China Power (W):&nbsp;201-500W Place of Origin:&nbsp;Anhui, China Brand:&nbsp;WOYU Model Number:&nbsp;X6 Charging Time:&nbsp;2-3h Foldable:&nbsp;Yes Range Per Charge:&nbsp;15-25KM<\/p>","protected":false},"featured_media":8438,"comment_status":"open","ping_status":"closed","template":"","meta":{"_acf_changed":false},"product_brand":[],"product_cat":[469],"product_tag":[],"class_list":{"0":"post-8437","1":"product","2":"type-product","3":"status-publish","4":"has-post-thumbnail","6":"product_cat-electric-city-scooters","8":"first","9":"instock","10":"shipping-taxable","11":"purchasable","12":"product-type-simple"},"acf":[],"_links":{"self":[{"href":"https:\/\/electricstore.eu\/fi\/wp-json\/wp\/v2\/product\/8437","targetHints":{"allow":["GET"]}}],"collection":[{"href":"https:\/\/electricstore.eu\/fi\/wp-json\/wp\/v2\/product"}],"about":[{"href":"https:\/\/electricstore.eu\/fi\/wp-json\/wp\/v2\/types\/product"}],"replies":[{"embeddable":true,"href":"https:\/\/electricstore.eu\/fi\/wp-json\/wp\/v2\/comments?post=8437"}],"wp:featuredmedia":[{"embeddable":true,"href":"https:\/\/electricstore.eu\/fi\/wp-json\/wp\/v2\/media\/8438"}],"wp:attachment":[{"href":"https:\/\/electricstore.eu\/fi\/wp-json\/wp\/v2\/media?parent=8437"}],"wp:term":[{"taxonomy":"product_brand","embeddable":true,"href":"https:\/\/electricstore.eu\/fi\/wp-json\/wp\/v2\/product_brand?post=8437"},{"taxonomy":"product_cat","embeddable":true,"href":"https:\/\/electricstore.eu\/fi\/wp-json\/wp\/v2\/product_cat?post=8437"},{"taxonomy":"product_tag","embeddable":true,"href":"https:\/\/electricstore.eu\/fi\/wp-json\/wp\/v2\/product_tag?post=8437"}],"curies":[{"name":"wp","href":"https:\/\/api.w.org\/{rel}","templated":true}]}}