{"id":8232,"date":"2025-05-19T20:29:25","date_gmt":"2025-05-19T20:29:25","guid":{"rendered":"https:\/\/electricstore.eu\/product\/uncategorized\/12v-310ah-lifepo4-lithium-battery\/"},"modified":"2025-05-21T05:40:03","modified_gmt":"2025-05-21T05:40:03","slug":"12v-310ah-lifepo4-lithium-battery","status":"publish","type":"product","link":"https:\/\/electricstore.eu\/fi\/p\/batteries\/lifepo4-batteries\/200ah-lifepo4-batteries\/12v-310ah-lifepo4-lithium-battery\/","title":{"rendered":"Humsienk 310Ah 12V LiFePO4-akku"},"content":{"rendered":"<div class=\"product-specs-list-container\">\n<ul class=\"product-specs-list util-clearfix\">\n<li class=\"product-prop line-limit-length\"><span\n                                        class=\"property-title\">Huolenaiheinen kemikaali:&nbsp;<\/span><span\n                                        class=\"property-desc line-limit-length\">Ei mit\u00e4\u00e4n<\/span>\n                            <\/li>\n<li class=\"product-prop line-limit-length\"><span\n                                        class=\"property-title\">Nimelliskapasiteetti:&nbsp;<\/span><span\n                                        class=\"property-desc line-limit-length\">310Ah<\/span>\n                            <\/li>\n<li class=\"product-prop line-limit-length\"><span\n                                        class=\"property-title\">Paino:&nbsp;<\/span><span\n                                        class=\"property-desc line-limit-length\">28kg\/61.73lbs<\/span>\n                            <\/li>\n<li class=\"product-prop line-limit-length\"><span\n                                        class=\"property-title\">J\u00e4nnite:&nbsp;<\/span><span\n                                        class=\"property-desc line-limit-length\">12,8 V<\/span>\n                            <\/li>\n<li class=\"product-prop line-limit-length\"><span\n                                        class=\"property-title\">Koko:&nbsp;<\/span><span\n                                        class=\"property-desc line-limit-length\">521*238*221mm\/20.51*9.37*8.7inch<\/span>\n                            <\/li>\n<li class=\"product-prop line-limit-length\"><span\n                                        class=\"property-title\">Sovellus:&nbsp;<\/span><span\n                                        class=\"property-desc line-limit-length\">Indoor\/Outdoor<\/span>\n                            <\/li>\n<li class=\"product-prop line-limit-length\"><span\n                                        class=\"property-title\">Mallinumero:&nbsp;<\/span><span\n                                        class=\"property-desc line-limit-length\">12V 310Ah<\/span>\n                            <\/li>\n<li class=\"product-prop line-limit-length\"><span\n                                        class=\"property-title\">Tyyppi:&nbsp;<\/span><span\n                                        class=\"property-desc line-limit-length\">LiFePO4<\/span>\n                            <\/li>\n<li class=\"product-prop line-limit-length\"><span\n                                        class=\"property-title\">Tuotemerkki:&nbsp;<\/span><span\n                                        class=\"property-desc line-limit-length\">Humsienk<\/span>\n                            <\/li>\n<li class=\"product-prop line-limit-length\"><span\n                                        class=\"property-title\">Alkuper\u00e4:&nbsp;<\/span><span\n                                        class=\"property-desc line-limit-length\">Manner-Kiina<\/span>\n                            <\/li>\n<li class=\"product-prop line-limit-length\"><span\n                                        class=\"property-title\">Nimellisj\u00e4nnite:&nbsp;<\/span><span\n                                        class=\"property-desc line-limit-length\">Muut<\/span>\n                            <\/li>\n<li class=\"product-prop line-limit-length\"><span\n                                        class=\"property-title\">Takuu:&nbsp;<\/span><span\n                                        class=\"property-desc line-limit-length\">5 vuotta<\/span>\n                            <\/li>\n<li class=\"product-prop line-limit-length\"><span\n                                        class=\"property-title\">Vedenpit\u00e4vyysluokitus:&nbsp;<\/span><span\n                                        class=\"property-desc line-limit-length\">IP65-suojaus<\/span>\n                            <\/li>\n<li class=\"product-prop line-limit-length\"><span\n                                        class=\"property-title\">Ominaisuudet:&nbsp;<\/span><span\n                                        class=\"property-desc line-limit-length\">Flexible, Freestanding, Maintenance Free, Portable, Rechargeable Battery Backup<\/span>\n                            <\/li>\n<li class=\"product-prop line-limit-length\"><span\n                                        class=\"property-title\">Teho:&nbsp;<\/span><span\n                                        class=\"property-desc line-limit-length\">3968 W<\/span>\n                            <\/li>\n<li class=\"product-prop line-limit-length\"><span\n                                        class=\"property-title\">Current Output:&nbsp;<\/span><span\n                                        class=\"property-desc line-limit-length\">310 A<\/span>\n                            <\/li>\n<li class=\"product-prop line-limit-length\"><span\n                                        class=\"property-title\">Solu:&nbsp;<\/span><span\n                                        class=\"property-desc line-limit-length\">A+-luokan LiFePO4-kennot<\/span>\n                            <\/li>\n<li class=\"product-prop line-limit-length\"><span\n                                        class=\"property-title\">Charge Method:&nbsp;<\/span><span\n                                        class=\"property-desc line-limit-length\">CC\/CV<\/span>\n                            <\/li>\n<li class=\"product-prop line-limit-length\"><span\n                                        class=\"property-title\">Syklin elinkaari:&nbsp;<\/span><span\n                                        class=\"property-desc line-limit-length\">up to 15000 times<\/span>\n                            <\/li>\n<li class=\"product-prop line-limit-length\"><span\n                                        class=\"property-title\">Latausl\u00e4mp\u00f6tila:&nbsp;<\/span><span\n                                        class=\"property-desc line-limit-length\">0\u2103 to 55\u2103 \/ 32\u2109 to 131\u2109<\/span>\n                            <\/li>\n<li class=\"product-prop line-limit-length\"><span\n                                        class=\"property-title\">Poistol\u00e4mp\u00f6tila:&nbsp;<\/span><span\n                                        class=\"property-desc line-limit-length\">-20\u2103 to 70\u2103 \/ -4\u2109 to 158\u2109<\/span>\n                            <\/li>\n<\/ul><\/div>\n<p><strong><span style=\"color:rgb(0, 0, 0);font-size:22px;font-family:arial, helvetica, sans-serif\">Korkea suorituskyky: <\/span><\/strong><\/p>\n<p><span style=\"color:rgb(0, 0, 0);font-size:22px;font-family:arial, helvetica, sans-serif\">The Humsienk LiFePO4 battery offers a 310Ah capacity and standard voltage of 12.8V. With <\/span><span style=\"color:rgb(244, 78, 59);font-size:22px;font-family:arial, helvetica, sans-serif\">A+ grade cells<\/span><span style=\"color:rgb(0, 0, 0);font-size:22px;font-family:arial, helvetica, sans-serif\">, it boasts an impressive lifespan of <\/span><span style=\"color:rgb(244, 78, 59);font-size:22px;font-family:arial, helvetica, sans-serif\">up to 15,000 cycles<\/span><span style=\"color:rgb(0, 0, 0);font-size:22px;font-family:arial, helvetica, sans-serif\">. SDS\/UN38.3\/FCC\/CE\/ROHS certifications ensure its quality and safety.<\/span><\/p>\n<p><\/p>\n<p><strong><span style=\"color:rgb(0, 0, 0);font-size:22px;font-family:arial, helvetica, sans-serif\">Sis\u00e4\u00e4nrakennettu BMS-suojaus:<\/span><\/strong><\/p>\n<p><span style=\"color:rgb(0, 0, 0);font-size:22px;font-family:arial, helvetica, sans-serif\">The lithium battery has a built-in <\/span><span style=\"color:rgb(244, 78, 59);font-size:22px;font-family:arial, helvetica, sans-serif\">200A BMS<\/span><span style=\"color:rgb(0, 0, 0);font-size:22px;font-family:arial, helvetica, sans-serif\"> protection board, which automatically disconnects when the discharge current exceeds, enhancing safety.<\/span><\/p>\n<p><\/p>\n<p><strong><span style=\"color:rgb(0, 0, 0);font-size:22px;font-family:arial, helvetica, sans-serif\">Kompakti muotoilu: <\/span><\/strong><\/p>\n<p><span style=\"color:rgb(0, 0, 0);font-size:22px;font-family:arial, helvetica, sans-serif\">Measuring 20.51 x 8.70 x 9.37 inches (52.1 x 22.1 x 23.8cm) and weighing 61.73lbs(28kg), our battery maximizes energy density while maintaining its performance. Its compact form factor saves space and offers installation flexibility.<\/span><\/p>\n<p><\/p>\n<p><strong><span style=\"color:rgb(0, 0, 0);font-size:22px;font-family:arial, helvetica, sans-serif\">L\u00e4mp\u00f6tilan kest\u00e4vyys: <\/span><\/strong><\/p>\n<p><span style=\"color:rgb(0, 0, 0);font-size:22px;font-family:arial, helvetica, sans-serif\">Toimii sujuvasti <\/span><span style=\"color:rgb(244, 78, 59);font-size:22px;font-family:arial, helvetica, sans-serif\">from -4\u00b0F (-20\u00b0C) to 158\u00b0F (70\u00b0C)<\/span><span style=\"color:rgb(0, 0, 0);font-size:22px;font-family:arial, helvetica, sans-serif\">Akussa on automaattinen virrankatkaisu alle -20 \u00b0C:n l\u00e4mp\u00f6tilassa lis\u00e4suojaa ja pitk\u00e4ik\u00e4isyytt\u00e4 varten.<\/span><\/p>\n<p><\/p>\n<p><strong><span style=\"color:rgb(0, 0, 0);font-size:22px;font-family:arial, helvetica, sans-serif\">Sarja- tai rinnakkaiskytkent\u00e4: <\/span><\/strong><\/p>\n<p><span style=\"color:rgb(0, 0, 0);font-size:22px;font-family:arial, helvetica, sans-serif\">Liit\u00e4 helposti jopa 4 akkua sarjaan tai rinnan, jolloin saavutetaan kokonaiskapasiteetti <\/span><span style=\"color:rgb(244, 78, 59);font-size:22px;font-family:arial, helvetica, sans-serif\">up to 63.5kWh<\/span><span style=\"color:rgb(0, 0, 0);font-size:22px;font-family:arial, helvetica, sans-serif\">Mukauta s\u00e4hk\u00f6ratkaisusi tarpeisiisi sopivaksi.<\/span><\/p>\n<p><\/p>\n<p><strong><span style=\"color:rgb(0, 0, 0);font-size:22px;font-family:arial, helvetica, sans-serif\">T\u00e4ydellinen istuvuus: <\/span><\/strong><\/p>\n<p><span style=\"color:rgb(0, 0, 0);font-size:22px;font-family:arial, helvetica, sans-serif\">Designed to seamlessly fit the battery box, our 310Ah LiFePO4 battery eliminates the need for a larger box, simplifying installation.<\/span><\/p>\n<p><\/p>\n<p><strong><span style=\"color:rgb(0, 0, 0);font-size:22px;font-family:arial, helvetica, sans-serif\">5 vuoden takuu ja tuki: <\/span><\/strong><\/p>\n<p><span style=\"color:rgb(0, 0, 0);font-size:22px;font-family:arial, helvetica, sans-serif\">We prioritize your satisfaction. Reach out to us for any questions or concerns. Our products come with a <\/span><span style=\"color:rgb(244, 78, 59);font-size:22px;font-family:arial, helvetica, sans-serif\">5-year warranty<\/span><span style=\"color:rgb(0, 0, 0);font-size:22px;font-family:arial, helvetica, sans-serif\"> for your peace of mind.<\/span><\/p>\n<p><img decoding=\"async\" src=\"https:\/\/ae01.alicdn.com\/kf\/Sf9258cd707e544019c8cadb4fe995f22B.jpg\" slate-data-type=\"image\"\/><img decoding=\"async\" src=\"https:\/\/ae01.alicdn.com\/kf\/S607916af05b6479b983deecc6b044796G.jpg\" slate-data-type=\"image\"\/><img decoding=\"async\" src=\"https:\/\/ae01.alicdn.com\/kf\/S7e110ceb750741e28e604981dbd33b33B.jpg\" slate-data-type=\"image\"\/><img decoding=\"async\" src=\"https:\/\/ae01.alicdn.com\/kf\/Sc35b1d9b48d34325b6e5350e23453e21Z.jpg\" slate-data-type=\"image\"\/><img decoding=\"async\" src=\"https:\/\/ae01.alicdn.com\/kf\/S0c23b13030424fabb46f52fa9d727d32i.jpg\" slate-data-type=\"image\"\/><img decoding=\"async\" src=\"https:\/\/ae01.alicdn.com\/kf\/S4276fd6eaafd409ca55611094bd7cef22.jpg\" slate-data-type=\"image\"\/><img decoding=\"async\" src=\"https:\/\/ae01.alicdn.com\/kf\/S7d09f450e60c4be2abf539a0cc47b24dt.jpg\" slate-data-type=\"image\"\/><img decoding=\"async\" src=\"https:\/\/ae01.alicdn.com\/kf\/S8d0b848df30a4515a7e800a853f915f0N.jpg\" slate-data-type=\"image\"\/><\/p>\n<p><\/p>","protected":false},"excerpt":{"rendered":"<p>Hign-concerned Chemical:&nbsp;None Nominal Capacity:&nbsp;310Ah Weight:&nbsp;28kg\/61.73lbs Voltage:&nbsp;12.8V Size:&nbsp;521*238*221mm\/20.51*9.37*8.7inch Application:&nbsp;Indoor\/Outdoor Model Number:&nbsp;12V 310Ah Type:&nbsp;LiFePO4 Brand Name:&nbsp;Humsienk Origin:&nbsp;Mainland China Rated Voltage:&nbsp;Others Warranty:&nbsp;5 years Waterproof Rating:&nbsp;IP65 Features:&nbsp;Flexible, Freestanding, Maintenance Free, Portable, Rechargeable Battery Backup<\/p>","protected":false},"featured_media":8233,"comment_status":"open","ping_status":"closed","template":"","meta":{"_acf_changed":false},"product_brand":[],"product_cat":[238],"product_tag":[],"class_list":{"0":"post-8232","1":"product","2":"type-product","3":"status-publish","4":"has-post-thumbnail","6":"product_cat-200ah-lifepo4-batteries","8":"first","9":"instock","10":"shipping-taxable","11":"purchasable","12":"product-type-variable"},"acf":[],"_links":{"self":[{"href":"https:\/\/electricstore.eu\/fi\/wp-json\/wp\/v2\/product\/8232","targetHints":{"allow":["GET"]}}],"collection":[{"href":"https:\/\/electricstore.eu\/fi\/wp-json\/wp\/v2\/product"}],"about":[{"href":"https:\/\/electricstore.eu\/fi\/wp-json\/wp\/v2\/types\/product"}],"replies":[{"embeddable":true,"href":"https:\/\/electricstore.eu\/fi\/wp-json\/wp\/v2\/comments?post=8232"}],"wp:featuredmedia":[{"embeddable":true,"href":"https:\/\/electricstore.eu\/fi\/wp-json\/wp\/v2\/media\/8233"}],"wp:attachment":[{"href":"https:\/\/electricstore.eu\/fi\/wp-json\/wp\/v2\/media?parent=8232"}],"wp:term":[{"taxonomy":"product_brand","embeddable":true,"href":"https:\/\/electricstore.eu\/fi\/wp-json\/wp\/v2\/product_brand?post=8232"},{"taxonomy":"product_cat","embeddable":true,"href":"https:\/\/electricstore.eu\/fi\/wp-json\/wp\/v2\/product_cat?post=8232"},{"taxonomy":"product_tag","embeddable":true,"href":"https:\/\/electricstore.eu\/fi\/wp-json\/wp\/v2\/product_tag?post=8232"}],"curies":[{"name":"wp","href":"https:\/\/api.w.org\/{rel}","templated":true}]}}