{"id":7781,"date":"2025-05-15T19:56:30","date_gmt":"2025-05-15T19:56:30","guid":{"rendered":"https:\/\/electricstore.eu\/product\/evercross-tech-ev-07m-20-km-h-10-km-11-children-electric-motorbike\/"},"modified":"2025-05-21T05:40:08","modified_gmt":"2025-05-21T05:40:08","slug":"evercross-tech-ev-07m-20-km-h-10-km-11-children-electric-motorbike","status":"publish","type":"product","link":"https:\/\/electricstore.eu\/fi\/p\/motorbikes\/electric-children-motorbikes\/evercross-tech-ev-07m-20-km-h-10-km-11-children-electric-motorbike\/","title":{"rendered":"EVERCROSS TECH EV07M 300W 24V 4Ah 20km\/h 10-30km 11\u2033 lasten s\u00e4hk\u00f6moottoripy\u00f6r\u00e4"},"content":{"rendered":"<div class=\"product-specs-list-container\">\n<ul class=\"product-specs-list util-clearfix\">\n<li class=\"product-prop line-limit-length\"><span\n                                        class=\"property-title\">Mallinumero:&nbsp;<\/span><span\n                                        class=\"property-desc line-limit-length\">EV07M<\/span>\n                            <\/li>\n<li class=\"product-prop line-limit-length\"><span\n                                        class=\"property-title\">Nimellinen matkustajakapasiteetti:&nbsp;<\/span><span\n                                        class=\"property-desc line-limit-length\">Yksi istuin<\/span>\n                            <\/li>\n<li class=\"product-prop line-limit-length\"><span\n                                        class=\"property-title\">Tyyli:&nbsp;<\/span><span\n                                        class=\"property-desc line-limit-length\">Vakiotyyppi<\/span>\n                            <\/li>\n<li class=\"product-prop line-limit-length\"><span\n                                        class=\"property-title\">Suurin nopeus:&nbsp;<\/span><span\n                                        class=\"property-desc line-limit-length\">&lt;25 km\/h<\/span>\n                            <\/li>\n<li class=\"product-prop line-limit-length\"><span\n                                        class=\"property-title\">Tehoalue:&nbsp;<\/span><span\n                                        class=\"property-desc line-limit-length\">10\u201330 km<\/span>\n                            <\/li>\n<li class=\"product-prop line-limit-length\"><span\n                                        class=\"property-title\">Teho:&nbsp;<\/span><span\n                                        class=\"property-desc line-limit-length\">251\u2013350 W<\/span>\n                            <\/li>\n<li class=\"product-prop line-limit-length\"><span\n                                        class=\"property-title\">Virtal\u00e4hde:&nbsp;<\/span><span\n                                        class=\"property-desc line-limit-length\">litiumparisto<\/span>\n                            <\/li>\n<li class=\"product-prop line-limit-length\"><span\n                                        class=\"property-title\">J\u00e4nnite:&nbsp;<\/span><span\n                                        class=\"property-desc line-limit-length\">24 V<\/span>\n                            <\/li>\n<li class=\"product-prop line-limit-length\"><span\n                                        class=\"property-title\">Tuotemerkki:&nbsp;<\/span><span\n                                        class=\"property-desc line-limit-length\">EVERCROSS TECH<\/span>\n                            <\/li>\n<li class=\"product-prop line-limit-length\"><span\n                                        class=\"property-title\">Virtal\u00e4hde:&nbsp;<\/span><span\n                                        class=\"property-desc line-limit-length\">litiumparisto<\/span>\n                            <\/li>\n<li class=\"product-prop line-limit-length\"><span\n                                        class=\"property-title\">Alkuper\u00e4:&nbsp;<\/span><span\n                                        class=\"property-desc line-limit-length\">Manner-Kiina<\/span>\n                            <\/li>\n<li class=\"product-prop line-limit-length\"><span\n                                        class=\"property-title\">Taitettu:&nbsp;<\/span><span\n                                        class=\"property-desc line-limit-length\">Ei<\/span>\n                            <\/li>\n<li class=\"product-prop line-limit-length\"><span\n                                        class=\"property-title\">Renkaan koko:&nbsp;<\/span><span\n                                        class=\"property-desc line-limit-length\">12 tuumaa<\/span>\n                            <\/li>\n<\/ul><\/div>\n<div class=\"detailmodule_html\">\n<div class=\"detail-desc-decorate-richtext\">\n<p><strong><span style=\"font-size:10.5pt;font-family:Calibri\">TEHOA TURVALLISEEN JA HAUSKAAN AJAMISEEN<\/span><\/strong><\/p>\n<p class=\"MsoNormal\"><span style=\"font-size:10.5pt;font-family:Calibri\">S\u00e4hk\u00f6moottoripy\u00f6r\u00e4<\/span><span style=\"font-size:10.5pt;font-family:\u5b8b\u4f53\">EVERROSS TECH<\/span><span style=\"font-size:10.5pt;font-family:Calibri\">EV07M saavuttaa 20 km\/h huippunopeuden, mik\u00e4 on ihanteellinen tarjoamaan 3\u201312-vuotiaille lapsille j\u00e4nnitt\u00e4v\u00e4n ajokokemuksen ja samalla varmistamaan heid\u00e4n turvallisuutensa. Nopeus on kalibroitu huolellisesti t\u00e4ydellisen tasapainon saavuttamiseksi nautinnon ja mielenrauhan v\u00e4lill\u00e4 vanhemmille.<\/span><\/p>\n<p><\/p>\n<p class=\"MsoNormal\"><strong><span style=\"font-size:10.5pt;font-family:Calibri\">KEST\u00c4V\u00c4 RAKENNE JA SOVITUS LAPSILLE<\/span><\/strong><\/p>\n<p class=\"MsoNormal\"><span style=\"font-size:10.5pt;font-family:Calibri\">Vankan rungon ja 11-tuumaisten py\u00f6rien ansiosta t\u00e4m\u00e4 moottoripy\u00f6r\u00e4 tukee jopa 60 kg, joten se sopii erikokoisille lapsille. Sen moderni muotoilu ja kirkkaat v\u00e4rivaihtoehdot vetoavat sek\u00e4 poikiin ett\u00e4 tytt\u00f6ihin, ja se tarjoaa tyylin, josta lapset pit\u00e4v\u00e4t.<\/span><\/p>\n<p><\/p>\n<p class=\"MsoNormal\"><strong><span style=\"font-size:10.5pt;font-family:Calibri\">PITK\u00c4\u00c4N PITK\u00c4\u00c4N AUTONOMIAA ENEMM\u00c4N NAUTINTOA<\/span><\/strong><\/p>\n<p class=\"MsoNormal\"><span style=\"font-size:10.5pt;font-family:Calibri\">25,2 V 4AH (100,8 Wh) akun ansiosta s\u00e4hk\u00f6moottoripy\u00f6r\u00e4 tarjoaa jopa 10 km:n toimintas\u00e4teen yhdell\u00e4 latauksella, mik\u00e4 sopii t\u00e4ydellisesti ulkoilmaseikkailuihin. Vain 4\u20136 tunnin latausajan ansiosta lapset voivat jatkaa aktiviteettejaan nopeasti tauon j\u00e4lkeen.<\/span><\/p>\n<p><\/p>\n<p class=\"MsoNormal\"><strong><span style=\"font-size:10.5pt;font-family:Calibri\">CARACT\u00c9RISTIQUES TURVALLISUUS VAHVISTAA<\/span><\/strong><\/p>\n<p class=\"MsoNormal\"><span style=\"font-size:10.5pt;font-family:Calibri\">EV07M-malli on varustettu tehokkaalla levyjarruj\u00e4rjestelm\u00e4ll\u00e4 ja sukkamainen painopisteell\u00e4, jotka takaavat paremman vakauden ja optimaalisen hallinnan. N\u00e4m\u00e4 ominaisuudet takaavat turvallisen ajon my\u00f6s nuorille, aloitteleville kuljettajille.<\/span><\/p>\n<p><\/p>\n<p class=\"MsoNormal\"><strong><span style=\"font-size:10.5pt;font-family:Calibri\">MOOTTORI PUUTTUU ERI MAASTOIDEN VARALTA<\/span><\/strong><\/p>\n<p class=\"MsoNormal\"><span style=\"font-size:10.5pt;font-family:Calibri\">300 W:n moottorilla t\u00e4m\u00e4 s\u00e4hk\u00f6moottoripy\u00f6r\u00e4 pystyy kiipe\u00e4m\u00e4\u00e4n jopa 8 asteen rinteit\u00e4, joten se on ihanteellinen valinta vaihtelevaan maastoon. Olipa kyseess\u00e4 sitten tasainen pinta tai kevyt m\u00e4ki, EV07M tarjoaa tasaisen ja luotettavan suorituskyvyn. Se on t\u00e4ydellinen lahja kannustamaan lapsia tutkimaan ja kehitt\u00e4m\u00e4\u00e4n ajotaitojaan.<\/span><\/p>\n<\/div>\n<\/div>","protected":false},"excerpt":{"rendered":"<p>Model Number:&nbsp;EV07M Rated Passenger Capacity:&nbsp;One Seat Style:&nbsp;Standard Type Max Speed:&nbsp;&lt;25km\/h Range per Power:&nbsp;10 &#8211; 30 km Wattage:&nbsp;251 &#8211; 350w Power Supply:&nbsp;lithium battery Voltage:&nbsp;24V Brand Name:&nbsp;EVERCROSS TECH Power Source:&nbsp;lithium battery Origin:&nbsp;Mainland<\/p>","protected":false},"featured_media":7782,"comment_status":"open","ping_status":"closed","template":"","meta":{"_acf_changed":false},"product_brand":[],"product_cat":[313],"product_tag":[327],"class_list":{"0":"post-7781","1":"product","2":"type-product","3":"status-publish","4":"has-post-thumbnail","6":"product_cat-electric-children-motorbikes","7":"product_tag-evercross","9":"first","10":"instock","11":"shipping-taxable","12":"purchasable","13":"product-type-variable"},"acf":[],"_links":{"self":[{"href":"https:\/\/electricstore.eu\/fi\/wp-json\/wp\/v2\/product\/7781","targetHints":{"allow":["GET"]}}],"collection":[{"href":"https:\/\/electricstore.eu\/fi\/wp-json\/wp\/v2\/product"}],"about":[{"href":"https:\/\/electricstore.eu\/fi\/wp-json\/wp\/v2\/types\/product"}],"replies":[{"embeddable":true,"href":"https:\/\/electricstore.eu\/fi\/wp-json\/wp\/v2\/comments?post=7781"}],"wp:featuredmedia":[{"embeddable":true,"href":"https:\/\/electricstore.eu\/fi\/wp-json\/wp\/v2\/media\/7782"}],"wp:attachment":[{"href":"https:\/\/electricstore.eu\/fi\/wp-json\/wp\/v2\/media?parent=7781"}],"wp:term":[{"taxonomy":"product_brand","embeddable":true,"href":"https:\/\/electricstore.eu\/fi\/wp-json\/wp\/v2\/product_brand?post=7781"},{"taxonomy":"product_cat","embeddable":true,"href":"https:\/\/electricstore.eu\/fi\/wp-json\/wp\/v2\/product_cat?post=7781"},{"taxonomy":"product_tag","embeddable":true,"href":"https:\/\/electricstore.eu\/fi\/wp-json\/wp\/v2\/product_tag?post=7781"}],"curies":[{"name":"wp","href":"https:\/\/api.w.org\/{rel}","templated":true}]}}