{"id":7605,"date":"2025-05-15T19:33:12","date_gmt":"2025-05-15T19:33:12","guid":{"rendered":"https:\/\/electricstore.eu\/product\/humsienk-100ah-12v-lifepo4-battery\/"},"modified":"2025-05-21T05:40:14","modified_gmt":"2025-05-21T05:40:14","slug":"humsienk-100ah-12v-lifepo4-battery","status":"publish","type":"product","link":"https:\/\/electricstore.eu\/fi\/p\/batteries\/lifepo4-batteries\/100-200ah-lifepo4-batteries\/humsienk-100ah-12v-lifepo4-battery\/","title":{"rendered":"Humsienk 100Ah 12V LiFePO4-akku"},"content":{"rendered":"<div class=\"product-specs-list-container\">\n<ul class=\"product-specs-list util-clearfix\">\n<li class=\"product-prop line-limit-length\"><span\n                                        class=\"property-title\">Huolenaiheinen kemikaali:&nbsp;<\/span><span\n                                        class=\"property-desc line-limit-length\">Ei mit\u00e4\u00e4n<\/span>\n                            <\/li>\n<li class=\"product-prop line-limit-length\"><span\n                                        class=\"property-title\">Nimelliskapasiteetti:&nbsp;<\/span><span\n                                        class=\"property-desc line-limit-length\">100 Ah<\/span>\n                            <\/li>\n<li class=\"product-prop line-limit-length\"><span\n                                        class=\"property-title\">Paino:&nbsp;<\/span><span\n                                        class=\"property-desc line-limit-length\">23,26 paunaa \/ 10,55 kg<\/span>\n                            <\/li>\n<li class=\"product-prop line-limit-length\"><span\n                                        class=\"property-title\">J\u00e4nnite:&nbsp;<\/span><span\n                                        class=\"property-desc line-limit-length\">12,8 V<\/span>\n                            <\/li>\n<li class=\"product-prop line-limit-length\"><span\n                                        class=\"property-title\">Koko:&nbsp;<\/span><span\n                                        class=\"property-desc line-limit-length\">260 x 168 x 209 mm \/ 10,2 x 6,6 x 8,2 tuumaa<\/span>\n                            <\/li>\n<li class=\"product-prop line-limit-length\"><span\n                                        class=\"property-title\">Sovellus:&nbsp;<\/span><span\n                                        class=\"property-desc line-limit-length\">Home \/ Outdoor<\/span>\n                            <\/li>\n<li class=\"product-prop line-limit-length\"><span\n                                        class=\"property-title\">Mallinumero:&nbsp;<\/span><span\n                                        class=\"property-desc line-limit-length\">12 V 100 Ah<\/span>\n                            <\/li>\n<li class=\"product-prop line-limit-length\"><span\n                                        class=\"property-title\">Tyyppi:&nbsp;<\/span><span\n                                        class=\"property-desc line-limit-length\">LiFePO4<\/span>\n                            <\/li>\n<li class=\"product-prop line-limit-length\"><span\n                                        class=\"property-title\">Tuotemerkki:&nbsp;<\/span><span\n                                        class=\"property-desc line-limit-length\">Humsienk<\/span>\n                            <\/li>\n<li class=\"product-prop line-limit-length\"><span\n                                        class=\"property-title\">Alkuper\u00e4:&nbsp;<\/span><span\n                                        class=\"property-desc line-limit-length\">Manner-Kiina<\/span>\n                            <\/li>\n<li class=\"product-prop line-limit-length\"><span\n                                        class=\"property-title\">Nimellisj\u00e4nnite:&nbsp;<\/span><span\n                                        class=\"property-desc line-limit-length\">Muut<\/span>\n                            <\/li>\n<li class=\"product-prop line-limit-length\"><span\n                                        class=\"property-title\">Vedenpit\u00e4vyysluokitus:&nbsp;<\/span><span\n                                        class=\"property-desc line-limit-length\">IP65-suojaus<\/span>\n                            <\/li>\n<li class=\"product-prop line-limit-length\"><span\n                                        class=\"property-title\">Solu:&nbsp;<\/span><span\n                                        class=\"property-desc line-limit-length\">A+-luokan LiFePO4-kennot<\/span>\n                            <\/li>\n<li class=\"product-prop line-limit-length\"><span\n                                        class=\"property-title\">Max. Expansion:&nbsp;<\/span><span\n                                        class=\"property-desc line-limit-length\">4S4P, up to 20.48kWh<\/span>\n                            <\/li>\n<li class=\"product-prop line-limit-length\"><span\n                                        class=\"property-title\">Takuu:&nbsp;<\/span><span\n                                        class=\"property-desc line-limit-length\">5 vuotta<\/span>\n                            <\/li>\n<\/ul><\/div>\n<p style=\"font-family:&quot;TT Norms Pro&quot;, &quot;Open Sans&quot;, Roboto, Arial, Helvetica, sans-serif, SimSun;font-size:14px;font-weight:400;letter-spacing:normal;line-height:inherit;text-align:start;white-space:normal;color:rgb(34, 34, 34);margin:0px;margin-bottom:0px;margin-top:0px;margin-left:0px;margin-right:0px;padding:0px;padding-bottom:0px;padding-top:0px;padding-left:0px;padding-right:0px;box-sizing:border-box\" align=\"start\"><span style=\"color:rgb(244, 78, 59);font-size:20px;font-family:arial, helvetica, sans-serif\"><strong>Huomaa:<\/strong><\/span><\/p>\n<p style=\"font-family:&quot;TT Norms Pro&quot;, &quot;Open Sans&quot;, Roboto, Arial, Helvetica, sans-serif, SimSun;font-size:14px;font-weight:400;letter-spacing:normal;line-height:inherit;text-align:start;white-space:normal;color:rgb(34, 34, 34);margin:0px;margin-bottom:0px;margin-top:0px;margin-left:0px;margin-right:0px;padding:0px;padding-bottom:0px;padding-top:0px;padding-left:0px;padding-right:0px;box-sizing:border-box\" align=\"start\"><span style=\"color:rgb(244, 78, 59);font-size:20px;font-family:arial, helvetica, sans-serif\"><u><strong>T\u00e4ll\u00e4 hetkell\u00e4 emme toimita Alaskaan, Havaijille ja Puerto Ricoon!!<\/strong><\/u><\/span><\/p>\n<p><\/p>\n<p><strong><span style=\"color:rgb(77, 77, 77);font-size:18px;font-family:arial, helvetica, sans-serif\">Korkea suorituskyky: <\/span><\/strong><span style=\"color:rgb(77, 77, 77);font-size:18px;font-family:arial, helvetica, sans-serif\">HumsiENK LiFePO4 -akussa on 100 Ah:n kapasiteetti ja 12,8 V:n vakioj\u00e4nnite. A+-luokan kennojen ansiosta sill\u00e4 on vaikuttava k\u00e4ytt\u00f6ik\u00e4 <\/span><span style=\"color:rgb(244, 78, 59);font-size:18px;font-family:arial, helvetica, sans-serif\">jopa 20 000 sykli\u00e4<\/span><span style=\"color:rgb(77, 77, 77);font-size:18px;font-family:arial, helvetica, sans-serif\">.<\/span><\/p>\n<p><\/p>\n<p><strong><span style=\"color:rgb(77, 77, 77);font-size:18px;font-family:arial, helvetica, sans-serif\">Sertifikaatit:<\/span><\/strong><span style=\"color:rgb(77, 77, 77);font-size:18px;font-family:arial, helvetica, sans-serif\"> SDS\/UN38.3\/FCC\/CE\/ROHS-sertifikaatit takaavat sen laadun ja turvallisuuden.<\/span><\/p>\n<p><\/p>\n<p><strong><span style=\"color:rgb(77, 77, 77);font-size:18px;font-family:arial, helvetica, sans-serif\">Sis\u00e4\u00e4nrakennettu BMS-suojaus:<\/span><\/strong><span style=\"color:rgb(77, 77, 77);font-size:18px;font-family:arial, helvetica, sans-serif\"> T\u00e4ss\u00e4 litiumparistossa on sis\u00e4\u00e4nrakennettu <\/span><span style=\"color:rgb(244, 78, 59);font-size:18px;font-family:arial, helvetica, sans-serif\">100A rakennusautomaatioj\u00e4rjestelm\u00e4<\/span><span style=\"color:rgb(77, 77, 77);font-size:18px;font-family:arial, helvetica, sans-serif\"> suojalevy, joka katkaisee automaattisesti, jos purkausvirta ylitt\u00e4\u00e4 300\u00b150A, mik\u00e4 parantaa turvallisuutta.<\/span><\/p>\n<p><\/p>\n<p><strong><span style=\"color:rgb(77, 77, 77);font-size:18px;font-family:arial, helvetica, sans-serif\">Kompakti muotoilu:<\/span><\/strong><span style=\"color:rgb(77, 77, 77);font-size:18px;font-family:arial, helvetica, sans-serif\"> Vain koon mittaaminen <\/span><span style=\"color:rgb(244, 78, 59);font-size:18px;font-family:arial, helvetica, sans-serif\">10,2 \u00d7 6,6 \u00d7 8,2 tuumaa (26 \u00d7 17 \u00d7 21 cm)<\/span><span style=\"color:rgb(77, 77, 77);font-size:18px;font-family:arial, helvetica, sans-serif\"> ja vain paino <\/span><span style=\"color:rgb(244, 78, 59);font-size:18px;font-family:arial, helvetica, sans-serif\">23,2 paunaa (10,5 kg)<\/span><span style=\"color:rgb(77, 77, 77);font-size:18px;font-family:arial, helvetica, sans-serif\">Akkumme maksimoi energiatiheyden s\u00e4ilytt\u00e4en samalla suorituskykyns\u00e4. Sen kompakti muotoilu s\u00e4\u00e4st\u00e4\u00e4 tilaa ja tarjoaa asennuksen joustavuutta.<\/span><\/p>\n<p><\/p>\n<p><strong><span style=\"color:rgb(77, 77, 77);font-size:18px;font-family:arial, helvetica, sans-serif\">L\u00e4mp\u00f6tilan kest\u00e4vyys: <\/span><\/strong><span style=\"color:rgb(77, 77, 77);font-size:18px;font-family:arial, helvetica, sans-serif\">Toimii sujuvasti<\/span><span style=\"color:rgb(244, 78, 59);font-size:18px;font-family:arial, helvetica, sans-serif\"> -20 \u2103:sta (-4 \u00b0F) 70 \u2103:iin (158 \u00b0F)<\/span><span style=\"color:rgb(77, 77, 77);font-size:18px;font-family:arial, helvetica, sans-serif\">Akussa on automaattinen virrankatkaisu alle -20 \u00b0C:n l\u00e4mp\u00f6tilassa lis\u00e4suojaa ja pitk\u00e4ik\u00e4isyytt\u00e4 varten.<\/span><\/p>\n<p><\/p>\n<p><strong><span style=\"color:rgb(77, 77, 77);font-size:18px;font-family:arial, helvetica, sans-serif\">Sarja- tai rinnakkaiskytkent\u00e4:<\/span><\/strong><span style=\"color:rgb(77, 77, 77);font-size:18px;font-family:arial, helvetica, sans-serif\"> Liit\u00e4 helposti jopa 4 akkua sarjaan tai rinnan, jolloin saavutetaan kokonaiskapasiteetti <\/span><span style=\"color:rgb(244, 78, 59);font-size:18px;font-family:arial, helvetica, sans-serif\">jopa 20,48 kWh<\/span><span style=\"color:rgb(77, 77, 77);font-size:18px;font-family:arial, helvetica, sans-serif\">Mukauta s\u00e4hk\u00f6ratkaisusi tarpeisiisi sopivaksi.<\/span><\/p>\n<p><\/p>\n<p><strong><span style=\"color:rgb(77, 77, 77);font-size:18px;font-family:arial, helvetica, sans-serif\">T\u00e4ydellinen istuvuus:<\/span><\/strong><span style=\"color:rgb(77, 77, 77);font-size:18px;font-family:arial, helvetica, sans-serif\"> Suunniteltu sopimaan saumattomasti <\/span><span style=\"color:rgb(244, 78, 59);font-size:18px;font-family:arial, helvetica, sans-serif\">Ryhm\u00e4-24<\/span><span style=\"color:rgb(77, 77, 77);font-size:18px;font-family:arial, helvetica, sans-serif\"> Akkukotelo, 100 Ah:n LiFePO4-akkumme poistaa tarpeen suuremmalle kotelolle, mik\u00e4 yksinkertaistaa asennusta.<\/span><\/p>\n<p><\/p>\n<p><span style=\"color:rgb(244, 78, 59);font-size:18px;font-family:arial, helvetica, sans-serif\"><strong>5 vuoden takuu ja tuki<\/strong><\/span><strong><span style=\"color:rgb(77, 77, 77);font-size:18px;font-family:arial, helvetica, sans-serif\">: <\/span><\/strong><span style=\"color:rgb(77, 77, 77);font-size:18px;font-family:arial, helvetica, sans-serif\">Tyytyv\u00e4isyytesi on meille etusijalla. Ota meihin yhteytt\u00e4, jos sinulla on kysytt\u00e4v\u00e4\u00e4 tai huolenaiheita. Tuotteillamme on 5 vuoden takuu mielenrauhasi vuoksi.<\/span><\/p>\n<p><img decoding=\"async\" src=\"https:\/\/ae01.alicdn.com\/kf\/S3631b5428a6a4b74bdff03260e7980c2V.jpg\" slate-data-type=\"image\"\/><img decoding=\"async\" src=\"https:\/\/ae01.alicdn.com\/kf\/Se276861c5c014f5db652d77b80308820I.jpg\" slate-data-type=\"image\"\/><img decoding=\"async\" src=\"https:\/\/ae01.alicdn.com\/kf\/S01b91bb9c55441488274f89c4757eea8l.jpg\" slate-data-type=\"image\"\/><img decoding=\"async\" src=\"https:\/\/ae01.alicdn.com\/kf\/S5e53b421be6545aa8a8f83a6a9aeefd7M.jpg\" slate-data-type=\"image\"\/><img decoding=\"async\" src=\"https:\/\/ae01.alicdn.com\/kf\/S6299c0ba9f854ac59d79b10dcea1f5d8F.jpg\" slate-data-type=\"image\"\/><img decoding=\"async\" src=\"https:\/\/ae01.alicdn.com\/kf\/Sb12d7c98e0db412280743b37f9d1bf68r.jpg\" slate-data-type=\"image\"\/><img decoding=\"async\" src=\"https:\/\/ae01.alicdn.com\/kf\/Sd14261cadf7d41aebb7a95eb804a2552B.jpg\" slate-data-type=\"image\"\/><img decoding=\"async\" src=\"https:\/\/ae01.alicdn.com\/kf\/Sc8c8b59b8eec4b3ab17afc21d7baabf4s.jpg\" slate-data-type=\"image\"\/><\/p>","protected":false},"excerpt":{"rendered":"<p>Hign-concerned Chemical:&nbsp;None Nominal Capacity:&nbsp;100Ah Weight:&nbsp;23.26 lbs \/ 10.55 kg Voltage:&nbsp;12.8V Size:&nbsp;260 x 168 x 209 mm \/ 10.2 x 6.6 x 8.2 inches Application:&nbsp;Home \/ Outdoor Model Number:&nbsp;12V 100Ah Type:&nbsp;LiFePO4<\/p>","protected":false},"featured_media":7606,"comment_status":"open","ping_status":"closed","template":"","meta":{"_acf_changed":false},"product_brand":[],"product_cat":[237],"product_tag":[264],"class_list":{"0":"post-7605","1":"product","2":"type-product","3":"status-publish","4":"has-post-thumbnail","6":"product_cat-100-200ah-lifepo4-batteries","7":"product_tag-humsienk","9":"first","10":"instock","11":"shipping-taxable","12":"purchasable","13":"product-type-variable"},"acf":[],"_links":{"self":[{"href":"https:\/\/electricstore.eu\/fi\/wp-json\/wp\/v2\/product\/7605","targetHints":{"allow":["GET"]}}],"collection":[{"href":"https:\/\/electricstore.eu\/fi\/wp-json\/wp\/v2\/product"}],"about":[{"href":"https:\/\/electricstore.eu\/fi\/wp-json\/wp\/v2\/types\/product"}],"replies":[{"embeddable":true,"href":"https:\/\/electricstore.eu\/fi\/wp-json\/wp\/v2\/comments?post=7605"}],"wp:featuredmedia":[{"embeddable":true,"href":"https:\/\/electricstore.eu\/fi\/wp-json\/wp\/v2\/media\/7606"}],"wp:attachment":[{"href":"https:\/\/electricstore.eu\/fi\/wp-json\/wp\/v2\/media?parent=7605"}],"wp:term":[{"taxonomy":"product_brand","embeddable":true,"href":"https:\/\/electricstore.eu\/fi\/wp-json\/wp\/v2\/product_brand?post=7605"},{"taxonomy":"product_cat","embeddable":true,"href":"https:\/\/electricstore.eu\/fi\/wp-json\/wp\/v2\/product_cat?post=7605"},{"taxonomy":"product_tag","embeddable":true,"href":"https:\/\/electricstore.eu\/fi\/wp-json\/wp\/v2\/product_tag?post=7605"}],"curies":[{"name":"wp","href":"https:\/\/api.w.org\/{rel}","templated":true}]}}