{"id":7544,"date":"2025-05-15T19:32:29","date_gmt":"2025-05-15T19:32:29","guid":{"rendered":"https:\/\/electricstore.eu\/product\/usamr-150ah-12v-lifepo4-battery\/"},"modified":"2025-05-21T05:40:16","modified_gmt":"2025-05-21T05:40:16","slug":"usamr-150ah-12v-lifepo4-battery","status":"publish","type":"product","link":"https:\/\/electricstore.eu\/fi\/p\/batteries\/lifepo4-batteries\/100-200ah-lifepo4-batteries\/usamr-150ah-12v-lifepo4-battery\/","title":{"rendered":"USAMR 150Ah 12V LiFePO4-akku"},"content":{"rendered":"<div class=\"product-specs-list-container\">\n<ul class=\"product-specs-list util-clearfix\">\n<li class=\"product-prop line-limit-length\"><span\n                                        class=\"property-title\">Nimelliskapasiteetti:&nbsp;<\/span><span\n                                        class=\"property-desc line-limit-length\">150AH<\/span>\n                            <\/li>\n<li class=\"product-prop line-limit-length\"><span\n                                        class=\"property-title\">Paino:&nbsp;<\/span><span\n                                        class=\"property-desc line-limit-length\">About 12kg<\/span>\n                            <\/li>\n<li class=\"product-prop line-limit-length\"><span\n                                        class=\"property-title\">Koko:&nbsp;<\/span><span\n                                        class=\"property-desc line-limit-length\">330x230x170mm<\/span>\n                            <\/li>\n<li class=\"product-prop line-limit-length\"><span\n                                        class=\"property-title\">Sovellus:&nbsp;<\/span><span\n                                        class=\"property-desc line-limit-length\">S\u00e4hk\u00f6auto, matkailuauto, merivene, uistelumoottori, kodin energia, aurinkoenergian varastointi, off-grid-aurinkos\u00e4hk\u00f6j\u00e4rjestelm\u00e4, muut<\/span>\n                            <\/li>\n<li class=\"product-prop line-limit-length\"><span\n                                        class=\"property-title\">Mallinumero:&nbsp;<\/span><span\n                                        class=\"property-desc line-limit-length\">12 V:n Liferpo4-akku<\/span>\n                            <\/li>\n<li class=\"product-prop line-limit-length\"><span\n                                        class=\"property-title\">Tyyppi:&nbsp;<\/span><span\n                                        class=\"property-desc line-limit-length\">LiFePO4<\/span>\n                            <\/li>\n<li class=\"product-prop line-limit-length\"><span\n                                        class=\"property-title\">Tuotemerkki:&nbsp;<\/span><span\n                                        class=\"property-desc line-limit-length\">Likctt<\/span>\n                            <\/li>\n<li class=\"product-prop line-limit-length\"><span\n                                        class=\"property-title\">Alkuper\u00e4:&nbsp;<\/span><span\n                                        class=\"property-desc line-limit-length\">Manner-Kiina<\/span>\n                            <\/li>\n<\/ul><\/div>\n<div class=\"detailmodule_html\">\n<div class=\"detail-desc-decorate-richtext\">\n<p class=\"word-break white-space mt-10\" style=\"color:rgb(255, 0, 0);font-size:20px;font-weight:bold;\">Kuljetus Euroopan unionissa, Isossa-Britanniassa, Yhdysvalloissa, Kanadassa ja Aasian maissa VEROTON.<\/p>\n<p><img fetchpriority=\"high\" decoding=\"async\" height=\"1200\" referrerpolicy=\"no-referrer\" src=\"https:\/\/ae01.alicdn.com\/kf\/S35dcd2739699439a88556f721058ed87D.jpg?width=1200&amp;height=1200&amp;hash=2400\" style=\"width: 100%; height: auto; vertical-align: middle;\" width=\"1200\"><\/p>\n<p class=\"word-break white-space mt-10\" style=\"color:#ff0000;font-size:20px;font-weight:bold;\">EU:n varasto (Puolan varasto) on saapunut. Yst\u00e4v\u00e4t, jotka sit\u00e4 tarvitsevat, voivat tehd\u00e4 tilauksen nyt. Tee ensin tilaus ja j\u00e4rjest\u00e4 toimitus. Voit vastaanottaa tavarat 3\u20137 p\u00e4iv\u00e4n kuluessa l\u00e4hetyksest\u00e4.<\/p>\n<p class=\"word-break white-space mt-10\" style=\"text-align:left;color:#434649;font-size:13px;font-weight:normal;\">Akun tyyppi:<br \/>\nBattery capacity:150ah<br \/>\nBattery size:330*230*170mm (+\/-10mm)<br \/>\nWeight:12kg(+\/-0.5kg)<br \/>\nBuilt-in: 3.2V LiFePO4 Battery<br \/>\nNominal voltage: 12.8V<br \/>\nMaximum charging current:50A<br \/>\nInstantaneous discharge current: 200A<br \/>\nContinuous discharge current:100A<br \/>\nLife: 6000 Cycles or more<br \/>\nCharging temperature: 0~45\u00b0C<br \/>\nDischarge temperature:-20~60\u00b0C<br \/>\nStorage temperature:-20~65 \u00b0C<br \/>\nOperating voltage range:8.0V-14.6V<br \/>\nOverload protection voltage: 14.6V\u00b10.05V<br \/>\nProtection voltage against overlo:8.0V\u00b10.05V<br \/>\nProtect battery temperature:60\u00b0C plusmn 5\u00b0C<br \/>\nOutput and parameters: high current positive \/ negative connection column (red positive, black negative)<\/p>\n<p><img decoding=\"async\" height=\"1000\" referrerpolicy=\"no-referrer\" src=\"https:\/\/ae01.alicdn.com\/kf\/S8bcff6c1d553445badafa9b8f7186a08N.jpg\" style=\"width: 100%; height: auto; vertical-align: middle;\" width=\"1000\"><img decoding=\"async\" height=\"1000\" referrerpolicy=\"no-referrer\" src=\"https:\/\/ae01.alicdn.com\/kf\/S82b27f18f1c141ffba330fc0e4484fb3Q.jpg?width=1000&amp;height=1000&amp;hash=2000\" style=\"width: 100%; height: auto; vertical-align: middle;\" width=\"1000\"><img loading=\"lazy\" decoding=\"async\" height=\"1000\" referrerpolicy=\"no-referrer\" src=\"https:\/\/ae01.alicdn.com\/kf\/Sf70946ecb6e3472ab0d4d5b24f333c40h.jpg?width=1000&amp;height=1000&amp;hash=2000\" style=\"width: 100%; height: auto; vertical-align: middle;\" width=\"1000\"><\/p>\n<p class=\"word-break white-space mt-10\" style=\"text-align:left;color:#434649;font-size:13px;font-weight:normal;\">Akun tyyppi:<br \/>\nBattery capacity:120ah<br \/>\nBattery size:330*230*170mm (+\/-10mm)<br \/>\nWeight:10.5kg(+\/-0.5kg)<br \/>\nBuilt-in: 3.2V LiFePO4 Battery<br \/>\nNominal voltage: 12.8V<br \/>\nMaximum charging current:50A<br \/>\nInstantaneous discharge current: 200A<br \/>\nContinuous discharge current:100A<br \/>\nLife: 6000 Cycles or more<br \/>\nCharging temperature: 0~45\u00b0C<br \/>\nDischarge temperature:-20~60\u00b0C<br \/>\nStorage temperature:-20~65 \u00b0C<br \/>\nOperating voltage range:8.0V-14.6V<br \/>\nOverload protection voltage: 14.6V\u00b10.05V<br \/>\nProtection voltage against overlo:8.0V\u00b10.05V<br \/>\nProtect battery temperature:60\u00b0C plusmn 5\u00b0C<br \/>\nOutput and parameters: high current positive \/ negative connection column (red positive, black negative)<\/p>\n<p><img loading=\"lazy\" decoding=\"async\" height=\"1000\" referrerpolicy=\"no-referrer\" src=\"https:\/\/ae01.alicdn.com\/kf\/S58e1749255c54da89732b0ff480bdc293.jpg?width=1000&amp;height=1000&amp;hash=2000\" style=\"width: 100%; height: auto; vertical-align: middle;\" width=\"1000\"><img loading=\"lazy\" decoding=\"async\" height=\"1000\" referrerpolicy=\"no-referrer\" src=\"https:\/\/ae01.alicdn.com\/kf\/S549ef97bb27e4969a47f7f1136bb182bO.jpg?width=1000&amp;height=1000&amp;hash=2000\" style=\"width: 100%; height: auto; vertical-align: middle;\" width=\"1000\"><img loading=\"lazy\" decoding=\"async\" height=\"1000\" referrerpolicy=\"no-referrer\" src=\"https:\/\/ae01.alicdn.com\/kf\/S8b93755b9ee24a889d7648bbba4d5c23C.jpg?width=1000&amp;height=1000&amp;hash=2000\" style=\"width: 100%; height: auto; vertical-align: middle;\" width=\"1000\"><\/p>\n<p class=\"word-break white-space mt-10\" style=\"text-align:left;color:#434649;font-size:13px;font-weight:normal;\">Akun tyyppi:<br \/>\nBattery capacity:100ah<br \/>\nBattery size:310*172*193mm (+\/-10mm)<br \/>\nWeight:9.5kg(+\/-0.5kg)<br \/>\nBuilt-in: 3.2V LiFePO4 Battery<br \/>\nNominal voltage: 12.8V<br \/>\nMaximum charging current:50A<br \/>\nInstantaneous discharge current: 200A<br \/>\nContinuous discharge current:100A<br \/>\nLife: 6000 Cycles or more<br \/>\nCharging temperature: 0~45\u00b0C<br \/>\nDischarge temperature:-20~60\u00b0C<br \/>\nStorage temperature:-20~65 \u00b0C<br \/>\nOperating voltage range:8.0V-14.6V<br \/>\nOverload protection voltage: 14.6V\u00b10.05V<br \/>\nProtection voltage against overlo:8.0V\u00b10.05V<br \/>\nProtect battery temperature:60\u00b0C plusmn 5\u00b0C<br \/>\nOutput and parameters: high current positive \/ negative connection column (red positive, black negative)<\/p>\n<p><img loading=\"lazy\" decoding=\"async\" height=\"1000\" referrerpolicy=\"no-referrer\" src=\"https:\/\/ae01.alicdn.com\/kf\/S7ab31d5bcc21462190a3dbf7b8dde4a0c.jpg\" style=\"width: 100%; height: auto; vertical-align: middle;\" width=\"1000\"><img loading=\"lazy\" decoding=\"async\" height=\"1000\" referrerpolicy=\"no-referrer\" src=\"https:\/\/ae01.alicdn.com\/kf\/S59b8b8b3d37743c1aefe5710fc421d4dG.jpg\" style=\"width: 100%; height: auto; vertical-align: middle;\" width=\"1000\"><img loading=\"lazy\" decoding=\"async\" height=\"1000\" referrerpolicy=\"no-referrer\" src=\"https:\/\/ae01.alicdn.com\/kf\/Se4f0309c932a4b0b8c55f27669797293m.jpg\" style=\"width: 100%; height: auto; vertical-align: middle;\" width=\"1000\"><\/p>\n<p class=\"word-break white-space mt-10\" style=\"text-align:left;color:#434649;font-size:13px;font-weight:normal;\">Akun tyyppi:<br \/>\nBattery capacity:100ah<br \/>\nBattery size:230*230*180mm (+\/-10mm)<br \/>\nWeight:10.8kg(+\/-0.5kg)<br \/>\nBuilt-in: 3.2V LiFePO4 Battery<br \/>\nNominal voltage: 12.8V<br \/>\nMaximum charging current:50A<br \/>\nInstantaneous discharge current: 200A<br \/>\nContinuous discharge current:100A<br \/>\nLife: 6000 Cycles or more<br \/>\nCase Material: Matel<br \/>\nCharging temperature: 0~45\u00b0C<br \/>\nDischarge temperature:-20~60\u00b0C<br \/>\nStorage temperature:-20~65 \u00b0C<br \/>\nOperating voltage range:8.0V-14.6V<br \/>\nOverload protection voltage: 14.6V\u00b10.05V<br \/>\nProtection voltage against overlo:8.0V\u00b10.05V<br \/>\nProtect battery temperature:60\u00b0C plusmn 5\u00b0C<br \/>\nOutput and parameters: high current positive \/ negative connection column (red positive, black negative)<\/p>\n<p><img loading=\"lazy\" decoding=\"async\" height=\"1000\" referrerpolicy=\"no-referrer\" src=\"https:\/\/ae01.alicdn.com\/kf\/Sb5c8989b88024f3ab8bb5925541be49d0.jpg?width=1000&#038;height=1000&#038;hash=2000\" style=\"width: 100%; height: auto; vertical-align: middle;\" width=\"1000\"><img loading=\"lazy\" decoding=\"async\" height=\"1000\" referrerpolicy=\"no-referrer\" src=\"https:\/\/ae01.alicdn.com\/kf\/S3b297dfe2df946db90b12474d69d5a4cb.jpg?width=1000&#038;height=1000&#038;hash=2000\" style=\"width: 100%; height: auto; vertical-align: middle;\" width=\"1000\"><img loading=\"lazy\" decoding=\"async\" height=\"1000\" referrerpolicy=\"no-referrer\" src=\"https:\/\/ae01.alicdn.com\/kf\/S1e25678d179944c5872e7d160ebab46c3.jpg?width=1000&#038;height=1000&#038;hash=2000\" style=\"width: 100%; height: auto; vertical-align: middle;\" width=\"1000\"><\/p>\n<p class=\"word-break white-space mt-10\" style=\"text-align:left;color:#434649;font-size:13px;font-weight:normal;\">Akun tyyppi:<br \/>\nBattery capacity:50ah<br \/>\nBattery size:230*230*180mm (+\/-10mm)<br \/>\nWeight:7.3kg(+\/-0.5kg)<br \/>\nBuilt-in: 3.2V LiFePO4 Battery<br \/>\nNominal voltage: 12.8V<br \/>\nMaximum charging current:50A<br \/>\nInstantaneous discharge current: 200A<br \/>\nContinuous discharge current:100A<br \/>\nLife: 5000 Cycles or more<br \/>\nCase Material: Matel<br \/>\nCharging temperature: 0~45\u00b0C<br \/>\nDischarge temperature:-20~60\u00b0C<br \/>\nStorage temperature:-20~65 \u00b0C<br \/>\nOperating voltage range:8.0V-14.6V<br \/>\nOverload protection voltage: 14.6V\u00b10.05V<br \/>\nProtection voltage against overlo:8.0V\u00b10.05V<br \/>\nProtect battery temperature:60\u00b0C plusmn 5\u00b0C<br \/>\nOutput and parameters: high current positive \/ negative connection column (red positive, black negative)<\/p>\n<p><img loading=\"lazy\" decoding=\"async\" height=\"1000\" referrerpolicy=\"no-referrer\" src=\"https:\/\/ae01.alicdn.com\/kf\/Sa8de42b6efd043fbbeefa518f3b9ee21S.jpg?width=1000&#038;height=1000&#038;hash=2000\" style=\"width: 100%; height: auto; vertical-align: middle;\" width=\"1000\"><img loading=\"lazy\" decoding=\"async\" height=\"1000\" referrerpolicy=\"no-referrer\" src=\"https:\/\/ae01.alicdn.com\/kf\/S3f2239c1872b4d93a0bc0cefd7defbccF.jpg?width=1000&#038;height=1000&#038;hash=2000\" style=\"width: 100%; height: auto; vertical-align: middle;\" width=\"1000\"><img loading=\"lazy\" decoding=\"async\" height=\"1000\" referrerpolicy=\"no-referrer\" src=\"https:\/\/ae01.alicdn.com\/kf\/Sb950945b25a6469cafda2a1c53f8af15D.jpg?width=1000&#038;height=1000&#038;hash=2000\" style=\"width: 100%; height: auto; vertical-align: middle;\" width=\"1000\"><\/p>\n<p class=\"word-break white-space mt-10\" style=\"text-align:left;color:#434649;font-size:13px;font-weight:normal;\">S\u00e4hk\u00f6k\u00e4ytt\u00f6<br \/>\n\u25cf K\u00e4ynnist\u00e4 akun moottori<br \/>\n\u25cf Kaupalliset linja-autot ja linja-autot:<br \/>\nS\u00e4hk\u00f6autot, s\u00e4hk\u00f6bussit, golfk\u00e4rryt\/s\u00e4hk\u00f6polkupy\u00f6r\u00e4t, skootterit, asuntovaunut, vihiajoneuvot, merijalkav\u00e4en ajoneuvot, linja-autot, asuntovaunut, py\u00f6r\u00e4tuolit<br \/>\nS\u00e4hk\u00f6iset kuorma-autot, elektroniset lakaisimet, lattianpuhdistimet, elektroniset rollaattorit jne.<br \/>\n\u25cf \u00c4lyk\u00e4s robotti<br \/>\n\u25cf S\u00e4hk\u00f6ty\u00f6kalut: s\u00e4hk\u00f6porat, lelut<br \/>\nEnergian varastointi<br \/>\n\u25cf Aurinkotuulivoimaj\u00e4rjestelm\u00e4<br \/>\n\u25cf Kaupungin ruudukko (p\u00e4\u00e4ll\u00e4\/pois)<br \/>\nVaraj\u00e4rjestelm\u00e4 ja UPS<br \/>\n\u25cf Televiestint\u00e4keskus, kaapelitelevisioj\u00e4rjestelm\u00e4, tietokonepalvelinkeskus, l\u00e4\u00e4ketieteelliset laitteet, sotilasv\u00e4lineet<br \/>\n\u25cf Turvallisuus ja elektroniikka, mobiilimyyntipiste, kaivosvalaistus \/ taskulamppu \/ LED-valot \/ h\u00e4t\u00e4valot<br \/>\nTuotteen edut:<br \/>\nHelppo kuljettaa, suuri kapasiteetti, korkea irrotusalusta, pitk\u00e4t ty\u00f6ajat, pitk\u00e4 k\u00e4ytt\u00f6ik\u00e4, turvallisuus ja ymp\u00e4rist\u00f6nsuojelu<\/p>\n<p><img loading=\"lazy\" decoding=\"async\" height=\"1000\" referrerpolicy=\"no-referrer\" src=\"https:\/\/ae01.alicdn.com\/kf\/S27b23c2fe70a4c37899b54c92940cb610.jpg\" style=\"width: 100%; height: auto; vertical-align: middle;\" width=\"1000\"><\/div>\n<\/div>","protected":false},"excerpt":{"rendered":"<p>Nominal Capacity:&nbsp;150AH Weight:&nbsp;About 12kg Size:&nbsp;330x230x170mm Application:&nbsp;EV,RV,Marine Boat,Trolling Motor,Home Energy,Solar Power Storage,Off-Grid Solar Power System,Others Model Number:&nbsp;12V Liferpo4 Battery Type:&nbsp;LiFePO4 Brand Name:&nbsp;Likctt Origin:&nbsp;Mainland China Transportation in the European Union, United Kingdom,the<\/p>","protected":false},"featured_media":7545,"comment_status":"open","ping_status":"closed","template":"","meta":{"_acf_changed":false},"product_brand":[],"product_cat":[237],"product_tag":[243],"class_list":{"0":"post-7544","1":"product","2":"type-product","3":"status-publish","4":"has-post-thumbnail","6":"product_cat-100-200ah-lifepo4-batteries","7":"product_tag-usamr","9":"first","10":"instock","11":"shipping-taxable","12":"purchasable","13":"product-type-variable"},"acf":[],"_links":{"self":[{"href":"https:\/\/electricstore.eu\/fi\/wp-json\/wp\/v2\/product\/7544","targetHints":{"allow":["GET"]}}],"collection":[{"href":"https:\/\/electricstore.eu\/fi\/wp-json\/wp\/v2\/product"}],"about":[{"href":"https:\/\/electricstore.eu\/fi\/wp-json\/wp\/v2\/types\/product"}],"replies":[{"embeddable":true,"href":"https:\/\/electricstore.eu\/fi\/wp-json\/wp\/v2\/comments?post=7544"}],"wp:featuredmedia":[{"embeddable":true,"href":"https:\/\/electricstore.eu\/fi\/wp-json\/wp\/v2\/media\/7545"}],"wp:attachment":[{"href":"https:\/\/electricstore.eu\/fi\/wp-json\/wp\/v2\/media?parent=7544"}],"wp:term":[{"taxonomy":"product_brand","embeddable":true,"href":"https:\/\/electricstore.eu\/fi\/wp-json\/wp\/v2\/product_brand?post=7544"},{"taxonomy":"product_cat","embeddable":true,"href":"https:\/\/electricstore.eu\/fi\/wp-json\/wp\/v2\/product_cat?post=7544"},{"taxonomy":"product_tag","embeddable":true,"href":"https:\/\/electricstore.eu\/fi\/wp-json\/wp\/v2\/product_tag?post=7544"}],"curies":[{"name":"wp","href":"https:\/\/api.w.org\/{rel}","templated":true}]}}