{"id":7536,"date":"2025-05-15T19:32:23","date_gmt":"2025-05-15T19:32:23","guid":{"rendered":"https:\/\/electricstore.eu\/product\/usamr-250ah-24v-lifepo4-battery\/"},"modified":"2025-05-20T13:42:18","modified_gmt":"2025-05-20T13:42:18","slug":"usamr-250ah-24v-lifepo4-battery","status":"publish","type":"product","link":"https:\/\/electricstore.eu\/fi\/p\/batteries\/lifepo4-batteries\/200ah-lifepo4-batteries\/usamr-250ah-24v-lifepo4-battery\/","title":{"rendered":"USAMR 250Ah 24V LiFePO4-akku"},"content":{"rendered":"<div class=\"product-specs-list-container\">\n<ul class=\"product-specs-list util-clearfix\">\n<li class=\"product-prop line-limit-length\"><span\n                                        class=\"property-title\">Nimelliskapasiteetti:&nbsp;<\/span><span\n                                        class=\"property-desc line-limit-length\">250AH<\/span>\n                            <\/li>\n<li class=\"product-prop line-limit-length\"><span\n                                        class=\"property-title\">Paino:&nbsp;<\/span><span\n                                        class=\"property-desc line-limit-length\">About 39.3kg<\/span>\n                            <\/li>\n<li class=\"product-prop line-limit-length\"><span\n                                        class=\"property-title\">J\u00e4nnite:&nbsp;<\/span><span\n                                        class=\"property-desc line-limit-length\">25.2V<\/span>\n                            <\/li>\n<li class=\"product-prop line-limit-length\"><span\n                                        class=\"property-title\">Koko:&nbsp;<\/span><span\n                                        class=\"property-desc line-limit-length\">430x240x270mm<\/span>\n                            <\/li>\n<li class=\"product-prop line-limit-length\"><span\n                                        class=\"property-title\">Mallinumero:&nbsp;<\/span><span\n                                        class=\"property-desc line-limit-length\">24V Liferpo4 Battery<\/span>\n                            <\/li>\n<li class=\"product-prop line-limit-length\"><span\n                                        class=\"property-title\">Tyyppi:&nbsp;<\/span><span\n                                        class=\"property-desc line-limit-length\">LiFePO4<\/span>\n                            <\/li>\n<li class=\"product-prop line-limit-length\"><span\n                                        class=\"property-title\">Tuotemerkki:&nbsp;<\/span><span\n                                        class=\"property-desc line-limit-length\">Likctt<\/span>\n                            <\/li>\n<li class=\"product-prop line-limit-length\"><span\n                                        class=\"property-title\">Alkuper\u00e4:&nbsp;<\/span><span\n                                        class=\"property-desc line-limit-length\">Manner-Kiina<\/span>\n                            <\/li>\n<\/ul><\/div>\n<div class=\"detailmodule_html\">\n<div class=\"detail-desc-decorate-richtext\">\n<p style=\"text-align:left;color:#ff0000;font-size:20px;font-weight:bold;\">Kuljetus Euroopan unionissa, Isossa-Britanniassa, Yhdysvalloissa, Kanadassa ja Aasian maissa VEROTON.<\/p>\n<p style=\"text-align:left;color:#434649;font-size:13px;\">EU:n varasto (Puolan varasto) on saapunut. Yst\u00e4v\u00e4t, jotka sit\u00e4 tarvitsevat, voivat tehd\u00e4 tilauksen nyt. Tee ensin tilaus ja j\u00e4rjest\u00e4 toimitus. Voit vastaanottaa tavarat 3\u20137 p\u00e4iv\u00e4n kuluessa l\u00e4hetyksest\u00e4.<br \/>\nAkun tyyppi:<br \/>\nBattery capacity:250ah<br \/>\nBattery size:430x240x270mm (+\/-10mm)<br \/>\nWeight:39.3kg(+\/-0.5kg)<br \/>\nBuilt-in: 3.2V LiFePO4 Battery<br \/>\nNominal voltage: 29.2V<br \/>\nMaximum charging current:50A<br \/>\nInstantaneous discharge current: 200A<br \/>\nContinuous discharge current:100A<br \/>\nLife: 6000 Cycles or more<br \/>\nCase Material: Matel<br \/>\nCharging temperature: 0~45\u00b0C<br \/>\nDischarge temperature:-20~60\u00b0C<br \/>\nStorage temperature:-20~65 \u00b0C<br \/>\nOperating voltage range:20V-29.2V<br \/>\nOverload protection voltage: 29.2V\u00b10.05V<br \/>\nProtection voltage against overlo:20V\u00b10.05V<br \/>\nProtect battery temperature:60\u00b0C plusmn 5\u00b0C<br \/>\nOutput and parameters: high current positive \/ negative connection column (red positive, black negative)<\/p>\n<p><img fetchpriority=\"high\" decoding=\"async\" height=\"1000\" referrerpolicy=\"no-referrer\" src=\"https:\/\/ae01.alicdn.com\/kf\/S69fb262c319949cfbdf83dce7e0051efe.jpg\" style=\"width: 100%; height: auto; vertical-align: middle;\" width=\"1000\"><img decoding=\"async\" height=\"1000\" referrerpolicy=\"no-referrer\" src=\"https:\/\/ae01.alicdn.com\/kf\/S3f5e34b7115849acb0f30af9dd95ee0c2.jpg\" style=\"width: 100%; height: auto; vertical-align: middle;\" width=\"1000\"><img decoding=\"async\" height=\"1000\" referrerpolicy=\"no-referrer\" src=\"https:\/\/ae01.alicdn.com\/kf\/Se6b46ca3c4ce470682eea734d60bf214U.jpg\" style=\"width: 100%; height: auto; vertical-align: middle;\" width=\"1000\"><img loading=\"lazy\" decoding=\"async\" height=\"1000\" referrerpolicy=\"no-referrer\" src=\"https:\/\/ae01.alicdn.com\/kf\/S8c8bbe31efc844a9b1cc0dbbe4782060m.jpg?width=1000&#038;height=1000&#038;hash=2000\" style=\"width: 100%; height: auto; vertical-align: middle;\" width=\"1000\"><img loading=\"lazy\" decoding=\"async\" height=\"1000\" referrerpolicy=\"no-referrer\" src=\"https:\/\/ae01.alicdn.com\/kf\/Sb220f10ac11d4696a34434bf17419df6m.jpg?width=1000&#038;height=1000&#038;hash=2000\" style=\"width: 100%; height: auto; vertical-align: middle;\" width=\"1000\"><img loading=\"lazy\" decoding=\"async\" height=\"1000\" referrerpolicy=\"no-referrer\" src=\"https:\/\/ae01.alicdn.com\/kf\/S0fd270850ea548fd9229306f30952edbZ.jpg?width=1000&#038;height=1000&#038;hash=2000\" style=\"width: 100%; height: auto; vertical-align: middle;\" width=\"1000\"><img loading=\"lazy\" decoding=\"async\" height=\"1000\" referrerpolicy=\"no-referrer\" src=\"https:\/\/ae01.alicdn.com\/kf\/Seeb4356d076a448aa8f92d21529c3a20y.jpg?width=1000&#038;height=1000&#038;hash=2000\" style=\"width: 100%; height: auto; vertical-align: middle;\" width=\"1000\"><img loading=\"lazy\" decoding=\"async\" height=\"1000\" referrerpolicy=\"no-referrer\" src=\"https:\/\/ae01.alicdn.com\/kf\/S065aefac03a543d39784ac68533fb6f0c.jpg?width=1000&#038;height=1000&#038;hash=2000\" style=\"width: 100%; height: auto; vertical-align: middle;\" width=\"1000\"><img loading=\"lazy\" decoding=\"async\" height=\"1000\" referrerpolicy=\"no-referrer\" src=\"https:\/\/ae01.alicdn.com\/kf\/S2509fa83fdfa4a06b02a22ee866d77c9f.jpg?width=1000&#038;height=1000&#038;hash=2000\" style=\"width: 100%; height: auto; vertical-align: middle;\" width=\"1000\"><\/p>\n<p style=\"text-align:left;color:#434649;font-size:13px;\">S\u00e4hk\u00f6k\u00e4ytt\u00f6<\/p>\n<p style=\"text-align:left;color:#434649;font-size:13px;\">\u25cf K\u00e4ynnist\u00e4 akun moottori<\/p>\n<p style=\"text-align:left;color:#434649;font-size:13px;\">\u25cf Kaupalliset linja-autot ja linja-autot:<\/p>\n<p style=\"text-align:left;color:#434649;font-size:13px;\">S\u00e4hk\u00f6autot, s\u00e4hk\u00f6bussit, golfk\u00e4rryt\/s\u00e4hk\u00f6polkupy\u00f6r\u00e4t, skootterit, asuntovaunut, vihiajoneuvot, merijalkav\u00e4en ajoneuvot, linja-autot, asuntovaunut, py\u00f6r\u00e4tuolit<\/p>\n<p style=\"text-align:left;color:#434649;font-size:13px;\">S\u00e4hk\u00f6iset kuorma-autot, elektroniset lakaisimet, lattianpuhdistimet, elektroniset rollaattorit jne.<\/p>\n<p style=\"text-align:left;color:#434649;font-size:13px;\">\u25cf \u00c4lyk\u00e4s robotti<\/p>\n<p style=\"text-align:left;color:#434649;font-size:13px;\">\u25cf S\u00e4hk\u00f6ty\u00f6kalut: s\u00e4hk\u00f6porat, lelut<\/p>\n<p style=\"text-align:left;color:#434649;font-size:13px;\">Energian varastointi<\/p>\n<p style=\"text-align:left;color:#434649;font-size:13px;\">\u25cf Aurinkotuulivoimaj\u00e4rjestelm\u00e4<\/p>\n<p style=\"text-align:left;color:#434649;font-size:13px;\">\u25cf Kaupungin ruudukko (p\u00e4\u00e4ll\u00e4\/pois)<\/p>\n<p style=\"text-align:left;color:#434649;font-size:13px;\">Varaj\u00e4rjestelm\u00e4 ja UPS<\/p>\n<p style=\"text-align:left;color:#434649;font-size:13px;\">\u25cf Televiestint\u00e4keskus, kaapelitelevisioj\u00e4rjestelm\u00e4, tietokonepalvelinkeskus, l\u00e4\u00e4ketieteelliset laitteet, sotilasv\u00e4lineet<\/p>\n<p style=\"text-align:left;color:#434649;font-size:13px;\">other apps<\/p>\n<p style=\"text-align:left;color:#434649;font-size:13px;\">\u25cf Turvallisuus ja elektroniikka, mobiilimyyntipiste, kaivosvalaistus \/ taskulamppu \/ LED-valot \/ h\u00e4t\u00e4valot<\/p>\n<p style=\"text-align:left;color:#434649;font-size:13px;\">Tuotteen edut:<\/p>\n<p style=\"text-align:left;color:#434649;font-size:13px;\">Helppo kuljettaa, suuri kapasiteetti, korkea irrotusalusta, pitk\u00e4t ty\u00f6ajat, pitk\u00e4 k\u00e4ytt\u00f6ik\u00e4, turvallisuus ja ymp\u00e4rist\u00f6nsuojelu<\/p>\n<p><img loading=\"lazy\" decoding=\"async\" height=\"1000\" referrerpolicy=\"no-referrer\" src=\"https:\/\/ae01.alicdn.com\/kf\/S27b23c2fe70a4c37899b54c92940cb610.jpg\" style=\"width: 100%; height: auto; vertical-align: middle;\" width=\"1000\"><\/div>\n<\/div>","protected":false},"excerpt":{"rendered":"<p>Nominal Capacity:&nbsp;250AH Weight:&nbsp;About 39.3kg Voltage:&nbsp;25.2V Size:&nbsp;430x240x270mm Model Number:&nbsp;24V Liferpo4 Battery Type:&nbsp;LiFePO4 Brand Name:&nbsp;Likctt Origin:&nbsp;Mainland China Transportation in the European Union, United Kingdom,the United States, Canada, and Asian TAX FREE. The<\/p>","protected":false},"featured_media":7537,"comment_status":"open","ping_status":"closed","template":"","meta":{"_acf_changed":false},"product_brand":[],"product_cat":[238],"product_tag":[243],"class_list":{"0":"post-7536","1":"product","2":"type-product","3":"status-publish","4":"has-post-thumbnail","6":"product_cat-200ah-lifepo4-batteries","7":"product_tag-usamr","9":"first","10":"instock","11":"shipping-taxable","12":"purchasable","13":"product-type-simple"},"acf":[],"_links":{"self":[{"href":"https:\/\/electricstore.eu\/fi\/wp-json\/wp\/v2\/product\/7536","targetHints":{"allow":["GET"]}}],"collection":[{"href":"https:\/\/electricstore.eu\/fi\/wp-json\/wp\/v2\/product"}],"about":[{"href":"https:\/\/electricstore.eu\/fi\/wp-json\/wp\/v2\/types\/product"}],"replies":[{"embeddable":true,"href":"https:\/\/electricstore.eu\/fi\/wp-json\/wp\/v2\/comments?post=7536"}],"wp:featuredmedia":[{"embeddable":true,"href":"https:\/\/electricstore.eu\/fi\/wp-json\/wp\/v2\/media\/7537"}],"wp:attachment":[{"href":"https:\/\/electricstore.eu\/fi\/wp-json\/wp\/v2\/media?parent=7536"}],"wp:term":[{"taxonomy":"product_brand","embeddable":true,"href":"https:\/\/electricstore.eu\/fi\/wp-json\/wp\/v2\/product_brand?post=7536"},{"taxonomy":"product_cat","embeddable":true,"href":"https:\/\/electricstore.eu\/fi\/wp-json\/wp\/v2\/product_cat?post=7536"},{"taxonomy":"product_tag","embeddable":true,"href":"https:\/\/electricstore.eu\/fi\/wp-json\/wp\/v2\/product_tag?post=7536"}],"curies":[{"name":"wp","href":"https:\/\/api.w.org\/{rel}","templated":true}]}}