{"id":25939,"date":"2025-05-20T19:04:38","date_gmt":"2025-05-20T19:04:38","guid":{"rendered":"https:\/\/electricstore.eu\/p\/uncategorized\/kukirin-g2-max-adult-electric-scooter-48v20-8ah-battery-peak-1200w-motor-55km-h-speed-80km-max-range-10tires-foldable-e-scooter\/"},"modified":"2025-05-20T19:08:05","modified_gmt":"2025-05-20T19:08:05","slug":"kukirin-g2-max-adult-electric-scooter-48v20-8ah-battery-peak-1200w-motor-55km-h-speed-80km-max-range-10tires-foldable-e-scooter","status":"publish","type":"product","link":"https:\/\/electricstore.eu\/fi\/p\/scooters\/kukirin-g2-max-adult-electric-scooter-48v20-8ah-battery-peak-1200w-motor-55km-h-speed-80km-max-range-10tires-foldable-e-scooter\/","title":{"rendered":"KuKirin G2 MAX aikuisille tarkoitettu s\u00e4hk\u00f6potkulauta 48V20.8Ah akku, huipputeho 1200W moottori, 55KM\/H nopeus, 80KM maksimikantama, 10 tuuman renkaat, kokoontaitettava s\u00e4hk\u00f6potkulauta"},"content":{"rendered":"<div class=\"product-specs-list-container\">\n<ul class=\"product-specs-list util-clearfix\">\n<li class=\"product-prop line-limit-length\"><span\n                                        class=\"property-title\">Renkaan koko:&nbsp;<\/span><span\n                                        class=\"property-desc line-limit-length\">10 tuumaa<\/span>\n                            <\/li>\n<li class=\"product-prop line-limit-length\"><span\n                                        class=\"property-title\">Mallinumero:&nbsp;<\/span><span\n                                        class=\"property-desc line-limit-length\">KuKirin G2 MAX<\/span>\n                            <\/li>\n<li class=\"product-prop line-limit-length\"><span\n                                        class=\"property-title\">Luokka:&nbsp;<\/span><span\n                                        class=\"property-desc line-limit-length\">Kaksipy\u00f6r\u00e4inen skootteri<\/span>\n                            <\/li>\n<li class=\"product-prop line-limit-length\"><span\n                                        class=\"property-title\">Sovellettavat henkil\u00f6t:&nbsp;<\/span><span\n                                        class=\"property-desc line-limit-length\">Unisex<\/span>\n                            <\/li>\n<li class=\"product-prop line-limit-length\"><span\n                                        class=\"property-title\">Kantama per lataus:&nbsp;<\/span><span\n                                        class=\"property-desc line-limit-length\">60\u201380 km<\/span>\n                            <\/li>\n<li class=\"product-prop line-limit-length\"><span\n                                        class=\"property-title\">Latausaika:&nbsp;<\/span><span\n                                        class=\"property-desc line-limit-length\">6\u20138 tuntia<\/span>\n                            <\/li>\n<li class=\"product-prop line-limit-length\"><span\n                                        class=\"property-title\">J\u00e4nnite:&nbsp;<\/span><span\n                                        class=\"property-desc line-limit-length\">48v<\/span>\n                            <\/li>\n<li class=\"product-prop line-limit-length\"><span\n                                        class=\"property-title\">Teho:&nbsp;<\/span><span\n                                        class=\"property-desc line-limit-length\">1001\u20132000 W<\/span>\n                            <\/li>\n<li class=\"product-prop line-limit-length\"><span\n                                        class=\"property-title\">Taitettu:&nbsp;<\/span><span\n                                        class=\"property-desc line-limit-length\">KYLL\u00c4<\/span>\n                            <\/li>\n<li class=\"product-prop line-limit-length\"><span\n                                        class=\"property-title\">Alkuper\u00e4:&nbsp;<\/span><span\n                                        class=\"property-desc line-limit-length\">Manner-Kiina<\/span>\n                            <\/li>\n<li class=\"product-prop line-limit-length\"><span\n                                        class=\"property-title\">Suurin moottori:&nbsp;<\/span><span\n                                        class=\"property-desc line-limit-length\">1200 W<\/span>\n                            <\/li>\n<li class=\"product-prop line-limit-length\"><span\n                                        class=\"property-title\">suurin kantama:&nbsp;<\/span><span\n                                        class=\"property-desc line-limit-length\">70 kilometri\u00e4<\/span>\n                            <\/li>\n<li class=\"product-prop line-limit-length\"><span\n                                        class=\"property-title\">maksiminopeus:&nbsp;<\/span><span\n                                        class=\"property-desc line-limit-length\">60 km\/h<\/span>\n                            <\/li>\n<li class=\"product-prop line-limit-length\"><span\n                                        class=\"property-title\">Maksimikuormitus:&nbsp;<\/span><span\n                                        class=\"property-desc line-limit-length\">120 kg<\/span>\n                            <\/li>\n<li class=\"product-prop line-limit-length\"><span\n                                        class=\"property-title\">1., 2., 3. (tyhj\u00e4k\u00e4ynti):&nbsp;<\/span><span\n                                        class=\"property-desc line-limit-length\">15 km\/h, 40 km\/h, 60 km\/h<\/span>\n                            <\/li>\n<li class=\"product-prop line-limit-length\"><span\n                                        class=\"property-title\">Kiipeilykyky:&nbsp;<\/span><span\n                                        class=\"property-desc line-limit-length\">\u2264222\u00b0 kaltevuus<\/span>\n                            <\/li>\n<li class=\"product-prop line-limit-length\"><span\n                                        class=\"property-title\">Jarruj\u00e4rjestelm\u00e4:&nbsp;<\/span><span\n                                        class=\"property-desc line-limit-length\">Etu- ja takalevyjarrut ja s\u00e4hk\u00f6jarrut<\/span>\n                            <\/li>\n<li class=\"product-prop line-limit-length\"><span\n                                        class=\"property-title\">Akku:&nbsp;<\/span><span\n                                        class=\"property-desc line-limit-length\">48 V 20,8 Ah<\/span>\n                            <\/li>\n<li class=\"product-prop line-limit-length\"><span\n                                        class=\"property-title\">Etuiskunvaimennin:&nbsp;<\/span><span\n                                        class=\"property-desc line-limit-length\">Jousi-iskun adsorptio<\/span>\n                            <\/li>\n<li class=\"product-prop line-limit-length\"><span\n                                        class=\"property-title\">Takaiskunvaimennin:&nbsp;<\/span><span\n                                        class=\"property-desc line-limit-length\">Jousi-iskun adsorptio<\/span>\n                            <\/li>\n<li class=\"product-prop line-limit-length\"><span\n                                        class=\"property-title\">Todistus:&nbsp;<\/span><span\n                                        class=\"property-desc line-limit-length\"><\/span>\n                            <\/li>\n<\/ul><\/div>\n<h1 style=\"text-align:center\" align=\"center\"><strong>KuKirin G2 MAX aikuisille tarkoitettu s\u00e4hk\u00f6potkulauta 48V 20.8Ah akku huipputeho 1200W moottori 55KM\/H nopeus 80KM maksimikantama 10&quot; renkaat kokoontaitettava s\u00e4hk\u00f6potkulauta<\/strong><\/h1>\n<p><strong><span style=\"color:rgb(25, 25, 25);font-size:24px;font-family:&quot;TT Norms Pro&quot;, &quot;Open Sans&quot;, Roboto, Arial, Helvetica, sans-serif, SimSun\">Kuvaus:<\/span><\/strong><\/p>\n<p><span style=\"background-color:rgb(255, 255, 255);color:rgb(0, 0, 0);font-size:14px;font-family:OpenSans\">Malli: KuKirin G2Max maastossa kulkeva s\u00e4hk\u00f6potkulauta<\/span><br \/><span style=\"background-color:rgb(255, 255, 255);color:rgb(0, 0, 0);font-size:14px;font-family:OpenSans\">Huippunopeus: 55 km\/h<\/span><br \/><span style=\"background-color:rgb(255, 255, 255);color:rgb(0, 0, 0);font-size:14px;font-family:OpenSans\">Moottorin teho: 1000 W<\/span><br \/><span style=\"background-color:rgb(255, 255, 255);color:rgb(0, 0, 0);font-size:14px;font-family:OpenSans\">Akku\uff1a48V20AH<\/span><br \/><span style=\"background-color:rgb(255, 255, 255);color:rgb(0, 0, 0);font-size:14px;font-family:OpenSans\">Rengaskoko: 10 tuumaa<\/span><br \/><span style=\"background-color:rgb(255, 255, 255);color:rgb(0, 0, 0);font-size:14px;font-family:OpenSans\">Mittarilukema: 80 km (riippuu tekij\u00f6ist\u00e4, kuten kuormituksesta, l\u00e4mp\u00f6tilasta, tuulen nopeudesta ja todellisesta k\u00e4yt\u00f6st\u00e4)<\/span><br \/><span style=\"background-color:rgb(255, 255, 255);color:rgb(0, 0, 0);font-size:14px;font-family:OpenSans\">Maksimikuorma: 120 kg<\/span><br \/><span style=\"background-color:rgb(255, 255, 255);color:rgb(0, 0, 0);font-size:14px;font-family:OpenSans\">Vedenpit\u00e4v\u00e4\uff1aIP54<\/span><br \/><span style=\"background-color:rgb(255, 255, 255);color:rgb(0, 0, 0);font-size:14px;font-family:OpenSans\">Latausaika: 10-11 tuntia<\/span><br \/><span style=\"background-color:rgb(255, 255, 255);color:rgb(0, 0, 0);font-size:14px;font-family:OpenSans\">Kaltevuuskyky: 30\u00b0<\/span><br \/><span style=\"background-color:rgb(255, 255, 255);color:rgb(0, 0, 0);font-size:14px;font-family:OpenSans\">Jarruj\u00e4rjestelm\u00e4: Edess\u00e4 + takana levyjarrut<\/span><br \/><span style=\"background-color:rgb(255, 255, 255);color:rgb(0, 0, 0);font-size:14px;font-family:OpenSans\">Kokonaispaino: 36 kg<\/span><br \/><span style=\"background-color:rgb(255, 255, 255);color:rgb(0, 0, 0);font-size:14px;font-family:OpenSans\">Taittokoko: 1260 * 605 * 580 MM<\/span><br \/><span style=\"background-color:rgb(255, 255, 255);color:rgb(0, 0, 0);font-size:14px;font-family:OpenSans\">Pakkauksen koko: 1275 * 270 * 620 mm<\/span><\/p>\n<p><\/p>\n<p><span style=\"background-color:rgb(255, 255, 255);color:rgb(0, 0, 0);font-size:14px;font-family:OpenSans\"><\/span><img decoding=\"async\" src=\"https:\/\/ae01.alicdn.com\/kf\/S5a117dded4744fbd81326d2aa9c98df84.jpg\" slate-data-type=\"image\"\/><span style=\"background-color:rgb(255, 255, 255);color:rgb(0, 0, 0);font-size:14px;font-family:OpenSans\"><\/span><img decoding=\"async\" src=\"https:\/\/ae01.alicdn.com\/kf\/Sc878d231486148e8a9480111f5cef267A.jpg\" slate-data-type=\"image\"\/><span style=\"background-color:rgb(255, 255, 255);color:rgb(0, 0, 0);font-size:14px;font-family:OpenSans\"><\/span><img decoding=\"async\" src=\"https:\/\/ae01.alicdn.com\/kf\/Se3e0cf21abb74cf3859b93641712ae10f.jpg\" slate-data-type=\"image\"\/><span style=\"background-color:rgb(255, 255, 255);color:rgb(0, 0, 0);font-size:14px;font-family:OpenSans\"><\/span><img decoding=\"async\" src=\"https:\/\/ae01.alicdn.com\/kf\/S204bd840260b4cbea9ee756a385e163bi.jpg\" slate-data-type=\"image\"\/><span style=\"background-color:rgb(255, 255, 255);color:rgb(0, 0, 0);font-size:14px;font-family:OpenSans\"><\/span><img decoding=\"async\" src=\"https:\/\/ae01.alicdn.com\/kf\/Safb49c9093434974b75c9fb6198a9c77d.jpg\" slate-data-type=\"image\"\/><span style=\"background-color:rgb(255, 255, 255);color:rgb(0, 0, 0);font-size:14px;font-family:OpenSans\"><\/span><img decoding=\"async\" src=\"https:\/\/ae01.alicdn.com\/kf\/S9e97265bf9274019b0655b4c37b5053fw.jpg\" slate-data-type=\"image\"\/><span style=\"background-color:rgb(255, 255, 255);color:rgb(0, 0, 0);font-size:14px;font-family:OpenSans\"><\/span><img decoding=\"async\" src=\"https:\/\/ae01.alicdn.com\/kf\/S582c9604429a46edb583b0b666796722K.jpg\" slate-data-type=\"image\"\/><span style=\"background-color:rgb(255, 255, 255);color:rgb(0, 0, 0);font-size:14px;font-family:OpenSans\"><\/span><img decoding=\"async\" src=\"https:\/\/ae01.alicdn.com\/kf\/S5465818a0af4463da7b100046b47cc05K.jpg\" slate-data-type=\"image\"\/><span style=\"background-color:rgb(255, 255, 255);color:rgb(0, 0, 0);font-size:14px;font-family:OpenSans\"><\/span><img decoding=\"async\" src=\"https:\/\/ae01.alicdn.com\/kf\/S1d57feb5808048dab757dbed2bb16127E.jpg\" slate-data-type=\"image\"\/><span style=\"background-color:rgb(255, 255, 255);color:rgb(0, 0, 0);font-size:14px;font-family:OpenSans\"><\/span><img decoding=\"async\" src=\"https:\/\/ae01.alicdn.com\/kf\/S08152ad3ad6f432cac7cea9aa19a9271B.jpg\" slate-data-type=\"image\"\/><span style=\"background-color:rgb(255, 255, 255);color:rgb(0, 0, 0);font-size:14px;font-family:OpenSans\"><\/span><img decoding=\"async\" src=\"https:\/\/ae01.alicdn.com\/kf\/S3ae70d309f56450e902af967696161c7x.jpg\" slate-data-type=\"image\"\/><span style=\"background-color:rgb(255, 255, 255);color:rgb(0, 0, 0);font-size:14px;font-family:OpenSans\"><\/span><img decoding=\"async\" src=\"https:\/\/ae01.alicdn.com\/kf\/S22cd7377d9f24eb5a415d60ee72ff8b6b.jpg\" slate-data-type=\"image\"\/><span style=\"background-color:rgb(255, 255, 255);color:rgb(0, 0, 0);font-size:14px;font-family:OpenSans\"><\/span><img decoding=\"async\" src=\"https:\/\/ae01.alicdn.com\/kf\/Sb85fde587ece499c83e15d3502e50521N.jpg\" slate-data-type=\"image\"\/><span style=\"background-color:rgb(255, 255, 255);color:rgb(0, 0, 0);font-size:14px;font-family:OpenSans\"><\/span><img decoding=\"async\" src=\"https:\/\/ae01.alicdn.com\/kf\/Sf07c3fd2ed8047a682a8c8bc9e9419c6u.jpg\" slate-data-type=\"image\"\/><span style=\"background-color:rgb(255, 255, 255);color:rgb(0, 0, 0);font-size:14px;font-family:OpenSans\"><\/span><img decoding=\"async\" src=\"https:\/\/ae01.alicdn.com\/kf\/S00f982c6e50f402f8d4f76fa8c5e982aq.jpg\" slate-data-type=\"image\"\/><span style=\"background-color:rgb(255, 255, 255);color:rgb(0, 0, 0);font-size:14px;font-family:OpenSans\"><\/span><img decoding=\"async\" src=\"https:\/\/ae01.alicdn.com\/kf\/Se12162d9ab794652b9bec088074b3a16M.jpg\" slate-data-type=\"image\"\/><span style=\"background-color:rgb(255, 255, 255);color:rgb(0, 0, 0);font-size:14px;font-family:OpenSans\"><\/span><img decoding=\"async\" src=\"https:\/\/ae01.alicdn.com\/kf\/S5abbc84e13dc4fc9acc559fb67fa842aI.jpg\" slate-data-type=\"image\"\/><span style=\"background-color:rgb(255, 255, 255);color:rgb(0, 0, 0);font-size:14px;font-family:OpenSans\"><\/span><\/p>","protected":false},"excerpt":{"rendered":"<p>Tire Size:&nbsp;10 inch Model Number:&nbsp;KuKirin G2 MAX Category:&nbsp;Two-wheel Scooter Applicable People:&nbsp;Unisex Range Per Charge:&nbsp;60-80km Charging Time:&nbsp;6-8h Voltage:&nbsp;48v Power:&nbsp;1001-2000w Folded:&nbsp;YES Origin:&nbsp;Mainland China max motor:&nbsp;1200W max range:&nbsp;70 KM max speed:&nbsp;60 km\/h max<\/p>","protected":false},"featured_media":25940,"comment_status":"open","ping_status":"closed","template":"","meta":{"_acf_changed":false},"product_brand":[],"product_cat":[297],"product_tag":[],"class_list":{"0":"post-25939","1":"product","2":"type-product","3":"status-publish","4":"has-post-thumbnail","6":"product_cat-scooters","8":"first","9":"instock","10":"shipping-taxable","11":"purchasable","12":"product-type-simple"},"acf":[],"_links":{"self":[{"href":"https:\/\/electricstore.eu\/fi\/wp-json\/wp\/v2\/product\/25939","targetHints":{"allow":["GET"]}}],"collection":[{"href":"https:\/\/electricstore.eu\/fi\/wp-json\/wp\/v2\/product"}],"about":[{"href":"https:\/\/electricstore.eu\/fi\/wp-json\/wp\/v2\/types\/product"}],"replies":[{"embeddable":true,"href":"https:\/\/electricstore.eu\/fi\/wp-json\/wp\/v2\/comments?post=25939"}],"wp:featuredmedia":[{"embeddable":true,"href":"https:\/\/electricstore.eu\/fi\/wp-json\/wp\/v2\/media\/25940"}],"wp:attachment":[{"href":"https:\/\/electricstore.eu\/fi\/wp-json\/wp\/v2\/media?parent=25939"}],"wp:term":[{"taxonomy":"product_brand","embeddable":true,"href":"https:\/\/electricstore.eu\/fi\/wp-json\/wp\/v2\/product_brand?post=25939"},{"taxonomy":"product_cat","embeddable":true,"href":"https:\/\/electricstore.eu\/fi\/wp-json\/wp\/v2\/product_cat?post=25939"},{"taxonomy":"product_tag","embeddable":true,"href":"https:\/\/electricstore.eu\/fi\/wp-json\/wp\/v2\/product_tag?post=25939"}],"curies":[{"name":"wp","href":"https:\/\/api.w.org\/{rel}","templated":true}]}}