{"id":25921,"date":"2025-05-20T19:04:28","date_gmt":"2025-05-20T19:04:28","guid":{"rendered":"https:\/\/electricstore.eu\/p\/uncategorized\/m5-elite-electric-scooter-750w-motor-48v13ah-battery-45km-max-range-40km-h-speed-14-tire-with-seat-foldable-adult-escooter-kick\/"},"modified":"2025-05-20T19:04:29","modified_gmt":"2025-05-20T19:04:29","slug":"m5-elite-electric-scooter-750w-motor-48v13ah-battery-45km-max-range-40km-h-speed-14-tire-with-seat-foldable-adult-escooter-kick","status":"publish","type":"product","link":"https:\/\/electricstore.eu\/fi\/p\/scooters\/m5-elite-electric-scooter-750w-motor-48v13ah-battery-45km-max-range-40km-h-speed-14-tire-with-seat-foldable-adult-escooter-kick\/","title":{"rendered":"M5 Elite s\u00e4hk\u00f6potkulauta 750 W moottori 48 V 13 Ah akku 45 km maksimikantama 40 km\/h nopeus 14 tuuman rengas istuimella taittuva aikuisten potkulauta"},"content":{"rendered":"<div class=\"product-specs-list-container\">\n<ul class=\"product-specs-list util-clearfix\">\n<li class=\"product-prop line-limit-length\"><span\n                                        class=\"property-title\">Mallinumero:&nbsp;<\/span><span\n                                        class=\"property-desc line-limit-length\">HONEYWHALE M5 Elite<\/span>\n                            <\/li>\n<li class=\"product-prop line-limit-length\"><span\n                                        class=\"property-title\">Luokka:&nbsp;<\/span><span\n                                        class=\"property-desc line-limit-length\">Kaksipy\u00f6r\u00e4inen skootteri<\/span>\n                            <\/li>\n<li class=\"product-prop line-limit-length\"><span\n                                        class=\"property-title\">Sovellettavat henkil\u00f6t:&nbsp;<\/span><span\n                                        class=\"property-desc line-limit-length\">Unisex<\/span>\n                            <\/li>\n<li class=\"product-prop line-limit-length\"><span\n                                        class=\"property-title\">Kantama per lataus:&nbsp;<\/span><span\n                                        class=\"property-desc line-limit-length\">40\u201360 km<\/span>\n                            <\/li>\n<li class=\"product-prop line-limit-length\"><span\n                                        class=\"property-title\">Latausaika:&nbsp;<\/span><span\n                                        class=\"property-desc line-limit-length\">klo 8\u201310<\/span>\n                            <\/li>\n<li class=\"product-prop line-limit-length\"><span\n                                        class=\"property-title\">J\u00e4nnite:&nbsp;<\/span><span\n                                        class=\"property-desc line-limit-length\">48v<\/span>\n                            <\/li>\n<li class=\"product-prop line-limit-length\"><span\n                                        class=\"property-title\">Taitettu:&nbsp;<\/span><span\n                                        class=\"property-desc line-limit-length\">KYLL\u00c4<\/span>\n                            <\/li>\n<li class=\"product-prop line-limit-length\"><span\n                                        class=\"property-title\">Alkuper\u00e4:&nbsp;<\/span><span\n                                        class=\"property-desc line-limit-length\">Manner-Kiina<\/span>\n                            <\/li>\n<li class=\"product-prop line-limit-length\"><span\n                                        class=\"property-title\">Teho (W):&nbsp;<\/span><span\n                                        class=\"property-desc line-limit-length\">501\u20131000 W<\/span>\n                            <\/li>\n<li class=\"product-prop line-limit-length\"><span\n                                        class=\"property-title\">Runko:&nbsp;<\/span><span\n                                        class=\"property-desc line-limit-length\">Alumiiniseos<\/span>\n                            <\/li>\n<li class=\"product-prop line-limit-length\"><span\n                                        class=\"property-title\">Moottori:&nbsp;<\/span><span\n                                        class=\"property-desc line-limit-length\">500 W (huipputeho 750 W)<\/span>\n                            <\/li>\n<li class=\"product-prop line-limit-length\"><span\n                                        class=\"property-title\">Akku:&nbsp;<\/span><span\n                                        class=\"property-desc line-limit-length\">36 V 13 Ah<\/span>\n                            <\/li>\n<li class=\"product-prop line-limit-length\"><span\n                                        class=\"property-title\">Alue:&nbsp;<\/span><span\n                                        class=\"property-desc line-limit-length\">40\u201345 km<\/span>\n                            <\/li>\n<li class=\"product-prop line-limit-length\"><span\n                                        class=\"property-title\">Kiipeilyaste:&nbsp;<\/span><span\n                                        class=\"property-desc line-limit-length\">15\u00b0<\/span>\n                            <\/li>\n<li class=\"product-prop line-limit-length\"><span\n                                        class=\"property-title\">Maksimikuormitus:&nbsp;<\/span><span\n                                        class=\"property-desc line-limit-length\">120 kg<\/span>\n                            <\/li>\n<li class=\"product-prop line-limit-length\"><span\n                                        class=\"property-title\">N\u00e4ytt\u00f6:&nbsp;<\/span><span\n                                        class=\"property-desc line-limit-length\">LED<\/span>\n                            <\/li>\n<li class=\"product-prop line-limit-length\"><span\n                                        class=\"property-title\">Tuotteen paino:&nbsp;<\/span><span\n                                        class=\"property-desc line-limit-length\">22,8 kg<\/span>\n                            <\/li>\n<li class=\"product-prop line-limit-length\"><span\n                                        class=\"property-title\">Pakkauksen paino:&nbsp;<\/span><span\n                                        class=\"property-desc line-limit-length\">26,8 kg<\/span>\n                            <\/li>\n<li class=\"product-prop line-limit-length\"><span\n                                        class=\"property-title\">Tuotteen koko (P x L x K):&nbsp;<\/span><span\n                                        class=\"property-desc line-limit-length\">1240X215X630MM<\/span>\n                            <\/li>\n<li class=\"product-prop line-limit-length\"><span\n                                        class=\"property-title\">Todistus:&nbsp;<\/span><span\n                                        class=\"property-desc line-limit-length\"><\/span>\n                            <\/li>\n<\/ul><\/div>\n<h1 style=\"text-align:center\" align=\"center\"><span style=\"color:rgb(0, 0, 0);font-size:medium;font-family:&quot;Microsoft YaHei&quot;\"><strong><span style=\"font-size:24px\"><span style=\"font-family:&quot;times new roman&quot;, times, serif\">HONEYWHALE M5 Elite s\u00e4hk\u00f6potkulauta satulahuipulla 750 W moottori 45 km maksimikantama 40 km\/h maksiminopeus potkulauta aikuisille 14 tuuman ilmarenkaat 48 V 13 Ah akku<\/span><\/span><\/strong><\/span><\/h1>\n<div style=\"font-family:&quot;TT Norms Pro&quot;, &quot;Open Sans&quot;, Roboto, Arial, Helvetica, sans-serif, SimSun;font-size:14px;font-weight:400;letter-spacing:normal;text-align:center;white-space:normal;color:rgb(34, 34, 34);margin:0px;margin-bottom:0px;margin-top:0px;margin-left:0px;margin-right:0px;padding:0px;padding-bottom:0px;padding-top:0px;padding-left:0px;padding-right:0px;box-sizing:content-box\" align=\"center\"><\/div>\n<p style=\"font-family:&quot;TT Norms Pro&quot;, &quot;Open Sans&quot;, Roboto, Arial, Helvetica, sans-serif, SimSun;font-size:14px;font-weight:400;letter-spacing:normal;line-height:inherit;text-align:start;white-space:normal;color:rgb(34, 34, 34);margin:0px;margin-bottom:0px;margin-top:0px;margin-left:0px;margin-right:0px;padding:0px;padding-bottom:0px;padding-top:0px;padding-left:0px;padding-right:0px;box-sizing:border-box\" align=\"start\"><span style=\"color:rgb(34, 34, 34);font-size:14px;font-family:&quot;Open Sans&quot;, Roboto, Arial, Helvetica, sans-serif, SimSun\"><strong><span style=\"font-size:24px\"><span style=\"font-family:&quot;times new roman&quot;, times, serif\">&gt;&gt;Kohokohdat<\/span><\/span><\/strong><\/span><\/p>\n<div style=\"font-family:&quot;TT Norms Pro&quot;, &quot;Open Sans&quot;, Roboto, Arial, Helvetica, sans-serif, SimSun;font-size:14px;font-weight:400;letter-spacing:normal;text-align:start;white-space:normal;color:rgb(34, 34, 34);margin:0px;margin-bottom:0px;margin-top:0px;margin-left:0px;margin-right:0px;padding:0px;padding-bottom:0px;padding-top:0px;padding-left:0px;padding-right:0px;box-sizing:content-box\" align=\"start\"><\/div>\n<h3 style=\"font-family:&quot;TT Norms Pro&quot;, &quot;Open Sans&quot;, Roboto, Arial, Helvetica, sans-serif, SimSun;letter-spacing:normal;text-align:left;white-space:normal;color:rgb(34, 34, 34);box-sizing:border-box\" align=\"left\"><strong><span style=\"font-size:18px;font-family:&quot;times new roman&quot;, times, serif\">Huipputeho 750 W moottori<\/span><\/strong><\/h3>\n<p style=\"font-family:&quot;TT Norms Pro&quot;, &quot;Open Sans&quot;, Roboto, Arial, Helvetica, sans-serif, SimSun;font-size:14px;font-weight:400;letter-spacing:normal;line-height:inherit;text-align:left;white-space:normal;color:rgb(34, 34, 34);margin:0px;margin-bottom:0px;margin-top:0px;margin-left:0px;margin-right:0px;padding:0px;padding-bottom:0px;padding-top:0px;padding-left:0px;padding-right:0px;box-sizing:border-box\" align=\"left\"><span style=\"font-size:18px;font-family:&quot;times new roman&quot;, times, serif\">Varustettu 500 W:n moottorilla, huipputeholla 750 W ja 48 ampeerin litiumakulla, akun k\u00e4ytt\u00f6ik\u00e4 voi olla 40\u201345 km ja huippunopeus jopa 40 km\/h.<\/span><\/p>\n<p><\/p>\n<h3 style=\"font-family:&quot;TT Norms Pro&quot;, &quot;Open Sans&quot;, Roboto, Arial, Helvetica, sans-serif, SimSun;letter-spacing:normal;text-align:left;white-space:normal;color:rgb(34, 34, 34);box-sizing:border-box\" align=\"left\"><strong><span style=\"font-size:18px;font-family:&quot;times new roman&quot;, times, serif\">120 kg:n kantavuus<\/span><\/strong><\/h3>\n<p style=\"font-family:&quot;TT Norms Pro&quot;, &quot;Open Sans&quot;, Roboto, Arial, Helvetica, sans-serif, SimSun;font-size:14px;font-weight:400;letter-spacing:normal;line-height:inherit;text-align:left;white-space:normal;color:rgb(34, 34, 34);margin:0px;margin-bottom:0px;margin-top:0px;margin-left:0px;margin-right:0px;padding:0px;padding-bottom:0px;padding-top:0px;padding-left:0px;padding-right:0px;box-sizing:border-box\" align=\"left\"><span style=\"font-size:18px;font-family:&quot;times new roman&quot;, times, serif\">Valmistettu korkealaatuisesta alumiiniseoksesta, eritt\u00e4in kevyt ja kest\u00e4v\u00e4, painaa 25 kilogrammaa. Suurin kantavuus on 120 kg.<\/span><\/p>\n<p><\/p>\n<h3 style=\"font-family:&quot;TT Norms Pro&quot;, &quot;Open Sans&quot;, Roboto, Arial, Helvetica, sans-serif, SimSun;letter-spacing:normal;text-align:left;white-space:normal;color:rgb(34, 34, 34);box-sizing:border-box\" align=\"left\"><strong><span style=\"font-size:18px;font-family:&quot;times new roman&quot;, times, serif\">Isommat renkaat, enemm\u00e4n mukavuutta<\/span><\/strong><\/h3>\n<p style=\"font-family:&quot;TT Norms Pro&quot;, &quot;Open Sans&quot;, Roboto, Arial, Helvetica, sans-serif, SimSun;font-size:14px;font-weight:400;letter-spacing:normal;line-height:inherit;text-align:left;white-space:normal;color:rgb(34, 34, 34);margin:0px;margin-bottom:0px;margin-top:0px;margin-left:0px;margin-right:0px;padding:0px;padding-bottom:0px;padding-top:0px;padding-left:0px;padding-right:0px;box-sizing:border-box\" align=\"left\"><span style=\"font-size:18px;font-family:&quot;times new roman&quot;, times, serif\">14-tuumaisilla ilmarenkailla, joilla on korkea joustavuus ja kulutuskest\u00e4vyys sek\u00e4 12 asteen nousukulma.<\/span><\/p>\n<p><\/p>\n<h3 style=\"font-family:&quot;TT Norms Pro&quot;, &quot;Open Sans&quot;, Roboto, Arial, Helvetica, sans-serif, SimSun;letter-spacing:normal;text-align:left;white-space:normal;color:rgb(34, 34, 34);box-sizing:border-box\" align=\"left\"><strong><span style=\"font-size:18px;font-family:&quot;times new roman&quot;, times, serif\">Taittoj\u00e4rjestelm\u00e4<\/span><\/strong><\/h3>\n<p style=\"font-family:&quot;TT Norms Pro&quot;, &quot;Open Sans&quot;, Roboto, Arial, Helvetica, sans-serif, SimSun;font-size:14px;font-weight:400;letter-spacing:normal;line-height:inherit;text-align:left;white-space:normal;color:rgb(34, 34, 34);margin:0px;margin-bottom:0px;margin-top:0px;margin-left:0px;margin-right:0px;padding:0px;padding-bottom:0px;padding-top:0px;padding-left:0px;padding-right:0px;box-sizing:border-box\" align=\"left\"><span style=\"font-size:18px;font-family:&quot;times new roman&quot;, times, serif\">Taittuvien ty\u00f6nt\u00f6aisojen ansiosta sit\u00e4 on helppo kantaa, ja kest\u00e4v\u00e4 kori sopii t\u00e4ydellisesti s\u00e4ilytykseen.<\/span><\/p>\n<p><\/p>\n<h3 style=\"font-family:&quot;TT Norms Pro&quot;, &quot;Open Sans&quot;, Roboto, Arial, Helvetica, sans-serif, SimSun;letter-spacing:normal;text-align:left;white-space:normal;color:rgb(34, 34, 34);box-sizing:border-box\" align=\"left\"><strong><span style=\"font-size:18px;font-family:&quot;times new roman&quot;, times, serif\">Turvavalaistusj\u00e4rjestelm\u00e4<\/span><\/strong><\/h3>\n<p style=\"font-family:&quot;TT Norms Pro&quot;, &quot;Open Sans&quot;, Roboto, Arial, Helvetica, sans-serif, SimSun;font-size:14px;font-weight:400;letter-spacing:normal;line-height:inherit;text-align:left;white-space:normal;color:rgb(34, 34, 34);margin:0px;margin-bottom:0px;margin-top:0px;margin-left:0px;margin-right:0px;padding:0px;padding-bottom:0px;padding-top:0px;padding-left:0px;padding-right:0px;box-sizing:border-box\" align=\"left\"><span style=\"font-size:18px;font-family:&quot;times new roman&quot;, times, serif\">Kirkkaat LED-valot edess\u00e4 ja takana, mik\u00e4 tekee y\u00f6ajosta turvallisempaa.<\/span><\/p>\n<p><\/p>\n<h3 style=\"font-family:&quot;TT Norms Pro&quot;, &quot;Open Sans&quot;, Roboto, Arial, Helvetica, sans-serif, SimSun;letter-spacing:normal;text-align:left;white-space:normal;color:rgb(34, 34, 34);box-sizing:border-box\" align=\"left\"><strong><span style=\"font-size:18px;font-family:&quot;times new roman&quot;, times, serif\">CE ROHS FCC -sertifiointi<\/span><\/strong><\/h3>\n<p style=\"font-family:&quot;TT Norms Pro&quot;, &quot;Open Sans&quot;, Roboto, Arial, Helvetica, sans-serif, SimSun;font-size:14px;font-weight:400;letter-spacing:normal;line-height:inherit;text-align:left;white-space:normal;color:rgb(34, 34, 34);margin:0px;margin-bottom:0px;margin-top:0px;margin-left:0px;margin-right:0px;padding:0px;padding-bottom:0px;padding-top:0px;padding-left:0px;padding-right:0px;box-sizing:border-box\" align=\"left\"><span style=\"font-size:18px;font-family:&quot;times new roman&quot;, times, serif\">L\u00e4p\u00e4isee CE-, ROHS- ja FCC-hyv\u00e4ksynn\u00e4t, se on turvallinen tuote.<\/span><\/p>\n<div style=\"font-family:&quot;TT Norms Pro&quot;, &quot;Open Sans&quot;, Roboto, Arial, Helvetica, sans-serif, SimSun;font-size:14px;font-weight:400;letter-spacing:normal;text-align:start;white-space:normal;color:rgb(34, 34, 34);margin:0px;margin-bottom:0px;margin-top:0px;margin-left:0px;margin-right:0px;padding:0px;padding-bottom:0px;padding-top:0px;padding-left:0px;padding-right:0px;box-sizing:content-box\" align=\"start\"><\/div>\n<p style=\"font-family:&quot;TT Norms Pro&quot;, &quot;Open Sans&quot;, Roboto, Arial, Helvetica, sans-serif, SimSun;font-size:14px;font-weight:400;letter-spacing:normal;line-height:inherit;text-align:start;white-space:normal;color:rgb(34, 34, 34);margin:0px;margin-bottom:0px;margin-top:0px;margin-left:0px;margin-right:0px;padding:0px;padding-bottom:0px;padding-top:0px;padding-left:0px;padding-right:0px;box-sizing:border-box\" align=\"start\"><span style=\"color:rgb(34, 34, 34);font-size:14px;font-family:&quot;Open Sans&quot;, Roboto, Arial, Helvetica, sans-serif, SimSun\"><strong><span style=\"color:rgb(34, 34, 34);font-size:24px;font-family:&quot;times new roman&quot;, times, serif\">&gt;&gt;Tekniset tiedot<\/span><\/strong><\/span><\/p>\n<p><\/p>\n<table style=\"border-collapse:collapse;font-family:&quot;Microsoft YaHei&quot;;font-size:14px;text-align:start;color:rgb(34, 34, 34);width:1000px\" class=\"jbEidtTable\" border=\"1\" cellpadding=\"5\" cellspacing=\"0\" align=\"start\">\n<tbody>\n<tr>\n<td style=\"font-size:14px;text-align:left\" align=\"left\">\n<p style=\"line-height:inherit;margin:0px;margin-bottom:0px;margin-top:0px;margin-left:0px;margin-right:0px;padding:0px;padding-bottom:0px;padding-top:0px;padding-left:0px;padding-right:0px;box-sizing:border-box\"><strong>Yleist\u00e4<\/strong><\/p>\n<\/td>\n<td style=\"font-size:14px;text-align:left\" align=\"left\">\n<p style=\"line-height:inherit;margin:0px;margin-bottom:0px;margin-top:0px;margin-left:0px;margin-right:0px;padding:0px;padding-bottom:0px;padding-top:0px;padding-left:0px;padding-right:0px;box-sizing:border-box\"><span style=\"font-size:18px;font-family:&quot;times new roman&quot;, times, serif\">Merkki: Honeywhale<br \/>Tyyppi: S\u00e4hk\u00f6potkulauta<br \/>Malli: M5 Elite<\/span><\/p>\n<\/td>\n<\/tr>\n<tr>\n<td style=\"font-size:14px;text-align:left\" align=\"left\">\n<p style=\"line-height:inherit;margin:0px;margin-bottom:0px;margin-top:0px;margin-left:0px;margin-right:0px;padding:0px;padding-bottom:0px;padding-top:0px;padding-left:0px;padding-right:0px;box-sizing:border-box\"><span style=\"font-size:18px;font-family:&quot;times new roman&quot;, times, serif\"><strong>Tekniset tiedot<\/strong><\/span><\/p>\n<\/td>\n<td style=\"font-size:14px;text-align:left\" align=\"left\">\n<p style=\"line-height:inherit;margin:0px;margin-bottom:0px;margin-top:0px;margin-left:0px;margin-right:0px;padding:0px;padding-bottom:0px;padding-top:0px;padding-left:0px;padding-right:0px;box-sizing:border-box\"><span style=\"font-size:18px;font-family:&quot;times new roman&quot;, times, serif\">Materiaali: Alumiiniseos<br \/>Moottori: 48 V:n yksimoottorinen moottori, teho 500 W, huipputeho 750 W<br \/>Akku: 48 ampeerin litium<br \/>Sovitin: Tuloteho 100\u2013240 W, l\u00e4ht\u00f6teho 546 W\/p\u00e4iv\u00e4<br \/>Jarru: Jarrupala<br \/>Rengastyyppi: 14-tuumainen iskunvaimentava ilmarengas<br \/>Ajovalot: Etu- ja takavalot<br \/>Maksimikuormitus: 120 kg<br \/>Huippunopeus: 40 km\/h<br \/>Suurin latausmatka: 40\u201345 km<br \/>Kallistusliike: 12 astetta<\/span><\/p>\n<\/td>\n<\/tr>\n<tr>\n<td style=\"font-size:14px;text-align:left\" align=\"left\">\n<p style=\"line-height:inherit;margin:0px;margin-bottom:0px;margin-top:0px;margin-left:0px;margin-right:0px;padding:0px;padding-bottom:0px;padding-top:0px;padding-left:0px;padding-right:0px;box-sizing:border-box\"><span style=\"font-size:18px;font-family:&quot;times new roman&quot;, times, serif\"><strong>Paino ja koko<\/strong><\/span><\/p>\n<\/td>\n<td style=\"font-size:14px;text-align:left\" align=\"left\">\n<p style=\"line-height:inherit;margin:0px;margin-bottom:0px;margin-top:0px;margin-left:0px;margin-right:0px;padding:0px;padding-bottom:0px;padding-top:0px;padding-left:0px;padding-right:0px;box-sizing:border-box\"><span style=\"font-size:18px;font-family:&quot;times new roman&quot;, times, serif\">Tuotteen paino: 25 kg<br \/>Pakkauksen paino: 26 kg<br \/>Tuotteen koko (P x L x K): 120 x 39 x 50 cm<br \/>Pakkauksen koko (P x L x K): 116 x 24 x 60 cm<\/span><\/p>\n<\/td>\n<\/tr>\n<\/tbody>\n<\/table>\n<div style=\"font-family:&quot;TT Norms Pro&quot;, &quot;Open Sans&quot;, Roboto, Arial, Helvetica, sans-serif, SimSun;font-size:14px;font-weight:400;letter-spacing:normal;text-align:start;white-space:normal;color:rgb(34, 34, 34);margin:0px;margin-bottom:0px;margin-top:0px;margin-left:0px;margin-right:0px;padding:0px;padding-bottom:0px;padding-top:0px;padding-left:0px;padding-right:0px;box-sizing:content-box\" align=\"start\"><\/div>\n<p style=\"font-family:&quot;TT Norms Pro&quot;, &quot;Open Sans&quot;, Roboto, Arial, Helvetica, sans-serif, SimSun;font-size:14px;font-weight:400;letter-spacing:normal;line-height:inherit;text-align:start;white-space:normal;color:rgb(34, 34, 34);margin:0px;margin-bottom:0px;margin-top:0px;margin-left:0px;margin-right:0px;padding:0px;padding-bottom:0px;padding-top:0px;padding-left:0px;padding-right:0px;box-sizing:border-box\" align=\"start\"><span style=\"color:rgb(34, 34, 34);font-size:14px;font-family:&quot;Open Sans&quot;, Roboto, Arial, Helvetica, sans-serif, SimSun\"><strong><span style=\"font-size:24px\"><span style=\"font-family:&quot;times new roman&quot;, times, serif\">&gt;&gt;Tuotekuvat ja -kuvaukset<\/span><\/span><\/strong><\/span><\/p>\n<p style=\"font-family:&quot;TT Norms Pro&quot;, &quot;Open Sans&quot;, Roboto, Arial, Helvetica, sans-serif, SimSun;font-size:14px;font-weight:400;letter-spacing:normal;line-height:inherit;text-align:start;white-space:normal;color:rgb(34, 34, 34);margin:0px;margin-bottom:0px;margin-top:0px;margin-left:0px;margin-right:0px;padding:0px;padding-bottom:0px;padding-top:0px;padding-left:0px;padding-right:0px;box-sizing:border-box\" align=\"start\"><img decoding=\"async\" src=\"https:\/\/ae01.alicdn.com\/kf\/Sa6bb0fe131ba4eea950ae990c91c59e9s.jpg\" slate-data-type=\"image\"\/><img decoding=\"async\" src=\"https:\/\/ae01.alicdn.com\/kf\/S20dbc0a190314b7bb2bafa63a12e99f5x.jpg\" slate-data-type=\"image\"\/><img decoding=\"async\" src=\"https:\/\/ae01.alicdn.com\/kf\/Sf6d3748621574d6491feb872cf60e0daN.jpg\" slate-data-type=\"image\"\/><img decoding=\"async\" src=\"https:\/\/ae01.alicdn.com\/kf\/S3a5b9303b5404b66af723d5b03d54ee2c.jpg\" slate-data-type=\"image\"\/><img decoding=\"async\" src=\"https:\/\/ae01.alicdn.com\/kf\/S15e3a74be461450c900d46105ba14cc5a.jpg\" slate-data-type=\"image\"\/><img decoding=\"async\" src=\"https:\/\/ae01.alicdn.com\/kf\/S8ecf990fc6e1416ebaf2f7fe3be262acd.jpg\" slate-data-type=\"image\"\/><img decoding=\"async\" src=\"https:\/\/ae01.alicdn.com\/kf\/S03d2e59a9f57470e8e8ec910c45fab25A.jpg\" slate-data-type=\"image\"\/><img decoding=\"async\" src=\"https:\/\/ae01.alicdn.com\/kf\/S5cf275a2e417428b811b70366b43b5d7R.jpg\" slate-data-type=\"image\"\/><img decoding=\"async\" src=\"https:\/\/ae01.alicdn.com\/kf\/Sd5de4feffd684baa91689bc556a72b27Q.jpg\" slate-data-type=\"image\"\/><img decoding=\"async\" src=\"https:\/\/ae01.alicdn.com\/kf\/Sbaa5fcda32cb4e71ab7c320d08f4d3344.jpg\" slate-data-type=\"image\"\/><img decoding=\"async\" src=\"https:\/\/ae01.alicdn.com\/kf\/S8014de9d58a8432d8fbf22e02d849f3bA.jpg\" slate-data-type=\"image\"\/><img decoding=\"async\" src=\"https:\/\/ae01.alicdn.com\/kf\/Sff21a129aa324a5eab2f1dcb71fe1e0bt.jpg\" slate-data-type=\"image\"\/><img decoding=\"async\" src=\"https:\/\/ae01.alicdn.com\/kf\/S61e6fe9f7b6641028ee5ffe1059ef8faJ.jpg\" slate-data-type=\"image\"\/><img decoding=\"async\" src=\"https:\/\/ae01.alicdn.com\/kf\/Scbc20cb6ed02431aad51aa4cbf57cb997.jpg\" slate-data-type=\"image\"\/><img decoding=\"async\" src=\"https:\/\/ae01.alicdn.com\/kf\/S9adf49185e504ed38db8f4df15a35d20k.jpg\" slate-data-type=\"image\"\/><img decoding=\"async\" src=\"https:\/\/ae01.alicdn.com\/kf\/Sf639fa85ed5d42d0a464b2b75b667462t.jpg\" slate-data-type=\"image\"\/><\/p>","protected":false},"excerpt":{"rendered":"<p>Model Number:&nbsp;HONEYWHALE M5 Elite Category:&nbsp;Two-wheel Scooter Applicable People:&nbsp;Unisex Range Per Charge:&nbsp;40-60km Charging Time:&nbsp;8-10h Voltage:&nbsp;48v Folded:&nbsp;YES Origin:&nbsp;Mainland China Power (W):&nbsp;501-1000w Frame:&nbsp;Aluminum alloy Motor:&nbsp;500W (peak 750W) Battery:&nbsp;36V 13Ah Range:&nbsp;40-45km Climbing grade:&nbsp;15\u00b0 Max<\/p>","protected":false},"featured_media":25922,"comment_status":"open","ping_status":"closed","template":"","meta":{"_acf_changed":false},"product_brand":[],"product_cat":[297],"product_tag":[],"class_list":{"0":"post-25921","1":"product","2":"type-product","3":"status-publish","4":"has-post-thumbnail","6":"product_cat-scooters","8":"first","9":"instock","10":"shipping-taxable","11":"purchasable","12":"product-type-simple"},"acf":[],"_links":{"self":[{"href":"https:\/\/electricstore.eu\/fi\/wp-json\/wp\/v2\/product\/25921","targetHints":{"allow":["GET"]}}],"collection":[{"href":"https:\/\/electricstore.eu\/fi\/wp-json\/wp\/v2\/product"}],"about":[{"href":"https:\/\/electricstore.eu\/fi\/wp-json\/wp\/v2\/types\/product"}],"replies":[{"embeddable":true,"href":"https:\/\/electricstore.eu\/fi\/wp-json\/wp\/v2\/comments?post=25921"}],"wp:featuredmedia":[{"embeddable":true,"href":"https:\/\/electricstore.eu\/fi\/wp-json\/wp\/v2\/media\/25922"}],"wp:attachment":[{"href":"https:\/\/electricstore.eu\/fi\/wp-json\/wp\/v2\/media?parent=25921"}],"wp:term":[{"taxonomy":"product_brand","embeddable":true,"href":"https:\/\/electricstore.eu\/fi\/wp-json\/wp\/v2\/product_brand?post=25921"},{"taxonomy":"product_cat","embeddable":true,"href":"https:\/\/electricstore.eu\/fi\/wp-json\/wp\/v2\/product_cat?post=25921"},{"taxonomy":"product_tag","embeddable":true,"href":"https:\/\/electricstore.eu\/fi\/wp-json\/wp\/v2\/product_tag?post=25921"}],"curies":[{"name":"wp","href":"https:\/\/api.w.org\/{rel}","templated":true}]}}