{"id":25729,"date":"2025-05-20T19:00:53","date_gmt":"2025-05-20T19:00:53","guid":{"rendered":"https:\/\/electricstore.eu\/p\/uncategorized\/wltoys-c8805-114-rc-car-4wd-brushless-electric-70km-h-high-speed-off-road-2-4g-remote-control-cars-drift-monster-truck-for-kids\/"},"modified":"2025-05-20T19:06:33","modified_gmt":"2025-05-20T19:06:33","slug":"wltoys-c8805-114-rc-car-4wd-brushless-electric-70km-h-high-speed-off-road-2-4g-remote-control-cars-drift-monster-truck-for-kids","status":"publish","type":"product","link":"https:\/\/electricstore.eu\/fi\/p\/rc\/rc-cars\/wltoys-c8805-114-rc-car-4wd-brushless-electric-70km-h-high-speed-off-road-2-4g-remote-control-cars-drift-monster-truck-for-kids\/","title":{"rendered":"Wltoys C8805 1:14 RC-auto 4WD Harjaton s\u00e4hk\u00f6inen 70 km\/h Nopea maastoauto 2.4G Kauko-ohjattavat autot Drift Monster Truck Lapsille"},"content":{"rendered":"<div class=\"product-specs-list-container\">\n<ul class=\"product-specs-list util-clearfix\">\n<li class=\"product-prop line-limit-length\"><span\n                                        class=\"property-title\">Huolenaiheinen kemikaali:&nbsp;<\/span><span\n                                        class=\"property-desc line-limit-length\">Ei mit\u00e4\u00e4n<\/span>\n                            <\/li>\n<li class=\"product-prop line-limit-length\"><span\n                                        class=\"property-title\">CE-arvo:&nbsp;<\/span><span\n                                        class=\"property-desc line-limit-length\">Todistus<\/span>\n                            <\/li>\n<li class=\"product-prop line-limit-length\"><span\n                                        class=\"property-title\">Onko s\u00e4hk\u00f6inen:&nbsp;<\/span><span\n                                        class=\"property-desc line-limit-length\">litiumparisto<\/span>\n                            <\/li>\n<li class=\"product-prop line-limit-length\"><span\n                                        class=\"property-title\">Viivakoodi:&nbsp;<\/span><span\n                                        class=\"property-desc line-limit-length\">Ei<\/span>\n                            <\/li>\n<li class=\"product-prop line-limit-length\"><span\n                                        class=\"property-title\">Kaasuvivun servo:&nbsp;<\/span><span\n                                        class=\"property-desc line-limit-length\">2847 harjaton moottori (4000 kV arvo)<\/span>\n                            <\/li>\n<li class=\"product-prop line-limit-length\"><span\n                                        class=\"property-title\">Ohjaustehostin:&nbsp;<\/span><span\n                                        class=\"property-desc line-limit-length\">Kolmijohtiminen 17G digitaalinen servo<\/span>\n                            <\/li>\n<li class=\"product-prop line-limit-length\"><span\n                                        class=\"property-title\">Teho:&nbsp;<\/span><span\n                                        class=\"property-desc line-limit-length\">70 km\/h<\/span>\n                            <\/li>\n<li class=\"product-prop line-limit-length\"><span\n                                        class=\"property-title\">Kokouksen osavaltio:&nbsp;<\/span><span\n                                        class=\"property-desc line-limit-length\">Valmis l\u00e4ht\u00f6\u00f6n<\/span>\n                            <\/li>\n<li class=\"product-prop line-limit-length\"><span\n                                        class=\"property-title\">Lentoaika:&nbsp;<\/span><span\n                                        class=\"property-desc line-limit-length\">15\u201318 minuuttia (jatkuva t\u00e4ydell\u00e4 nopeudella juokseminen)<\/span>\n                            <\/li>\n<li class=\"product-prop line-limit-length\"><span\n                                        class=\"property-title\">Et\u00e4isyys:&nbsp;<\/span><span\n                                        class=\"property-desc line-limit-length\">\u2265120 m<\/span>\n                            <\/li>\n<li class=\"product-prop line-limit-length\"><span\n                                        class=\"property-title\">Skaala:&nbsp;<\/span><span\n                                        class=\"property-desc line-limit-length\">1:14<\/span>\n                            <\/li>\n<li class=\"product-prop line-limit-length\"><span\n                                        class=\"property-title\">Mitat:&nbsp;<\/span><span\n                                        class=\"property-desc line-limit-length\">34,5 * 20,5 * 14,8 CM<\/span>\n                            <\/li>\n<li class=\"product-prop line-limit-length\"><span\n                                        class=\"property-title\">Mallinumero:&nbsp;<\/span><span\n                                        class=\"property-desc line-limit-length\">C8805;MJX 140209\/14210<\/span>\n                            <\/li>\n<li class=\"product-prop line-limit-length\"><span\n                                        class=\"property-title\">Paketti sis\u00e4lt\u00e4\u00e4:&nbsp;<\/span><span\n                                        class=\"property-desc line-limit-length\">Alkuper\u00e4inen laatikko, paristot, k\u00e4ytt\u00f6ohjeet, laturi, kaukos\u00e4\u00e4din, USB-kaapeli<\/span>\n                            <\/li>\n<li class=\"product-prop line-limit-length\"><span\n                                        class=\"property-title\">Ohjauskanavat:&nbsp;<\/span><span\n                                        class=\"property-desc line-limit-length\">4 kanavaa<\/span>\n                            <\/li>\n<li class=\"product-prop line-limit-length\"><span\n                                        class=\"property-title\">Ohjaintila:&nbsp;<\/span><span\n                                        class=\"property-desc line-limit-length\">TILA2<\/span>\n                            <\/li>\n<li class=\"product-prop line-limit-length\"><span\n                                        class=\"property-title\">Kaukos\u00e4\u00e4din:&nbsp;<\/span><span\n                                        class=\"property-desc line-limit-length\">Kyll\u00e4<\/span>\n                            <\/li>\n<li class=\"product-prop line-limit-length\"><span\n                                        class=\"property-title\">Materiaali:&nbsp;<\/span><span\n                                        class=\"property-desc line-limit-length\">Metalli, muovi, kumi<\/span>\n                            <\/li>\n<li class=\"product-prop line-limit-length\"><span\n                                        class=\"property-title\">Tuotemerkki:&nbsp;<\/span><span\n                                        class=\"property-desc line-limit-length\">WDSZKMYF<\/span>\n                            <\/li>\n<li class=\"product-prop line-limit-length\"><span\n                                        class=\"property-title\">Suositeltu ik\u00e4:&nbsp;<\/span><span\n                                        class=\"property-desc line-limit-length\">14+ vuotta<\/span>\n                            <\/li>\n<li class=\"product-prop line-limit-length\"><span\n                                        class=\"property-title\">Alkuper\u00e4:&nbsp;<\/span><span\n                                        class=\"property-desc line-limit-length\">Manner-Kiina<\/span>\n                            <\/li>\n<li class=\"product-prop line-limit-length\"><span\n                                        class=\"property-title\">Design:&nbsp;<\/span><span\n                                        class=\"property-desc line-limit-length\">Maastopy\u00f6r\u00e4<\/span>\n                            <\/li>\n<li class=\"product-prop line-limit-length\"><span\n                                        class=\"property-title\">Tyyppi:&nbsp;<\/span><span\n                                        class=\"property-desc line-limit-length\">Auto<\/span>\n                            <\/li>\n<li class=\"product-prop line-limit-length\"><span\n                                        class=\"property-title\">Ominaisuudet:&nbsp;<\/span><span\n                                        class=\"property-desc line-limit-length\">KAUKOS\u00c4\u00c4DIN<\/span>\n                            <\/li>\n<\/ul><\/div>\n<p><span style=\"color:rgba(244,78,59,255);font-size:18px\"><strong>huomiota vaativat asiat:<\/strong><\/span><\/p>\n<p><span style=\"color:rgba(244,78,59,255)\">1: Lataussuoja: Jatkuvan virran ja jatkuvan j\u00e4nnitteen tasapainotettu lataus, joka suojaa akun ylilataukselta ja ylivirralta.<\/span><\/p>\n<p><span style=\"color:rgba(244,78,59,255)\">2: Moottorin jumiutumissuoja: Ylikuormituksen yhteydess\u00e4 moottori lakkaa toimimasta.<\/span><\/p>\n<p><span style=\"color:rgba(244,78,59,255)\">3: Korkean l\u00e4mp\u00f6tilan suojaus: Kun k\u00e4ytt\u00f6l\u00e4mp\u00f6tila on asetettua ehtoa korkeampi, taajuusmuuttajan ohjauspiiri lakkaa toimimasta ja jatkaa toimintaansa, kun l\u00e4mp\u00f6tila laskee turvalliseen arvoon.<\/span><\/p>\n<p><span style=\"color:rgba(244,78,59,255)\">4: J\u00e4nnitteen alentaminen ja virran katkaiseminen sammuvat automaattisesti, kun akun j\u00e4nnite on alle 6,3\u20136,4 V, jotta v\u00e4ltet\u00e4\u00e4n ylipurkautumisen aiheuttamat vauriot.<\/span><\/p>\n<p><\/p>\n<p><span style=\"color:rgb(244, 78, 59);font-size:20px\"><strong>JJRC C8805 1:16 RC-auto 4WD Thunder Nopea maastoajoneuvo Harjaton neliveto Thunder maastoajoneuvo RC-lelu<\/strong><\/span><\/p>\n<p><span style=\"color:rgb(0, 0, 0);font-size:14px;font-family:OpenSans\">Huippunopeus: 70 km\/h<\/span><br \/><span style=\"color:rgb(0, 0, 0);font-size:14px;font-family:OpenSans\">K\u00e4ytt\u00f6aika: noin 15\u201318 minuuttia<\/span><br \/><span style=\"color:rgb(0, 0, 0);font-size:14px;font-family:OpenSans\">Latausaika: noin 1,5 tuntia<\/span><br \/><span style=\"color:rgb(0, 0, 0);font-size:14px;font-family:OpenSans\">Kaukos\u00e4\u00e4dintila: 2.4G kaukos\u00e4\u00e4din<\/span><br \/><span style=\"color:rgb(0, 0, 0);font-size:14px;font-family:OpenSans\">Kaukos\u00e4\u00e4timen et\u00e4isyys: \u2265120 m<\/span><br \/><span style=\"color:rgb(0, 0, 0);font-size:14px;font-family:OpenSans\">K\u00e4ytt\u00f6moottori: 2847 harjaton moottori (4000 kV arvo)<\/span><br \/><span style=\"color:rgb(0, 0, 0);font-size:14px;font-family:OpenSans\">Akku: 7,4 V 1500 mAh 15C<\/span><br \/><span style=\"color:rgb(0, 0, 0);font-size:14px;font-family:OpenSans\">Kaukos\u00e4\u00e4timen paristot: 3 AA-paristoa (eiv\u00e4t sis\u00e4lly toimitukseen)<\/span><br \/><span style=\"color:rgb(0, 0, 0);font-size:14px;font-family:OpenSans\">Akseliv\u00e4li: 188 mm<\/span><br \/><span style=\"color:rgb(0, 0, 0);font-size:14px;font-family:OpenSans\">Py\u00f6r\u00e4n halkaisija: 85 mm<\/span><br \/><span style=\"color:rgb(0, 0, 0);font-size:14px;font-family:OpenSans\">Rungon koko: 34,5 * 20,5 * 14,8 cm<\/span><\/p>\n<p><\/p>\n<p><strong>Toiminto<\/strong>:<\/p>\n<p>1. Simulaatiorakenteen ansiosta sill\u00e4 on todellinen auton k\u00e4sittelytunnelma, ja se saavuttaa t\u00e4yden suhteellisen jatkuvasti muuttuvan vaihteiston, nopean ajon, nopean kiihtyvyyden, hidastuvuuden, jarrutuksen, peruutuksen, vasemmalle k\u00e4\u00e4ntymisen ja oikealle k\u00e4\u00e4ntymisen;<\/p>\n<p>2. Soveltuvat paikat: tasainen maa, hiekkamaa, mutainen maa, nurmi.<\/p>\n<p>3. Neliveto: etu- ja takajousituksen pystysuora iskunvaimennus, kaksoiskolmiotukivarsij\u00e4rjestelm\u00e4;<\/p>\n<p>4. 2.4G t\u00e4yden skaalan synkroninen kauko-ohjausj\u00e4rjestelm\u00e4 T\u00e4ysin proportionaalinen kaasu\/ohjaus;<\/p>\n<p>5. 2.4G roiskevesitiivis nelisuuntainen 30A integroitu s\u00e4hk\u00f6inen ohjaus\/vastaanotin;<\/p>\n<p>6. Etupy\u00f6r\u00e4n ristipallonivelen kardaaniakseli, takapy\u00f6r\u00e4n jaettu koiranluuvetoakseli;<\/p>\n<p>7. Kolmijohtiminen 17G-servomoottori;<\/p>\n<p>8. Eritt\u00e4in tehokas akku: 7,4 V, 18650\u20131500 mAh litiumioniakku (T-pistoke), purkausnopeus 10 \u00b0C;<\/p>\n<p>9. Koko autossa on 16 kuulalaakeria;<\/p>\n<p>10. Metallinen toisen kerroksen laatta, metallinen etu- ja takapuomin koodi, metallinen keskimm\u00e4inen voimansiirtoakseli;<\/p>\n<p>11. Auton kuori on valmistettu eritt\u00e4in kest\u00e4v\u00e4st\u00e4, r\u00e4j\u00e4hdyssuojatusta PVC-kuoresta;<\/p>\n<p>12. Varustettu LED-ajovaloilla, LED-kattovaloilla ja LED-takavaloilla auton rungossa; (Kolme tilaa: jatkuva valo, hidas vilkku, vilkku);<\/p>\n<p>13. Maastorenkaita j\u00e4ljittelev\u00e4t renkaat, joilla on vahva pito; 14. Auton runko on t\u00e4ysin suljettu, mik\u00e4 tarjoaa paremman iskunvaimennuksen edest\u00e4 tulevien iskujen yhteydess\u00e4 ja est\u00e4\u00e4 py\u00f6r\u00e4n osien vaurioitumisen voimakkaiden iskujen seurauksena.<\/p>\n<p>15. Kauko-ohjattavassa ohjauspy\u00f6r\u00e4ss\u00e4 on vipumekanismi, jonka ansiosta pelaajia voidaan ohjata yhdell\u00e4 k\u00e4dell\u00e4 ja manuaalisen ohjauksen rajoitukset poistuvat kokonaan.<\/p>\n<p>16. 3,2-tuumaisilla maastopy\u00f6rill\u00e4 ja korotetulla alustalla varustetun ajoneuvon l\u00e4p\u00e4isevyytt\u00e4 on parannettu, mink\u00e4 ansiosta se voi valloittaa monipuolisempia tieolosuhteita.<\/p>\n<p>17. Kauko-ohjauspaneelissa on py\u00f6riv\u00e4 ohjauksen hienos\u00e4\u00e4t\u00f6nuppi ja nopeusrajoituksen hienos\u00e4\u00e4t\u00f6nuppi, jotka mahdollistavat tarkemman ja herkemm\u00e4n s\u00e4\u00e4d\u00f6n.<\/p>\n<p>18. Ohjauskulma on suurempi, mik\u00e4 tekee autosta joustavamman k\u00e4\u00e4ntymisess\u00e4 ja tarjoaa paremman kokemuksen siit\u00e4, mihin suuntaan osua.<\/p>\n<p>19. ESC:n\/akun kytkent\u00e4pistokkeessa on mallitason T-pistoke, joka tekee virrankulutuksesta vakaampaa.<\/p>\n<p><\/p>\n<p><strong>yksityiskohtainen lista:<\/strong><\/p>\n<p>1) Koko ajoneuvo; 2) Kaukos\u00e4\u00e4din; 3) Kiinan- ja englanninkieliset k\u00e4ytt\u00f6ohjeet; 4) Litium-akut; 5) USB-tasapainotettu lataus; 6) Per\u00e4siipi; 7) Keula-ajopy\u00f6r\u00e4; 8) Iskunvaimennuksen s\u00e4\u00e4t\u00f6solki; 9) Metallitappi; 10) Kuusikulmainen hylsy; 11) Ohjainosa<\/p>\n<p><\/p>\n<p><img decoding=\"async\" src=\"https:\/\/ae01.alicdn.com\/kf\/Sc71dfb64a76a46a19018596500a83a0fV.jpg\" slate-data-type=\"image\"\/><img decoding=\"async\" src=\"https:\/\/ae01.alicdn.com\/kf\/S88beb12314a841d396bf94e10f36ad05z.jpg\" slate-data-type=\"image\"\/><img decoding=\"async\" src=\"https:\/\/ae01.alicdn.com\/kf\/Sb87684194a074c389e5cedb2d37cdb3aH.jpg\" slate-data-type=\"image\"\/><img decoding=\"async\" src=\"https:\/\/ae01.alicdn.com\/kf\/Sdcfacccc86574ccda4f79bf7af7a47d4S.jpg\" slate-data-type=\"image\"\/><img decoding=\"async\" src=\"https:\/\/ae01.alicdn.com\/kf\/Sf16c8c8650db4f73ab2423c185ccc338b.jpg\" slate-data-type=\"image\"\/><img decoding=\"async\" src=\"https:\/\/ae01.alicdn.com\/kf\/S1a0e070fdce545b3b9437d6836b6c1b1g.jpg\" slate-data-type=\"image\"\/><img decoding=\"async\" src=\"https:\/\/ae01.alicdn.com\/kf\/S6012b61ef46a4acbaf97a6bf0007175cY.jpg\" slate-data-type=\"image\"\/><img decoding=\"async\" src=\"https:\/\/ae01.alicdn.com\/kf\/S24a8a52693bb40bd93be9abdbc20382br.jpg\" slate-data-type=\"image\"\/><img decoding=\"async\" src=\"https:\/\/ae01.alicdn.com\/kf\/S2be97ade9015493985ba27745309130d8.jpg\" slate-data-type=\"image\"\/><img decoding=\"async\" src=\"https:\/\/ae01.alicdn.com\/kf\/S3fb7280a9b6e429db582306ebb2ccef52.jpg\" slate-data-type=\"image\"\/><img decoding=\"async\" src=\"https:\/\/ae01.alicdn.com\/kf\/S4dc0d4a040024f2ca8813e87b693c093q.jpg\" slate-data-type=\"image\"\/><img decoding=\"async\" src=\"https:\/\/ae01.alicdn.com\/kf\/Sf1951f138a3c4cc79b27f371d883feefa.jpg\" slate-data-type=\"image\"\/><img decoding=\"async\" src=\"https:\/\/ae01.alicdn.com\/kf\/Sb4b4601642444883a6a5d4fe32508187x.jpg\" slate-data-type=\"image\"\/><img decoding=\"async\" src=\"https:\/\/ae01.alicdn.com\/kf\/S2772c61e4b1f4192804a41f464ce92d2R.jpg\" slate-data-type=\"image\"\/><img decoding=\"async\" src=\"https:\/\/ae01.alicdn.com\/kf\/S87a5498d2efb45adb52a39d6875fee0bf.jpg\" slate-data-type=\"image\"\/><img decoding=\"async\" src=\"https:\/\/ae01.alicdn.com\/kf\/S155407d4d5d0402a94811b78984f69e3B.jpg\" slate-data-type=\"image\"\/><\/p>\n<p><\/p>\n<p><\/p>","protected":false},"excerpt":{"rendered":"<p>Hign-concerned Chemical:&nbsp;None CE:&nbsp;Certificate Is Electric:&nbsp;lithium battery Barcode:&nbsp;No Throttle servo:&nbsp;2847 brushless motor (4000 KV value) Steering servo:&nbsp;Three wire 17G digital servo Power:&nbsp;70km\/h State of Assembly:&nbsp;Ready-to-Go Flight Time:&nbsp;15-18 minutes (continuous full speed<\/p>","protected":false},"featured_media":25731,"comment_status":"open","ping_status":"closed","template":"","meta":{"_acf_changed":false},"product_brand":[],"product_cat":[519],"product_tag":[],"class_list":{"0":"post-25729","1":"product","2":"type-product","3":"status-publish","4":"has-post-thumbnail","6":"product_cat-rc-cars","8":"first","9":"instock","10":"shipping-taxable","11":"purchasable","12":"product-type-variable"},"acf":[],"_links":{"self":[{"href":"https:\/\/electricstore.eu\/fi\/wp-json\/wp\/v2\/product\/25729","targetHints":{"allow":["GET"]}}],"collection":[{"href":"https:\/\/electricstore.eu\/fi\/wp-json\/wp\/v2\/product"}],"about":[{"href":"https:\/\/electricstore.eu\/fi\/wp-json\/wp\/v2\/types\/product"}],"replies":[{"embeddable":true,"href":"https:\/\/electricstore.eu\/fi\/wp-json\/wp\/v2\/comments?post=25729"}],"wp:featuredmedia":[{"embeddable":true,"href":"https:\/\/electricstore.eu\/fi\/wp-json\/wp\/v2\/media\/25731"}],"wp:attachment":[{"href":"https:\/\/electricstore.eu\/fi\/wp-json\/wp\/v2\/media?parent=25729"}],"wp:term":[{"taxonomy":"product_brand","embeddable":true,"href":"https:\/\/electricstore.eu\/fi\/wp-json\/wp\/v2\/product_brand?post=25729"},{"taxonomy":"product_cat","embeddable":true,"href":"https:\/\/electricstore.eu\/fi\/wp-json\/wp\/v2\/product_cat?post=25729"},{"taxonomy":"product_tag","embeddable":true,"href":"https:\/\/electricstore.eu\/fi\/wp-json\/wp\/v2\/product_tag?post=25729"}],"curies":[{"name":"wp","href":"https:\/\/api.w.org\/{rel}","templated":true}]}}