{"id":25714,"date":"2025-05-20T19:00:43","date_gmt":"2025-05-20T19:00:43","guid":{"rendered":"https:\/\/electricstore.eu\/p\/uncategorized\/hyper-go-mjx-genuine-license-16208-16210-1-16-4wd-rc-car-55km-h-brushless-rc-racing-car-remote-control-cars-off-road-truck-toys\/"},"modified":"2025-05-20T19:06:11","modified_gmt":"2025-05-20T19:06:11","slug":"hyper-go-mjx-genuine-license-16208-16210-1-16-4wd-rc-car-55km-h-brushless-rc-racing-car-remote-control-cars-off-road-truck-toys","status":"publish","type":"product","link":"https:\/\/electricstore.eu\/fi\/p\/rc\/rc-cars\/hyper-go-mjx-genuine-license-16208-16210-1-16-4wd-rc-car-55km-h-brushless-rc-racing-car-remote-control-cars-off-road-truck-toys\/","title":{"rendered":"Hyper Go MJX Aito Lisenssi 16208 16210 1\/16 4WD RC Auto 55KM\/H Harjaton RC Kilpa-auto Kauko-ohjattavat Autot Maastoauto Lelut"},"content":{"rendered":"<div class=\"product-specs-list-container\">\n<ul class=\"product-specs-list util-clearfix\">\n<li class=\"product-prop line-limit-length\"><span\n                                        class=\"property-title\">Huolenaiheinen kemikaali:&nbsp;<\/span><span\n                                        class=\"property-desc line-limit-length\">Ei mit\u00e4\u00e4n<\/span>\n                            <\/li>\n<li class=\"product-prop line-limit-length\"><span\n                                        class=\"property-title\">CE-arvo:&nbsp;<\/span><span\n                                        class=\"property-desc line-limit-length\">Todistus<\/span>\n                            <\/li>\n<li class=\"product-prop line-limit-length\"><span\n                                        class=\"property-title\">Onko s\u00e4hk\u00f6inen:&nbsp;<\/span><span\n                                        class=\"property-desc line-limit-length\">litiumparisto<\/span>\n                            <\/li>\n<li class=\"product-prop line-limit-length\"><span\n                                        class=\"property-title\">Viivakoodi:&nbsp;<\/span><span\n                                        class=\"property-desc line-limit-length\">Ei<\/span>\n                            <\/li>\n<li class=\"product-prop line-limit-length\"><span\n                                        class=\"property-title\">Kaasuvivun servo:&nbsp;<\/span><span\n                                        class=\"property-desc line-limit-length\">17 g digitaalinen servo<\/span>\n                            <\/li>\n<li class=\"product-prop line-limit-length\"><span\n                                        class=\"property-title\">Ohjaustehostin:&nbsp;<\/span><span\n                                        class=\"property-desc line-limit-length\">17 g digitaalinen servo<\/span>\n                            <\/li>\n<li class=\"product-prop line-limit-length\"><span\n                                        class=\"property-title\">Kokouksen osavaltio:&nbsp;<\/span><span\n                                        class=\"property-desc line-limit-length\">Valmis l\u00e4ht\u00f6\u00f6n<\/span>\n                            <\/li>\n<li class=\"product-prop line-limit-length\"><span\n                                        class=\"property-title\">Lentoaika:&nbsp;<\/span><span\n                                        class=\"property-desc line-limit-length\">12,5 minuuttia<\/span>\n                            <\/li>\n<li class=\"product-prop line-limit-length\"><span\n                                        class=\"property-title\">Rengasj\u00e4lki:&nbsp;<\/span><span\n                                        class=\"property-desc line-limit-length\">182 mm<\/span>\n                            <\/li>\n<li class=\"product-prop line-limit-length\"><span\n                                        class=\"property-title\">Akseliv\u00e4li:&nbsp;<\/span><span\n                                        class=\"property-desc line-limit-length\">175 mm<\/span>\n                            <\/li>\n<li class=\"product-prop line-limit-length\"><span\n                                        class=\"property-title\">Et\u00e4isyys:&nbsp;<\/span><span\n                                        class=\"property-desc line-limit-length\">60\u201380 metri\u00e4<\/span>\n                            <\/li>\n<li class=\"product-prop line-limit-length\"><span\n                                        class=\"property-title\">Takuu:&nbsp;<\/span><span\n                                        class=\"property-desc line-limit-length\">Ei mit\u00e4\u00e4n<\/span>\n                            <\/li>\n<li class=\"product-prop line-limit-length\"><span\n                                        class=\"property-title\">Skaala:&nbsp;<\/span><span\n                                        class=\"property-desc line-limit-length\">1:16<\/span>\n                            <\/li>\n<li class=\"product-prop line-limit-length\"><span\n                                        class=\"property-title\">Mitat:&nbsp;<\/span><span\n                                        class=\"property-desc line-limit-length\">25,2 * 20,5 * 10 cm<\/span>\n                            <\/li>\n<li class=\"product-prop line-limit-length\"><span\n                                        class=\"property-title\">V\u00e4\u00e4nt\u00f6momentti:&nbsp;<\/span><span\n                                        class=\"property-desc line-limit-length\">Kuten n\u00e4yt\u00e4<\/span>\n                            <\/li>\n<li class=\"product-prop line-limit-length\"><span\n                                        class=\"property-title\">Mallinumero:&nbsp;<\/span><span\n                                        class=\"property-desc line-limit-length\">MJX Hyper Go 16207 16208 16210 16210<\/span>\n                            <\/li>\n<li class=\"product-prop line-limit-length\"><span\n                                        class=\"property-title\">Paketti sis\u00e4lt\u00e4\u00e4:&nbsp;<\/span><span\n                                        class=\"property-desc line-limit-length\">Alkuper\u00e4inen laatikko, paristot, k\u00e4ytt\u00f6ohjeet, laturi, kaukos\u00e4\u00e4din, USB-kaapeli<\/span>\n                            <\/li>\n<li class=\"product-prop line-limit-length\"><span\n                                        class=\"property-title\">Ohjauskanavat:&nbsp;<\/span><span\n                                        class=\"property-desc line-limit-length\">4 kanavaa<\/span>\n                            <\/li>\n<li class=\"product-prop line-limit-length\"><span\n                                        class=\"property-title\">Ohjaintila:&nbsp;<\/span><span\n                                        class=\"property-desc line-limit-length\">TILA2<\/span>\n                            <\/li>\n<li class=\"product-prop line-limit-length\"><span\n                                        class=\"property-title\">Latausj\u00e4nnite:&nbsp;<\/span><span\n                                        class=\"property-desc line-limit-length\">11,1 V 1050 mAh<\/span>\n                            <\/li>\n<li class=\"product-prop line-limit-length\"><span\n                                        class=\"property-title\">Kaukos\u00e4\u00e4din:&nbsp;<\/span><span\n                                        class=\"property-desc line-limit-length\">Kyll\u00e4<\/span>\n                            <\/li>\n<li class=\"product-prop line-limit-length\"><span\n                                        class=\"property-title\">Materiaali:&nbsp;<\/span><span\n                                        class=\"property-desc line-limit-length\">Metalli, muovi, kumi<\/span>\n                            <\/li>\n<li class=\"product-prop line-limit-length\"><span\n                                        class=\"property-title\">Tuotemerkki:&nbsp;<\/span><span\n                                        class=\"property-desc line-limit-length\">WDSZKMYF<\/span>\n                            <\/li>\n<li class=\"product-prop line-limit-length\"><span\n                                        class=\"property-title\">Suositeltu ik\u00e4:&nbsp;<\/span><span\n                                        class=\"property-desc line-limit-length\">14+ vuotta<\/span>\n                            <\/li>\n<li class=\"product-prop line-limit-length\"><span\n                                        class=\"property-title\">Alkuper\u00e4:&nbsp;<\/span><span\n                                        class=\"property-desc line-limit-length\">Manner-Kiina<\/span>\n                            <\/li>\n<li class=\"product-prop line-limit-length\"><span\n                                        class=\"property-title\">Design:&nbsp;<\/span><span\n                                        class=\"property-desc line-limit-length\">Maastopy\u00f6r\u00e4<\/span>\n                            <\/li>\n<li class=\"product-prop line-limit-length\"><span\n                                        class=\"property-title\">Tyyppi:&nbsp;<\/span><span\n                                        class=\"property-desc line-limit-length\">Auto<\/span>\n                            <\/li>\n<li class=\"product-prop line-limit-length\"><span\n                                        class=\"property-title\">Ominaisuudet:&nbsp;<\/span><span\n                                        class=\"property-desc line-limit-length\">KAUKOS\u00c4\u00c4DIN<\/span>\n                            <\/li>\n<\/ul><\/div>\n<p><\/p>\n<div class=\"detailmodule_html\">\n<div class=\"detail-desc-decorate-richtext\">\n<p><span style=\"color:rgb(244, 78, 59);font-size:16px\"><strong>Huomautus:<\/strong><\/span><\/p>\n<p><span style=\"color:rgb(244, 78, 59);font-size:16px\">1. Leluauton 70 km\/nopeus on tyhj\u00e4k\u00e4yntinopeus ihanteellisessa tilassa, ja auton todelliseen nopeuteen vaikuttavat muut tekij\u00e4t, kuten tapahtumapaikka.<\/span><\/p>\n<p><span style=\"color:rgb(244, 78, 59);font-size:16px\">2. 16207 voi k\u00e4ytt\u00e4\u00e4 vain 3S-akkua, 16208 ja 16210 voivat k\u00e4ytt\u00e4\u00e4 2S- ja 3S-akkua<\/span><\/p>\n<p><span style=\"color:rgb(244, 78, 59);font-size:16px\">3.16208,16209,16210 3S-akun vaihdon j\u00e4lkeen huippunopeus on 70 km\/h ja toimintas\u00e4de on yli 20 minuuttia. T\u00e4m\u00e4 3S-akku on muunneltu akku, ja latausaika kest\u00e4\u00e4 noin 4 tuntia.<\/span><\/p>\n<p><span style=\"color:rgb(244, 78, 59);font-size:16px\"><\/span><\/p>\n<div class=\"detailmodule_media\">\n<div class=\"video-container-5000210508095\">\n<div class=\"detail-video\" id=\"5000210508095\" data-previewurl=\"https:\/\/ae01.alicdn.com\/kf\/Sdb446eb188794ab7a48383720b5b791aP.jpg\"><\/div>\n<\/div>\n<\/div>\n<p><span style=\"color:rgb(244, 78, 59);font-size:16px\"><\/span><\/p>\n<div>\n<div><span style=\"font-size:20px\"><strong>Hyper Go MJX Aito Lisenssi 16208 16210 1\/16 4WD RC Auto 55KM\/H Harjaton RC Kilpa-auto Kauko-ohjattavat Autot Maastoauto Lelut<\/strong><\/span><\/div>\n<\/div>\n<p><strong><span style=\"color:rgb(0, 0, 0);font-size:16px\">Huomioi akkua k\u00e4ytt\u00e4ess\u00e4si:<\/span><\/strong><\/p>\n<p><span style=\"color:rgb(0, 0, 0);font-size:16px\">1. Kun akku on tyhj\u00e4, se on ladattava ajoissa, jotta akussa on varmasti ylim\u00e4\u00e4r\u00e4ist\u00e4 virtaa. Jos akku on t\u00e4ysin tyhj\u00e4, akku ei lataudu.<\/span><\/p>\n<p><span style=\"color:rgb(0, 0, 0);font-size:16px\">2. Kun lataat akkua, irrota yhteys kauko-ohjattavasta autosta. Muista ottaa akku pois latauksen ajaksi erikseen.<\/span><\/p>\n<p><span style=\"color:rgb(0, 0, 0);font-size:16px\">3. Jos et k\u00e4yt\u00e4 kauko-ohjattavaa autoa, irrota akku kauko-ohjattavan auton johdosta, \u00e4l\u00e4 miss\u00e4\u00e4n nimess\u00e4 kytke sit\u00e4, ja lataa akku t\u00e4yteen, muuten se vahingoittaa akkua.<\/span><\/p>\n<p><strong><span style=\"color:rgb(0, 0, 0);font-size:16px\">MJX 16207 16208 16210 70KM\/H Harjaton RC-auto 4WD S\u00e4hk\u00f6inen Nopea Maastoauto Kauko-ohjattava Drift Monster Truck Lapsille<\/span><\/strong><\/p>\n<p><span style=\"color:rgb(0, 0, 0);font-size:16px\">Huomautus: Muista tunnistaa malli ennen tilauksen tekemist\u00e4. Mallin parametrit ovat seuraavat:<\/span><\/p>\n<p><span style=\"color:rgb(0, 0, 0);font-size:16px\">1.<\/span><\/p>\n<p><span style=\"color:rgb(0, 0, 0);font-size:16px\">Tuotteen nimi: 16207<\/span><\/p>\n<p><span style=\"color:rgb(0, 0, 0);font-size:16px\">Koko: 25,2 * 20,5 * 10 cm<\/span><\/p>\n<p><span style=\"color:rgb(0, 0, 0);font-size:16px\">Huippunopeus: 70 km\/h<\/span><\/p>\n<p><span style=\"color:rgb(0, 0, 0);font-size:16px\">Akku: 3S 11.1V 1050mAh<\/span><\/p>\n<p><span style=\"color:rgb(0, 0, 0);font-size:16px\">K\u00e4ytt\u00f6moottori: 2845 nelinapainen harjaton moottori<\/span><\/p>\n<p><span style=\"color:rgb(0, 0, 0);font-size:16px\">Paino: 1030 g<\/span><\/p>\n<p><span style=\"color:rgb(0, 0, 0);font-size:16px\">Ty\u00f6aika: 12,5 minuuttia<\/span><\/p>\n<p><span style=\"color:rgb(0, 0, 0);font-size:16px\">2.<\/span><\/p>\n<p><span style=\"color:rgb(0, 0, 0);font-size:16px\">Tuotteen nimi: 16708<\/span><\/p>\n<p><span style=\"color:rgb(0, 0, 0);font-size:16px\">Koko: 31 * 22,2 * 13 cm<\/span><\/p>\n<p><span style=\"color:rgb(0, 0, 0);font-size:16px\">Suurin nopeus: 55 km\/h<\/span><\/p>\n<p><span style=\"color:rgb(0, 0, 0);font-size:16px\">Akku: 2S 7.4V 1050mAh<\/span><\/p>\n<p><span style=\"color:rgb(0, 0, 0);font-size:16px\">K\u00e4ytt\u00f6moottori: 2845 nelinapainen harjaton moottori<\/span><\/p>\n<p><span style=\"color:rgb(0, 0, 0);font-size:16px\">Paino: 1070 g<\/span><\/p>\n<p><span style=\"color:rgb(0, 0, 0);font-size:16px\">Ty\u00f6aika: 10 minuuttia<\/span><\/p>\n<p><span style=\"color:rgb(0, 0, 0);font-size:16px\">3.<\/span><\/p>\n<p><span style=\"color:rgb(0, 0, 0);font-size:16px\">Tuotteen nimi: 16210<\/span><\/p>\n<p><span style=\"color:rgb(0, 0, 0);font-size:16px\">Koko: 31 * 22,2 * 11 cm<\/span><\/p>\n<p><span style=\"color:rgb(0, 0, 0);font-size:16px\">Suurin nopeus: 55 km\/h<\/span><\/p>\n<p><span style=\"color:rgb(0, 0, 0);font-size:16px\">Akku: 2S 7.4V 1050mAh<\/span><\/p>\n<p><span style=\"color:rgb(0, 0, 0);font-size:16px\">K\u00e4ytt\u00f6moottori: 2845 nelinapainen harjaton moottori<\/span><\/p>\n<p><span style=\"color:rgb(0, 0, 0);font-size:16px\">Paino: 1030 g<\/span><\/p>\n<p><span style=\"color:rgb(0, 0, 0);font-size:16px\">Ty\u00f6aika: 10 minuuttia<\/span><\/p>\n<p><strong><span style=\"color:rgb(0, 0, 0);font-size:16px\">Ominaisuudet<\/span><\/strong><\/p>\n<p><span style=\"color:rgb(0, 0, 0);font-size:16px\">1. Kokometallinen hydraulinen iskunvaimennin;<\/span><\/p>\n<p><span style=\"color:rgb(0, 0, 0);font-size:16px\">2. Vakio 3S-akku 65 km\/h<\/span><\/p>\n<p><span style=\"color:rgb(0, 0, 0);font-size:16px\">3. 45A itsen\u00e4inen harjaton ESC + 2845 nelinapainen harjaton moottori;<\/span><\/p>\n<p><span style=\"color:rgb(0, 0, 0);font-size:16px\">4. Metallinen t\u00f6rm\u00e4yksenestop\u00e4\u00e4;<\/span><\/p>\n<p><span style=\"color:rgb(0, 0, 0);font-size:16px\">5. Kokometallinen voimansiirtoj\u00e4rjestelm\u00e4 (metallinen vaihdetasauspy\u00f6r\u00e4st\u00f6);<\/span><\/p>\n<p><span style=\"color:rgb(0, 0, 0);font-size:16px\">6. Vakiomallinen itsen\u00e4inen vastaanotin, helppo muokata.<\/span><\/p>\n<p><img decoding=\"async\" src=\"https:\/\/ae01.alicdn.com\/kf\/S9873c018f78e447aa5ff885e1955d332y.jpg\" slate-data-type=\"image\"\/><img decoding=\"async\" src=\"https:\/\/ae01.alicdn.com\/kf\/S7acc5a7aa71d4704a6056ffc85c520c02.jpg\" slate-data-type=\"image\"\/><img decoding=\"async\" src=\"https:\/\/ae01.alicdn.com\/kf\/Sd9273ce101384bbca7e6b58d757da007b.jpg\" slate-data-type=\"image\"\/><img decoding=\"async\" src=\"https:\/\/ae01.alicdn.com\/kf\/Se054621738da4d049d194d1f391227b7H.jpg\" slate-data-type=\"image\"\/><img decoding=\"async\" src=\"https:\/\/ae01.alicdn.com\/kf\/S033dbd62692d46d0a50a52ca9affdef9o.jpg\" slate-data-type=\"image\"\/><img decoding=\"async\" src=\"https:\/\/ae01.alicdn.com\/kf\/Scb37f1d083e44e73bca9fda8d9670d3f7.jpg\" slate-data-type=\"image\"\/><\/p>\n<div>\n<\/div>\n<\/div>\n<\/div>\n<p><\/p>","protected":false},"excerpt":{"rendered":"<p>Hign-concerned Chemical:&nbsp;None CE:&nbsp;Certificate Is Electric:&nbsp;lithium battery Barcode:&nbsp;No Throttle servo:&nbsp;17g digital servo Steering servo:&nbsp;17g digital servo State of Assembly:&nbsp;Ready-to-Go Flight Time:&nbsp;12.5min Tire Track:&nbsp;182mm Wheelbase:&nbsp;175mm Remote Distance:&nbsp;60-80m Warranty:&nbsp;None Scale:&nbsp;1:16 Dimensions:&nbsp;25.2*20.5*10cm Torque:&nbsp;As Show<\/p>","protected":false},"featured_media":25715,"comment_status":"open","ping_status":"closed","template":"","meta":{"_acf_changed":false},"product_brand":[],"product_cat":[519],"product_tag":[],"class_list":{"0":"post-25714","1":"product","2":"type-product","3":"status-publish","4":"has-post-thumbnail","6":"product_cat-rc-cars","8":"first","9":"instock","10":"shipping-taxable","11":"purchasable","12":"product-type-variable"},"acf":[],"_links":{"self":[{"href":"https:\/\/electricstore.eu\/fi\/wp-json\/wp\/v2\/product\/25714","targetHints":{"allow":["GET"]}}],"collection":[{"href":"https:\/\/electricstore.eu\/fi\/wp-json\/wp\/v2\/product"}],"about":[{"href":"https:\/\/electricstore.eu\/fi\/wp-json\/wp\/v2\/types\/product"}],"replies":[{"embeddable":true,"href":"https:\/\/electricstore.eu\/fi\/wp-json\/wp\/v2\/comments?post=25714"}],"wp:featuredmedia":[{"embeddable":true,"href":"https:\/\/electricstore.eu\/fi\/wp-json\/wp\/v2\/media\/25715"}],"wp:attachment":[{"href":"https:\/\/electricstore.eu\/fi\/wp-json\/wp\/v2\/media?parent=25714"}],"wp:term":[{"taxonomy":"product_brand","embeddable":true,"href":"https:\/\/electricstore.eu\/fi\/wp-json\/wp\/v2\/product_brand?post=25714"},{"taxonomy":"product_cat","embeddable":true,"href":"https:\/\/electricstore.eu\/fi\/wp-json\/wp\/v2\/product_cat?post=25714"},{"taxonomy":"product_tag","embeddable":true,"href":"https:\/\/electricstore.eu\/fi\/wp-json\/wp\/v2\/product_tag?post=25714"}],"curies":[{"name":"wp","href":"https:\/\/api.w.org\/{rel}","templated":true}]}}