{"id":25696,"date":"2025-05-20T19:00:35","date_gmt":"2025-05-20T19:00:35","guid":{"rendered":"https:\/\/electricstore.eu\/p\/uncategorized\/q130-114-70km-h-4wd-rc-car-with-light-brushless-motor-remote-control-cars-high-speed-drift-monster-truck-toys-for-adults-kids\/"},"modified":"2025-05-20T19:05:50","modified_gmt":"2025-05-20T19:05:50","slug":"q130-114-70km-h-4wd-rc-car-with-light-brushless-motor-remote-control-cars-high-speed-drift-monster-truck-toys-for-adults-kids","status":"publish","type":"product","link":"https:\/\/electricstore.eu\/fi\/p\/rc\/rc-cars\/q130-114-70km-h-4wd-rc-car-with-light-brushless-motor-remote-control-cars-high-speed-drift-monster-truck-toys-for-adults-kids\/","title":{"rendered":"Q130 1:14 70KM\/H 4WD RC-auto kevyell\u00e4 harjattomalla moottorilla kauko-ohjattavilla autoilla, nopealla ajelehtivalla hirvi\u00f6autolla, aikuisille ja lapsille"},"content":{"rendered":"<div class=\"product-specs-list-container\">\n<ul class=\"product-specs-list util-clearfix\">\n<li class=\"product-prop line-limit-length\"><span\n                                        class=\"property-title\">Todistuksen numero:&nbsp;<\/span><span\n                                        class=\"property-desc line-limit-length\">Kuten n\u00e4yt\u00e4<\/span>\n                            <\/li>\n<li class=\"product-prop line-limit-length\"><span\n                                        class=\"property-title\">CE-arvo:&nbsp;<\/span><span\n                                        class=\"property-desc line-limit-length\">Todistus<\/span>\n                            <\/li>\n<li class=\"product-prop line-limit-length\"><span\n                                        class=\"property-title\">Onko s\u00e4hk\u00f6inen:&nbsp;<\/span><span\n                                        class=\"property-desc line-limit-length\">litiumparisto<\/span>\n                            <\/li>\n<li class=\"product-prop line-limit-length\"><span\n                                        class=\"property-title\">Viivakoodi:&nbsp;<\/span><span\n                                        class=\"property-desc line-limit-length\">Ei<\/span>\n                            <\/li>\n<li class=\"product-prop line-limit-length\"><span\n                                        class=\"property-title\">Kaasuvivun servo:&nbsp;<\/span><span\n                                        class=\"property-desc line-limit-length\">2847 harjaton moottori \/ 390 hiiliharjainen vahva magneettimoottori<\/span>\n                            <\/li>\n<li class=\"product-prop line-limit-length\"><span\n                                        class=\"property-title\">Ohjaustehostin:&nbsp;<\/span><span\n                                        class=\"property-desc line-limit-length\">Harjattu: viisijohtiminen 17G ohjaustehostin \/ Harjaton: kolmijohtiminen 17G digitaalinen<\/span>\n                            <\/li>\n<li class=\"product-prop line-limit-length\"><span\n                                        class=\"property-title\">Teho:&nbsp;<\/span><span\n                                        class=\"property-desc line-limit-length\">70 km\/h tai 50 km\/h<\/span>\n                            <\/li>\n<li class=\"product-prop line-limit-length\"><span\n                                        class=\"property-title\">Kokouksen osavaltio:&nbsp;<\/span><span\n                                        class=\"property-desc line-limit-length\">Valmis l\u00e4ht\u00f6\u00f6n<\/span>\n                            <\/li>\n<li class=\"product-prop line-limit-length\"><span\n                                        class=\"property-title\">Lentoaika:&nbsp;<\/span><span\n                                        class=\"property-desc line-limit-length\">15\u201318 minuuttia (jatkuva t\u00e4ydell\u00e4 nopeudella juokseminen)<\/span>\n                            <\/li>\n<li class=\"product-prop line-limit-length\"><span\n                                        class=\"property-title\">Rengasj\u00e4lki:&nbsp;<\/span><span\n                                        class=\"property-desc line-limit-length\">188 mm<\/span>\n                            <\/li>\n<li class=\"product-prop line-limit-length\"><span\n                                        class=\"property-title\">Akseliv\u00e4li:&nbsp;<\/span><span\n                                        class=\"property-desc line-limit-length\">185 mm<\/span>\n                            <\/li>\n<li class=\"product-prop line-limit-length\"><span\n                                        class=\"property-title\">Varoitus:&nbsp;<\/span><span\n                                        class=\"property-desc line-limit-length\">Pois tuli<\/span>\n                            <\/li>\n<li class=\"product-prop line-limit-length\"><span\n                                        class=\"property-title\">Et\u00e4isyys:&nbsp;<\/span><span\n                                        class=\"property-desc line-limit-length\">120 metri\u00e4<\/span>\n                            <\/li>\n<li class=\"product-prop line-limit-length\"><span\n                                        class=\"property-title\">Takuu:&nbsp;<\/span><span\n                                        class=\"property-desc line-limit-length\">Ei mit\u00e4\u00e4n<\/span>\n                            <\/li>\n<li class=\"product-prop line-limit-length\"><span\n                                        class=\"property-title\">Skaala:&nbsp;<\/span><span\n                                        class=\"property-desc line-limit-length\">1:14<\/span>\n                            <\/li>\n<li class=\"product-prop line-limit-length\"><span\n                                        class=\"property-title\">Mitat:&nbsp;<\/span><span\n                                        class=\"property-desc line-limit-length\">34,5 * 20,5 * 14,8 CM<\/span>\n                            <\/li>\n<li class=\"product-prop line-limit-length\"><span\n                                        class=\"property-title\">V\u00e4\u00e4nt\u00f6momentti:&nbsp;<\/span><span\n                                        class=\"property-desc line-limit-length\">Kuten n\u00e4yt\u00e4<\/span>\n                            <\/li>\n<li class=\"product-prop line-limit-length\"><span\n                                        class=\"property-title\">Mallinumero:&nbsp;<\/span><span\n                                        class=\"property-desc line-limit-length\">S344<\/span>\n                            <\/li>\n<li class=\"product-prop line-limit-length\"><span\n                                        class=\"property-title\">Design:&nbsp;<\/span><span\n                                        class=\"property-desc line-limit-length\">Maastopy\u00f6r\u00e4<\/span>\n                            <\/li>\n<li class=\"product-prop line-limit-length\"><span\n                                        class=\"property-title\">Paketti sis\u00e4lt\u00e4\u00e4:&nbsp;<\/span><span\n                                        class=\"property-desc line-limit-length\">Paristot, K\u00e4ytt\u00f6ohjeet, Kaukos\u00e4\u00e4din, USB-KAAPELI<\/span>\n                            <\/li>\n<li class=\"product-prop line-limit-length\"><span\n                                        class=\"property-title\">Ohjauskanavat:&nbsp;<\/span><span\n                                        class=\"property-desc line-limit-length\">4 kanavaa<\/span>\n                            <\/li>\n<li class=\"product-prop line-limit-length\"><span\n                                        class=\"property-title\">Ohjaintila:&nbsp;<\/span><span\n                                        class=\"property-desc line-limit-length\">TILA2<\/span>\n                            <\/li>\n<li class=\"product-prop line-limit-length\"><span\n                                        class=\"property-title\">Latausj\u00e4nnite:&nbsp;<\/span><span\n                                        class=\"property-desc line-limit-length\">5V<\/span>\n                            <\/li>\n<li class=\"product-prop line-limit-length\"><span\n                                        class=\"property-title\">Kaukos\u00e4\u00e4din:&nbsp;<\/span><span\n                                        class=\"property-desc line-limit-length\">Kyll\u00e4<\/span>\n                            <\/li>\n<li class=\"product-prop line-limit-length\"><span\n                                        class=\"property-title\">Materiaali:&nbsp;<\/span><span\n                                        class=\"property-desc line-limit-length\">Metalli, muovi<\/span>\n                            <\/li>\n<li class=\"product-prop line-limit-length\"><span\n                                        class=\"property-title\">Tuotemerkki:&nbsp;<\/span><span\n                                        class=\"property-desc line-limit-length\">WDSZKMYF<\/span>\n                            <\/li>\n<li class=\"product-prop line-limit-length\"><span\n                                        class=\"property-title\">Suositeltu ik\u00e4:&nbsp;<\/span><span\n                                        class=\"property-desc line-limit-length\">14+ vuotta<\/span>\n                            <\/li>\n<li class=\"product-prop line-limit-length\"><span\n                                        class=\"property-title\">Alkuper\u00e4:&nbsp;<\/span><span\n                                        class=\"property-desc line-limit-length\">Manner-Kiina<\/span>\n                            <\/li>\n<li class=\"product-prop line-limit-length\"><span\n                                        class=\"property-title\">Tyyppi:&nbsp;<\/span><span\n                                        class=\"property-desc line-limit-length\">Auto<\/span>\n                            <\/li>\n<li class=\"product-prop line-limit-length\"><span\n                                        class=\"property-title\">Ominaisuudet:&nbsp;<\/span><span\n                                        class=\"property-desc line-limit-length\">KAUKOS\u00c4\u00c4DIN<\/span>\n                            <\/li>\n<\/ul><\/div>\n<div class=\"detailmodule_html\">\n<div class=\"detail-desc-decorate-richtext\">\n<p><\/p>\n<div>\u00a0<\/div>\n<p><span style=\"background-color:rgb(252, 220, 0);color:rgb(244, 78, 59);font-size:18px\"><strong>HUOMAUTUS:<\/strong><\/span><\/p>\n<p><span style=\"color:rgb(244, 78, 59);font-size:18px\">1. T\u00e4m\u00e4 ei ole tavallinen kauko-ohjattava leluauto, koska kauko-ohjattava auto on liian nopea. On suositeltavaa k\u00e4ytt\u00e4\u00e4 kauko-ohjattavaa autoa avoimilla alueilla esteisiin t\u00f6rm\u00e4\u00e4misen v\u00e4ltt\u00e4miseksi.<\/span><\/p>\n<p><span style=\"color:rgb(244, 78, 59);font-size:18px\">2. V\u00e4hitt\u00e4ismyyntipakkaus on valmistettu vaahtomuovista, mik\u00e4 voi v\u00e4hent\u00e4\u00e4 tuotteen vaurioitumista kuljetuksen aikana. Alkuper\u00e4iset laatikot eiv\u00e4t sis\u00e4lly pakkaukseen.<\/span><\/p>\n<p><\/p>\n<p><\/p>\n<p><strong><span style=\"font-size:18px\">Huomioitavaa akkua k\u00e4ytett\u00e4ess\u00e4: (myyd\u00e4\u00e4n erikseen, ota tarvittaessa yhteytt\u00e4)<\/span><\/strong><\/p>\n<p><span style=\"font-size:18px\">1. Kun akku on tyhj\u00e4, se on ladattava ajoissa, jotta akussa on varmasti ylim\u00e4\u00e4r\u00e4ist\u00e4 virtaa. Jos akku on t\u00e4ysin tyhj\u00e4, akku ei lataudu.<\/span><\/p>\n<p><span style=\"font-size:18px\">2. Kun lataat akkua, irrota yhteys kauko-ohjattavasta autosta. Muista ottaa akku pois latauksen ajaksi erikseen.<\/span><\/p>\n<p><span style=\"font-size:18px\">3. Jos et k\u00e4yt\u00e4 kauko-ohjattavaa autoa, irrota akku kauko-ohjattavan auton johdosta, \u00e4l\u00e4 miss\u00e4\u00e4n nimess\u00e4 kytke sit\u00e4, ja lataa akku t\u00e4yteen, muuten se vahingoittaa akkua.<\/span><\/p>\n<p><\/p>\n<p><\/p>\n<p><strong><span style=\"font-size:18px\">1:14 70KM\/H 4WD RC-auto LED-valoilla ja kauko-ohjattavilla autoilla, nopealla ajelehtivalla hirvi\u00f6autolla lapsille<\/span><\/strong><\/p>\n<p><\/p>\n<p><\/p>\n<p><span style=\"font-size:18px\">Huomautus: Muista tunnistaa malli ennen tilauksen tekemist\u00e4. Mallin parametrit ovat seuraavat:<\/span><\/p>\n<p><\/p>\n<p><\/p>\n<p><span style=\"font-size:18px\">Tuotekokoonpano: S\u00e4hk\u00f6k\u00e4ytt\u00f6inen nelivetoinen maastoajoneuvo (UDR)<\/span><\/p>\n<p><span style=\"font-size:18px\">Tuotemateriaali: laitteisto; elektroniikka; muovi<\/span><\/p>\n<p><span style=\"font-size:18px\">Tuotteen koko: 34,5 * 20,5 * 14,8 CM<\/span><\/p>\n<p><span style=\"font-size:18px\">V\u00e4ri: sininen\/punainen (siveltimell\u00e4), oranssi (harjaton)<\/span><\/p>\n<p><span style=\"font-size:18px\">Rungon akku: harjallinen: 7.4V 1300mAH 15C litiumioniakku (T-pistoke) Harjaton: 7.4V 1500mAH 15C litiumioniakku (T-pistoke)<\/span><\/p>\n<p><span style=\"font-size:18px\">K\u00e4ytt\u00f6aika: 15\u201318 minuuttia (jatkuva t\u00e4ydell\u00e4 nopeudella)<\/span><\/p>\n<p><span style=\"font-size:18px\">Kaukos\u00e4\u00e4timen paristot: 3 AA-paristoa (ei pakkauksessa)<\/span><\/p>\n<p><span style=\"font-size:18px\">Latausaika: 3\u20133,5 tuntia (USB-tasapainolataus)<\/span><\/p>\n<p><span style=\"font-size:18px\">Taajuus: 2,4 GHz (tukee useita autoja samalla kent\u00e4ll\u00e4)<\/span><\/p>\n<p><span style=\"font-size:18px\">Kauko-ohjausluokka: t\u00e4ysimittainen synkroninen ohjausj\u00e4rjestelm\u00e4 (aseen ohjaus)<\/span><\/p>\n<p><span style=\"font-size:18px\">ESC\/Vastaanotin: 35A ESC\/Vastaanotin integroitu ohjaus (roiskevesitiivis)<\/span><\/p>\n<p><span style=\"font-size:18px\">Nopeus: Harjallinen: 50 km\/h (huippunopeus) Harjaton: 70 km\/h<\/span><\/p>\n<p><span style=\"font-size:18px\">Valojen kokoonpano: LED-ajovalo, LED-kattovalo, LED-takavalo<\/span><\/p>\n<p><span style=\"font-size:18px\">Kaukos\u00e4\u00e4timen et\u00e4isyys (m): \u2265120 m<\/span><\/p>\n<p><span style=\"font-size:18px\">Moottori: harjallinen: RC390 nopea hiiliharja, vahva magneetti (magneettinen suojaus + j\u00e4\u00e4hdytyselementti) harjaton: 2847 harjaton moottori (4000 kV-arvo)<\/span><\/p>\n<p><span style=\"font-size:18px\">Servo: harjallinen: viisijohtiminen 17G ohjausservo, harjaton: kolmijohtiminen 17G digitaalinen servo<\/span><\/p>\n<p><span style=\"font-size:18px\">Akseliv\u00e4lin parametrit: akseliv\u00e4li: 185 mm; akseliv\u00e4li: 188 mm; py\u00f6r\u00e4n halkaisija: 85 mm<\/span><\/p>\n<p><span style=\"font-size:18px\">Differentiaalirakenne: planeettapy\u00f6r\u00e4st\u00f6differentiaali<\/span><\/p>\n<p><\/p>\n<p><span style=\"font-size:18px\">Suojaustoiminnot: 1. lataus; 2. tukkeutuminen; 3. korkea l\u00e4mp\u00f6tila; 4. matala paine<\/span><\/p>\n<p><\/p>\n<p><\/p>\n<p><strong><span style=\"font-size:18px\">Toiminto:<\/span><\/strong><\/p>\n<p><\/p>\n<p><span style=\"font-size:18px\">1. Simulaatiorakenteen suunnittelun k\u00e4ytt\u00f6 todellisella auton ohjaustuntumalla t\u00e4yden suhteellisen portaattoman nopeuden, nopean ajon, nopean kiihtyvyyden, hidastuvuuden, jarrutuksen, peruutuksen, vasemmalle k\u00e4\u00e4ntymisen ja oikealle k\u00e4\u00e4ntymisen saavuttamiseksi.<\/span><\/p>\n<p><span style=\"font-size:18px\">2. Soveltuvat paikat: tasainen, hiekka, muta, ruoho.<\/span><\/p>\n<p><span style=\"font-size:18px\">3. Neliveto: edess\u00e4 ja takana pystyjousitus, kaksoiskolmiotukivarsi-erillisjousitus.<\/span><\/p>\n<p><span style=\"font-size:18px\">4. 2.4G t\u00e4ysin proportionaalinen synkronoitu kauko-ohjausj\u00e4rjestelm\u00e4. T\u00e4ysin proportionaalinen kaasu\/ohjaus.<\/span><\/p>\n<p><span style=\"font-size:18px\">5. 2.4G roiskevesitiivis nelisuuntainen 30A integroitu ESC\/vastaanotin.<\/span><\/p>\n<p><span style=\"font-size:18px\">6. Etupy\u00f6r\u00e4n ristikk\u00e4inen pallonivelvetoakseli, takapy\u00f6r\u00e4n jaettu koiranluuvetoakseli.<\/span><\/p>\n<p><span style=\"font-size:18px\">7. Viisijohtiminen 17G-servo.<\/span><\/p>\n<p><span style=\"font-size:18px\">8. Superakun j\u00e4nnite: 7,4 V, 18650-1500\/1300 mAh litiumioniakku (T-pistoke), purkausnopeus 10 \u00b0C.<\/span><\/p>\n<p><span style=\"font-size:18px\">9. Koko auto 16 kuulalaakerilla.<\/span><\/p>\n<p><span style=\"font-size:18px\">10. Metallinen toisen lattian levy, metallinen etu- ja takatukivarsien koodi, metallinen keskivetoakseli.<\/span><\/p>\n<p><span style=\"font-size:18px\">11. Kuori on valmistettu eritt\u00e4in kest\u00e4v\u00e4st\u00e4 r\u00e4j\u00e4hdyssuojatusta PVC-kuoresta.<\/span><\/p>\n<p><span style=\"font-size:18px\">12. Kuori on varustettu LED-ajovaloilla, LED-kattovalolla ja LED-takavalolla (kolme tilaa: jatkuva valo, hidas vilkku, nopea vilkku).<\/span><\/p>\n<p><span style=\"font-size:18px\">13. Maastorenkaiden simulointi, vahva pito.<\/span><\/p>\n<p><\/p>\n<p><\/p>\n<p><span style=\"font-size:18px\">Tarvikkeet: 1) koko auto; 2) kaukos\u00e4\u00e4din; 3) kiinan- ja englanninkieliset ohjeet; 4) litiumakku; 5) USB-tasapainotuslaturi; 6) per\u00e4; 7) head-up-ohjauspy\u00f6r\u00e4; 8) iskunvaimentimen s\u00e4\u00e4t\u00f6solki; 9) metallitapit; 10) kuusikulmainen holkki; 11) harjaton versio k\u00e4ytt\u00f6ohjekirjasta<\/span><\/p>\n<p><\/p>\n<p><\/p>\n<p><strong><span style=\"font-size:18px\">Huomautus:<\/span><\/strong><\/p>\n<p><span style=\"font-size:18px\">1: Lataussuoja: vakiovirran ja j\u00e4nnitteen tasapainotettu lataus, suojaustoiminto akun ylilataukselta ja ylivirralta.<\/span><\/p>\n<p><span style=\"font-size:18px\">2: Moottorin jumiutumissuoja: moottori lakkaa toimimasta, jos se ylikuormittuu<\/span><\/p>\n<p><span style=\"font-size:18px\">3: korkean l\u00e4mp\u00f6tilan suojaus: kun k\u00e4ytt\u00f6l\u00e4mp\u00f6tila on korkeampi kuin asetettu tilanne, taajuusmuuttajan ohjauspiiri lakkaa toimimasta ja jatkaa sitten toimintaansa, kun l\u00e4mp\u00f6tila laskee turvalliseen arvoon.<\/span><\/p>\n<p><span style=\"font-size:18px\">4: ESC:n matalaj\u00e4nnitteinen virrankatkaisutoiminto, akun j\u00e4nnite alle 6,3\u20136,4 V, automaattinen virrankatkaisu akun vaurioitumisen est\u00e4miseksi ylipurkautumisen aikana. <\/span><\/p>\n<p><img decoding=\"async\" src=\"https:\/\/ae01.alicdn.com\/kf\/Se567db099fec4a92bd20ebfba3621e3bl.jpg?width=1000&amp;height=563&amp;hash=1563\" slate-data-type=\"image\"\/><img decoding=\"async\" src=\"https:\/\/ae01.alicdn.com\/kf\/S53c3d7c524304dd79a1886aa2584f3efC.jpg?width=1920&amp;height=1080&amp;hash=3000\" slate-data-type=\"image\"\/><img decoding=\"async\" src=\"https:\/\/ae01.alicdn.com\/kf\/S9510f83b39cc44f0bbdf6cedf30b7c3c9.jpg?width=1000&amp;height=563&amp;hash=1563\" slate-data-type=\"image\"\/><img decoding=\"async\" src=\"https:\/\/ae01.alicdn.com\/kf\/S9ef33f0694c14d4a9f811426034ff526f.jpg?width=1000&amp;height=1441&amp;hash=2441\" slate-data-type=\"image\"\/><img decoding=\"async\" src=\"https:\/\/ae01.alicdn.com\/kf\/S61f050d298fe420195142a9333e3f435u.jpg?width=1000&amp;height=1400&amp;hash=2400\" slate-data-type=\"image\"\/><img decoding=\"async\" src=\"https:\/\/ae01.alicdn.com\/kf\/S3c618fa993be4c0fb97db5009d3fde1fN.jpg?width=1000&amp;height=1405&amp;hash=2405\" slate-data-type=\"image\"\/><img decoding=\"async\" src=\"https:\/\/ae01.alicdn.com\/kf\/S4c644255151e434392918fb12bcefd9f1.jpg?width=1000&amp;height=1399&amp;hash=2399\" slate-data-type=\"image\"\/><img decoding=\"async\" src=\"https:\/\/ae01.alicdn.com\/kf\/Sa9ab599225c14e41a1e95825a3ebbf8de.jpg?width=1000&amp;height=1397&amp;hash=2397\" slate-data-type=\"image\"\/><img decoding=\"async\" src=\"https:\/\/ae01.alicdn.com\/kf\/Secd4dda439db4628abbe77ce4db4a9ebN.jpg?width=1000&amp;height=1404&amp;hash=2404\" slate-data-type=\"image\"\/><img decoding=\"async\" src=\"https:\/\/ae01.alicdn.com\/kf\/S47a9cbcfd5e54669bda823cf0ac5a039V.jpg?width=1000&amp;height=1397&amp;hash=2397\" slate-data-type=\"image\"\/><img decoding=\"async\" src=\"https:\/\/ae01.alicdn.com\/kf\/Sa76f77c19e0b47f4af0c3be2e78d05bfL.jpg?width=1000&amp;height=1397&amp;hash=2397\" slate-data-type=\"image\"\/><img decoding=\"async\" src=\"https:\/\/ae01.alicdn.com\/kf\/S77000bbb2bf94ed59306cab7def97382g.jpg?width=1000&amp;height=1397&amp;hash=2397\" slate-data-type=\"image\"\/><img decoding=\"async\" src=\"https:\/\/ae01.alicdn.com\/kf\/Scf3666ab514040df8464cccd282a6da95.jpg?width=1000&amp;height=1385&amp;hash=2385\" slate-data-type=\"image\"\/><img decoding=\"async\" src=\"https:\/\/ae01.alicdn.com\/kf\/S9e2e5d55c3424102a3f6b3137de8a594M.jpg?width=1000&amp;height=1449&amp;hash=2449\" slate-data-type=\"image\"\/><img decoding=\"async\" src=\"https:\/\/ae01.alicdn.com\/kf\/S4dfcff3ac53e4d67a744f11cc0708bd8C.jpg?width=1000&amp;height=1761&amp;hash=2761\" slate-data-type=\"image\"\/><img decoding=\"async\" src=\"https:\/\/ae01.alicdn.com\/kf\/S19fc1169693c44a399265a91c9455a2dz.jpg?width=1000&amp;height=1928&amp;hash=2928\" slate-data-type=\"image\"\/><img decoding=\"async\" src=\"https:\/\/ae01.alicdn.com\/kf\/S0ba84fbb3176483396415be9ef4133b3N.jpg?width=1000&amp;height=1080&amp;hash=2080\" slate-data-type=\"image\"\/><img decoding=\"async\" src=\"https:\/\/ae01.alicdn.com\/kf\/S2b682f577c8b494c92ac54f1aec56d32z.jpg?width=1000&amp;height=1639&amp;hash=2639\" slate-data-type=\"image\"\/><img decoding=\"async\" src=\"https:\/\/ae01.alicdn.com\/kf\/S6be2c491d0754d85b25534db2dce6db5E.jpg?width=1000&amp;height=1820&amp;hash=2820\" slate-data-type=\"image\"\/><img decoding=\"async\" src=\"https:\/\/ae01.alicdn.com\/kf\/Saa56d418672947e2bcbafa0cfc1120a1A.jpg?width=1000&amp;height=2258&amp;hash=3258\" slate-data-type=\"image\"\/><img decoding=\"async\" src=\"https:\/\/ae01.alicdn.com\/kf\/S66c5f994236b46929dbcfd1289e1eb141.jpg?width=1000&amp;height=1963&amp;hash=2963\" slate-data-type=\"image\"\/><img decoding=\"async\" src=\"https:\/\/ae01.alicdn.com\/kf\/S9299c24b12654ad5b0a25aec88462a69Y.jpg?width=1000&amp;height=2037&amp;hash=3037\" slate-data-type=\"image\"\/><img decoding=\"async\" src=\"https:\/\/ae01.alicdn.com\/kf\/S8ac5907d9f30484da270822a42d2822cR.jpg?width=1000&amp;height=2072&amp;hash=3072\" slate-data-type=\"image\"\/><img decoding=\"async\" src=\"https:\/\/ae01.alicdn.com\/kf\/Sd5f7a02f4e14434ba3f7335c9a267524K.jpg?width=1000&amp;height=1456&amp;hash=2456\" slate-data-type=\"image\"\/><img decoding=\"async\" src=\"https:\/\/ae01.alicdn.com\/kf\/S81362050aba64a44953c2ec135c0f34bu.jpg?width=1000&amp;height=2296&amp;hash=3296\" slate-data-type=\"image\"\/><img decoding=\"async\" src=\"https:\/\/ae01.alicdn.com\/kf\/S7e943d06e7304a77a66facc4ee541992N.jpg?width=1000&amp;height=1632&amp;hash=2632\" slate-data-type=\"image\"\/><img decoding=\"async\" src=\"https:\/\/ae01.alicdn.com\/kf\/S2c1f060449dc44078676b395f1db3487a.jpg?width=1000&amp;height=1120&amp;hash=2120\" slate-data-type=\"image\"\/><img decoding=\"async\" src=\"https:\/\/ae01.alicdn.com\/kf\/S96c2af7ccf384397a23d085c99f9152b2.jpg?width=1000&amp;height=1099&amp;hash=2099\" slate-data-type=\"image\"\/><img decoding=\"async\" src=\"https:\/\/ae01.alicdn.com\/kf\/S1a23ecc43dfa45f2b167e0d57a62586e3.jpg?width=1000&amp;height=1163&amp;hash=2163\" slate-data-type=\"image\"\/><img decoding=\"async\" src=\"https:\/\/ae01.alicdn.com\/kf\/Sc407db5976c144ccb639172761b2b061O.jpg?width=1000&amp;height=1203&amp;hash=2203\" slate-data-type=\"image\"\/><img decoding=\"async\" src=\"https:\/\/ae01.alicdn.com\/kf\/Sf1a233edfa63481685584aae710cd82fd.jpg?width=1000&amp;height=1495&amp;hash=2495\" slate-data-type=\"image\"\/><\/p>\n<p><\/div>\n<\/div>\n<p><\/p>","protected":false},"excerpt":{"rendered":"<p>Certificate Number:&nbsp;As Show CE:&nbsp;Certificate Is Electric:&nbsp;lithium battery Barcode:&nbsp;No Throttle servo:&nbsp;2847 brushless motor\/390 carbon brush strong magnetic motor Steering servo:&nbsp;Brushed: five-wire 17G steering servo \/ Brushless: three-wire 17G digi Power:&nbsp;70KM\/H or<\/p>","protected":false},"featured_media":25697,"comment_status":"open","ping_status":"closed","template":"","meta":{"_acf_changed":false},"product_brand":[],"product_cat":[519],"product_tag":[],"class_list":{"0":"post-25696","1":"product","2":"type-product","3":"status-publish","4":"has-post-thumbnail","6":"product_cat-rc-cars","8":"first","9":"instock","10":"shipping-taxable","11":"purchasable","12":"product-type-variable"},"acf":[],"_links":{"self":[{"href":"https:\/\/electricstore.eu\/fi\/wp-json\/wp\/v2\/product\/25696","targetHints":{"allow":["GET"]}}],"collection":[{"href":"https:\/\/electricstore.eu\/fi\/wp-json\/wp\/v2\/product"}],"about":[{"href":"https:\/\/electricstore.eu\/fi\/wp-json\/wp\/v2\/types\/product"}],"replies":[{"embeddable":true,"href":"https:\/\/electricstore.eu\/fi\/wp-json\/wp\/v2\/comments?post=25696"}],"wp:featuredmedia":[{"embeddable":true,"href":"https:\/\/electricstore.eu\/fi\/wp-json\/wp\/v2\/media\/25697"}],"wp:attachment":[{"href":"https:\/\/electricstore.eu\/fi\/wp-json\/wp\/v2\/media?parent=25696"}],"wp:term":[{"taxonomy":"product_brand","embeddable":true,"href":"https:\/\/electricstore.eu\/fi\/wp-json\/wp\/v2\/product_brand?post=25696"},{"taxonomy":"product_cat","embeddable":true,"href":"https:\/\/electricstore.eu\/fi\/wp-json\/wp\/v2\/product_cat?post=25696"},{"taxonomy":"product_tag","embeddable":true,"href":"https:\/\/electricstore.eu\/fi\/wp-json\/wp\/v2\/product_tag?post=25696"}],"curies":[{"name":"wp","href":"https:\/\/api.w.org\/{rel}","templated":true}]}}