{"id":25643,"date":"2025-05-20T19:00:23","date_gmt":"2025-05-20T19:00:23","guid":{"rendered":"https:\/\/electricstore.eu\/p\/uncategorized\/wltoys-16101-4wd-remote-control-car-with-led-off-road-4x4-rc-50km-h-high-speed-buggy-truck-super-desert-racing-toy-kids-adults\/"},"modified":"2025-05-20T19:05:28","modified_gmt":"2025-05-20T19:05:28","slug":"wltoys-16101-4wd-remote-control-car-with-led-off-road-4x4-rc-50km-h-high-speed-buggy-truck-super-desert-racing-toy-kids-adults","status":"publish","type":"product","link":"https:\/\/electricstore.eu\/fi\/p\/rc\/rc-cars\/wltoys-16101-4wd-remote-control-car-with-led-off-road-4x4-rc-50km-h-high-speed-buggy-truck-super-desert-racing-toy-kids-adults\/","title":{"rendered":"WLtoys 16101 4WD kauko-ohjattava auto LED-valoilla, maastoauto, 4\u00d74 RC 50KM\/H, nopea buggy-kuorma-auto, superaavikkokilpa-lelu lapsille, aikuisille"},"content":{"rendered":"<div class=\"product-specs-list-container\">\n<ul class=\"product-specs-list util-clearfix\">\n<li class=\"product-prop line-limit-length\"><span\n                                        class=\"property-title\">Huolenaiheinen kemikaali:&nbsp;<\/span><span\n                                        class=\"property-desc line-limit-length\">Ei mit\u00e4\u00e4n<\/span>\n                            <\/li>\n<li class=\"product-prop line-limit-length\"><span\n                                        class=\"property-title\">Todistuksen numero:&nbsp;<\/span><span\n                                        class=\"property-desc line-limit-length\">Kuten n\u00e4yt\u00e4<\/span>\n                            <\/li>\n<li class=\"product-prop line-limit-length\"><span\n                                        class=\"property-title\">CE-arvo:&nbsp;<\/span><span\n                                        class=\"property-desc line-limit-length\">Todistus<\/span>\n                            <\/li>\n<li class=\"product-prop line-limit-length\"><span\n                                        class=\"property-title\">Onko s\u00e4hk\u00f6inen:&nbsp;<\/span><span\n                                        class=\"property-desc line-limit-length\">litiumparisto<\/span>\n                            <\/li>\n<li class=\"product-prop line-limit-length\"><span\n                                        class=\"property-title\">Viivakoodi:&nbsp;<\/span><span\n                                        class=\"property-desc line-limit-length\">Ei<\/span>\n                            <\/li>\n<li class=\"product-prop line-limit-length\"><span\n                                        class=\"property-title\">Kaasuvivun servo:&nbsp;<\/span><span\n                                        class=\"property-desc line-limit-length\">Kuten n\u00e4yt\u00e4<\/span>\n                            <\/li>\n<li class=\"product-prop line-limit-length\"><span\n                                        class=\"property-title\">Ohjaustehostin:&nbsp;<\/span><span\n                                        class=\"property-desc line-limit-length\">5 rivi\u00e4, 17 g<\/span>\n                            <\/li>\n<li class=\"product-prop line-limit-length\"><span\n                                        class=\"property-title\">Teho:&nbsp;<\/span><span\n                                        class=\"property-desc line-limit-length\">RC390 suurnopeusmoottori<\/span>\n                            <\/li>\n<li class=\"product-prop line-limit-length\"><span\n                                        class=\"property-title\">Kokouksen osavaltio:&nbsp;<\/span><span\n                                        class=\"property-desc line-limit-length\">Valmis l\u00e4ht\u00f6\u00f6n<\/span>\n                            <\/li>\n<li class=\"product-prop line-limit-length\"><span\n                                        class=\"property-title\">Lentoaika:&nbsp;<\/span><span\n                                        class=\"property-desc line-limit-length\">15\u201318 minuuttia (jatkuva t\u00e4ydell\u00e4 nopeudella juokseminen)<\/span>\n                            <\/li>\n<li class=\"product-prop line-limit-length\"><span\n                                        class=\"property-title\">Rengasj\u00e4lki:&nbsp;<\/span><span\n                                        class=\"property-desc line-limit-length\">172 mm<\/span>\n                            <\/li>\n<li class=\"product-prop line-limit-length\"><span\n                                        class=\"property-title\">Akseliv\u00e4li:&nbsp;<\/span><span\n                                        class=\"property-desc line-limit-length\">185 mm<\/span>\n                            <\/li>\n<li class=\"product-prop line-limit-length\"><span\n                                        class=\"property-title\">Varoitus:&nbsp;<\/span><span\n                                        class=\"property-desc line-limit-length\">Ei mit\u00e4\u00e4n<\/span>\n                            <\/li>\n<li class=\"product-prop line-limit-length\"><span\n                                        class=\"property-title\">Et\u00e4isyys:&nbsp;<\/span><span\n                                        class=\"property-desc line-limit-length\">80 metri\u00e4<\/span>\n                            <\/li>\n<li class=\"product-prop line-limit-length\"><span\n                                        class=\"property-title\">Takuu:&nbsp;<\/span><span\n                                        class=\"property-desc line-limit-length\">Ei mit\u00e4\u00e4n<\/span>\n                            <\/li>\n<li class=\"product-prop line-limit-length\"><span\n                                        class=\"property-title\">Skaala:&nbsp;<\/span><span\n                                        class=\"property-desc line-limit-length\">1:16<\/span>\n                            <\/li>\n<li class=\"product-prop line-limit-length\"><span\n                                        class=\"property-title\">Mitat:&nbsp;<\/span><span\n                                        class=\"property-desc line-limit-length\">32 * 20,5 * 14 CM<\/span>\n                            <\/li>\n<li class=\"product-prop line-limit-length\"><span\n                                        class=\"property-title\">V\u00e4\u00e4nt\u00f6momentti:&nbsp;<\/span><span\n                                        class=\"property-desc line-limit-length\">Kuten n\u00e4yt\u00e4<\/span>\n                            <\/li>\n<li class=\"product-prop line-limit-length\"><span\n                                        class=\"property-title\">Mallinumero:&nbsp;<\/span><span\n                                        class=\"property-desc line-limit-length\">S386<\/span>\n                            <\/li>\n<li class=\"product-prop line-limit-length\"><span\n                                        class=\"property-title\">Paketti sis\u00e4lt\u00e4\u00e4:&nbsp;<\/span><span\n                                        class=\"property-desc line-limit-length\">Paristot, K\u00e4ytt\u00f6ohjeet, Kaukos\u00e4\u00e4din, USB-KAAPELI<\/span>\n                            <\/li>\n<li class=\"product-prop line-limit-length\"><span\n                                        class=\"property-title\">Ohjauskanavat:&nbsp;<\/span><span\n                                        class=\"property-desc line-limit-length\">4 kanavaa<\/span>\n                            <\/li>\n<li class=\"product-prop line-limit-length\"><span\n                                        class=\"property-title\">Ohjaintila:&nbsp;<\/span><span\n                                        class=\"property-desc line-limit-length\">TILA2<\/span>\n                            <\/li>\n<li class=\"product-prop line-limit-length\"><span\n                                        class=\"property-title\">Latausj\u00e4nnite:&nbsp;<\/span><span\n                                        class=\"property-desc line-limit-length\">5V<\/span>\n                            <\/li>\n<li class=\"product-prop line-limit-length\"><span\n                                        class=\"property-title\">Kaukos\u00e4\u00e4din:&nbsp;<\/span><span\n                                        class=\"property-desc line-limit-length\">Kyll\u00e4<\/span>\n                            <\/li>\n<li class=\"product-prop line-limit-length\"><span\n                                        class=\"property-title\">Materiaali:&nbsp;<\/span><span\n                                        class=\"property-desc line-limit-length\">Metalli, muovi<\/span>\n                            <\/li>\n<li class=\"product-prop line-limit-length\"><span\n                                        class=\"property-title\">Tuotemerkki:&nbsp;<\/span><span\n                                        class=\"property-desc line-limit-length\">WDSZKMYF<\/span>\n                            <\/li>\n<li class=\"product-prop line-limit-length\"><span\n                                        class=\"property-title\">Suositeltu ik\u00e4:&nbsp;<\/span><span\n                                        class=\"property-desc line-limit-length\">14+ vuotta<\/span>\n                            <\/li>\n<li class=\"product-prop line-limit-length\"><span\n                                        class=\"property-title\">Alkuper\u00e4:&nbsp;<\/span><span\n                                        class=\"property-desc line-limit-length\">Manner-Kiina<\/span>\n                            <\/li>\n<li class=\"product-prop line-limit-length\"><span\n                                        class=\"property-title\">Design:&nbsp;<\/span><span\n                                        class=\"property-desc line-limit-length\">Maastopy\u00f6r\u00e4<\/span>\n                            <\/li>\n<li class=\"product-prop line-limit-length\"><span\n                                        class=\"property-title\">Tyyppi:&nbsp;<\/span><span\n                                        class=\"property-desc line-limit-length\">Auto<\/span>\n                            <\/li>\n<li class=\"product-prop line-limit-length\"><span\n                                        class=\"property-title\">Ominaisuudet:&nbsp;<\/span><span\n                                        class=\"property-desc line-limit-length\">KAUKOS\u00c4\u00c4DIN<\/span>\n                            <\/li>\n<\/ul><\/div>\n<div class=\"detailmodule_html\">\n<div class=\"detail-desc-decorate-richtext\">\n<div><span style=\"color:rgba(244,78,59,255)\"><strong>Hyv\u00e4 yst\u00e4v\u00e4, voit valita yhden akun tai kahden akun v\u00e4lill\u00e4<br \/><\/strong><\/span><\/div>\n<p><strong><span style=\"color:rgb(0, 0, 0)\">Kysymykset ja vastaukset<\/span><\/strong><\/p>\n<p><span style=\"color:rgb(0, 0, 0)\">K1: Miksi kauko-ohjattavan auton renkaat ovat n\u00e4kyviss\u00e4?<\/span><\/p>\n<p><span style=\"color:rgb(0, 0, 0)\">A: [Erikoisrakenne] Varvaspito on vahva eik\u00e4 helposti ajaudu pois, mik\u00e4 auttaa parantamaan korin vakautta ja renkaan pitoa kaarteissa.<\/span><\/p>\n<p><span style=\"color:rgb(0, 0, 0)\">K2: Kuinka kauko-ohjattavan auton renkaiden kaltevuutta s\u00e4\u00e4det\u00e4\u00e4n?<\/span><\/p>\n<p><span style=\"color:rgb(0, 0, 0)\">A: Sit\u00e4 voidaan s\u00e4\u00e4t\u00e4\u00e4 kaukos\u00e4\u00e4timen hienos\u00e4\u00e4t\u00f6- ja kaasun hienos\u00e4\u00e4t\u00f6painikkeilla.<\/span><\/p>\n<p><span style=\"color:rgb(0, 0, 0)\">K3: Mit\u00e4 minun pit\u00e4isi tehd\u00e4, jos en l\u00f6yd\u00e4 lis\u00e4varusteitani?<\/span><\/p>\n<p><span style=\"color:rgb(0, 0, 0)\">A: Tarkista paketti ensin huolellisesti. Jos et l\u00f6yd\u00e4 sit\u00e4, auta meit\u00e4 kuvaamaan koko purkausvideo, niin tarkistamme asian varastomme kanssa ja tarjoamme vastaavan ratkaisun.<\/span><\/p>\n<p><span style=\"color:rgb(0, 0, 0)\">K4: K: Mit\u00e4 minun pit\u00e4isi tehd\u00e4, jos minulla on myynnin j\u00e4lkeisi\u00e4 ongelmia?<\/span><\/p>\n<p><span style=\"color:rgb(0, 0, 0)\">V: Voitte olla varmoja, ett\u00e4 jos ilmenee ongelmia, olemme aina palveluksessanne ratkaistaksemme ongelmanne tehokkaammin ja saadaksemme ammattimaista apua. He vastaavat kysymyksiisi 24 tunnin kuluessa.<\/span><\/p>\n<p><span style=\"color:rgb(0, 0, 0)\">K5: Mit\u00e4 minun pit\u00e4isi tehd\u00e4, kun kaukos\u00e4\u00e4dint\u00e4ni ei voida yhdist\u00e4\u00e4 kaukos\u00e4\u00e4timeen?<\/span><\/p>\n<p><span style=\"color:rgb(0, 0, 0)\">A: Varmista, ett\u00e4 akku on t\u00e4yteen ladattu. Yhdist\u00e4 sitten leluauto ja kaukos\u00e4\u00e4din manuaalisesti. Voit my\u00f6s katsoa k\u00e4ytt\u00f6oppaasta lis\u00e4tietoja leluautojen yhdist\u00e4misest\u00e4. Voit testata emolevyn j\u00e4nnitteen, jotta voit analysoida ongelman.<\/span><\/p>\n<p><span style=\"color:rgb(0, 0, 0)\">K6: Mit\u00e4 minun pit\u00e4isi tehd\u00e4, kun leikkiauto voi k\u00e4\u00e4nty\u00e4, mutta ei liiku eteen- tai taaksep\u00e4in, kun kaukos\u00e4\u00e4din on yhdistetty kaukos\u00e4\u00e4timeen?<\/span><\/p>\n<p><span style=\"color:rgb(0, 0, 0)\">A: Tarkista ensin, onko akku t\u00e4yteen ladattu, ja testaa sitten emolevyn ja moottorin j\u00e4nnite, jotta voit analysoida, mik\u00e4 ongelma on.<\/span><\/p>\n<p><span style=\"background-color:rgb(252, 220, 0);color:rgb(244, 78, 59)\"><strong>HUOMAUTUS:<\/strong><\/span><\/p>\n<p><span style=\"color:rgb(244, 78, 59)\">1. SCY-16106:n ihanteellinen nopeus on 50 km\/h, mutta todelliseen nopeuteen vaikuttavat muut tekij\u00e4t, kuten sijainti. SCY-16106:n todellinen nopeus on noin 38 km\/h.<\/span><\/p>\n<p><span style=\"color:rgb(244, 78, 59)\">2. V\u00e4hitt\u00e4ismyyntipakkaus on valmistettu vaahtomuovista, mik\u00e4 voi v\u00e4hent\u00e4\u00e4 tuotteen vaurioitumista kuljetuksen aikana. Alkuper\u00e4iset laatikot eiv\u00e4t sis\u00e4lly pakkaukseen.<\/span><\/p>\n<p><strong>Huomioi akkua k\u00e4ytt\u00e4ess\u00e4si:<\/strong><\/p>\n<p>Kun olet vastaanottanut tuotteen, poista akku ja lataa se, ja k\u00e4yt\u00e4 sit\u00e4 sitten latauksen j\u00e4lkeen.<\/p>\n<p>1. Kun akku on tyhj\u00e4, se on ladattava ajoissa, jotta akussa on varmasti ylim\u00e4\u00e4r\u00e4ist\u00e4 virtaa. Jos akku on t\u00e4ysin tyhj\u00e4, akku ei lataudu.<\/p>\n<p>2. Kun lataat akkua, irrota yhteys kauko-ohjattavasta autosta. Muista ottaa akku pois latauksen ajaksi erikseen.<\/p>\n<p>3. Jos et k\u00e4yt\u00e4 kauko-ohjattavaa autoa, irrota akku kauko-ohjattavan auton johdosta, \u00e4l\u00e4 miss\u00e4\u00e4n nimess\u00e4 kytke sit\u00e4, ja lataa akku t\u00e4yteen, muuten se vahingoittaa akkua.<\/p>\n<p>4. Akun ostolinkki: https:\/\/www.aliexpress.us\/item\/3256805004857810.html?spm=5261.ProductManageOnline.0.0.65ca4edfQ08pDK&amp;gatewayAdapt=glo2usa4itemAdapt&amp;_randl_shipto=US<\/p>\n<p><strong>Suosittelemme: katsomaan videon ja lukemaan kuvauksemme huolellisesti ennen ostamista<\/strong><\/p>\n<p>Tuotteen nimi: SCY-16106<\/p>\n<p>Koko: 32 * 20,5 * 14 CM<\/p>\n<p>Suurin nopeus: 50 km\/h<\/p>\n<p>Akku: 7,4 V 1300 mAh<\/p>\n<p>K\u00e4ytt\u00f6moottori: RC390 nopea hiiliharjainen vahva magneettinen (magneettinen suojaus + j\u00e4\u00e4hdytyselementti) moottori<\/p>\n<p>Ty\u00f6aika: 15-18 minuuttia<\/p>\n<p><strong>Ominaisuudet<\/strong><\/p>\n<p>1. Simulaatiorakenteen suunnittelun k\u00e4ytt\u00f6 todellisella auton ohjaustuntumalla t\u00e4yden mittakaavan portaattoman nopeuden, nopean ajon, nopean kiihtyvyyden, hidastuvuuden, jarrutuksen, peruutuksen, vasemmalle k\u00e4\u00e4ntymisen ja oikealle k\u00e4\u00e4ntymisen saavuttamiseksi.<\/p>\n<p>2. Soveltuvat paikat: tasainen maa, hiekka, muta, ruoho.<\/p>\n<p>3. Neliveto: edess\u00e4 ja takana pystyjousitus, kaksoiskolmiotukivarsi-erillisjousitus.<\/p>\n<p>4. 2.4G t\u00e4ysin proportionaalinen synkronoitu kauko-ohjausj\u00e4rjestelm\u00e4. T\u00e4ysin proportionaalinen kaasu\/ohjaus.<\/p>\n<p>5. 2.4G roiskevesitiivis nelisuuntainen 30A integroitu ESC\/vastaanotin.<\/p>\n<p>6. Etupy\u00f6r\u00e4n ristikk\u00e4inen pallonivelvetoakseli, takapy\u00f6r\u00e4n jaettu koiranluuvetoakseli.<\/p>\n<p>7. Viisijohtiminen 17G-servo.<\/p>\n<p>8. Superakun teho: 7,4 V, 18650\u20131300 mAh litiumioniakku (T-pistoke), purkausnopeus 10 \u00b0C.<\/p>\n<p>9. 16 kuulalaakeria koko ajoneuvossa.<\/p>\n<p>10. Metallinen toisen lattian levy, metallinen etu- ja takatukivarsien koodi, metallinen keskivetoakseli.<\/p>\n<p>Kuori on valmistettu eritt\u00e4in kest\u00e4v\u00e4st\u00e4 r\u00e4j\u00e4hdyssuojatusta PVC-kuoresta ja eritt\u00e4in lujasta vierint\u00e4suojasta.<\/p>\n<p>11. Kuori on varustettu LED-ajovaloilla, LED-kattoajovaloilla ja LED-kattotakavaloilla (kolme tilaa: jatkuva valo, hidas vilkku, nopea vilkku)<\/p>\n<p>12. Maastorenkaiden simulointi, vahva pito.<\/p>\n<p><img decoding=\"async\" src=\"https:\/\/ae01.alicdn.com\/kf\/Sb380b75922034046853d0a7e094248631.jpg?width=1000&amp;height=1441&amp;hash=2441\" slate-data-type=\"image\"\/><img decoding=\"async\" src=\"https:\/\/ae01.alicdn.com\/kf\/S78e5fd6623c448abb866844b09f51dd8P.jpg?width=1000&amp;height=1400&amp;hash=2400\" slate-data-type=\"image\"\/><img decoding=\"async\" src=\"https:\/\/ae01.alicdn.com\/kf\/S74cf5551c3dd46c589b1000e469d8ef5L.jpg?width=1000&amp;height=1405&amp;hash=2405\" slate-data-type=\"image\"\/><img decoding=\"async\" src=\"https:\/\/ae01.alicdn.com\/kf\/Sfd93e3740d334489b426303a395c52fdF.jpg?width=1000&amp;height=1399&amp;hash=2399\" slate-data-type=\"image\"\/><img decoding=\"async\" src=\"https:\/\/ae01.alicdn.com\/kf\/S15141754318b454c8825f46c5c420e8eX.jpg?width=1000&amp;height=1397&amp;hash=2397\" slate-data-type=\"image\"\/><img decoding=\"async\" src=\"https:\/\/ae01.alicdn.com\/kf\/S8a29c57ba47f48119928241c8f39c157o.jpg?width=1000&amp;height=1404&amp;hash=2404\" slate-data-type=\"image\"\/><img decoding=\"async\" src=\"https:\/\/ae01.alicdn.com\/kf\/Sf773cc710b8048e7b73a0c365d81e1b9q.jpg?width=1000&amp;height=1397&amp;hash=2397\" slate-data-type=\"image\"\/><img decoding=\"async\" src=\"https:\/\/ae01.alicdn.com\/kf\/Sab54b4a3686744f384dac0714f51e72fp.jpg?width=1000&amp;height=1799&amp;hash=2799\" slate-data-type=\"image\"\/><img decoding=\"async\" src=\"https:\/\/ae01.alicdn.com\/kf\/Sf734bd064e4f49619411c9f6f2252e4aP.jpg?width=1000&amp;height=1944&amp;hash=2944\" slate-data-type=\"image\"\/><img decoding=\"async\" src=\"https:\/\/ae01.alicdn.com\/kf\/Sa384ea5a78c24d49988ad89359e9b23aT.jpg?width=1000&amp;height=1677&amp;hash=2677\" slate-data-type=\"image\"\/><img decoding=\"async\" src=\"https:\/\/ae01.alicdn.com\/kf\/S5852843b625748a3a014ae5d00f4cc382.jpg?width=1000&amp;height=1851&amp;hash=2851\" slate-data-type=\"image\"\/><img decoding=\"async\" src=\"https:\/\/ae01.alicdn.com\/kf\/Sd8fd64d2b79441c8b7e3c339ee2f311bk.jpg?width=1000&amp;height=2209&amp;hash=3209\" slate-data-type=\"image\"\/><img decoding=\"async\" src=\"https:\/\/ae01.alicdn.com\/kf\/S4f92581c5f844f238eaf4e54b6144661I.jpg?width=1000&amp;height=2011&amp;hash=3011\" slate-data-type=\"image\"\/><img decoding=\"async\" src=\"https:\/\/ae01.alicdn.com\/kf\/S71ffc064cc14406a985585e5361a096cF.jpg?width=1000&amp;height=2039&amp;hash=3039\" slate-data-type=\"image\"\/><img decoding=\"async\" src=\"https:\/\/ae01.alicdn.com\/kf\/S9af29e92d1594a22ac323d1aca4530298.jpg?width=1000&amp;height=1886&amp;hash=2886\" slate-data-type=\"image\"\/><img decoding=\"async\" src=\"https:\/\/ae01.alicdn.com\/kf\/S687e21b96c734a3fa6d1bdda5e1eac80p.jpg?width=1000&amp;height=1616&amp;hash=2616\" slate-data-type=\"image\"\/><img decoding=\"async\" src=\"https:\/\/ae01.alicdn.com\/kf\/S692b55ae25dd4471a1f128ff2de7a0c43.jpg?width=1000&amp;height=2206&amp;hash=3206\" slate-data-type=\"image\"\/><img decoding=\"async\" src=\"https:\/\/ae01.alicdn.com\/kf\/S8a740a41cc01481598e908eae186adbfl.jpg?width=1000&amp;height=1265&amp;hash=2265\" slate-data-type=\"image\"\/><img decoding=\"async\" src=\"https:\/\/ae01.alicdn.com\/kf\/Sdcc86a84a58743c99171b3abeabd13aam.jpg?width=1000&amp;height=1156&amp;hash=2156\" slate-data-type=\"image\"\/><img decoding=\"async\" src=\"https:\/\/ae01.alicdn.com\/kf\/Sf6f0ef33372b4f4896805a193b5b1c14Y.jpg?width=1000&amp;height=1097&amp;hash=2097\" slate-data-type=\"image\"\/><img decoding=\"async\" src=\"https:\/\/ae01.alicdn.com\/kf\/S86e992edd3a54719ac9b4d504e2eb39e9.jpg?width=1000&amp;height=1162&amp;hash=2162\" slate-data-type=\"image\"\/><img decoding=\"async\" src=\"https:\/\/ae01.alicdn.com\/kf\/S7d53844b6e82444faca8781650a8ff74F.jpg?width=1000&amp;height=1197&amp;hash=2197\" slate-data-type=\"image\"\/><img decoding=\"async\" src=\"https:\/\/ae01.alicdn.com\/kf\/S0cd8f57d7dd14de19cb293da8455b1c01.jpg?width=1000&amp;height=1500&amp;hash=2500\" slate-data-type=\"image\"\/><\/p>\n<div>\n<\/div>\n<div><\/div>\n<\/div>\n<\/div>\n<p><\/p>","protected":false},"excerpt":{"rendered":"<p>Hign-concerned Chemical:&nbsp;None Certificate Number:&nbsp;As Show CE:&nbsp;Certificate Is Electric:&nbsp;lithium battery Barcode:&nbsp;No Throttle servo:&nbsp;As Show Steering servo:&nbsp;5 lines,17g Power:&nbsp;RC390 high-speed motor State of Assembly:&nbsp;Ready-to-Go Flight Time:&nbsp;15-18 minutes (continuous full speed running) Tire<\/p>","protected":false},"featured_media":25644,"comment_status":"open","ping_status":"closed","template":"","meta":{"_acf_changed":false},"product_brand":[],"product_cat":[519],"product_tag":[],"class_list":{"0":"post-25643","1":"product","2":"type-product","3":"status-publish","4":"has-post-thumbnail","6":"product_cat-rc-cars","8":"first","9":"instock","10":"shipping-taxable","11":"purchasable","12":"product-type-variable"},"acf":[],"_links":{"self":[{"href":"https:\/\/electricstore.eu\/fi\/wp-json\/wp\/v2\/product\/25643","targetHints":{"allow":["GET"]}}],"collection":[{"href":"https:\/\/electricstore.eu\/fi\/wp-json\/wp\/v2\/product"}],"about":[{"href":"https:\/\/electricstore.eu\/fi\/wp-json\/wp\/v2\/types\/product"}],"replies":[{"embeddable":true,"href":"https:\/\/electricstore.eu\/fi\/wp-json\/wp\/v2\/comments?post=25643"}],"wp:featuredmedia":[{"embeddable":true,"href":"https:\/\/electricstore.eu\/fi\/wp-json\/wp\/v2\/media\/25644"}],"wp:attachment":[{"href":"https:\/\/electricstore.eu\/fi\/wp-json\/wp\/v2\/media?parent=25643"}],"wp:term":[{"taxonomy":"product_brand","embeddable":true,"href":"https:\/\/electricstore.eu\/fi\/wp-json\/wp\/v2\/product_brand?post=25643"},{"taxonomy":"product_cat","embeddable":true,"href":"https:\/\/electricstore.eu\/fi\/wp-json\/wp\/v2\/product_cat?post=25643"},{"taxonomy":"product_tag","embeddable":true,"href":"https:\/\/electricstore.eu\/fi\/wp-json\/wp\/v2\/product_tag?post=25643"}],"curies":[{"name":"wp","href":"https:\/\/api.w.org\/{rel}","templated":true}]}}