{"id":25602,"date":"2025-05-20T19:00:09","date_gmt":"2025-05-20T19:00:09","guid":{"rendered":"https:\/\/electricstore.eu\/p\/uncategorized\/vevor-amphibious-rc-car-boat-2-4ghz-12-km-h-electric-remote-control-360-rotating-stunt-car-water-beach-pool-toys-boys-gifts\/"},"modified":"2025-05-20T19:05:06","modified_gmt":"2025-05-20T19:05:06","slug":"vevor-amphibious-rc-car-boat-2-4ghz-12-km-h-electric-remote-control-360-rotating-stunt-car-water-beach-pool-toys-boys-gifts","status":"publish","type":"product","link":"https:\/\/electricstore.eu\/fi\/p\/rc\/rc-cars\/vevor-amphibious-rc-car-boat-2-4ghz-12-km-h-electric-remote-control-360-rotating-stunt-car-water-beach-pool-toys-boys-gifts\/","title":{"rendered":"VEVOR Amfibinen RC-autovene 2,4 GHz 12 km\/h S\u00e4hk\u00f6inen kaukos\u00e4\u00e4din 360\u00b0 py\u00f6riv\u00e4 temppuauto vesiranta-allaslelut poikien lahjat"},"content":{"rendered":"<div class=\"product-specs-list-container\">\n<ul class=\"product-specs-list util-clearfix\">\n<li class=\"product-prop line-limit-length\"><span\n                                        class=\"property-title\">Huolenaiheinen kemikaali:&nbsp;<\/span><span\n                                        class=\"property-desc line-limit-length\">Ei mit\u00e4\u00e4n<\/span>\n                            <\/li>\n<li class=\"product-prop line-limit-length\"><span\n                                        class=\"property-title\">Onko s\u00e4hk\u00f6inen:&nbsp;<\/span><span\n                                        class=\"property-desc line-limit-length\">Ei akkua<\/span>\n                            <\/li>\n<li class=\"product-prop line-limit-length\"><span\n                                        class=\"property-title\">Viivakoodi:&nbsp;<\/span><span\n                                        class=\"property-desc line-limit-length\">Ei<\/span>\n                            <\/li>\n<li class=\"product-prop line-limit-length\"><span\n                                        class=\"property-title\">Virtal\u00e4hde:&nbsp;<\/span><span\n                                        class=\"property-desc line-limit-length\">S\u00e4hk\u00f6inen<\/span>\n                            <\/li>\n<li class=\"product-prop line-limit-length\"><span\n                                        class=\"property-title\">Mallinumero:&nbsp;<\/span><span\n                                        class=\"property-desc line-limit-length\">666-802<\/span>\n                            <\/li>\n<li class=\"product-prop line-limit-length\"><span\n                                        class=\"property-title\">Lentoaika:&nbsp;<\/span><span\n                                        class=\"property-desc line-limit-length\">20 minuuttia<\/span>\n                            <\/li>\n<li class=\"product-prop line-limit-length\"><span\n                                        class=\"property-title\">Et\u00e4isyys:&nbsp;<\/span><span\n                                        class=\"property-desc line-limit-length\">40 m<\/span>\n                            <\/li>\n<li class=\"product-prop line-limit-length\"><span\n                                        class=\"property-title\">Mitat:&nbsp;<\/span><span\n                                        class=\"property-desc line-limit-length\">5,91 x 6,10 x 2,95 tuumaa \/ 150 x 155 x 75 mm<\/span>\n                            <\/li>\n<li class=\"product-prop line-limit-length\"><span\n                                        class=\"property-title\">Suurin nopeus:&nbsp;<\/span><span\n                                        class=\"property-desc line-limit-length\">12 km\/h<\/span>\n                            <\/li>\n<li class=\"product-prop line-limit-length\"><span\n                                        class=\"property-title\">Kokouksen osavaltio:&nbsp;<\/span><span\n                                        class=\"property-desc line-limit-length\">Valmis l\u00e4ht\u00f6\u00f6n<\/span>\n                            <\/li>\n<li class=\"product-prop line-limit-length\"><span\n                                        class=\"property-title\">Kaukos\u00e4\u00e4din:&nbsp;<\/span><span\n                                        class=\"property-desc line-limit-length\">Kyll\u00e4<\/span>\n                            <\/li>\n<li class=\"product-prop line-limit-length\"><span\n                                        class=\"property-title\">Materiaali:&nbsp;<\/span><span\n                                        class=\"property-desc line-limit-length\">Muovi<\/span>\n                            <\/li>\n<li class=\"product-prop line-limit-length\"><span\n                                        class=\"property-title\">Suositeltu ik\u00e4:&nbsp;<\/span><span\n                                        class=\"property-desc line-limit-length\">6\u201312-vuotiaille<\/span>\n                            <\/li>\n<li class=\"product-prop line-limit-length\"><span\n                                        class=\"property-title\">Alkuper\u00e4:&nbsp;<\/span><span\n                                        class=\"property-desc line-limit-length\">Manner-Kiina<\/span>\n                            <\/li>\n<li class=\"product-prop line-limit-length\"><span\n                                        class=\"property-title\">Tyyppi:&nbsp;<\/span><span\n                                        class=\"property-desc line-limit-length\">Vene ja laiva<\/span>\n                            <\/li>\n<li class=\"product-prop line-limit-length\"><span\n                                        class=\"property-title\">Ominaisuudet:&nbsp;<\/span><span\n                                        class=\"property-desc line-limit-length\">KAUKOS\u00c4\u00c4DIN<\/span>\n                            <\/li>\n<\/ul><\/div>\n<div class=\"detailmodule_html\">\n<div class=\"detail-desc-decorate-richtext\">\n<p><\/p>\n<div style=\"font-family:&quot;Open sans&quot;, Arial, Helvetica, sans-serif\">\n<div>\n  <img decoding=\"async\" style=\"width:100%\" width=\"100%\" src=\"https:\/\/d2qc09rl1gfuof.cloudfront.net\/vevor\/boutique-banner\/pc\/banner-en.jpg\" slate-data-type=\"image\" \/>\n <\/div>\n<div>\n<div style=\"font-size:16px;font-weight:bold;text-align:center;color:rgb(34, 34, 34);margin:24px 0px;margin-bottom:24px;margin-top:24px;margin-left:0px;margin-right:0px\" align=\"center\">\n   Aja aaltoja, hallitse maata \u2013 VEVOR RC -veneilyhauskaa\n  <\/div>\n<div>\n   <img decoding=\"async\" style=\"width:100%\" width=\"100%\" src=\"https:\/\/d2qc09rl1gfuof.cloudfront.net\/product\/SLLQYKCQC1JZAI7C8\/rc-boat-a100-1.4.jpg\" slate-data-type=\"image\" \/>\n  <\/div>\n<div style=\"font-size:14px;text-align:center;color:rgb(34, 34, 34);margin:16px 0px 24px;margin-bottom:24px;margin-top:16px;margin-left:0px;margin-right:0px\" align=\"center\">\n   Koe hauskoja voltteja, py\u00f6r\u00e4hdyksi\u00e4 ja kaikenlaisia temppuja sek\u00e4 vedess\u00e4 ett\u00e4 maalla! T\u00e4m\u00e4 amfibinen RC-autovene on t\u00e4ynn\u00e4 j\u00e4nnitt\u00e4vi\u00e4 ominaisuuksia, jotka tekev\u00e4t jokaisesta hetkest\u00e4 toiminnant\u00e4yteisen.\n  <\/div><\/div>\n<div>\n<div style=\"margin:8px 0px;margin-bottom:8px;margin-top:8px;margin-left:0px;margin-right:0px\">\n   <img decoding=\"async\" style=\"width:100%\" width=\"100%\" src=\"https:\/\/d2qc09rl1gfuof.cloudfront.net\/product\/SLLQYKCQC1JZAI7C8\/rc-boat-a100-2.2.jpg\" slate-data-type=\"image\" \/>\n  <\/div>\n<div style=\"font-size:14px;text-align:center;color:rgb(34, 34, 34);margin:16px 0px 24px;margin-bottom:24px;margin-top:16px;margin-left:0px;margin-right:0px\" align=\"center\">\n   Neliveto antaa t\u00e4lle amfibiselle temppuautolle tarvittavan tehon, vakauden ja hallinnan kilpa-ajoihin ja driftaukseen. Jopa 12 km\/h nopeudet tuovat lis\u00e4\u00e4 hauskuutta ja j\u00e4nnityst\u00e4 leikkiaikaasi.\n  <\/div><\/div>\n<div>\n<div style=\"margin:8px 0px;margin-bottom:8px;margin-top:8px;margin-left:0px;margin-right:0px\">\n   <img decoding=\"async\" style=\"width:100%\" width=\"100%\" src=\"https:\/\/d2qc09rl1gfuof.cloudfront.net\/product\/SLLQYKCQC1JZAI7C8\/rc-boat-a100-2.3.jpg\" slate-data-type=\"image\" \/>\n  <\/div>\n<div style=\"font-size:14px;text-align:center;color:rgb(34, 34, 34);margin:16px 0px 24px;margin-bottom:24px;margin-top:16px;margin-left:0px;margin-right:0px\" align=\"center\">\n   Valmistettu kest\u00e4v\u00e4st\u00e4 ABS-materiaalista ja t\u00e4ysin vedenpit\u00e4v\u00e4, t\u00e4m\u00e4 amfibinen auto on valmis kohtaamaan kaikki haasteet, leikitp\u00e4 sitten vedess\u00e4 tai maalla. Se on rakennettu jatkamaan matkaa, olipa sen tiell\u00e4 mit\u00e4 tahansa.\n  <\/div><\/div>\n<div>\n<div style=\"margin:8px 0px;margin-bottom:8px;margin-top:8px;margin-left:0px;margin-right:0px\">\n   <img decoding=\"async\" style=\"width:100%\" width=\"100%\" src=\"https:\/\/d2qc09rl1gfuof.cloudfront.net\/product\/SLLQYKCQC1JZAI7C8\/rc-boat-a100-2.4.jpg\" slate-data-type=\"image\" \/>\n  <\/div>\n<div style=\"font-size:14px;text-align:center;color:rgb(34, 34, 34);margin:16px 0px 24px;margin-bottom:24px;margin-top:16px;margin-left:0px;margin-right:0px\" align=\"center\">\n   2.4G-teknologian ansiosta voit ohjata t\u00e4t\u00e4 temppuautoa jopa 40 metrin et\u00e4isyydelt\u00e4. Vahvan h\u00e4iri\u00f6tt\u00f6m\u00e4n signaalin ansiosta voit kilpailla ja driftata yst\u00e4viesi kanssa ilman ongelmia, mik\u00e4 tekee hauskuudesta entist\u00e4kin suurempaa.\n  <\/div><\/div>\n<div>\n<div style=\"margin:8px 0px;margin-bottom:8px;margin-top:8px;margin-left:0px;margin-right:0px\">\n   <img decoding=\"async\" style=\"width:100%\" width=\"100%\" src=\"https:\/\/d2qc09rl1gfuof.cloudfront.net\/product\/SLLQYKCQC1JZAI7C8\/rc-boat-a100-2.5.jpg\" slate-data-type=\"image\" \/>\n  <\/div>\n<div style=\"font-size:14px;text-align:center;color:rgb(34, 34, 34);margin:16px 0px 24px;margin-bottom:24px;margin-top:16px;margin-left:0px;margin-right:0px\" align=\"center\">\n   USB-latauksen ja kaksoisakkuj\u00e4rjestelm\u00e4n ansiosta t\u00e4m\u00e4 RC-autovene tarjoaa yli 40 minuuttia peliaikaa. Ota mukaan varavirtal\u00e4hde loputtomaan hauskanpitoon ulkoseikkailujen aikana.\n  <\/div><\/div>\n<div style=\"margin:16px 0px 24px;margin-bottom:24px;margin-top:16px;margin-left:0px;margin-right:0px\"><\/div>\n<div style=\"margin:24px 0px;margin-bottom:24px;margin-top:24px;margin-left:0px;margin-right:0px\">\n<div style=\"font-size:16px;font-weight:bold;color:rgb(34, 34, 34);margin:24px 0px 16px;margin-bottom:16px;margin-top:24px;margin-left:0px;margin-right:0px\">\n   Ominaisuudet ja tiedot\n  <\/div>\n<ul style=\"margin:16px 0px 24px;margin-bottom:24px;margin-top:16px;margin-left:0px;margin-right:0px\">\n<li style=\"font-size:14px;color:rgb(34, 34, 34)\">\n<p>Hienoja temppuja: Valmistaudu toimintaan upeilla 180\u00b0 volteilla ja 360\u00b0 py\u00f6r\u00e4hdyksill\u00e4! T\u00e4m\u00e4 amfibinen RC-autovene tarjoaa j\u00e4nnitt\u00e4vi\u00e4 temppuja ja j\u00e4nnitt\u00e4v\u00e4n ajokokemuksen niin maalla kuin vedess\u00e4kin.<\/p>\n<\/li>\n<li style=\"font-size:14px;color:rgb(34, 34, 34)\">\n<p>Nopeat ajelehtimiset: Saavuta jopa 12 km\/h nopeudet tehokkaalla suorituskyvyll\u00e4. T\u00e4m\u00e4 amfibinen temppuauto selviytyy tasaisista ajelehtimisista kaikkiin suuntiin tarjoten lapsille hauskan ja mukaansatempaavan tavan nauttia nopeudesta samalla parantaen koordinaatio- ja ajattelutaitojaan.<\/p>\n<\/li>\n<li style=\"font-size:14px;color:rgb(34, 34, 34)\">\n<p>Maastoseikkailu: Kest\u00e4v\u00e4ksi ABS-materiaalista rakennettu amfibinen auto kest\u00e4\u00e4 t\u00f6yssyj\u00e4 ja karua leikki\u00e4. Vedenpit\u00e4v\u00e4n rakenteensa ansiosta se liikkuu helposti hiekalla, j\u00e4rviss\u00e4, uima-altaissa ja ruohikolla, mik\u00e4 tekee jokaisesta seikkailusta j\u00e4nnitt\u00e4v\u00e4n ja esteett\u00f6m\u00e4n.<\/p>\n<\/li>\n<li style=\"font-size:14px;color:rgb(34, 34, 34)\">\n<p>2.4G-kaukos\u00e4\u00e4din: Ohjaa toimintaa jopa 40 metrin et\u00e4isyydelt\u00e4 kaukos\u00e4\u00e4timell\u00e4, joka sopii erinomaisesti useille pelaajille. T\u00e4ydellinen yksin pelaamiseen tai yst\u00e4vyyskilpailuihin, temppuauto pit\u00e4\u00e4 j\u00e4nnityksen yll\u00e4 ilman h\u00e4iri\u00f6it\u00e4, mik\u00e4 tekee siit\u00e4 loistavan lahjan loputtomalle nautinnolle ja yst\u00e4vyydelle.<\/p>\n<\/li>\n<li style=\"font-size:14px;color:rgb(34, 34, 34)\">\n<p>Pidempi peliaika: Nauti jopa 40 minuutin peliajasta 500 mAh:n kaksoisakkuj\u00e4rjestelm\u00e4ll\u00e4 ja USB-latauksella. RC-auton ylilataus- ja purkaussuoja takaa turvallisen k\u00e4yt\u00f6n. T\u00e4ydellinen ulkoiluun \u2013 ota mukaan vain varavirtal\u00e4hde ja seikkailu jatkuu koko p\u00e4iv\u00e4n!<\/p>\n<\/li>\n<\/ul><\/div>\n<div>\n<div>\n<div style=\"margin:16px 0px 24px;margin-bottom:24px;margin-top:16px;margin-left:0px;margin-right:0px\">\n    <img decoding=\"async\" style=\"width:100%\" width=\"100%\" src=\"https:\/\/d2qc09rl1gfuof.cloudfront.net\/product\/SLLQYKCQC1JZAI7C8\/rc-boat-a100-1.11.jpg\" slate-data-type=\"image\" \/>\n   <\/div><\/div><\/div>\n<\/div>\n<p><\/p>\n<\/div>\n<\/div>","protected":false},"excerpt":{"rendered":"<p>Hign-concerned Chemical:&nbsp;None Is Electric:&nbsp;No battery Barcode:&nbsp;No Power Source:&nbsp;Electric Model Number:&nbsp;666-802 Flight Time:&nbsp;20min Remote Distance:&nbsp;131 ft\/40 m Dimensions:&nbsp;5.91 x 6.10 x 2.95 in\/150 x 155 x 75 mm Max Speed:&nbsp;12 km\/h<\/p>","protected":false},"featured_media":25603,"comment_status":"open","ping_status":"closed","template":"","meta":{"_acf_changed":false},"product_brand":[],"product_cat":[519],"product_tag":[],"class_list":{"0":"post-25602","1":"product","2":"type-product","3":"status-publish","4":"has-post-thumbnail","6":"product_cat-rc-cars","8":"first","9":"instock","10":"shipping-taxable","11":"purchasable","12":"product-type-variable"},"acf":[],"_links":{"self":[{"href":"https:\/\/electricstore.eu\/fi\/wp-json\/wp\/v2\/product\/25602","targetHints":{"allow":["GET"]}}],"collection":[{"href":"https:\/\/electricstore.eu\/fi\/wp-json\/wp\/v2\/product"}],"about":[{"href":"https:\/\/electricstore.eu\/fi\/wp-json\/wp\/v2\/types\/product"}],"replies":[{"embeddable":true,"href":"https:\/\/electricstore.eu\/fi\/wp-json\/wp\/v2\/comments?post=25602"}],"wp:featuredmedia":[{"embeddable":true,"href":"https:\/\/electricstore.eu\/fi\/wp-json\/wp\/v2\/media\/25603"}],"wp:attachment":[{"href":"https:\/\/electricstore.eu\/fi\/wp-json\/wp\/v2\/media?parent=25602"}],"wp:term":[{"taxonomy":"product_brand","embeddable":true,"href":"https:\/\/electricstore.eu\/fi\/wp-json\/wp\/v2\/product_brand?post=25602"},{"taxonomy":"product_cat","embeddable":true,"href":"https:\/\/electricstore.eu\/fi\/wp-json\/wp\/v2\/product_cat?post=25602"},{"taxonomy":"product_tag","embeddable":true,"href":"https:\/\/electricstore.eu\/fi\/wp-json\/wp\/v2\/product_tag?post=25602"}],"curies":[{"name":"wp","href":"https:\/\/api.w.org\/{rel}","templated":true}]}}