{"id":25575,"date":"2025-05-20T19:00:04","date_gmt":"2025-05-20T19:00:04","guid":{"rendered":"https:\/\/electricstore.eu\/p\/uncategorized\/vevor-motorcycle-helmet-full-face-smart-street-abshigh-density-helmet-with-bluetooth-slotinterchangeable-lens-fit-for-adults\/"},"modified":"2025-05-20T19:04:45","modified_gmt":"2025-05-20T19:04:45","slug":"vevor-motorcycle-helmet-full-face-smart-street-abshigh-density-helmet-with-bluetooth-slotinterchangeable-lens-fit-for-adults","status":"publish","type":"product","link":"https:\/\/electricstore.eu\/fi\/p\/a\/helmets\/vevor-motorcycle-helmet-full-face-smart-street-abshigh-density-helmet-with-bluetooth-slotinterchangeable-lens-fit-for-adults\/","title":{"rendered":"VEVOR-moottoripy\u00f6r\u00e4kyp\u00e4r\u00e4, t\u00e4ysikokoinen, \u00e4lyk\u00e4s katuk\u00e4ytt\u00f6\u00f6n tarkoitettu ABS- ja tihe\u00e4kyp\u00e4r\u00e4 Bluetooth-paikalla ja vaihdettavalla linssill\u00e4, sopii aikuisille"},"content":{"rendered":"<div class=\"product-specs-list-container\">\n<ul class=\"product-specs-list util-clearfix\">\n<li class=\"product-prop line-limit-length\"><span\n                                        class=\"property-title\">Huolenaiheinen kemikaali:&nbsp;<\/span><span\n                                        class=\"property-desc line-limit-length\">Ei mit\u00e4\u00e4n<\/span>\n                            <\/li>\n<li class=\"product-prop line-limit-length\"><span\n                                        class=\"property-title\">Alkuper\u00e4:&nbsp;<\/span><span\n                                        class=\"property-desc line-limit-length\">Manner-Kiina<\/span>\n                            <\/li>\n<li class=\"product-prop line-limit-length\"><span\n                                        class=\"property-title\">Tuotteen tyyppi:&nbsp;<\/span><span\n                                        class=\"property-desc line-limit-length\">Kyp\u00e4r\u00e4t<\/span>\n                            <\/li>\n<\/ul><\/div>\n<div class=\"detailmodule_html\">\n<div class=\"detail-desc-decorate-richtext\">\n<div style=\"font-family:&quot;Open sans&quot;, Arial, Helvetica, sans-serif\">\n<div><img decoding=\"async\" style=\"width:100%\" width=\"100%\" src=\"https:\/\/d2qc09rl1gfuof.cloudfront.net\/vevor\/boutique-banner\/pc\/banner-en.jpg\" slate-data-type=\"image\"\/><\/div>\n<div>\n<div style=\"font-size:16px;font-weight:bold;text-align:center;color:rgb(34, 34, 34);margin:24px 0px;margin-bottom:24px;margin-top:24px;margin-left:0px;margin-right:0px\" align=\"center\">VEVOR vartioi sinua jokaisella matkalla<\/div>\n<div><img decoding=\"async\" style=\"width:100%\" width=\"100%\" src=\"https:\/\/d2qc09rl1gfuof.cloudfront.net\/product\/MTCQKOZBSMHSVYL17\/motorcycle-helmets-a100-1.4-pt.jpg\" slate-data-type=\"image\"\/><\/div>\n<div style=\"font-size:14px;text-align:center;color:rgb(34, 34, 34);margin:16px 0px 24px;margin-bottom:24px;margin-top:16px;margin-left:0px;margin-right:0px\" align=\"center\">T\u00e4m\u00e4 moottoripy\u00f6r\u00e4kyp\u00e4r\u00e4 on ECE-hyv\u00e4ksytty ja tarjoaa korkean turvallisuustason ajomatkoillesi. Kyp\u00e4r\u00e4n etuihin kuuluvat iskunkest\u00e4vyys, l\u00e4vistyskest\u00e4vyys ja kiinnikkeet, jotka eiv\u00e4t irtoa helposti, mik\u00e4 varmistaa, ett\u00e4 kuljettajat voivat olla mielenrauhalla joka kerta matkalla.<\/div>\n<\/div>\n<div>\n<div style=\"font-size:16px;font-weight:bold;text-align:center;color:rgb(34, 34, 34);margin:24px 0px;margin-bottom:24px;margin-top:24px;margin-left:0px;margin-right:0px\" align=\"center\"><\/div>\n<div style=\"margin:8px 0px;margin-bottom:8px;margin-top:8px;margin-left:0px;margin-right:0px\"><img decoding=\"async\" style=\"width:100%\" width=\"100%\" src=\"https:\/\/d2qc09rl1gfuof.cloudfront.net\/product\/MTCQKOZBSMHSVYL17\/motorcycle-helmets-a100-2.2-pt.jpg\" slate-data-type=\"image\"\/><\/div>\n<div style=\"font-size:14px;text-align:center;color:rgb(34, 34, 34);margin:16px 0px 24px;margin-bottom:24px;margin-top:16px;margin-left:0px;margin-right:0px\" align=\"center\">Suurilla kirkkailla linsseill\u00e4 ja sis\u00e4\u00e4nrakennetuilla aurinkosuojalinsseill\u00e4 varustetut kirkkaat linssit est\u00e4v\u00e4t tuulen, hiekan ja lent\u00e4v\u00e4t olennot ter\u00e4v\u00e4piirtoa varten. Sis\u00e4\u00e4nrakennetut aurinkosuojalinssit suodattavat automaattisesti heijastuksia voimakkaassa auringonpaisteessa, v\u00e4ltt\u00e4en silmien h\u00e4ik\u00e4isy\u00e4 ja helpottaen linssien vaihtamista.<\/div>\n<\/div>\n<div>\n<div style=\"font-size:16px;font-weight:bold;text-align:center;color:rgb(34, 34, 34);margin:24px 0px;margin-bottom:24px;margin-top:24px;margin-left:0px;margin-right:0px\" align=\"center\"><\/div>\n<div style=\"margin:8px 0px;margin-bottom:8px;margin-top:8px;margin-left:0px;margin-right:0px\"><img decoding=\"async\" style=\"width:100%\" width=\"100%\" src=\"https:\/\/d2qc09rl1gfuof.cloudfront.net\/product\/MTCQKOZBSMHSVYL17\/motorcycle-helmets-a100-2.3-pt.jpg\" slate-data-type=\"image\"\/><\/div>\n<div style=\"font-size:14px;text-align:center;color:rgb(34, 34, 34);margin:16px 0px 24px;margin-bottom:24px;margin-top:16px;margin-left:0px;margin-right:0px\" align=\"center\">Aerodynaaminen muotoilu yhdistettyn\u00e4 moottoripy\u00f6r\u00e4kyp\u00e4r\u00e4n eritt\u00e4in tehokkaaseen ilmanvaihtoj\u00e4rjestelm\u00e4\u00e4n varmistaa ilmankierron kyp\u00e4r\u00e4n sis\u00e4ll\u00e4 pit\u00e4en p\u00e4\u00e4si viile\u00e4n\u00e4 ja poissa tukahduttavasta kuumuudesta my\u00f6s pitkill\u00e4 matkoilla.<\/div>\n<\/div>\n<div>\n<div style=\"font-size:16px;font-weight:bold;text-align:center;color:rgb(34, 34, 34);margin:24px 0px;margin-bottom:24px;margin-top:24px;margin-left:0px;margin-right:0px\" align=\"center\"><\/div>\n<div style=\"margin:8px 0px;margin-bottom:8px;margin-top:8px;margin-left:0px;margin-right:0px\"><img decoding=\"async\" style=\"width:100%\" width=\"100%\" src=\"https:\/\/d2qc09rl1gfuof.cloudfront.net\/product\/MTCQKOZBSMHSVYL17\/motorcycle-helmets-a100-2.4-pt.jpg\" slate-data-type=\"image\"\/><\/div>\n<div style=\"font-size:14px;text-align:center;color:rgb(34, 34, 34);margin:16px 0px 24px;margin-bottom:24px;margin-top:16px;margin-left:0px;margin-right:0px\" align=\"center\">Moottoripy\u00f6r\u00e4kyp\u00e4r\u00e4n sis\u00e4\u00e4nrakennettu Bluetooth-kuulokeliit\u00e4nt\u00e4 yhdistyy helposti \u00e4lylaitteisiin, joten voit kuunnella navigointia, vastata puheluihin ja paljon muuta ajon aikana, mik\u00e4 sopii k\u00e4ytett\u00e4v\u00e4ksi pitkill\u00e4 matkoilla.<\/div>\n<\/div>\n<div>\n<div style=\"font-size:16px;font-weight:bold;text-align:center;color:rgb(34, 34, 34);margin:24px 0px;margin-bottom:24px;margin-top:24px;margin-left:0px;margin-right:0px\" align=\"center\"><\/div>\n<div style=\"margin:8px 0px;margin-bottom:8px;margin-top:8px;margin-left:0px;margin-right:0px\"><img decoding=\"async\" style=\"width:100%\" width=\"100%\" src=\"https:\/\/d2qc09rl1gfuof.cloudfront.net\/product\/MTCQKOZBSMHSVYL17\/motorcycle-helmets-a100-2.5-pt.jpg\" slate-data-type=\"image\"\/><\/div>\n<div style=\"font-size:14px;text-align:center;color:rgb(34, 34, 34);margin:16px 0px 24px;margin-bottom:24px;margin-top:16px;margin-left:0px;margin-right:0px\" align=\"center\">Moottoripy\u00f6r\u00e4kyp\u00e4r\u00e4mme jakaa kyp\u00e4r\u00e4n painon tasaisesti, mik\u00e4 minimoi p\u00e4\u00e4n ja hartioiden kuormituksen pitk\u00e4aikaisessa k\u00e4yt\u00f6ss\u00e4. T\u00e4m\u00e4n seurauksena p\u00e4\u00e4 ei tunnu puristuvan. Viet\u00e4 mukava k\u00e4ytt\u00f6kokemus mukavan kyp\u00e4r\u00e4mme kanssa!<\/div>\n<\/div>\n<div style=\"margin:24px 0px;margin-bottom:24px;margin-top:24px;margin-left:0px;margin-right:0px\">\n<div style=\"font-size:16px;font-weight:bold;color:rgb(34, 34, 34);margin:24px 0px 16px;margin-bottom:16px;margin-top:24px;margin-left:0px;margin-right:0px\">Ominaisuudet ja tiedot<\/div>\n<ul style=\"margin:16px 0px 24px;margin-bottom:24px;margin-top:16px;margin-left:0px;margin-right:0px\">\n<li style=\"font-size:14px;color:rgb(34, 34, 34)\">\n<p>ECE-hyv\u00e4ksytty ja tukeva: T\u00e4m\u00e4 moottoripy\u00f6r\u00e4kyp\u00e4r\u00e4 on ECE-sertifioitu ja t\u00e4ytt\u00e4\u00e4 Yhdysvaltain m\u00e4\u00e4r\u00e4ykset. Sen tukeva ABS-kuori yhdistettyn\u00e4 pehme\u00e4\u00e4n EPS-vaahtoon ja ihoyst\u00e4v\u00e4lliseen vuoraukseen tarjoaa kokonaisvaltaista suojaa p\u00e4\u00e4llesi.<\/p>\n<\/li>\n<li style=\"font-size:14px;color:rgb(34, 34, 34)\">\n<p>Sis\u00e4\u00e4nrakennettu aurinkosuoja: Moottoripy\u00f6r\u00e4kyp\u00e4r\u00e4ss\u00e4 on suuri kirkas linssi, joka est\u00e4\u00e4 tuulen ja s\u00e4ilytt\u00e4\u00e4 samalla ter\u00e4v\u00e4n tarkkuuden, mik\u00e4 minimoi onnettomuuden todenn\u00e4k\u00f6isyyden. Sis\u00e4\u00e4nrakennettu tumma teet\u00e4 muistuttava linssi est\u00e4\u00e4 h\u00e4ik\u00e4isy\u00e4 ja v\u00e4hent\u00e4\u00e4 visuaalista fatigue-n\u00e4kym\u00e4\u00e4.<\/p>\n<\/li>\n<li style=\"font-size:14px;color:rgb(34, 34, 34)\">\n<p>Suuri takaosa: Moottoripy\u00f6r\u00e4kyp\u00e4r\u00e4ss\u00e4 on suuri takaosa. Voit helposti asentaa sen moottoripy\u00f6r\u00e4kyp\u00e4r\u00e4\u00e4si aerodynaamisen suorituskyvyn parantamiseksi. Siin\u00e4 on tuuletusaukot ja oikea painonjako, mik\u00e4 est\u00e4\u00e4 paineen tunteen p\u00e4\u00e4ss\u00e4.<\/p>\n<\/li>\n<li style=\"font-size:14px;color:rgb(34, 34, 34)\">\n<p>Bluetooth-kuulokkeiden paikka: Moottoripy\u00f6r\u00e4kyp\u00e4r\u00e4n Bluetooth-kuulokkeiden paikka j\u00e4tet\u00e4\u00e4n sis\u00e4\u00e4n. Pitk\u00e4n matkan matkoilla on k\u00e4tev\u00e4\u00e4 vastata puheluihin, kuunnella navigointia jne. Se tekee ajostasi \u00e4lykk\u00e4\u00e4mp\u00e4\u00e4 ja k\u00e4tev\u00e4mp\u00e4\u00e4.<\/p>\n<\/li>\n<li style=\"font-size:14px;color:rgb(34, 34, 34)\">\n<p>Irrotettava ja pest\u00e4v\u00e4 vuoraus: Moottoripy\u00f6r\u00e4kyp\u00e4r\u00e4n vuoraus on k\u00e4tev\u00e4 pest\u00e4 ja vaihtaa milloin tahansa, pit\u00e4en kyp\u00e4r\u00e4n sis\u00e4puolen puhtaana ja hygieenisen\u00e4. T\u00e4m\u00e4 muotoilu pident\u00e4\u00e4 tuotteen k\u00e4ytt\u00f6ik\u00e4\u00e4 ja varmistaa terveytesi jokaisella ajokerralla.<\/p>\n<\/li>\n<\/ul>\n<\/div>\n<div>\n<div>\n<div style=\"margin:16px 0px 24px;margin-bottom:24px;margin-top:16px;margin-left:0px;margin-right:0px\"><img decoding=\"async\" style=\"width:100%\" width=\"100%\" src=\"https:\/\/d2qc09rl1gfuof.cloudfront.net\/product\/MTCQKOZBSMHSVYL17\/motorcycle-helmets-a100-1.11-pt.jpg\" slate-data-type=\"image\"\/><\/div>\n<\/div>\n<\/div>\n<div>\n<div>\n<div style=\"margin:16px 0px 24px;margin-bottom:24px;margin-top:16px;margin-left:0px;margin-right:0px\"><img decoding=\"async\" style=\"width:100%\" width=\"100%\" src=\"https:\/\/d2qc09rl1gfuof.cloudfront.net\/product\/MTCQKOZBMMHSW9UIC\/motorcycle-helmets-a100-1.11-pt.jpg\" slate-data-type=\"image\"\/><\/div>\n<\/div>\n<\/div>\n<div>\n<div>\n<div style=\"margin:16px 0px 24px;margin-bottom:24px;margin-top:16px;margin-left:0px;margin-right:0px\"><img decoding=\"async\" style=\"width:100%\" width=\"100%\" src=\"https:\/\/d2qc09rl1gfuof.cloudfront.net\/product\/MTCQKOZBLMHSAXLYJ\/motorcycle-helmets-a100-1.11-pt.jpg\" slate-data-type=\"image\"\/><\/div>\n<\/div>\n<\/div>\n<div>\n<div>\n<div style=\"margin:16px 0px 24px;margin-bottom:24px;margin-top:16px;margin-left:0px;margin-right:0px\"><img decoding=\"async\" style=\"width:100%\" width=\"100%\" src=\"https:\/\/d2qc09rl1gfuof.cloudfront.net\/product\/MTCQKOZBXLMHIJTQE\/motorcycle-helmets-a100-1.11-pt.jpg\" slate-data-type=\"image\"\/><\/div>\n<\/div>\n<\/div>\n<\/div>\n<\/div>\n<\/div>\n<p><\/p>","protected":false},"excerpt":{"rendered":"<p>Hign-concerned Chemical:&nbsp;None Origin:&nbsp;Mainland China Item Type:&nbsp;Helmets VEVOR Guarding You on Every Trip This motorcycle helmet is ECE approved and provides high standard of safety for your riding trips. The helmet<\/p>","protected":false},"featured_media":25576,"comment_status":"open","ping_status":"closed","template":"","meta":{"_acf_changed":false},"product_brand":[],"product_cat":[526],"product_tag":[],"class_list":{"0":"post-25575","1":"product","2":"type-product","3":"status-publish","4":"has-post-thumbnail","6":"product_cat-helmets","8":"first","9":"instock","10":"shipping-taxable","11":"purchasable","12":"product-type-variable"},"acf":[],"_links":{"self":[{"href":"https:\/\/electricstore.eu\/fi\/wp-json\/wp\/v2\/product\/25575","targetHints":{"allow":["GET"]}}],"collection":[{"href":"https:\/\/electricstore.eu\/fi\/wp-json\/wp\/v2\/product"}],"about":[{"href":"https:\/\/electricstore.eu\/fi\/wp-json\/wp\/v2\/types\/product"}],"replies":[{"embeddable":true,"href":"https:\/\/electricstore.eu\/fi\/wp-json\/wp\/v2\/comments?post=25575"}],"wp:featuredmedia":[{"embeddable":true,"href":"https:\/\/electricstore.eu\/fi\/wp-json\/wp\/v2\/media\/25576"}],"wp:attachment":[{"href":"https:\/\/electricstore.eu\/fi\/wp-json\/wp\/v2\/media?parent=25575"}],"wp:term":[{"taxonomy":"product_brand","embeddable":true,"href":"https:\/\/electricstore.eu\/fi\/wp-json\/wp\/v2\/product_brand?post=25575"},{"taxonomy":"product_cat","embeddable":true,"href":"https:\/\/electricstore.eu\/fi\/wp-json\/wp\/v2\/product_cat?post=25575"},{"taxonomy":"product_tag","embeddable":true,"href":"https:\/\/electricstore.eu\/fi\/wp-json\/wp\/v2\/product_tag?post=25575"}],"curies":[{"name":"wp","href":"https:\/\/api.w.org\/{rel}","templated":true}]}}