{"id":25555,"date":"2025-05-20T18:59:57","date_gmt":"2025-05-20T18:59:57","guid":{"rendered":"https:\/\/electricstore.eu\/p\/uncategorized\/vevor-100-lbs-bike-cargo-trailer-foldable-bicycle-wagon-storage-cart-with-16-wheels-safe-reflectors-fits-22-28-bike-wheels\/"},"modified":"2025-05-20T19:04:23","modified_gmt":"2025-05-20T19:04:23","slug":"vevor-100-lbs-bike-cargo-trailer-foldable-bicycle-wagon-storage-cart-with-16-wheels-safe-reflectors-fits-22-28-bike-wheels","status":"publish","type":"product","link":"https:\/\/electricstore.eu\/fi\/p\/o\/bike-trailers-and-wagons\/vevor-100-lbs-bike-cargo-trailer-foldable-bicycle-wagon-storage-cart-with-16-wheels-safe-reflectors-fits-22-28-bike-wheels\/","title":{"rendered":"VEVOR 100 lbs py\u00f6r\u00e4n kuljetusk\u00e4rry taittuva polkupy\u00f6r\u00e4n s\u00e4ilytysk\u00e4rry 16 tuuman py\u00f6rill\u00e4 ja turvallisilla heijastimilla, sopii 22\u201328 tuuman py\u00f6rille"},"content":{"rendered":"<div class=\"product-specs-list-container\">\n<ul class=\"product-specs-list util-clearfix\">\n<li class=\"product-prop line-limit-length\"><span\n                                        class=\"property-title\">Huolenaiheinen kemikaali:&nbsp;<\/span><span\n                                        class=\"property-desc line-limit-length\">Ei mit\u00e4\u00e4n<\/span>\n                            <\/li>\n<li class=\"product-prop line-limit-length\"><span\n                                        class=\"property-title\">Istuimen asento:&nbsp;<\/span><span\n                                        class=\"property-desc line-limit-length\">L\u00c4HETT\u00c4\u00c4<\/span>\n                            <\/li>\n<li class=\"product-prop line-limit-length\"><span\n                                        class=\"property-title\">Materiaali:&nbsp;<\/span><span\n                                        class=\"property-desc line-limit-length\">Metalli<\/span>\n                            <\/li>\n<li class=\"product-prop line-limit-length\"><span\n                                        class=\"property-title\">Ik\u00e4ryhm\u00e4:&nbsp;<\/span><span\n                                        class=\"property-desc line-limit-length\">3\u20136 vuotta<\/span>\n                            <\/li>\n<li class=\"product-prop line-limit-length\"><span\n                                        class=\"property-title\">Alkuper\u00e4:&nbsp;<\/span><span\n                                        class=\"property-desc line-limit-length\">Manner-Kiina<\/span>\n                            <\/li>\n<li class=\"product-prop line-limit-length\"><span\n                                        class=\"property-title\">Maksimikuorma:&nbsp;<\/span><span\n                                        class=\"property-desc line-limit-length\">100 paunaa \/ 45 kg<\/span>\n                            <\/li>\n<li class=\"product-prop line-limit-length\"><span\n                                        class=\"property-title\">Kuljetuslaatikon koko:&nbsp;<\/span><span\n                                        class=\"property-desc line-limit-length\">30,1 x 21,9 x 7,9 tuumaa \/ 765 x 555 x 200 mm<\/span>\n                            <\/li>\n<li class=\"product-prop line-limit-length\"><span\n                                        class=\"property-title\">Asennusasento:&nbsp;<\/span><span\n                                        class=\"property-desc line-limit-length\">Taka-akseli<\/span>\n                            <\/li>\n<li class=\"product-prop line-limit-length\"><span\n                                        class=\"property-title\">Rungon materiaali:&nbsp;<\/span><span\n                                        class=\"property-desc line-limit-length\">Alumiiniseos, py\u00f6re\u00e4 putki<\/span>\n                            <\/li>\n<li class=\"product-prop line-limit-length\"><span\n                                        class=\"property-title\">Tuotteen paino:&nbsp;<\/span><span\n                                        class=\"property-desc line-limit-length\">14,55 paunaa \/ 6,6 kg<\/span>\n                            <\/li>\n<li class=\"product-prop line-limit-length\"><span\n                                        class=\"property-title\">Tyyppi:&nbsp;<\/span><span\n                                        class=\"property-desc line-limit-length\">Polkupy\u00f6r\u00e4n rahtiper\u00e4k\u00e4rry<\/span>\n                            <\/li>\n<\/ul><\/div>\n<div class=\"detailmodule_html\">\n<div class=\"detail-desc-decorate-richtext\">\n<div style=\"font-family:&quot;Open sans&quot;, Arial, Helvetica, sans-serif\">\n<div><img decoding=\"async\" style=\"width:100%\" width=\"100%\" src=\"https:\/\/d2qc09rl1gfuof.cloudfront.net\/vevor\/boutique-banner\/pc\/banner-en.jpg\" slate-data-type=\"image\"\/><\/div>\n<div>\n<div style=\"font-size:16px;font-weight:bold;text-align:center;color:rgb(34, 34, 34);margin:24px 0px;margin-bottom:24px;margin-top:24px;margin-left:0px;margin-right:0px\" align=\"center\">Kuljeta enemm\u00e4n, aja pidemm\u00e4lle VEVOR-py\u00f6r\u00e4n tavaravaunulla<\/div>\n<div><img decoding=\"async\" style=\"width:100%\" width=\"100%\" src=\"https:\/\/d2qc09rl1gfuof.cloudfront.net\/product\/CGKHZLHJ100BHMDBA\/cargo-trailer-a100-1.4.jpg\" slate-data-type=\"image\"\/><\/div>\n<div style=\"font-size:14px;text-align:center;color:rgb(34, 34, 34);margin:16px 0px 24px;margin-bottom:24px;margin-top:16px;margin-left:0px;margin-right:0px\" align=\"center\">T\u00e4m\u00e4 polkupy\u00f6r\u00e4n kuljetusk\u00e4rry on t\u00e4ydellinen varusteiden kuljetusv\u00e4line, joka tukee jopa 45 kilon painoa. Retkeilytarvikkeista p\u00e4ivitt\u00e4isiin v\u00e4ltt\u00e4m\u00e4tt\u00f6myyksiin, siin\u00e4 on tarvitsemasi tila. Lis\u00e4ksi se sopii 22\u201328 tuuman renkailla varustetuille polkupy\u00f6rille, joten se on monipuolinen kaikenlaiseen ajoon.<\/div>\n<\/div>\n<div>\n<div style=\"margin:8px 0px;margin-bottom:8px;margin-top:8px;margin-left:0px;margin-right:0px\"><img decoding=\"async\" style=\"width:100%\" width=\"100%\" src=\"https:\/\/d2qc09rl1gfuof.cloudfront.net\/product\/CGKHZLHJ100BHMDBA\/cargo-trailer-a100-2.2.jpg\" slate-data-type=\"image\"\/><\/div>\n<div style=\"font-size:14px;text-align:center;color:rgb(34, 34, 34);margin:16px 0px 24px;margin-bottom:24px;margin-top:16px;margin-left:0px;margin-right:0px\" align=\"center\">Teollisuusluokan alumiiniseoksesta valmistettu polkupy\u00f6r\u00e4n per\u00e4k\u00e4rry on sek\u00e4 kevyt ett\u00e4 tukeva. Ei ruostumisongelmia pulverimaalatun pinnan ansiosta. Valmiina seikkailuun, satoi tai paistoi!<\/div>\n<\/div>\n<div>\n<div style=\"margin:8px 0px;margin-bottom:8px;margin-top:8px;margin-left:0px;margin-right:0px\"><img decoding=\"async\" style=\"width:100%\" width=\"100%\" src=\"https:\/\/d2qc09rl1gfuof.cloudfront.net\/product\/CGKHZLHJ100BHMDBA\/cargo-trailer-a100-2.3.jpg\" slate-data-type=\"image\"\/><\/div>\n<div style=\"font-size:14px;text-align:center;color:rgb(34, 34, 34);margin:16px 0px 24px;margin-bottom:24px;margin-top:16px;margin-left:0px;margin-right:0px\" align=\"center\">Urheilullisten renkaiden ja rautanapojen ansiosta t\u00e4m\u00e4 py\u00f6r\u00e4k\u00e4rry pit\u00e4\u00e4 sinut vakaana kaikissa maastoissa. Ajatpa sitten asfalttia pitkin tai poluilla, pysyt oikealla tiell\u00e4.<\/div>\n<\/div>\n<div>\n<div style=\"margin:8px 0px;margin-bottom:8px;margin-top:8px;margin-left:0px;margin-right:0px\"><img decoding=\"async\" style=\"width:100%\" width=\"100%\" src=\"https:\/\/d2qc09rl1gfuof.cloudfront.net\/product\/CGKHZLHJ100BHMDBA\/cargo-trailer-a100-2.4.jpg\" slate-data-type=\"image\"\/><\/div>\n<div style=\"font-size:14px;text-align:center;color:rgb(34, 34, 34);margin:16px 0px 24px;margin-bottom:24px;margin-top:16px;margin-left:0px;margin-right:0px\" align=\"center\">T\u00e4m\u00e4n py\u00f6r\u00e4k\u00e4rryn pystytt\u00e4minen on helppoa kokoontaitettavan rungon ja pikalukitusj\u00e4rjestelm\u00e4n ansiosta. Kompakti ja k\u00e4tev\u00e4, se sopii t\u00e4ydellisesti paljon liikkuville seikkailijoille. Lis\u00e4ksi heijastavat tarrat lis\u00e4\u00e4v\u00e4t tyyli\u00e4 ja pit\u00e4v\u00e4t sinut turvassa.<\/div>\n<\/div>\n<div>\n<div style=\"margin:8px 0px;margin-bottom:8px;margin-top:8px;margin-left:0px;margin-right:0px\"><img decoding=\"async\" style=\"width:100%\" width=\"100%\" src=\"https:\/\/d2qc09rl1gfuof.cloudfront.net\/product\/CGKHZLHJ100BHMDBA\/cargo-trailer-a100-2.5.jpg\" slate-data-type=\"image\"\/><\/div>\n<div style=\"font-size:14px;text-align:center;color:rgb(34, 34, 34);margin:16px 0px 24px;margin-bottom:24px;margin-top:16px;margin-left:0px;margin-right:0px\" align=\"center\">Olipa py\u00f6r\u00e4si tyyppi mik\u00e4 tahansa \u2013 cruiser, maastopy\u00f6r\u00e4 tai maantiepy\u00f6r\u00e4 \u2013 t\u00e4m\u00e4 py\u00f6r\u00e4k\u00e4rry pit\u00e4\u00e4 sinut turvassa. T\u00e4ydellinen kaikkeen ruokaostoksista viikonloppumatkoihin, se on ikuinen kuljetuskumppanisi.<\/div>\n<\/div>\n<div style=\"margin:16px 0px 24px;margin-bottom:24px;margin-top:16px;margin-left:0px;margin-right:0px\"><\/div>\n<div style=\"margin:24px 0px;margin-bottom:24px;margin-top:24px;margin-left:0px;margin-right:0px\">\n<div style=\"font-size:16px;font-weight:bold;color:rgb(34, 34, 34);margin:24px 0px 16px;margin-bottom:16px;margin-top:24px;margin-left:0px;margin-right:0px\">Ominaisuudet ja tiedot<\/div>\n<ul style=\"margin:16px 0px 24px;margin-bottom:24px;margin-top:16px;margin-left:0px;margin-right:0px\">\n<li style=\"font-size:14px;color:rgb(34, 34, 34)\">\n<p>45 kg:n suuri kuormakapasiteetti: Polkupy\u00f6r\u00e4n kuljetusk\u00e4rrymme on t\u00e4ydellinen matkakumppanisi. Se tarjoaa tukevan rakenteen ja tilavan muotoilun, joka pystyy k\u00e4sittelem\u00e4\u00e4n jopa 45 kg:n lastia. Se sopii t\u00e4ydellisesti kaikkiin ulkoseikkailuihisi retkeilyst\u00e4 piknikille ja on ihanteellinen ratkaisu t\u00e4rkeiden tavaroiden kuljettamiseen minne ikin\u00e4 menetkin.<\/p>\n<\/li>\n<li style=\"font-size:14px;color:rgb(34, 34, 34)\">\n<p>Teollisuusluokan materiaali: Teollisuusluokan materiaaleista valmistetussa polkupy\u00f6r\u00e4n per\u00e4k\u00e4rryss\u00e4 on kest\u00e4v\u00e4 alumiiniseosrunko, jonka pulverimaalattu pinta suojaa ruosteelta. T\u00e4m\u00e4 rakenne takaa pitk\u00e4kestoisen puhtauden ja tyylikk\u00e4\u00e4n ulkon\u00e4\u00f6n samalla lupaamalla rakenteellisen vakauden ja kest\u00e4vyyden.<\/p>\n<\/li>\n<li style=\"font-size:14px;color:rgb(34, 34, 34)\">\n<p>Ammattimainen rengassuunnittelu: Rullaa sujuvasti mill\u00e4 tahansa tiell\u00e4! Polkupy\u00f6r\u00e4n per\u00e4k\u00e4rryss\u00e4mme on urheilulliset 16&quot; x 1,75&quot; renkaat ja rautaiset navat, jotka tarjoavat erinomaisen vakauden ja pidon erilaisilla pinnoilla, ajatpa sitten betonipoluilla, sorapoluilla tai hiekkapoluilla.<\/p>\n<\/li>\n<li style=\"font-size:14px;color:rgb(34, 34, 34)\">\n<p>P\u00e4ivitetty asennus: Helppo asennus, parannettu turvallisuus! Py\u00f6r\u00e4k\u00e4rrymme asentaminen on helppoa k\u00e4ytt\u00e4j\u00e4yst\u00e4v\u00e4llisen muotoilun ja t\u00e4ydellisen asennusty\u00f6kalusarjan ansiosta. Lis\u00e4ksi erotu tiell\u00e4 kullanv\u00e4risill\u00e4 pinnaheijastimilla, jotka varmistavat n\u00e4kyvyyden y\u00f6ajoilla.<\/p>\n<\/li>\n<li style=\"font-size:14px;color:rgb(34, 34, 34)\">\n<p>Sopii useille py\u00f6r\u00e4malleille: Py\u00f6r\u00e4k\u00e4rrymme on yhteensopiva 22\u201328 tuuman py\u00f6rien kanssa ja kiinnittyy saumattomasti useisiin py\u00f6r\u00e4malleihin, kuten vapaa-ajan py\u00f6riin, lasten py\u00f6riin, maastopy\u00f6riin ja maantiepy\u00f6riin. T\u00e4ydellinen ostoksille, retkeilyyn ja piknikille. HUOMAUTUS: Se ei sovellu lemmikkiel\u00e4imille tai lapsille.<\/p>\n<\/li>\n<\/ul>\n<\/div>\n<div>\n<div>\n<div style=\"margin:16px 0px 24px;margin-bottom:24px;margin-top:16px;margin-left:0px;margin-right:0px\"><img decoding=\"async\" style=\"width:100%\" width=\"100%\" src=\"https:\/\/d2qc09rl1gfuof.cloudfront.net\/product\/CGKHZLHJ100BHMDBA\/cargo-trailer-a100-1.11.jpg\" slate-data-type=\"image\"\/><\/div>\n<\/div>\n<\/div>\n<\/div>\n<\/div>\n<\/div>\n<p><\/p>","protected":false},"excerpt":{"rendered":"<p>Hign-concerned Chemical:&nbsp;None Seat position:&nbsp;POST Material:&nbsp;Metal Age Range:&nbsp;3-6Y Origin:&nbsp;Mainland China Max Load Capacity:&nbsp;100 lbs\/45 kg Transport Box Size:&nbsp;30.1 x 21.9 x 7.9 inches\/765 x 555 x 200 mm Mounting Position:&nbsp;Rear Axle<\/p>","protected":false},"featured_media":25556,"comment_status":"open","ping_status":"closed","template":"","meta":{"_acf_changed":false},"product_brand":[],"product_cat":[523],"product_tag":[],"class_list":{"0":"post-25555","1":"product","2":"type-product","3":"status-publish","4":"has-post-thumbnail","6":"product_cat-bike-trailers-and-wagons","8":"first","9":"instock","10":"shipping-taxable","11":"purchasable","12":"product-type-variable"},"acf":[],"_links":{"self":[{"href":"https:\/\/electricstore.eu\/fi\/wp-json\/wp\/v2\/product\/25555","targetHints":{"allow":["GET"]}}],"collection":[{"href":"https:\/\/electricstore.eu\/fi\/wp-json\/wp\/v2\/product"}],"about":[{"href":"https:\/\/electricstore.eu\/fi\/wp-json\/wp\/v2\/types\/product"}],"replies":[{"embeddable":true,"href":"https:\/\/electricstore.eu\/fi\/wp-json\/wp\/v2\/comments?post=25555"}],"wp:featuredmedia":[{"embeddable":true,"href":"https:\/\/electricstore.eu\/fi\/wp-json\/wp\/v2\/media\/25556"}],"wp:attachment":[{"href":"https:\/\/electricstore.eu\/fi\/wp-json\/wp\/v2\/media?parent=25555"}],"wp:term":[{"taxonomy":"product_brand","embeddable":true,"href":"https:\/\/electricstore.eu\/fi\/wp-json\/wp\/v2\/product_brand?post=25555"},{"taxonomy":"product_cat","embeddable":true,"href":"https:\/\/electricstore.eu\/fi\/wp-json\/wp\/v2\/product_cat?post=25555"},{"taxonomy":"product_tag","embeddable":true,"href":"https:\/\/electricstore.eu\/fi\/wp-json\/wp\/v2\/product_tag?post=25555"}],"curies":[{"name":"wp","href":"https:\/\/api.w.org\/{rel}","templated":true}]}}