{"id":25454,"date":"2025-05-20T18:59:26","date_gmt":"2025-05-20T18:59:26","guid":{"rendered":"https:\/\/electricstore.eu\/p\/uncategorized\/vevor-12v-motorized-electric-trailer-mover-dolly-5000lbs-towing-capacity-adjustable-clamp-jockey-wheel-for-moving-caravan-boat\/"},"modified":"2025-05-20T19:02:35","modified_gmt":"2025-05-20T19:02:35","slug":"vevor-12v-motorized-electric-trailer-mover-dolly-5000lbs-towing-capacity-adjustable-clamp-jockey-wheel-for-moving-caravan-boat","status":"publish","type":"product","link":"https:\/\/electricstore.eu\/fi\/p\/a\/vevor-12v-motorized-electric-trailer-mover-dolly-5000lbs-towing-capacity-adjustable-clamp-jockey-wheel-for-moving-caravan-boat\/","title":{"rendered":"VEVOR 12V moottoroitu s\u00e4hk\u00f6inen per\u00e4vaununsiirtolaite, 5000 paunan vetokyky, s\u00e4\u00e4dett\u00e4v\u00e4 puristinpy\u00f6r\u00e4 asuntovaunun siirt\u00e4miseen"},"content":{"rendered":"<div class=\"product-specs-list-container\">\n<ul class=\"product-specs-list util-clearfix\">\n<li class=\"product-prop line-limit-length\"><span\n                                        class=\"property-title\">Huolenaiheinen kemikaali:&nbsp;<\/span><span\n                                        class=\"property-desc line-limit-length\">Ei mit\u00e4\u00e4n<\/span>\n                            <\/li>\n<li class=\"product-prop line-limit-length\"><span\n                                        class=\"property-title\">Alkuper\u00e4:&nbsp;<\/span><span\n                                        class=\"property-desc line-limit-length\">Manner-Kiina<\/span>\n                            <\/li>\n<li class=\"product-prop line-limit-length\"><span\n                                        class=\"property-title\">Kantavuus:&nbsp;<\/span><span\n                                        class=\"property-desc line-limit-length\">5000 paunaa<\/span>\n                            <\/li>\n<li class=\"product-prop line-limit-length\"><span\n                                        class=\"property-title\">Tuotemerkki:&nbsp;<\/span><span\n                                        class=\"property-desc line-limit-length\">VEVOR<\/span>\n                            <\/li>\n<\/ul><\/div>\n<div class=\"detailmodule_html\">\n<div class=\"detail-desc-decorate-richtext\">\n<div style=\"font-family:&quot;Open sans&quot;, Arial, Helvetica, sans-serif\">\n<div><img decoding=\"async\" style=\"width:100%\" width=\"100%\" src=\"https:\/\/d2qc09rl1gfuof.cloudfront.net\/vevor\/boutique-banner\/pc\/banner-en.jpg\" slate-data-type=\"image\"\/><\/div>\n<div>\n<div style=\"font-size:16px;font-weight:bold;text-align:center;color:rgb(34, 34, 34);margin:24px 0px;margin-bottom:24px;margin-top:24px;margin-left:0px;margin-right:0px\" align=\"center\">12 V s\u00e4hk\u00f6inen per\u00e4vaunun dolly<\/div>\n<div><img decoding=\"async\" style=\"width:100%\" width=\"100%\" src=\"https:\/\/d2qc09rl1gfuof.cloudfront.net\/product\/YXDDQYCYSB500477A\/electric-trailer-dolly-a100-1.4.jpg\" slate-data-type=\"image\"\/><\/div>\n<div style=\"font-size:14px;text-align:center;color:rgb(34, 34, 34);margin:16px 0px 24px;margin-bottom:24px;margin-top:16px;margin-left:0px;margin-right:0px\" align=\"center\">P\u00e4ivitetyll\u00e4 paksunnetulla kiinnikkeell\u00e4 on vakaampi kuormakapasiteetti, joka tarjoaa 5000 paunan vetokyvyn, mik\u00e4 on paljon suurempi kuin vastaavien traktoreiden kuormakapasiteetti. Lis\u00e4ksi helppo asennus ja ohjaus tekev\u00e4t raskaiden per\u00e4vaunujen k\u00e4yt\u00f6st\u00e4 ty\u00f6voimaa s\u00e4\u00e4st\u00e4v\u00e4mp\u00e4\u00e4.<\/div>\n<\/div>\n<div>\n<div style=\"margin:8px 0px;margin-bottom:8px;margin-top:8px;margin-left:0px;margin-right:0px\"><img decoding=\"async\" style=\"width:100%\" width=\"100%\" src=\"https:\/\/d2qc09rl1gfuof.cloudfront.net\/product\/YXDDQYCYSB500477A\/electric-trailer-dolly-a100-1.12.jpg\" slate-data-type=\"image\"\/><\/div>\n<\/div>\n<div>\n<div style=\"margin:8px 0px;margin-bottom:8px;margin-top:8px;margin-left:0px;margin-right:0px\"><img decoding=\"async\" style=\"width:100%\" width=\"100%\" src=\"https:\/\/d2qc09rl1gfuof.cloudfront.net\/product\/YXDDQYCYSB500477A\/electric-trailer-dolly-a100-1.13.jpg\" slate-data-type=\"image\"\/><\/div>\n<\/div>\n<div>\n<div style=\"margin:8px 0px;margin-bottom:8px;margin-top:8px;margin-left:0px;margin-right:0px\"><img decoding=\"async\" style=\"width:100%\" width=\"100%\" src=\"https:\/\/d2qc09rl1gfuof.cloudfront.net\/product\/YXDDQYCYSB500477A\/electric-trailer-dolly-a100-1.16.jpg\" slate-data-type=\"image\"\/><\/div>\n<\/div>\n<div>\n<div style=\"margin:8px 0px;margin-bottom:8px;margin-top:8px;margin-left:0px;margin-right:0px\"><img decoding=\"async\" style=\"width:100%\" width=\"100%\" src=\"https:\/\/d2qc09rl1gfuof.cloudfront.net\/product\/YXDDQYCYSB500477A\/electric-trailer-dolly-a100-1.17.jpg\" slate-data-type=\"image\"\/><\/div>\n<\/div>\n<div>\n<div style=\"margin:8px 0px;margin-bottom:8px;margin-top:8px;margin-left:0px;margin-right:0px\"><img decoding=\"async\" style=\"width:100%\" width=\"100%\" src=\"https:\/\/d2qc09rl1gfuof.cloudfront.net\/product\/YXDDQYCYSB500477A\/electric-trailer-dolly-a100-1.18.jpg\" slate-data-type=\"image\"\/><\/div>\n<\/div>\n<div>\n<div style=\"margin:8px 0px;margin-bottom:8px;margin-top:8px;margin-left:0px;margin-right:0px\"><img decoding=\"async\" style=\"width:100%\" width=\"100%\" src=\"https:\/\/d2qc09rl1gfuof.cloudfront.net\/product\/YXDDQYCYSB500477A\/electric-trailer-dolly-a100-1.20.jpg\" slate-data-type=\"image\"\/><\/div>\n<\/div>\n<div>\n<div style=\"margin:8px 0px;margin-bottom:8px;margin-top:8px;margin-left:0px;margin-right:0px\"><img decoding=\"async\" style=\"width:100%\" width=\"100%\" src=\"https:\/\/d2qc09rl1gfuof.cloudfront.net\/product\/YXDDQYCYSB500477A\/electric-trailer-dolly-a100-1.21.jpg\" slate-data-type=\"image\"\/><\/div>\n<\/div>\n<div style=\"margin:16px 0px 24px;margin-bottom:24px;margin-top:16px;margin-left:0px;margin-right:0px\"><\/div>\n<div style=\"margin:24px 0px;margin-bottom:24px;margin-top:24px;margin-left:0px;margin-right:0px\">\n<div style=\"font-size:16px;font-weight:bold;color:rgb(34, 34, 34);margin:24px 0px 16px;margin-bottom:16px;margin-top:24px;margin-left:0px;margin-right:0px\">Ominaisuudet ja tiedot<\/div>\n<ul style=\"margin:16px 0px 24px;margin-bottom:24px;margin-top:16px;margin-left:0px;margin-right:0px\">\n<li style=\"font-size:14px;color:rgb(34, 34, 34)\">\n<p>Tehokas per\u00e4vaunun vetoapulainen: 600 paunan (n. 274 kg) kuormauskapasiteetilla s\u00e4hk\u00f6k\u00e4ytt\u00f6inen per\u00e4vaunuvaunumme voi siirt\u00e4\u00e4 jopa 5000 paunan (n. 2213 kg) per\u00e4vaunuja vaivattomasti. Tavanomaisiin minikokoisiin siirtovaunuihin verrattuna t\u00e4ss\u00e4 per\u00e4vaununsiirtovaunussa on tehokkaampi moottori, jonka enimm\u00e4isnopeus on 22 jalkaa minuutissa.<\/p>\n<\/li>\n<li style=\"font-size:14px;color:rgb(34, 34, 34)\">\n<p>Helppo asennus: Kiinnikkeen kiinnike on s\u00e4\u00e4dett\u00e4viss\u00e4 v\u00e4lill\u00e4 12&quot;-24,8&quot; (30-63 cm). Nosta tai laske kiinnikett\u00e4 s\u00e4\u00e4t\u00e4\u00e4ksesi t\u00e4m\u00e4n per\u00e4k\u00e4rryk\u00e4rryn korkeutta vaivattomasti maksimaalisen mukavuuden saavuttamiseksi.<\/p>\n<\/li>\n<li style=\"font-size:14px;color:rgb(34, 34, 34)\">\n<p>Liiku helposti: Se on varustettu 8 tuuman kiinte\u00e4ll\u00e4 py\u00f6riv\u00e4ll\u00e4 kumipy\u00f6r\u00e4ll\u00e4, joka takaa tasaisen vierimisen ja vapaan ohjattavuuden.<\/p>\n<\/li>\n<li style=\"font-size:14px;color:rgb(34, 34, 34)\">\n<p>Ohjausta mielesi mukaan: Kahva mahdollistaa vakaan ja tarkan hallinnan, jonka avulla voit ohjata per\u00e4vaununkuljetinta helposti mihin tahansa suuntaan. Lis\u00e4ksi dollyssa on my\u00f6s automaattinen jarrutustoiminto.<\/p>\n<\/li>\n<li style=\"font-size:14px;color:rgb(34, 34, 34)\">\n<p>Turvallinen ja vakaa: T\u00e4m\u00e4 tuote on l\u00e4p\u00e4issyt CE-sertifioinnin, mik\u00e4 takaa paremman tuotteen laadun turvallisempaan ja luotettavampaan k\u00e4ytt\u00f6\u00f6n. Huomio: t\u00e4t\u00e4 tuotetta ei suositella k\u00e4ytett\u00e4v\u00e4ksi yli 5 asteen kaltevuudella olevilla rampeilla, hiekkateill\u00e4 tai sorateill\u00e4.<\/p>\n<\/li>\n<\/ul>\n<\/div>\n<div>\n<div>\n<div style=\"margin:16px 0px 24px;margin-bottom:24px;margin-top:16px;margin-left:0px;margin-right:0px\"><img decoding=\"async\" style=\"width:100%\" width=\"100%\" src=\"https:\/\/d2qc09rl1gfuof.cloudfront.net\/product\/YXDDQYCYSB500477A\/electric-trailer-dolly-a100-1.11.jpg\" slate-data-type=\"image\"\/><\/div>\n<\/div>\n<\/div>\n<\/div>\n<\/div>\n<\/div>\n<p><\/p>","protected":false},"excerpt":{"rendered":"<p>Hign-concerned Chemical:&nbsp;None Origin:&nbsp;Mainland China Load Capacity:&nbsp;5000 lbs Brand Name:&nbsp;VEVOR 12V Electric Trailer Dolly The upgraded thickened bracket has a more stable load capacity, providing 5000 lbs towing capacity, much higher<\/p>","protected":false},"featured_media":25456,"comment_status":"open","ping_status":"closed","template":"","meta":{"_acf_changed":false},"product_brand":[],"product_cat":[525],"product_tag":[],"class_list":{"0":"post-25454","1":"product","2":"type-product","3":"status-publish","4":"has-post-thumbnail","6":"product_cat-a","8":"first","9":"instock","10":"shipping-taxable","11":"purchasable","12":"product-type-variable"},"acf":[],"_links":{"self":[{"href":"https:\/\/electricstore.eu\/fi\/wp-json\/wp\/v2\/product\/25454","targetHints":{"allow":["GET"]}}],"collection":[{"href":"https:\/\/electricstore.eu\/fi\/wp-json\/wp\/v2\/product"}],"about":[{"href":"https:\/\/electricstore.eu\/fi\/wp-json\/wp\/v2\/types\/product"}],"replies":[{"embeddable":true,"href":"https:\/\/electricstore.eu\/fi\/wp-json\/wp\/v2\/comments?post=25454"}],"wp:featuredmedia":[{"embeddable":true,"href":"https:\/\/electricstore.eu\/fi\/wp-json\/wp\/v2\/media\/25456"}],"wp:attachment":[{"href":"https:\/\/electricstore.eu\/fi\/wp-json\/wp\/v2\/media?parent=25454"}],"wp:term":[{"taxonomy":"product_brand","embeddable":true,"href":"https:\/\/electricstore.eu\/fi\/wp-json\/wp\/v2\/product_brand?post=25454"},{"taxonomy":"product_cat","embeddable":true,"href":"https:\/\/electricstore.eu\/fi\/wp-json\/wp\/v2\/product_cat?post=25454"},{"taxonomy":"product_tag","embeddable":true,"href":"https:\/\/electricstore.eu\/fi\/wp-json\/wp\/v2\/product_tag?post=25454"}],"curies":[{"name":"wp","href":"https:\/\/api.w.org\/{rel}","templated":true}]}}