{"id":25391,"date":"2025-05-20T18:59:01","date_gmt":"2025-05-20T18:59:01","guid":{"rendered":"https:\/\/electricstore.eu\/p\/uncategorized\/vevor-500lbs-beach-fishing-cart-marine-cart-with-four-13-big-wheels-6-rod-holders-aluminum-pier-wagon-trolley-for-sand-picnic\/"},"modified":"2025-05-20T19:00:58","modified_gmt":"2025-05-20T19:00:58","slug":"vevor-500lbs-beach-fishing-cart-marine-cart-with-four-13-big-wheels-6-rod-holders-aluminum-pier-wagon-trolley-for-sand-picnic","status":"publish","type":"product","link":"https:\/\/electricstore.eu\/fi\/p\/o\/bike-trailers-and-wagons\/vevor-500lbs-beach-fishing-cart-marine-cart-with-four-13-big-wheels-6-rod-holders-aluminum-pier-wagon-trolley-for-sand-picnic\/","title":{"rendered":"VEVOR 500 paunan rantakalastusk\u00e4rry, merik\u00e4rry nelj\u00e4ll\u00e4 13 tuuman isolla py\u00f6r\u00e4ll\u00e4, 6 vapapidikett\u00e4, alumiininen laiturivaunu hiekkapiknikille"},"content":{"rendered":"<div class=\"product-specs-list-container\">\n<ul class=\"product-specs-list util-clearfix\">\n<li class=\"product-prop line-limit-length\"><span\n                                        class=\"property-title\">Huolenaiheinen kemikaali:&nbsp;<\/span><span\n                                        class=\"property-desc line-limit-length\">Ei mit\u00e4\u00e4n<\/span>\n                            <\/li>\n<li class=\"product-prop line-limit-length\"><span\n                                        class=\"property-title\">Alkuper\u00e4:&nbsp;<\/span><span\n                                        class=\"property-desc line-limit-length\">Manner-Kiina<\/span>\n                            <\/li>\n<li class=\"product-prop line-limit-length\"><span\n                                        class=\"property-title\">Mallinumero:&nbsp;<\/span><span\n                                        class=\"property-desc line-limit-length\">YK-500<\/span>\n                            <\/li>\n<li class=\"product-prop line-limit-length\"><span\n                                        class=\"property-title\">Kantavuus:&nbsp;<\/span><span\n                                        class=\"property-desc line-limit-length\">500 paunaa \/ 226,79 kg<\/span>\n                            <\/li>\n<li class=\"product-prop line-limit-length\"><span\n                                        class=\"property-title\">Tuotemerkki:&nbsp;<\/span><span\n                                        class=\"property-desc line-limit-length\">VEVOR<\/span>\n                            <\/li>\n<li class=\"product-prop line-limit-length\"><span\n                                        class=\"property-title\">Merkki:&nbsp;<\/span><span\n                                        class=\"property-desc line-limit-length\">VEVOR<\/span>\n                            <\/li>\n<li class=\"product-prop line-limit-length\"><span\n                                        class=\"property-title\">Tuotteen paino:&nbsp;<\/span><span\n                                        class=\"property-desc line-limit-length\">44,53 paunaa \/ 20,2 kg<\/span>\n                            <\/li>\n<li class=\"product-prop line-limit-length\"><span\n                                        class=\"property-title\">Suurin painokapasiteetti:&nbsp;<\/span><span\n                                        class=\"property-desc line-limit-length\">500 paunaa \/ 226,79 kg<\/span>\n                            <\/li>\n<li class=\"product-prop line-limit-length\"><span\n                                        class=\"property-title\">Renkaan koko:&nbsp;<\/span><span\n                                        class=\"property-desc line-limit-length\">12 tuumaa \/ 305 mm (13 tuumaa \/ 330 mm t\u00e4yt\u00f6n j\u00e4lkeen)<\/span>\n                            <\/li>\n<li class=\"product-prop line-limit-length\"><span\n                                        class=\"property-title\">Sis\u00e4kehyksen koko:&nbsp;<\/span><span\n                                        class=\"property-desc line-limit-length\">45,9 x 27 x 7,9 tuumaa \/ 1165 x 685 x 200 mm<\/span>\n                            <\/li>\n<li class=\"product-prop line-limit-length\"><span\n                                        class=\"property-title\">Tuotteen koko:&nbsp;<\/span><span\n                                        class=\"property-desc line-limit-length\">53,14 x 31,1 x 38,58 tuumaa \/ 1350 x 790 x 980 mm<\/span>\n                            <\/li>\n<li class=\"product-prop line-limit-length\"><span\n                                        class=\"property-title\">Tyyppi:&nbsp;<\/span><span\n                                        class=\"property-desc line-limit-length\">Rantakalastusk\u00e4rry<\/span>\n                            <\/li>\n<\/ul><\/div>\n<div class=\"detailmodule_dynamic\"><kse:widget data-widget-type=\"customText\" id=\"1005000000821364\" type=\"relation\"><\/kse:widget><\/div>\n<div class=\"detailmodule_html\">\n<div class=\"detail-desc-decorate-richtext\">\n<div style=\"font-family:&quot;Open sans&quot;, Arial, Helvetica, sans-serif\">\n<div><img decoding=\"async\" style=\"width:100%\" width=\"100%\" src=\"https:\/\/d2qc09rl1gfuof.cloudfront.net\/vevor\/boutique-banner\/pc\/banner-en.jpg\" slate-data-type=\"image\"\/><\/div>\n<div>\n<div style=\"font-size:16px;font-weight:bold;text-align:center;color:rgb(34, 34, 34);margin:24px 0px;margin-bottom:24px;margin-top:24px;margin-left:0px;margin-right:0px\" align=\"center\">VEVOR-rantakalastusk\u00e4rry: Luotettava ulkoilukaverisi<\/div>\n<div><img decoding=\"async\" style=\"width:100%\" width=\"100%\" src=\"https:\/\/d2qc09rl1gfuof.cloudfront.net\/product\/SLKYJCBKZD00X0T74\/fishing-cart-a100-1.4.jpg\" slate-data-type=\"image\"\/><\/div>\n<div style=\"font-size:14px;text-align:center;color:rgb(34, 34, 34);margin:16px 0px 24px;margin-bottom:24px;margin-top:16px;margin-left:0px;margin-right:0px\" align=\"center\">Kuvittele t\u00e4m\u00e4: kalastusk\u00e4rry, jossa on tukeva alumiinirunko ja joka rullaa sujuvasti 13-tuumaisilla PU-t\u00e4ytett\u00e4vill\u00e4 py\u00f6rill\u00e4. Mitat 114,5 x 69 x 19,5 cm ja valmiina kuljettamaan jopa 225 kg:n saaliita kuuden vapapidikkeen ansiosta, se on t\u00e4ydellinen kumppani kalastusseikkailuihin.<\/div>\n<\/div>\n<div>\n<div style=\"margin:8px 0px;margin-bottom:8px;margin-top:8px;margin-left:0px;margin-right:0px\"><img decoding=\"async\" style=\"width:100%\" width=\"100%\" src=\"https:\/\/d2qc09rl1gfuof.cloudfront.net\/product\/SLKYJCBKZD00X0T74\/fishing-cart-a100-2.2.jpg\" slate-data-type=\"image\"\/><\/div>\n<div style=\"font-size:14px;text-align:center;color:rgb(34, 34, 34);margin:16px 0px 24px;margin-bottom:24px;margin-top:16px;margin-left:0px;margin-right:0px\" align=\"center\">Rantakalastusk\u00e4rrymme ylpeilee haasteita rakastavilla py\u00f6rill\u00e4 \u2013 olipa kyseess\u00e4 hiekkarannat, kiviset polut tai nurmikot, ne tekev\u00e4t jokaisesta matkasta sujuvan ja vaivattoman.<\/div>\n<\/div>\n<div>\n<div style=\"margin:8px 0px;margin-bottom:8px;margin-top:8px;margin-left:0px;margin-right:0px\"><img decoding=\"async\" style=\"width:100%\" width=\"100%\" src=\"https:\/\/d2qc09rl1gfuof.cloudfront.net\/product\/SLKYJCBKZD00X0T74\/fishing-cart-a100-2.3.jpg\" slate-data-type=\"image\"\/><\/div>\n<div style=\"font-size:14px;text-align:center;color:rgb(34, 34, 34);margin:16px 0px 24px;margin-bottom:24px;margin-top:16px;margin-left:0px;margin-right:0px\" align=\"center\">Olemme p\u00e4ivitt\u00e4neet pultit ruostumattomasta ter\u00e4ksest\u00e4 valmistettuihin, jotka kest\u00e4v\u00e4t l\u00f6ystymist\u00e4, ruostetta ja kulumista varmistaen tukevan ja luotettavan kalastusk\u00e4rryn, joka pysyy kunnossa pitk\u00e4aikaisen k\u00e4yt\u00f6n j\u00e4lkeen.<\/div>\n<\/div>\n<div>\n<div style=\"margin:8px 0px;margin-bottom:8px;margin-top:8px;margin-left:0px;margin-right:0px\"><img decoding=\"async\" style=\"width:100%\" width=\"100%\" src=\"https:\/\/d2qc09rl1gfuof.cloudfront.net\/product\/SLKYJCBKZD00X0T74\/fishing-cart-a100-2.4.jpg\" slate-data-type=\"image\"\/><\/div>\n<div style=\"font-size:14px;text-align:center;color:rgb(34, 34, 34);margin:16px 0px 24px;margin-bottom:24px;margin-top:16px;margin-left:0px;margin-right:0px\" align=\"center\">J\u00e4t\u00e4 hyv\u00e4stit n\u00e4pp\u00e4r\u00e4lle py\u00f6rien asennukselle. Kiinnitysk\u00e4rryss\u00e4mme on yksinkertainen tappimekanismi py\u00f6rien nopeaan ja helppoon kiinnitykseen ja irrottamiseen sek\u00e4 O-rengastappi lis\u00e4mielenrauhaa varten.<\/div>\n<\/div>\n<div>\n<div style=\"margin:8px 0px;margin-bottom:8px;margin-top:8px;margin-left:0px;margin-right:0px\"><img decoding=\"async\" style=\"width:100%\" width=\"100%\" src=\"https:\/\/d2qc09rl1gfuof.cloudfront.net\/product\/SLKYJCBKZD00X0T74\/fishing-cart-a100-2.5.jpg\" slate-data-type=\"image\"\/><\/div>\n<div style=\"font-size:14px;text-align:center;color:rgb(34, 34, 34);margin:16px 0px 24px;margin-bottom:24px;margin-top:16px;margin-left:0px;margin-right:0px\" align=\"center\">Enemm\u00e4n kuin vain kalastuskumppani! Olitpa sitten ulkokuvauksessa, piknikill\u00e4 tai retkeilem\u00e4ss\u00e4, t\u00e4m\u00e4 laiturikalastusk\u00e4rry hoitaa kaikki varusteesi helposti ja s\u00e4\u00e4st\u00e4\u00e4 sinut edestakaisilta matkoilta.<\/div>\n<\/div>\n<div style=\"margin:16px 0px 24px;margin-bottom:24px;margin-top:16px;margin-left:0px;margin-right:0px\"><\/div>\n<div style=\"margin:24px 0px;margin-bottom:24px;margin-top:24px;margin-left:0px;margin-right:0px\">\n<div style=\"font-size:16px;font-weight:bold;color:rgb(34, 34, 34);margin:24px 0px 16px;margin-bottom:16px;margin-top:24px;margin-left:0px;margin-right:0px\">Ominaisuudet ja tiedot<\/div>\n<ul style=\"margin:16px 0px 24px;margin-bottom:24px;margin-top:16px;margin-left:0px;margin-right:0px\">\n<li style=\"font-size:14px;color:rgb(34, 34, 34)\">\n<p>Tukeva runko: Tutustu VEVOR-rantakalastusk\u00e4rryyn, joka on valmistettu korkealaatuisesta alumiinista, mink\u00e4 ansiosta k\u00e4rry on paitsi kest\u00e4v\u00e4 my\u00f6s ruostumaton. Se on kuin luotettava kalastuskaveri, joka ei koskaan pet\u00e4 sinua. Lis\u00e4ksi se on kevyt \u2013 joten voit keskitty\u00e4 saaliiseen, \u00e4l\u00e4 kantamiseen!<\/p>\n<\/li>\n<li style=\"font-size:14px;color:rgb(34, 34, 34)\">\n<p>K\u00e4yt\u00e4nn\u00f6lliset PU-renkaat: T\u00e4ss\u00e4 rantakalastusk\u00e4rryss\u00e4 on 13-tuumaiset PU-t\u00e4ytett\u00e4v\u00e4t renkaat, jotka liukuvat hiekan, mudan, soran ja ruohon yli kuin unelma. N\u00e4m\u00e4 py\u00f6r\u00e4t eiv\u00e4t ainoastaan kanna kuormaasi, vaan ne tekev\u00e4t matkastasi t\u00e4ydelliseen kalastuspaikkaan yht\u00e4 sujuvan kuin suosikkisiimasi.<\/p>\n<\/li>\n<li style=\"font-size:14px;color:rgb(34, 34, 34)\">\n<p>Runsaasti s\u00e4ilytystilaa: 114 cm pitk\u00e4n, 69 cm leve\u00e4n ja 19 cm korkean rungon sek\u00e4 tukevien 33 cm:n py\u00f6rien ansiosta t\u00e4m\u00e4 kalastusk\u00e4rry kest\u00e4\u00e4 jopa 225 kg:n painon. Surffivarusteet, rantatarvikkeet, mit\u00e4 ikin\u00e4 keksitkin \u2013 pakkaa se mukaan ja suuntaa matkaan huoletta!<\/p>\n<\/li>\n<li style=\"font-size:14px;color:rgb(34, 34, 34)\">\n<p>Tiivistetty ja tiivis rakenne: J\u00e4t\u00e4 hyv\u00e4stit kadonneiden tavaroiden vaivalle! Laiturikalastusk\u00e4rryiss\u00e4mme on nerokkaasti suunniteltu tiivistetty pohja, joka pit\u00e4\u00e4 kaiken pienist\u00e4 varusteista suurempiin varusteisiin turvallisesti paikoillaan. Kyse on siisteist\u00e4 ja organisoiduista retkist\u00e4 joka kerta.<\/p>\n<\/li>\n<li style=\"font-size:14px;color:rgb(34, 34, 34)\">\n<p>Monitoiminen ja kannettava: T\u00e4m\u00e4 laiturik\u00e4rry on varustettu kuudella vapapidikkeell\u00e4 ja kannettavalla vavan asettamismekanismilla, mik\u00e4 mullistaa kalastajien el\u00e4m\u00e4n. 5 cm:n halkaisijan omaavat pidikkeet sopivat erilaisille vavoille. Kaikki on k\u00e4tev\u00e4\u00e4: nappaa vapaa, heit\u00e4 se ja olet hetkess\u00e4 kalastamassa.<\/p>\n<\/li>\n<\/ul>\n<\/div>\n<div>\n<div>\n<div style=\"margin:16px 0px 24px;margin-bottom:24px;margin-top:16px;margin-left:0px;margin-right:0px\"><img decoding=\"async\" style=\"width:100%\" width=\"100%\" src=\"https:\/\/d2qc09rl1gfuof.cloudfront.net\/product\/SLKYJCBKZD00X0T74\/fishing-cart-a100-1.11.jpg\" slate-data-type=\"image\"\/><\/div>\n<\/div>\n<\/div>\n<\/div>\n<\/div>\n<\/div>\n<div class=\"detailmodule_dynamic\"><kse:widget data-widget-type=\"customText\" id=\"1005000000397265\" type=\"custom\"><\/kse:widget><\/div>\n<p><\/p>","protected":false},"excerpt":{"rendered":"<p>Hign-concerned Chemical:&nbsp;None Origin:&nbsp;Mainland China Model Number:&nbsp;YK-500 Load Capacity:&nbsp;500 lbs\/226.79 kg Brand Name:&nbsp;VEVOR Brand:&nbsp;VEVOR Item Weight:&nbsp;44.53 lbs\/20.2 kg Maximum Weight Capacity:&nbsp;500 lbs\/226.79 kg Wheel Size:&nbsp;12 in\/305 mm (13 in\/330 mm after<\/p>","protected":false},"featured_media":25393,"comment_status":"open","ping_status":"closed","template":"","meta":{"_acf_changed":false},"product_brand":[],"product_cat":[523],"product_tag":[],"class_list":{"0":"post-25391","1":"product","2":"type-product","3":"status-publish","4":"has-post-thumbnail","6":"product_cat-bike-trailers-and-wagons","8":"first","9":"instock","10":"shipping-taxable","11":"purchasable","12":"product-type-simple"},"acf":[],"_links":{"self":[{"href":"https:\/\/electricstore.eu\/fi\/wp-json\/wp\/v2\/product\/25391","targetHints":{"allow":["GET"]}}],"collection":[{"href":"https:\/\/electricstore.eu\/fi\/wp-json\/wp\/v2\/product"}],"about":[{"href":"https:\/\/electricstore.eu\/fi\/wp-json\/wp\/v2\/types\/product"}],"replies":[{"embeddable":true,"href":"https:\/\/electricstore.eu\/fi\/wp-json\/wp\/v2\/comments?post=25391"}],"wp:featuredmedia":[{"embeddable":true,"href":"https:\/\/electricstore.eu\/fi\/wp-json\/wp\/v2\/media\/25393"}],"wp:attachment":[{"href":"https:\/\/electricstore.eu\/fi\/wp-json\/wp\/v2\/media?parent=25391"}],"wp:term":[{"taxonomy":"product_brand","embeddable":true,"href":"https:\/\/electricstore.eu\/fi\/wp-json\/wp\/v2\/product_brand?post=25391"},{"taxonomy":"product_cat","embeddable":true,"href":"https:\/\/electricstore.eu\/fi\/wp-json\/wp\/v2\/product_cat?post=25391"},{"taxonomy":"product_tag","embeddable":true,"href":"https:\/\/electricstore.eu\/fi\/wp-json\/wp\/v2\/product_tag?post=25391"}],"curies":[{"name":"wp","href":"https:\/\/api.w.org\/{rel}","templated":true}]}}