{"id":25347,"date":"2025-05-20T18:58:45","date_gmt":"2025-05-20T18:58:45","guid":{"rendered":"https:\/\/electricstore.eu\/p\/uncategorized\/vevor-18000lbs-electric-winch-car-truck-steel-cable-winch-with-85ft-wire-rope-wireless-remote-control-for-towing-off-road-suv\/"},"modified":"2025-05-20T19:00:25","modified_gmt":"2025-05-20T19:00:25","slug":"vevor-18000lbs-electric-winch-car-truck-steel-cable-winch-with-85ft-wire-rope-wireless-remote-control-for-towing-off-road-suv","status":"publish","type":"product","link":"https:\/\/electricstore.eu\/fi\/p\/o\/electric-winches\/vevor-18000lbs-electric-winch-car-truck-steel-cable-winch-with-85ft-wire-rope-wireless-remote-control-for-towing-off-road-suv\/","title":{"rendered":"VEVOR 18000 paunan s\u00e4hk\u00f6vinssi autokuorma-auto ter\u00e4svaijerivinssi 85 jalan vaijerilla varustetulla langattomalla kaukos\u00e4\u00e4timell\u00e4 maastoajoneuvojen hinaamiseen"},"content":{"rendered":"<div class=\"product-specs-list-container\">\n<ul class=\"product-specs-list util-clearfix\">\n<li class=\"product-prop line-limit-length\"><span\n                                        class=\"property-title\">Huolenaiheinen kemikaali:&nbsp;<\/span><span\n                                        class=\"property-desc line-limit-length\">Ei mit\u00e4\u00e4n<\/span>\n                            <\/li>\n<li class=\"product-prop line-limit-length\"><span\n                                        class=\"property-title\">Mallinumero:&nbsp;<\/span><span\n                                        class=\"property-desc line-limit-length\">SEC16800T<\/span>\n                            <\/li>\n<li class=\"product-prop line-limit-length\"><span\n                                        class=\"property-title\">Alkuper\u00e4:&nbsp;<\/span><span\n                                        class=\"property-desc line-limit-length\">Manner-Kiina<\/span>\n                            <\/li>\n<li class=\"product-prop line-limit-length\"><span\n                                        class=\"property-title\">Tuotemerkki:&nbsp;<\/span><span\n                                        class=\"property-desc line-limit-length\">VEVOR<\/span>\n                            <\/li>\n<li class=\"product-prop line-limit-length\"><span\n                                        class=\"property-title\">Tyyppi:&nbsp;<\/span><span\n                                        class=\"property-desc line-limit-length\">Voima<\/span>\n                            <\/li>\n<li class=\"product-prop line-limit-length\"><span\n                                        class=\"property-title\">Merkki:&nbsp;<\/span><span\n                                        class=\"property-desc line-limit-length\">VEVOR<\/span>\n                            <\/li>\n<li class=\"product-prop line-limit-length\"><span\n                                        class=\"property-title\">Materiaali:&nbsp;<\/span><span\n                                        class=\"property-desc line-limit-length\">Seostettu alumiini, ter\u00e4s, kupari, muovi (PPS ja PA jne.)<\/span>\n                            <\/li>\n<li class=\"product-prop line-limit-length\"><span\n                                        class=\"property-title\">Nimellinen vetokyky:&nbsp;<\/span><span\n                                        class=\"property-desc line-limit-length\">18 000 paunaa<\/span>\n                            <\/li>\n<li class=\"product-prop line-limit-length\"><span\n                                        class=\"property-title\">Kaapelin materiaali:&nbsp;<\/span><span\n                                        class=\"property-desc line-limit-length\">Ter\u00e4s, 19 s\u00e4iett\u00e4<\/span>\n                            <\/li>\n<li class=\"product-prop line-limit-length\"><span\n                                        class=\"property-title\">J\u00e4nnite\/Hevosvoima:&nbsp;<\/span><span\n                                        class=\"property-desc line-limit-length\">12 V DC \/ 5,7 hv<\/span>\n                            <\/li>\n<li class=\"product-prop line-limit-length\"><span\n                                        class=\"property-title\">Nettopaino:&nbsp;<\/span><span\n                                        class=\"property-desc line-limit-length\">96,8 paunaa \/ 43,9 kg<\/span>\n                            <\/li>\n<li class=\"product-prop line-limit-length\"><span\n                                        class=\"property-title\">Tyyppi:&nbsp;<\/span><span\n                                        class=\"property-desc line-limit-length\">S\u00e4hk\u00f6vinssi<\/span>\n                            <\/li>\n<li class=\"product-prop line-limit-length\"><span\n                                        class=\"property-title\">Kaukos\u00e4\u00e4din:&nbsp;<\/span><span\n                                        class=\"property-desc line-limit-length\">Langaton + langallinen kaukos\u00e4\u00e4din<\/span>\n                            <\/li>\n<li class=\"product-prop line-limit-length\"><span\n                                        class=\"property-title\">Langattoman kaukos\u00e4\u00e4timen et\u00e4isyys:&nbsp;<\/span><span\n                                        class=\"property-desc line-limit-length\">65,61 jalkaa \/ 20 m<\/span>\n                            <\/li>\n<li class=\"product-prop line-limit-length\"><span\n                                        class=\"property-title\">Kaapelin tekniset tiedot:&nbsp;<\/span><span\n                                        class=\"property-desc line-limit-length\">7\/16 tuumaa x 85 jalkaa \/ 1,1 x 2590,8 cm<\/span>\n                            <\/li>\n<\/ul><\/div>\n<div class=\"detailmodule_html\">\n<div class=\"detail-desc-decorate-richtext\">\n<div style=\"font-family:&quot;Open sans&quot;, Arial, Helvetica, sans-serif\">\n<div><img decoding=\"async\" style=\"width:100%\" width=\"100%\" src=\"https:\/\/d2qc09rl1gfuof.cloudfront.net\/vevor\/boutique-banner\/pc\/banner-en.jpg\" slate-data-type=\"image\"\/><\/div>\n<div>\n<div style=\"font-size:16px;font-weight:bold;text-align:center;color:rgb(34, 34, 34);margin:24px 0px;margin-bottom:24px;margin-top:24px;margin-left:0px;margin-right:0px\" align=\"center\">18 000 paunan s\u00e4hk\u00f6vinssi, selvi\u00e4 maastoseikkailuista luottavaisin mielin<\/div>\n<div><img decoding=\"async\" style=\"width:100%\" width=\"100%\" src=\"https:\/\/d2qc09rl1gfuof.cloudfront.net\/product\/DDGSSJPYXWXYMXBC5\/electric-winch-a100-1.4-pt.jpg\" slate-data-type=\"image\"\/><\/div>\n<div style=\"font-size:14px;text-align:center;color:rgb(34, 34, 34);margin:16px 0px 24px;margin-bottom:24px;margin-top:16px;margin-left:0px;margin-right:0px\" align=\"center\">Raskaaseen k\u00e4ytt\u00f6\u00f6n tarkoitetussa kuorma-autovinssiss\u00e4mme on 8000 kg:n vetokyky ja IP55-vedenpit\u00e4vyysluokitus, joten se sopii t\u00e4ydellisesti maastoajoneuvojesi tai katumaasturisi irrottamiseen tahmeista mudakuopista tai rankkasateesta. 12 V DC \/ 5,7 hv:n kuparimoottorin, 312,4:1 v\u00e4lityssuhteen ja ter\u00e4svaijerin ansiosta olet aina valmiina.<\/div>\n<\/div>\n<div>\n<div style=\"margin:8px 0px;margin-bottom:8px;margin-top:8px;margin-left:0px;margin-right:0px\"><img decoding=\"async\" style=\"width:100%\" width=\"100%\" src=\"https:\/\/d2qc09rl1gfuof.cloudfront.net\/product\/DDGSSJPYXWXYMXBC5\/electric-winch-a100-2.2-pt.jpg\" slate-data-type=\"image\"\/><\/div>\n<div style=\"font-size:14px;text-align:center;color:rgb(34, 34, 34);margin:16px 0px 24px;margin-bottom:24px;margin-top:16px;margin-left:0px;margin-right:0px\" align=\"center\">S\u00e4hk\u00f6vinssimme saa voimanl\u00e4hteen\u00e4\u00e4n vankan 12 V DC\/5,7 hv kuparimoottorin, joka tuottaa tasaista ja tehokasta tehoa joka kerta. Edistyksellisen planeettavaihteiston ja 312,4:1 v\u00e4lityssuhteen ansiosta nautit tasaisesta ja luotettavasta k\u00f6yden vetokyvyst\u00e4 jopa ankarissa s\u00e4\u00e4olosuhteissa tai syv\u00e4ss\u00e4 mudassa.<\/div>\n<\/div>\n<div>\n<div style=\"margin:8px 0px;margin-bottom:8px;margin-top:8px;margin-left:0px;margin-right:0px\"><img decoding=\"async\" style=\"width:100%\" width=\"100%\" src=\"https:\/\/d2qc09rl1gfuof.cloudfront.net\/product\/DDGSSJPYXWXYMXBC5\/electric-winch-a100-2.3-pt.jpg\" slate-data-type=\"image\"\/><\/div>\n<div style=\"font-size:14px;text-align:center;color:rgb(34, 34, 34);margin:16px 0px 24px;margin-bottom:24px;margin-top:16px;margin-left:0px;margin-right:0px\" align=\"center\">S\u00e4hk\u00f6vinssimme kuorma-autoon on suunniteltu korkealaatuisella vaijerilla, jonka viidess\u00e4 viimeisess\u00e4 rullassa on punaiset merkinn\u00e4t lis\u00e4turvallisuuden takaamiseksi. Siin\u00e4 on IP55-vedenpit\u00e4vyysluokitus ja kest\u00e4v\u00e4 musta mattapinta, joten se kest\u00e4\u00e4 rankkasateita ja ankaria olosuhteita ongelmitta.<\/div>\n<\/div>\n<div>\n<div style=\"margin:8px 0px;margin-bottom:8px;margin-top:8px;margin-left:0px;margin-right:0px\"><img decoding=\"async\" style=\"width:100%\" width=\"100%\" src=\"https:\/\/d2qc09rl1gfuof.cloudfront.net\/product\/DDGSSJPYXWXYMXBC5\/electric-winch-a100-2.4-pt.jpg\" slate-data-type=\"image\"\/><\/div>\n<div style=\"font-size:14px;text-align:center;color:rgb(34, 34, 34);margin:16px 0px 24px;margin-bottom:24px;margin-top:16px;margin-left:0px;margin-right:0px\" align=\"center\">Kuorma-auton vinssivaijerimme on rakennettu kest\u00e4m\u00e4\u00e4n kovia haasteita, ja se kest\u00e4\u00e4 ankaria s\u00e4\u00e4olosuhteita ja \u00e4\u00e4rimm\u00e4isi\u00e4 l\u00e4mp\u00f6tiloja, helpottaen erilaisia vetoteht\u00e4vi\u00e4 nimellisvetokyvyll\u00e4 katkeamatta. Lis\u00e4ksi jokaisen kerroksen selke\u00e4t kuormamerkinn\u00e4t takaavat sek\u00e4 erinomaisen materiaalin eheyden ett\u00e4 vetovarmuuden.<\/div>\n<\/div>\n<div>\n<div style=\"margin:8px 0px;margin-bottom:8px;margin-top:8px;margin-left:0px;margin-right:0px\"><img decoding=\"async\" style=\"width:100%\" width=\"100%\" src=\"https:\/\/d2qc09rl1gfuof.cloudfront.net\/product\/DDGSSJPYXWXYMXBC5\/electric-winch-a100-2.5-pt.jpg\" slate-data-type=\"image\"\/><\/div>\n<div style=\"font-size:14px;text-align:center;color:rgb(34, 34, 34);margin:16px 0px 24px;margin-bottom:24px;margin-top:16px;margin-left:0px;margin-right:0px\" align=\"center\">12 voltin vinssiss\u00e4mme on v\u00e4rikoodatut virtajohdot nopeaa ja virheet\u00f6nt\u00e4 asennusta varten. Langattomat kaukos\u00e4\u00e4timet auttavat k\u00e4ytt\u00e4m\u00e4\u00e4n ajoneuvon pelastusj\u00e4rjestelm\u00e4\u00e4 esteett\u00e4 20 metrin s\u00e4teell\u00e4. Meill\u00e4 on my\u00f6s langallinen kaukos\u00e4\u00e4din, joka antaa sinulle kaiken tarvitsemasi hallinnan.<\/div>\n<\/div>\n<div style=\"margin:16px 0px 24px;margin-bottom:24px;margin-top:16px;margin-left:0px;margin-right:0px\"><\/div>\n<div style=\"margin:24px 0px;margin-bottom:24px;margin-top:24px;margin-left:0px;margin-right:0px\">\n<div style=\"font-size:16px;font-weight:bold;color:rgb(34, 34, 34);margin:24px 0px 16px;margin-bottom:16px;margin-top:24px;margin-left:0px;margin-right:0px\">Ominaisuudet ja tiedot<\/div>\n<ul style=\"margin:16px 0px 24px;margin-bottom:24px;margin-top:16px;margin-left:0px;margin-right:0px\">\n<li style=\"font-size:14px;color:rgb(34, 34, 34)\">\n<p>Ajoneuvosi varavoima: Erityisesti maastossa teht\u00e4v\u00e4\u00e4n hinausty\u00f6h\u00f6n suunniteltu raskaaseen k\u00e4ytt\u00f6\u00f6n tarkoitettu s\u00e4hk\u00f6vinssimme nostaa k\u00f6yden vetokyvyn jopa 8 000 kg:aan. Kun ajoneuvosi juuttuu mutaan tai kaatosateeseen, t\u00e4m\u00e4 vinssi tarjoaa tarvitsemaasi lis\u00e4vetoa p\u00e4\u00e4st\u00e4ksesi nopeasti takaisin raiteilleen. Se ei sovi vain maastoajoneuvoille ja katumaastureille, vaan se sopii erinomaisesti my\u00f6s raskaiden kuormien, kuten puutavaran, vet\u00e4miseen. Selviydy mist\u00e4 tahansa esteest\u00e4 luottavaisin mielin ja tehokkaasti!<\/p>\n<\/li>\n<li style=\"font-size:14px;color:rgb(34, 34, 34)\">\n<p>Voimaa, joka auttaa sinua pois mist\u00e4 tahansa tukoksesta: Kuorma-autovinssi\u00e4mme k\u00e4ytt\u00e4\u00e4 12 V DC\/5,7 hv kuparimoottori, joka tuottaa tasaista tehoa silloin, kun sit\u00e4 eniten tarvitset. Edistyksellinen kolmivaiheinen planeettavaihteisto ja 312,4:1 v\u00e4lityssuhde takaavat tehokkaan vetokyvyn jopa ankarassa s\u00e4\u00e4ss\u00e4 ja syv\u00e4ss\u00e4 mudassa. Valmistaudu kohtaamaan kaikki haasteet luottavaisin mielin!<\/p>\n<\/li>\n<li style=\"font-size:14px;color:rgb(34, 34, 34)\">\n<p>Kest\u00e4v\u00e4 ter\u00e4svaijeri: Koe kest\u00e4v\u00e4 suorituskyky 19-s\u00e4ikeisell\u00e4 kest\u00e4v\u00e4ll\u00e4 ter\u00e4svaijerillamme. T\u00e4m\u00e4 ter\u00e4svaijeri on suunniteltu kest\u00e4m\u00e4\u00e4n ankaria s\u00e4\u00e4olosuhteita ja korkeita l\u00e4mp\u00f6tiloja, joten se kest\u00e4\u00e4 kaikki haasteet. Lis\u00e4ksi kirkkaanpunaiset merkinn\u00e4t viidess\u00e4 viimeisess\u00e4 rullassa takaavat helpon n\u00e4kyvyyden ja varmistavat turvallisuuden ja kest\u00e4vyyden ty\u00f6st\u00e4 riippumatta.<\/p>\n<\/li>\n<li style=\"font-size:14px;color:rgb(34, 34, 34)\">\n<p>Helppok\u00e4ytt\u00f6isyys, vaivaton k\u00e4ytt\u00f6: 12 voltin vinssimme tarjoaa sek\u00e4 langattoman ett\u00e4 langallisen kaukos\u00e4\u00e4timen tarpeisiisi. Helppok\u00e4ytt\u00f6isen langattoman kaukos\u00e4\u00e4timen avulla voit hoitaa ajoneuvon hinauksen vaivattomasti 20 metrin s\u00e4teell\u00e4, kun taas langallinen kaukos\u00e4\u00e4din tarjoaa luotettavan vaihtoehdon tarkkaan ja manuaaliseen ohjaukseen. Nauti joustavuudesta ja k\u00e4tevyydest\u00e4 molemmilla ohjaustiloilla, jotta ajoneuvon hinaaminen on mahdollisimman sujuvaa.<\/p>\n<\/li>\n<li style=\"font-size:14px;color:rgb(34, 34, 34)\">\n<p>Mielenrauhaa hinaustehoon: Vaikea s\u00e4\u00e4? Ei h\u00e4t\u00e4\u00e4! S\u00e4hk\u00f6vinssimme on IP55-vedenpit\u00e4v\u00e4 ja siin\u00e4 on tyylik\u00e4s musta mattapinta, joka parantaa ruosteenkest\u00e4vyytt\u00e4 ja eristyst\u00e4. Se on valmis selviytym\u00e4\u00e4n rankkasateesta, mudasta tai muista ankarista olosuhteista. V\u00e4rikoodatut virtajohdot ja helposti seurattavat ohjeet tarkoittavat, ett\u00e4 pystytys on helppoa, joten voit palata nauttimaan ajelusta.<\/p>\n<\/li>\n<\/ul>\n<\/div>\n<div>\n<div>\n<div style=\"margin:16px 0px 24px;margin-bottom:24px;margin-top:16px;margin-left:0px;margin-right:0px\"><img decoding=\"async\" style=\"width:100%\" width=\"100%\" src=\"https:\/\/d2qc09rl1gfuof.cloudfront.net\/product\/DDGSSJPYXWXYMXBC5\/electric-winch-a100-1.11-pt.jpg\" slate-data-type=\"image\"\/><\/div>\n<\/div>\n<\/div>\n<\/div>\n<\/div>\n<\/div>\n<p><\/p>","protected":false},"excerpt":{"rendered":"<p>Hign-concerned Chemical:&nbsp;None Model Number:&nbsp;SEC16800T Origin:&nbsp;Mainland China Brand Name:&nbsp;VEVOR Type:&nbsp;Power Brand:&nbsp;VEVOR Material:&nbsp;Alloy Aluminum, Steel, Copper, Plastic (PPS and PA, etc.) Rated Line Pull Capacity:&nbsp;18000 lbs Cable Material:&nbsp;Steel, 19 Strands Voltage\/Horsepower:&nbsp;12V DC\/5.7<\/p>","protected":false},"featured_media":25348,"comment_status":"open","ping_status":"closed","template":"","meta":{"_acf_changed":false},"product_brand":[],"product_cat":[522],"product_tag":[],"class_list":{"0":"post-25347","1":"product","2":"type-product","3":"status-publish","4":"has-post-thumbnail","6":"product_cat-electric-winches","8":"first","9":"instock","10":"shipping-taxable","11":"purchasable","12":"product-type-variable"},"acf":[],"_links":{"self":[{"href":"https:\/\/electricstore.eu\/fi\/wp-json\/wp\/v2\/product\/25347","targetHints":{"allow":["GET"]}}],"collection":[{"href":"https:\/\/electricstore.eu\/fi\/wp-json\/wp\/v2\/product"}],"about":[{"href":"https:\/\/electricstore.eu\/fi\/wp-json\/wp\/v2\/types\/product"}],"replies":[{"embeddable":true,"href":"https:\/\/electricstore.eu\/fi\/wp-json\/wp\/v2\/comments?post=25347"}],"wp:featuredmedia":[{"embeddable":true,"href":"https:\/\/electricstore.eu\/fi\/wp-json\/wp\/v2\/media\/25348"}],"wp:attachment":[{"href":"https:\/\/electricstore.eu\/fi\/wp-json\/wp\/v2\/media?parent=25347"}],"wp:term":[{"taxonomy":"product_brand","embeddable":true,"href":"https:\/\/electricstore.eu\/fi\/wp-json\/wp\/v2\/product_brand?post=25347"},{"taxonomy":"product_cat","embeddable":true,"href":"https:\/\/electricstore.eu\/fi\/wp-json\/wp\/v2\/product_cat?post=25347"},{"taxonomy":"product_tag","embeddable":true,"href":"https:\/\/electricstore.eu\/fi\/wp-json\/wp\/v2\/product_tag?post=25347"}],"curies":[{"name":"wp","href":"https:\/\/api.w.org\/{rel}","templated":true}]}}