{"id":25306,"date":"2025-05-20T18:58:33","date_gmt":"2025-05-20T18:58:33","guid":{"rendered":"https:\/\/electricstore.eu\/p\/uncategorized\/vevor-3000-5000kg-digital-crane-scales-heavy-duty-aluminum-hanging-scale-w-ocs-t-lcd-display-reinforced-ring-hook-for-industry\/"},"modified":"2025-05-20T18:59:27","modified_gmt":"2025-05-20T18:59:27","slug":"vevor-3000-5000kg-digital-crane-scales-heavy-duty-aluminum-hanging-scale-w-ocs-t-lcd-display-reinforced-ring-hook-for-industry","status":"publish","type":"product","link":"https:\/\/electricstore.eu\/fi\/p\/o\/electric-lifting-hoists\/vevor-3000-5000kg-digital-crane-scales-heavy-duty-aluminum-hanging-scale-w-ocs-t-lcd-display-reinforced-ring-hook-for-industry\/","title":{"rendered":"VEVOR 3000 5000 kg:n digitaalinen nosturivaaka, raskaaseen k\u00e4ytt\u00f6\u00f6n tarkoitettu alumiininen riippuvaaka, OCS-T LCD-n\u00e4ytt\u00f6, vahvistettu rengaskoukku teollisuuteen"},"content":{"rendered":"<div class=\"product-specs-list-container\">\n<ul class=\"product-specs-list util-clearfix\">\n<li class=\"product-prop line-limit-length\"><span\n                                        class=\"property-title\">Huolenaiheinen kemikaali:&nbsp;<\/span><span\n                                        class=\"property-desc line-limit-length\">Ei mit\u00e4\u00e4n<\/span>\n                            <\/li>\n<li class=\"product-prop line-limit-length\"><span\n                                        class=\"property-title\">Tyyppi:&nbsp;<\/span><span\n                                        class=\"property-desc line-limit-length\">Nosturivaaka<\/span>\n                            <\/li>\n<li class=\"product-prop line-limit-length\"><span\n                                        class=\"property-title\">Tuotemerkki:&nbsp;<\/span><span\n                                        class=\"property-desc line-limit-length\">VEVOR<\/span>\n                            <\/li>\n<li class=\"product-prop line-limit-length\"><span\n                                        class=\"property-title\">Alkuper\u00e4:&nbsp;<\/span><span\n                                        class=\"property-desc line-limit-length\">Manner-Kiina<\/span>\n                            <\/li>\n<\/ul><\/div>\n<div class=\"detailmodule_html\">\n<div class=\"detail-desc-decorate-richtext\">\n<div class=\"detailmodule_dynamic\"><kse:widget data-widget-type=\"customText\" id=\"1005000000821364\" type=\"relation\"><\/kse:widget><\/div>\n<div style=\"padding:20px;padding-bottom:20px;padding-top:20px;padding-left:20px;padding-right:20px\">\n<div style=\"text-align:center;width:100%\" align=\"center\"><img decoding=\"async\" src=\"https:\/\/vevor-bmp-prm.s3.ap-east-1.amazonaws.com\/default\/vevor-1.png\" slate-data-type=\"image\"\/><\/div>\n<div style=\"font-size:16px;font-weight:bold;line-height:36px\">Tuotekuvaus<\/div>\n<div style=\"width:100%\"><img decoding=\"async\" src=\"https:\/\/d2qc09rl1gfuof.cloudfront.net\/product\/OCS-T-5TDZDC00001\/crane-scale-a100-1.4.jpg\" slate-data-type=\"image\"\/><\/div>\n<div style=\"margin-top:15px;display:flex\">\n<div style=\"width:33%\"><img decoding=\"async\" style=\"width:100%\" width=\"100%\" src=\"https:\/\/d2qc09rl1gfuof.cloudfront.net\/product\/OCS-T-5TDZDC00001\/crane-scale-x1.jpg\" slate-data-type=\"image\"\/><\/div>\n<div style=\"padding:0px 15px;padding-bottom:0px;padding-top:0px;padding-left:15px;padding-right:15px;width:33%\">\n<div style=\"font-size:16px;font-weight:700;line-height:36px\">11000LBS\/5000KG alumiininen digitaalinen nosturivaaka<\/div>\n<div style=\"font-size:14px\"><\/div>\n<div style=\"font-size:14px\">Digitaalinen nosturivaaka on valmistettu korkealaatuisesta alumiinista, joka tarjoaa korkean suorituskyvyn ja pitk\u00e4aikaisen vakauden. Siin\u00e4 on nollaus, kuorinta, n\u00e4yt\u00f6n pit\u00e4minen, ylikuormitusvaroitus ja automaattinen sammutus. Digitaalinen kalavaaka on helppok\u00e4ytt\u00f6inen ja helppo kuljettaa, ja sit\u00e4 k\u00e4ytet\u00e4\u00e4n laajalti varastoissa, maataloudessa, mets\u00e4styksess\u00e4, kalastuksessa, ty\u00f6pajoissa, toimistoissa ja muissa yrityksiss\u00e4.<\/div>\n<ul style=\"font-size:14px;background-color:rgb(243, 243, 243);border:1px solid rgb(204, 204, 204);margin-top:8px;padding:10px 40px;padding-bottom:10px;padding-top:10px;padding-left:40px;padding-right:40px\">\n<li>\n<p>Kest\u00e4v\u00e4 muotoilu<\/p>\n<\/li>\n<li>\n<p>Tinkim\u00e4t\u00f6nt\u00e4 tarkkuutta<\/p>\n<\/li>\n<li>\n<p>LCD-n\u00e4ytt\u00f6<\/p>\n<\/li>\n<li>\n<p>Helppok\u00e4ytt\u00f6inen<\/p>\n<\/li>\n<\/ul>\n<\/div>\n<div style=\"border-left:1px solid rgb(204, 204, 204);padding:0px 15px;padding-bottom:0px;padding-top:0px;padding-left:15px;padding-right:15px;width:33%\">\n<div style=\"padding:0px 15px;padding-bottom:0px;padding-top:0px;padding-left:15px;padding-right:15px\">\n<div><img decoding=\"async\" style=\"width:100%\" width=\"100%\" src=\"https:\/\/vevor-bmp-prm.s3.ap-east-1.amazonaws.com\/default\/vevor-2.jpg\" slate-data-type=\"image\"\/><\/div>\n<div style=\"font-size:14px;font-weight:bold;line-height:24px\">Kest\u00e4v\u00e4t laitteet ja ty\u00f6kalut, maksa v\u00e4hemm\u00e4n<\/div>\n<div style=\"font-size:12px;margin:8px 0px;margin-bottom:8px;margin-top:8px;margin-left:0px;margin-right:0px\">VEVOR on johtava tuotemerkki, joka on erikoistunut laitteisiin ja ty\u00f6kaluihin. Tuhansien motivoituneiden asiakkaiden ohella<br \/>ty\u00f6ntekij\u00f6it\u00e4\u00e4n, VEVOR on omistautunut tarjoamaan asiakkaillemme kest\u00e4vi\u00e4 laitteita ja ty\u00f6kaluja uskomattoman edulliseen hintaan<br \/>alhaiset hinnat. Nyky\u00e4\u00e4n VEVORin tuotteita myyd\u00e4\u00e4n yli 200 maassa ja alueella, ja niit\u00e4 on 10 miljoonaa.<br \/>sek\u00e4 j\u00e4seni\u00e4 maailmanlaajuisesti.<\/div>\n<div style=\"font-size:14px;font-weight:bold;line-height:24px\">Miksi valita VEVOR?<\/div>\n<ul style=\"font-size:14px;background-color:rgb(243, 243, 243);border:1px solid rgb(204, 204, 204);margin-top:8px;padding:10px 40px;padding-bottom:10px;padding-top:10px;padding-left:40px;padding-right:40px\">\n<li>\n<p>Ensiluokkaista kest\u00e4v\u00e4\u00e4 laatua<\/p>\n<\/li>\n<li>\n<p>Uskomattoman alhaiset hinnat<\/p>\n<\/li>\n<li>\n<p>Nopea ja turvallinen toimitus<\/p>\n<\/li>\n<li>\n<p>30 p\u00e4iv\u00e4n ilmainen palautus<\/p>\n<\/li>\n<li>\n<p>24\/7 huomaavainen palvelu<\/p>\n<\/li>\n<\/ul>\n<\/div>\n<\/div>\n<\/div>\n<div style=\"margin-top:30px\">\n<div style=\"font-size:16px;font-weight:bold;line-height:36px\">T\u00e4rkeimm\u00e4t ominaisuudet<\/div>\n<div style=\"padding:30px;padding-bottom:30px;padding-top:30px;padding-left:30px;padding-right:30px\">\n<div>\n<div style=\"margin-top:15px;padding:0px 15px;padding-bottom:0px;padding-top:0px;padding-left:15px;padding-right:15px;display:inline-block;width:33%;box-sizing:border-box\">\n<div><img decoding=\"async\" style=\"width:100%\" width=\"100%\" src=\"https:\/\/d2qc09rl1gfuof.cloudfront.net\/product\/OCS-T-5TDZDC00001\/crane-scale-m100-2.jpg\" slate-data-type=\"image\"\/><\/div>\n<div style=\"font-size:16px;font-weight:700;line-height:36px\">Erinomainen laatu<\/div>\n<div style=\"font-size:14px\">Tarkkuusvalettu alumiiniseoksesta valmistettu kuori; teollisuusluokan valuprosessi, roikkuva vaaka on eritt\u00e4in luotettava.<\/div>\n<\/div>\n<div style=\"margin-top:15px;padding:0px 15px;padding-bottom:0px;padding-top:0px;padding-left:15px;padding-right:15px;display:inline-block;width:33%;box-sizing:border-box\">\n<div><img decoding=\"async\" style=\"width:100%\" width=\"100%\" src=\"https:\/\/d2qc09rl1gfuof.cloudfront.net\/product\/OCS-T-5TDZDC00001\/crane-scale-m100-3.jpg\" slate-data-type=\"image\"\/><\/div>\n<div style=\"font-size:16px;font-weight:700;line-height:36px\">Tarkka ja herkk\u00e4<\/div>\n<div style=\"font-size:14px\">Korkealaatuiset punnitusanturit takaavat jatkuvat ja tarkat mittaukset jopa 5000 kg:aan asti.<\/div>\n<\/div>\n<div style=\"margin-top:15px;padding:0px 15px;padding-bottom:0px;padding-top:0px;padding-left:15px;padding-right:15px;display:inline-block;width:33%;box-sizing:border-box\">\n<div><img decoding=\"async\" style=\"width:100%\" width=\"100%\" src=\"https:\/\/d2qc09rl1gfuof.cloudfront.net\/product\/OCS-T-5TDZDC00001\/crane-scale-m100-4.jpg\" slate-data-type=\"image\"\/><\/div>\n<div style=\"font-size:16px;font-weight:700;line-height:36px\">LCD-taustavalaistu n\u00e4ytt\u00f6<\/div>\n<div style=\"font-size:14px\">Korkearesoluutioinen LCD-taustavalaistu n\u00e4ytt\u00f6 t\u00e4ydent\u00e4\u00e4 t\u00e4m\u00e4n tehokkaan elektronisen kalavaa&#039;an. LCD-moduulin\u00e4ytt\u00f6, helppolukuinen.<\/div>\n<\/div>\n<div style=\"margin-top:15px;padding:0px 15px;padding-bottom:0px;padding-top:0px;padding-left:15px;padding-right:15px;display:inline-block;width:33%;box-sizing:border-box\">\n<div><img decoding=\"async\" style=\"width:100%\" width=\"100%\" src=\"https:\/\/d2qc09rl1gfuof.cloudfront.net\/product\/OCS-T-5TDZDC00001\/crane-scale-m100-5.jpg\" slate-data-type=\"image\"\/><\/div>\n<div style=\"font-size:16px;font-weight:700;line-height:36px\">Superhelppok\u00e4ytt\u00f6inen<\/div>\n<div style=\"font-size:14px\">Helppok\u00e4ytt\u00f6inen ja yksinkertainen k\u00e4ytt\u00e4\u00e4, ripusta esineit\u00e4 koukkuun ja lue numerot.<\/div>\n<\/div>\n<div style=\"margin-top:15px;padding:0px 15px;padding-bottom:0px;padding-top:0px;padding-left:15px;padding-right:15px;display:inline-block;width:33%;box-sizing:border-box\">\n<div><img decoding=\"async\" style=\"width:100%\" width=\"100%\" src=\"https:\/\/d2qc09rl1gfuof.cloudfront.net\/product\/OCS-T-5TDZDC00001\/crane-scale-m100-6.jpg\" slate-data-type=\"image\"\/><\/div>\n<div style=\"font-size:16px;font-weight:700;line-height:36px\">Vahvistettu rengas ja koukku<\/div>\n<div style=\"font-size:14px\">Eritt\u00e4in lujat renkaat ja koukut ovat vahvoja ja kest\u00e4vi\u00e4, turvallisia k\u00e4ytt\u00e4\u00e4.<\/div>\n<\/div>\n<div style=\"margin-top:15px;padding:0px 15px;padding-bottom:0px;padding-top:0px;padding-left:15px;padding-right:15px;display:inline-block;width:33%;box-sizing:border-box\">\n<div><img decoding=\"async\" style=\"width:100%\" width=\"100%\" src=\"https:\/\/d2qc09rl1gfuof.cloudfront.net\/product\/OCS-T-5TDZDC00001\/crane-scale-m100-7.jpg\" slate-data-type=\"image\"\/><\/div>\n<div style=\"font-size:16px;font-weight:700;line-height:36px\">Laaja k\u00e4ytt\u00f6alue<\/div>\n<div style=\"font-size:14px\">Teollisuusvaaka tarjoaa ammattimaisia punnitusratkaisuja raskaalle teollisuudelle, ja sit\u00e4 k\u00e4ytet\u00e4\u00e4n laajalti varastoissa, maataloudessa, mets\u00e4styksess\u00e4, kalastuksessa, ty\u00f6pajoissa, toimistoissa ja muissa yrityksiss\u00e4.<\/div>\n<\/div>\n<\/div>\n<\/div>\n<\/div>\n<div style=\"margin-top:15px;display:flex\">\n<div style=\"width:33%\"><img decoding=\"async\" style=\"width:100%\" width=\"100%\" src=\"https:\/\/d2qc09rl1gfuof.cloudfront.net\/product\/OCS-T-5TDZDC00001\/crane-scale-a100-2.jpg\" slate-data-type=\"image\"\/><\/div>\n<div style=\"padding:0px 15px;padding-bottom:0px;padding-top:0px;padding-left:15px;padding-right:15px;width:33%\">\n<div style=\"font-size:16px;font-weight:700;line-height:36px\">Tekniset tiedot<\/div>\n<ul style=\"font-size:14px;border:1px solid rgb(204, 204, 204);margin-top:8px;padding:10px 40px;padding-bottom:10px;padding-top:10px;padding-left:40px;padding-right:40px\">\n<li>\n<p>Maksimikapasiteetti: 5000 kg<\/p>\n<\/li>\n<li>\n<p>Minimikapasiteetti: 40 kg<\/p>\n<\/li>\n<li>\n<p>Resoluutio: 4,4 paunaa \/ 2 kg<\/p>\n<\/li>\n<li>\n<p>Divisioona: 2500<\/p>\n<\/li>\n<li>\n<p>Tarkkuusluokka: OIML III<\/p>\n<\/li>\n<li>\n<p>Taara-alue: 100% FS<\/p>\n<\/li>\n<li>\n<p>Nolla-alue: 4% FS<\/p>\n<\/li>\n<li>\n<p>Turvakuorma: 120% FS<\/p>\n<\/li>\n<li>\n<p>Lopullinen ylikuormitus: 400% FS<\/p>\n<\/li>\n<li>\n<p>Ylikuormitusvaroitus: 100% FS + 9e<\/p>\n<\/li>\n<li>\n<p>L\u00e4mp\u00f6tila-alue: 14\u2109-104\u2109 \/ -10\u2103-40\u2103<\/p>\n<\/li>\n<li>\n<p>Kokonaispaino: 14,9 kg<\/p>\n<\/li>\n<li>\n<p>Koko: 26,5 x 22 x 75 cm<\/p>\n<\/li>\n<\/ul>\n<\/div>\n<div style=\"border-left:1px solid rgb(204, 204, 204);padding:0px 15px;padding-bottom:0px;padding-top:0px;padding-left:15px;padding-right:15px;width:33%\">\n<div style=\"width:100%\"><img decoding=\"async\" style=\"width:100%\" width=\"100%\" src=\"https:\/\/d2qc09rl1gfuof.cloudfront.net\/product\/OCS-T-5TDZDC00001\/crane-scale-a100-3.jpg\" slate-data-type=\"image\"\/><\/div>\n<div style=\"font-size:14px;font-weight:bold;line-height:24px\">Pakkauksen sis\u00e4lt\u00f6<\/div>\n<ul style=\"font-size:14px;background-color:rgb(243, 243, 243);border:1px solid rgb(204, 204, 204);margin-top:8px;padding:10px 40px;padding-bottom:10px;padding-top:10px;padding-left:40px;padding-right:40px\">\n<li>\n<p>1 x 5000 kg:n nosturivaaka (paristot eiv\u00e4t sis\u00e4lly)<\/p>\n<\/li>\n<li>\n<p>1 x Kaukos\u00e4\u00e4din<\/p>\n<\/li>\n<li>\n<p>1 x akkulaturi\/virtapistoke<\/p>\n<\/li>\n<li>\n<p>1 k\u00e4ytt\u00f6ohje<\/p>\n<\/li>\n<\/ul>\n<\/div>\n<\/div>\n<div style=\"margin-top:15px;display:flex\">\n<div style=\"width:33%\"><img decoding=\"async\" style=\"width:100%\" width=\"100%\" src=\"https:\/\/d2qc09rl1gfuof.cloudfront.net\/product\/OCS-T-3000KGDZDC1\/crane-scale-a100-2.jpg\" slate-data-type=\"image\"\/><\/div>\n<div style=\"padding:0px 15px;padding-bottom:0px;padding-top:0px;padding-left:15px;padding-right:15px;width:33%\">\n<div style=\"font-size:16px;font-weight:700;line-height:36px\">Tekniset tiedot<\/div>\n<ul style=\"font-size:14px;border:1px solid rgb(204, 204, 204);margin-top:8px;padding:10px 40px;padding-bottom:10px;padding-top:10px;padding-left:40px;padding-right:40px\">\n<li>\n<p>Maksimikapasiteetti: 3000 kg<\/p>\n<\/li>\n<li>\n<p>Minimikapasiteetti: 20 kg<\/p>\n<\/li>\n<li>\n<p>Resoluutio: 2,2 paunaa \/ 1 kg<\/p>\n<\/li>\n<li>\n<p>Divisioona: 3000<\/p>\n<\/li>\n<li>\n<p>Tarkkuusluokka: OIML III<\/p>\n<\/li>\n<li>\n<p>Taara-alue: 100% FS<\/p>\n<\/li>\n<li>\n<p>Nolla-alue: 4% FS<\/p>\n<\/li>\n<li>\n<p>Turvakuorma: 120% FS<\/p>\n<\/li>\n<li>\n<p>Lopullinen ylikuormitus: 400% FS<\/p>\n<\/li>\n<li>\n<p>Ylikuormitusvaroitus: 100% FS + 9e<\/p>\n<\/li>\n<li>\n<p>L\u00e4mp\u00f6tila-alue: 14\u2109-104\u2109 \/ -10\u2103-40\u2103<\/p>\n<\/li>\n<li>\n<p>Kokonaispaino: 13,7 kg<\/p>\n<\/li>\n<li>\n<p>Koko: 26,5 x 22 x 68 cm<\/p>\n<\/li>\n<\/ul>\n<\/div>\n<div style=\"border-left:1px solid rgb(204, 204, 204);padding:0px 15px;padding-bottom:0px;padding-top:0px;padding-left:15px;padding-right:15px;width:33%\">\n<div style=\"width:100%\"><img decoding=\"async\" style=\"width:100%\" width=\"100%\" src=\"https:\/\/d2qc09rl1gfuof.cloudfront.net\/product\/OCS-T-3000KGDZDC1\/crane-scale-a100-3.jpg\" slate-data-type=\"image\"\/><\/div>\n<div style=\"font-size:14px;font-weight:bold;line-height:24px\">Pakkauksen sis\u00e4lt\u00f6<\/div>\n<ul style=\"font-size:14px;background-color:rgb(243, 243, 243);border:1px solid rgb(204, 204, 204);margin-top:8px;padding:10px 40px;padding-bottom:10px;padding-top:10px;padding-left:40px;padding-right:40px\">\n<li>\n<p>1 x 3000 kg:n nosturivaaka (paristot eiv\u00e4t sis\u00e4lly)<\/p>\n<\/li>\n<li>\n<p>1 x Kaukos\u00e4\u00e4din<\/p>\n<\/li>\n<li>\n<p>1 x akkulaturi\/virtapistoke<\/p>\n<\/li>\n<li>\n<p>1 k\u00e4ytt\u00f6ohje<\/p>\n<\/li>\n<\/ul>\n<\/div>\n<\/div>\n<div>\n<div style=\"font-size:16px;font-weight:bold;line-height:36px\">Ominaisuudet ja tiedot<\/div>\n<ul style=\"font-size:14px;padding-left:40px\">\n<li>\n<p>Kest\u00e4v\u00e4 muotoilu: Digitaalinen nosturivaaka on valmistettu korkealaatuisesta alumiinista ja sill\u00e4 on korkea vakaus. Tukevalla ter\u00e4skoukulla on suuri kantavuus. Kest\u00e4v\u00e4n kotelorakenteensa ansiosta vaaka kest\u00e4\u00e4 iskut ja kolhut massiivisissa t\u00f6iss\u00e4.<\/p>\n<\/li>\n<li>\n<p>Tinkim\u00e4t\u00f6n tarkkuus: Digitaalinen riippuvaaka, jonka enimm\u00e4iskapasiteetti on 5000 kg \/ 11000 paunaa, on varustettu tarkalla anturilla, sill\u00e4 on korkea mittaustarkkuus ja siin\u00e4 on my\u00f6s nollaus-, taaraus- ja pitotoiminnot.<\/p>\n<\/li>\n<li>\n<p>LCD-n\u00e4ytt\u00f6: Kalastusvaa&#039;assa on suuri LCD-taustavalo, jossa on yksik\u00f6iden muunnostoiminto. Voit valita paunan ja kilogramman v\u00e4lill\u00e4. Lis\u00e4ksi siin\u00e4 on ylikuormitusvaroitus ja automaattinen sammutustoiminto.<\/p>\n<\/li>\n<li>\n<p>Helppok\u00e4ytt\u00f6inen: Ei en\u00e4\u00e4 tarvitse k\u00e4sitell\u00e4 suuria, roikkuvia vaakoja. Kalastusvaa&#039;amme ovat helppok\u00e4ytt\u00f6isi\u00e4 ja kompakteja, ja ne voi k\u00e4tev\u00e4sti sijoittaa auton hansikaslokeroon tai pakata ulkoiluvarusteiden joukkoon.<\/p>\n<\/li>\n<li>\n<p>Koe monipuolisuus: Elektroninen riippuvaaka lukee painon nopeasti ja sopii kalastukseen, mets\u00e4stykseen, maatilalle tai rakennusty\u00f6maille tai muuhun raskaaseen ty\u00f6h\u00f6n.<\/p>\n<\/li>\n<\/ul>\n<\/div>\n<\/div>\n<div class=\"detailmodule_dynamic\"><kse:widget data-widget-type=\"customText\" id=\"1005000000397265\" type=\"custom\"><\/kse:widget><\/div>\n<p><\/p>\n<\/div>\n<\/div>\n<p><\/p>","protected":false},"excerpt":{"rendered":"<p>Hign-concerned Chemical:&nbsp;None Type:&nbsp;Crane Scale Brand Name:&nbsp;VEVOR Origin:&nbsp;Mainland China Product Description 11000LBS\/5000KG Aluminum Digital Crane Scale The digital crane scale is made of high-quality aluminum, which provides high performance and long-term<\/p>","protected":false},"featured_media":25307,"comment_status":"open","ping_status":"closed","template":"","meta":{"_acf_changed":false},"product_brand":[],"product_cat":[517],"product_tag":[],"class_list":{"0":"post-25306","1":"product","2":"type-product","3":"status-publish","4":"has-post-thumbnail","6":"product_cat-electric-lifting-hoists","8":"first","9":"instock","10":"shipping-taxable","11":"purchasable","12":"product-type-variable"},"acf":[],"_links":{"self":[{"href":"https:\/\/electricstore.eu\/fi\/wp-json\/wp\/v2\/product\/25306","targetHints":{"allow":["GET"]}}],"collection":[{"href":"https:\/\/electricstore.eu\/fi\/wp-json\/wp\/v2\/product"}],"about":[{"href":"https:\/\/electricstore.eu\/fi\/wp-json\/wp\/v2\/types\/product"}],"replies":[{"embeddable":true,"href":"https:\/\/electricstore.eu\/fi\/wp-json\/wp\/v2\/comments?post=25306"}],"wp:featuredmedia":[{"embeddable":true,"href":"https:\/\/electricstore.eu\/fi\/wp-json\/wp\/v2\/media\/25307"}],"wp:attachment":[{"href":"https:\/\/electricstore.eu\/fi\/wp-json\/wp\/v2\/media?parent=25306"}],"wp:term":[{"taxonomy":"product_brand","embeddable":true,"href":"https:\/\/electricstore.eu\/fi\/wp-json\/wp\/v2\/product_brand?post=25306"},{"taxonomy":"product_cat","embeddable":true,"href":"https:\/\/electricstore.eu\/fi\/wp-json\/wp\/v2\/product_cat?post=25306"},{"taxonomy":"product_tag","embeddable":true,"href":"https:\/\/electricstore.eu\/fi\/wp-json\/wp\/v2\/product_tag?post=25306"}],"curies":[{"name":"wp","href":"https:\/\/api.w.org\/{rel}","templated":true}]}}