{"id":25283,"date":"2025-05-20T18:58:26","date_gmt":"2025-05-20T18:58:26","guid":{"rendered":"https:\/\/electricstore.eu\/p\/uncategorized\/vevor-300kg-electric-hoist-lifting-crane-cable-hoist-winch-for-boat-car-garage-elevator-with-wired-remote-control-lifter\/"},"modified":"2025-05-20T18:59:06","modified_gmt":"2025-05-20T18:59:06","slug":"vevor-300kg-electric-hoist-lifting-crane-cable-hoist-winch-for-boat-car-garage-elevator-with-wired-remote-control-lifter","status":"publish","type":"product","link":"https:\/\/electricstore.eu\/fi\/p\/o\/electric-lifting-hoists\/vevor-300kg-electric-hoist-lifting-crane-cable-hoist-winch-for-boat-car-garage-elevator-with-wired-remote-control-lifter\/","title":{"rendered":"VEVOR 300 kg:n s\u00e4hk\u00f6k\u00e4ytt\u00f6inen nostinvaijeri vene-, auto-, autotalli- ja hissikoneeseen, jossa on langallinen kaukos\u00e4\u00e4din"},"content":{"rendered":"<div class=\"product-specs-list-container\">\n<ul class=\"product-specs-list util-clearfix\">\n<li class=\"product-prop line-limit-length\"><span\n                                        class=\"property-title\">Huolenaiheinen kemikaali:&nbsp;<\/span><span\n                                        class=\"property-desc line-limit-length\">Ei mit\u00e4\u00e4n<\/span>\n                            <\/li>\n<li class=\"product-prop line-limit-length\"><span\n                                        class=\"property-title\">Alkuper\u00e4:&nbsp;<\/span><span\n                                        class=\"property-desc line-limit-length\">Manner-Kiina<\/span>\n                            <\/li>\n<li class=\"product-prop line-limit-length\"><span\n                                        class=\"property-title\">Tuotemerkki:&nbsp;<\/span><span\n                                        class=\"property-desc line-limit-length\">VEVOR<\/span>\n                            <\/li>\n<\/ul><\/div>\n<div class=\"detailmodule_dynamic\"><kse:widget data-widget-type=\"customText\" id=\"1005000000572806\" type=\"relation\"><\/kse:widget><\/div>\n<div class=\"detailmodule_html\">\n<div class=\"detail-desc-decorate-richtext\">\n<div style=\"padding:20px;padding-bottom:20px;padding-top:20px;padding-left:20px;padding-right:20px\">\n<div style=\"text-align:center;width:100%\" align=\"center\"><img decoding=\"async\" src=\"https:\/\/vevor-bmp-prm.s3.ap-east-1.amazonaws.com\/default\/vevor-1.png\" slate-data-type=\"image\"\/><\/div>\n<div style=\"font-size:16px;font-weight:bold;line-height:36px\">Tuotekuvaus<\/div>\n<div style=\"width:100%\"><img decoding=\"async\" src=\"https:\/\/d2qc09rl1gfuof.cloudfront.net\/product\/DDHLPA30000000001\/lift-electric-hoist-a100-1.4.jpg\" slate-data-type=\"image\"\/><\/div>\n<div style=\"margin-top:15px;display:flex\">\n<div style=\"width:33%\"><img decoding=\"async\" style=\"width:100%\" width=\"100%\" src=\"https:\/\/d2qc09rl1gfuof.cloudfront.net\/product\/DDHLPA30000000001\/lift-electric-hoist-x1.jpg\" slate-data-type=\"image\"\/><\/div>\n<div style=\"padding:0px 15px;padding-bottom:0px;padding-top:0px;padding-left:15px;padding-right:15px;width:33%\">\n<div style=\"font-size:16px;font-weight:bold;line-height:36px\">660LBS-nostin s\u00e4hk\u00f6inen nostin<\/div>\n<div style=\"font-size:14px\"><\/div>\n<div style=\"font-size:14px\">550 W:n kuparimoottori ja py\u00f6rim\u00e4t\u00f6n ter\u00e4slanka ja korkea turvallisuus<\/div>\n<ul style=\"font-size:14px;background-color:rgb(243, 243, 243);border:1px solid rgb(204, 204, 204);margin-top:8px;padding:10px 40px;padding-bottom:10px;padding-top:10px;padding-left:40px;padding-right:40px\">\n<li>\n<p>T\u00e4m\u00e4 s\u00e4hk\u00f6k\u00e4ytt\u00f6inen nostin on suunniteltu raskaiden sovellusten nostamiseen ja siirt\u00e4miseen. Ter\u00e4srakenne ja puhdas kuparimoottori tekev\u00e4t siit\u00e4 kest\u00e4v\u00e4n ja tehokkaan. Nostinta voidaan k\u00e4ytt\u00e4\u00e4 yhdell\u00e4 k\u00f6ysill\u00e4, joiden kapasiteetti on 330 lbs \/ 150 kg, tai kahdella k\u00f6ysill\u00e4, joiden kapasiteetti on 660 lbs \/ 300 kg. Se on ihanteellinen k\u00e4sittelyty\u00f6kalu tehtaisiin, satamiin, varastoihin, tavaroiden nostamiseen, rakennusty\u00f6maille ja muihin paikkoihin.<\/p>\n<\/li>\n<li>\n<p>660 paunan kuormakapasiteetti<\/p>\n<\/li>\n<li>\n<p>550 W:n tehokas moottori<\/p>\n<\/li>\n<li>\n<p>3,9 jalan ohjausjohto<\/p>\n<\/li>\n<li>\n<p>Premium-rakenne<\/p>\n<\/li>\n<\/ul>\n<\/div>\n<div style=\"border-left:1px solid rgb(204, 204, 204);padding:0px 15px;padding-bottom:0px;padding-top:0px;padding-left:15px;padding-right:15px;width:33%\">\n<div>\u00a0<\/div>\n<div style=\"padding:0px 15px;padding-bottom:0px;padding-top:0px;padding-left:15px;padding-right:15px\">\n<div><img decoding=\"async\" style=\"width:100%\" width=\"100%\" src=\"https:\/\/vevor-bmp-prm.s3.ap-east-1.amazonaws.com\/default\/vevor-2.jpg\" slate-data-type=\"image\"\/><\/div>\n<div style=\"font-size:14px;font-weight:bold;line-height:24px\">Kest\u00e4v\u00e4t laitteet ja ty\u00f6kalut, maksa v\u00e4hemm\u00e4n<\/div>\n<div style=\"font-size:12px;margin:8px 0px;margin-bottom:8px;margin-top:8px;margin-left:0px;margin-right:0px\">VEVOR on johtava tuotemerkki, joka on erikoistunut laitteisiin ja ty\u00f6kaluihin. Tuhansien motivoituneiden ty\u00f6ntekij\u00f6idens\u00e4 ohella VEVOR on omistautunut tarjoamaan asiakkailleen kest\u00e4vi\u00e4 laitteita ja ty\u00f6kaluja uskomattoman edulliseen hintaan. Nyky\u00e4\u00e4n VEVORin tuotteita myyd\u00e4\u00e4n yli 200 maassa ja alueella, ja sill\u00e4 on yli 10 miljoonaa j\u00e4sent\u00e4 maailmanlaajuisesti.<\/div>\n<div style=\"font-size:14px;font-weight:bold;line-height:24px\">Miksi valita VEVOR?<\/div>\n<ul style=\"font-size:14px;background-color:rgb(243, 243, 243);border:1px solid rgb(204, 204, 204);margin-top:8px;padding:10px 40px;padding-bottom:10px;padding-top:10px;padding-left:40px;padding-right:40px\">\n<li>\n<p>Ensiluokkaista kest\u00e4v\u00e4\u00e4 laatua<\/p>\n<\/li>\n<li>\n<p>Uskomattoman alhaiset hinnat<\/p>\n<\/li>\n<li>\n<p>Nopea ja turvallinen toimitus<\/p>\n<\/li>\n<li>\n<p>30 p\u00e4iv\u00e4n ilmainen palautus<\/p>\n<\/li>\n<li>\n<p>24\/7 huomaavainen palvelu<\/p>\n<\/li>\n<\/ul>\n<\/div>\n<\/div>\n<\/div>\n<div style=\"margin-top:30px\">\n<div style=\"font-size:16px;font-weight:bold;line-height:36px\">T\u00e4rkeimm\u00e4t ominaisuudet<\/div>\n<div style=\"padding:30px;padding-bottom:30px;padding-top:30px;padding-left:30px;padding-right:30px\">\n<div>\n<div style=\"margin-top:15px;padding:0px 15px;padding-bottom:0px;padding-top:0px;padding-left:15px;padding-right:15px;display:inline-block;width:33%;box-sizing:border-box\">\n<div><img decoding=\"async\" style=\"width:100%\" width=\"100%\" src=\"https:\/\/d2qc09rl1gfuof.cloudfront.net\/product\/DDHLPA30000000001\/lift-electric-hoist-m100-2.jpg\" slate-data-type=\"image\"\/><\/div>\n<div style=\"font-size:16px;font-weight:bold;line-height:36px\">Suuri kantavuus<\/div>\n<div style=\"font-size:14px\">S\u00e4hk\u00f6k\u00e4ytt\u00f6inen nostolaitteemme t\u00e4ytt\u00e4\u00e4 erilaiset lujuus- ja kovuusvaatimuksesi. Yhden k\u00f6yden kapasiteetti ja nopeus ovat 150 kg ja 10 m\/min. Kahden k\u00f6yden kapasiteetti ja nopeus ovat 300 kg ja 5 m\/min.<\/div>\n<\/div>\n<div style=\"margin-top:15px;padding:0px 15px;padding-bottom:0px;padding-top:0px;padding-left:15px;padding-right:15px;display:inline-block;width:33%;box-sizing:border-box\">\n<div><img decoding=\"async\" style=\"width:100%\" width=\"100%\" src=\"https:\/\/d2qc09rl1gfuof.cloudfront.net\/product\/DDHLPA30000000001\/lift-electric-hoist-m100-3.jpg\" slate-data-type=\"image\"\/><\/div>\n<div style=\"font-size:16px;font-weight:bold;line-height:36px\">Kahvakytkin<\/div>\n<div style=\"font-size:14px\">T\u00e4m\u00e4n nostimen langallinen kaukos\u00e4\u00e4din toimii kahvakytkimell\u00e4. Painaminen yl\u00f6sp\u00e4in menee yl\u00f6s ja p\u00e4invastoin alas. Noin 1,2 metrin pituinen kaapeli mahdollistaa k\u00e4yt\u00f6n tietyll\u00e4 et\u00e4isyydell\u00e4.<\/div>\n<\/div>\n<div style=\"margin-top:15px;padding:0px 15px;padding-bottom:0px;padding-top:0px;padding-left:15px;padding-right:15px;display:inline-block;width:33%;box-sizing:border-box\">\n<div><img decoding=\"async\" style=\"width:100%\" width=\"100%\" src=\"https:\/\/d2qc09rl1gfuof.cloudfront.net\/product\/DDHLPA30000000001\/lift-electric-hoist-m100-4.jpg\" slate-data-type=\"image\"\/><\/div>\n<div style=\"font-size:16px;font-weight:bold;line-height:36px\">Korkealaatuinen kuparimoottori<\/div>\n<div style=\"font-size:14px\">S\u00e4hk\u00f6k\u00e4ytt\u00f6isess\u00e4 vinssiss\u00e4 on 550 W:n puhdaskuparimoottori, joka on eritt\u00e4in tehokas ja meluisa. Lis\u00e4ksi s\u00e4hk\u00f6vinssi voi toimia jatkuvasti pitk\u00e4\u00e4n, koska se s\u00e4teilee nopeasti.<\/div>\n<\/div>\n<div style=\"margin-top:15px;padding:0px 15px;padding-bottom:0px;padding-top:0px;padding-left:15px;padding-right:15px;display:inline-block;width:33%;box-sizing:border-box\">\n<div><img decoding=\"async\" style=\"width:100%\" width=\"100%\" src=\"https:\/\/d2qc09rl1gfuof.cloudfront.net\/product\/DDHLPA30000000001\/lift-electric-hoist-m100-5.jpg\" slate-data-type=\"image\"\/><\/div>\n<div style=\"font-size:16px;font-weight:bold;line-height:36px\">Turvallisuussuunnittelu<\/div>\n<div style=\"font-size:14px\">Kun punainen lohko koskettaa rajakytkint\u00e4, moottori pys\u00e4htyy automaattisesti ketjujen ylikuormituksen est\u00e4miseksi. Lis\u00e4ksi galvanoitu ter\u00e4slanka ja salvalla varustettu koukku tarjoavat kaksinkertaisen suojauksen.<\/div>\n<\/div>\n<div style=\"margin-top:15px;padding:0px 15px;padding-bottom:0px;padding-top:0px;padding-left:15px;padding-right:15px;display:inline-block;width:33%;box-sizing:border-box\">\n<div><img decoding=\"async\" style=\"width:100%\" width=\"100%\" src=\"https:\/\/d2qc09rl1gfuof.cloudfront.net\/product\/DDHLPA30000000001\/lift-electric-hoist-m100-6.jpg\" slate-data-type=\"image\"\/><\/div>\n<div style=\"font-size:16px;font-weight:bold;line-height:36px\">Helppo asentaa<\/div>\n<div style=\"font-size:14px\">Tarpeidesi t\u00e4ytt\u00e4miseksi s\u00e4hk\u00f6nostimessamme on metallinen kiinnitysrengas, joka on vaivattomasti asennettavissa. Muista vain, ett\u00e4 tangon leveys ja korkeus eiv\u00e4t saa ylitt\u00e4\u00e4 kiinnitystelineiden sis\u00e4mittaa. Renkaan leveys: 5 cm; korkeus: 4,5 cm.<\/div>\n<\/div>\n<div style=\"margin-top:15px;padding:0px 15px;padding-bottom:0px;padding-top:0px;padding-left:15px;padding-right:15px;display:inline-block;width:33%;box-sizing:border-box\">\n<div><img decoding=\"async\" style=\"width:100%\" width=\"100%\" src=\"https:\/\/d2qc09rl1gfuof.cloudfront.net\/product\/DDHLPA30000000001\/lift-electric-hoist-m100-7.jpg\" slate-data-type=\"image\"\/><\/div>\n<div style=\"font-size:16px;font-weight:bold;line-height:36px\">Laaja k\u00e4ytt\u00f6<\/div>\n<div style=\"font-size:14px\">T\u00e4m\u00e4 s\u00e4hk\u00f6k\u00e4ytt\u00f6inen nostin on erinomainen valinta s\u00e4\u00e4nn\u00f6llisen tai ep\u00e4s\u00e4\u00e4nn\u00f6llisen muotoisten esineiden, kuten kivien, puiden, ruohonleikkureiden, moottoreiden jne. nostamiseen. T\u00e4m\u00e4n vuoksi sit\u00e4 k\u00e4ytet\u00e4\u00e4n laajalti autonvalmistajilla, rakennusty\u00f6mailla, logistiikassa, varastoissa jne.<\/div>\n<\/div>\n<\/div>\n<\/div>\n<\/div>\n<div style=\"margin-top:15px;display:flex\">\n<div style=\"width:33%\"><img decoding=\"async\" style=\"width:100%\" width=\"100%\" src=\"https:\/\/d2qc09rl1gfuof.cloudfront.net\/product\/DDHLPA30000000001\/lift-electric-hoist-a100-2.jpg\" slate-data-type=\"image\"\/><\/div>\n<div style=\"padding:0px 15px;padding-bottom:0px;padding-top:0px;padding-left:15px;padding-right:15px;width:33%\">\n<div style=\"font-size:16px;font-weight:bold;line-height:36px\">300 kg<\/div>\n<ul style=\"font-size:14px;border:1px solid rgb(204, 204, 204);margin-top:8px;padding:10px 40px;padding-bottom:10px;padding-top:10px;padding-left:40px;padding-right:40px\">\n<li>\n<p>Malli: PA300<\/p>\n<\/li>\n<li>\n<p>Materiaali: alumiiniseos ja seoster\u00e4s<\/p>\n<\/li>\n<li>\n<p>J\u00e4nnite: 110 V \/ 60 Hz<\/p>\n<\/li>\n<li>\n<p>Teho: 550W<\/p>\n<\/li>\n<li>\n<p>Kantavuus: 150 kg, 300 kg<\/p>\n<\/li>\n<li>\n<p>Nostokorkeus: 12 m, 6 m<\/p>\n<\/li>\n<li>\n<p>Nostonopeus: 10 m\/min \/ 32,8 jalkaa\/min, 5 m\/min<\/p>\n<\/li>\n<li>\n<p>Ter\u00e4slinjan pituus: 12 m<\/p>\n<\/li>\n<li>\n<p>Virtajohdon pituus: 0,65 m<\/p>\n<\/li>\n<li>\n<p>Kaukos\u00e4\u00e4timen johdon pituus: 1,2 m<\/p>\n<\/li>\n<li>\n<p>Sormuksen leveys: 5 cm<\/p>\n<\/li>\n<li>\n<p>Sormuksen korkeus: 1,8 tuumaa \/ 4,5 cm<\/p>\n<\/li>\n<li>\n<p>Tuotteen koko: 13,5 x 5,5 x 7,8 tuumaa \/ 34,3 x 14 x 19,8 cm<\/p>\n<\/li>\n<li>\n<p>Tuotteen paino: 11 kg<\/p>\n<\/li>\n<\/ul>\n<\/div>\n<div style=\"border-left:1px solid rgb(204, 204, 204);padding:0px 15px;padding-bottom:0px;padding-top:0px;padding-left:15px;padding-right:15px;width:33%\">\n<div style=\"width:100%\"><img decoding=\"async\" style=\"width:100%\" width=\"100%\" src=\"https:\/\/d2qc09rl1gfuof.cloudfront.net\/product\/DDHLPA30000000001\/lift-electric-hoist-a100-3.jpg\" slate-data-type=\"image\"\/><\/div>\n<div style=\"font-size:14px;font-weight:bold;line-height:24px\">Pakkauksen sis\u00e4lt\u00f6<\/div>\n<ul style=\"font-size:14px;background-color:rgb(243, 243, 243);border:1px solid rgb(204, 204, 204);margin-top:8px;padding:10px 40px;padding-bottom:10px;padding-top:10px;padding-left:40px;padding-right:40px\">\n<li>\n<p>1 x S\u00e4hk\u00f6inen nostin<\/p>\n<\/li>\n<li>\n<p>2 x nostokorvakkeet<\/p>\n<\/li>\n<li>\n<p>1 x Liikkuva hihnapy\u00f6r\u00e4<\/p>\n<\/li>\n<li>\n<p>1 x ruuvipussi<\/p>\n<\/li>\n<\/ul>\n<\/div>\n<\/div>\n<div style=\"margin-top:15px;display:flex\">\n<div style=\"width:33%\"><img decoding=\"async\" style=\"width:100%\" width=\"100%\" src=\"https:\/\/d2qc09rl1gfuof.cloudfront.net\/product\/DDHLPA25000000001\/lift-electric-hoist-a100-2.jpg\" slate-data-type=\"image\"\/><\/div>\n<div style=\"padding:0px 15px;padding-bottom:0px;padding-top:0px;padding-left:15px;padding-right:15px;width:33%\">\n<div style=\"font-size:16px;font-weight:bold;line-height:36px\">250 kg<\/div>\n<ul style=\"font-size:14px;border:1px solid rgb(204, 204, 204);margin-top:8px;padding:10px 40px;padding-bottom:10px;padding-top:10px;padding-left:40px;padding-right:40px\">\n<li>\n<p>Malli: PA250<\/p>\n<\/li>\n<li>\n<p>Materiaali: alumiiniseos ja seoster\u00e4s<\/p>\n<\/li>\n<li>\n<p>J\u00e4nnite: 110 V \/ 60 Hz<\/p>\n<\/li>\n<li>\n<p>Teho: 500W<\/p>\n<\/li>\n<li>\n<p>Kantavuus: 125 kg, 250 kg<\/p>\n<\/li>\n<li>\n<p>Nostokorkeus: 12 m, 6 m<\/p>\n<\/li>\n<li>\n<p>Nostonopeus: 10 m\/min \/ 32,8 jalkaa\/min, 5 m\/min<\/p>\n<\/li>\n<li>\n<p>Ter\u00e4slinjan pituus: 12 m<\/p>\n<\/li>\n<li>\n<p>Virtajohdon pituus: 0,65 m<\/p>\n<\/li>\n<li>\n<p>Kaukos\u00e4\u00e4timen johdon pituus: 1,5 m<\/p>\n<\/li>\n<li>\n<p>Sormuksen leveys: 5 cm<\/p>\n<\/li>\n<li>\n<p>Sormuksen korkeus: 1,8 tuumaa \/ 4,5 cm<\/p>\n<\/li>\n<li>\n<p>Tuotteen koko: 13,5 x 5,5 x 7,8 tuumaa \/ 34,3 x 14 x 19,8 cm<\/p>\n<\/li>\n<li>\n<p>Tuotteen paino: 11 kg<\/p>\n<\/li>\n<\/ul>\n<\/div>\n<div style=\"border-left:1px solid rgb(204, 204, 204);padding:0px 15px;padding-bottom:0px;padding-top:0px;padding-left:15px;padding-right:15px;width:33%\">\n<div style=\"width:100%\"><img decoding=\"async\" style=\"width:100%\" width=\"100%\" src=\"https:\/\/d2qc09rl1gfuof.cloudfront.net\/product\/DDHLPA25000000001\/lift-electric-hoist-a100-3.jpg\" slate-data-type=\"image\"\/><\/div>\n<div style=\"font-size:14px;font-weight:bold;line-height:24px\">Pakkauksen sis\u00e4lt\u00f6<\/div>\n<ul style=\"font-size:14px;background-color:rgb(243, 243, 243);border:1px solid rgb(204, 204, 204);margin-top:8px;padding:10px 40px;padding-bottom:10px;padding-top:10px;padding-left:40px;padding-right:40px\">\n<li>\n<p>1 x S\u00e4hk\u00f6inen nostin<\/p>\n<\/li>\n<li>\n<p>2 x nostokorvakkeet<\/p>\n<\/li>\n<li>\n<p>1 x Liikkuva hihnapy\u00f6r\u00e4<\/p>\n<\/li>\n<li>\n<p>1 x ruuvipussi<\/p>\n<\/li>\n<\/ul>\n<\/div>\n<\/div>\n<div style=\"margin-top:15px;display:flex\">\n<div style=\"width:33%\"><img decoding=\"async\" style=\"width:100%\" width=\"100%\" src=\"https:\/\/d2qc09rl1gfuof.cloudfront.net\/product\/DDHLPA50000000001\/lift-electric-hoist-a100-2.jpg\" slate-data-type=\"image\"\/><\/div>\n<div style=\"padding:0px 15px;padding-bottom:0px;padding-top:0px;padding-left:15px;padding-right:15px;width:33%\">\n<div style=\"font-size:16px;font-weight:bold;line-height:36px\">500 kg<\/div>\n<ul style=\"font-size:14px;border:1px solid rgb(204, 204, 204);margin-top:8px;padding:10px 40px;padding-bottom:10px;padding-top:10px;padding-left:40px;padding-right:40px\">\n<li>\n<p>Malli: PA500<\/p>\n<\/li>\n<li>\n<p>Materiaali: alumiiniseos ja seoster\u00e4s<\/p>\n<\/li>\n<li>\n<p>J\u00e4nnite: 110 V \/ 60 Hz<\/p>\n<\/li>\n<li>\n<p>Teho: 900 W<\/p>\n<\/li>\n<li>\n<p>Kantavuus: 250 kg, 500 kg<\/p>\n<\/li>\n<li>\n<p>Nostokorkeus: 12 m, 6 m<\/p>\n<\/li>\n<li>\n<p>Nostonopeus: 10 m\/min \/ 32,8 jalkaa\/min, 5 m\/min<\/p>\n<\/li>\n<li>\n<p>Ter\u00e4slinjan pituus: 12 m<\/p>\n<\/li>\n<li>\n<p>Virtajohdon pituus: 0,65 m<\/p>\n<\/li>\n<li>\n<p>Kaukos\u00e4\u00e4timen johdon pituus: 1,3 m<\/p>\n<\/li>\n<li>\n<p>Sormuksen leveys: 5,5 cm<\/p>\n<\/li>\n<li>\n<p>Sormuksen korkeus: 5 cm<\/p>\n<\/li>\n<li>\n<p>Tuotteen koko: 15 x 5,7 x 9,1 tuumaa \/ 38 x 14 x 23 cm<\/p>\n<\/li>\n<li>\n<p>Tuotteen paino: 15 kg<\/p>\n<\/li>\n<\/ul>\n<\/div>\n<div style=\"border-left:1px solid rgb(204, 204, 204);padding:0px 15px;padding-bottom:0px;padding-top:0px;padding-left:15px;padding-right:15px;width:33%\">\n<div style=\"width:100%\"><img decoding=\"async\" style=\"width:100%\" width=\"100%\" src=\"https:\/\/d2qc09rl1gfuof.cloudfront.net\/product\/DDHLPA50000000001\/lift-electric-hoist-a100-3.jpg\" slate-data-type=\"image\"\/><\/div>\n<div style=\"font-size:14px;font-weight:bold;line-height:24px\">Pakkauksen sis\u00e4lt\u00f6<\/div>\n<ul style=\"font-size:14px;background-color:rgb(243, 243, 243);border:1px solid rgb(204, 204, 204);margin-top:8px;padding:10px 40px;padding-bottom:10px;padding-top:10px;padding-left:40px;padding-right:40px\">\n<li>\n<p>1 x S\u00e4hk\u00f6inen nostin<\/p>\n<\/li>\n<li>\n<p>2 x nostokorvakkeet<\/p>\n<\/li>\n<li>\n<p>1 x Liikkuva hihnapy\u00f6r\u00e4<\/p>\n<\/li>\n<li>\n<p>1 x ruuvipussi<\/p>\n<\/li>\n<\/ul>\n<\/div>\n<\/div>\n<div>\n<div style=\"font-size:16px;font-weight:bold;line-height:36px\">Ominaisuudet ja tiedot<\/div>\n<ul style=\"font-size:14px;padding-left:40px\">\n<li>\n<p>660 paunan (n. 660 paunan) nostokyky: S\u00e4hk\u00f6k\u00e4ytt\u00f6inen nostin nostaa helposti pieni\u00e4 moottoreita, vaihteistoja tai rakennustarvikkeita. Se tukee kahta nostotilaa turvasalvalla varustetulla ter\u00e4skoukulla. Yhden vaijerin kapasiteetti ja nopeus ovat 330 paunaa \/ 150 kg, 32,8 jalkaa\/min (10 m\/min). Kaksoisvaijerin kapasiteetti ja nopeus ovat 660 paunaa \/ 300 kg, 16,4 jalkaa\/min (5 m\/min).<\/p>\n<\/li>\n<li>\n<p>550 W:n tehokas moottori: Korkealaatuinen kuparimoottori tarjoaa 550 W:n tehon, joka kest\u00e4\u00e4 suurta voimaa ilman muodonmuutoksia t\u00e4ss\u00e4 s\u00e4hk\u00f6vinssiss\u00e4. Lis\u00e4ksi suuri j\u00e4\u00e4hdytystuuletin j\u00e4\u00e4hdytt\u00e4\u00e4 koneen nopeasti ylikuumenemissuojan avulla. N\u00e4in ollen t\u00e4m\u00e4 tehokas moottori varmistaa tehokkaan ty\u00f6n ja s\u00e4\u00e4st\u00e4\u00e4 energiaa.<\/p>\n<\/li>\n<li>\n<p>1,3 metrin ohjausjohto: S\u00e4hk\u00f6k\u00e4ytt\u00f6inen kauko-ohjattava nostimemme toimii kahvakytkimell\u00e4, joka on asennettu koneeseen turvallisen et\u00e4isyyden p\u00e4\u00e4st\u00e4. Lis\u00e4ksi nostimessa on rajakytkin ja puskurijousi, jotka pys\u00e4ytt\u00e4v\u00e4t koneen automaattisesti ja est\u00e4v\u00e4t roikkumisen.<\/p>\n<\/li>\n<li>\n<p>Ensiluokkainen rakenne: T\u00e4m\u00e4 s\u00e4hk\u00f6k\u00e4ytt\u00f6inen vinssi on valmistettu metalliseoskuoresta ja galvanoidusta ter\u00e4slangasta, jotka pit\u00e4v\u00e4t sen poissa korroosiosta, ruosteesta ja sateesta. Ter\u00e4svaijerin pituus: 12 m; Halkaisija: 3 mm. Lis\u00e4ksi metallinen kiinnitysrengas on s\u00e4\u00e4dett\u00e4viss\u00e4 tarpeidesi mukaan ja helppo asentaa.<\/p>\n<\/li>\n<li>\n<p>Laaja k\u00e4ytt\u00f6alue: Nostin sopii tehtaisiin, varastoihin, rakennusty\u00f6maille, autoteollisuudelle, rautatiety\u00f6maille jne. Se on ihanteellinen ty\u00f6kalu ty\u00f6skentelyyn vaativissa sis\u00e4- tai ulko-olosuhteissa. K\u00e4yt\u00e4 sit\u00e4 tangon leveyden ja korkeuden v\u00e4lill\u00e4, jotta se on yhteensopiva kiinnikkeiden sis\u00e4mittojen kanssa.<\/p>\n<\/li>\n<\/ul>\n<\/div>\n<\/div>\n<div><\/div>\n<\/div>\n<\/div>\n<div class=\"detailmodule_dynamic\"><kse:widget data-widget-type=\"customText\" id=\"1005000000397265\" type=\"custom\"><\/kse:widget><\/div>\n<p><\/p>","protected":false},"excerpt":{"rendered":"<p>Hign-concerned Chemical:&nbsp;None Origin:&nbsp;Mainland China Brand Name:&nbsp;VEVOR Product Description 660LBS Lift Electric Hoist 550W Copper Motor &amp; Anti-Rotate Steel Wire &amp; High Security This lift electric hoist is designed for lifting<\/p>","protected":false},"featured_media":25285,"comment_status":"open","ping_status":"closed","template":"","meta":{"_acf_changed":false},"product_brand":[],"product_cat":[517],"product_tag":[],"class_list":{"0":"post-25283","1":"product","2":"type-product","3":"status-publish","4":"has-post-thumbnail","6":"product_cat-electric-lifting-hoists","8":"first","9":"instock","10":"shipping-taxable","11":"purchasable","12":"product-type-variable"},"acf":[],"_links":{"self":[{"href":"https:\/\/electricstore.eu\/fi\/wp-json\/wp\/v2\/product\/25283","targetHints":{"allow":["GET"]}}],"collection":[{"href":"https:\/\/electricstore.eu\/fi\/wp-json\/wp\/v2\/product"}],"about":[{"href":"https:\/\/electricstore.eu\/fi\/wp-json\/wp\/v2\/types\/product"}],"replies":[{"embeddable":true,"href":"https:\/\/electricstore.eu\/fi\/wp-json\/wp\/v2\/comments?post=25283"}],"wp:featuredmedia":[{"embeddable":true,"href":"https:\/\/electricstore.eu\/fi\/wp-json\/wp\/v2\/media\/25285"}],"wp:attachment":[{"href":"https:\/\/electricstore.eu\/fi\/wp-json\/wp\/v2\/media?parent=25283"}],"wp:term":[{"taxonomy":"product_brand","embeddable":true,"href":"https:\/\/electricstore.eu\/fi\/wp-json\/wp\/v2\/product_brand?post=25283"},{"taxonomy":"product_cat","embeddable":true,"href":"https:\/\/electricstore.eu\/fi\/wp-json\/wp\/v2\/product_cat?post=25283"},{"taxonomy":"product_tag","embeddable":true,"href":"https:\/\/electricstore.eu\/fi\/wp-json\/wp\/v2\/product_tag?post=25283"}],"curies":[{"name":"wp","href":"https:\/\/api.w.org\/{rel}","templated":true}]}}