{"id":25236,"date":"2025-05-20T18:58:08","date_gmt":"2025-05-20T18:58:08","guid":{"rendered":"https:\/\/electricstore.eu\/p\/uncategorized\/vevor-hand-winch-boat-trailer-winch-heavy-duty-rope-crank-polyester-strap-and-two-way-ratchet-manual-operated-hand-crank-winch\/"},"modified":"2025-05-20T18:58:37","modified_gmt":"2025-05-20T18:58:37","slug":"vevor-hand-winch-boat-trailer-winch-heavy-duty-rope-crank-polyester-strap-and-two-way-ratchet-manual-operated-hand-crank-winch","status":"publish","type":"product","link":"https:\/\/electricstore.eu\/fi\/p\/o\/electric-winches\/vevor-hand-winch-boat-trailer-winch-heavy-duty-rope-crank-polyester-strap-and-two-way-ratchet-manual-operated-hand-crank-winch\/","title":{"rendered":"VEVOR-k\u00e4sivinssi veneen per\u00e4vaunun vinssi raskaaseen k\u00e4ytt\u00f6\u00f6n tarkoitettu k\u00f6ysikampi polyesterihihnalla ja kaksisuuntaisella r\u00e4ikk\u00e4ll\u00e4, k\u00e4sik\u00e4ytt\u00f6inen k\u00e4sikampivinssi"},"content":{"rendered":"<div class=\"product-specs-list-container\">\n<ul class=\"product-specs-list util-clearfix\">\n<li class=\"product-prop line-limit-length\"><span\n                                        class=\"property-title\">Huolenaiheinen kemikaali:&nbsp;<\/span><span\n                                        class=\"property-desc line-limit-length\">Ei mit\u00e4\u00e4n<\/span>\n                            <\/li>\n<li class=\"product-prop line-limit-length\"><span\n                                        class=\"property-title\">Alkuper\u00e4:&nbsp;<\/span><span\n                                        class=\"property-desc line-limit-length\">Manner-Kiina<\/span>\n                            <\/li>\n<li class=\"product-prop line-limit-length\"><span\n                                        class=\"property-title\">Tuotemerkki:&nbsp;<\/span><span\n                                        class=\"property-desc line-limit-length\">VEVOR<\/span>\n                            <\/li>\n<li class=\"product-prop line-limit-length\"><span\n                                        class=\"property-title\">Tuotteen mallinumero:&nbsp;<\/span><span\n                                        class=\"property-desc line-limit-length\">KW3500<\/span>\n                            <\/li>\n<li class=\"product-prop line-limit-length\"><span\n                                        class=\"property-title\">Suurin vetokyky:&nbsp;<\/span><span\n                                        class=\"property-desc line-limit-length\">3500 paunaa \/ 2000 paunaa \/ 1600 paunaa \/ 1200 paunaa<\/span>\n                            <\/li>\n<li class=\"product-prop line-limit-length\"><span\n                                        class=\"property-title\">Tuotteen paino:&nbsp;<\/span><span\n                                        class=\"property-desc line-limit-length\">11,35 paunaa \/ 7,6 paunaa \/ 8,59 paunaa \/ 6,28 paunaa<\/span>\n                            <\/li>\n<li class=\"product-prop line-limit-length\"><span\n                                        class=\"property-title\">3500 paunan tuotteen koko:&nbsp;<\/span><span\n                                        class=\"property-desc line-limit-length\">10,23 x 6,29 x 7,08 tuumaa \/ 260 x 160 x 180 mm<\/span>\n                            <\/li>\n<li class=\"product-prop line-limit-length\"><span\n                                        class=\"property-title\">2000 paunan tuotteen koko:&nbsp;<\/span><span\n                                        class=\"property-desc line-limit-length\">8,18 x 4,13 x 5,94 tuumaa \/ 208 x 105 x 151 mm<\/span>\n                            <\/li>\n<li class=\"product-prop line-limit-length\"><span\n                                        class=\"property-title\">1600 paunan tuotteen koko:&nbsp;<\/span><span\n                                        class=\"property-desc line-limit-length\">8,81 x 5,94 x 6,96 tuumaa \/ 224 x 151 x 177 mm<\/span>\n                            <\/li>\n<li class=\"product-prop line-limit-length\"><span\n                                        class=\"property-title\">1200 paunan tuotteen koko:&nbsp;<\/span><span\n                                        class=\"property-desc line-limit-length\">8,18 x 5,43 x 5,86 tuumaa \/ 208 x 138 x 149 mm<\/span>\n                            <\/li>\n<\/ul><\/div>\n<div class=\"detailmodule_dynamic\"><kse:widget data-widget-type=\"customText\" id=\"1005000000790434\" type=\"relation\"><\/kse:widget><\/div>\n<div class=\"detailmodule_html\">\n<div class=\"detail-desc-decorate-richtext\">\n<div style=\"font-family:&quot;Open sans&quot;, Arial, Helvetica, sans-serif\">\n<div><img decoding=\"async\" style=\"width:100%\" width=\"100%\" src=\"https:\/\/d2qc09rl1gfuof.cloudfront.net\/vevor\/boutique-banner\/pc\/banner-en.jpg\" slate-data-type=\"image\"\/><\/div>\n<div>\n<div style=\"font-size:16px;font-weight:bold;text-align:center;color:rgb(34, 34, 34);margin:24px 0px;margin-bottom:24px;margin-top:24px;margin-left:0px;margin-right:0px\" align=\"center\">VEVOR-k\u00e4sivinssi \u2013 Kaikki vetovoimasta ja helppoudesta<\/div>\n<div><img decoding=\"async\" style=\"width:100%\" width=\"100%\" src=\"https:\/\/d2qc09rl1gfuof.cloudfront.net\/product\/CYSDJP3500BDRD94X\/hand-winch-a100-1.4.jpg\" slate-data-type=\"image\"\/><\/div>\n<div style=\"font-size:14px;text-align:center;color:rgb(34, 34, 34);margin:16px 0px 24px;margin-bottom:24px;margin-top:16px;margin-left:0px;margin-right:0px\" align=\"center\">Uusi apurisi vaativiin vetoihin \u2013 k\u00e4sivinssimme. 1580 kg:n nostokyvyll\u00e4, 10 metrin hihnalla, 4:1\/8:1-kaksivaihteisella r\u00e4ikk\u00e4mekanismilla ja 25 cm:n helppok\u00e4ytt\u00f6isell\u00e4 kahvalla se on valmis vetoammattilaisesi mukaan liikkeell\u00e4 ollessa.<\/div>\n<div style=\"font-size:14px;text-align:center;color:rgb(34, 34, 34);margin:16px 0px 24px;margin-bottom:24px;margin-top:16px;margin-left:0px;margin-right:0px\" align=\"center\"><img decoding=\"async\" src=\"https:\/\/d2qc09rl1gfuof.cloudfront.net\/product\/CYSDJP2000BDI2OUW\/hand-winch-a100-1.4.jpg\" slate-data-type=\"image\"\/><\/div>\n<div style=\"font-size:14px;text-align:center;color:rgb(34, 34, 34);margin:16px 0px 24px;margin-bottom:24px;margin-top:16px;margin-left:0px;margin-right:0px\" align=\"center\"><span style=\"background-color:rgb(255, 255, 255);color:rgb(13, 17, 17);font-family:&quot;Roboto Condensed&quot;\">Uusi apurisi vaativiin vetoihin \u2013 k\u00e4sivinssimme. 900 kg:n nostokyvyll\u00e4, 7,8 metrin hihnalla, 4:1-suhteisella yksivaihteisella kaksisuuntaisella r\u00e4ikk\u00e4mekanismilla ja 20 cm:n helppok\u00e4ytt\u00f6isell\u00e4 kahvalla se on valmis vetoammattilaisesi mukaan liikkeell\u00e4 ollessa.<\/span><\/div>\n<div style=\"font-size:14px;text-align:center;color:rgb(34, 34, 34);margin:16px 0px 24px;margin-bottom:24px;margin-top:16px;margin-left:0px;margin-right:0px\" align=\"center\"><img decoding=\"async\" src=\"https:\/\/d2qc09rl1gfuof.cloudfront.net\/product\/CYSDJP1600BDKMHDE\/hand-winch-a100-1.4.jpg\" slate-data-type=\"image\"\/><\/div>\n<div style=\"font-size:14px;text-align:center;color:rgb(34, 34, 34);margin:16px 0px 24px;margin-bottom:24px;margin-top:16px;margin-left:0px;margin-right:0px\" align=\"center\"><span style=\"background-color:rgb(255, 255, 255);color:rgb(13, 17, 17);font-family:&quot;Roboto Condensed&quot;\">Uusi apurisi vaativiin vetoihin \u2013 k\u00e4sivinssimme. 750 kg:n nostokyvyll\u00e4, 10 metrin hihnalla, 4:1-suhteisella yksivaihteisella kaksisuuntaisella r\u00e4ikk\u00e4mekanismilla ja 20 cm:n helppok\u00e4ytt\u00f6isell\u00e4 kahvalla se on valmis vetoammattilaisesi mukaan liikkeell\u00e4 ollessa.<\/span><\/div>\n<div style=\"font-size:14px;text-align:center;color:rgb(34, 34, 34);margin:16px 0px 24px;margin-bottom:24px;margin-top:16px;margin-left:0px;margin-right:0px\" align=\"center\"><img decoding=\"async\" src=\"https:\/\/d2qc09rl1gfuof.cloudfront.net\/product\/CYSDJP1200BDE18BE\/hand-winch-a100-1.4.jpg\" slate-data-type=\"image\"\/><\/div>\n<div style=\"font-size:14px;text-align:center;color:rgb(34, 34, 34);margin:16px 0px 24px;margin-bottom:24px;margin-top:16px;margin-left:0px;margin-right:0px\" align=\"center\"><span style=\"background-color:rgb(255, 255, 255);color:rgb(13, 17, 17);font-family:&quot;Roboto Condensed&quot;\">Uusi apurisi vaativiin vetoihin \u2013 k\u00e4sivinssimme. 590 kg:n nostokyvyll\u00e4, 7,3 metrin hihnalla, 4:1-suhteisella yksivaihteisella kaksisuuntaisella r\u00e4ikk\u00e4mekanismilla ja 20 cm:n helppok\u00e4ytt\u00f6isell\u00e4 kahvalla se on valmis vetoammattilaisesi mukaan liikkeell\u00e4 ollessa.<\/span><\/div>\n<\/div>\n<div>\n<div>\u00a0<\/div>\n<div style=\"margin:8px 0px;margin-bottom:8px;margin-top:8px;margin-left:0px;margin-right:0px\"><img decoding=\"async\" style=\"width:100%\" width=\"100%\" src=\"https:\/\/d2qc09rl1gfuof.cloudfront.net\/product\/CYSDJP3500BDRD94X\/hand-winch-a100-2.2.jpg\" slate-data-type=\"image\"\/><\/div>\n<div style=\"font-size:14px;text-align:center;color:rgb(34, 34, 34);margin:16px 0px 24px;margin-bottom:24px;margin-top:16px;margin-left:0px;margin-right:0px\" align=\"center\">Onko jumissa ajoneuvo tai vene, joka ei vain liiku? Venevinssimme on t\u00e4\u00e4ll\u00e4 pelastamassa p\u00e4iv\u00e4n! Se on suunniteltu selviytym\u00e4\u00e4n vaikeimmistakin vedoista helposti ja tarjoaa 1580 kg:n vetovoiman kaikkiin arjen haasteisiisi.<\/div>\n<div style=\"font-size:14px;text-align:center;color:rgb(34, 34, 34);margin:16px 0px 24px;margin-bottom:24px;margin-top:16px;margin-left:0px;margin-right:0px\" align=\"center\"><img decoding=\"async\" src=\"https:\/\/d2qc09rl1gfuof.cloudfront.net\/product\/CYSDJP2000BDI2OUW\/hand-winch-a100-2.2.jpg\" slate-data-type=\"image\"\/><\/div>\n<div style=\"font-size:14px;text-align:center;color:rgb(34, 34, 34);margin:16px 0px 24px;margin-bottom:24px;margin-top:16px;margin-left:0px;margin-right:0px\" align=\"center\"><span style=\"background-color:rgb(255, 255, 255);color:rgb(13, 17, 17);font-family:&quot;Roboto Condensed&quot;\">Onko jumissa ajoneuvo tai vene, joka ei vain liiku? Venevinssimme on t\u00e4\u00e4ll\u00e4 pelastamassa p\u00e4iv\u00e4n! Se on suunniteltu selviytym\u00e4\u00e4n vaikeimmistakin vedoista helposti ja tarjoaa 900 kg:n vetovoiman kaikkiin arjen haasteisiisi.<\/span><\/div>\n<div style=\"font-size:14px;text-align:center;color:rgb(34, 34, 34);margin:16px 0px 24px;margin-bottom:24px;margin-top:16px;margin-left:0px;margin-right:0px\" align=\"center\"><img decoding=\"async\" src=\"https:\/\/d2qc09rl1gfuof.cloudfront.net\/product\/CYSDJP1600BDKMHDE\/hand-winch-a100-2.2.jpg\" slate-data-type=\"image\"\/><\/div>\n<div style=\"font-size:14px;text-align:center;color:rgb(34, 34, 34);margin:16px 0px 24px;margin-bottom:24px;margin-top:16px;margin-left:0px;margin-right:0px\" align=\"center\"><span style=\"background-color:rgb(255, 255, 255);color:rgb(13, 17, 17);font-family:&quot;Roboto Condensed&quot;\">Onko jumissa ajoneuvo tai vene, joka ei vain liiku? Venevinssimme on t\u00e4\u00e4ll\u00e4 pelastamassa p\u00e4iv\u00e4n! Se on suunniteltu selviytym\u00e4\u00e4n vaikeimmistakin vedoista helposti ja tarjoaa 1600 paunan vetovoiman kaikkiin arjen haasteisiisi.<\/span><\/div>\n<div style=\"font-size:14px;text-align:center;color:rgb(34, 34, 34);margin:16px 0px 24px;margin-bottom:24px;margin-top:16px;margin-left:0px;margin-right:0px\" align=\"center\"><img decoding=\"async\" src=\"https:\/\/d2qc09rl1gfuof.cloudfront.net\/product\/CYSDJP1200BDE18BE\/hand-winch-a100-2.2.jpg\" slate-data-type=\"image\"\/><\/div>\n<div style=\"font-size:14px;text-align:center;color:rgb(34, 34, 34);margin:16px 0px 24px;margin-bottom:24px;margin-top:16px;margin-left:0px;margin-right:0px\" align=\"center\"><span style=\"background-color:rgb(255, 255, 255);color:rgb(13, 17, 17);font-family:&quot;Roboto Condensed&quot;\">Onko jumissa ajoneuvo tai vene, joka ei vain liiku? Venevinssimme on t\u00e4\u00e4ll\u00e4 pelastamassa p\u00e4iv\u00e4n! Se on suunniteltu selviytym\u00e4\u00e4n vaikeimmistakin vedoista helposti ja tarjoaa 1200 paunan vetovoiman kaikkiin arjen haasteisiisi.<\/span><\/div>\n<\/div>\n<div>\n<div>\u00a0<\/div>\n<div style=\"margin:8px 0px;margin-bottom:8px;margin-top:8px;margin-left:0px;margin-right:0px\"><img decoding=\"async\" style=\"width:100%\" width=\"100%\" src=\"https:\/\/d2qc09rl1gfuof.cloudfront.net\/product\/CYSDJP3500BDRD94X\/hand-winch-a100-2.3.jpg\" slate-data-type=\"image\"\/><\/div>\n<div style=\"font-size:14px;text-align:center;color:rgb(34, 34, 34);margin:16px 0px 24px;margin-bottom:24px;margin-top:16px;margin-left:0px;margin-right:0px\" align=\"center\">Unohda vaihteet, jotka pett\u00e4v\u00e4t ensimm\u00e4isten s\u00e4\u00e4n merkkien sattuessa. Veneen k\u00f6ysikamme vaihteet on l\u00e4mp\u00f6k\u00e4sitelty kest\u00e4m\u00e4\u00e4n mit\u00e4 tahansa \u2013 olipa kyseess\u00e4 lumimyrsky tai aurinkoinen p\u00e4iv\u00e4. Ruosteenkest\u00e4v\u00e4t ja tasaisesti toimivat vaihteet ovat luotettavia.<\/div>\n<\/div>\n<div>\n<div>\u00a0<\/div>\n<div style=\"margin:8px 0px;margin-bottom:8px;margin-top:8px;margin-left:0px;margin-right:0px\"><img decoding=\"async\" style=\"width:100%\" width=\"100%\" src=\"https:\/\/d2qc09rl1gfuof.cloudfront.net\/product\/CYSDJP3500BDRD94X\/hand-winch-a100-2.4.jpg\" slate-data-type=\"image\"\/><\/div>\n<div style=\"font-size:14px;text-align:center;color:rgb(34, 34, 34);margin:16px 0px 24px;margin-bottom:24px;margin-top:16px;margin-left:0px;margin-right:0px\" align=\"center\">K\u00e4sik\u00e4ytt\u00f6isess\u00e4 vinssiss\u00e4mme on tukeva, yhten\u00e4isest\u00e4 kappaleesta taottu koukku, joka on riitt\u00e4v\u00e4n kest\u00e4v\u00e4 raskaimmillekin kuormille. Sen leve\u00e4 aukko sopii jopa paksuimmille k\u00f6ysille tai per\u00e4vaunukoukkuille, ja itselukittuva turvasalpa pit\u00e4\u00e4 kuormasi turvassa.<\/div>\n<\/div>\n<div>\n<div>\u00a0<\/div>\n<div style=\"margin:8px 0px;margin-bottom:8px;margin-top:8px;margin-left:0px;margin-right:0px\"><img decoding=\"async\" style=\"width:100%\" width=\"100%\" src=\"https:\/\/d2qc09rl1gfuof.cloudfront.net\/product\/CYSDJP3500BDRD94X\/hand-winch-a100-2.5.jpg\" slate-data-type=\"image\"\/><\/div>\n<div style=\"font-size:14px;text-align:center;color:rgb(34, 34, 34);margin:16px 0px 24px;margin-bottom:24px;margin-top:16px;margin-left:0px;margin-right:0px\" align=\"center\">Sinun ei tarvitse olla ty\u00f6kaluvelho asentaaksesi t\u00e4m\u00e4n raskaaseen k\u00e4ytt\u00f6\u00f6n tarkoitetun k\u00e4sivinssin. Asenna se vain, aseta kahva, s\u00e4\u00e4d\u00e4 r\u00e4ikk\u00e4 ja olet valmis. Nopeaa, helppoa ja vaivatonta \u2013 niin yksinkertaista se on.<\/div>\n<\/div>\n<div style=\"margin:16px 0px 24px;margin-bottom:24px;margin-top:16px;margin-left:0px;margin-right:0px\"><\/div>\n<div style=\"margin:24px 0px;margin-bottom:24px;margin-top:24px;margin-left:0px;margin-right:0px\">\n<div style=\"font-size:16px;font-weight:bold;color:rgb(34, 34, 34);margin:24px 0px 16px;margin-bottom:16px;margin-top:24px;margin-left:0px;margin-right:0px\">Ominaisuudet ja tiedot<\/div>\n<ul style=\"margin:16px 0px 24px;margin-bottom:24px;margin-top:16px;margin-left:0px;margin-right:0px\">\n<li style=\"font-size:14px;color:rgb(34, 34, 34)\">\n<p>Kest\u00e4v\u00e4 hihna, kovempi suorituskyky: K\u00e4sivinssiss\u00e4mme on 10 metrin pituinen, eritt\u00e4in luja polyesterihihna, jonka vetovoima on jopa 1524 kg. Unohda hauraat ja helposti katkeavat k\u00f6ydet. T\u00e4m\u00e4 vinssi on tarkoitettu pitk\u00e4lle matkalle ja valmis k\u00e4sittelem\u00e4\u00e4n jopa painavimmat ajoneuvot ja veneet.<\/p>\n<\/li>\n<li style=\"font-size:14px;color:rgb(34, 34, 34)\">\n<p>Kaksisuuntainen r\u00e4ikk\u00e4: T\u00e4m\u00e4 veneen k\u00f6ysikampi on varustettu huippuluokan hiiliter\u00e4ksest\u00e4 valmistetulla kaksisuuntaisella r\u00e4ikk\u00e4ll\u00e4. Kahvan asentoa voi s\u00e4\u00e4t\u00e4\u00e4 4:1\/8:1-kaksoisnopeuksisella vaihteella, joten hallittavuus on t\u00e4rke\u00e4\u00e4 \u2013 kelaa sis\u00e4\u00e4n, kelaa ulos, valintasi on sinun. Korkean l\u00e4mp\u00f6tilan karkaisuprosessin ansiosta n\u00e4m\u00e4 rattaat ovat kest\u00e4vi\u00e4 ja valmiita kest\u00e4m\u00e4\u00e4n ulkoilun rasitukset.<\/p>\n<\/li>\n<li style=\"font-size:14px;color:rgb(34, 34, 34)\">\n<p>Taottu koukku: Kyse ei ole vain vinssihihnasta. My\u00f6s koukulla on v\u00e4li\u00e4. Puhumme 26 mm leve\u00e4st\u00e4 aukosta, joka on taottu kest\u00e4vyyden takaamiseksi ja valmis ottamaan raskaita kuormia vaivattomasti. Sen korroosionkest\u00e4v\u00e4 ja halkeilematon rakenne tarkoittaa, ett\u00e4 se s\u00e4ilytt\u00e4\u00e4 muotonsa k\u00e4yt\u00f6st\u00e4 toiseen. Lis\u00e4ksi turvasalpa tuo mielenrauhaasi.<\/p>\n<\/li>\n<li style=\"font-size:14px;color:rgb(34, 34, 34)\">\n<p>Helppo k\u00e4sitell\u00e4: K\u00e4sik\u00e4ytt\u00f6isess\u00e4 vinssiss\u00e4mme on ergonominen kahva, jonka koko on t\u00e4ydellisen kokoinen, 25 cm. T\u00e4rkeint\u00e4 on pito ja mukavuus, ja lis\u00e4ksi vinssiss\u00e4 on tukeva galvanoitu runko. Nopea asentaa ja viel\u00e4 nopeampi k\u00e4ytt\u00e4\u00e4 \u2013 t\u00e4m\u00e4 pieni voimanpes\u00e4 tekee raskaiden ajoneuvojen ja veneiden vet\u00e4misest\u00e4 helppoa.<\/p>\n<\/li>\n<li style=\"font-size:14px;color:rgb(34, 34, 34)\">\n<p>Valmis mihin tahansa, minne tahansa: Helppo asentaa, helppo k\u00e4ytt\u00e4\u00e4 \u2013 raskaaseen k\u00e4ytt\u00f6\u00f6n tarkoitettu k\u00e4sivinssimme on valintasi vaakasuoraan vet\u00e4miseen miss\u00e4 tahansa. Sis\u00e4ll\u00e4, ulkona, vedess\u00e4 tai maalla \u2013 vie se moottoriveneisiin, per\u00e4vaunuihin tai maastoajoneuvoihin ja katso, kuinka se tekee taikojaan.<\/p>\n<\/li>\n<li style=\"font-size:14px;color:rgb(34, 34, 34)\">\n<p><span style=\"color:rgb(0, 0, 0);font-size:medium\"><strong><span style=\"font-size:24px\"><span style=\"color:rgb(186, 55, 42)\">3500 paunaa<\/span><\/span><\/strong><\/span><span style=\"color:rgb(0, 0, 0);font-size:medium\"><strong><span style=\"font-size:24px\">\u00a0Tekniset tiedot<\/span><\/strong><\/span><\/p>\n<\/li>\n<\/ul>\n<\/div>\n<div>\n<div>\u00a0<\/div>\n<div>\n<div>\u00a0<\/div>\n<div style=\"margin:16px 0px 24px;margin-bottom:24px;margin-top:16px;margin-left:0px;margin-right:0px\"><img decoding=\"async\" style=\"width:100%\" width=\"100%\" src=\"https:\/\/d2qc09rl1gfuof.cloudfront.net\/product\/CYSDJP3500BDRD94X\/hand-winch-a100-1.11.jpg\" slate-data-type=\"image\"\/><\/div>\n<div style=\"margin:16px 0px 24px;margin-bottom:24px;margin-top:16px;margin-left:0px;margin-right:0px\">\n<ul style=\"margin:16px 0px 24px;margin-bottom:24px;margin-top:16px;margin-left:0px;margin-right:0px\">\n<li style=\"font-size:14px;color:rgb(34, 34, 34)\">\n<p><span style=\"color:rgb(0, 0, 0);font-size:medium\"><strong><span style=\"font-size:24px\"><span style=\"color:rgb(186, 55, 42)\">2000 paunaa<\/span><\/span><\/strong><\/span><span style=\"color:rgb(0, 0, 0);font-size:medium\"><strong><span style=\"font-size:24px\"> Tekniset tiedot<\/span><\/strong><\/span><\/p>\n<\/li>\n<\/ul>\n<\/div>\n<\/div>\n<\/div>\n<div>\n<div>\u00a0<\/div>\n<div>\n<div>\u00a0<\/div>\n<div style=\"margin:16px 0px 24px;margin-bottom:24px;margin-top:16px;margin-left:0px;margin-right:0px\"><img decoding=\"async\" style=\"width:100%\" width=\"100%\" src=\"https:\/\/d2qc09rl1gfuof.cloudfront.net\/product\/CYSDJP2000BDI2OUW\/hand-winch-a100-1.11.jpg\" slate-data-type=\"image\"\/><\/div>\n<div style=\"margin:16px 0px 24px;margin-bottom:24px;margin-top:16px;margin-left:0px;margin-right:0px\">\n<ul style=\"margin:16px 0px 24px;margin-bottom:24px;margin-top:16px;margin-left:0px;margin-right:0px\">\n<li style=\"font-size:14px;color:rgb(34, 34, 34)\">\n<p><span style=\"color:rgb(0, 0, 0);font-size:medium\"><strong><span style=\"font-size:24px\"><span style=\"color:rgb(186, 55, 42)\">1600 paunaa<\/span><\/span><\/strong><\/span><span style=\"color:rgb(0, 0, 0);font-size:medium\"><strong><span style=\"font-size:24px\"> Tekniset tiedot<\/span><\/strong><\/span><\/p>\n<\/li>\n<\/ul>\n<\/div>\n<\/div>\n<\/div>\n<div>\n<div>\u00a0<\/div>\n<div>\n<div>\u00a0<\/div>\n<div style=\"margin:16px 0px 24px;margin-bottom:24px;margin-top:16px;margin-left:0px;margin-right:0px\"><img decoding=\"async\" style=\"width:100%\" width=\"100%\" src=\"https:\/\/d2qc09rl1gfuof.cloudfront.net\/product\/CYSDJP1600BDKMHDE\/hand-winch-a100-1.11.jpg\" slate-data-type=\"image\"\/><\/div>\n<div style=\"margin:16px 0px 24px;margin-bottom:24px;margin-top:16px;margin-left:0px;margin-right:0px\">\n<ul style=\"margin:16px 0px 24px;margin-bottom:24px;margin-top:16px;margin-left:0px;margin-right:0px\">\n<li style=\"font-size:14px;color:rgb(34, 34, 34)\">\n<p><span style=\"color:rgb(0, 0, 0);font-size:medium\"><strong><span style=\"font-size:24px\"><span style=\"color:rgb(186, 55, 42)\">1200 paunaa<\/span><\/span><\/strong><\/span><span style=\"color:rgb(0, 0, 0);font-size:medium\"><strong><span style=\"font-size:24px\"> Tekniset tiedot<\/span><\/strong><\/span><\/p>\n<\/li>\n<\/ul>\n<\/div>\n<\/div>\n<\/div>\n<div>\n<div>\u00a0<\/div>\n<div>\n<div>\u00a0<\/div>\n<div style=\"margin:16px 0px 24px;margin-bottom:24px;margin-top:16px;margin-left:0px;margin-right:0px\"><img decoding=\"async\" style=\"width:100%\" width=\"100%\" src=\"https:\/\/d2qc09rl1gfuof.cloudfront.net\/product\/CYSDJP1200BDE18BE\/hand-winch-a100-1.11.jpg\" slate-data-type=\"image\"\/><\/div>\n<\/div>\n<\/div>\n<\/div>\n<p><\/p>\n<\/div>\n<\/div>\n<div class=\"detailmodule_dynamic\"><kse:widget data-widget-type=\"customText\" id=\"1005000000397265\" type=\"custom\"><\/kse:widget><\/div>\n<p><\/p>","protected":false},"excerpt":{"rendered":"<p>Hign-concerned Chemical:&nbsp;None Origin:&nbsp;Mainland China Brand Name:&nbsp;VEVOR Item Model Number:&nbsp;KW3500 Max Pulling Capacity:&nbsp;3500 lbs\/2000 lbs\/1600 lbs\/1200 lbs Product Weight:&nbsp;11.35 lbs\/7.6 lbs\/8.59 lbs\/6.28 lbs 3500lbs Product Size:&nbsp;10.23 x 6.29 x 7.08 in\/260<\/p>","protected":false},"featured_media":25237,"comment_status":"open","ping_status":"closed","template":"","meta":{"_acf_changed":false},"product_brand":[],"product_cat":[522],"product_tag":[],"class_list":{"0":"post-25236","1":"product","2":"type-product","3":"status-publish","4":"has-post-thumbnail","6":"product_cat-electric-winches","8":"first","9":"instock","10":"shipping-taxable","11":"purchasable","12":"product-type-variable"},"acf":[],"_links":{"self":[{"href":"https:\/\/electricstore.eu\/fi\/wp-json\/wp\/v2\/product\/25236","targetHints":{"allow":["GET"]}}],"collection":[{"href":"https:\/\/electricstore.eu\/fi\/wp-json\/wp\/v2\/product"}],"about":[{"href":"https:\/\/electricstore.eu\/fi\/wp-json\/wp\/v2\/types\/product"}],"replies":[{"embeddable":true,"href":"https:\/\/electricstore.eu\/fi\/wp-json\/wp\/v2\/comments?post=25236"}],"wp:featuredmedia":[{"embeddable":true,"href":"https:\/\/electricstore.eu\/fi\/wp-json\/wp\/v2\/media\/25237"}],"wp:attachment":[{"href":"https:\/\/electricstore.eu\/fi\/wp-json\/wp\/v2\/media?parent=25236"}],"wp:term":[{"taxonomy":"product_brand","embeddable":true,"href":"https:\/\/electricstore.eu\/fi\/wp-json\/wp\/v2\/product_brand?post=25236"},{"taxonomy":"product_cat","embeddable":true,"href":"https:\/\/electricstore.eu\/fi\/wp-json\/wp\/v2\/product_cat?post=25236"},{"taxonomy":"product_tag","embeddable":true,"href":"https:\/\/electricstore.eu\/fi\/wp-json\/wp\/v2\/product_tag?post=25236"}],"curies":[{"name":"wp","href":"https:\/\/api.w.org\/{rel}","templated":true}]}}