{"id":25000,"date":"2025-05-20T18:43:51","date_gmt":"2025-05-20T18:43:51","guid":{"rendered":"https:\/\/electricstore.eu\/p\/uncategorized\/vevor-2000lbs-electric-car-winch-atv-utv-steel-cable-winch-with-wired-remote-control-for-towing-off-road-vehicle-jeep-truck\/"},"modified":"2025-05-20T18:47:24","modified_gmt":"2025-05-20T18:47:24","slug":"vevor-2000lbs-electric-car-winch-atv-utv-steel-cable-winch-with-wired-remote-control-for-towing-off-road-vehicle-jeep-truck","status":"publish","type":"product","link":"https:\/\/electricstore.eu\/fi\/p\/o\/electric-winches\/vevor-2000lbs-electric-car-winch-atv-utv-steel-cable-winch-with-wired-remote-control-for-towing-off-road-vehicle-jeep-truck\/","title":{"rendered":"VEVOR 2000 paunan s\u00e4hk\u00f6autovinssi m\u00f6nkij\u00e4lle\/UTV:lle ter\u00e4svaijerivinssi langallisella kaukos\u00e4\u00e4timell\u00e4 maastoajoneuvojen, jeeppikuorma-autojen hinaamiseen"},"content":{"rendered":"<div class=\"product-specs-list-container\">\n<ul class=\"product-specs-list util-clearfix\">\n<li class=\"product-prop line-limit-length\"><span\n                                        class=\"property-title\">Huolenaiheinen kemikaali:&nbsp;<\/span><span\n                                        class=\"property-desc line-limit-length\">Ei mit\u00e4\u00e4n<\/span>\n                            <\/li>\n<li class=\"product-prop line-limit-length\"><span\n                                        class=\"property-title\">Alkuper\u00e4:&nbsp;<\/span><span\n                                        class=\"property-desc line-limit-length\">Manner-Kiina<\/span>\n                            <\/li>\n<li class=\"product-prop line-limit-length\"><span\n                                        class=\"property-title\">Tuotemerkki:&nbsp;<\/span><span\n                                        class=\"property-desc line-limit-length\">VEVOR<\/span>\n                            <\/li>\n<li class=\"product-prop line-limit-length\"><span\n                                        class=\"property-title\">Tyyppi:&nbsp;<\/span><span\n                                        class=\"property-desc line-limit-length\">Voima<\/span>\n                            <\/li>\n<li class=\"product-prop line-limit-length\"><span\n                                        class=\"property-title\">Merkki:&nbsp;<\/span><span\n                                        class=\"property-desc line-limit-length\">VEVOR<\/span>\n                            <\/li>\n<li class=\"product-prop line-limit-length\"><span\n                                        class=\"property-title\">Nimellinen vetokyky:&nbsp;<\/span><span\n                                        class=\"property-desc line-limit-length\">2000 paunaa \/ 907 kg<\/span>\n                            <\/li>\n<li class=\"product-prop line-limit-length\"><span\n                                        class=\"property-title\">Kaapelin materiaali:&nbsp;<\/span><span\n                                        class=\"property-desc line-limit-length\">Ter\u00e4s, 7 s\u00e4iett\u00e4<\/span>\n                            <\/li>\n<li class=\"product-prop line-limit-length\"><span\n                                        class=\"property-title\">Materiaali:&nbsp;<\/span><span\n                                        class=\"property-desc line-limit-length\">Seostettu alumiini, ter\u00e4s, kupari, muovi (PPS ja PA jne.)<\/span>\n                            <\/li>\n<li class=\"product-prop line-limit-length\"><span\n                                        class=\"property-title\">Kaukos\u00e4\u00e4dintila:&nbsp;<\/span><span\n                                        class=\"property-desc line-limit-length\">Langallinen kaukos\u00e4\u00e4din<\/span>\n                            <\/li>\n<li class=\"product-prop line-limit-length\"><span\n                                        class=\"property-title\">Vedenpit\u00e4vyysluokitus:&nbsp;<\/span><span\n                                        class=\"property-desc line-limit-length\">IP55<\/span>\n                            <\/li>\n<li class=\"product-prop line-limit-length\"><span\n                                        class=\"property-title\">Nettopaino:&nbsp;<\/span><span\n                                        class=\"property-desc line-limit-length\">16 paunaa \/ 7,26 kg<\/span>\n                            <\/li>\n<li class=\"product-prop line-limit-length\"><span\n                                        class=\"property-title\">Tyyppi:&nbsp;<\/span><span\n                                        class=\"property-desc line-limit-length\">S\u00e4hk\u00f6vinssi<\/span>\n                            <\/li>\n<\/ul><\/div>\n<div class=\"detailmodule_html\">\n<div class=\"detail-desc-decorate-richtext\">\n<div style=\"font-family:&quot;Open sans&quot;, Arial, Helvetica, sans-serif\">\n<div><img decoding=\"async\" style=\"width:100%\" width=\"100%\" src=\"https:\/\/d2qc09rl1gfuof.cloudfront.net\/vevor\/boutique-banner\/pc\/banner-en.jpg\" slate-data-type=\"image\"\/><\/div>\n<div>\n<div style=\"font-size:16px;font-weight:bold;text-align:center;color:rgb(34, 34, 34);margin:24px 0px;margin-bottom:24px;margin-top:24px;margin-left:0px;margin-right:0px\" align=\"center\">2000 paunan m\u00f6nkij\u00e4vinssi, valloita mik\u00e4 tahansa maasto luottavaisin mielin<\/div>\n<div><img decoding=\"async\" style=\"width:100%\" width=\"100%\" src=\"https:\/\/d2qc09rl1gfuof.cloudfront.net\/product\/ATVGSSJP2000PXII1\/electric-winch-a100-1.4-pt.jpg\" slate-data-type=\"image\"\/><\/div>\n<div style=\"font-size:14px;text-align:center;color:rgb(34, 34, 34);margin:16px 0px 24px;margin-bottom:24px;margin-top:16px;margin-left:0px;margin-right:0px\" align=\"center\">Kest\u00e4v\u00e4ss\u00e4 s\u00e4hk\u00f6vinssiss\u00e4mme on 900 kg:n vetokyky ja IP55-vedenpit\u00e4vyysluokitus, joten se sopii t\u00e4ydellisesti m\u00f6nkij\u00e4si tai UTV:si irrottamiseen tahmeista mudakuopista. 12 V DC \/ 0,95 hv:n kestomagneettikuparimoottori, 153:1 v\u00e4lityssuhde ja ter\u00e4svaijeri varmistavat, ettet j\u00e4\u00e4 koskaan jumiin.<\/div>\n<\/div>\n<div>\n<div style=\"margin:8px 0px;margin-bottom:8px;margin-top:8px;margin-left:0px;margin-right:0px\"><img decoding=\"async\" style=\"width:100%\" width=\"100%\" src=\"https:\/\/d2qc09rl1gfuof.cloudfront.net\/product\/ATVGSSJP2000PXII1\/electric-winch-a100-2.2-pt.jpg\" slate-data-type=\"image\"\/><\/div>\n<div style=\"font-size:14px;text-align:center;color:rgb(34, 34, 34);margin:16px 0px 24px;margin-bottom:24px;margin-top:16px;margin-left:0px;margin-right:0px\" align=\"center\">S\u00e4hk\u00f6vinssimme saa virtansa kest\u00e4v\u00e4st\u00e4 12 V DC\/0,95 hv kuparimoottorista, joka tuottaa tasaista ja tehokasta tehoa joka kerta. Edistyksellisen planeettavaihteiston ja 153:1 v\u00e4lityssuhteen ansiosta nautit tasaisesta ja luotettavasta k\u00f6yden vetokyvyst\u00e4 jopa ankarissa s\u00e4\u00e4olosuhteissa tai syv\u00e4ss\u00e4 mudassa.<\/div>\n<\/div>\n<div>\n<div style=\"margin:8px 0px;margin-bottom:8px;margin-top:8px;margin-left:0px;margin-right:0px\"><img decoding=\"async\" style=\"width:100%\" width=\"100%\" src=\"https:\/\/d2qc09rl1gfuof.cloudfront.net\/product\/ATVGSSJP2000PXII1\/electric-winch-a100-2.3-pt.jpg\" slate-data-type=\"image\"\/><\/div>\n<div style=\"font-size:14px;text-align:center;color:rgb(34, 34, 34);margin:16px 0px 24px;margin-bottom:24px;margin-top:16px;margin-left:0px;margin-right:0px\" align=\"center\">M\u00f6nkij\u00e4vinssimme on suunniteltu korkealaatuisella vaijerilla, jonka viidess\u00e4 viimeisess\u00e4 rullassa on punaiset merkinn\u00e4t lis\u00e4turvallisuuden takaamiseksi. Siin\u00e4 on IP55-vedenpit\u00e4vyysluokitus ja kest\u00e4v\u00e4 musta mattapinta, joten se kest\u00e4\u00e4 rankkasateita ja ankaria olosuhteita ongelmitta.<\/div>\n<\/div>\n<div>\n<div style=\"margin:8px 0px;margin-bottom:8px;margin-top:8px;margin-left:0px;margin-right:0px\"><img decoding=\"async\" style=\"width:100%\" width=\"100%\" src=\"https:\/\/d2qc09rl1gfuof.cloudfront.net\/product\/ATVGSSJP2000PXII1\/electric-winch-a100-2.4-pt.jpg\" slate-data-type=\"image\"\/><\/div>\n<div style=\"font-size:14px;text-align:center;color:rgb(34, 34, 34);margin:16px 0px 24px;margin-bottom:24px;margin-top:16px;margin-left:0px;margin-right:0px\" align=\"center\">Vaikeisiin haasteisiin rakennettu UTV-vinssivaijerimme kest\u00e4\u00e4 ankaria s\u00e4\u00e4olosuhteita ja \u00e4\u00e4rimm\u00e4isi\u00e4 l\u00e4mp\u00f6tiloja, helpottaen erilaisia vetoteht\u00e4vi\u00e4 nimellisvetokyvyll\u00e4 katkeamatta. Lis\u00e4ksi jokaisen kerroksen selke\u00e4t kuormamerkinn\u00e4t takaavat sek\u00e4 erinomaisen materiaalin eheyden ett\u00e4 vetovarmuuden.<\/div>\n<\/div>\n<div>\n<div style=\"margin:8px 0px;margin-bottom:8px;margin-top:8px;margin-left:0px;margin-right:0px\"><img decoding=\"async\" style=\"width:100%\" width=\"100%\" src=\"https:\/\/d2qc09rl1gfuof.cloudfront.net\/product\/ATVGSSJP2000PXII1\/electric-winch-a100-2.5-pt.jpg\" slate-data-type=\"image\"\/><\/div>\n<div style=\"font-size:14px;text-align:center;color:rgb(34, 34, 34);margin:16px 0px 24px;margin-bottom:24px;margin-top:16px;margin-left:0px;margin-right:0px\" align=\"center\">J\u00e4t\u00e4 hyv\u00e4stit johdotusongelmille! 12 voltin vinssiss\u00e4mme on v\u00e4rikoodatut virtajohdot nopeaa ja virheet\u00f6nt\u00e4 asennusta varten. Langallisella kaukos\u00e4\u00e4timell\u00e4 kytke vain virtajohdot, ja olet valmis sujuvaan ja tehokkaaseen ajoneuvon hinauspalveluun.<\/div>\n<\/div>\n<div style=\"margin:16px 0px 24px;margin-bottom:24px;margin-top:16px;margin-left:0px;margin-right:0px\"><\/div>\n<div style=\"margin:24px 0px;margin-bottom:24px;margin-top:24px;margin-left:0px;margin-right:0px\">\n<div style=\"font-size:16px;font-weight:bold;color:rgb(34, 34, 34);margin:24px 0px 16px;margin-bottom:16px;margin-top:24px;margin-left:0px;margin-right:0px\">Ominaisuudet ja tiedot<\/div>\n<ul style=\"margin:16px 0px 24px;margin-bottom:24px;margin-top:16px;margin-left:0px;margin-right:0px\">\n<li style=\"font-size:14px;color:rgb(34, 34, 34)\">\n<p>Ajoneuvosi varavoima: Erityisesti maastossa teht\u00e4v\u00e4\u00e4n hinausty\u00f6h\u00f6n suunniteltu raskaaseen k\u00e4ytt\u00f6\u00f6n tarkoitettu s\u00e4hk\u00f6vinssimme tarjoaa tehokkaan 900 paunan vetokyvyn. Kun ajoneuvosi juuttuu mutaan tai kaatosateeseen, t\u00e4m\u00e4 vinssi tarjoaa tarvitsemaasi lis\u00e4vetoa p\u00e4\u00e4st\u00e4ksesi nopeasti takaisin raiteilleen. Ihanteellinen pienten ajoneuvojen, kuten m\u00f6nkij\u00f6iden ja UTV-ajoneuvojen, hinausteht\u00e4viin, varmistaen, ett\u00e4 seikkailusi eiv\u00e4t koskaan lopu.<\/p>\n<\/li>\n<li style=\"font-size:14px;color:rgb(34, 34, 34)\">\n<p>Voimaa, joka auttaa pois mist\u00e4 tahansa tukoksesta: M\u00f6nkij\u00e4vinssi\u00e4mme k\u00e4ytt\u00e4\u00e4 kest\u00e4v\u00e4 12 V DC\/0,95 hv:n kestomagneettikuparimoottori, joka tuottaa jatkuvaa ja tehokasta tehoa silloin, kun sit\u00e4 eniten tarvitset. Edistyksellinen planeettavaihteisto ja 153:1-v\u00e4lityssuhde takaavat luotettavan ja tehokkaan vetovoiman. Olitpa sitten ankarassa s\u00e4\u00e4ss\u00e4 tai syv\u00e4ss\u00e4 mudassa, t\u00e4m\u00e4 vinssi auttaa sinua, tehden ajoneuvon hinaamisesta vaivatonta ja luotettavaa.<\/p>\n<\/li>\n<li style=\"font-size:14px;color:rgb(34, 34, 34)\">\n<p>Kest\u00e4v\u00e4 ter\u00e4svaijeri: Valmistaudu kest\u00e4v\u00e4\u00e4n suorituskykyyn 7-s\u00e4ikeisell\u00e4 kest\u00e4v\u00e4ll\u00e4 ter\u00e4svaijerillamme. T\u00e4m\u00e4 ter\u00e4svaijeri on suunniteltu kest\u00e4m\u00e4\u00e4n ankaria s\u00e4\u00e4olosuhteita ja l\u00e4mp\u00f6tiloja, ja se kest\u00e4\u00e4 kaikki haasteet. Lis\u00e4ksi kirkkaanpunaiset merkinn\u00e4t viidess\u00e4 viimeisess\u00e4 rullassa takaavat helpon n\u00e4kyvyyden ja varmistavat turvallisuuden ja kest\u00e4vyyden ty\u00f6st\u00e4 riippumatta.<\/p>\n<\/li>\n<li style=\"font-size:14px;color:rgb(34, 34, 34)\">\n<p>Helppok\u00e4ytt\u00f6isyys, vaivaton k\u00e4ytt\u00f6: Pieness\u00e4 vinssiss\u00e4mme on langallinen kaukos\u00e4\u00e4din, jossa on vedenpit\u00e4v\u00e4 ja korroosionkest\u00e4v\u00e4 kotelo, mik\u00e4 takaa luotettavan toiminnan kaikissa s\u00e4\u00e4olosuhteissa. Liit\u00e4 vain virtajohto, ja olet valmis suorittamaan pelastust\u00f6it\u00e4 esteett\u00f6m\u00e4sti ajoneuvon k\u00e4yt\u00f6ss\u00e4. Toisin kuin langattomissa kaukos\u00e4\u00e4timiss\u00e4, sinun ei tarvitse huolehtia paristojen menetyksest\u00e4, mik\u00e4 tekee siit\u00e4 luotettavamman vaihtoehdon ulkotiloissa teht\u00e4v\u00e4\u00e4n pelastamiseen.<\/p>\n<\/li>\n<li style=\"font-size:14px;color:rgb(34, 34, 34)\">\n<p>Mielenrauhaa hinaustehoon: Vaikea s\u00e4\u00e4? Ei h\u00e4t\u00e4\u00e4! S\u00e4hk\u00f6vinssimme on IP55-vedenpit\u00e4v\u00e4 ja siin\u00e4 on tyylik\u00e4s musta mattapinta, joka parantaa ruosteenkest\u00e4vyytt\u00e4 ja eristyst\u00e4. Se on valmis selviytym\u00e4\u00e4n rankkasateesta, mudasta tai muista ankarista olosuhteista. V\u00e4rikoodatut virtajohdot ja helposti seurattavat ohjeet tarkoittavat, ett\u00e4 pystytys on helppoa, joten voit palata nauttimaan ajelusta.<\/p>\n<\/li>\n<\/ul>\n<\/div>\n<div>\n<div>\n<div style=\"margin:16px 0px 24px;margin-bottom:24px;margin-top:16px;margin-left:0px;margin-right:0px\"><img decoding=\"async\" style=\"width:100%\" width=\"100%\" src=\"https:\/\/d2qc09rl1gfuof.cloudfront.net\/product\/ATVGSSJP2000PXII1\/electric-winch-a100-1.11-pt.jpg\" slate-data-type=\"image\"\/><\/div>\n<\/div>\n<\/div>\n<\/div>\n<\/div>\n<\/div>\n<p><\/p>","protected":false},"excerpt":{"rendered":"<p>Hign-concerned Chemical:&nbsp;None Origin:&nbsp;Mainland China Brand Name:&nbsp;VEVOR Type:&nbsp;Power Brand:&nbsp;VEVOR Rated Line Pull Capacity:&nbsp;2000 lbs\/907 kg Cable Material:&nbsp;Steel, 7 Strands Material:&nbsp;Alloy Aluminum, Steel, Copper, Plastic (PPS and PA, etc.) Remote Control Mode:&nbsp;Wired<\/p>","protected":false},"featured_media":25001,"comment_status":"open","ping_status":"closed","template":"","meta":{"_acf_changed":false},"product_brand":[],"product_cat":[522],"product_tag":[],"class_list":{"0":"post-25000","1":"product","2":"type-product","3":"status-publish","4":"has-post-thumbnail","6":"product_cat-electric-winches","8":"first","9":"instock","10":"shipping-taxable","11":"purchasable","12":"product-type-variable"},"acf":[],"_links":{"self":[{"href":"https:\/\/electricstore.eu\/fi\/wp-json\/wp\/v2\/product\/25000","targetHints":{"allow":["GET"]}}],"collection":[{"href":"https:\/\/electricstore.eu\/fi\/wp-json\/wp\/v2\/product"}],"about":[{"href":"https:\/\/electricstore.eu\/fi\/wp-json\/wp\/v2\/types\/product"}],"replies":[{"embeddable":true,"href":"https:\/\/electricstore.eu\/fi\/wp-json\/wp\/v2\/comments?post=25000"}],"wp:featuredmedia":[{"embeddable":true,"href":"https:\/\/electricstore.eu\/fi\/wp-json\/wp\/v2\/media\/25001"}],"wp:attachment":[{"href":"https:\/\/electricstore.eu\/fi\/wp-json\/wp\/v2\/media?parent=25000"}],"wp:term":[{"taxonomy":"product_brand","embeddable":true,"href":"https:\/\/electricstore.eu\/fi\/wp-json\/wp\/v2\/product_brand?post=25000"},{"taxonomy":"product_cat","embeddable":true,"href":"https:\/\/electricstore.eu\/fi\/wp-json\/wp\/v2\/product_cat?post=25000"},{"taxonomy":"product_tag","embeddable":true,"href":"https:\/\/electricstore.eu\/fi\/wp-json\/wp\/v2\/product_tag?post=25000"}],"curies":[{"name":"wp","href":"https:\/\/api.w.org\/{rel}","templated":true}]}}