{"id":24949,"date":"2025-05-20T18:43:35","date_gmt":"2025-05-20T18:43:35","guid":{"rendered":"https:\/\/electricstore.eu\/p\/uncategorized\/vevor-200-300-350-lbs-beach-fishing-cart-with-two-11-13-16-wheels-7-rod-holders-steel-pier-wagon-trolley-for-sand-picnic\/"},"modified":"2025-05-20T18:46:42","modified_gmt":"2025-05-20T18:46:42","slug":"vevor-200-300-350-lbs-beach-fishing-cart-with-two-11-13-16-wheels-7-rod-holders-steel-pier-wagon-trolley-for-sand-picnic","status":"publish","type":"product","link":"https:\/\/electricstore.eu\/fi\/p\/o\/bike-trailers-and-wagons\/vevor-200-300-350-lbs-beach-fishing-cart-with-two-11-13-16-wheels-7-rod-holders-steel-pier-wagon-trolley-for-sand-picnic\/","title":{"rendered":"VEVOR 200\/300\/350 paunan rantakalastusk\u00e4rry kahdella 11\u2033\/13\u2033\/16\u2033 py\u00f6r\u00e4ll\u00e4, 7 vapapidikett\u00e4, ter\u00e4ksinen laiturivaunu hiekkapiknikille"},"content":{"rendered":"<div class=\"product-specs-list-container\">\n<ul class=\"product-specs-list util-clearfix\">\n<li class=\"product-prop line-limit-length\"><span\n                                        class=\"property-title\">Huolenaiheinen kemikaali:&nbsp;<\/span><span\n                                        class=\"property-desc line-limit-length\">Ei mit\u00e4\u00e4n<\/span>\n                            <\/li>\n<li class=\"product-prop line-limit-length\"><span\n                                        class=\"property-title\">Alkuper\u00e4:&nbsp;<\/span><span\n                                        class=\"property-desc line-limit-length\">Manner-Kiina<\/span>\n                            <\/li>\n<li class=\"product-prop line-limit-length\"><span\n                                        class=\"property-title\">Kantavuus:&nbsp;<\/span><span\n                                        class=\"property-desc line-limit-length\">200\/300\/350 paunaa<\/span>\n                            <\/li>\n<li class=\"product-prop line-limit-length\"><span\n                                        class=\"property-title\">Tuotemerkki:&nbsp;<\/span><span\n                                        class=\"property-desc line-limit-length\">VEVOR<\/span>\n                            <\/li>\n<li class=\"product-prop line-limit-length\"><span\n                                        class=\"property-title\">Merkki:&nbsp;<\/span><span\n                                        class=\"property-desc line-limit-length\">VEVOR<\/span>\n                            <\/li>\n<li class=\"product-prop line-limit-length\"><span\n                                        class=\"property-title\">Suurin painokapasiteetti:&nbsp;<\/span><span\n                                        class=\"property-desc line-limit-length\">200\/300\/350 paunaa<\/span>\n                            <\/li>\n<li class=\"product-prop line-limit-length\"><span\n                                        class=\"property-title\">Renkaan koko:&nbsp;<\/span><span\n                                        class=\"property-desc line-limit-length\">13.11.2016 sis\u00e4\u00e4n<\/span>\n                            <\/li>\n<li class=\"product-prop line-limit-length\"><span\n                                        class=\"property-title\">Tyyppi:&nbsp;<\/span><span\n                                        class=\"property-desc line-limit-length\">Rantakalastusk\u00e4rry<\/span>\n                            <\/li>\n<li class=\"product-prop line-limit-length\"><span\n                                        class=\"property-title\">V\u00e4ri:&nbsp;<\/span><span\n                                        class=\"property-desc line-limit-length\">Musta\/valkoinen<\/span>\n                            <\/li>\n<\/ul><\/div>\n<div class=\"detailmodule_html\">\n<div class=\"detail-desc-decorate-richtext\">\n<div class=\"detailmodule_dynamic\">\n <kse:widget data-widget-type=\"customText\" id=\"1005000000821364\" type=\"relation\"><\/kse:widget>\n<\/div>\n<div style=\"font-family:&quot;Open sans&quot;, Arial, Helvetica, sans-serif\">\n<div>\n  <img decoding=\"async\" style=\"width:100%\" width=\"100%\" src=\"https:\/\/d2qc09rl1gfuof.cloudfront.net\/vevor\/boutique-banner\/pc\/banner-en.jpg\" slate-data-type=\"image\" \/>\n <\/div>\n<div>\n<div style=\"font-size:16px;font-weight:bold;text-align:center;color:rgb(34, 34, 34);margin:24px 0px;margin-bottom:24px;margin-top:24px;margin-left:0px;margin-right:0px\" align=\"center\">\n   VEVOR-rantakalastusk\u00e4rry: Luotettava ulkoilukaverisi\n  <\/div>\n<div>\n   <img decoding=\"async\" style=\"width:100%\" width=\"100%\" src=\"https:\/\/d2qc09rl1gfuof.cloudfront.net\/product\/LLKYJC11YC0080XFQ\/fishing-cart-a100-1.4.jpg\" slate-data-type=\"image\" \/>\n  <\/div>\n<div style=\"font-size:14px;text-align:center;color:rgb(34, 34, 34);margin:16px 0px 24px;margin-bottom:24px;margin-top:16px;margin-left:0px;margin-right:0px\" align=\"center\">\n   Kuvittele t\u00e4m\u00e4: kalastusk\u00e4rry, jossa on tukeva ter\u00e4srunko ja joka rullaa sujuvasti 28 cm:n kumisilla t\u00e4ytett\u00e4vill\u00e4 py\u00f6rill\u00e4. K\u00e4rryn mitat ovat 86 x 36 x 18 cm ja se on valmis kuljettamaan jopa 90 kg:n kalastusta seitsem\u00e4n vapapidikkeen ansiosta \u2013 t\u00e4ydellinen kumppani kalastusseikkailuihin.\n  <\/div><\/div>\n<div>\n<div style=\"margin:8px 0px;margin-bottom:8px;margin-top:8px;margin-left:0px;margin-right:0px\">\n   <img decoding=\"async\" style=\"width:100%\" width=\"100%\" src=\"https:\/\/d2qc09rl1gfuof.cloudfront.net\/product\/LLKYJC11YC0080XFQ\/fishing-cart-a100-2.2.jpg\" slate-data-type=\"image\" \/>\n  <\/div>\n<div style=\"font-size:14px;text-align:center;color:rgb(34, 34, 34);margin:16px 0px 24px;margin-bottom:24px;margin-top:16px;margin-left:0px;margin-right:0px\" align=\"center\">\n   Rantakalastusk\u00e4rrymme ylpeilee haasteita rakastavilla py\u00f6rill\u00e4 \u2013 olipa kyseess\u00e4 hiekkarannat, kiviset polut tai nurmikot, ne tekev\u00e4t jokaisesta matkasta sujuvan ja vaivattoman.\n  <\/div><\/div>\n<div>\n<div style=\"margin:8px 0px;margin-bottom:8px;margin-top:8px;margin-left:0px;margin-right:0px\">\n   <img decoding=\"async\" style=\"width:100%\" width=\"100%\" src=\"https:\/\/d2qc09rl1gfuof.cloudfront.net\/product\/LLKYJC11YC0080XFQ\/fishing-cart-a100-2.3.jpg\" slate-data-type=\"image\" \/>\n  <\/div>\n<div style=\"font-size:14px;text-align:center;color:rgb(34, 34, 34);margin:16px 0px 24px;margin-bottom:24px;margin-top:16px;margin-left:0px;margin-right:0px\" align=\"center\">\n   Olemme p\u00e4ivitt\u00e4neet pultit ruostumattomasta ter\u00e4ksest\u00e4 valmistettuihin, jotka kest\u00e4v\u00e4t l\u00f6ystymist\u00e4, ruostetta ja kulumista varmistaen tukevan ja luotettavan kalastusk\u00e4rryn, joka pysyy kunnossa pitk\u00e4aikaisen k\u00e4yt\u00f6n j\u00e4lkeen.\n  <\/div><\/div>\n<div>\n<div style=\"margin:8px 0px;margin-bottom:8px;margin-top:8px;margin-left:0px;margin-right:0px\">\n   <img decoding=\"async\" style=\"width:100%\" width=\"100%\" src=\"https:\/\/d2qc09rl1gfuof.cloudfront.net\/product\/LLKYJC11YC0080XFQ\/fishing-cart-a100-2.4.jpg\" slate-data-type=\"image\" \/>\n  <\/div>\n<div style=\"font-size:14px;text-align:center;color:rgb(34, 34, 34);margin:16px 0px 24px;margin-bottom:24px;margin-top:16px;margin-left:0px;margin-right:0px\" align=\"center\">\n   J\u00e4t\u00e4 hyv\u00e4stit n\u00e4pp\u00e4r\u00e4lle py\u00f6rien asennukselle. Kiinnitysk\u00e4rryss\u00e4mme on yksinkertainen tappimekanismi py\u00f6rien nopeaan ja helppoon kiinnitykseen ja irrottamiseen sek\u00e4 O-rengastappi lis\u00e4mielenrauhaa varten.\n  <\/div><\/div>\n<div>\n<div style=\"margin:8px 0px;margin-bottom:8px;margin-top:8px;margin-left:0px;margin-right:0px\">\n   <img decoding=\"async\" style=\"width:100%\" width=\"100%\" src=\"https:\/\/d2qc09rl1gfuof.cloudfront.net\/product\/LLKYJC11YC0080XFQ\/fishing-cart-a100-2.5.jpg\" slate-data-type=\"image\" \/>\n  <\/div>\n<div style=\"font-size:14px;text-align:center;color:rgb(34, 34, 34);margin:16px 0px 24px;margin-bottom:24px;margin-top:16px;margin-left:0px;margin-right:0px\" align=\"center\">\n   Enemm\u00e4n kuin vain kalastuskumppani! Olitpa sitten ulkokuvauksessa, piknikill\u00e4 tai retkeilem\u00e4ss\u00e4, t\u00e4m\u00e4 laiturikalastusk\u00e4rry hoitaa kaikki varusteesi helposti ja s\u00e4\u00e4st\u00e4\u00e4 sinut edestakaisilta matkoilta.\n  <\/div><\/div>\n<div style=\"margin:16px 0px 24px;margin-bottom:24px;margin-top:16px;margin-left:0px;margin-right:0px\"><\/div>\n<div style=\"margin:24px 0px;margin-bottom:24px;margin-top:24px;margin-left:0px;margin-right:0px\">\n<div style=\"font-size:16px;font-weight:bold;color:rgb(34, 34, 34);margin:24px 0px 16px;margin-bottom:16px;margin-top:24px;margin-left:0px;margin-right:0px\">\n   Ominaisuudet ja tiedot\n  <\/div>\n<ul style=\"margin:16px 0px 24px;margin-bottom:24px;margin-top:16px;margin-left:0px;margin-right:0px\">\n<li style=\"font-size:14px;color:rgb(34, 34, 34)\">\n<p>Tukeva runko: Tutustu VEVOR-rantakalastusk\u00e4rryyn, joka on valmistettu korkealaatuisesta ter\u00e4ksest\u00e4, joten sen runko on paitsi kest\u00e4v\u00e4 my\u00f6s ruostumaton. Se on kuin luotettava kalastuskaveri, joka ei koskaan pet\u00e4 sinua. Lis\u00e4ksi se on kevyt \u2013 joten voit keskitty\u00e4 saaliiseen, \u00e4l\u00e4 kantamiseen!<\/p>\n<\/li>\n<li style=\"font-size:14px;color:rgb(34, 34, 34)\">\n<p>K\u00e4yt\u00e4nn\u00f6lliset ilmat\u00e4ytteiset py\u00f6r\u00e4t: T\u00e4ss\u00e4 rantakalastusk\u00e4rryss\u00e4 on 11-tuumaiset kumiset ilmat\u00e4ytteiset py\u00f6r\u00e4t, jotka liukuvat hiekan, mudan, soran ja ruohon yli kuin unelma. N\u00e4m\u00e4 py\u00f6r\u00e4t eiv\u00e4t ainoastaan kanna kuormaasi, vaan ne tekev\u00e4t matkastasi t\u00e4ydelliseen kalastuspaikkaan yht\u00e4 sujuvan kuin suosikkisiimasi.<\/p>\n<\/li>\n<li style=\"font-size:14px;color:rgb(34, 34, 34)\">\n<p>Runsaasti s\u00e4ilytystilaa: 86 cm pitk\u00e4n, 35 cm leve\u00e4n ja 18 cm korkean rungon sek\u00e4 tukevien 28 cm:n py\u00f6rien ansiosta t\u00e4m\u00e4 kalastusk\u00e4rry kest\u00e4\u00e4 jopa 90 kg:n painon. Surffivarusteet, rantatarvikkeet, mit\u00e4 ikin\u00e4 keksitkin \u2013 pakkaa se ja suuntaa matkaan ilman huolta!<\/p>\n<\/li>\n<li style=\"font-size:14px;color:rgb(34, 34, 34)\">\n<p>Irrotettava rakenne: Unohda yksiosaisten k\u00e4rryjen k\u00f6mpel\u00f6n ja vaikeasti s\u00e4ilytett\u00e4v\u00e4n rakenteen vaiva. Laiturikalastusk\u00e4rryiss\u00e4mme on irrotettava rakenne, joka tekee s\u00e4ilytyksest\u00e4 helppoa. Se on kuin taikaa: kompakti k\u00e4rry, joka sopii siististi kotiisi ilman sotkua.<\/p>\n<\/li>\n<li style=\"font-size:14px;color:rgb(34, 34, 34)\">\n<p>Monitoiminen ja kannettava: Seitsem\u00e4ll\u00e4 vapapidikkeell\u00e4 ja kannettavalla vavan asettamisj\u00e4rjestelm\u00e4ll\u00e4 varustettu laiturik\u00e4rry on mullistava kalastajien keskuudessa. 5 cm:n halkaisijan omaavat pidikkeet sopivat erilaisille vavoille. Kaikki on k\u00e4tev\u00e4\u00e4: nappaa vapaa, heit\u00e4 se ja olet hetkess\u00e4 kalastamassa.<\/p>\n<\/li>\n<\/ul><\/div>\n<div>\n<div>\n<div style=\"margin:16px 0px 24px;margin-bottom:24px;margin-top:16px;margin-left:0px;margin-right:0px\">\n    <strong>200 paunan 11 tuuman py\u00f6r\u00e4<\/strong>\n   <\/div>\n<div style=\"margin:16px 0px 24px;margin-bottom:24px;margin-top:16px;margin-left:0px;margin-right:0px\">\n    <img decoding=\"async\" style=\"width:100%\" width=\"100%\" src=\"https:\/\/d2qc09rl1gfuof.cloudfront.net\/product\/LLKYJC11YC0080XFQ\/fishing-cart-a100-1.11.jpg\" slate-data-type=\"image\" \/>\n   <\/div><\/div><\/div>\n<div>\n<div>\n<div style=\"margin:16px 0px 24px;margin-bottom:24px;margin-top:16px;margin-left:0px;margin-right:0px\">\n    <strong>300 paunan 13 tuuman py\u00f6r\u00e4<\/strong>\n   <\/div>\n<div style=\"margin:16px 0px 24px;margin-bottom:24px;margin-top:16px;margin-left:0px;margin-right:0px\">\n    <img decoding=\"async\" style=\"width:100%\" width=\"100%\" src=\"https:\/\/d2qc09rl1gfuof.cloudfront.net\/product\/LLKYJC13YC0073FBM\/fishing-cart-a100-1.11.jpg\" slate-data-type=\"image\" \/>\n   <\/div><\/div><\/div>\n<div>\n<div>\n<div style=\"margin:16px 0px 24px;margin-bottom:24px;margin-top:16px;margin-left:0px;margin-right:0px\">\n    <strong>350 paunan 16 tuuman py\u00f6r\u00e4<\/strong>\n   <\/div>\n<div style=\"margin:16px 0px 24px;margin-bottom:24px;margin-top:16px;margin-left:0px;margin-right:0px\">\n    <img decoding=\"async\" style=\"width:100%\" width=\"100%\" src=\"https:\/\/d2qc09rl1gfuof.cloudfront.net\/product\/LLKYJC15YC00NZ89O\/fishing-cart-a100-1.11.jpg\" slate-data-type=\"image\" \/>\n   <\/div><\/div><\/div>\n<\/div>\n<div class=\"detailmodule_dynamic\">\n <kse:widget data-widget-type=\"customText\" id=\"1005000000397265\" type=\"custom\"><\/kse:widget>\n<\/div>\n<p><\/p>\n<\/div>\n<\/div>","protected":false},"excerpt":{"rendered":"<p>Hign-concerned Chemical:&nbsp;None Origin:&nbsp;Mainland China Load Capacity:&nbsp;200\/300\/350lbs Brand Name:&nbsp;VEVOR Brand:&nbsp;VEVOR Maximum Weight Capacity:&nbsp;200\/300\/350lbs Wheel Size:&nbsp;11\/13\/16 in Type:&nbsp;Beach Fishing Cart Color:&nbsp;Black\/White VEVOR Beach Fishing Cart: Your Reliable Outdoor Buddy Picture this: a<\/p>","protected":false},"featured_media":24950,"comment_status":"open","ping_status":"closed","template":"","meta":{"_acf_changed":false},"product_brand":[],"product_cat":[523],"product_tag":[],"class_list":{"0":"post-24949","1":"product","2":"type-product","3":"status-publish","4":"has-post-thumbnail","6":"product_cat-bike-trailers-and-wagons","8":"first","9":"instock","10":"shipping-taxable","11":"purchasable","12":"product-type-variable"},"acf":[],"_links":{"self":[{"href":"https:\/\/electricstore.eu\/fi\/wp-json\/wp\/v2\/product\/24949","targetHints":{"allow":["GET"]}}],"collection":[{"href":"https:\/\/electricstore.eu\/fi\/wp-json\/wp\/v2\/product"}],"about":[{"href":"https:\/\/electricstore.eu\/fi\/wp-json\/wp\/v2\/types\/product"}],"replies":[{"embeddable":true,"href":"https:\/\/electricstore.eu\/fi\/wp-json\/wp\/v2\/comments?post=24949"}],"wp:featuredmedia":[{"embeddable":true,"href":"https:\/\/electricstore.eu\/fi\/wp-json\/wp\/v2\/media\/24950"}],"wp:attachment":[{"href":"https:\/\/electricstore.eu\/fi\/wp-json\/wp\/v2\/media?parent=24949"}],"wp:term":[{"taxonomy":"product_brand","embeddable":true,"href":"https:\/\/electricstore.eu\/fi\/wp-json\/wp\/v2\/product_brand?post=24949"},{"taxonomy":"product_cat","embeddable":true,"href":"https:\/\/electricstore.eu\/fi\/wp-json\/wp\/v2\/product_cat?post=24949"},{"taxonomy":"product_tag","embeddable":true,"href":"https:\/\/electricstore.eu\/fi\/wp-json\/wp\/v2\/product_tag?post=24949"}],"curies":[{"name":"wp","href":"https:\/\/api.w.org\/{rel}","templated":true}]}}