{"id":24937,"date":"2025-05-20T18:43:31","date_gmt":"2025-05-20T18:43:31","guid":{"rendered":"https:\/\/electricstore.eu\/p\/uncategorized\/vevor-ratchet-chain-binder-3-8-1-2-heavy-duty-load-binders-12000-lbs-limit-hauling-chain-binders-for-flatbed-truck-trailer-4pc\/"},"modified":"2025-05-20T18:46:10","modified_gmt":"2025-05-20T18:46:10","slug":"vevor-ratchet-chain-binder-3-8-1-2-heavy-duty-load-binders-12000-lbs-limit-hauling-chain-binders-for-flatbed-truck-trailer-4pc","status":"publish","type":"product","link":"https:\/\/electricstore.eu\/fi\/p\/o\/electric-lifting-hoists\/vevor-ratchet-chain-binder-3-8-1-2-heavy-duty-load-binders-12000-lbs-limit-hauling-chain-binders-for-flatbed-truck-trailer-4pc\/","title":{"rendered":"VEVOR r\u00e4ikk\u00e4ketjuside 3\/8\u2033-1\/2\u2033 raskaaseen k\u00e4ytt\u00f6\u00f6n tarkoitetut ketjusideet 12000 paunan painoraja-auton per\u00e4vaunulle, 4 kpl"},"content":{"rendered":"<div class=\"product-specs-list-container\">\n<ul class=\"product-specs-list util-clearfix\">\n<li class=\"product-prop line-limit-length\"><span\n                                        class=\"property-title\">Huolenaiheinen kemikaali:&nbsp;<\/span><span\n                                        class=\"property-desc line-limit-length\">Ei mit\u00e4\u00e4n<\/span>\n                            <\/li>\n<li class=\"product-prop line-limit-length\"><span\n                                        class=\"property-title\">Alkuper\u00e4:&nbsp;<\/span><span\n                                        class=\"property-desc line-limit-length\">Manner-Kiina<\/span>\n                            <\/li>\n<li class=\"product-prop line-limit-length\"><span\n                                        class=\"property-title\">Tuotemerkki:&nbsp;<\/span><span\n                                        class=\"property-desc line-limit-length\">VEVOR<\/span>\n                            <\/li>\n<li class=\"product-prop line-limit-length\"><span\n                                        class=\"property-title\">Merkki:&nbsp;<\/span><span\n                                        class=\"property-desc line-limit-length\">VEVOR<\/span>\n                            <\/li>\n<li class=\"product-prop line-limit-length\"><span\n                                        class=\"property-title\">Materiaali:&nbsp;<\/span><span\n                                        class=\"property-desc line-limit-length\">Valettu ter\u00e4s<\/span>\n                            <\/li>\n<li class=\"product-prop line-limit-length\"><span\n                                        class=\"property-title\">Ketjun maks. kuormitus:&nbsp;<\/span><span\n                                        class=\"property-desc line-limit-length\">7100 paunaa \/ 3220 kg<\/span>\n                            <\/li>\n<li class=\"product-prop line-limit-length\"><span\n                                        class=\"property-title\">Salvan rakenne:&nbsp;<\/span><span\n                                        class=\"property-desc line-limit-length\">Ulkoinen s\u00e4\u00e4t\u00f6kahva<\/span>\n                            <\/li>\n<li class=\"product-prop line-limit-length\"><span\n                                        class=\"property-title\">R\u00e4ikk\u00e4sidonnan enimm\u00e4iskuormitus:&nbsp;<\/span><span\n                                        class=\"property-desc line-limit-length\">12000 paunaa \/ 5443 kg<\/span>\n                            <\/li>\n<li class=\"product-prop line-limit-length\"><span\n                                        class=\"property-title\">Malli:&nbsp;<\/span><span\n                                        class=\"property-desc line-limit-length\">3\/8-1\/2 ketjusidontalaitteet<\/span>\n                            <\/li>\n<li class=\"product-prop line-limit-length\"><span\n                                        class=\"property-title\">Tyyppi:&nbsp;<\/span><span\n                                        class=\"property-desc line-limit-length\">Ketjunsidontalaitteet<\/span>\n                            <\/li>\n<li class=\"product-prop line-limit-length\"><span\n                                        class=\"property-title\">Ominaisuudet:&nbsp;<\/span><span\n                                        class=\"property-desc line-limit-length\">Helppo asennus, raskas<\/span>\n                            <\/li>\n<li class=\"product-prop line-limit-length\"><span\n                                        class=\"property-title\">Viimeistely:&nbsp;<\/span><span\n                                        class=\"property-desc line-limit-length\">Jauhemaalattu<\/span>\n                            <\/li>\n<\/ul><\/div>\n<div class=\"detailmodule_html\">\n<div class=\"detail-desc-decorate-richtext\">\n<div style=\"font-family:&quot;Open sans&quot;, Arial, Helvetica, sans-serif\">\n<div><img decoding=\"async\" style=\"width:100%\" width=\"100%\" src=\"https:\/\/d2qc09rl1gfuof.cloudfront.net\/vevor\/boutique-banner\/pc\/banner-en.jpg\" slate-data-type=\"image\"\/><\/div>\n<div>\n<div style=\"font-size:16px;font-weight:bold;text-align:center;color:rgb(34, 34, 34);margin:24px 0px;margin-bottom:24px;margin-top:24px;margin-left:0px;margin-right:0px\" align=\"center\">Kannettava r\u00e4ikk\u00e4kuorman sidontalaite<\/div>\n<div><img decoding=\"async\" style=\"width:100%\" width=\"100%\" src=\"https:\/\/d2qc09rl1gfuof.cloudfront.net\/product\/DLTJLLJQBBTYCEEB7\/chain-binder-a100-1.4.jpg\" slate-data-type=\"image\"\/><\/div>\n<div style=\"font-size:14px;text-align:center;color:rgb(34, 34, 34);margin:16px 0px 24px;margin-bottom:24px;margin-top:16px;margin-left:0px;margin-right:0px\" align=\"center\">T\u00e4m\u00e4 VEVOR-kiristin on ty\u00f6voimaa s\u00e4\u00e4st\u00e4v\u00e4mpi kuin tavalliset kiristimet. Voit irrottaa kahvan ja laittaa sen ty\u00f6kalupakkiin tai auton kapeaan s\u00e4ilytystilaan. Ihanteellinen erilaisten raskaiden tavaroiden, laitteiden ja ajoneuvojen kuljetukseen. Vie tuotteesi sinne minne ne tarvitsevat VEVORin avulla!<\/div>\n<\/div>\n<div>\n<div style=\"font-size:16px;font-weight:bold;text-align:center;color:rgb(34, 34, 34);margin:24px 0px;margin-bottom:24px;margin-top:24px;margin-left:0px;margin-right:0px\" align=\"center\"><\/div>\n<div style=\"margin:8px 0px;margin-bottom:8px;margin-top:8px;margin-left:0px;margin-right:0px\"><img decoding=\"async\" style=\"width:100%\" width=\"100%\" src=\"https:\/\/d2qc09rl1gfuof.cloudfront.net\/product\/DLTJLLJQBBTYCEEB7\/chain-binder-a100-2.2.jpg\" slate-data-type=\"image\"\/><\/div>\n<div style=\"font-size:14px;text-align:center;color:rgb(34, 34, 34);margin:16px 0px 24px;margin-bottom:24px;margin-top:16px;margin-left:0px;margin-right:0px\" align=\"center\">R\u00e4ikk\u00e4mekanismin avulla ketjua on helppo kirist\u00e4\u00e4\/l\u00f6ys\u00e4t\u00e4. 40 cm:n kahva on 5 cm pidempi kuin tavallinen, ja 14% lis\u00e4\u00e4 ty\u00f6t\u00e4 s\u00e4\u00e4st\u00e4v\u00e4\u00e4 vaikutusta vaivattoman k\u00e4yt\u00f6n takaamiseksi.<\/div>\n<\/div>\n<div>\n<div style=\"font-size:16px;font-weight:bold;text-align:center;color:rgb(34, 34, 34);margin:24px 0px;margin-bottom:24px;margin-top:24px;margin-left:0px;margin-right:0px\" align=\"center\"><\/div>\n<div style=\"margin:8px 0px;margin-bottom:8px;margin-top:8px;margin-left:0px;margin-right:0px\"><img decoding=\"async\" style=\"width:100%\" width=\"100%\" src=\"https:\/\/d2qc09rl1gfuof.cloudfront.net\/product\/DLTJLLJQBBTYCEEB7\/chain-binder-a100-2.3.jpg\" slate-data-type=\"image\"\/><\/div>\n<div style=\"font-size:14px;text-align:center;color:rgb(34, 34, 34);margin:16px 0px 24px;margin-bottom:24px;margin-top:16px;margin-left:0px;margin-right:0px\" align=\"center\">Vaihda kytkint\u00e4 r\u00e4ikk\u00e4mekanismin positiivisen ja negatiivisen py\u00f6rimisen ohjaamiseksi. P\u00e4\u00e4llystetty pinta on ruostumaton ja korroosionkest\u00e4v\u00e4, joten se soveltuu kaikenlaiseen vaativaan kentt\u00e4k\u00e4ytt\u00f6\u00f6n.<\/div>\n<\/div>\n<div>\n<div style=\"font-size:16px;font-weight:bold;text-align:center;color:rgb(34, 34, 34);margin:24px 0px;margin-bottom:24px;margin-top:24px;margin-left:0px;margin-right:0px\" align=\"center\"><\/div>\n<div style=\"margin:8px 0px;margin-bottom:8px;margin-top:8px;margin-left:0px;margin-right:0px\"><img decoding=\"async\" style=\"width:100%\" width=\"100%\" src=\"https:\/\/d2qc09rl1gfuof.cloudfront.net\/product\/DLTJLLJQBBTYCEEB7\/chain-binder-a100-2.4.jpg\" slate-data-type=\"image\"\/><\/div>\n<div style=\"font-size:14px;text-align:center;color:rgb(34, 34, 34);margin:16px 0px 24px;margin-bottom:24px;margin-top:16px;margin-left:0px;margin-right:0px\" align=\"center\">Korkeassa l\u00e4mp\u00f6tilassa taotut G80-valetusta ter\u00e4ksest\u00e4 valmistetut ketjut eiv\u00e4t helposti muovaudu ja rikkoudu edes ankarissa ulko-olosuhteissa pitk\u00e4\u00e4n, ja ne ovat kulutusta ja korroosiota kest\u00e4vi\u00e4.<\/div>\n<\/div>\n<div>\n<div style=\"font-size:16px;font-weight:bold;text-align:center;color:rgb(34, 34, 34);margin:24px 0px;margin-bottom:24px;margin-top:24px;margin-left:0px;margin-right:0px\" align=\"center\"><\/div>\n<div style=\"margin:8px 0px;margin-bottom:8px;margin-top:8px;margin-left:0px;margin-right:0px\"><img decoding=\"async\" style=\"width:100%\" width=\"100%\" src=\"https:\/\/d2qc09rl1gfuof.cloudfront.net\/product\/DLTJLLJQBBTYCEEB7\/chain-binder-a100-2.5.jpg\" slate-data-type=\"image\"\/><\/div>\n<div style=\"font-size:14px;text-align:center;color:rgb(34, 34, 34);margin:16px 0px 24px;margin-bottom:24px;margin-top:16px;margin-left:0px;margin-right:0px\" align=\"center\">Kahva on irrotettava, joten sit\u00e4 voidaan k\u00e4ytt\u00e4\u00e4 useampaan tarkoitukseen. Lis\u00e4ksi r\u00e4ikk\u00e4sidontakone voi korvata perinteisten tavaravaunujen vaijerinkiristimen.<\/div>\n<\/div>\n<div style=\"margin:16px 0px 24px;margin-bottom:24px;margin-top:16px;margin-left:0px;margin-right:0px\"><\/div>\n<div style=\"margin:24px 0px;margin-bottom:24px;margin-top:24px;margin-left:0px;margin-right:0px\">\n<div style=\"font-size:16px;font-weight:bold;color:rgb(34, 34, 34);margin:24px 0px 16px;margin-bottom:16px;margin-top:24px;margin-left:0px;margin-right:0px\">Ominaisuudet ja tiedot<\/div>\n<ul style=\"margin:16px 0px 24px;margin-bottom:24px;margin-top:16px;margin-left:0px;margin-right:0px\">\n<li style=\"font-size:14px;color:rgb(34, 34, 34)\">\n<p>Ty\u00f6voimaa s\u00e4\u00e4st\u00e4v\u00e4 k\u00e4ytt\u00f6: Valmistaudu pidemp\u00e4\u00e4n! 40 cm pitk\u00e4t kahvat tarjoavat vipuvoimaa ja r\u00e4ikk\u00e4kahvat lis\u00e4\u00e4v\u00e4t vipuvoimaa. Metallinen uritettu kahva ja kovera-kupera kumipinta auttavat saavuttamaan liukumattoman vaikutuksen, joten siit\u00e4 on mukava tarttua ja se on helppok\u00e4ytt\u00f6inen.<\/p>\n<\/li>\n<li style=\"font-size:14px;color:rgb(34, 34, 34)\">\n<p>Rakennettu vaativiin t\u00f6ihin: Kuormansidontakoukku on valmistettu valuter\u00e4ksest\u00e4, mik\u00e4 tarjoaa suuremman kuormankestokyvyn. Pinta on pinnoitettu ruosteen est\u00e4miseksi. Ty\u00f6kuorman enimm\u00e4ism\u00e4\u00e4r\u00e4: 12000 paunaa, murtolujuus: 48000 paunaa. Soveltuu 3\/8&quot; ja 1\/2&quot; ketjuille. 3\/8&quot; G80 -ketjun ty\u00f6kuorman enimm\u00e4ism\u00e4\u00e4r\u00e4: 7100 paunaa, murtolujuus: 28400 paunaa.<\/p>\n<\/li>\n<li style=\"font-size:14px;color:rgb(34, 34, 34)\">\n<p>S\u00e4ilyt\u00e4 helposti: \u00c4l\u00e4 huoli s\u00e4ilytyksest\u00e4. S\u00e4ilytysongelmat ovat menneisyytt\u00e4. Kahva on patentoidun irrotettavan rakenteensa ansiosta helppo s\u00e4ilytt\u00e4\u00e4 kuorma-auton ahtaassa tilassa yksinkertaisesti irrottamalla kahva. Se soveltuu my\u00f6s rahtiautojen kirist\u00e4jiin.<\/p>\n<\/li>\n<li style=\"font-size:14px;color:rgb(34, 34, 34)\">\n<p>Turvallisuus on meille t\u00e4rke\u00e4\u00e4: Turvallisuutesi mieless\u00e4 pit\u00e4en asianmukaisesti mitoitettu kansio on varustettu putoamisenestomerkinn\u00e4ll\u00e4, joka suojaa jalkojasi iskuilta. P\u00e4ivitetty ulkoinen kytkinrakenne s\u00e4\u00e4st\u00e4\u00e4 ty\u00f6voimaa eik\u00e4 purista k\u00e4si\u00e4si. Taottu koura, jossa on 360 asteen kierto, takaa maksimaalisen kest\u00e4vyyden ja luotettavuuden.<\/p>\n<\/li>\n<li style=\"font-size:14px;color:rgb(34, 34, 34)\">\n<p>Soveltuu useisiin tilanteisiin: R\u00e4ikk\u00e4mekanismimme on suunniteltu kuormien kiinnitt\u00e4miseen ketjusidonnassa kuljetuksessa, teollisuudessa ja maataloudessa sek\u00e4 lastinpid\u00e4tykseen meriteollisuudessa, maatiloilla ja ulkotiloissa. T\u00e4ytt\u00e4\u00e4 kaikki CVSA-, DOT-, NACM- ja FMCSA-vaatimukset. Varoitus: T\u00e4t\u00e4 kuormansidontamekanismia ei ole suunniteltu tai hyv\u00e4ksytty yl\u00e4puoliseen nostamiseen.<\/p>\n<\/li>\n<\/ul>\n<\/div>\n<div>\n<div>\n<div style=\"margin:16px 0px 24px;margin-bottom:24px;margin-top:16px;margin-left:0px;margin-right:0px\"><img decoding=\"async\" style=\"width:100%\" width=\"100%\" src=\"https:\/\/d2qc09rl1gfuof.cloudfront.net\/product\/DLTJLLJQBBTYCEEB7\/chain-binder-a100-1.11.jpg\" slate-data-type=\"image\"\/><\/div>\n<\/div>\n<\/div>\n<\/div>\n<\/div>\n<\/div>\n<p><\/p>","protected":false},"excerpt":{"rendered":"<p>Hign-concerned Chemical:&nbsp;None Origin:&nbsp;Mainland China Brand Name:&nbsp;VEVOR Brand:&nbsp;VEVOR Material:&nbsp;Cast Steel Max. Load of Chain:&nbsp;7100 lbs \/ 3220 kg Pawl Structure:&nbsp;External Adjusting Handle Max. Load of Ratchet Binder:&nbsp;12000 lbs \/ 5443 kg<\/p>","protected":false},"featured_media":24939,"comment_status":"open","ping_status":"closed","template":"","meta":{"_acf_changed":false},"product_brand":[],"product_cat":[517],"product_tag":[],"class_list":{"0":"post-24937","1":"product","2":"type-product","3":"status-publish","4":"has-post-thumbnail","6":"product_cat-electric-lifting-hoists","8":"first","9":"instock","10":"shipping-taxable","11":"purchasable","12":"product-type-variable"},"acf":[],"_links":{"self":[{"href":"https:\/\/electricstore.eu\/fi\/wp-json\/wp\/v2\/product\/24937","targetHints":{"allow":["GET"]}}],"collection":[{"href":"https:\/\/electricstore.eu\/fi\/wp-json\/wp\/v2\/product"}],"about":[{"href":"https:\/\/electricstore.eu\/fi\/wp-json\/wp\/v2\/types\/product"}],"replies":[{"embeddable":true,"href":"https:\/\/electricstore.eu\/fi\/wp-json\/wp\/v2\/comments?post=24937"}],"wp:featuredmedia":[{"embeddable":true,"href":"https:\/\/electricstore.eu\/fi\/wp-json\/wp\/v2\/media\/24939"}],"wp:attachment":[{"href":"https:\/\/electricstore.eu\/fi\/wp-json\/wp\/v2\/media?parent=24937"}],"wp:term":[{"taxonomy":"product_brand","embeddable":true,"href":"https:\/\/electricstore.eu\/fi\/wp-json\/wp\/v2\/product_brand?post=24937"},{"taxonomy":"product_cat","embeddable":true,"href":"https:\/\/electricstore.eu\/fi\/wp-json\/wp\/v2\/product_cat?post=24937"},{"taxonomy":"product_tag","embeddable":true,"href":"https:\/\/electricstore.eu\/fi\/wp-json\/wp\/v2\/product_tag?post=24937"}],"curies":[{"name":"wp","href":"https:\/\/api.w.org\/{rel}","templated":true}]}}