{"id":24881,"date":"2025-05-20T18:43:16","date_gmt":"2025-05-20T18:43:16","guid":{"rendered":"https:\/\/electricstore.eu\/p\/uncategorized\/vevor-hand-winch-heavy-duty-rope-crank-with-33-ft-steel-wire-cable-and-two-way-ratchet-for-trailer-boat-or-atv-towing\/"},"modified":"2025-05-20T18:45:37","modified_gmt":"2025-05-20T18:45:37","slug":"vevor-hand-winch-heavy-duty-rope-crank-with-33-ft-steel-wire-cable-and-two-way-ratchet-for-trailer-boat-or-atv-towing","status":"publish","type":"product","link":"https:\/\/electricstore.eu\/fi\/p\/o\/electric-winches\/vevor-hand-winch-heavy-duty-rope-crank-with-33-ft-steel-wire-cable-and-two-way-ratchet-for-trailer-boat-or-atv-towing\/","title":{"rendered":"VEVOR k\u00e4sivinssi raskaaseen k\u00e4ytt\u00f6\u00f6n tarkoitettu k\u00f6ysikampi, jossa on 33 jalan ter\u00e4svaijeri ja kaksisuuntainen r\u00e4ikk\u00e4 per\u00e4vaunuveneen tai m\u00f6nkij\u00e4n hinaukseen"},"content":{"rendered":"<div class=\"product-specs-list-container\">\n<ul class=\"product-specs-list util-clearfix\">\n<li class=\"product-prop line-limit-length\"><span\n                                        class=\"property-title\">Huolenaiheinen kemikaali:&nbsp;<\/span><span\n                                        class=\"property-desc line-limit-length\">Ei mit\u00e4\u00e4n<\/span>\n                            <\/li>\n<li class=\"product-prop line-limit-length\"><span\n                                        class=\"property-title\">Alkuper\u00e4:&nbsp;<\/span><span\n                                        class=\"property-desc line-limit-length\">Manner-Kiina<\/span>\n                            <\/li>\n<li class=\"product-prop line-limit-length\"><span\n                                        class=\"property-title\">Tuotemerkki:&nbsp;<\/span><span\n                                        class=\"property-desc line-limit-length\">VEVOR<\/span>\n                            <\/li>\n<li class=\"product-prop line-limit-length\"><span\n                                        class=\"property-title\">Tyyppi:&nbsp;<\/span><span\n                                        class=\"property-desc line-limit-length\">Manuaalinen<\/span>\n                            <\/li>\n<li class=\"product-prop line-limit-length\"><span\n                                        class=\"property-title\">Merkki:&nbsp;<\/span><span\n                                        class=\"property-desc line-limit-length\">VEVOR<\/span>\n                            <\/li>\n<li class=\"product-prop line-limit-length\"><span\n                                        class=\"property-title\">Vetokyky:&nbsp;<\/span><span\n                                        class=\"property-desc line-limit-length\">800\/3500 paunaa<\/span>\n                            <\/li>\n<li class=\"product-prop line-limit-length\"><span\n                                        class=\"property-title\">Tila\/Nopeus:&nbsp;<\/span><span\n                                        class=\"property-desc line-limit-length\">2-suuntainen r\u00e4ikk\u00e4\/2-vaihteinen<\/span>\n                            <\/li>\n<li class=\"product-prop line-limit-length\"><span\n                                        class=\"property-title\">Tyyppi:&nbsp;<\/span><span\n                                        class=\"property-desc line-limit-length\">K\u00e4sivinssi<\/span>\n                            <\/li>\n<li class=\"product-prop line-limit-length\"><span\n                                        class=\"property-title\">Tuotteen paino:&nbsp;<\/span><span\n                                        class=\"property-desc line-limit-length\">12,34 paunaa \/ 5,6 kg<\/span>\n                            <\/li>\n<\/ul><\/div>\n<div class=\"detailmodule_html\">\n<div class=\"detail-desc-decorate-richtext\">\n<div><\/div>\n<div style=\"font-family:&quot;Open sans&quot;, Arial, Helvetica, sans-serif\">\n<div style=\"font-family:&quot;Open sans&quot;, Arial, Helvetica, sans-serif\"><img decoding=\"async\" style=\"width:100%\" width=\"100%\" src=\"https:\/\/d2qc09rl1gfuof.cloudfront.net\/vevor\/boutique-banner\/pc\/banner-en.jpg\" slate-data-type=\"image\"\/><\/div>\n<div style=\"font-family:&quot;Open sans&quot;, Arial, Helvetica, sans-serif\">\n<div style=\"font-size:16px;font-weight:bold;text-align:center;color:rgb(34, 34, 34);margin:24px 0px;margin-bottom:24px;margin-top:24px;margin-left:0px;margin-right:0px\" align=\"center\">VEVOR-k\u00e4sivinssi \u2013 Kaikki vetovoimasta ja helppoudesta<\/div>\n<div><img decoding=\"async\" style=\"width:100%\" width=\"100%\" src=\"https:\/\/d2qc09rl1gfuof.cloudfront.net\/product\/CYSDJP3500BG5Z1ZX\/hand-winch-a100-1.4.jpg\" slate-data-type=\"image\"\/><\/div>\n<div style=\"font-size:14px;text-align:center;color:rgb(34, 34, 34);margin:16px 0px 24px;margin-bottom:24px;margin-top:16px;margin-left:0px;margin-right:0px\" align=\"center\">Uusi apurisi vaativiin vetoihin \u2013 k\u00e4sivinssimme. 10 metrin vaijeri, 4:1\/8:1 kaksivaihteinen r\u00e4ikk\u00e4 ja 25 cm:n helppok\u00e4ytt\u00f6inen kahva \u2013 se on valmis vetoammattilaisesi mukaan liikkeell\u00e4 ollessa.<\/div>\n<\/div>\n<div style=\"font-family:&quot;Open sans&quot;, Arial, Helvetica, sans-serif\">\n<div>\u00a0<\/div>\n<div style=\"margin:8px 0px;margin-bottom:8px;margin-top:8px;margin-left:0px;margin-right:0px\"><img decoding=\"async\" style=\"width:100%\" width=\"100%\" src=\"https:\/\/d2qc09rl1gfuof.cloudfront.net\/product\/CYSDJP3500BG5Z1ZX\/hand-winch-a100-2.2.jpg\" slate-data-type=\"image\"\/><\/div>\n<div style=\"font-size:14px;text-align:center;color:rgb(34, 34, 34);margin:16px 0px 24px;margin-bottom:24px;margin-top:16px;margin-left:0px;margin-right:0px\" align=\"center\">Onko jumissa ajoneuvo tai vene, joka ei vain liiku? Venevinssimme on t\u00e4\u00e4ll\u00e4 pelastamassa p\u00e4iv\u00e4n! Se on suunniteltu selviytym\u00e4\u00e4n vaikeimmistakin vedoista helposti ja tarjoaa vetovoimaa kaikkiin arjen haasteisiisi.<\/div>\n<\/div>\n<div style=\"font-family:&quot;Open sans&quot;, Arial, Helvetica, sans-serif\">\n<div>\u00a0<\/div>\n<div style=\"margin:8px 0px;margin-bottom:8px;margin-top:8px;margin-left:0px;margin-right:0px\"><img decoding=\"async\" style=\"width:100%\" width=\"100%\" src=\"https:\/\/d2qc09rl1gfuof.cloudfront.net\/product\/CYSDJP3500BG5Z1ZX\/hand-winch-a100-2.3.jpg\" slate-data-type=\"image\"\/><\/div>\n<div style=\"font-size:14px;text-align:center;color:rgb(34, 34, 34);margin:16px 0px 24px;margin-bottom:24px;margin-top:16px;margin-left:0px;margin-right:0px\" align=\"center\">Unohda vaihteet, jotka pett\u00e4v\u00e4t ensimm\u00e4isten s\u00e4\u00e4n merkkien sattuessa. Veneen k\u00f6ysikamme vaihteet on l\u00e4mp\u00f6k\u00e4sitelty kest\u00e4m\u00e4\u00e4n mit\u00e4 tahansa \u2013 olipa kyseess\u00e4 lumimyrsky tai aurinkoinen p\u00e4iv\u00e4. Ruosteenkest\u00e4v\u00e4t ja tasaisesti toimivat vaihteet ovat luotettavia.<\/div>\n<\/div>\n<div style=\"font-family:&quot;Open sans&quot;, Arial, Helvetica, sans-serif\">\n<div>\u00a0<\/div>\n<div style=\"margin:8px 0px;margin-bottom:8px;margin-top:8px;margin-left:0px;margin-right:0px\"><img decoding=\"async\" style=\"width:100%\" width=\"100%\" src=\"https:\/\/d2qc09rl1gfuof.cloudfront.net\/product\/CYSDJP3500BG5Z1ZX\/hand-winch-a100-2.4.jpg\" slate-data-type=\"image\"\/><\/div>\n<div style=\"font-size:14px;text-align:center;color:rgb(34, 34, 34);margin:16px 0px 24px;margin-bottom:24px;margin-top:16px;margin-left:0px;margin-right:0px\" align=\"center\">K\u00e4sik\u00e4ytt\u00f6isess\u00e4 vinssiss\u00e4mme on tukeva, yhten\u00e4isest\u00e4 kappaleesta taottu koukku, joka on riitt\u00e4v\u00e4n kest\u00e4v\u00e4 raskaimmillekin kuormille. Sen leve\u00e4 aukko sopii jopa paksuimmille k\u00f6ysille tai per\u00e4vaunukoukkuille, ja itselukittuva turvasalpa pit\u00e4\u00e4 kuormasi turvassa.<\/div>\n<\/div>\n<div style=\"font-family:&quot;Open sans&quot;, Arial, Helvetica, sans-serif\">\n<div>\u00a0<\/div>\n<div style=\"margin:8px 0px;margin-bottom:8px;margin-top:8px;margin-left:0px;margin-right:0px\"><img decoding=\"async\" style=\"width:100%\" width=\"100%\" src=\"https:\/\/d2qc09rl1gfuof.cloudfront.net\/product\/CYSDJP3500BG5Z1ZX\/hand-winch-a100-2.5.jpg\" slate-data-type=\"image\"\/><\/div>\n<div style=\"font-size:14px;text-align:center;color:rgb(34, 34, 34);margin:16px 0px 24px;margin-bottom:24px;margin-top:16px;margin-left:0px;margin-right:0px\" align=\"center\">Sinun ei tarvitse olla ty\u00f6kaluvelho asentaaksesi t\u00e4m\u00e4n raskaaseen k\u00e4ytt\u00f6\u00f6n tarkoitetun k\u00e4sivinssin. Asenna se vain, aseta kahva, s\u00e4\u00e4d\u00e4 r\u00e4ikk\u00e4 ja olet valmis. Nopeaa, helppoa ja vaivatonta \u2013 niin yksinkertaista se on.<\/div>\n<\/div>\n<div style=\"margin:16px 0px 24px;margin-bottom:24px;margin-top:16px;margin-left:0px;margin-right:0px\"><\/div>\n<div style=\"margin:24px 0px;margin-bottom:24px;margin-top:24px;margin-left:0px;margin-right:0px\">\n<div style=\"font-size:16px;font-weight:bold;color:rgb(34, 34, 34);margin:24px 0px 16px;margin-bottom:16px;margin-top:24px;margin-left:0px;margin-right:0px\">Ominaisuudet ja tiedot<\/div>\n<ul style=\"margin:16px 0px 24px;margin-bottom:24px;margin-top:16px;margin-left:0px;margin-right:0px\">\n<li style=\"font-size:14px;color:rgb(34, 34, 34)\">\n<p>Kest\u00e4v\u00e4 vaijeri, kovempi suorituskyky: K\u00e4sivinssiss\u00e4mme on 10 metrin pituinen, eritt\u00e4in lujatekoinen galvanoitu ter\u00e4svaijeri, jolla on vetovoima. Unohda hauraat ja helposti katkeavat k\u00f6ydet. T\u00e4m\u00e4 vinssi on tarkoitettu pitk\u00e4lle matkalle ja valmis k\u00e4sittelem\u00e4\u00e4n jopa painavimmat ajoneuvot ja veneet.<\/p>\n<\/li>\n<li style=\"font-size:14px;color:rgb(34, 34, 34)\">\n<p>Kaksisuuntainen r\u00e4ikk\u00e4: T\u00e4m\u00e4 veneen k\u00f6ysikampi on varustettu huippuluokan hiiliter\u00e4ksest\u00e4 valmistetulla kaksisuuntaisella r\u00e4ikk\u00e4ll\u00e4. Kahvan asentoa voi s\u00e4\u00e4t\u00e4\u00e4 4:1\/8:1-kaksoisnopeuksisella vaihteella, joten hallittavuus on t\u00e4rke\u00e4\u00e4 \u2013 kelaa sis\u00e4\u00e4n, kelaa ulos, valintasi on sinun. Korkean l\u00e4mp\u00f6tilan karkaisuprosessin ansiosta n\u00e4m\u00e4 rattaat ovat kest\u00e4vi\u00e4 ja valmiita kest\u00e4m\u00e4\u00e4n ulkoilun rasitukset.<\/p>\n<\/li>\n<li style=\"font-size:14px;color:rgb(34, 34, 34)\">\n<p>Taottu koukku: Kyse ei ole vain vinssihihnasta. My\u00f6s koukulla on v\u00e4li\u00e4. Puhumme 26 mm leve\u00e4st\u00e4 aukosta, joka on taottu kest\u00e4vyyden takaamiseksi ja valmis ottamaan raskaita kuormia vaivattomasti. Sen korroosionkest\u00e4v\u00e4 ja halkeilematon rakenne tarkoittaa, ett\u00e4 se s\u00e4ilytt\u00e4\u00e4 muotonsa k\u00e4yt\u00f6st\u00e4 toiseen. Lis\u00e4ksi turvasalpa tuo mielenrauhaasi.<\/p>\n<\/li>\n<li style=\"font-size:14px;color:rgb(34, 34, 34)\">\n<p>Helppo k\u00e4sitell\u00e4: K\u00e4sik\u00e4ytt\u00f6isess\u00e4 vinssiss\u00e4mme on ergonominen kahva, jonka koko on t\u00e4ydellisen kokoinen, 25 cm. T\u00e4rkeint\u00e4 on pito ja mukavuus, ja lis\u00e4ksi vinssiss\u00e4 on tukeva galvanoitu runko. Nopea asentaa ja viel\u00e4 nopeampi k\u00e4ytt\u00e4\u00e4 \u2013 t\u00e4m\u00e4 pieni voimanpes\u00e4 tekee raskaiden ajoneuvojen ja veneiden vet\u00e4misest\u00e4 helppoa.<\/p>\n<\/li>\n<li style=\"font-size:14px;color:rgb(34, 34, 34)\">\n<p>Valmis mihin tahansa, minne tahansa: Helppo asentaa, helppo k\u00e4ytt\u00e4\u00e4 \u2013 raskaaseen k\u00e4ytt\u00f6\u00f6n tarkoitettu k\u00e4sivinssimme on valintasi vaakasuoraan vet\u00e4miseen miss\u00e4 tahansa. Sis\u00e4ll\u00e4, ulkona, vedess\u00e4 tai maalla \u2013 vie se moottoriveneisiin, per\u00e4vaunuihin tai maastoajoneuvoihin ja katso, kuinka se tekee taikojaan.<\/p>\n<\/li>\n<\/ul>\n<\/div>\n<div>\n<div>\u00a0<\/div>\n<div>\n<div>\u00a0<\/div>\n<div style=\"margin:16px 0px 24px;margin-bottom:24px;margin-top:16px;margin-left:0px;margin-right:0px\"><strong>3500 paunaa<\/strong><\/div>\n<div style=\"margin:16px 0px 24px;margin-bottom:24px;margin-top:16px;margin-left:0px;margin-right:0px\"><img decoding=\"async\" style=\"width:100%\" width=\"100%\" src=\"https:\/\/d2qc09rl1gfuof.cloudfront.net\/product\/CYSDJP3500BG5Z1ZX\/hand-winch-a100-1.11.jpg\" slate-data-type=\"image\"\/><\/div>\n<\/div>\n<\/div>\n<div style=\"font-family:&quot;Open sans&quot;, Arial, Helvetica, sans-serif\">\n<div>\u00a0<\/div>\n<div>\n<div>\u00a0<\/div>\n<div style=\"margin:16px 0px 24px;margin-bottom:24px;margin-top:16px;margin-left:0px;margin-right:0px\"><span style=\"font-family:&quot;Microsoft YaHei&quot;\"><strong>800 paunaa<\/strong><\/span><\/div>\n<div style=\"margin:16px 0px 24px;margin-bottom:24px;margin-top:16px;margin-left:0px;margin-right:0px\"><img decoding=\"async\" style=\"width:100%\" width=\"100%\" src=\"https:\/\/d2qc09rl1gfuof.cloudfront.net\/product\/CYSDJP800BG0IYPD8\/hand-winch-a100-1.11.jpg\" slate-data-type=\"image\"\/><\/div>\n<\/div>\n<\/div>\n<\/div>\n<\/div>\n<\/div>\n<p><\/p>","protected":false},"excerpt":{"rendered":"<p>Hign-concerned Chemical:&nbsp;None Origin:&nbsp;Mainland China Brand Name:&nbsp;VEVOR Type:&nbsp;Manual Brand:&nbsp;VEVOR Tow Weight Capacity:&nbsp;800\/3500 lbs Mode\/Speed:&nbsp;2-Way Ratchet\/2-Speed Type:&nbsp;Hand Winch Product Weight:&nbsp;12.34 lbs \/ 5.6 kg VEVOR Hand Winch \u2013 All about Pulling Power<\/p>","protected":false},"featured_media":24882,"comment_status":"open","ping_status":"closed","template":"","meta":{"_acf_changed":false},"product_brand":[],"product_cat":[522],"product_tag":[],"class_list":{"0":"post-24881","1":"product","2":"type-product","3":"status-publish","4":"has-post-thumbnail","6":"product_cat-electric-winches","8":"first","9":"instock","10":"shipping-taxable","11":"purchasable","12":"product-type-variable"},"acf":[],"_links":{"self":[{"href":"https:\/\/electricstore.eu\/fi\/wp-json\/wp\/v2\/product\/24881","targetHints":{"allow":["GET"]}}],"collection":[{"href":"https:\/\/electricstore.eu\/fi\/wp-json\/wp\/v2\/product"}],"about":[{"href":"https:\/\/electricstore.eu\/fi\/wp-json\/wp\/v2\/types\/product"}],"replies":[{"embeddable":true,"href":"https:\/\/electricstore.eu\/fi\/wp-json\/wp\/v2\/comments?post=24881"}],"wp:featuredmedia":[{"embeddable":true,"href":"https:\/\/electricstore.eu\/fi\/wp-json\/wp\/v2\/media\/24882"}],"wp:attachment":[{"href":"https:\/\/electricstore.eu\/fi\/wp-json\/wp\/v2\/media?parent=24881"}],"wp:term":[{"taxonomy":"product_brand","embeddable":true,"href":"https:\/\/electricstore.eu\/fi\/wp-json\/wp\/v2\/product_brand?post=24881"},{"taxonomy":"product_cat","embeddable":true,"href":"https:\/\/electricstore.eu\/fi\/wp-json\/wp\/v2\/product_cat?post=24881"},{"taxonomy":"product_tag","embeddable":true,"href":"https:\/\/electricstore.eu\/fi\/wp-json\/wp\/v2\/product_tag?post=24881"}],"curies":[{"name":"wp","href":"https:\/\/api.w.org\/{rel}","templated":true}]}}