{"id":24772,"date":"2025-05-20T18:42:41","date_gmt":"2025-05-20T18:42:41","guid":{"rendered":"https:\/\/electricstore.eu\/p\/uncategorized\/vevor-4400-lbs-wireless-electric-chain-hoist-with-g100-chain-20-ft-lifting-height-ip54-protection-three-phase-overhead-crane\/"},"modified":"2025-05-20T18:44:11","modified_gmt":"2025-05-20T18:44:11","slug":"vevor-4400-lbs-wireless-electric-chain-hoist-with-g100-chain-20-ft-lifting-height-ip54-protection-three-phase-overhead-crane","status":"publish","type":"product","link":"https:\/\/electricstore.eu\/fi\/p\/o\/electric-lifting-hoists\/vevor-4400-lbs-wireless-electric-chain-hoist-with-g100-chain-20-ft-lifting-height-ip54-protection-three-phase-overhead-crane\/","title":{"rendered":"VEVOR 4400 LBS langaton s\u00e4hk\u00f6ketjunostin G100-ketjulla, nostokorkeus 20 jalkaa, IP54-suojaus, kolmivaiheinen siltanosturi"},"content":{"rendered":"<div class=\"product-specs-list-container\">\n<ul class=\"product-specs-list util-clearfix\">\n<li class=\"product-prop line-limit-length\"><span\n                                        class=\"property-title\">Huolenaiheinen kemikaali:&nbsp;<\/span><span\n                                        class=\"property-desc line-limit-length\">Ei mit\u00e4\u00e4n<\/span>\n                            <\/li>\n<li class=\"product-prop line-limit-length\"><span\n                                        class=\"property-title\">Alkuper\u00e4:&nbsp;<\/span><span\n                                        class=\"property-desc line-limit-length\">Manner-Kiina<\/span>\n                            <\/li>\n<li class=\"product-prop line-limit-length\"><span\n                                        class=\"property-title\">Tuotemerkki:&nbsp;<\/span><span\n                                        class=\"property-desc line-limit-length\">VEVOR<\/span>\n                            <\/li>\n<\/ul><\/div>\n<div class=\"detailmodule_html\">\n<div class=\"detail-desc-decorate-richtext\">\n<div><\/div>\n<div style=\"font-family:&quot;Open sans&quot;, Arial, Helvetica, sans-serif\">\n<div><img decoding=\"async\" style=\"width:100%\" width=\"100%\" src=\"https:\/\/d2qc09rl1gfuof.cloudfront.net\/vevor\/boutique-banner\/pc\/banner-en.jpg\" slate-data-type=\"image\"\/><\/div>\n<div>\n<div style=\"font-size:16px;font-weight:bold;text-align:center;color:rgb(34, 34, 34);margin:24px 0px;margin-bottom:24px;margin-top:24px;margin-left:0px;margin-right:0px\" align=\"center\">VEVOR s\u00e4hk\u00f6ketjunostin \u2013 Muuta tapaasi ajatella nostamista<\/div>\n<div><img decoding=\"async\" style=\"width:100%\" width=\"100%\" src=\"https:\/\/d2qc09rl1gfuof.cloudfront.net\/product\/DDHLHLSXDDLCS5G71\/electric-hoist-a100-1.4.jpg\" slate-data-type=\"image\"\/><\/div>\n<div style=\"font-size:14px;text-align:center;color:rgb(34, 34, 34);margin:16px 0px 24px;margin-bottom:24px;margin-top:16px;margin-left:0px;margin-right:0px\" align=\"center\">S\u00e4hk\u00f6ketjunostimemme nostokapasiteetti on 2000 kg, joten se sopii t\u00e4ydellisesti raskaiden esineiden nostamiseen autotalleissa. Sen nopea nostonopeus varmistaa tehokkaan toiminnan ilman pitki\u00e4 odotusaikoja.<\/div>\n<\/div>\n<div>\n<div>\u00a0<\/div>\n<div style=\"margin:8px 0px;margin-bottom:8px;margin-top:8px;margin-left:0px;margin-right:0px\"><img decoding=\"async\" style=\"width:100%\" width=\"100%\" src=\"https:\/\/d2qc09rl1gfuof.cloudfront.net\/product\/DDHLHLSXDDLCS5G71\/electric-hoist-a100-2.2.jpg\" slate-data-type=\"image\"\/><\/div>\n<div style=\"font-size:14px;text-align:center;color:rgb(34, 34, 34);margin:16px 0px 24px;margin-bottom:24px;margin-top:16px;margin-left:0px;margin-right:0px\" align=\"center\">G100-ketju tekee s\u00e4hk\u00f6k\u00e4ytt\u00f6isest\u00e4 siltanostimesta kevyemm\u00e4n ja lujemman. Se kantaa raskaita kuormia s\u00e4ilytt\u00e4en samalla k\u00e4tevyyden.<\/div>\n<\/div>\n<div>\n<div>\u00a0<\/div>\n<div style=\"margin:8px 0px;margin-bottom:8px;margin-top:8px;margin-left:0px;margin-right:0px\"><img decoding=\"async\" style=\"width:100%\" width=\"100%\" src=\"https:\/\/d2qc09rl1gfuof.cloudfront.net\/product\/DDHLHLSXDDLCS5G71\/electric-hoist-a100-2.3.jpg\" slate-data-type=\"image\"\/><\/div>\n<div style=\"font-size:14px;text-align:center;color:rgb(34, 34, 34);margin:16px 0px 24px;margin-bottom:24px;margin-top:16px;margin-left:0px;margin-right:0px\" align=\"center\">T\u00e4ss\u00e4 s\u00e4hk\u00f6k\u00e4ytt\u00f6isess\u00e4 nostimessa on mukava ja k\u00e4yt\u00e4nn\u00f6llinen muotoilu, mukaan lukien nostohihna erilaisten raskaiden esineiden k\u00e4sittelyyn. Herkk\u00e4 kaukos\u00e4\u00e4din mahdollistaa tarkan ja k\u00e4tev\u00e4n nostamisen.<\/div>\n<\/div>\n<div>\n<div>\u00a0<\/div>\n<div style=\"margin:8px 0px;margin-bottom:8px;margin-top:8px;margin-left:0px;margin-right:0px\"><img decoding=\"async\" style=\"width:100%\" width=\"100%\" src=\"https:\/\/d2qc09rl1gfuof.cloudfront.net\/product\/DDHLHLSXDDLCS5G71\/electric-hoist-a100-2.4.jpg\" slate-data-type=\"image\"\/><\/div>\n<div style=\"font-size:14px;text-align:center;color:rgb(34, 34, 34);margin:16px 0px 24px;margin-bottom:24px;margin-top:16px;margin-left:0px;margin-right:0px\" align=\"center\">Tehokas kuparimoottori varmistaa raskaiden esineiden vakaan ja turvallisen nostamisen. H\u00e4t\u00e4jarrutusj\u00e4rjestelm\u00e4n ja ilmaj\u00e4\u00e4hdytysj\u00e4rjestelm\u00e4n ansiosta siltanosturi on luotettava ja turvallinen k\u00e4ytt\u00e4\u00e4.<\/div>\n<\/div>\n<div>\n<div>\u00a0<\/div>\n<div style=\"margin:8px 0px;margin-bottom:8px;margin-top:8px;margin-left:0px;margin-right:0px\"><img decoding=\"async\" style=\"width:100%\" width=\"100%\" src=\"https:\/\/d2qc09rl1gfuof.cloudfront.net\/product\/DDHLHLSXDDLCS5G71\/electric-hoist-a100-2.5.jpg\" slate-data-type=\"image\"\/><\/div>\n<div style=\"font-size:14px;text-align:center;color:rgb(34, 34, 34);margin:16px 0px 24px;margin-bottom:24px;margin-top:16px;margin-left:0px;margin-right:0px\" align=\"center\">Pieni s\u00e4hk\u00f6k\u00e4ytt\u00f6inen nostimemme on parantanut kest\u00e4vyytt\u00e4\u00e4n ja kuormankantokyky\u00e4\u00e4n suurempiin nostotarpeisiin. Sen kest\u00e4v\u00e4mm\u00e4t ja tukevammat materiaalit parantavat k\u00e4ytt\u00f6ik\u00e4\u00e4 ja vakautta.<\/div>\n<\/div>\n<div style=\"margin:16px 0px 24px;margin-bottom:24px;margin-top:16px;margin-left:0px;margin-right:0px\"><\/div>\n<div style=\"margin:24px 0px;margin-bottom:24px;margin-top:24px;margin-left:0px;margin-right:0px\">\n<div style=\"font-size:16px;font-weight:bold;color:rgb(34, 34, 34);margin:24px 0px 16px;margin-bottom:16px;margin-top:24px;margin-left:0px;margin-right:0px\">Ominaisuudet ja tiedot<\/div>\n<ul style=\"margin:16px 0px 24px;margin-bottom:24px;margin-top:16px;margin-left:0px;margin-right:0px\">\n<li style=\"font-size:14px;color:rgb(34, 34, 34)\">\n<p>4400 paunan nostokyky: S\u00e4hk\u00f6ketjunostimessamme on G100-ketju, joka tarjoaa turvallisen 4400 paunan \/ 2 tonnin nostokyvyn. Se voi nostaa kaikenlaisia raskaita esineit\u00e4 nopeudella 26 jalkaa\/min (7,9 m\/min) ja enimm\u00e4isnostokorkeudella 20 jalkaa \/ 6,1 m.<\/p>\n<\/li>\n<li style=\"font-size:14px;color:rgb(34, 34, 34)\">\n<p>Tehokas moottori: Kuparimoottori tarjoaa 3000 W tehon raskaiden kuormien k\u00e4sittelyyn ilman muodonmuutoksia. Suuri j\u00e4\u00e4hdytystuuletin pit\u00e4\u00e4 s\u00e4hk\u00f6ketjunostimen viile\u00e4n\u00e4 ja est\u00e4\u00e4 ylikuumenemisen. Kaikki n\u00e4m\u00e4 ominaisuudet takaavat tehokkaan ty\u00f6n ja s\u00e4\u00e4st\u00e4v\u00e4t aikaa ja energiaa.<\/p>\n<\/li>\n<li style=\"font-size:14px;color:rgb(34, 34, 34)\">\n<p>Asenna hetkess\u00e4: S\u00e4hk\u00f6inen kattonostimemme on helppo asentaa ja se voidaan ripustaa suoraan kattoon metallilistoilla tai massiivipuulistoilla. Siin\u00e4 on h\u00e4t\u00e4pys\u00e4ytyskytkin ja s\u00e4hk\u00f6magneettinen jarruj\u00e4rjestelm\u00e4, jotka est\u00e4v\u00e4t ep\u00e4tavallisen liukumisen.<\/p>\n<\/li>\n<li style=\"font-size:14px;color:rgb(34, 34, 34)\">\n<p>Langaton kaukos\u00e4\u00e4din: S\u00e4hk\u00f6k\u00e4ytt\u00f6isess\u00e4 nostimessa on langaton kaukos\u00e4\u00e4din, jonka enimm\u00e4isohjauset\u00e4isyys on 100 m. Siin\u00e4 on herkk\u00e4 kytkintoiminto, ja sen avulla voit k\u00e4ytt\u00e4\u00e4 s\u00e4hk\u00f6k\u00e4ytt\u00f6ist\u00e4 nostinta yhdell\u00e4 k\u00e4dell\u00e4 laitteiden nostamiseen, asettamiseen ja laskemiseen.<\/p>\n<\/li>\n<li style=\"font-size:14px;color:rgb(34, 34, 34)\">\n<p>K\u00e4yt\u00e4 sit\u00e4 miss\u00e4 tahansa: Siltanosturimme sopii autotalleihin, kauppoihin, hotelleihin ja koteihin, t\u00e4ydellinen sek\u00e4 ammattilaisille ett\u00e4 harrastelijoille. Se on loistava veneiden korjaukseen, autoihin, ruohonleikkureihin, golfk\u00e4rryihin, kodin sisustukseen, moottoreihin, lohkareisiin, puihin jne. Se on ihanteellinen apu koneiden nostamiseen ja my\u00f6s k\u00e4tev\u00e4 mets\u00e4st\u00e4jille saaliin ripustamiseen.<\/p>\n<\/li>\n<\/ul>\n<\/div>\n<div>\n<div>\u00a0<\/div>\n<div>\n<div>\u00a0<\/div>\n<div style=\"margin:16px 0px 24px;margin-bottom:24px;margin-top:16px;margin-left:0px;margin-right:0px\"><img decoding=\"async\" style=\"width:100%\" width=\"100%\" src=\"https:\/\/d2qc09rl1gfuof.cloudfront.net\/product\/DDHLHLSXDDLCS5G71\/electric-hoist-a100-1.11.jpg\" slate-data-type=\"image\"\/><\/div>\n<\/div>\n<\/div>\n<\/div>\n<\/div>\n<\/div>\n<p><\/p>","protected":false},"excerpt":{"rendered":"<p>Hign-concerned Chemical:&nbsp;None Origin:&nbsp;Mainland China Brand Name:&nbsp;VEVOR VEVOR Electric Chain Hoist\u2013Change the Way You Look at Lifting Our electric chain fall hoist has a lifting capacity of 4400 lbs, making it<\/p>","protected":false},"featured_media":24774,"comment_status":"open","ping_status":"closed","template":"","meta":{"_acf_changed":false},"product_brand":[],"product_cat":[517],"product_tag":[],"class_list":{"0":"post-24772","1":"product","2":"type-product","3":"status-publish","4":"has-post-thumbnail","6":"product_cat-electric-lifting-hoists","8":"first","9":"instock","10":"shipping-taxable","11":"purchasable","12":"product-type-variable"},"acf":[],"_links":{"self":[{"href":"https:\/\/electricstore.eu\/fi\/wp-json\/wp\/v2\/product\/24772","targetHints":{"allow":["GET"]}}],"collection":[{"href":"https:\/\/electricstore.eu\/fi\/wp-json\/wp\/v2\/product"}],"about":[{"href":"https:\/\/electricstore.eu\/fi\/wp-json\/wp\/v2\/types\/product"}],"replies":[{"embeddable":true,"href":"https:\/\/electricstore.eu\/fi\/wp-json\/wp\/v2\/comments?post=24772"}],"wp:featuredmedia":[{"embeddable":true,"href":"https:\/\/electricstore.eu\/fi\/wp-json\/wp\/v2\/media\/24774"}],"wp:attachment":[{"href":"https:\/\/electricstore.eu\/fi\/wp-json\/wp\/v2\/media?parent=24772"}],"wp:term":[{"taxonomy":"product_brand","embeddable":true,"href":"https:\/\/electricstore.eu\/fi\/wp-json\/wp\/v2\/product_brand?post=24772"},{"taxonomy":"product_cat","embeddable":true,"href":"https:\/\/electricstore.eu\/fi\/wp-json\/wp\/v2\/product_cat?post=24772"},{"taxonomy":"product_tag","embeddable":true,"href":"https:\/\/electricstore.eu\/fi\/wp-json\/wp\/v2\/product_tag?post=24772"}],"curies":[{"name":"wp","href":"https:\/\/api.w.org\/{rel}","templated":true}]}}