{"id":24753,"date":"2025-05-20T18:42:28","date_gmt":"2025-05-20T18:42:28","guid":{"rendered":"https:\/\/electricstore.eu\/p\/uncategorized\/24v-kids-electric-motorcycle-150w-7-5mph-led-lights-dual-speed-for-ages-6-143lbs-capacity\/"},"modified":"2025-05-20T18:43:41","modified_gmt":"2025-05-20T18:43:41","slug":"24v-kids-electric-motorcycle-150w-7-5mph-led-lights-dual-speed-for-ages-6-143lbs-capacity","status":"publish","type":"product","link":"https:\/\/electricstore.eu\/fi\/p\/motorbikes\/electric-children-motorbikes\/24v-kids-electric-motorcycle-150w-7-5mph-led-lights-dual-speed-for-ages-6-143lbs-capacity\/","title":{"rendered":"24 V lasten s\u00e4hk\u00f6moottoripy\u00f6r\u00e4 150 W 7,5 MPH LED-valot, kaksoisnopeus, 6+ vuotiaille, kapasiteetti 143 paunaa"},"content":{"rendered":"<div class=\"product-specs-list-container\">\n<ul class=\"product-specs-list util-clearfix\">\n<li class=\"product-prop line-limit-length\"><span\n                                        class=\"property-title\">Huolenaiheinen kemikaali:&nbsp;<\/span><span\n                                        class=\"property-desc line-limit-length\">Ei mit\u00e4\u00e4n<\/span>\n                            <\/li>\n<li class=\"product-prop line-limit-length\"><span\n                                        class=\"property-title\">Alkuper\u00e4:&nbsp;<\/span><span\n                                        class=\"property-desc line-limit-length\">Manner-Kiina<\/span>\n                            <\/li>\n<li class=\"product-prop line-limit-length\"><span\n                                        class=\"property-title\">Tuotteen tyyppi:&nbsp;<\/span><span\n                                        class=\"property-desc line-limit-length\">s\u00e4hk\u00f6moottoripy\u00f6r\u00e4t<\/span>\n                            <\/li>\n<\/ul><\/div>\n<div class=\"detailmodule_text-image\">\n<p style=\"font-size:16px\">Kuvaus<br \/>Haluatko antaa lapsillesi lapsuuden t\u00e4ynn\u00e4 hauskaa ja tutkimusmatkailua? Silloin t\u00e4m\u00e4 lasten s\u00e4hk\u00f6moottoripy\u00f6r\u00e4 on ihanteellinen valinta sinulle! Sen upea ja huomiota her\u00e4tt\u00e4v\u00e4 muotoilu muuttaa lapset hetkess\u00e4 pieniksi kilpa-ajajiksi, jotka osoittavat heid\u00e4n lapsellisen tyylins\u00e4. Anna sen sytytt\u00e4\u00e4 lastesi intohimo tutkimusmatkailuun ja vied\u00e4 heid\u00e4t kohti onnellista tulevaisuutta!<\/p>\n<p>T\u00e4rkeimm\u00e4t ominaisuudet<br \/>Kest\u00e4v\u00e4 rakenne: Se on valmistettu korkealaatuisesta raudasta ja lapsiyst\u00e4v\u00e4llisest\u00e4 PP:st\u00e4, jossa on muoviruiskutus- ja vedensiirtopainatusprosessit, mik\u00e4 tekee siit\u00e4 ymp\u00e4rist\u00f6yst\u00e4v\u00e4llisen, korroosionkest\u00e4v\u00e4n, kosteudenkest\u00e4v\u00e4n, s\u00e4\u00e4nkest\u00e4v\u00e4n, ik\u00e4\u00e4ntymist\u00e4 est\u00e4v\u00e4n ja kulutusta kest\u00e4v\u00e4n, joten se kest\u00e4\u00e4 ajan testin hyvin.<\/p>\n<p>Tehokas s\u00e4hk\u00f6j\u00e4rjestelm\u00e4: 150 W:n tehokkaalla ja 24 V:n 3,0 Ah:n ladattavalla akulla voit ajaa noin 1,2 tuntia 3\u20135 tunnin latauksella, mik\u00e4 voi tyydytt\u00e4\u00e4 lapsesi ajohauskan ilman usein toistuvaa lataamista.<\/p>\n<p>Kaksoisnopeustila: S\u00e4hk\u00f6moottoripy\u00f6r\u00e4ss\u00e4 on kaksivaihteinen s\u00e4\u00e4dett\u00e4v\u00e4 toiminto (4,97 mi\/h, 7,46 mi\/h), voit vaihtaa vapaasti nopean ja hitaan nopeuden v\u00e4lill\u00e4 tieolosuhteiden ja henkil\u00f6kohtaisten ajotottumustesi mukaan, mik\u00e4 sopii erityisesti lapsille tai ensikertalaisille ajamisen ilosta nauttimiseen. <\/p>\n<p>Hauska ajaminen: Siin\u00e4 on siisti moottoripy\u00f6r\u00e4n muotoilu ja v\u00e4rikk\u00e4\u00e4t LED-valot (punainen, sininen ja vihre\u00e4), jotka palvelevat lasten kiinnostuksen kohteita ja mahdollistavat paljon helpomman ja hauskemman ajamisen. <\/p>\n<p>Mukava ja turvallinen: Ergonominen istuin tarjoaa erinomaisen ja mukavan ajokokemuksen lapsille. Lis\u00e4ksi takalevyjarruj\u00e4rjestelm\u00e4 varmistaa lapsesi turvallisuuden ajon aikana, ja lyhyt kahva on tehokas nopeaan jarrutukseen.                                      <\/p>\n<p>Vahva kuormituskapasiteetti: Vakaa rautarunko, kolmiomainen rakenne ja tukeva ruuviliitos tekev\u00e4t tuotteesta 143,3 paunan kuormituskapasiteetin, mik\u00e4 tekee k\u00e4yt\u00f6st\u00e4 mukavampaa.<\/p>\n<p>Helppohoitoinen: Sile\u00e4n pinnan ja yksinkertaisen rakenteen ansiosta voit pyyhki\u00e4 lian helposti pois pehme\u00e4ll\u00e4 liinalla.\u00a0<\/p>\n<p>Ihana lahja: T\u00e4m\u00e4 tuote voi sytytt\u00e4\u00e4 lapsen intohimon tutkimiseen ja seikkailuun, auttaa heit\u00e4 kehitt\u00e4m\u00e4\u00e4n rohkeutta, uteliaisuutta sek\u00e4 erinomaisia hallinta- ja ajotaitoja, jotka erottavat heid\u00e4t joukosta, tehden siit\u00e4 ihanteellisen syntym\u00e4p\u00e4iv\u00e4- ja lomalahjan lapsellesi.<\/p>\n<p>Kokoaminen helppoa: T\u00e4ydelliset asennustarvikkeet, yksityiskohtainen k\u00e4ytt\u00f6ohje ja yksinkertainen rakenne mahdollistavat kokoamisen eritt\u00e4in lyhyess\u00e4 ajassa.\u00a0 \u00a0<\/p>\n<p>Hyv\u00e4 asiakaspalvelu: Seisomme kaikkien asiakkaidemme takana ja autamme mielell\u00e4mme sinua ostoksessasi. Vastaamme mielell\u00e4mme h\u00e4mmennyksiisi ja kysymyksiisi. Tarinamme loppu ei ole &quot;me myymme ja sin\u00e4 ostat&quot;.<\/p>\n<p>Tiedot<br \/>Liukumaton poljin: Se lis\u00e4\u00e4 jalan pohjan ja polkimen v\u00e4list\u00e4 kitkaa liukumisen est\u00e4miseksi.<\/p>\n<p>Liukumattomat renkaat: Liukumattomilla urilla varustetut renkaat ovat kest\u00e4vi\u00e4 ja pit\u00e4vi\u00e4, ja ne est\u00e4v\u00e4t my\u00f6s luisumisen m\u00e4rill\u00e4 teill\u00e4. <\/p>\n<p>Latauksen merkkivalo: Laturissa on merkkivalo, joten voit helposti hallita latauksen tilaa. Merkkivalo on punainen latauksen aikana ja vihre\u00e4, kun lataus on valmis.<\/p>\n<p>K\u00e4yt\u00e4nn\u00f6lliset lokasuojat: Etu- ja takalokasuojat suojaavat sinua ja py\u00f6r\u00e4\u00e4si mudan roiskeilta mutaisilla teill\u00e4 ajettaessa jossain m\u00e4\u00e4rin.<\/p>\n<p>Hakemus<br \/>T\u00e4m\u00e4 tuote sopii yli 6-vuotiaille lapsille ja nuorille, jotka painavat enint\u00e4\u00e4n 60 kg. Sill\u00e4 voi ajaa my\u00f6s ulkopintoja, kuten asfalttia, tiilt\u00e4 ja sementti\u00e4, vasten.<\/p>\n<p>Tekniset tiedot<br \/>V\u00e4ri: Musta<br \/>Tyyli: Moderni<br \/>Materiaali: Rauta, PP<br \/>Prosessi: Muoviruiskutus, vedensiirtopainatus<br \/>Kokoonpano vaaditaan: Kyll\u00e4<br \/>Jarru: Levyjarru<br \/>Valonl\u00e4hde: LED<br \/>Vaaleat v\u00e4rit: Punainen, sininen, vihre\u00e4<br \/>Virtal\u00e4hde: Johdollinen s\u00e4hk\u00f6k\u00e4ytt\u00f6inen<br \/>Pistoketyyppi: EU-standardi<br \/>J\u00e4nnite: 24V<br \/>Teho: 150W<br \/>Akun kapasiteetti: 24V 3.0AH<br \/>Sovitinmalli: DCSP294100<br \/>Tulo: 100\u2013240 V AC 50\/60 Hz, maks. 2 A<br \/>L\u00e4ht\u00f6: DC29.4V 1A                     <br \/>Latausaika: 3\u20135 tuntia<br \/>Kest\u00e4vyysaika: Noin 1,2 tuntia<br \/>Suurin kuormituskapasiteetti: 65 kg \/ 143,3 paunaa<br \/>Sopiva ik\u00e4: &gt; 6 vuotta<br \/>Nopeus: Noin 8 km \/ 4,97 mailia\/h, 12 km \/ 7,46 mailia\/h<br \/>Renkaan halkaisija: 30,48 cm \/ 12 tuumaa<br \/>Kiipeilykulma: 15\u00b0<br \/>Kokonaispaino: 16 kg \/ 35,27 paunaa <br \/>Pakkauskoko: 95 * 50 * 20 cm \/ 37,4 * 19,69 * 7,87 tuumaa<br \/>Tuotteen koko: 106 * 59 * 66 cm \/ 41,7 * 23,22 * 26 tuumaa<\/p>\n<p>Paketti sis\u00e4ltyy hintaan<br \/>1 * S\u00e4hk\u00f6moottoripy\u00f6r\u00e4 lapsille<br \/>1* Monikielinen k\u00e4ytt\u00f6ohje<br \/>Kaikki asennustarvikkeet<\/p>\n<p>Muistiinpanoja<br \/>1. Lue k\u00e4ytt\u00f6ohje kokonaan ennen k\u00e4ytt\u00f6\u00e4. Kiinnit\u00e4 erityist\u00e4 huomiota mukana tuleviin turvallisuusohjeisiin.<br \/>2. Tarkista s\u00e4\u00e4nn\u00f6llisesti osien liitokset varmistaaksesi, ett\u00e4 tuote on koottu tukevasti. Jos liikkuvissa osissa tai rungossa on vaurioita, lopeta tuotteen k\u00e4ytt\u00f6 v\u00e4litt\u00f6m\u00e4sti.        <br \/>3. Lataa akku k\u00e4ytt\u00e4m\u00e4ll\u00e4 siihen tarkoitettua laturia. \u00c4l\u00e4 j\u00e4t\u00e4 akkua tulen l\u00e4helle, pura akkua tai k\u00e4yt\u00e4 tai lataa akkua korkeissa l\u00e4mp\u00f6tiloissa. Irrota virtajohto pistorasiasta, kun akku on ladattu t\u00e4yteen. <br \/>4. Salli kuvausvalon aiheuttama pieni v\u00e4riero ja manuaalisen mittauksen aiheuttama 1-3 cm:n virhe ja varmista, ett\u00e4 et v\u00e4lit\u00e4 ennen tilaamista.<\/p>\n<div><img decoding=\"async\" class=\"detail-desc-decorate-image\" src=\"https:\/\/ae01.alicdn.com\/kf\/S1d7394779b5b4835a653a8266080a1492.jpg\" slate-data-type=\"image\"\/><img decoding=\"async\" class=\"detail-desc-decorate-image\" src=\"https:\/\/ae01.alicdn.com\/kf\/S765003a218a84960bb9d46ce7819d964z.jpg\" slate-data-type=\"image\"\/><img decoding=\"async\" class=\"detail-desc-decorate-image\" src=\"https:\/\/ae01.alicdn.com\/kf\/Saa058fb500c74fb781e682dbca8ac52bz.jpg\" slate-data-type=\"image\"\/><img decoding=\"async\" class=\"detail-desc-decorate-image\" src=\"https:\/\/ae01.alicdn.com\/kf\/Sae54b16b03b0488aa3ff0bb79021ca7ay.jpg\" slate-data-type=\"image\"\/><img decoding=\"async\" class=\"detail-desc-decorate-image\" src=\"https:\/\/ae01.alicdn.com\/kf\/Se6e94bc4b13743a1a8e44e84226ea19bc.jpg\" slate-data-type=\"image\"\/><img decoding=\"async\" class=\"detail-desc-decorate-image\" src=\"https:\/\/ae01.alicdn.com\/kf\/S185ea606cfbf4bafb38d9fb1b3ec571dh.jpg\" slate-data-type=\"image\"\/><img decoding=\"async\" class=\"detail-desc-decorate-image\" src=\"https:\/\/ae01.alicdn.com\/kf\/S40704f7f902140f9b514d0d92c692ddf7.jpg\" slate-data-type=\"image\"\/><img decoding=\"async\" class=\"detail-desc-decorate-image\" src=\"https:\/\/ae01.alicdn.com\/kf\/Sad792fe136984d528e31e5b2a7de943am.jpg\" slate-data-type=\"image\"\/><img decoding=\"async\" class=\"detail-desc-decorate-image\" src=\"https:\/\/ae01.alicdn.com\/kf\/S516a33c0181b4487aa02fc9e7cbc639ci.jpg\" slate-data-type=\"image\"\/><img decoding=\"async\" class=\"detail-desc-decorate-image\" src=\"https:\/\/ae01.alicdn.com\/kf\/Sc14e2b75ce11463fae57618a63871aceb.jpg\" slate-data-type=\"image\"\/><\/div>\n<\/div>\n<p><\/p>","protected":false},"excerpt":{"rendered":"<p>Hign-concerned Chemical:&nbsp;None Origin:&nbsp;Mainland China Item Type:&nbsp;electric motorcycles DescriptionDo you want to give your children a childhood full of fun and exploration? Then this electric motorcycle for kids is the ideal<\/p>","protected":false},"featured_media":24754,"comment_status":"open","ping_status":"closed","template":"","meta":{"_acf_changed":false},"product_brand":[],"product_cat":[313],"product_tag":[],"class_list":{"0":"post-24753","1":"product","2":"type-product","3":"status-publish","4":"has-post-thumbnail","6":"product_cat-electric-children-motorbikes","8":"first","9":"instock","10":"shipping-taxable","11":"purchasable","12":"product-type-simple"},"acf":[],"_links":{"self":[{"href":"https:\/\/electricstore.eu\/fi\/wp-json\/wp\/v2\/product\/24753","targetHints":{"allow":["GET"]}}],"collection":[{"href":"https:\/\/electricstore.eu\/fi\/wp-json\/wp\/v2\/product"}],"about":[{"href":"https:\/\/electricstore.eu\/fi\/wp-json\/wp\/v2\/types\/product"}],"replies":[{"embeddable":true,"href":"https:\/\/electricstore.eu\/fi\/wp-json\/wp\/v2\/comments?post=24753"}],"wp:featuredmedia":[{"embeddable":true,"href":"https:\/\/electricstore.eu\/fi\/wp-json\/wp\/v2\/media\/24754"}],"wp:attachment":[{"href":"https:\/\/electricstore.eu\/fi\/wp-json\/wp\/v2\/media?parent=24753"}],"wp:term":[{"taxonomy":"product_brand","embeddable":true,"href":"https:\/\/electricstore.eu\/fi\/wp-json\/wp\/v2\/product_brand?post=24753"},{"taxonomy":"product_cat","embeddable":true,"href":"https:\/\/electricstore.eu\/fi\/wp-json\/wp\/v2\/product_cat?post=24753"},{"taxonomy":"product_tag","embeddable":true,"href":"https:\/\/electricstore.eu\/fi\/wp-json\/wp\/v2\/product_tag?post=24753"}],"curies":[{"name":"wp","href":"https:\/\/api.w.org\/{rel}","templated":true}]}}